{"id":26603,"date":"2024-01-10T23:20:55","date_gmt":"2024-01-11T07:20:55","guid":{"rendered":"https:\/\/www.rupertport.com\/?page_id=26603"},"modified":"2026-03-03T09:42:29","modified_gmt":"2026-03-03T17:42:29","slug":"lettres-patentes","status":"publish","type":"page","link":"https:\/\/www.rupertport.com\/fr\/lettres-patentes\/","title":{"rendered":"Lettres patentes"},"content":{"rendered":"\n<p>L\u2019Administration portuaire de Prince Rupert est une administration portuaire locale constitu\u00e9e en vertu de la&nbsp;<a href=\"https:\/\/laws-lois.justice.gc.ca\/fra\/lois\/c-6.7\/page-1.html\" target=\"_blank\" rel=\"noreferrer noopener\">Loi maritime du Canada<\/a>, et des lettres patentes d\u00e9livr\u00e9es au titre de cette loi, pour exploiter le port dans le havre de Prince Rupert.&nbsp;Vous trouverez les liens aux lettres patentes de l\u2019APPR et les lettres patentes suppl\u00e9mentaires en fran\u00e7ais et anglais, ci-dessous.<\/p>\n\n\n\n<ul class=\"wp-block-list\">\n<li><strong>APPR lettres patentes (anglais\/fran\u00e7ais):<\/strong> <a href=\"https:\/\/publications.gc.ca\/gazette\/archives\/p1\/1999\/1999-05-01\/pdf\/g1-13318.pdf\" target=\"_blank\" rel=\"noreferrer noopener\">https:\/\/publications.gc.ca\/gazette\/archives\/p1\/1999\/1999-05-01\/pdf\/g1-13318.pdf<\/a> &#8211; \u00e0 partir de la page 243<\/li>\n<\/ul>\n\n\n\n<ul class=\"wp-block-list\">\n<li><strong>APPR lettres patentes suppl\u00e9mentaires d\u00e9livr\u00e9es le 20 f\u00e9vrier, 2003<\/strong>&nbsp;<br>\u00c9dition:&nbsp; Canada Gazette Partie 1, Vol. 137, No. 10 \u2013 le 8 mars, 2003<br><a href=\"https:\/\/www.gazette.gc.ca\/rp-pr\/p1\/2003\/2003-03-08\/pdf\/g1-13710.pdf\" target=\"_blank\" rel=\"noreferrer noopener\">https:\/\/www.gazette.gc.ca\/rp-pr\/p1\/2003\/2003-03-08\/pdf\/g1-13710.pdf<\/a> &#8211; page 16 du pdf<\/li>\n<\/ul>\n\n\n\n<ul class=\"wp-block-list\">\n<li><strong>APPR lettres patentes suppl\u00e9mentaires d\u00e9livr\u00e9es<\/strong> le <strong>24 juillet, 2006<\/strong>&nbsp;<br>\u00c9dition:&nbsp; Canada Gazette Partie 1, Vol. 140, No. 32 \u2013 le 12 ao\u00fbt, 2006<br><a href=\"https:\/\/gazette.gc.ca\/rp-pr\/p1\/2006\/2006-08-12\/pdf\/g1-14032.pdf\" target=\"_blank\" rel=\"noreferrer noopener\">https:\/\/gazette.gc.ca\/rp-pr\/p1\/2006\/2006-08-12\/pdf\/g1-14032.pdf<\/a> \u00e0 partir de la page 10 du pdf<br><a href=\"https:\/\/gazette.gc.ca\/rp-pr\/p1\/2006\/2006-08-12\/pdf\/g1-14032.pdf\" target=\"_blank\" rel=\"noreferrer noopener\">https:\/\/gazette.gc.ca\/rp-pr\/p1\/2006\/2006-08-12\/pdf\/g1-14032.pdf<\/a> \u00e0 partir de la page 11 du pdf<\/li>\n<\/ul>\n\n\n\n<ul class=\"wp-block-list\">\n<li><strong>APPR lettres patentes suppl\u00e9mentaires d\u00e9livr\u00e9es<\/strong> le <strong>1er juin, 2012<\/strong><br>\u00c9dition:&nbsp; Canada Gazette Partie 1, Vol. 146, No. 24 \u2013 le 16 juin, 2012<br><a href=\"https:\/\/www.gazette.gc.ca\/rp-pr\/p1\/2012\/2012-06-16\/pdf\/g1-14624.pdf\" target=\"_blank\" rel=\"noreferrer noopener\">https:\/\/www.gazette.gc.ca\/rp-pr\/p1\/2012\/2012-06-16\/pdf\/g1-14624.pdf<\/a> &#8211; \u00e0 partir de la page 40 du pdf<\/li>\n<\/ul>\n\n\n\n<ul class=\"wp-block-list\">\n<li><strong>APPR lettres patentes suppl\u00e9mentaires d\u00e9livr\u00e9es<\/strong> <strong>le 13 d\u00e9cembre, 2012<\/strong><br>\u00c9dition:&nbsp; Canada Gazette Partie 1, Vol. 147. No. 1 \u2013 le 5 janvier, 2013<br><a href=\"https:\/\/www.gazette.gc.ca\/rp-pr\/p1\/2013\/2013-01-05\/pdf\/g1-14701.pdf\" target=\"_blank\" rel=\"noreferrer noopener\">https:\/\/www.gazette.gc.ca\/rp-pr\/p1\/2013\/2013-01-05\/pdf\/g1-14701.pdf<\/a> \u00e0 partir de la page 16 du pdf<\/li>\n<\/ul>\n\n\n\n<ul class=\"wp-block-list\">\n<li><strong>APPR lettres patentes suppl\u00e9mentaires d\u00e9livr\u00e9es le 25 f\u00e9vrier, 2013<\/strong><br>\u00c9dition:&nbsp; Canada Gazette Partie 1, Vol. 147, No. 10 \u2013 le 9 mars, 2013<br><a href=\"https:\/\/www.gazette.gc.ca\/rp-pr\/p1\/2013\/2013-03-09\/pdf\/g1-14710.pdf\" target=\"_blank\" rel=\"noreferrer noopener\">https:\/\/www.gazette.gc.ca\/rp-pr\/p1\/2013\/2013-03-09\/pdf\/g1-14710.pdf<\/a><strong>&#8211; <\/strong>\u00e0 partir de la page 6 du pdf<\/li>\n<\/ul>\n\n\n\n<ul class=\"wp-block-list\">\n<li><strong><strong>APPR lettres patentes suppl\u00e9mentaires d\u00e9livr\u00e9es le<\/strong> 7 mai, 2013<\/strong><br>\u00c9dition:&nbsp; Canada Gazette Partie 1, Vol. 147. No. 21 \u2013 le 25 mai, 2013<br><a href=\"https:\/\/www.gazette.gc.ca\/rp-pr\/p1\/2013\/2013-05-25\/pdf\/g1-14721.pdf\" target=\"_blank\" rel=\"noreferrer noopener\">https:\/\/www.gazette.gc.ca\/rp-pr\/p1\/2013\/2013-05-25\/pdf\/g1-14721.pdf<\/a><strong>&#8211; <\/strong>\u00e0 partir de la page 26 du pdf<\/li>\n<\/ul>\n\n\n\n<ul class=\"wp-block-list\">\n<li><strong><strong>APPR lettres patentes suppl\u00e9mentaires d\u00e9livr\u00e9es le<\/strong><\/strong> <strong>25 janvier, 2016<\/strong><br>\u00c9dition:&nbsp; Canada Gazette Partie 1, Vol. 150, No. 6 \u2013 le 6 f\u00e9vrier, 2016<br><a href=\"https:\/\/www.gazette.gc.ca\/rp-pr\/p1\/2016\/2016-02-06\/pdf\/g1-15006.pdf\" target=\"_blank\" rel=\"noreferrer noopener\">https:\/\/www.gazette.gc.ca\/rp-pr\/p1\/2016\/2016-02-06\/pdf\/g1-15006.pdf<\/a> <strong>&#8211; <\/strong>\u00e0 partir de la page 55 du pdf<\/li>\n<\/ul>\n\n\n\n<ul class=\"wp-block-list\">\n<li><strong><strong>APPR lettres patentes suppl\u00e9mentaires d\u00e9livr\u00e9es le<\/strong><\/strong> <strong>19 avril , 2016<\/strong><br>\u00c9dition:&nbsp; Canada Gazette Partie 1, Vol. 150, No. 21 \u2013 le 21 mai, 2016<br><a href=\"https:\/\/www.gazette.gc.ca\/rp-pr\/p1\/2016\/2016-05-21\/pdf\/g1-15021.pdf\" target=\"_blank\" rel=\"noreferrer noopener\">https:\/\/www.gazette.gc.ca\/rp-pr\/p1\/2016\/2016-05-21\/pdf\/g1-15021.pdf<\/a> &#8211; \u00e0 partir de la page 22 du pdf<\/li>\n<\/ul>\n\n\n\n<ul class=\"wp-block-list\">\n<li><strong><strong><strong>APPR lettres patentes suppl\u00e9mentaires d\u00e9livr\u00e9es le<\/strong><\/strong> 19 avril, 2018<\/strong><br>\u00c9dition:\u00a0 Canada Gazette Partie 1, Vol. 152, No. 18 \u2013 le 5 mai, 2018<br><a href=\"https:\/\/canadagazette.gc.ca\/rp-pr\/p1\/2018\/2018-05-05\/pdf\/g1-15218.pdf\" target=\"_blank\" rel=\"noreferrer noopener\">https:\/\/canadagazette.gc.ca\/rp-pr\/p1\/2018\/2018-05-05\/pdf\/g1-15218.pdf<\/a> &#8211; \u00e0 partir de la page 8 du pdf<\/li>\n<\/ul>\n\n\n\n<ul class=\"wp-block-list\">\n<li><strong><strong><strong>APPR lettres patentes suppl\u00e9mentaires d\u00e9livr\u00e9es le<\/strong><\/strong> 29 novembre, 2018<\/strong><br>\u00c9dition:\u00a0 Canada Gazette Partie 1, Vol. 152, No. 50 \u2013 le 15 d\u00e9cembre, 2018<br><a href=\"https:\/\/canadagazette.gc.ca\/rp-pr\/p1\/2018\/2018-12-15\/pdf\/g1-15250.pdf\" target=\"_blank\" rel=\"noreferrer noopener\">https:\/\/canadagazette.gc.ca\/rp-pr\/p1\/2018\/2018-12-15\/pdf\/g1-15250.pdf<\/a> &#8211; \u00e0 partir de la page 50 du du pdf<\/li>\n<\/ul>\n\n\n\n<ul class=\"wp-block-list\">\n<li><strong><strong><strong>APPR lettres patentes suppl\u00e9mentaires d\u00e9livr\u00e9es le<\/strong><\/strong> 30 janvier, 2020<\/strong><br>\u00c9dition:\u00a0 Canada Gazette Partie 1, Vol. 154, No. 7 \u2013 le 15 f\u00e9vrier, 2020<br><a href=\"https:\/\/www.gazette.gc.ca\/rp-pr\/p1\/2020\/2020-02-15\/pdf\/g1-15407.pdf\" target=\"_blank\" rel=\"noreferrer noopener\">https:\/\/www.gazette.gc.ca\/rp-pr\/p1\/2020\/2020-02-15\/pdf\/g1-15407.pdf<\/a> &#8211; \u00e0 partir de la page 10 du pdf<\/li>\n<\/ul>\n\n\n\n<ul class=\"wp-block-list\">\n<li><strong><strong><strong>APPR lettres patentes suppl\u00e9mentaires d\u00e9livr\u00e9es le<\/strong><\/strong><\/strong> <strong>14 avril, 2023<\/strong><br>\u00c9dition:\u00a0 Canada Gazette Partie 1, Vol. 157, No. 17 \u2013 le 29 avril, 2023<br><a href=\"https:\/\/www.gazette.gc.ca\/rp-pr\/p1\/2023\/2023-04-29\/pdf\/g1-15717.pdf\" target=\"_blank\" rel=\"noreferrer noopener\">https:\/\/www.gazette.gc.ca\/rp-pr\/p1\/2023\/2023-04-29\/pdf\/g1-15717.pdf<\/a> &#8211; \u00e0 partir de la page 8 du pdf<\/li>\n<\/ul>\n\n\n\n<ul class=\"wp-block-list\">\n<li><strong>APPR lettres patentes suppl\u00e9mentaires d\u00e9livr\u00e9es le 5 mars, 2025<\/strong><br>\u00c9dition: Canada Gazette, Partie 1, Vol. 159, No. 11 \u2013 le 15 mars, 2025<br><a href=\"https:\/\/gazette.gc.ca\/rp-pr\/p1\/2025\/2025-03-15\/pdf\/g1-15911.pdf\" target=\"_blank\" rel=\"noreferrer noopener\">https:\/\/gazette.gc.ca\/rp-pr\/p1\/2025\/2025-03-15\/pdf\/g1-15911.pdf<\/a> &#8211; \u00e0 partir de la page 12 du pdf<\/li>\n<\/ul>\n\n\n\n<ul class=\"wp-block-list\">\n<li><strong>APPR lettres patentes suppl\u00e9mentaires d\u00e9livr\u00e9es le 2 f\u00e9vrier, 2026<\/strong><br>dition: Canada Gazette, Partie 1, Vol. 160, No. 7 \u2013 le 2 f\u00e9vrier, 2026<br><a href=\"https:\/\/gazette.gc.ca\/rp-pr\/p1\/2026\/2026-02-14\/pdf\/g1-16007.pdf\" target=\"_blank\" rel=\"noreferrer noopener\">https:\/\/gazette.gc.ca\/rp-pr\/p1\/2026\/2026-02-14\/pdf\/g1-16007.pdf<\/a> &#8211; \u00e0 partir de la page 18 du pdf<\/li>\n<\/ul>\n","protected":false},"excerpt":{"rendered":"<p>L\u2019Administration portuaire de Prince Rupert est une administration portuaire locale constitu\u00e9e en vertu de la&nbsp;Loi maritime du Canada, et des lettres patentes d\u00e9livr\u00e9es au titre de cette loi, pour exploiter le port dans le havre de Prince Rupert.&nbsp;Vous trouverez les liens aux lettres patentes de l\u2019APPR et les lettres patentes suppl\u00e9mentaires en fran\u00e7ais et anglais, [&hellip;]<\/p>\n","protected":false},"author":26,"featured_media":11866,"parent":0,"menu_order":0,"comment_status":"closed","ping_status":"closed","template":"","meta":{"_acf_changed":false,"footnotes":""},"class_list":["post-26603","page","type-page","status-publish","has-post-thumbnail","hentry"],"acf":[],"yoast_head":"<!-- This site is optimized with the Yoast SEO plugin v26.8 - https:\/\/yoast.com\/product\/yoast-seo-wordpress\/ -->\n<title>Lettres patentes | Autorit\u00e9 portuaire de Prince Rupert<\/title>\n<meta name=\"robots\" content=\"index, follow, max-snippet:-1, max-image-preview:large, max-video-preview:-1\" \/>\n<link rel=\"canonical\" href=\"https:\/\/www.rupertport.com\/fr\/lettres-patentes\/\" \/>\n<meta property=\"og:locale\" content=\"fr_FR\" \/>\n<meta property=\"og:type\" content=\"article\" \/>\n<meta property=\"og:title\" content=\"Lettres patentes | Autorit\u00e9 portuaire de Prince Rupert\" \/>\n<meta property=\"og:description\" content=\"L\u2019Administration portuaire de Prince Rupert est une administration portuaire locale constitu\u00e9e en vertu de la&nbsp;Loi maritime du Canada, et des lettres patentes d\u00e9livr\u00e9es au titre de cette loi, pour exploiter le port dans le havre de Prince Rupert.&nbsp;Vous trouverez les liens aux lettres patentes de l\u2019APPR et les lettres patentes suppl\u00e9mentaires en fran\u00e7ais et anglais, [&hellip;]\" \/>\n<meta property=\"og:url\" content=\"https:\/\/www.rupertport.com\/fr\/lettres-patentes\/\" \/>\n<meta property=\"og:site_name\" content=\"Autorit\u00e9 portuaire de Prince Rupert\" \/>\n<meta property=\"article:publisher\" content=\"https:\/\/www.facebook.com\/rupertport\/\" \/>\n<meta property=\"article:modified_time\" content=\"2026-03-03T17:42:29+00:00\" \/>\n<meta property=\"og:image\" content=\"https:\/\/www.rupertport.com\/wp-content\/uploads\/2021\/06\/POPR-Aerials-Collection-64-scaled.jpg\" \/>\n\t<meta property=\"og:image:width\" content=\"2560\" \/>\n\t<meta property=\"og:image:height\" content=\"1015\" \/>\n\t<meta property=\"og:image:type\" content=\"image\/jpeg\" \/>\n<meta name=\"twitter:card\" content=\"summary_large_image\" \/>\n<meta name=\"twitter:site\" content=\"@rupertport\" \/>\n<script type=\"application\/ld+json\" class=\"yoast-schema-graph\">{\"@context\":\"https:\/\/schema.org\",\"@graph\":[{\"@type\":\"WebPage\",\"@id\":\"https:\/\/www.rupertport.com\/fr\/lettres-patentes\/\",\"url\":\"https:\/\/www.rupertport.com\/fr\/lettres-patentes\/\",\"name\":\"Lettres patentes | Autorit\u00e9 portuaire de Prince Rupert\",\"isPartOf\":{\"@id\":\"https:\/\/www.rupertport.com\/fr\/#website\"},\"primaryImageOfPage\":{\"@id\":\"https:\/\/www.rupertport.com\/fr\/lettres-patentes\/#primaryimage\"},\"image\":{\"@id\":\"https:\/\/www.rupertport.com\/fr\/lettres-patentes\/#primaryimage\"},\"thumbnailUrl\":\"https:\/\/www.rupertport.com\/wp-content\/uploads\/2021\/06\/POPR-Aerials-Collection-64-scaled.jpg\",\"datePublished\":\"2024-01-11T07:20:55+00:00\",\"dateModified\":\"2026-03-03T17:42:29+00:00\",\"breadcrumb\":{\"@id\":\"https:\/\/www.rupertport.com\/fr\/lettres-patentes\/#breadcrumb\"},\"inLanguage\":\"fr-FR\",\"potentialAction\":[{\"@type\":\"ReadAction\",\"target\":[\"https:\/\/www.rupertport.com\/fr\/lettres-patentes\/\"]}]},{\"@type\":\"ImageObject\",\"inLanguage\":\"fr-FR\",\"@id\":\"https:\/\/www.rupertport.com\/fr\/lettres-patentes\/#primaryimage\",\"url\":\"https:\/\/www.rupertport.com\/wp-content\/uploads\/2021\/06\/POPR-Aerials-Collection-64-scaled.jpg\",\"contentUrl\":\"https:\/\/www.rupertport.com\/wp-content\/uploads\/2021\/06\/POPR-Aerials-Collection-64-scaled.jpg\",\"width\":2560,\"height\":1015},{\"@type\":\"BreadcrumbList\",\"@id\":\"https:\/\/www.rupertport.com\/fr\/lettres-patentes\/#breadcrumb\",\"itemListElement\":[{\"@type\":\"ListItem\",\"position\":1,\"name\":\"Home\",\"item\":\"https:\/\/www.rupertport.com\/fr\/page-de-garde\/\"},{\"@type\":\"ListItem\",\"position\":2,\"name\":\"Lettres patentes\"}]},{\"@type\":\"WebSite\",\"@id\":\"https:\/\/www.rupertport.com\/fr\/#website\",\"url\":\"https:\/\/www.rupertport.com\/fr\/\",\"name\":\"Prince Rupert Port Authority\",\"description\":\"L'avant-garde du Canada\",\"publisher\":{\"@id\":\"https:\/\/www.rupertport.com\/fr\/#organization\"},\"alternateName\":\"PRPA\",\"potentialAction\":[{\"@type\":\"SearchAction\",\"target\":{\"@type\":\"EntryPoint\",\"urlTemplate\":\"https:\/\/www.rupertport.com\/fr\/?s={search_term_string}\"},\"query-input\":{\"@type\":\"PropertyValueSpecification\",\"valueRequired\":true,\"valueName\":\"search_term_string\"}}],\"inLanguage\":\"fr-FR\"},{\"@type\":\"Organization\",\"@id\":\"https:\/\/www.rupertport.com\/fr\/#organization\",\"name\":\"Prince Rupert Port Authority\",\"alternateName\":\"PRPA\",\"url\":\"https:\/\/www.rupertport.com\/fr\/\",\"logo\":{\"@type\":\"ImageObject\",\"inLanguage\":\"fr-FR\",\"@id\":\"https:\/\/www.rupertport.com\/fr\/#\/schema\/logo\/image\/\",\"url\":\"https:\/\/www.rupertport.com\/wp-content\/uploads\/2021\/04\/cropped-PRPA-logo-meta-1200x1200-1.jpg\",\"contentUrl\":\"https:\/\/www.rupertport.com\/wp-content\/uploads\/2021\/04\/cropped-PRPA-logo-meta-1200x1200-1.jpg\",\"width\":512,\"height\":512,\"caption\":\"Prince Rupert Port Authority\"},\"image\":{\"@id\":\"https:\/\/www.rupertport.com\/fr\/#\/schema\/logo\/image\/\"},\"sameAs\":[\"https:\/\/www.facebook.com\/rupertport\/\",\"https:\/\/x.com\/rupertport\"]}]}<\/script>\n<!-- \/ Yoast SEO plugin. -->","yoast_head_json":{"title":"Lettres patentes | Autorit\u00e9 portuaire de Prince Rupert","robots":{"index":"index","follow":"follow","max-snippet":"max-snippet:-1","max-image-preview":"max-image-preview:large","max-video-preview":"max-video-preview:-1"},"canonical":"https:\/\/www.rupertport.com\/fr\/lettres-patentes\/","og_locale":"fr_FR","og_type":"article","og_title":"Lettres patentes | Autorit\u00e9 portuaire de Prince Rupert","og_description":"L\u2019Administration portuaire de Prince Rupert est une administration portuaire locale constitu\u00e9e en vertu de la&nbsp;Loi maritime du Canada, et des lettres patentes d\u00e9livr\u00e9es au titre de cette loi, pour exploiter le port dans le havre de Prince Rupert.&nbsp;Vous trouverez les liens aux lettres patentes de l\u2019APPR et les lettres patentes suppl\u00e9mentaires en fran\u00e7ais et anglais, [&hellip;]","og_url":"https:\/\/www.rupertport.com\/fr\/lettres-patentes\/","og_site_name":"Autorit\u00e9 portuaire de Prince Rupert","article_publisher":"https:\/\/www.facebook.com\/rupertport\/","article_modified_time":"2026-03-03T17:42:29+00:00","og_image":[{"width":2560,"height":1015,"url":"https:\/\/www.rupertport.com\/wp-content\/uploads\/2021\/06\/POPR-Aerials-Collection-64-scaled.jpg","type":"image\/jpeg"}],"twitter_card":"summary_large_image","twitter_site":"@rupertport","schema":{"@context":"https:\/\/schema.org","@graph":[{"@type":"WebPage","@id":"https:\/\/www.rupertport.com\/fr\/lettres-patentes\/","url":"https:\/\/www.rupertport.com\/fr\/lettres-patentes\/","name":"Lettres patentes | Autorit\u00e9 portuaire de Prince Rupert","isPartOf":{"@id":"https:\/\/www.rupertport.com\/fr\/#website"},"primaryImageOfPage":{"@id":"https:\/\/www.rupertport.com\/fr\/lettres-patentes\/#primaryimage"},"image":{"@id":"https:\/\/www.rupertport.com\/fr\/lettres-patentes\/#primaryimage"},"thumbnailUrl":"https:\/\/www.rupertport.com\/wp-content\/uploads\/2021\/06\/POPR-Aerials-Collection-64-scaled.jpg","datePublished":"2024-01-11T07:20:55+00:00","dateModified":"2026-03-03T17:42:29+00:00","breadcrumb":{"@id":"https:\/\/www.rupertport.com\/fr\/lettres-patentes\/#breadcrumb"},"inLanguage":"fr-FR","potentialAction":[{"@type":"ReadAction","target":["https:\/\/www.rupertport.com\/fr\/lettres-patentes\/"]}]},{"@type":"ImageObject","inLanguage":"fr-FR","@id":"https:\/\/www.rupertport.com\/fr\/lettres-patentes\/#primaryimage","url":"https:\/\/www.rupertport.com\/wp-content\/uploads\/2021\/06\/POPR-Aerials-Collection-64-scaled.jpg","contentUrl":"https:\/\/www.rupertport.com\/wp-content\/uploads\/2021\/06\/POPR-Aerials-Collection-64-scaled.jpg","width":2560,"height":1015},{"@type":"BreadcrumbList","@id":"https:\/\/www.rupertport.com\/fr\/lettres-patentes\/#breadcrumb","itemListElement":[{"@type":"ListItem","position":1,"name":"Home","item":"https:\/\/www.rupertport.com\/fr\/page-de-garde\/"},{"@type":"ListItem","position":2,"name":"Lettres patentes"}]},{"@type":"WebSite","@id":"https:\/\/www.rupertport.com\/fr\/#website","url":"https:\/\/www.rupertport.com\/fr\/","name":"Prince Rupert Port Authority","description":"L'avant-garde du Canada","publisher":{"@id":"https:\/\/www.rupertport.com\/fr\/#organization"},"alternateName":"PRPA","potentialAction":[{"@type":"SearchAction","target":{"@type":"EntryPoint","urlTemplate":"https:\/\/www.rupertport.com\/fr\/?s={search_term_string}"},"query-input":{"@type":"PropertyValueSpecification","valueRequired":true,"valueName":"search_term_string"}}],"inLanguage":"fr-FR"},{"@type":"Organization","@id":"https:\/\/www.rupertport.com\/fr\/#organization","name":"Prince Rupert Port Authority","alternateName":"PRPA","url":"https:\/\/www.rupertport.com\/fr\/","logo":{"@type":"ImageObject","inLanguage":"fr-FR","@id":"https:\/\/www.rupertport.com\/fr\/#\/schema\/logo\/image\/","url":"https:\/\/www.rupertport.com\/wp-content\/uploads\/2021\/04\/cropped-PRPA-logo-meta-1200x1200-1.jpg","contentUrl":"https:\/\/www.rupertport.com\/wp-content\/uploads\/2021\/04\/cropped-PRPA-logo-meta-1200x1200-1.jpg","width":512,"height":512,"caption":"Prince Rupert Port Authority"},"image":{"@id":"https:\/\/www.rupertport.com\/fr\/#\/schema\/logo\/image\/"},"sameAs":["https:\/\/www.facebook.com\/rupertport\/","https:\/\/x.com\/rupertport"]}]}},"_links":{"self":[{"href":"https:\/\/www.rupertport.com\/fr\/wp-json\/wp\/v2\/pages\/26603","targetHints":{"allow":["GET"]}}],"collection":[{"href":"https:\/\/www.rupertport.com\/fr\/wp-json\/wp\/v2\/pages"}],"about":[{"href":"https:\/\/www.rupertport.com\/fr\/wp-json\/wp\/v2\/types\/page"}],"author":[{"embeddable":true,"href":"https:\/\/www.rupertport.com\/fr\/wp-json\/wp\/v2\/users\/26"}],"replies":[{"embeddable":true,"href":"https:\/\/www.rupertport.com\/fr\/wp-json\/wp\/v2\/comments?post=26603"}],"version-history":[{"count":2,"href":"https:\/\/www.rupertport.com\/fr\/wp-json\/wp\/v2\/pages\/26603\/revisions"}],"predecessor-version":[{"id":26606,"href":"https:\/\/www.rupertport.com\/fr\/wp-json\/wp\/v2\/pages\/26603\/revisions\/26606"}],"wp:featuredmedia":[{"embeddable":true,"href":"https:\/\/www.rupertport.com\/fr\/wp-json\/wp\/v2\/media\/11866"}],"wp:attachment":[{"href":"https:\/\/www.rupertport.com\/fr\/wp-json\/wp\/v2\/media?parent=26603"}],"curies":[{"name":"wp","href":"https:\/\/api.w.org\/{rel}","templated":true}]}}