{"id":21583,"date":"2024-11-05T13:45:47","date_gmt":"2024-11-05T21:45:47","guid":{"rendered":"https:\/\/www.rupertport.com\/mise-a-jour-operationnelle-du-port-de-prince-rupert-a-compter-le-5-novembre-2024\/"},"modified":"2024-11-05T14:43:44","modified_gmt":"2024-11-05T22:43:44","slug":"mise-a-jour-operationnelle-du-port-de-prince-rupert-a-compter-le-5-novembre-2024","status":"publish","type":"page","link":"https:\/\/www.rupertport.com\/fr\/mise-a-jour-operationnelle-du-port-de-prince-rupert-a-compter-le-5-novembre-2024\/","title":{"rendered":"Mise \u00e0 jour Op\u00e9rationnelle du Port de Prince Rupert &#8211; \u00e0 compter le 5 Novembre 2024"},"content":{"rendered":"<p>Le port de Prince Rupert est en train de subir des interruptions \u00e0 la suite d&rsquo;un pr\u00e9avis de 72 heures pr\u00e9voit une gr\u00e8ve g\u00e9n\u00e9rale par le Syndicat de Longshore et warehouse union ship &amp; dock foremen Local 514 (ILWU Local 514), et l&rsquo;avis de lockout qui s&rsquo;ensuit par le biais de Maritime Employers Association de la Colombie-Britannique (BCMEA). <\/p>\n<p>L&rsquo;Administration portuaire de Prince Rupert encourage le BCMEA et le ILWU 514 de rapidement parvenir \u00e0 un accord. Le commerce de c\u00f4te ouest du Canada, et les entreprises et les possibilit\u00e9s d&#8217;emplois qui l&rsquo;accompagnent, d\u00e9pendent en tant qu&rsquo;une r\u00e9solution rapide qui entretient l&rsquo;accroissement de marchandise \u00e0 travers ses ports. Le port de Prince Rupert a d\u00e9velopp\u00e9 une notori\u00e9t\u00e9 mondiale en tant qu&rsquo;un port fiable d&rsquo;Am\u00e9rique du Nord et une porte d&rsquo;entr\u00e9e strat\u00e9gique pour le commerce. D&rsquo;entretenir la confiance de nos chargeurs est essentielle \u00e0 notre avantage comp\u00e9titif. <\/p>\n<p>Deux de sept terminaux au port de Prince Rupert seront directement touch\u00e9 \u2013 Fairview Container Terminal, exploit\u00e9 par D.P. World, et Westview Wood Pellet Terminal, exploit\u00e9 par Drax. Tous les autres terminaux sont attendus \u00e0 poursuivre des activit\u00e9s normales. Les mouillages restent fluides. L\u2019APPR continuera \u00e0 surveiller et \u00e0 comprendre l\u2019impact complet des perturbations et fournira des mises \u00e0 jour tant qu\u2019ils sont disponibles. <\/p>\n\n<hr class=\"wp-block-separator has-alpha-channel-opacity\"\/>\n\n<h3 class=\"wp-block-heading\">ABONNEZ-VOUS \u00c0 NOS INFOLETTRES ET \u00c0 NOS LISTES DE DIFFUSION POUR RESTER EN CONTACT<\/h3>\n\n<p>Choisissez une ou plusieurs options ci-dessous et inscrivez-vous ici pour recevoir des mises \u00e0 jour par courriel.<\/p>\n\n          \n\n          <!-- Begin Mailchimp Signup Form -->\n          \n\n          <link href=\"\/\/cdn-images.mailchimp.com\/embedcode\/classic-10_7.css\" rel=\"stylesheet\" type=\"text\/css\"\/>\n          \n\n          <style type=\"text\/css\">\n\t#mc_embed_signup{background:#fff; clear:left; font:14px Helvetica,Arial,sans-serif; }\n\t\/* Add your own Mailchimp form style overrides in your site stylesheet or in this style block.\n\t   We recommend moving this block and the preceding CSS link to the HEAD of your HTML file. *\/\n<\/style>\n          \n\n          <div id=\"mc_embed_signup\">\n            \n\n            <form action=\"https:\/\/rupertport.us17.list-manage.com\/subscribe\/post?u=2a6fbf7665fa633b92a3073b8&#038;id=00e96c90b6\" method=\"post\" id=\"mc-embedded-subscribe-form\" name=\"mc-embedded-subscribe-form\" class=\"validate\" target=\"_blank\" novalidate=\"\">\n    <div id=\"mc_embed_signup_scroll\">\n\t<h2>S&rsquo;abonner<\/h2>\n<div class=\"indicates-required\"><span class=\"asterisk\">*<\/span> Champ obligatoire<\/div>\n<div class=\"mc-field-group\">\n\t<label for=\"mce-EMAIL\">Courriel <span class=\"asterisk\">*<\/span>\n<\/label>\n\t<input type=\"email\" value=\"\" name=\"EMAIL\" class=\"required email\" id=\"mce-EMAIL\"\/>\n<\/div>\n<div class=\"mc-field-group\">\n\t<label for=\"mce-FNAME\">Pr\u00e9nom <\/label>\n\t<input type=\"text\" value=\"\" name=\"FNAME\" class=\"\" id=\"mce-FNAME\"\/>\n<\/div>\n<div class=\"mc-field-group\">\n\t<label for=\"mce-LNAME\">Nom de famille <\/label>\n\t<input type=\"text\" value=\"\" name=\"LNAME\" class=\"\" id=\"mce-LNAME\"\/>\n<\/div>\n<div class=\"mc-field-group input-group\">\n    <strong>S\u00e9lectionner les infolettre <\/strong>\n<\/div>\n    <ul><li><input type=\"checkbox\" value=\"1\" name=\"group[8836][1]\" id=\"mce-group[8836]-8836-0\"\/><label for=\"mce-group[8836]-8836-0\"> Infolettre sur le d\u00e9veloppement du commerce<\/label><\/li>\n<li><input type=\"checkbox\" value=\"2\" name=\"group[8836][2]\" id=\"mce-group[8836]-8836-1\"\/><label for=\"mce-group[8836]-8836-1\"> Infolettre sur les relations communautaires<\/label><\/li>\n<li><input type=\"checkbox\" value=\"4\" name=\"group[8836][4]\" id=\"mce-group[8836]-8836-2\"\/><label for=\"mce-group[8836]-8836-2\"> Alertes d&rsquo;actualit\u00e9<\/label><\/li>\n<li><input type=\"checkbox\" value=\"8\" name=\"group[8836][8]\" id=\"mce-group[8836]-8836-3\"\/><label for=\"mce-group[8836]-8836-3\"> Webinaires et \u00e9v\u00e9nements marketing<\/label><\/li>\n\n<\/ul>\n<\/div>\n\t<div id=\"mce-responses\" class=\"clear\">\n\t\t<div class=\"response\" id=\"mce-error-response\" style=\"display:none\"><\/div>\n\t\t<div class=\"response\" id=\"mce-success-response\" style=\"display:none\"><\/div>\n\t<\/div>    <!-- real people should not fill this in and expect good things - do not remove this or risk form bot signups-->\n    <div style=\"position: absolute; left: -5000px;\" aria-hidden=\"true\"><input type=\"text\" name=\"b_2a6fbf7665fa633b92a3073b8_00e96c90b6\" tabindex=\"-1\" value=\"\"\/><\/div>\n    <div class=\"clear\"><input type=\"submit\" value=\"S'abonner\" name=\"subscribe\" id=\"mc-embedded-subscribe\" class=\"button\"\/><\/div>\n    <\/form>\n          <\/div>\n          \n\n          \n\n          \n\n          <script type=\"text\/javascript\" src=\"\/\/s3.amazonaws.com\/downloads.mailchimp.com\/js\/mc-validate.js\"><\/script>\n          <script type=\"text\/javascript\">(function($) {window.fnames = new Array(); window.ftypes = new Array();fnames[0]='EMAIL';ftypes[0]='email';fnames[1]='FNAME';ftypes[1]='text';fnames[2]='LNAME';ftypes[2]='text';fnames[3]='ADDRESS';ftypes[3]='address';fnames[4]='PHONE';ftypes[4]='phone'; }(jQuery));var $mcj = jQuery.noConflict(true);<\/script>\n          \n\n          <!--End mc_embed_signup-->\n          \n\n        \n","protected":false},"excerpt":{"rendered":"<p>Le port de Prince Rupert est en train de subir des interruptions \u00e0 la suite d&rsquo;un pr\u00e9avis de 72 heures pr\u00e9voit une gr\u00e8ve g\u00e9n\u00e9rale par le Syndicat de Longshore et warehouse union ship &amp; dock foremen Local 514 (ILWU Local 514), et l&rsquo;avis de lockout qui s&rsquo;ensuit par le biais de Maritime Employers Association de [&hellip;]<\/p>\n","protected":false},"author":26,"featured_media":18437,"parent":0,"menu_order":0,"comment_status":"closed","ping_status":"closed","template":"","meta":{"_acf_changed":false,"footnotes":""},"class_list":["post-21583","page","type-page","status-publish","has-post-thumbnail","hentry"],"acf":[],"yoast_head":"<!-- This site is optimized with the Yoast SEO plugin v26.8 - https:\/\/yoast.com\/product\/yoast-seo-wordpress\/ -->\n<title>Mise \u00e0 jour Op\u00e9rationnelle du Port de Prince Rupert - \u00e0 compter le 5 Novembre 2024 | Autorit\u00e9 portuaire de Prince Rupert<\/title>\n<meta name=\"robots\" content=\"index, follow, max-snippet:-1, max-image-preview:large, max-video-preview:-1\" \/>\n<link rel=\"canonical\" href=\"https:\/\/www.rupertport.com\/fr\/mise-a-jour-operationnelle-du-port-de-prince-rupert-a-compter-le-5-novembre-2024\/\" \/>\n<meta property=\"og:locale\" content=\"fr_FR\" \/>\n<meta property=\"og:type\" content=\"article\" \/>\n<meta property=\"og:title\" content=\"Mise \u00e0 jour Op\u00e9rationnelle du Port de Prince Rupert - \u00e0 compter le 5 Novembre 2024 | Autorit\u00e9 portuaire de Prince Rupert\" \/>\n<meta property=\"og:description\" content=\"Le port de Prince Rupert est en train de subir des interruptions \u00e0 la suite d&rsquo;un pr\u00e9avis de 72 heures pr\u00e9voit une gr\u00e8ve g\u00e9n\u00e9rale par le Syndicat de Longshore et warehouse union ship &amp; dock foremen Local 514 (ILWU Local 514), et l&rsquo;avis de lockout qui s&rsquo;ensuit par le biais de Maritime Employers Association de [&hellip;]\" \/>\n<meta property=\"og:url\" content=\"https:\/\/www.rupertport.com\/fr\/mise-a-jour-operationnelle-du-port-de-prince-rupert-a-compter-le-5-novembre-2024\/\" \/>\n<meta property=\"og:site_name\" content=\"Autorit\u00e9 portuaire de Prince Rupert\" \/>\n<meta property=\"article:publisher\" content=\"https:\/\/www.facebook.com\/rupertport\/\" \/>\n<meta property=\"article:modified_time\" content=\"2024-11-05T22:43:44+00:00\" \/>\n<meta property=\"og:image\" content=\"https:\/\/www.rupertport.com\/wp-content\/uploads\/2024\/02\/IMG_0160-post-ppt.jpg\" \/>\n\t<meta property=\"og:image:width\" content=\"1920\" \/>\n\t<meta property=\"og:image:height\" content=\"1080\" \/>\n\t<meta property=\"og:image:type\" content=\"image\/jpeg\" \/>\n<meta name=\"twitter:card\" content=\"summary_large_image\" \/>\n<meta name=\"twitter:site\" content=\"@rupertport\" \/>\n<script type=\"application\/ld+json\" class=\"yoast-schema-graph\">{\"@context\":\"https:\/\/schema.org\",\"@graph\":[{\"@type\":\"WebPage\",\"@id\":\"https:\/\/www.rupertport.com\/fr\/mise-a-jour-operationnelle-du-port-de-prince-rupert-a-compter-le-5-novembre-2024\/\",\"url\":\"https:\/\/www.rupertport.com\/fr\/mise-a-jour-operationnelle-du-port-de-prince-rupert-a-compter-le-5-novembre-2024\/\",\"name\":\"Mise \u00e0 jour Op\u00e9rationnelle du Port de Prince Rupert - \u00e0 compter le 5 Novembre 2024 | Autorit\u00e9 portuaire de Prince Rupert\",\"isPartOf\":{\"@id\":\"https:\/\/www.rupertport.com\/fr\/#website\"},\"primaryImageOfPage\":{\"@id\":\"https:\/\/www.rupertport.com\/fr\/mise-a-jour-operationnelle-du-port-de-prince-rupert-a-compter-le-5-novembre-2024\/#primaryimage\"},\"image\":{\"@id\":\"https:\/\/www.rupertport.com\/fr\/mise-a-jour-operationnelle-du-port-de-prince-rupert-a-compter-le-5-novembre-2024\/#primaryimage\"},\"thumbnailUrl\":\"https:\/\/www.rupertport.com\/wp-content\/uploads\/2024\/02\/IMG_0160-post-ppt.jpg\",\"datePublished\":\"2024-11-05T21:45:47+00:00\",\"dateModified\":\"2024-11-05T22:43:44+00:00\",\"breadcrumb\":{\"@id\":\"https:\/\/www.rupertport.com\/fr\/mise-a-jour-operationnelle-du-port-de-prince-rupert-a-compter-le-5-novembre-2024\/#breadcrumb\"},\"inLanguage\":\"fr-FR\",\"potentialAction\":[{\"@type\":\"ReadAction\",\"target\":[\"https:\/\/www.rupertport.com\/fr\/mise-a-jour-operationnelle-du-port-de-prince-rupert-a-compter-le-5-novembre-2024\/\"]}]},{\"@type\":\"ImageObject\",\"inLanguage\":\"fr-FR\",\"@id\":\"https:\/\/www.rupertport.com\/fr\/mise-a-jour-operationnelle-du-port-de-prince-rupert-a-compter-le-5-novembre-2024\/#primaryimage\",\"url\":\"https:\/\/www.rupertport.com\/wp-content\/uploads\/2024\/02\/IMG_0160-post-ppt.jpg\",\"contentUrl\":\"https:\/\/www.rupertport.com\/wp-content\/uploads\/2024\/02\/IMG_0160-post-ppt.jpg\",\"width\":1920,\"height\":1080},{\"@type\":\"BreadcrumbList\",\"@id\":\"https:\/\/www.rupertport.com\/fr\/mise-a-jour-operationnelle-du-port-de-prince-rupert-a-compter-le-5-novembre-2024\/#breadcrumb\",\"itemListElement\":[{\"@type\":\"ListItem\",\"position\":1,\"name\":\"Home\",\"item\":\"https:\/\/www.rupertport.com\/fr\/page-de-garde\/\"},{\"@type\":\"ListItem\",\"position\":2,\"name\":\"Mise \u00e0 jour Op\u00e9rationnelle du Port de Prince Rupert &#8211; \u00e0 compter le 5 Novembre 2024\"}]},{\"@type\":\"WebSite\",\"@id\":\"https:\/\/www.rupertport.com\/fr\/#website\",\"url\":\"https:\/\/www.rupertport.com\/fr\/\",\"name\":\"Prince Rupert Port Authority\",\"description\":\"L'avant-garde du Canada\",\"publisher\":{\"@id\":\"https:\/\/www.rupertport.com\/fr\/#organization\"},\"alternateName\":\"PRPA\",\"potentialAction\":[{\"@type\":\"SearchAction\",\"target\":{\"@type\":\"EntryPoint\",\"urlTemplate\":\"https:\/\/www.rupertport.com\/fr\/?s={search_term_string}\"},\"query-input\":{\"@type\":\"PropertyValueSpecification\",\"valueRequired\":true,\"valueName\":\"search_term_string\"}}],\"inLanguage\":\"fr-FR\"},{\"@type\":\"Organization\",\"@id\":\"https:\/\/www.rupertport.com\/fr\/#organization\",\"name\":\"Prince Rupert Port Authority\",\"alternateName\":\"PRPA\",\"url\":\"https:\/\/www.rupertport.com\/fr\/\",\"logo\":{\"@type\":\"ImageObject\",\"inLanguage\":\"fr-FR\",\"@id\":\"https:\/\/www.rupertport.com\/fr\/#\/schema\/logo\/image\/\",\"url\":\"https:\/\/www.rupertport.com\/wp-content\/uploads\/2021\/04\/cropped-PRPA-logo-meta-1200x1200-1.jpg\",\"contentUrl\":\"https:\/\/www.rupertport.com\/wp-content\/uploads\/2021\/04\/cropped-PRPA-logo-meta-1200x1200-1.jpg\",\"width\":512,\"height\":512,\"caption\":\"Prince Rupert Port Authority\"},\"image\":{\"@id\":\"https:\/\/www.rupertport.com\/fr\/#\/schema\/logo\/image\/\"},\"sameAs\":[\"https:\/\/www.facebook.com\/rupertport\/\",\"https:\/\/x.com\/rupertport\"]}]}<\/script>\n<!-- \/ Yoast SEO plugin. -->","yoast_head_json":{"title":"Mise \u00e0 jour Op\u00e9rationnelle du Port de Prince Rupert - \u00e0 compter le 5 Novembre 2024 | Autorit\u00e9 portuaire de Prince Rupert","robots":{"index":"index","follow":"follow","max-snippet":"max-snippet:-1","max-image-preview":"max-image-preview:large","max-video-preview":"max-video-preview:-1"},"canonical":"https:\/\/www.rupertport.com\/fr\/mise-a-jour-operationnelle-du-port-de-prince-rupert-a-compter-le-5-novembre-2024\/","og_locale":"fr_FR","og_type":"article","og_title":"Mise \u00e0 jour Op\u00e9rationnelle du Port de Prince Rupert - \u00e0 compter le 5 Novembre 2024 | Autorit\u00e9 portuaire de Prince Rupert","og_description":"Le port de Prince Rupert est en train de subir des interruptions \u00e0 la suite d&rsquo;un pr\u00e9avis de 72 heures pr\u00e9voit une gr\u00e8ve g\u00e9n\u00e9rale par le Syndicat de Longshore et warehouse union ship &amp; dock foremen Local 514 (ILWU Local 514), et l&rsquo;avis de lockout qui s&rsquo;ensuit par le biais de Maritime Employers Association de [&hellip;]","og_url":"https:\/\/www.rupertport.com\/fr\/mise-a-jour-operationnelle-du-port-de-prince-rupert-a-compter-le-5-novembre-2024\/","og_site_name":"Autorit\u00e9 portuaire de Prince Rupert","article_publisher":"https:\/\/www.facebook.com\/rupertport\/","article_modified_time":"2024-11-05T22:43:44+00:00","og_image":[{"width":1920,"height":1080,"url":"https:\/\/www.rupertport.com\/wp-content\/uploads\/2024\/02\/IMG_0160-post-ppt.jpg","type":"image\/jpeg"}],"twitter_card":"summary_large_image","twitter_site":"@rupertport","schema":{"@context":"https:\/\/schema.org","@graph":[{"@type":"WebPage","@id":"https:\/\/www.rupertport.com\/fr\/mise-a-jour-operationnelle-du-port-de-prince-rupert-a-compter-le-5-novembre-2024\/","url":"https:\/\/www.rupertport.com\/fr\/mise-a-jour-operationnelle-du-port-de-prince-rupert-a-compter-le-5-novembre-2024\/","name":"Mise \u00e0 jour Op\u00e9rationnelle du Port de Prince Rupert - \u00e0 compter le 5 Novembre 2024 | Autorit\u00e9 portuaire de Prince Rupert","isPartOf":{"@id":"https:\/\/www.rupertport.com\/fr\/#website"},"primaryImageOfPage":{"@id":"https:\/\/www.rupertport.com\/fr\/mise-a-jour-operationnelle-du-port-de-prince-rupert-a-compter-le-5-novembre-2024\/#primaryimage"},"image":{"@id":"https:\/\/www.rupertport.com\/fr\/mise-a-jour-operationnelle-du-port-de-prince-rupert-a-compter-le-5-novembre-2024\/#primaryimage"},"thumbnailUrl":"https:\/\/www.rupertport.com\/wp-content\/uploads\/2024\/02\/IMG_0160-post-ppt.jpg","datePublished":"2024-11-05T21:45:47+00:00","dateModified":"2024-11-05T22:43:44+00:00","breadcrumb":{"@id":"https:\/\/www.rupertport.com\/fr\/mise-a-jour-operationnelle-du-port-de-prince-rupert-a-compter-le-5-novembre-2024\/#breadcrumb"},"inLanguage":"fr-FR","potentialAction":[{"@type":"ReadAction","target":["https:\/\/www.rupertport.com\/fr\/mise-a-jour-operationnelle-du-port-de-prince-rupert-a-compter-le-5-novembre-2024\/"]}]},{"@type":"ImageObject","inLanguage":"fr-FR","@id":"https:\/\/www.rupertport.com\/fr\/mise-a-jour-operationnelle-du-port-de-prince-rupert-a-compter-le-5-novembre-2024\/#primaryimage","url":"https:\/\/www.rupertport.com\/wp-content\/uploads\/2024\/02\/IMG_0160-post-ppt.jpg","contentUrl":"https:\/\/www.rupertport.com\/wp-content\/uploads\/2024\/02\/IMG_0160-post-ppt.jpg","width":1920,"height":1080},{"@type":"BreadcrumbList","@id":"https:\/\/www.rupertport.com\/fr\/mise-a-jour-operationnelle-du-port-de-prince-rupert-a-compter-le-5-novembre-2024\/#breadcrumb","itemListElement":[{"@type":"ListItem","position":1,"name":"Home","item":"https:\/\/www.rupertport.com\/fr\/page-de-garde\/"},{"@type":"ListItem","position":2,"name":"Mise \u00e0 jour Op\u00e9rationnelle du Port de Prince Rupert &#8211; \u00e0 compter le 5 Novembre 2024"}]},{"@type":"WebSite","@id":"https:\/\/www.rupertport.com\/fr\/#website","url":"https:\/\/www.rupertport.com\/fr\/","name":"Prince Rupert Port Authority","description":"L'avant-garde du Canada","publisher":{"@id":"https:\/\/www.rupertport.com\/fr\/#organization"},"alternateName":"PRPA","potentialAction":[{"@type":"SearchAction","target":{"@type":"EntryPoint","urlTemplate":"https:\/\/www.rupertport.com\/fr\/?s={search_term_string}"},"query-input":{"@type":"PropertyValueSpecification","valueRequired":true,"valueName":"search_term_string"}}],"inLanguage":"fr-FR"},{"@type":"Organization","@id":"https:\/\/www.rupertport.com\/fr\/#organization","name":"Prince Rupert Port Authority","alternateName":"PRPA","url":"https:\/\/www.rupertport.com\/fr\/","logo":{"@type":"ImageObject","inLanguage":"fr-FR","@id":"https:\/\/www.rupertport.com\/fr\/#\/schema\/logo\/image\/","url":"https:\/\/www.rupertport.com\/wp-content\/uploads\/2021\/04\/cropped-PRPA-logo-meta-1200x1200-1.jpg","contentUrl":"https:\/\/www.rupertport.com\/wp-content\/uploads\/2021\/04\/cropped-PRPA-logo-meta-1200x1200-1.jpg","width":512,"height":512,"caption":"Prince Rupert Port Authority"},"image":{"@id":"https:\/\/www.rupertport.com\/fr\/#\/schema\/logo\/image\/"},"sameAs":["https:\/\/www.facebook.com\/rupertport\/","https:\/\/x.com\/rupertport"]}]}},"_links":{"self":[{"href":"https:\/\/www.rupertport.com\/fr\/wp-json\/wp\/v2\/pages\/21583","targetHints":{"allow":["GET"]}}],"collection":[{"href":"https:\/\/www.rupertport.com\/fr\/wp-json\/wp\/v2\/pages"}],"about":[{"href":"https:\/\/www.rupertport.com\/fr\/wp-json\/wp\/v2\/types\/page"}],"author":[{"embeddable":true,"href":"https:\/\/www.rupertport.com\/fr\/wp-json\/wp\/v2\/users\/26"}],"replies":[{"embeddable":true,"href":"https:\/\/www.rupertport.com\/fr\/wp-json\/wp\/v2\/comments?post=21583"}],"version-history":[{"count":1,"href":"https:\/\/www.rupertport.com\/fr\/wp-json\/wp\/v2\/pages\/21583\/revisions"}],"predecessor-version":[{"id":21584,"href":"https:\/\/www.rupertport.com\/fr\/wp-json\/wp\/v2\/pages\/21583\/revisions\/21584"}],"wp:featuredmedia":[{"embeddable":true,"href":"https:\/\/www.rupertport.com\/fr\/wp-json\/wp\/v2\/media\/18437"}],"wp:attachment":[{"href":"https:\/\/www.rupertport.com\/fr\/wp-json\/wp\/v2\/media?parent=21583"}],"curies":[{"name":"wp","href":"https:\/\/api.w.org\/{rel}","templated":true}]}}