{"id":21400,"date":"2024-10-16T14:55:35","date_gmt":"2024-10-16T22:55:35","guid":{"rendered":"https:\/\/www.rupertport.com\/cif\/"},"modified":"2026-02-18T16:05:36","modified_gmt":"2026-02-19T00:05:36","slug":"cif","status":"publish","type":"page","link":"https:\/\/www.rupertport.com\/fr\/cif\/","title":{"rendered":"FONDS D&rsquo;INVESTISSEMENT COMMUNAUTAIRE"},"content":{"rendered":"\n\n<h2 class=\"wp-block-heading\">FONDS D&rsquo;INVESTISSEMENT COMMUNAUTAIRE<\/h2>\n\n\n\n<p>L\u2019Administration portuaire de Prince Rupert est fi\u00e8re d\u2019\u00eatre un partenaire communautaire dans plus de 120 projets tant que notre Fonds d\u2019investissement communautaire. Depuis 2010, l\u2019APPR a d\u00e9di\u00e9 plus de $20.7 millions en soutenant des initiatives qui font une diff\u00e9rence pour les habitants du nord-ouest de la C.-B.<\/p>\n\n\n\n<hr class=\"wp-block-separator has-alpha-channel-opacity\"\/>\n\n\n\n<div style=\"padding:56.25% 0 0 0;position:relative;\"><iframe src=\"https:\/\/player.vimeo.com\/video\/1006784372?h=35f4723297&#038;badge=0&#038;autopause=0&#038;player_id=0&#038;app_id=58479\" frameborder=\"0\" allow=\"autoplay; fullscreen; picture-in-picture; clipboard-write\" style=\"position:absolute;top:0;left:0;width:100%;height:100%;\" title=\"Vid\u00e9o des moments forts du CIF\"><\/iframe><\/div><script src=\"https:\/\/player.vimeo.com\/api\/player.js\"><\/script>\n\n\n\n<div style=\"height:88px\" aria-hidden=\"true\" class=\"wp-block-spacer\"><\/div>\n\n\n\n\n\n\n\n<p><\/p>\n","protected":false},"excerpt":{"rendered":"<p>FONDS D&rsquo;INVESTISSEMENT COMMUNAUTAIRE L\u2019Administration portuaire de Prince Rupert est fi\u00e8re d\u2019\u00eatre un partenaire communautaire dans plus de 120 projets tant que notre Fonds d\u2019investissement communautaire. Depuis 2010, l\u2019APPR a d\u00e9di\u00e9 plus de $20.7 millions en soutenant des initiatives qui font une diff\u00e9rence pour les habitants du nord-ouest de la C.-B.<\/p>\n","protected":false},"author":7,"featured_media":16986,"parent":0,"menu_order":0,"comment_status":"closed","ping_status":"closed","template":"","meta":{"_acf_changed":false,"footnotes":""},"class_list":["post-21400","page","type-page","status-publish","has-post-thumbnail","hentry"],"acf":[],"yoast_head":"<!-- This site is optimized with the Yoast SEO plugin v26.8 - https:\/\/yoast.com\/product\/yoast-seo-wordpress\/ -->\n<title>FONDS D&#039;INVESTISSEMENT COMMUNAUTAIRE | Autorit\u00e9 portuaire de Prince Rupert<\/title>\n<meta name=\"robots\" content=\"index, follow, max-snippet:-1, max-image-preview:large, max-video-preview:-1\" \/>\n<link rel=\"canonical\" href=\"https:\/\/www.rupertport.com\/fr\/cif\/\" \/>\n<meta property=\"og:locale\" content=\"fr_FR\" \/>\n<meta property=\"og:type\" content=\"article\" \/>\n<meta property=\"og:title\" content=\"FONDS D&#039;INVESTISSEMENT COMMUNAUTAIRE | Autorit\u00e9 portuaire de Prince Rupert\" \/>\n<meta property=\"og:description\" content=\"FONDS D&rsquo;INVESTISSEMENT COMMUNAUTAIRE L\u2019Administration portuaire de Prince Rupert est fi\u00e8re d\u2019\u00eatre un partenaire communautaire dans plus de 120 projets tant que notre Fonds d\u2019investissement communautaire. Depuis 2010, l\u2019APPR a d\u00e9di\u00e9 plus de $20.7 millions en soutenant des initiatives qui font une diff\u00e9rence pour les habitants du nord-ouest de la C.-B.\" \/>\n<meta property=\"og:url\" content=\"https:\/\/www.rupertport.com\/fr\/cif\/\" \/>\n<meta property=\"og:site_name\" content=\"Autorit\u00e9 portuaire de Prince Rupert\" \/>\n<meta property=\"article:publisher\" content=\"https:\/\/www.facebook.com\/rupertport\/\" \/>\n<meta property=\"article:modified_time\" content=\"2026-02-19T00:05:36+00:00\" \/>\n<meta property=\"og:image\" content=\"https:\/\/www.rupertport.com\/wp-content\/uploads\/2023\/10\/5I7A8053.jpg\" \/>\n\t<meta property=\"og:image:width\" content=\"2048\" \/>\n\t<meta property=\"og:image:height\" content=\"1042\" \/>\n\t<meta property=\"og:image:type\" content=\"image\/jpeg\" \/>\n<meta name=\"twitter:card\" content=\"summary_large_image\" \/>\n<meta name=\"twitter:site\" content=\"@rupertport\" \/>\n<script type=\"application\/ld+json\" class=\"yoast-schema-graph\">{\"@context\":\"https:\/\/schema.org\",\"@graph\":[{\"@type\":\"WebPage\",\"@id\":\"https:\/\/www.rupertport.com\/fr\/cif\/\",\"url\":\"https:\/\/www.rupertport.com\/fr\/cif\/\",\"name\":\"FONDS D'INVESTISSEMENT COMMUNAUTAIRE | Autorit\u00e9 portuaire de Prince Rupert\",\"isPartOf\":{\"@id\":\"https:\/\/www.rupertport.com\/fr\/#website\"},\"primaryImageOfPage\":{\"@id\":\"https:\/\/www.rupertport.com\/fr\/cif\/#primaryimage\"},\"image\":{\"@id\":\"https:\/\/www.rupertport.com\/fr\/cif\/#primaryimage\"},\"thumbnailUrl\":\"https:\/\/www.rupertport.com\/wp-content\/uploads\/2023\/10\/5I7A8053.jpg\",\"datePublished\":\"2024-10-16T22:55:35+00:00\",\"dateModified\":\"2026-02-19T00:05:36+00:00\",\"breadcrumb\":{\"@id\":\"https:\/\/www.rupertport.com\/fr\/cif\/#breadcrumb\"},\"inLanguage\":\"fr-FR\",\"potentialAction\":[{\"@type\":\"ReadAction\",\"target\":[\"https:\/\/www.rupertport.com\/fr\/cif\/\"]}]},{\"@type\":\"ImageObject\",\"inLanguage\":\"fr-FR\",\"@id\":\"https:\/\/www.rupertport.com\/fr\/cif\/#primaryimage\",\"url\":\"https:\/\/www.rupertport.com\/wp-content\/uploads\/2023\/10\/5I7A8053.jpg\",\"contentUrl\":\"https:\/\/www.rupertport.com\/wp-content\/uploads\/2023\/10\/5I7A8053.jpg\",\"width\":2048,\"height\":1042},{\"@type\":\"BreadcrumbList\",\"@id\":\"https:\/\/www.rupertport.com\/fr\/cif\/#breadcrumb\",\"itemListElement\":[{\"@type\":\"ListItem\",\"position\":1,\"name\":\"Home\",\"item\":\"https:\/\/www.rupertport.com\/fr\/page-de-garde\/\"},{\"@type\":\"ListItem\",\"position\":2,\"name\":\"FONDS D&#8217;INVESTISSEMENT COMMUNAUTAIRE\"}]},{\"@type\":\"WebSite\",\"@id\":\"https:\/\/www.rupertport.com\/fr\/#website\",\"url\":\"https:\/\/www.rupertport.com\/fr\/\",\"name\":\"Prince Rupert Port Authority\",\"description\":\"L'avant-garde du Canada\",\"publisher\":{\"@id\":\"https:\/\/www.rupertport.com\/fr\/#organization\"},\"alternateName\":\"PRPA\",\"potentialAction\":[{\"@type\":\"SearchAction\",\"target\":{\"@type\":\"EntryPoint\",\"urlTemplate\":\"https:\/\/www.rupertport.com\/fr\/?s={search_term_string}\"},\"query-input\":{\"@type\":\"PropertyValueSpecification\",\"valueRequired\":true,\"valueName\":\"search_term_string\"}}],\"inLanguage\":\"fr-FR\"},{\"@type\":\"Organization\",\"@id\":\"https:\/\/www.rupertport.com\/fr\/#organization\",\"name\":\"Prince Rupert Port Authority\",\"alternateName\":\"PRPA\",\"url\":\"https:\/\/www.rupertport.com\/fr\/\",\"logo\":{\"@type\":\"ImageObject\",\"inLanguage\":\"fr-FR\",\"@id\":\"https:\/\/www.rupertport.com\/fr\/#\/schema\/logo\/image\/\",\"url\":\"https:\/\/www.rupertport.com\/wp-content\/uploads\/2021\/04\/cropped-PRPA-logo-meta-1200x1200-1.jpg\",\"contentUrl\":\"https:\/\/www.rupertport.com\/wp-content\/uploads\/2021\/04\/cropped-PRPA-logo-meta-1200x1200-1.jpg\",\"width\":512,\"height\":512,\"caption\":\"Prince Rupert Port Authority\"},\"image\":{\"@id\":\"https:\/\/www.rupertport.com\/fr\/#\/schema\/logo\/image\/\"},\"sameAs\":[\"https:\/\/www.facebook.com\/rupertport\/\",\"https:\/\/x.com\/rupertport\"]}]}<\/script>\n<!-- \/ Yoast SEO plugin. -->","yoast_head_json":{"title":"FONDS D'INVESTISSEMENT COMMUNAUTAIRE | Autorit\u00e9 portuaire de Prince Rupert","robots":{"index":"index","follow":"follow","max-snippet":"max-snippet:-1","max-image-preview":"max-image-preview:large","max-video-preview":"max-video-preview:-1"},"canonical":"https:\/\/www.rupertport.com\/fr\/cif\/","og_locale":"fr_FR","og_type":"article","og_title":"FONDS D'INVESTISSEMENT COMMUNAUTAIRE | Autorit\u00e9 portuaire de Prince Rupert","og_description":"FONDS D&rsquo;INVESTISSEMENT COMMUNAUTAIRE L\u2019Administration portuaire de Prince Rupert est fi\u00e8re d\u2019\u00eatre un partenaire communautaire dans plus de 120 projets tant que notre Fonds d\u2019investissement communautaire. Depuis 2010, l\u2019APPR a d\u00e9di\u00e9 plus de $20.7 millions en soutenant des initiatives qui font une diff\u00e9rence pour les habitants du nord-ouest de la C.-B.","og_url":"https:\/\/www.rupertport.com\/fr\/cif\/","og_site_name":"Autorit\u00e9 portuaire de Prince Rupert","article_publisher":"https:\/\/www.facebook.com\/rupertport\/","article_modified_time":"2026-02-19T00:05:36+00:00","og_image":[{"width":2048,"height":1042,"url":"https:\/\/www.rupertport.com\/wp-content\/uploads\/2023\/10\/5I7A8053.jpg","type":"image\/jpeg"}],"twitter_card":"summary_large_image","twitter_site":"@rupertport","schema":{"@context":"https:\/\/schema.org","@graph":[{"@type":"WebPage","@id":"https:\/\/www.rupertport.com\/fr\/cif\/","url":"https:\/\/www.rupertport.com\/fr\/cif\/","name":"FONDS D'INVESTISSEMENT COMMUNAUTAIRE | Autorit\u00e9 portuaire de Prince Rupert","isPartOf":{"@id":"https:\/\/www.rupertport.com\/fr\/#website"},"primaryImageOfPage":{"@id":"https:\/\/www.rupertport.com\/fr\/cif\/#primaryimage"},"image":{"@id":"https:\/\/www.rupertport.com\/fr\/cif\/#primaryimage"},"thumbnailUrl":"https:\/\/www.rupertport.com\/wp-content\/uploads\/2023\/10\/5I7A8053.jpg","datePublished":"2024-10-16T22:55:35+00:00","dateModified":"2026-02-19T00:05:36+00:00","breadcrumb":{"@id":"https:\/\/www.rupertport.com\/fr\/cif\/#breadcrumb"},"inLanguage":"fr-FR","potentialAction":[{"@type":"ReadAction","target":["https:\/\/www.rupertport.com\/fr\/cif\/"]}]},{"@type":"ImageObject","inLanguage":"fr-FR","@id":"https:\/\/www.rupertport.com\/fr\/cif\/#primaryimage","url":"https:\/\/www.rupertport.com\/wp-content\/uploads\/2023\/10\/5I7A8053.jpg","contentUrl":"https:\/\/www.rupertport.com\/wp-content\/uploads\/2023\/10\/5I7A8053.jpg","width":2048,"height":1042},{"@type":"BreadcrumbList","@id":"https:\/\/www.rupertport.com\/fr\/cif\/#breadcrumb","itemListElement":[{"@type":"ListItem","position":1,"name":"Home","item":"https:\/\/www.rupertport.com\/fr\/page-de-garde\/"},{"@type":"ListItem","position":2,"name":"FONDS D&#8217;INVESTISSEMENT COMMUNAUTAIRE"}]},{"@type":"WebSite","@id":"https:\/\/www.rupertport.com\/fr\/#website","url":"https:\/\/www.rupertport.com\/fr\/","name":"Prince Rupert Port Authority","description":"L'avant-garde du Canada","publisher":{"@id":"https:\/\/www.rupertport.com\/fr\/#organization"},"alternateName":"PRPA","potentialAction":[{"@type":"SearchAction","target":{"@type":"EntryPoint","urlTemplate":"https:\/\/www.rupertport.com\/fr\/?s={search_term_string}"},"query-input":{"@type":"PropertyValueSpecification","valueRequired":true,"valueName":"search_term_string"}}],"inLanguage":"fr-FR"},{"@type":"Organization","@id":"https:\/\/www.rupertport.com\/fr\/#organization","name":"Prince Rupert Port Authority","alternateName":"PRPA","url":"https:\/\/www.rupertport.com\/fr\/","logo":{"@type":"ImageObject","inLanguage":"fr-FR","@id":"https:\/\/www.rupertport.com\/fr\/#\/schema\/logo\/image\/","url":"https:\/\/www.rupertport.com\/wp-content\/uploads\/2021\/04\/cropped-PRPA-logo-meta-1200x1200-1.jpg","contentUrl":"https:\/\/www.rupertport.com\/wp-content\/uploads\/2021\/04\/cropped-PRPA-logo-meta-1200x1200-1.jpg","width":512,"height":512,"caption":"Prince Rupert Port Authority"},"image":{"@id":"https:\/\/www.rupertport.com\/fr\/#\/schema\/logo\/image\/"},"sameAs":["https:\/\/www.facebook.com\/rupertport\/","https:\/\/x.com\/rupertport"]}]}},"_links":{"self":[{"href":"https:\/\/www.rupertport.com\/fr\/wp-json\/wp\/v2\/pages\/21400","targetHints":{"allow":["GET"]}}],"collection":[{"href":"https:\/\/www.rupertport.com\/fr\/wp-json\/wp\/v2\/pages"}],"about":[{"href":"https:\/\/www.rupertport.com\/fr\/wp-json\/wp\/v2\/types\/page"}],"author":[{"embeddable":true,"href":"https:\/\/www.rupertport.com\/fr\/wp-json\/wp\/v2\/users\/7"}],"replies":[{"embeddable":true,"href":"https:\/\/www.rupertport.com\/fr\/wp-json\/wp\/v2\/comments?post=21400"}],"version-history":[{"count":9,"href":"https:\/\/www.rupertport.com\/fr\/wp-json\/wp\/v2\/pages\/21400\/revisions"}],"predecessor-version":[{"id":26463,"href":"https:\/\/www.rupertport.com\/fr\/wp-json\/wp\/v2\/pages\/21400\/revisions\/26463"}],"wp:featuredmedia":[{"embeddable":true,"href":"https:\/\/www.rupertport.com\/fr\/wp-json\/wp\/v2\/media\/16986"}],"wp:attachment":[{"href":"https:\/\/www.rupertport.com\/fr\/wp-json\/wp\/v2\/media?parent=21400"}],"curies":[{"name":"wp","href":"https:\/\/api.w.org\/{rel}","templated":true}]}}