{"id":19644,"date":"2023-09-13T23:19:51","date_gmt":"2023-09-14T07:19:51","guid":{"rendered":"https:\/\/www.rupertport.com\/agriculture\/"},"modified":"2024-06-06T09:58:16","modified_gmt":"2024-06-06T17:58:16","slug":"agriculture","status":"publish","type":"page","link":"https:\/\/www.rupertport.com\/fr\/agriculture\/","title":{"rendered":"AGRICULTURE"},"content":{"rendered":"\n<h1 class=\"wp-block-heading\">AGRICULTURE<\/h1>\n\n\n\n<hr class=\"wp-block-separator has-alpha-channel-opacity\"\/>\n\n\n\n<h1 class=\"wp-block-heading\">Fournir aux march\u00e9s internationaux des produits agricoles tr\u00e8s demand\u00e9s<\/h1>\n\n\n\n<div style=\"padding:56.25% 0 0 0;position:relative;\"><iframe src=\"https:\/\/player.vimeo.com\/video\/259257293?h=4cc82f913b&#038;badge=0&#038;autopause=0&#038;player_id=0&#038;app_id=58479\" frameborder=\"0\" allow=\"autoplay; fullscreen; picture-in-picture\" style=\"position:absolute;top:0;left:0;width:100%;height:100%;\" title=\"PRPA_JOC Publicit\u00e9 de 60 secondes.mp4\"><\/iframe><\/div><script src=\"https:\/\/player.vimeo.com\/api\/player.js\"><\/script>\n\n\n\n<hr class=\"wp-block-separator has-alpha-channel-opacity\"\/>\n\n\n\n<p>Le plus grand terminal c\u00e9r\u00e9alier de la c\u00f4te Ouest: Prince Rupert Grain poss\u00e8de et exploite le plus grand terminal c\u00e9r\u00e9alier de la c\u00f4te Ouest du Canada, qui traite principalement du bl\u00e9, de l&rsquo;orge et du canola en provenance des Prairies canadiennes. Prince Rupert Grain Ltd. offre le meilleur itin\u00e9raire pour les c\u00e9r\u00e9ales canadiennes destin\u00e9es aux march\u00e9s d&rsquo;Asie et du Moyen-Orient.<\/p>\n\n\n\n<hr class=\"wp-block-separator has-alpha-channel-opacity\"\/>\n\n\n\n<div class=\"wp-block-columns is-layout-flex wp-container-core-columns-is-layout-9d6595d7 wp-block-columns-is-layout-flex\">\n<div class=\"wp-block-column is-layout-flow wp-block-column-is-layout-flow\">\n<h2 class=\"wp-block-heading\">Prince Rupert Grain Terminal Ltd.<\/h2>\n\n\n\n<p>Avec une capacit\u00e9 d&rsquo;exp\u00e9dition de plus de sept millions de tonnes par an, le terminal moderne de Prince Rupert Grain a le rendement le plus \u00e9lev\u00e9 de tous les silos de nettoyage des grains au Canada. Ouvert en 1985, le terminal a \u00e9t\u00e9 construit pour am\u00e9liorer la capacit\u00e9 du Canada \u00e0 exporter des c\u00e9r\u00e9ales et des ol\u00e9agineux. Prince Rupert Grain traite le bl\u00e9, l&rsquo;orge et le canola exp\u00e9di\u00e9s par chemin de fer directement des silos \u00e0 grains des Prairies jusqu&rsquo;au terminal. Le terminal traite et exporte \u00e9galement des sous-produits tels que des granul\u00e9s de criblage des grains, des criblures d&rsquo;aliments pour animaux, de l&rsquo;avoine fourrag\u00e8re m\u00e9lang\u00e9e et des produits associ\u00e9s.<\/p>\n\n\n\n<p><\/p>\n\n\n\n<p>Ce terminal ultramoderne nettoie les c\u00e9r\u00e9ales aussi rapidement qu&rsquo;elles sont d\u00e9charg\u00e9es des wagons, soit plus de 13 wagons par heure. Les huit silos d&rsquo;exp\u00e9dition et les trois tours de chargement peuvent charger jusqu&rsquo;\u00e0 4 000 tonnes par heure dans les navires. <\/p>\n<\/div>\n\n\n\n<div class=\"wp-block-column is-layout-flow wp-block-column-is-layout-flow\">\n<figure class=\"wp-block-image size-large\"><img loading=\"lazy\" decoding=\"async\" width=\"1024\" height=\"724\" src=\"https:\/\/www.rupertport.com\/wp-content\/uploads\/2023\/09\/POPR-Prince-Rupert-Grain-16-1024x724.jpg\" alt=\"\" class=\"wp-image-16681\" srcset=\"https:\/\/www.rupertport.com\/wp-content\/uploads\/2023\/09\/POPR-Prince-Rupert-Grain-16-1024x724.jpg 1024w, https:\/\/www.rupertport.com\/wp-content\/uploads\/2023\/09\/POPR-Prince-Rupert-Grain-16-300x212.jpg 300w, https:\/\/www.rupertport.com\/wp-content\/uploads\/2023\/09\/POPR-Prince-Rupert-Grain-16-768x543.jpg 768w, https:\/\/www.rupertport.com\/wp-content\/uploads\/2023\/09\/POPR-Prince-Rupert-Grain-16-1536x1086.jpg 1536w, https:\/\/www.rupertport.com\/wp-content\/uploads\/2023\/09\/POPR-Prince-Rupert-Grain-16.jpg 1920w\" sizes=\"auto, (max-width: 1024px) 100vw, 1024px\" \/><\/figure>\n<\/div>\n<\/div>\n\n\n\n<h2 class=\"wp-block-heading\">D\u00e9couvrez nos produits :<\/h2>\n\n\n\n<figure class=\"wp-block-gallery has-nested-images columns-4 is-cropped wp-block-gallery-1 is-layout-flex wp-block-gallery-is-layout-flex\">\n<figure class=\"wp-block-image size-full\"><a href=\"https:\/\/www.rupertport.com\/fr\/nos-avantages-2\/\"><img loading=\"lazy\" decoding=\"async\" width=\"600\" height=\"600\" data-id=\"19668\" src=\"https:\/\/www.rupertport.com\/wp-content\/uploads\/2024\/06\/MicrosoftTeams-image-17.png\" alt=\"\" class=\"wp-image-19668\" srcset=\"https:\/\/www.rupertport.com\/wp-content\/uploads\/2024\/06\/MicrosoftTeams-image-17.png 600w, https:\/\/www.rupertport.com\/wp-content\/uploads\/2024\/06\/MicrosoftTeams-image-17-300x300.png 300w, https:\/\/www.rupertport.com\/wp-content\/uploads\/2024\/06\/MicrosoftTeams-image-17-150x150.png 150w\" sizes=\"auto, (max-width: 600px) 100vw, 600px\" \/><\/a><\/figure>\n\n\n\n<figure class=\"wp-block-image size-full\"><a href=\"https:\/\/www.rupertport.com\/fr\/intermodal-2\/\"><img loading=\"lazy\" decoding=\"async\" width=\"600\" height=\"600\" data-id=\"16674\" src=\"https:\/\/www.rupertport.com\/wp-content\/uploads\/2023\/09\/intermodal-2.jpg\" alt=\"\" class=\"wp-image-16674\" srcset=\"https:\/\/www.rupertport.com\/wp-content\/uploads\/2023\/09\/intermodal-2.jpg 600w, https:\/\/www.rupertport.com\/wp-content\/uploads\/2023\/09\/intermodal-2-300x300.jpg 300w, https:\/\/www.rupertport.com\/wp-content\/uploads\/2023\/09\/intermodal-2-150x150.jpg 150w\" sizes=\"auto, (max-width: 600px) 100vw, 600px\" \/><\/a><\/figure>\n\n\n\n<figure class=\"wp-block-image size-full\"><a href=\"https:\/\/www.rupertport.com\/fr\/energie\/\"><img loading=\"lazy\" decoding=\"async\" width=\"600\" height=\"600\" data-id=\"19670\" src=\"https:\/\/www.rupertport.com\/wp-content\/uploads\/2024\/06\/MicrosoftTeams-image-16.png\" alt=\"\" class=\"wp-image-19670\" srcset=\"https:\/\/www.rupertport.com\/wp-content\/uploads\/2024\/06\/MicrosoftTeams-image-16.png 600w, https:\/\/www.rupertport.com\/wp-content\/uploads\/2024\/06\/MicrosoftTeams-image-16-300x300.png 300w, https:\/\/www.rupertport.com\/wp-content\/uploads\/2024\/06\/MicrosoftTeams-image-16-150x150.png 150w\" sizes=\"auto, (max-width: 600px) 100vw, 600px\" \/><\/a><\/figure>\n\n\n\n<figure class=\"wp-block-image size-full\"><a href=\"https:\/\/www.rupertport.com\/fr\/forestry\/\"><img loading=\"lazy\" decoding=\"async\" width=\"600\" height=\"600\" data-id=\"19666\" src=\"https:\/\/www.rupertport.com\/wp-content\/uploads\/2024\/06\/MicrosoftTeams-image-18.png\" alt=\"\" class=\"wp-image-19666\" srcset=\"https:\/\/www.rupertport.com\/wp-content\/uploads\/2024\/06\/MicrosoftTeams-image-18.png 600w, https:\/\/www.rupertport.com\/wp-content\/uploads\/2024\/06\/MicrosoftTeams-image-18-300x300.png 300w, https:\/\/www.rupertport.com\/wp-content\/uploads\/2024\/06\/MicrosoftTeams-image-18-150x150.png 150w\" sizes=\"auto, (max-width: 600px) 100vw, 600px\" \/><\/a><\/figure>\n<\/figure>\n\n\n\n<hr class=\"wp-block-separator has-alpha-channel-opacity\"\/>\n\n\n\n<h2 class=\"wp-block-heading\">Fiches d&rsquo;information:<\/h2>\n\n\n\n<div class=\"wp-block-columns is-layout-flex wp-container-core-columns-is-layout-9d6595d7 wp-block-columns-is-layout-flex\">\n<div class=\"wp-block-column is-layout-flow wp-block-column-is-layout-flow\">\n<h3 class=\"wp-block-heading\">GRAIN DE PRINCE RUPERT:<\/h3>\n\n\n\n<figure class=\"wp-block-image size-large\"><a href=\"https:\/\/rupertport.mediavalet.com\/galleries\/152a2000-8015-4bfb-b183-1f359f7a38f1_36c29fff-878e-47b4-ac31-6f0b9ed6589a-ExternalUser\" target=\"_blank\" rel=\"noreferrer noopener\"><img loading=\"lazy\" decoding=\"async\" width=\"806\" height=\"1024\" src=\"https:\/\/www.rupertport.com\/wp-content\/uploads\/2023\/10\/prpa-factsheets-PRINCE-RUPERT-GRAIN-TERMINAL-sep2022-v1.1-1-download-806x1024.jpg\" alt=\"\" class=\"wp-image-17281\" srcset=\"https:\/\/www.rupertport.com\/wp-content\/uploads\/2023\/10\/prpa-factsheets-PRINCE-RUPERT-GRAIN-TERMINAL-sep2022-v1.1-1-download-806x1024.jpg 806w, https:\/\/www.rupertport.com\/wp-content\/uploads\/2023\/10\/prpa-factsheets-PRINCE-RUPERT-GRAIN-TERMINAL-sep2022-v1.1-1-download-236x300.jpg 236w, https:\/\/www.rupertport.com\/wp-content\/uploads\/2023\/10\/prpa-factsheets-PRINCE-RUPERT-GRAIN-TERMINAL-sep2022-v1.1-1-download-768x975.jpg 768w, https:\/\/www.rupertport.com\/wp-content\/uploads\/2023\/10\/prpa-factsheets-PRINCE-RUPERT-GRAIN-TERMINAL-sep2022-v1.1-1-download.jpg 1063w\" sizes=\"auto, (max-width: 806px) 100vw, 806px\" \/><\/a><\/figure>\n<\/div>\n\n\n\n<div class=\"wp-block-column is-layout-flow wp-block-column-is-layout-flow\"><\/div>\n\n\n\n<div class=\"wp-block-column is-layout-flow wp-block-column-is-layout-flow\"><\/div>\n<\/div>\n\n\n\n<div class=\"wp-block-columns is-layout-flex wp-container-core-columns-is-layout-9d6595d7 wp-block-columns-is-layout-flex\">\n<div class=\"wp-block-column is-layout-flow wp-block-column-is-layout-flow\">\n<div class=\"wp-block-columns is-layout-flex wp-container-core-columns-is-layout-9d6595d7 wp-block-columns-is-layout-flex\">\n<div class=\"wp-block-column is-layout-flow wp-block-column-is-layout-flow\"><\/div>\n\n\n\n<div class=\"wp-block-column is-layout-flow wp-block-column-is-layout-flow\"><\/div>\n<\/div>\n<\/div>\n\n\n\n<div class=\"wp-block-column is-layout-flow wp-block-column-is-layout-flow\">\n<div class=\"wp-block-columns is-layout-flex wp-container-core-columns-is-layout-9d6595d7 wp-block-columns-is-layout-flex\">\n<div class=\"wp-block-column is-layout-flow wp-block-column-is-layout-flow\"><\/div>\n\n\n\n<div class=\"wp-block-column is-layout-flow wp-block-column-is-layout-flow\"><\/div>\n<\/div>\n<\/div>\n<\/div>\n","protected":false},"excerpt":{"rendered":"<p>AGRICULTURE Fournir aux march\u00e9s internationaux des produits agricoles tr\u00e8s demand\u00e9s Le plus grand terminal c\u00e9r\u00e9alier de la c\u00f4te Ouest: Prince Rupert Grain poss\u00e8de et exploite le plus grand terminal c\u00e9r\u00e9alier de la c\u00f4te Ouest du Canada, qui traite principalement du bl\u00e9, de l&rsquo;orge et du canola en provenance des Prairies canadiennes. Prince Rupert Grain Ltd. [&hellip;]<\/p>\n","protected":false},"author":7,"featured_media":17224,"parent":0,"menu_order":0,"comment_status":"closed","ping_status":"closed","template":"","meta":{"_acf_changed":false,"footnotes":""},"class_list":["post-19644","page","type-page","status-publish","has-post-thumbnail","hentry"],"acf":[],"yoast_head":"<!-- This site is optimized with the Yoast SEO plugin v26.8 - https:\/\/yoast.com\/product\/yoast-seo-wordpress\/ -->\n<title>AGRICULTURE | Autorit\u00e9 portuaire de Prince Rupert<\/title>\n<meta name=\"robots\" content=\"index, follow, max-snippet:-1, max-image-preview:large, max-video-preview:-1\" \/>\n<link rel=\"canonical\" href=\"https:\/\/www.rupertport.com\/fr\/agriculture\/\" \/>\n<meta property=\"og:locale\" content=\"fr_FR\" \/>\n<meta property=\"og:type\" content=\"article\" \/>\n<meta property=\"og:title\" content=\"AGRICULTURE | Autorit\u00e9 portuaire de Prince Rupert\" \/>\n<meta property=\"og:description\" content=\"AGRICULTURE Fournir aux march\u00e9s internationaux des produits agricoles tr\u00e8s demand\u00e9s Le plus grand terminal c\u00e9r\u00e9alier de la c\u00f4te Ouest: Prince Rupert Grain poss\u00e8de et exploite le plus grand terminal c\u00e9r\u00e9alier de la c\u00f4te Ouest du Canada, qui traite principalement du bl\u00e9, de l&rsquo;orge et du canola en provenance des Prairies canadiennes. Prince Rupert Grain Ltd. [&hellip;]\" \/>\n<meta property=\"og:url\" content=\"https:\/\/www.rupertport.com\/fr\/agriculture\/\" \/>\n<meta property=\"og:site_name\" content=\"Autorit\u00e9 portuaire de Prince Rupert\" \/>\n<meta property=\"article:publisher\" content=\"https:\/\/www.facebook.com\/rupertport\/\" \/>\n<meta property=\"article:modified_time\" content=\"2024-06-06T17:58:16+00:00\" \/>\n<meta property=\"og:image\" content=\"https:\/\/www.rupertport.com\/wp-content\/uploads\/2023\/10\/POPR-Prince-Rupert-Grain-banner-1.png\" \/>\n\t<meta property=\"og:image:width\" content=\"1048\" \/>\n\t<meta property=\"og:image:height\" content=\"250\" \/>\n\t<meta property=\"og:image:type\" content=\"image\/png\" \/>\n<meta name=\"twitter:card\" content=\"summary_large_image\" \/>\n<meta name=\"twitter:site\" content=\"@rupertport\" \/>\n<script type=\"application\/ld+json\" class=\"yoast-schema-graph\">{\"@context\":\"https:\/\/schema.org\",\"@graph\":[{\"@type\":\"WebPage\",\"@id\":\"https:\/\/www.rupertport.com\/fr\/agriculture\/\",\"url\":\"https:\/\/www.rupertport.com\/fr\/agriculture\/\",\"name\":\"AGRICULTURE | Autorit\u00e9 portuaire de Prince Rupert\",\"isPartOf\":{\"@id\":\"https:\/\/www.rupertport.com\/fr\/#website\"},\"primaryImageOfPage\":{\"@id\":\"https:\/\/www.rupertport.com\/fr\/agriculture\/#primaryimage\"},\"image\":{\"@id\":\"https:\/\/www.rupertport.com\/fr\/agriculture\/#primaryimage\"},\"thumbnailUrl\":\"https:\/\/www.rupertport.com\/wp-content\/uploads\/2023\/10\/POPR-Prince-Rupert-Grain-banner-1.png\",\"datePublished\":\"2023-09-14T07:19:51+00:00\",\"dateModified\":\"2024-06-06T17:58:16+00:00\",\"breadcrumb\":{\"@id\":\"https:\/\/www.rupertport.com\/fr\/agriculture\/#breadcrumb\"},\"inLanguage\":\"fr-FR\",\"potentialAction\":[{\"@type\":\"ReadAction\",\"target\":[\"https:\/\/www.rupertport.com\/fr\/agriculture\/\"]}]},{\"@type\":\"ImageObject\",\"inLanguage\":\"fr-FR\",\"@id\":\"https:\/\/www.rupertport.com\/fr\/agriculture\/#primaryimage\",\"url\":\"https:\/\/www.rupertport.com\/wp-content\/uploads\/2023\/10\/POPR-Prince-Rupert-Grain-banner-1.png\",\"contentUrl\":\"https:\/\/www.rupertport.com\/wp-content\/uploads\/2023\/10\/POPR-Prince-Rupert-Grain-banner-1.png\",\"width\":1048,\"height\":250},{\"@type\":\"BreadcrumbList\",\"@id\":\"https:\/\/www.rupertport.com\/fr\/agriculture\/#breadcrumb\",\"itemListElement\":[{\"@type\":\"ListItem\",\"position\":1,\"name\":\"Home\",\"item\":\"https:\/\/www.rupertport.com\/fr\/page-de-garde\/\"},{\"@type\":\"ListItem\",\"position\":2,\"name\":\"AGRICULTURE\"}]},{\"@type\":\"WebSite\",\"@id\":\"https:\/\/www.rupertport.com\/fr\/#website\",\"url\":\"https:\/\/www.rupertport.com\/fr\/\",\"name\":\"Prince Rupert Port Authority\",\"description\":\"L'avant-garde du Canada\",\"publisher\":{\"@id\":\"https:\/\/www.rupertport.com\/fr\/#organization\"},\"alternateName\":\"PRPA\",\"potentialAction\":[{\"@type\":\"SearchAction\",\"target\":{\"@type\":\"EntryPoint\",\"urlTemplate\":\"https:\/\/www.rupertport.com\/fr\/?s={search_term_string}\"},\"query-input\":{\"@type\":\"PropertyValueSpecification\",\"valueRequired\":true,\"valueName\":\"search_term_string\"}}],\"inLanguage\":\"fr-FR\"},{\"@type\":\"Organization\",\"@id\":\"https:\/\/www.rupertport.com\/fr\/#organization\",\"name\":\"Prince Rupert Port Authority\",\"alternateName\":\"PRPA\",\"url\":\"https:\/\/www.rupertport.com\/fr\/\",\"logo\":{\"@type\":\"ImageObject\",\"inLanguage\":\"fr-FR\",\"@id\":\"https:\/\/www.rupertport.com\/fr\/#\/schema\/logo\/image\/\",\"url\":\"https:\/\/www.rupertport.com\/wp-content\/uploads\/2021\/04\/cropped-PRPA-logo-meta-1200x1200-1.jpg\",\"contentUrl\":\"https:\/\/www.rupertport.com\/wp-content\/uploads\/2021\/04\/cropped-PRPA-logo-meta-1200x1200-1.jpg\",\"width\":512,\"height\":512,\"caption\":\"Prince Rupert Port Authority\"},\"image\":{\"@id\":\"https:\/\/www.rupertport.com\/fr\/#\/schema\/logo\/image\/\"},\"sameAs\":[\"https:\/\/www.facebook.com\/rupertport\/\",\"https:\/\/x.com\/rupertport\"]}]}<\/script>\n<!-- \/ Yoast SEO plugin. -->","yoast_head_json":{"title":"AGRICULTURE | Autorit\u00e9 portuaire de Prince Rupert","robots":{"index":"index","follow":"follow","max-snippet":"max-snippet:-1","max-image-preview":"max-image-preview:large","max-video-preview":"max-video-preview:-1"},"canonical":"https:\/\/www.rupertport.com\/fr\/agriculture\/","og_locale":"fr_FR","og_type":"article","og_title":"AGRICULTURE | Autorit\u00e9 portuaire de Prince Rupert","og_description":"AGRICULTURE Fournir aux march\u00e9s internationaux des produits agricoles tr\u00e8s demand\u00e9s Le plus grand terminal c\u00e9r\u00e9alier de la c\u00f4te Ouest: Prince Rupert Grain poss\u00e8de et exploite le plus grand terminal c\u00e9r\u00e9alier de la c\u00f4te Ouest du Canada, qui traite principalement du bl\u00e9, de l&rsquo;orge et du canola en provenance des Prairies canadiennes. Prince Rupert Grain Ltd. [&hellip;]","og_url":"https:\/\/www.rupertport.com\/fr\/agriculture\/","og_site_name":"Autorit\u00e9 portuaire de Prince Rupert","article_publisher":"https:\/\/www.facebook.com\/rupertport\/","article_modified_time":"2024-06-06T17:58:16+00:00","og_image":[{"width":1048,"height":250,"url":"https:\/\/www.rupertport.com\/wp-content\/uploads\/2023\/10\/POPR-Prince-Rupert-Grain-banner-1.png","type":"image\/png"}],"twitter_card":"summary_large_image","twitter_site":"@rupertport","schema":{"@context":"https:\/\/schema.org","@graph":[{"@type":"WebPage","@id":"https:\/\/www.rupertport.com\/fr\/agriculture\/","url":"https:\/\/www.rupertport.com\/fr\/agriculture\/","name":"AGRICULTURE | Autorit\u00e9 portuaire de Prince Rupert","isPartOf":{"@id":"https:\/\/www.rupertport.com\/fr\/#website"},"primaryImageOfPage":{"@id":"https:\/\/www.rupertport.com\/fr\/agriculture\/#primaryimage"},"image":{"@id":"https:\/\/www.rupertport.com\/fr\/agriculture\/#primaryimage"},"thumbnailUrl":"https:\/\/www.rupertport.com\/wp-content\/uploads\/2023\/10\/POPR-Prince-Rupert-Grain-banner-1.png","datePublished":"2023-09-14T07:19:51+00:00","dateModified":"2024-06-06T17:58:16+00:00","breadcrumb":{"@id":"https:\/\/www.rupertport.com\/fr\/agriculture\/#breadcrumb"},"inLanguage":"fr-FR","potentialAction":[{"@type":"ReadAction","target":["https:\/\/www.rupertport.com\/fr\/agriculture\/"]}]},{"@type":"ImageObject","inLanguage":"fr-FR","@id":"https:\/\/www.rupertport.com\/fr\/agriculture\/#primaryimage","url":"https:\/\/www.rupertport.com\/wp-content\/uploads\/2023\/10\/POPR-Prince-Rupert-Grain-banner-1.png","contentUrl":"https:\/\/www.rupertport.com\/wp-content\/uploads\/2023\/10\/POPR-Prince-Rupert-Grain-banner-1.png","width":1048,"height":250},{"@type":"BreadcrumbList","@id":"https:\/\/www.rupertport.com\/fr\/agriculture\/#breadcrumb","itemListElement":[{"@type":"ListItem","position":1,"name":"Home","item":"https:\/\/www.rupertport.com\/fr\/page-de-garde\/"},{"@type":"ListItem","position":2,"name":"AGRICULTURE"}]},{"@type":"WebSite","@id":"https:\/\/www.rupertport.com\/fr\/#website","url":"https:\/\/www.rupertport.com\/fr\/","name":"Prince Rupert Port Authority","description":"L'avant-garde du Canada","publisher":{"@id":"https:\/\/www.rupertport.com\/fr\/#organization"},"alternateName":"PRPA","potentialAction":[{"@type":"SearchAction","target":{"@type":"EntryPoint","urlTemplate":"https:\/\/www.rupertport.com\/fr\/?s={search_term_string}"},"query-input":{"@type":"PropertyValueSpecification","valueRequired":true,"valueName":"search_term_string"}}],"inLanguage":"fr-FR"},{"@type":"Organization","@id":"https:\/\/www.rupertport.com\/fr\/#organization","name":"Prince Rupert Port Authority","alternateName":"PRPA","url":"https:\/\/www.rupertport.com\/fr\/","logo":{"@type":"ImageObject","inLanguage":"fr-FR","@id":"https:\/\/www.rupertport.com\/fr\/#\/schema\/logo\/image\/","url":"https:\/\/www.rupertport.com\/wp-content\/uploads\/2021\/04\/cropped-PRPA-logo-meta-1200x1200-1.jpg","contentUrl":"https:\/\/www.rupertport.com\/wp-content\/uploads\/2021\/04\/cropped-PRPA-logo-meta-1200x1200-1.jpg","width":512,"height":512,"caption":"Prince Rupert Port Authority"},"image":{"@id":"https:\/\/www.rupertport.com\/fr\/#\/schema\/logo\/image\/"},"sameAs":["https:\/\/www.facebook.com\/rupertport\/","https:\/\/x.com\/rupertport"]}]}},"_links":{"self":[{"href":"https:\/\/www.rupertport.com\/fr\/wp-json\/wp\/v2\/pages\/19644","targetHints":{"allow":["GET"]}}],"collection":[{"href":"https:\/\/www.rupertport.com\/fr\/wp-json\/wp\/v2\/pages"}],"about":[{"href":"https:\/\/www.rupertport.com\/fr\/wp-json\/wp\/v2\/types\/page"}],"author":[{"embeddable":true,"href":"https:\/\/www.rupertport.com\/fr\/wp-json\/wp\/v2\/users\/7"}],"replies":[{"embeddable":true,"href":"https:\/\/www.rupertport.com\/fr\/wp-json\/wp\/v2\/comments?post=19644"}],"version-history":[{"count":3,"href":"https:\/\/www.rupertport.com\/fr\/wp-json\/wp\/v2\/pages\/19644\/revisions"}],"predecessor-version":[{"id":19687,"href":"https:\/\/www.rupertport.com\/fr\/wp-json\/wp\/v2\/pages\/19644\/revisions\/19687"}],"wp:featuredmedia":[{"embeddable":true,"href":"https:\/\/www.rupertport.com\/fr\/wp-json\/wp\/v2\/media\/17224"}],"wp:attachment":[{"href":"https:\/\/www.rupertport.com\/fr\/wp-json\/wp\/v2\/media?parent=19644"}],"curies":[{"name":"wp","href":"https:\/\/api.w.org\/{rel}","templated":true}]}}