{"id":19640,"date":"2023-09-13T23:16:35","date_gmt":"2023-09-14T07:16:35","guid":{"rendered":"https:\/\/www.rupertport.com\/forestry\/"},"modified":"2024-06-06T09:03:16","modified_gmt":"2024-06-06T17:03:16","slug":"forestry","status":"publish","type":"page","link":"https:\/\/www.rupertport.com\/fr\/forestry\/","title":{"rendered":"FORESTERIE"},"content":{"rendered":"\n<h1 class=\"wp-block-heading\">FORESTERIE<\/h1>\n\n\n\n<hr class=\"wp-block-separator has-alpha-channel-opacity\"\/>\n\n\n\n<h1 class=\"wp-block-heading\">Fournir des produits du bois tr\u00e8s demand\u00e9s sur les march\u00e9s internationaux <\/h1>\n\n\n\n<div style=\"padding:56.25% 0 0 0;position:relative;\"><iframe src=\"https:\/\/player.vimeo.com\/video\/234360176?h=4cc82f913b&#038;badge=0&#038;autopause=0&#038;player_id=0&#038;app_id=58479\" frameborder=\"0\" allow=\"autoplay; fullscreen; picture-in-picture\" style=\"position:absolute;top:0;left:0;width:100%;height:100%;\" title=\"PRPA_JOC Publicit\u00e9 de 60 secondes.mp4\"><\/iframe><\/div><script src=\"https:\/\/player.vimeo.com\/api\/player.js\"><\/script>\n\n\n\n<div style=\"height:20px\" aria-hidden=\"true\" class=\"wp-block-spacer\"><\/div>\n\n\n\n<p>Le port de Prince Rupert re\u00e7oit des grumes, du bois d&rsquo;\u0153uvre, du papier, de la p\u00e2te \u00e0 papier et des granul\u00e9s de bois en provenance de l&rsquo;ensemble de l&rsquo;Ouest canadien, et relie ces principaux fournisseurs forestiers aux march\u00e9s d&rsquo;outre-mer d&rsquo;Europe occidentale et d&rsquo;Asie. <\/p>\n\n\n\n<hr class=\"wp-block-separator has-alpha-channel-opacity\"\/>\n\n\n\n<div class=\"wp-block-columns is-layout-flex wp-container-core-columns-is-layout-9d6595d7 wp-block-columns-is-layout-flex\">\n<div class=\"wp-block-column is-layout-flow wp-block-column-is-layout-flow\">\n<h2 class=\"wp-block-heading\"><strong>Terminal de granul\u00e9s de bois Westview<\/strong><\/h2>\n\n\n\n<p>Le terminal de granul\u00e9s de bois de Westview est la premi\u00e8re installation d&rsquo;exportation de granul\u00e9s de bois construite \u00e0 cet effet en Am\u00e9rique du Nord. L&rsquo;installation a une capacit\u00e9 annuelle d&rsquo;exp\u00e9dition de 1,25 million de tonnes de granul\u00e9s de bois vers les march\u00e9s mondiaux en vue de leur utilisation pour la production d&rsquo;\u00e9lectricit\u00e9. <\/p>\n\n\n\n<p>Les granul\u00e9s de bois sont fabriqu\u00e9s \u00e0 partir de d\u00e9chets de bois tels que les d\u00e9chets d&rsquo;exploitation foresti\u00e8re et les r\u00e9sidus de scierie. Les granul\u00e9s sont produits en comprimant les d\u00e9chets de bois \u00e0 des temp\u00e9ratures \u00e9lev\u00e9es. La lignine contenue dans le bois forme une colle naturelle qui maintient les granul\u00e9s ensemble lorsqu&rsquo;ils refroidissent. Le march\u00e9 mondial des granul\u00e9s de bois conna\u00eet une croissance rapide en raison de la demande de combustibles renouvelables issus de la biomasse pour remplacer les combustibles fossiles dans les chaudi\u00e8res \u00e9lectriques et le chauffage des locaux. <\/p>\n<\/div>\n\n\n\n<div class=\"wp-block-column is-layout-flow wp-block-column-is-layout-flow\">\n<figure class=\"wp-block-image size-large\"><img loading=\"lazy\" decoding=\"async\" width=\"1024\" height=\"767\" src=\"https:\/\/www.rupertport.com\/wp-content\/uploads\/2023\/09\/PRPA_20210913_Westview-Terminal-Drax-Wood-Pellet019_Coppersky-Drone-1024x767.jpg\" alt=\"\" class=\"wp-image-16626\" srcset=\"https:\/\/www.rupertport.com\/wp-content\/uploads\/2023\/09\/PRPA_20210913_Westview-Terminal-Drax-Wood-Pellet019_Coppersky-Drone-1024x767.jpg 1024w, https:\/\/www.rupertport.com\/wp-content\/uploads\/2023\/09\/PRPA_20210913_Westview-Terminal-Drax-Wood-Pellet019_Coppersky-Drone-300x225.jpg 300w, https:\/\/www.rupertport.com\/wp-content\/uploads\/2023\/09\/PRPA_20210913_Westview-Terminal-Drax-Wood-Pellet019_Coppersky-Drone-768x576.jpg 768w, https:\/\/www.rupertport.com\/wp-content\/uploads\/2023\/09\/PRPA_20210913_Westview-Terminal-Drax-Wood-Pellet019_Coppersky-Drone-1536x1151.jpg 1536w, https:\/\/www.rupertport.com\/wp-content\/uploads\/2023\/09\/PRPA_20210913_Westview-Terminal-Drax-Wood-Pellet019_Coppersky-Drone.jpg 1920w\" sizes=\"auto, (max-width: 1024px) 100vw, 1024px\" \/><\/figure>\n<\/div>\n<\/div>\n\n\n\n<div class=\"wp-block-columns is-layout-flex wp-container-core-columns-is-layout-9d6595d7 wp-block-columns-is-layout-flex\">\n<div class=\"wp-block-column is-layout-flow wp-block-column-is-layout-flow\">\n<figure class=\"wp-block-image size-large\"><img loading=\"lazy\" decoding=\"async\" width=\"1024\" height=\"683\" src=\"https:\/\/www.rupertport.com\/wp-content\/uploads\/2023\/09\/Port_Prince_Rupert_347-by-Larry-Goldstein-2018-1024x683.jpg\" alt=\"\" class=\"wp-image-16614\" srcset=\"https:\/\/www.rupertport.com\/wp-content\/uploads\/2023\/09\/Port_Prince_Rupert_347-by-Larry-Goldstein-2018-1024x683.jpg 1024w, https:\/\/www.rupertport.com\/wp-content\/uploads\/2023\/09\/Port_Prince_Rupert_347-by-Larry-Goldstein-2018-300x200.jpg 300w, https:\/\/www.rupertport.com\/wp-content\/uploads\/2023\/09\/Port_Prince_Rupert_347-by-Larry-Goldstein-2018-768x512.jpg 768w, https:\/\/www.rupertport.com\/wp-content\/uploads\/2023\/09\/Port_Prince_Rupert_347-by-Larry-Goldstein-2018-1536x1024.jpg 1536w, https:\/\/www.rupertport.com\/wp-content\/uploads\/2023\/09\/Port_Prince_Rupert_347-by-Larry-Goldstein-2018-2048x1365.jpg 2048w\" sizes=\"auto, (max-width: 1024px) 100vw, 1024px\" \/><\/figure>\n<\/div>\n\n\n\n<div class=\"wp-block-column is-layout-flow wp-block-column-is-layout-flow\">\n<h2 class=\"wp-block-heading\"><strong>Terminal \u00e0 conteneurs de Fairview <\/strong><\/h2>\n\n\n\n<p>Chaque conteneur rempli de bois d&rsquo;\u0153uvre et chaque cargaison en vrac de granul\u00e9s de bois export\u00e9s par le port de Prince Rupert repr\u00e9sente le travail exigeant et l&rsquo;engagement des industries des ressources naturelles et des services de la passerelle de la Colombie-Britannique. <\/p>\n<\/div>\n<\/div>\n\n\n\n<hr class=\"wp-block-separator has-alpha-channel-opacity\"\/>\n\n\n\n<h2 class=\"wp-block-heading\">D\u00e9couvrez nos produits :<\/h2>\n\n\n\n<figure class=\"wp-block-gallery has-nested-images columns-4 is-cropped wp-block-gallery-1 is-layout-flex wp-block-gallery-is-layout-flex\">\n<figure class=\"wp-block-image size-large\"><a href=\"https:\/\/www.rupertport.com\/fr\/agriculture\/\"><img loading=\"lazy\" decoding=\"async\" width=\"600\" height=\"600\" data-id=\"16381\" src=\"https:\/\/www.rupertport.com\/wp-content\/uploads\/2023\/09\/agriculture.jpg\" alt=\"\" class=\"wp-image-16381\" srcset=\"https:\/\/www.rupertport.com\/wp-content\/uploads\/2023\/09\/agriculture.jpg 600w, https:\/\/www.rupertport.com\/wp-content\/uploads\/2023\/09\/agriculture-300x300.jpg 300w, https:\/\/www.rupertport.com\/wp-content\/uploads\/2023\/09\/agriculture-150x150.jpg 150w\" sizes=\"auto, (max-width: 600px) 100vw, 600px\" \/><\/a><\/figure>\n\n\n\n<figure class=\"wp-block-image size-full\"><a href=\"https:\/\/www.rupertport.com\/fr\/nos-avantages-2\/\"><img loading=\"lazy\" decoding=\"async\" width=\"600\" height=\"600\" data-id=\"19668\" src=\"https:\/\/www.rupertport.com\/wp-content\/uploads\/2024\/06\/MicrosoftTeams-image-17.png\" alt=\"\" class=\"wp-image-19668\" srcset=\"https:\/\/www.rupertport.com\/wp-content\/uploads\/2024\/06\/MicrosoftTeams-image-17.png 600w, https:\/\/www.rupertport.com\/wp-content\/uploads\/2024\/06\/MicrosoftTeams-image-17-300x300.png 300w, https:\/\/www.rupertport.com\/wp-content\/uploads\/2024\/06\/MicrosoftTeams-image-17-150x150.png 150w\" sizes=\"auto, (max-width: 600px) 100vw, 600px\" \/><\/a><\/figure>\n\n\n\n<figure class=\"wp-block-image size-large\"><a href=\"https:\/\/www.rupertport.com\/fr\/intermodal-2\/\"><img loading=\"lazy\" decoding=\"async\" width=\"600\" height=\"600\" data-id=\"16377\" src=\"https:\/\/www.rupertport.com\/wp-content\/uploads\/2023\/09\/intermodal-1.jpg\" alt=\"\" class=\"wp-image-16377\" srcset=\"https:\/\/www.rupertport.com\/wp-content\/uploads\/2023\/09\/intermodal-1.jpg 600w, https:\/\/www.rupertport.com\/wp-content\/uploads\/2023\/09\/intermodal-1-300x300.jpg 300w, https:\/\/www.rupertport.com\/wp-content\/uploads\/2023\/09\/intermodal-1-150x150.jpg 150w\" sizes=\"auto, (max-width: 600px) 100vw, 600px\" \/><\/a><\/figure>\n\n\n\n<figure class=\"wp-block-image size-full\"><a href=\"https:\/\/www.rupertport.com\/fr\/energie\/\"><img loading=\"lazy\" decoding=\"async\" width=\"600\" height=\"600\" data-id=\"19670\" src=\"https:\/\/www.rupertport.com\/wp-content\/uploads\/2024\/06\/MicrosoftTeams-image-16.png\" alt=\"\" class=\"wp-image-19670\" srcset=\"https:\/\/www.rupertport.com\/wp-content\/uploads\/2024\/06\/MicrosoftTeams-image-16.png 600w, https:\/\/www.rupertport.com\/wp-content\/uploads\/2024\/06\/MicrosoftTeams-image-16-300x300.png 300w, https:\/\/www.rupertport.com\/wp-content\/uploads\/2024\/06\/MicrosoftTeams-image-16-150x150.png 150w\" sizes=\"auto, (max-width: 600px) 100vw, 600px\" \/><\/a><\/figure>\n<\/figure>\n\n\n\n<h2 class=\"wp-block-heading\">Fiches d&rsquo;information:<\/h2>\n\n\n\n<div class=\"wp-block-columns is-layout-flex wp-container-core-columns-is-layout-9d6595d7 wp-block-columns-is-layout-flex\">\n<div class=\"wp-block-column is-layout-flow wp-block-column-is-layout-flow\">\n<h3 class=\"wp-block-heading\">WESTVIEW WOOD PELLET:<\/h3>\n\n\n\n<figure class=\"wp-block-image size-large\"><a href=\"https:\/\/rupertport.mediavalet.com\/galleries\/152a2000-8015-4bfb-b183-1f359f7a38f1_8bd84916-265d-48f2-8224-d1d757c541ee-ExternalUser\" target=\"_blank\" rel=\"noreferrer noopener\"><img loading=\"lazy\" decoding=\"async\" width=\"806\" height=\"1024\" src=\"https:\/\/www.rupertport.com\/wp-content\/uploads\/2023\/10\/prpa-factsheets-WESTVIEW-TERMINAL-sep2022-v1.1-1-download-806x1024.jpg\" alt=\"\" class=\"wp-image-17284\" srcset=\"https:\/\/www.rupertport.com\/wp-content\/uploads\/2023\/10\/prpa-factsheets-WESTVIEW-TERMINAL-sep2022-v1.1-1-download-806x1024.jpg 806w, https:\/\/www.rupertport.com\/wp-content\/uploads\/2023\/10\/prpa-factsheets-WESTVIEW-TERMINAL-sep2022-v1.1-1-download-236x300.jpg 236w, https:\/\/www.rupertport.com\/wp-content\/uploads\/2023\/10\/prpa-factsheets-WESTVIEW-TERMINAL-sep2022-v1.1-1-download-768x975.jpg 768w, https:\/\/www.rupertport.com\/wp-content\/uploads\/2023\/10\/prpa-factsheets-WESTVIEW-TERMINAL-sep2022-v1.1-1-download.jpg 1063w\" sizes=\"auto, (max-width: 806px) 100vw, 806px\" \/><\/a><\/figure>\n<\/div>\n\n\n\n<div class=\"wp-block-column is-layout-flow wp-block-column-is-layout-flow\"><\/div>\n\n\n\n<div class=\"wp-block-column is-layout-flow wp-block-column-is-layout-flow\"><\/div>\n<\/div>\n\n\n\n<p><\/p>\n","protected":false},"excerpt":{"rendered":"<p>FORESTERIE Fournir des produits du bois tr\u00e8s demand\u00e9s sur les march\u00e9s internationaux Le port de Prince Rupert re\u00e7oit des grumes, du bois d&rsquo;\u0153uvre, du papier, de la p\u00e2te \u00e0 papier et des granul\u00e9s de bois en provenance de l&rsquo;ensemble de l&rsquo;Ouest canadien, et relie ces principaux fournisseurs forestiers aux march\u00e9s d&rsquo;outre-mer d&rsquo;Europe occidentale et d&rsquo;Asie. [&hellip;]<\/p>\n","protected":false},"author":7,"featured_media":16627,"parent":0,"menu_order":0,"comment_status":"closed","ping_status":"closed","template":"","meta":{"_acf_changed":false,"footnotes":""},"class_list":["post-19640","page","type-page","status-publish","has-post-thumbnail","hentry"],"acf":[],"yoast_head":"<!-- This site is optimized with the Yoast SEO plugin v26.8 - https:\/\/yoast.com\/product\/yoast-seo-wordpress\/ -->\n<title>FORESTERIE | Autorit\u00e9 portuaire de Prince Rupert<\/title>\n<meta name=\"robots\" content=\"index, follow, max-snippet:-1, max-image-preview:large, max-video-preview:-1\" \/>\n<link rel=\"canonical\" href=\"https:\/\/www.rupertport.com\/fr\/forestry\/\" \/>\n<meta property=\"og:locale\" content=\"fr_FR\" \/>\n<meta property=\"og:type\" content=\"article\" \/>\n<meta property=\"og:title\" content=\"FORESTERIE | Autorit\u00e9 portuaire de Prince Rupert\" \/>\n<meta property=\"og:description\" content=\"FORESTERIE Fournir des produits du bois tr\u00e8s demand\u00e9s sur les march\u00e9s internationaux Le port de Prince Rupert re\u00e7oit des grumes, du bois d&rsquo;\u0153uvre, du papier, de la p\u00e2te \u00e0 papier et des granul\u00e9s de bois en provenance de l&rsquo;ensemble de l&rsquo;Ouest canadien, et relie ces principaux fournisseurs forestiers aux march\u00e9s d&rsquo;outre-mer d&rsquo;Europe occidentale et d&rsquo;Asie. [&hellip;]\" \/>\n<meta property=\"og:url\" content=\"https:\/\/www.rupertport.com\/fr\/forestry\/\" \/>\n<meta property=\"og:site_name\" content=\"Autorit\u00e9 portuaire de Prince Rupert\" \/>\n<meta property=\"article:publisher\" content=\"https:\/\/www.facebook.com\/rupertport\/\" \/>\n<meta property=\"article:modified_time\" content=\"2024-06-06T17:03:16+00:00\" \/>\n<meta property=\"og:image\" content=\"https:\/\/www.rupertport.com\/wp-content\/uploads\/2023\/09\/PRPA_20210913_Westview-Terminal-Drax-Wood-Pellet019_Coppersky-Drone.jpg\" \/>\n\t<meta property=\"og:image:width\" content=\"1920\" \/>\n\t<meta property=\"og:image:height\" content=\"1439\" \/>\n\t<meta property=\"og:image:type\" content=\"image\/jpeg\" \/>\n<meta name=\"twitter:card\" content=\"summary_large_image\" \/>\n<meta name=\"twitter:site\" content=\"@rupertport\" \/>\n<script type=\"application\/ld+json\" class=\"yoast-schema-graph\">{\"@context\":\"https:\/\/schema.org\",\"@graph\":[{\"@type\":\"WebPage\",\"@id\":\"https:\/\/www.rupertport.com\/fr\/forestry\/\",\"url\":\"https:\/\/www.rupertport.com\/fr\/forestry\/\",\"name\":\"FORESTERIE | Autorit\u00e9 portuaire de Prince Rupert\",\"isPartOf\":{\"@id\":\"https:\/\/www.rupertport.com\/fr\/#website\"},\"primaryImageOfPage\":{\"@id\":\"https:\/\/www.rupertport.com\/fr\/forestry\/#primaryimage\"},\"image\":{\"@id\":\"https:\/\/www.rupertport.com\/fr\/forestry\/#primaryimage\"},\"thumbnailUrl\":\"https:\/\/www.rupertport.com\/wp-content\/uploads\/2023\/09\/PRPA_20210913_Westview-Terminal-Drax-Wood-Pellet019_Coppersky-Drone.jpg\",\"datePublished\":\"2023-09-14T07:16:35+00:00\",\"dateModified\":\"2024-06-06T17:03:16+00:00\",\"breadcrumb\":{\"@id\":\"https:\/\/www.rupertport.com\/fr\/forestry\/#breadcrumb\"},\"inLanguage\":\"fr-FR\",\"potentialAction\":[{\"@type\":\"ReadAction\",\"target\":[\"https:\/\/www.rupertport.com\/fr\/forestry\/\"]}]},{\"@type\":\"ImageObject\",\"inLanguage\":\"fr-FR\",\"@id\":\"https:\/\/www.rupertport.com\/fr\/forestry\/#primaryimage\",\"url\":\"https:\/\/www.rupertport.com\/wp-content\/uploads\/2023\/09\/PRPA_20210913_Westview-Terminal-Drax-Wood-Pellet019_Coppersky-Drone.jpg\",\"contentUrl\":\"https:\/\/www.rupertport.com\/wp-content\/uploads\/2023\/09\/PRPA_20210913_Westview-Terminal-Drax-Wood-Pellet019_Coppersky-Drone.jpg\",\"width\":1920,\"height\":1439},{\"@type\":\"BreadcrumbList\",\"@id\":\"https:\/\/www.rupertport.com\/fr\/forestry\/#breadcrumb\",\"itemListElement\":[{\"@type\":\"ListItem\",\"position\":1,\"name\":\"Home\",\"item\":\"https:\/\/www.rupertport.com\/fr\/page-de-garde\/\"},{\"@type\":\"ListItem\",\"position\":2,\"name\":\"FORESTERIE\"}]},{\"@type\":\"WebSite\",\"@id\":\"https:\/\/www.rupertport.com\/fr\/#website\",\"url\":\"https:\/\/www.rupertport.com\/fr\/\",\"name\":\"Prince Rupert Port Authority\",\"description\":\"L'avant-garde du Canada\",\"publisher\":{\"@id\":\"https:\/\/www.rupertport.com\/fr\/#organization\"},\"alternateName\":\"PRPA\",\"potentialAction\":[{\"@type\":\"SearchAction\",\"target\":{\"@type\":\"EntryPoint\",\"urlTemplate\":\"https:\/\/www.rupertport.com\/fr\/?s={search_term_string}\"},\"query-input\":{\"@type\":\"PropertyValueSpecification\",\"valueRequired\":true,\"valueName\":\"search_term_string\"}}],\"inLanguage\":\"fr-FR\"},{\"@type\":\"Organization\",\"@id\":\"https:\/\/www.rupertport.com\/fr\/#organization\",\"name\":\"Prince Rupert Port Authority\",\"alternateName\":\"PRPA\",\"url\":\"https:\/\/www.rupertport.com\/fr\/\",\"logo\":{\"@type\":\"ImageObject\",\"inLanguage\":\"fr-FR\",\"@id\":\"https:\/\/www.rupertport.com\/fr\/#\/schema\/logo\/image\/\",\"url\":\"https:\/\/www.rupertport.com\/wp-content\/uploads\/2021\/04\/cropped-PRPA-logo-meta-1200x1200-1.jpg\",\"contentUrl\":\"https:\/\/www.rupertport.com\/wp-content\/uploads\/2021\/04\/cropped-PRPA-logo-meta-1200x1200-1.jpg\",\"width\":512,\"height\":512,\"caption\":\"Prince Rupert Port Authority\"},\"image\":{\"@id\":\"https:\/\/www.rupertport.com\/fr\/#\/schema\/logo\/image\/\"},\"sameAs\":[\"https:\/\/www.facebook.com\/rupertport\/\",\"https:\/\/x.com\/rupertport\"]}]}<\/script>\n<!-- \/ Yoast SEO plugin. -->","yoast_head_json":{"title":"FORESTERIE | Autorit\u00e9 portuaire de Prince Rupert","robots":{"index":"index","follow":"follow","max-snippet":"max-snippet:-1","max-image-preview":"max-image-preview:large","max-video-preview":"max-video-preview:-1"},"canonical":"https:\/\/www.rupertport.com\/fr\/forestry\/","og_locale":"fr_FR","og_type":"article","og_title":"FORESTERIE | Autorit\u00e9 portuaire de Prince Rupert","og_description":"FORESTERIE Fournir des produits du bois tr\u00e8s demand\u00e9s sur les march\u00e9s internationaux Le port de Prince Rupert re\u00e7oit des grumes, du bois d&rsquo;\u0153uvre, du papier, de la p\u00e2te \u00e0 papier et des granul\u00e9s de bois en provenance de l&rsquo;ensemble de l&rsquo;Ouest canadien, et relie ces principaux fournisseurs forestiers aux march\u00e9s d&rsquo;outre-mer d&rsquo;Europe occidentale et d&rsquo;Asie. [&hellip;]","og_url":"https:\/\/www.rupertport.com\/fr\/forestry\/","og_site_name":"Autorit\u00e9 portuaire de Prince Rupert","article_publisher":"https:\/\/www.facebook.com\/rupertport\/","article_modified_time":"2024-06-06T17:03:16+00:00","og_image":[{"width":1920,"height":1439,"url":"https:\/\/www.rupertport.com\/wp-content\/uploads\/2023\/09\/PRPA_20210913_Westview-Terminal-Drax-Wood-Pellet019_Coppersky-Drone.jpg","type":"image\/jpeg"}],"twitter_card":"summary_large_image","twitter_site":"@rupertport","schema":{"@context":"https:\/\/schema.org","@graph":[{"@type":"WebPage","@id":"https:\/\/www.rupertport.com\/fr\/forestry\/","url":"https:\/\/www.rupertport.com\/fr\/forestry\/","name":"FORESTERIE | Autorit\u00e9 portuaire de Prince Rupert","isPartOf":{"@id":"https:\/\/www.rupertport.com\/fr\/#website"},"primaryImageOfPage":{"@id":"https:\/\/www.rupertport.com\/fr\/forestry\/#primaryimage"},"image":{"@id":"https:\/\/www.rupertport.com\/fr\/forestry\/#primaryimage"},"thumbnailUrl":"https:\/\/www.rupertport.com\/wp-content\/uploads\/2023\/09\/PRPA_20210913_Westview-Terminal-Drax-Wood-Pellet019_Coppersky-Drone.jpg","datePublished":"2023-09-14T07:16:35+00:00","dateModified":"2024-06-06T17:03:16+00:00","breadcrumb":{"@id":"https:\/\/www.rupertport.com\/fr\/forestry\/#breadcrumb"},"inLanguage":"fr-FR","potentialAction":[{"@type":"ReadAction","target":["https:\/\/www.rupertport.com\/fr\/forestry\/"]}]},{"@type":"ImageObject","inLanguage":"fr-FR","@id":"https:\/\/www.rupertport.com\/fr\/forestry\/#primaryimage","url":"https:\/\/www.rupertport.com\/wp-content\/uploads\/2023\/09\/PRPA_20210913_Westview-Terminal-Drax-Wood-Pellet019_Coppersky-Drone.jpg","contentUrl":"https:\/\/www.rupertport.com\/wp-content\/uploads\/2023\/09\/PRPA_20210913_Westview-Terminal-Drax-Wood-Pellet019_Coppersky-Drone.jpg","width":1920,"height":1439},{"@type":"BreadcrumbList","@id":"https:\/\/www.rupertport.com\/fr\/forestry\/#breadcrumb","itemListElement":[{"@type":"ListItem","position":1,"name":"Home","item":"https:\/\/www.rupertport.com\/fr\/page-de-garde\/"},{"@type":"ListItem","position":2,"name":"FORESTERIE"}]},{"@type":"WebSite","@id":"https:\/\/www.rupertport.com\/fr\/#website","url":"https:\/\/www.rupertport.com\/fr\/","name":"Prince Rupert Port Authority","description":"L'avant-garde du Canada","publisher":{"@id":"https:\/\/www.rupertport.com\/fr\/#organization"},"alternateName":"PRPA","potentialAction":[{"@type":"SearchAction","target":{"@type":"EntryPoint","urlTemplate":"https:\/\/www.rupertport.com\/fr\/?s={search_term_string}"},"query-input":{"@type":"PropertyValueSpecification","valueRequired":true,"valueName":"search_term_string"}}],"inLanguage":"fr-FR"},{"@type":"Organization","@id":"https:\/\/www.rupertport.com\/fr\/#organization","name":"Prince Rupert Port Authority","alternateName":"PRPA","url":"https:\/\/www.rupertport.com\/fr\/","logo":{"@type":"ImageObject","inLanguage":"fr-FR","@id":"https:\/\/www.rupertport.com\/fr\/#\/schema\/logo\/image\/","url":"https:\/\/www.rupertport.com\/wp-content\/uploads\/2021\/04\/cropped-PRPA-logo-meta-1200x1200-1.jpg","contentUrl":"https:\/\/www.rupertport.com\/wp-content\/uploads\/2021\/04\/cropped-PRPA-logo-meta-1200x1200-1.jpg","width":512,"height":512,"caption":"Prince Rupert Port Authority"},"image":{"@id":"https:\/\/www.rupertport.com\/fr\/#\/schema\/logo\/image\/"},"sameAs":["https:\/\/www.facebook.com\/rupertport\/","https:\/\/x.com\/rupertport"]}]}},"_links":{"self":[{"href":"https:\/\/www.rupertport.com\/fr\/wp-json\/wp\/v2\/pages\/19640","targetHints":{"allow":["GET"]}}],"collection":[{"href":"https:\/\/www.rupertport.com\/fr\/wp-json\/wp\/v2\/pages"}],"about":[{"href":"https:\/\/www.rupertport.com\/fr\/wp-json\/wp\/v2\/types\/page"}],"author":[{"embeddable":true,"href":"https:\/\/www.rupertport.com\/fr\/wp-json\/wp\/v2\/users\/7"}],"replies":[{"embeddable":true,"href":"https:\/\/www.rupertport.com\/fr\/wp-json\/wp\/v2\/comments?post=19640"}],"version-history":[{"count":5,"href":"https:\/\/www.rupertport.com\/fr\/wp-json\/wp\/v2\/pages\/19640\/revisions"}],"predecessor-version":[{"id":19677,"href":"https:\/\/www.rupertport.com\/fr\/wp-json\/wp\/v2\/pages\/19640\/revisions\/19677"}],"wp:featuredmedia":[{"embeddable":true,"href":"https:\/\/www.rupertport.com\/fr\/wp-json\/wp\/v2\/media\/16627"}],"wp:attachment":[{"href":"https:\/\/www.rupertport.com\/fr\/wp-json\/wp\/v2\/media?parent=19640"}],"curies":[{"name":"wp","href":"https:\/\/api.w.org\/{rel}","templated":true}]}}