{"id":19632,"date":"2023-09-13T23:17:07","date_gmt":"2023-09-14T07:17:07","guid":{"rendered":"https:\/\/www.rupertport.com\/energie\/"},"modified":"2024-06-06T09:53:39","modified_gmt":"2024-06-06T17:53:39","slug":"energie","status":"publish","type":"page","link":"https:\/\/www.rupertport.com\/fr\/energie\/","title":{"rendered":"\u00c9NERGIE"},"content":{"rendered":"\n<h1 class=\"wp-block-heading\">\u00c9NERGIE<\/h1>\n\n\n\n<hr class=\"wp-block-separator has-alpha-channel-opacity\"\/>\n\n\n\n<h1 class=\"wp-block-heading\">Fournir des produits de l&rsquo;\u00e9nergie tr\u00e8s demand\u00e9s sur les march\u00e9s internationaux<\/h1>\n\n\n\n<p>Le port de Prince Rupert re\u00e7oit du propane, du charbon et des biocarburants de tout l&rsquo;Ouest canadien et relie ces principaux fournisseurs d&rsquo;\u00e9nergie aux march\u00e9s d&rsquo;outre-mer d&rsquo;Europe occidentale et d&rsquo;Asie.<\/p>\n\n\n\n<figure class=\"wp-block-image size-large\"><img loading=\"lazy\" decoding=\"async\" width=\"1024\" height=\"768\" src=\"https:\/\/www.rupertport.com\/wp-content\/uploads\/2023\/09\/lpg-vessel-ridley-island-trigon-1024x768.jpg\" alt=\"\" class=\"wp-image-16684\" srcset=\"https:\/\/www.rupertport.com\/wp-content\/uploads\/2023\/09\/lpg-vessel-ridley-island-trigon-1024x768.jpg 1024w, https:\/\/www.rupertport.com\/wp-content\/uploads\/2023\/09\/lpg-vessel-ridley-island-trigon-300x225.jpg 300w, https:\/\/www.rupertport.com\/wp-content\/uploads\/2023\/09\/lpg-vessel-ridley-island-trigon-768x576.jpg 768w, https:\/\/www.rupertport.com\/wp-content\/uploads\/2023\/09\/lpg-vessel-ridley-island-trigon-1536x1152.jpg 1536w, https:\/\/www.rupertport.com\/wp-content\/uploads\/2023\/09\/lpg-vessel-ridley-island-trigon.jpg 1920w\" sizes=\"auto, (max-width: 1024px) 100vw, 1024px\" \/><\/figure>\n\n\n\n<hr class=\"wp-block-separator has-alpha-channel-opacity\"\/>\n\n\n\n<p>Le port de Prince Rupert offre un acc\u00e8s aux march\u00e9s mondiaux pour les produits de l&rsquo;\u00e9nergie canadiens tr\u00e8s demand\u00e9s. Trigon Pacific Terminals fournit un point d&rsquo;exportation pour les vastes r\u00e9serves de charbon m\u00e9tallurgique et thermique. Le terminal d&rsquo;exportation de propane de Ridley Island (RIPET) d&rsquo;AltaGas est la premi\u00e8re installation d&rsquo;exportation de propane au Canada. Le terminal Westview Wood Pellet est la premi\u00e8re installation nord-am\u00e9ricaine d&rsquo;exportation de granul\u00e9s de bois destin\u00e9s \u00e0 la production d&rsquo;\u00e9lectricit\u00e9. Pour r\u00e9pondre \u00e0 la demande mondiale croissante de carburants de transition \u00e0 faible teneur en carbone, le port s&rsquo;efforce d&rsquo;\u00e9tendre ses installations de stockage de liquides en vrac en d\u00e9veloppant la Ridley Island Energy Export Facility (REEF), un terminal de gaz de p\u00e9trole liqu\u00e9fi\u00e9 (GPL) et de liquides en vrac \u00e0 grande \u00e9chelle, ainsi qu&rsquo;une installation d&rsquo;accostage et de chargement maritime dans le port de Prince Rupert.<\/p>\n\n\n\n<hr class=\"wp-block-separator has-alpha-channel-opacity\"\/>\n\n\n\n\n\n\n\n<h2 class=\"wp-block-heading\">D\u00e9couvrez nos produits :<\/h2>\n\n\n\n<figure class=\"wp-block-gallery has-nested-images columns-4 is-cropped wp-block-gallery-1 is-layout-flex wp-block-gallery-is-layout-flex\">\n<figure class=\"wp-block-image size-full\"><a href=\"https:\/\/www.rupertport.com\/fr\/forestry\/\"><img loading=\"lazy\" decoding=\"async\" width=\"600\" height=\"600\" data-id=\"19666\" src=\"https:\/\/www.rupertport.com\/wp-content\/uploads\/2024\/06\/MicrosoftTeams-image-18.png\" alt=\"\" class=\"wp-image-19666\" srcset=\"https:\/\/www.rupertport.com\/wp-content\/uploads\/2024\/06\/MicrosoftTeams-image-18.png 600w, https:\/\/www.rupertport.com\/wp-content\/uploads\/2024\/06\/MicrosoftTeams-image-18-300x300.png 300w, https:\/\/www.rupertport.com\/wp-content\/uploads\/2024\/06\/MicrosoftTeams-image-18-150x150.png 150w\" sizes=\"auto, (max-width: 600px) 100vw, 600px\" \/><\/a><\/figure>\n\n\n\n<figure class=\"wp-block-image size-full\"><a href=\"https:\/\/www.rupertport.com\/fr\/agriculture\/\"><img loading=\"lazy\" decoding=\"async\" width=\"600\" height=\"600\" data-id=\"16670\" src=\"https:\/\/www.rupertport.com\/wp-content\/uploads\/2023\/09\/agriculture-1.jpg\" alt=\"\" class=\"wp-image-16670\" srcset=\"https:\/\/www.rupertport.com\/wp-content\/uploads\/2023\/09\/agriculture-1.jpg 600w, https:\/\/www.rupertport.com\/wp-content\/uploads\/2023\/09\/agriculture-1-300x300.jpg 300w, https:\/\/www.rupertport.com\/wp-content\/uploads\/2023\/09\/agriculture-1-150x150.jpg 150w\" sizes=\"auto, (max-width: 600px) 100vw, 600px\" \/><\/a><\/figure>\n\n\n\n<figure class=\"wp-block-image size-full\"><a href=\"https:\/\/www.rupertport.com\/fr\/nos-avantages-2\/\"><img loading=\"lazy\" decoding=\"async\" width=\"600\" height=\"600\" data-id=\"19668\" src=\"https:\/\/www.rupertport.com\/wp-content\/uploads\/2024\/06\/MicrosoftTeams-image-17.png\" alt=\"\" class=\"wp-image-19668\" srcset=\"https:\/\/www.rupertport.com\/wp-content\/uploads\/2024\/06\/MicrosoftTeams-image-17.png 600w, https:\/\/www.rupertport.com\/wp-content\/uploads\/2024\/06\/MicrosoftTeams-image-17-300x300.png 300w, https:\/\/www.rupertport.com\/wp-content\/uploads\/2024\/06\/MicrosoftTeams-image-17-150x150.png 150w\" sizes=\"auto, (max-width: 600px) 100vw, 600px\" \/><\/a><\/figure>\n\n\n\n<figure class=\"wp-block-image size-full\"><a href=\"https:\/\/www.rupertport.com\/fr\/intermodal-2\/\"><img loading=\"lazy\" decoding=\"async\" width=\"600\" height=\"600\" data-id=\"16674\" src=\"https:\/\/www.rupertport.com\/wp-content\/uploads\/2023\/09\/intermodal-2.jpg\" alt=\"\" class=\"wp-image-16674\" srcset=\"https:\/\/www.rupertport.com\/wp-content\/uploads\/2023\/09\/intermodal-2.jpg 600w, https:\/\/www.rupertport.com\/wp-content\/uploads\/2023\/09\/intermodal-2-300x300.jpg 300w, https:\/\/www.rupertport.com\/wp-content\/uploads\/2023\/09\/intermodal-2-150x150.jpg 150w\" sizes=\"auto, (max-width: 600px) 100vw, 600px\" \/><\/a><\/figure>\n<\/figure>\n\n\n\n<h2 class=\"wp-block-heading\">Fiches d&rsquo;information :<\/h2>\n\n\n\n\n\n\n\n<div class=\"wp-block-columns is-layout-flex wp-container-core-columns-is-layout-9d6595d7 wp-block-columns-is-layout-flex\">\n<div class=\"wp-block-column is-layout-flow wp-block-column-is-layout-flow\">\n<div class=\"wp-block-columns is-layout-flex wp-container-core-columns-is-layout-9d6595d7 wp-block-columns-is-layout-flex\">\n<div class=\"wp-block-column is-layout-flow wp-block-column-is-layout-flow\"><\/div>\n\n\n\n<div class=\"wp-block-column is-layout-flow wp-block-column-is-layout-flow\"><\/div>\n<\/div>\n<\/div>\n\n\n\n<div class=\"wp-block-column is-layout-flow wp-block-column-is-layout-flow\">\n<div class=\"wp-block-columns is-layout-flex wp-container-core-columns-is-layout-9d6595d7 wp-block-columns-is-layout-flex\">\n<div class=\"wp-block-column is-layout-flow wp-block-column-is-layout-flow\"><\/div>\n\n\n\n<div class=\"wp-block-column is-layout-flow wp-block-column-is-layout-flow\"><\/div>\n<\/div>\n<\/div>\n<\/div>\n","protected":false},"excerpt":{"rendered":"<p>\u00c9NERGIE Fournir des produits de l&rsquo;\u00e9nergie tr\u00e8s demand\u00e9s sur les march\u00e9s internationaux Le port de Prince Rupert re\u00e7oit du propane, du charbon et des biocarburants de tout l&rsquo;Ouest canadien et relie ces principaux fournisseurs d&rsquo;\u00e9nergie aux march\u00e9s d&rsquo;outre-mer d&rsquo;Europe occidentale et d&rsquo;Asie. Le port de Prince Rupert offre un acc\u00e8s aux march\u00e9s mondiaux pour les [&hellip;]<\/p>\n","protected":false},"author":7,"featured_media":17242,"parent":0,"menu_order":0,"comment_status":"closed","ping_status":"closed","template":"","meta":{"_acf_changed":false,"footnotes":""},"class_list":["post-19632","page","type-page","status-publish","has-post-thumbnail","hentry"],"acf":[],"yoast_head":"<!-- This site is optimized with the Yoast SEO plugin v26.8 - https:\/\/yoast.com\/product\/yoast-seo-wordpress\/ -->\n<title>\u00c9NERGIE | Autorit\u00e9 portuaire de Prince Rupert<\/title>\n<meta name=\"robots\" content=\"index, follow, max-snippet:-1, max-image-preview:large, max-video-preview:-1\" \/>\n<link rel=\"canonical\" href=\"https:\/\/www.rupertport.com\/fr\/energie\/\" \/>\n<meta property=\"og:locale\" content=\"fr_FR\" \/>\n<meta property=\"og:type\" content=\"article\" \/>\n<meta property=\"og:title\" content=\"\u00c9NERGIE | Autorit\u00e9 portuaire de Prince Rupert\" \/>\n<meta property=\"og:description\" content=\"\u00c9NERGIE Fournir des produits de l&rsquo;\u00e9nergie tr\u00e8s demand\u00e9s sur les march\u00e9s internationaux Le port de Prince Rupert re\u00e7oit du propane, du charbon et des biocarburants de tout l&rsquo;Ouest canadien et relie ces principaux fournisseurs d&rsquo;\u00e9nergie aux march\u00e9s d&rsquo;outre-mer d&rsquo;Europe occidentale et d&rsquo;Asie. Le port de Prince Rupert offre un acc\u00e8s aux march\u00e9s mondiaux pour les [&hellip;]\" \/>\n<meta property=\"og:url\" content=\"https:\/\/www.rupertport.com\/fr\/energie\/\" \/>\n<meta property=\"og:site_name\" content=\"Autorit\u00e9 portuaire de Prince Rupert\" \/>\n<meta property=\"article:publisher\" content=\"https:\/\/www.facebook.com\/rupertport\/\" \/>\n<meta property=\"article:modified_time\" content=\"2024-06-06T17:53:39+00:00\" \/>\n<meta property=\"og:image\" content=\"https:\/\/www.rupertport.com\/wp-content\/uploads\/2023\/10\/POPR-Trigon-banner-2.png\" \/>\n\t<meta property=\"og:image:width\" content=\"1048\" \/>\n\t<meta property=\"og:image:height\" content=\"250\" \/>\n\t<meta property=\"og:image:type\" content=\"image\/png\" \/>\n<meta name=\"twitter:card\" content=\"summary_large_image\" \/>\n<meta name=\"twitter:site\" content=\"@rupertport\" \/>\n<script type=\"application\/ld+json\" class=\"yoast-schema-graph\">{\"@context\":\"https:\/\/schema.org\",\"@graph\":[{\"@type\":\"WebPage\",\"@id\":\"https:\/\/www.rupertport.com\/fr\/energie\/\",\"url\":\"https:\/\/www.rupertport.com\/fr\/energie\/\",\"name\":\"\u00c9NERGIE | Autorit\u00e9 portuaire de Prince Rupert\",\"isPartOf\":{\"@id\":\"https:\/\/www.rupertport.com\/fr\/#website\"},\"primaryImageOfPage\":{\"@id\":\"https:\/\/www.rupertport.com\/fr\/energie\/#primaryimage\"},\"image\":{\"@id\":\"https:\/\/www.rupertport.com\/fr\/energie\/#primaryimage\"},\"thumbnailUrl\":\"https:\/\/www.rupertport.com\/wp-content\/uploads\/2023\/10\/POPR-Trigon-banner-2.png\",\"datePublished\":\"2023-09-14T07:17:07+00:00\",\"dateModified\":\"2024-06-06T17:53:39+00:00\",\"breadcrumb\":{\"@id\":\"https:\/\/www.rupertport.com\/fr\/energie\/#breadcrumb\"},\"inLanguage\":\"fr-FR\",\"potentialAction\":[{\"@type\":\"ReadAction\",\"target\":[\"https:\/\/www.rupertport.com\/fr\/energie\/\"]}]},{\"@type\":\"ImageObject\",\"inLanguage\":\"fr-FR\",\"@id\":\"https:\/\/www.rupertport.com\/fr\/energie\/#primaryimage\",\"url\":\"https:\/\/www.rupertport.com\/wp-content\/uploads\/2023\/10\/POPR-Trigon-banner-2.png\",\"contentUrl\":\"https:\/\/www.rupertport.com\/wp-content\/uploads\/2023\/10\/POPR-Trigon-banner-2.png\",\"width\":1048,\"height\":250},{\"@type\":\"BreadcrumbList\",\"@id\":\"https:\/\/www.rupertport.com\/fr\/energie\/#breadcrumb\",\"itemListElement\":[{\"@type\":\"ListItem\",\"position\":1,\"name\":\"Home\",\"item\":\"https:\/\/www.rupertport.com\/fr\/page-de-garde\/\"},{\"@type\":\"ListItem\",\"position\":2,\"name\":\"\u00c9NERGIE\"}]},{\"@type\":\"WebSite\",\"@id\":\"https:\/\/www.rupertport.com\/fr\/#website\",\"url\":\"https:\/\/www.rupertport.com\/fr\/\",\"name\":\"Prince Rupert Port Authority\",\"description\":\"L'avant-garde du Canada\",\"publisher\":{\"@id\":\"https:\/\/www.rupertport.com\/fr\/#organization\"},\"alternateName\":\"PRPA\",\"potentialAction\":[{\"@type\":\"SearchAction\",\"target\":{\"@type\":\"EntryPoint\",\"urlTemplate\":\"https:\/\/www.rupertport.com\/fr\/?s={search_term_string}\"},\"query-input\":{\"@type\":\"PropertyValueSpecification\",\"valueRequired\":true,\"valueName\":\"search_term_string\"}}],\"inLanguage\":\"fr-FR\"},{\"@type\":\"Organization\",\"@id\":\"https:\/\/www.rupertport.com\/fr\/#organization\",\"name\":\"Prince Rupert Port Authority\",\"alternateName\":\"PRPA\",\"url\":\"https:\/\/www.rupertport.com\/fr\/\",\"logo\":{\"@type\":\"ImageObject\",\"inLanguage\":\"fr-FR\",\"@id\":\"https:\/\/www.rupertport.com\/fr\/#\/schema\/logo\/image\/\",\"url\":\"https:\/\/www.rupertport.com\/wp-content\/uploads\/2021\/04\/cropped-PRPA-logo-meta-1200x1200-1.jpg\",\"contentUrl\":\"https:\/\/www.rupertport.com\/wp-content\/uploads\/2021\/04\/cropped-PRPA-logo-meta-1200x1200-1.jpg\",\"width\":512,\"height\":512,\"caption\":\"Prince Rupert Port Authority\"},\"image\":{\"@id\":\"https:\/\/www.rupertport.com\/fr\/#\/schema\/logo\/image\/\"},\"sameAs\":[\"https:\/\/www.facebook.com\/rupertport\/\",\"https:\/\/x.com\/rupertport\"]}]}<\/script>\n<!-- \/ Yoast SEO plugin. -->","yoast_head_json":{"title":"\u00c9NERGIE | Autorit\u00e9 portuaire de Prince Rupert","robots":{"index":"index","follow":"follow","max-snippet":"max-snippet:-1","max-image-preview":"max-image-preview:large","max-video-preview":"max-video-preview:-1"},"canonical":"https:\/\/www.rupertport.com\/fr\/energie\/","og_locale":"fr_FR","og_type":"article","og_title":"\u00c9NERGIE | Autorit\u00e9 portuaire de Prince Rupert","og_description":"\u00c9NERGIE Fournir des produits de l&rsquo;\u00e9nergie tr\u00e8s demand\u00e9s sur les march\u00e9s internationaux Le port de Prince Rupert re\u00e7oit du propane, du charbon et des biocarburants de tout l&rsquo;Ouest canadien et relie ces principaux fournisseurs d&rsquo;\u00e9nergie aux march\u00e9s d&rsquo;outre-mer d&rsquo;Europe occidentale et d&rsquo;Asie. Le port de Prince Rupert offre un acc\u00e8s aux march\u00e9s mondiaux pour les [&hellip;]","og_url":"https:\/\/www.rupertport.com\/fr\/energie\/","og_site_name":"Autorit\u00e9 portuaire de Prince Rupert","article_publisher":"https:\/\/www.facebook.com\/rupertport\/","article_modified_time":"2024-06-06T17:53:39+00:00","og_image":[{"width":1048,"height":250,"url":"https:\/\/www.rupertport.com\/wp-content\/uploads\/2023\/10\/POPR-Trigon-banner-2.png","type":"image\/png"}],"twitter_card":"summary_large_image","twitter_site":"@rupertport","schema":{"@context":"https:\/\/schema.org","@graph":[{"@type":"WebPage","@id":"https:\/\/www.rupertport.com\/fr\/energie\/","url":"https:\/\/www.rupertport.com\/fr\/energie\/","name":"\u00c9NERGIE | Autorit\u00e9 portuaire de Prince Rupert","isPartOf":{"@id":"https:\/\/www.rupertport.com\/fr\/#website"},"primaryImageOfPage":{"@id":"https:\/\/www.rupertport.com\/fr\/energie\/#primaryimage"},"image":{"@id":"https:\/\/www.rupertport.com\/fr\/energie\/#primaryimage"},"thumbnailUrl":"https:\/\/www.rupertport.com\/wp-content\/uploads\/2023\/10\/POPR-Trigon-banner-2.png","datePublished":"2023-09-14T07:17:07+00:00","dateModified":"2024-06-06T17:53:39+00:00","breadcrumb":{"@id":"https:\/\/www.rupertport.com\/fr\/energie\/#breadcrumb"},"inLanguage":"fr-FR","potentialAction":[{"@type":"ReadAction","target":["https:\/\/www.rupertport.com\/fr\/energie\/"]}]},{"@type":"ImageObject","inLanguage":"fr-FR","@id":"https:\/\/www.rupertport.com\/fr\/energie\/#primaryimage","url":"https:\/\/www.rupertport.com\/wp-content\/uploads\/2023\/10\/POPR-Trigon-banner-2.png","contentUrl":"https:\/\/www.rupertport.com\/wp-content\/uploads\/2023\/10\/POPR-Trigon-banner-2.png","width":1048,"height":250},{"@type":"BreadcrumbList","@id":"https:\/\/www.rupertport.com\/fr\/energie\/#breadcrumb","itemListElement":[{"@type":"ListItem","position":1,"name":"Home","item":"https:\/\/www.rupertport.com\/fr\/page-de-garde\/"},{"@type":"ListItem","position":2,"name":"\u00c9NERGIE"}]},{"@type":"WebSite","@id":"https:\/\/www.rupertport.com\/fr\/#website","url":"https:\/\/www.rupertport.com\/fr\/","name":"Prince Rupert Port Authority","description":"L'avant-garde du Canada","publisher":{"@id":"https:\/\/www.rupertport.com\/fr\/#organization"},"alternateName":"PRPA","potentialAction":[{"@type":"SearchAction","target":{"@type":"EntryPoint","urlTemplate":"https:\/\/www.rupertport.com\/fr\/?s={search_term_string}"},"query-input":{"@type":"PropertyValueSpecification","valueRequired":true,"valueName":"search_term_string"}}],"inLanguage":"fr-FR"},{"@type":"Organization","@id":"https:\/\/www.rupertport.com\/fr\/#organization","name":"Prince Rupert Port Authority","alternateName":"PRPA","url":"https:\/\/www.rupertport.com\/fr\/","logo":{"@type":"ImageObject","inLanguage":"fr-FR","@id":"https:\/\/www.rupertport.com\/fr\/#\/schema\/logo\/image\/","url":"https:\/\/www.rupertport.com\/wp-content\/uploads\/2021\/04\/cropped-PRPA-logo-meta-1200x1200-1.jpg","contentUrl":"https:\/\/www.rupertport.com\/wp-content\/uploads\/2021\/04\/cropped-PRPA-logo-meta-1200x1200-1.jpg","width":512,"height":512,"caption":"Prince Rupert Port Authority"},"image":{"@id":"https:\/\/www.rupertport.com\/fr\/#\/schema\/logo\/image\/"},"sameAs":["https:\/\/www.facebook.com\/rupertport\/","https:\/\/x.com\/rupertport"]}]}},"_links":{"self":[{"href":"https:\/\/www.rupertport.com\/fr\/wp-json\/wp\/v2\/pages\/19632","targetHints":{"allow":["GET"]}}],"collection":[{"href":"https:\/\/www.rupertport.com\/fr\/wp-json\/wp\/v2\/pages"}],"about":[{"href":"https:\/\/www.rupertport.com\/fr\/wp-json\/wp\/v2\/types\/page"}],"author":[{"embeddable":true,"href":"https:\/\/www.rupertport.com\/fr\/wp-json\/wp\/v2\/users\/7"}],"replies":[{"embeddable":true,"href":"https:\/\/www.rupertport.com\/fr\/wp-json\/wp\/v2\/comments?post=19632"}],"version-history":[{"count":7,"href":"https:\/\/www.rupertport.com\/fr\/wp-json\/wp\/v2\/pages\/19632\/revisions"}],"predecessor-version":[{"id":19685,"href":"https:\/\/www.rupertport.com\/fr\/wp-json\/wp\/v2\/pages\/19632\/revisions\/19685"}],"wp:featuredmedia":[{"embeddable":true,"href":"https:\/\/www.rupertport.com\/fr\/wp-json\/wp\/v2\/media\/17242"}],"wp:attachment":[{"href":"https:\/\/www.rupertport.com\/fr\/wp-json\/wp\/v2\/media?parent=19632"}],"curies":[{"name":"wp","href":"https:\/\/api.w.org\/{rel}","templated":true}]}}