{"id":17184,"date":"2023-10-31T16:42:27","date_gmt":"2023-11-01T00:42:27","guid":{"rendered":"https:\/\/www.rupertport.com\/?page_id=17184"},"modified":"2024-06-06T13:13:26","modified_gmt":"2024-06-06T21:13:26","slug":"nos-avantages-2","status":"publish","type":"page","link":"https:\/\/www.rupertport.com\/fr\/nos-avantages-2\/","title":{"rendered":"LA PORTE D&rsquo;ENTR\u00c9E"},"content":{"rendered":"\n<h1 class=\"wp-block-heading\">LA PORTE D&rsquo;ENTR\u00c9E<\/h1>\n\n\n\n<hr class=\"wp-block-separator has-css-opacity is-style-wide\"\/>\n\n\n\n<h2 class=\"wp-block-heading\">Le port de Prince Rupert offre aux exp\u00e9diteurs un m\u00e9lange in\u00e9gal\u00e9 de rapidit\u00e9, de fiabilit\u00e9 et de port\u00e9e pour relier les march\u00e9s asiatiques et nord-am\u00e9ricains.<\/h2>\n\n\n\n<h4 class=\"wp-block-heading\">Commun\u00e9ment appel\u00e9 dans l&rsquo;industrie maritime \u00ab\u00a0l&rsquo;avantage Rupert\u00a0\u00bb, en particulier en ce qui concerne nos capacit\u00e9s intermodales, le port de Prince Rupert se d\u00e9marque publiquement.<\/h4>\n\n\n\n<hr class=\"wp-block-separator has-css-opacity is-style-wide\"\/>\n\n\n\n<h2 class=\"wp-block-heading\">NOS AVANTAGES<\/h2>\n\n\n\n<div class=\"wp-block-columns is-layout-flex wp-container-core-columns-is-layout-9d6595d7 wp-block-columns-is-layout-flex\">\n<div class=\"wp-block-column is-layout-flow wp-block-column-is-layout-flow\">\n<div class=\"wp-block-columns is-layout-flex wp-container-core-columns-is-layout-9d6595d7 wp-block-columns-is-layout-flex\">\n<div class=\"wp-block-column is-layout-flow wp-block-column-is-layout-flow\">\n<h3 class=\"wp-block-heading\">Proximit\u00e9 de l&rsquo;Asie<\/h3>\n\n\n\n<p> Le port dispose de la route commerciale la plus courte et la plus rapide du transpacifique vers l&rsquo;Asie. Avec 500 milles nautiques de moins que les autres ports du nord-ouest du Pacifique, il permet d&rsquo;\u00e9conomiser jusqu&rsquo;\u00e0 60 heures de navigation. <\/p>\n<\/div>\n\n\n\n<div class=\"wp-block-column is-layout-flow wp-block-column-is-layout-flow\">\n<h3 class=\"wp-block-heading\">Port le plus profond<\/h3>\n\n\n\n<p> Le port de Prince Rupert est le port naturel le plus profond d&rsquo;Am\u00e9rique du Nord, ce qui lui permet d&rsquo;\u00eatre libre de glace toute l&rsquo;ann\u00e9e, d&rsquo;att\u00e9nuer les risques et d&rsquo;accueillir les plus grands navires du commerce maritime. <\/p>\n<\/div>\n<\/div>\n\n\n\n<div class=\"wp-block-columns is-layout-flex wp-container-core-columns-is-layout-9d6595d7 wp-block-columns-is-layout-flex\">\n<div class=\"wp-block-column is-layout-flow wp-block-column-is-layout-flow\">\n<h3 class=\"wp-block-heading\">Acc\u00e8s s\u00e9curis\u00e9 aux voies de navigation<\/h3>\n\n\n\n<p> L&rsquo;acc\u00e8s court et direct aux voies maritimes du Pacifique signifie des temps de pilotage plus s\u00fbrs et plus rapides, ainsi qu&rsquo;un grand espace pour les mouillages. Gr\u00e2ce \u00e0 nos approches profondes, larges et prot\u00e9g\u00e9es, notre temps de pilotage est inf\u00e9rieur de 2 \u00e0 6 heures \u00e0 celui de n&rsquo;importe quel autre grand port du Nord-Ouest. <\/p>\n<\/div>\n\n\n\n<div class=\"wp-block-column is-layout-flow wp-block-column-is-layout-flow\">\n<h3 class=\"wp-block-heading\">Connectivit\u00e9 ferroviaire<\/h3>\n\n\n\n<p> Le port de Prince Rupert est reli\u00e9 aux march\u00e9s nord-am\u00e9ricains gr\u00e2ce au vaste r\u00e9seau ferroviaire du CN. Gr\u00e2ce \u00e0 la vitesse, \u00e0 la capacit\u00e9 et au nivellement du CN, le port est reli\u00e9 \u00e0 des collectivit\u00e9s riches en ressources, \u00e0 des r\u00e9gions manufacturi\u00e8res novatrices et \u00e0 des centres de distribution de premier plan au Canada et aux \u00c9tats-Unis. <\/p>\n<\/div>\n<\/div>\n<\/div>\n<\/div>\n\n\n\n\n\n\n\n<div style=\"height:32px\" aria-hidden=\"true\" class=\"wp-block-spacer\"><\/div>\n\n\n\n<h2 class=\"wp-block-heading\" id=\"al-north-america\">La porte d&rsquo;entr\u00e9e de l&rsquo;Am\u00e9rique du Nord pour le commerce<\/h2>\n\n\n\n<h5 class=\"wp-block-heading\"><strong>\u00c0 Prince Rupert, il est facile de se faire une place.<\/strong><\/h5>\n\n\n\n<p> Le port de Prince Rupert est directement reli\u00e9 au vaste r\u00e9seau ferroviaire continental du CN par une seule ligne directe. La ligne principale du Nord du CN offre une grande capacit\u00e9, une vitesse \u00e9lev\u00e9e et la pente ferroviaire la plus douce \u00e0 travers les montagnes Rocheuses, ce qui facilite le transport efficace \u00e0 destination et en provenance des r\u00e9gions riches en ressources, des zones de fabrication de pointe et des principaux centres de distribution au Canada et aux \u00c9tats-Unis. <\/p>\n\n\n\n<p>En combinaison avec l&rsquo;absence de congestion urbaine, Prince Rupert permet des performances \u00e0 grande vitesse tout en conservant sa conscience environnementale. <\/p>\n\n\n\n<h5 class=\"wp-block-heading\"><strong>Dur\u00e9e moyenne du trajet ferroviaire entre les ports de la c\u00f4te Ouest et les hubs du Midwest (jours)<\/strong><\/h5>\n\n\n\n<figure class=\"wp-block-table\"><table><tbody><tr><td><\/td><td><strong>De Prince Rupert<\/strong><\/td><td><strong>De Seattle<\/strong><\/td><td><strong>Depuis Los Angeles<\/strong><\/td><\/tr><tr><td><strong>Vers Chicago<\/strong><\/td><td>4.1<\/td><td>5<\/td><td>5<\/td><\/tr><tr><td><strong>Vers Toronto<\/strong><\/td><td>4.5<\/td><td>6<\/td><td>6<\/td><\/tr><tr><td><strong>Vers Memphis<\/strong><\/td><td>5<\/td><td>7<\/td><td>5<\/td><\/tr><\/tbody><\/table><\/figure>\n\n\n\n<hr class=\"wp-block-separator has-css-opacity is-style-wide\"\/>\n\n\n\n<h2 class=\"wp-block-heading\" id=\"al-north-america\">Impact \u00e9conomique<\/h2>\n\n\n\n<p>Le port de Prince Rupert et la porte d&rsquo;entr\u00e9e de Prince Rupert font fonctionner le nord de la Colombie-Britannique. Avec la cr\u00e9ation de 3 700 emplois directs, g\u00e9n\u00e9rant plus de 360 millions de dollars de salaires annuels pour les familles et 147 millions de dollars de recettes publiques, le port est un moteur \u00e9conomique essentiel pour l&rsquo;ouest du Canada. Chaque ann\u00e9e, le port traite des marchandises d&rsquo;une valeur de 60 milliards de dollars, soutenant ainsi les cha\u00eenes d&rsquo;approvisionnement intermodales, la s\u00e9curit\u00e9 alimentaire mondiale et l&rsquo;\u00e9conomie d&rsquo;exportation d&rsquo;\u00e9nergie en pleine croissance du Canada. Pour en savoir plus sur notre <a href=\"https:\/\/rupertport.mediavalet.com\/galleries\/152a2000-8015-4bfb-b183-1f359f7a38f1_3ac29566-7dfa-4c60-9c18-e3dc330b338e-ExternalUser\">impact \u00e9conomique, cliquez ici<\/a>.<\/p>\n\n\n\n<hr class=\"wp-block-separator has-alpha-channel-opacity\"\/>\n\n\n\n<h2 class=\"wp-block-heading\">D\u00e9couvrez nos produits de base<\/h2>\n\n\n\n<figure class=\"wp-block-gallery has-nested-images columns-4 is-cropped wp-block-gallery-1 is-layout-flex wp-block-gallery-is-layout-flex\">\n<figure class=\"wp-block-image size-large\"><a href=\"https:\/\/www.rupertport.com\/fr\/?page_id=16471\"><img loading=\"lazy\" decoding=\"async\" width=\"600\" height=\"600\" data-id=\"16674\" src=\"https:\/\/www.rupertport.com\/wp-content\/uploads\/2023\/09\/intermodal-2.jpg\" alt=\"\" class=\"wp-image-16674\" srcset=\"https:\/\/www.rupertport.com\/wp-content\/uploads\/2023\/09\/intermodal-2.jpg 600w, https:\/\/www.rupertport.com\/wp-content\/uploads\/2023\/09\/intermodal-2-300x300.jpg 300w, https:\/\/www.rupertport.com\/wp-content\/uploads\/2023\/09\/intermodal-2-150x150.jpg 150w\" sizes=\"auto, (max-width: 600px) 100vw, 600px\" \/><\/a><\/figure>\n\n\n\n<figure class=\"wp-block-image size-full\"><a href=\"https:\/\/www.rupertport.com\/fr\/energie\/\"><img loading=\"lazy\" decoding=\"async\" width=\"600\" height=\"600\" data-id=\"19670\" src=\"https:\/\/www.rupertport.com\/wp-content\/uploads\/2024\/06\/MicrosoftTeams-image-16.png\" alt=\"\" class=\"wp-image-19670\" srcset=\"https:\/\/www.rupertport.com\/wp-content\/uploads\/2024\/06\/MicrosoftTeams-image-16.png 600w, https:\/\/www.rupertport.com\/wp-content\/uploads\/2024\/06\/MicrosoftTeams-image-16-300x300.png 300w, https:\/\/www.rupertport.com\/wp-content\/uploads\/2024\/06\/MicrosoftTeams-image-16-150x150.png 150w\" sizes=\"auto, (max-width: 600px) 100vw, 600px\" \/><\/a><\/figure>\n\n\n\n<figure class=\"wp-block-image size-full\"><a href=\"https:\/\/www.rupertport.com\/fr\/forestry\/\"><img loading=\"lazy\" decoding=\"async\" width=\"600\" height=\"600\" data-id=\"19666\" src=\"https:\/\/www.rupertport.com\/wp-content\/uploads\/2024\/06\/MicrosoftTeams-image-18.png\" alt=\"\" class=\"wp-image-19666\" srcset=\"https:\/\/www.rupertport.com\/wp-content\/uploads\/2024\/06\/MicrosoftTeams-image-18.png 600w, https:\/\/www.rupertport.com\/wp-content\/uploads\/2024\/06\/MicrosoftTeams-image-18-300x300.png 300w, https:\/\/www.rupertport.com\/wp-content\/uploads\/2024\/06\/MicrosoftTeams-image-18-150x150.png 150w\" sizes=\"auto, (max-width: 600px) 100vw, 600px\" \/><\/a><\/figure>\n\n\n\n<figure class=\"wp-block-image size-large\"><a href=\"https:\/\/www.rupertport.com\/fr\/agriculture\/\"><img loading=\"lazy\" decoding=\"async\" width=\"600\" height=\"600\" data-id=\"16690\" src=\"https:\/\/www.rupertport.com\/wp-content\/uploads\/2023\/09\/agriculture-2.jpg\" alt=\"\" class=\"wp-image-16690\" srcset=\"https:\/\/www.rupertport.com\/wp-content\/uploads\/2023\/09\/agriculture-2.jpg 600w, https:\/\/www.rupertport.com\/wp-content\/uploads\/2023\/09\/agriculture-2-300x300.jpg 300w, https:\/\/www.rupertport.com\/wp-content\/uploads\/2023\/09\/agriculture-2-150x150.jpg 150w\" sizes=\"auto, (max-width: 600px) 100vw, 600px\" \/><\/a><\/figure>\n<\/figure>\n\n\n\n<div class=\"wp-block-columns is-layout-flex wp-container-core-columns-is-layout-9d6595d7 wp-block-columns-is-layout-flex\">\n<div class=\"wp-block-column is-layout-flow wp-block-column-is-layout-flow\"><\/div>\n\n\n\n<div class=\"wp-block-column is-layout-flow wp-block-column-is-layout-flow\"><\/div>\n\n\n\n<div class=\"wp-block-column is-layout-flow wp-block-column-is-layout-flow\"><\/div>\n\n\n\n<div class=\"wp-block-column is-layout-flow wp-block-column-is-layout-flow\"><\/div>\n<\/div>\n\n\n\n<h2 class=\"wp-block-heading\">Fiches d&rsquo;information :<\/h2>\n\n\n\n<div class=\"wp-block-columns is-layout-flex wp-container-core-columns-is-layout-9d6595d7 wp-block-columns-is-layout-flex\">\n<div class=\"wp-block-column is-layout-flow wp-block-column-is-layout-flow\">\n<h3 class=\"wp-block-heading\">L&rsquo;IMPACT \u00c9CONOMIQUE :<\/h3>\n\n\n\n<figure class=\"wp-block-image size-large\"><a href=\"https:\/\/rupertport.mediavalet.com\/galleries\/152a2000-8015-4bfb-b183-1f359f7a38f1_3ac29566-7dfa-4c60-9c18-e3dc330b338e-ExternalUser\" target=\"_blank\" rel=\"noreferrer noopener\"><img loading=\"lazy\" decoding=\"async\" width=\"809\" height=\"1024\" src=\"https:\/\/www.rupertport.com\/wp-content\/uploads\/2023\/10\/prpa-brochure-ECONOMIC-IMPACT-mar2023-v1-2page-1-download-809x1024.png\" alt=\"\" class=\"wp-image-17255\" srcset=\"https:\/\/www.rupertport.com\/wp-content\/uploads\/2023\/10\/prpa-brochure-ECONOMIC-IMPACT-mar2023-v1-2page-1-download-809x1024.png 809w, https:\/\/www.rupertport.com\/wp-content\/uploads\/2023\/10\/prpa-brochure-ECONOMIC-IMPACT-mar2023-v1-2page-1-download-237x300.png 237w, https:\/\/www.rupertport.com\/wp-content\/uploads\/2023\/10\/prpa-brochure-ECONOMIC-IMPACT-mar2023-v1-2page-1-download-768x972.png 768w, https:\/\/www.rupertport.com\/wp-content\/uploads\/2023\/10\/prpa-brochure-ECONOMIC-IMPACT-mar2023-v1-2page-1-download.png 853w\" sizes=\"auto, (max-width: 809px) 100vw, 809px\" \/><\/a><\/figure>\n<\/div>\n\n\n\n<div class=\"wp-block-column is-layout-flow wp-block-column-is-layout-flow\"><\/div>\n\n\n\n<div class=\"wp-block-column is-layout-flow wp-block-column-is-layout-flow\"><\/div>\n<\/div>\n\n\n\n<div style=\"padding:56.25% 0 0 0;position:relative;\"><iframe src=\"https:\/\/player.vimeo.com\/video\/626834694?h=4cc82f913b&#038;badge=0&#038;autopause=0&#038;player_id=0&#038;app_id=58479\" frameborder=\"0\" allow=\"autoplay; fullscreen; picture-in-picture\" style=\"position:absolute;top:0;left:0;width:100%;height:100%;\" title=\"PRPA_JOC Publicit\u00e9 de 60 secondes.mp4\"><\/iframe><\/div><script src=\"https:\/\/player.vimeo.com\/api\/player.js\"><\/script>\n","protected":false},"excerpt":{"rendered":"<p>LA PORTE D&rsquo;ENTR\u00c9E Le port de Prince Rupert offre aux exp\u00e9diteurs un m\u00e9lange in\u00e9gal\u00e9 de rapidit\u00e9, de fiabilit\u00e9 et de port\u00e9e pour relier les march\u00e9s asiatiques et nord-am\u00e9ricains. Commun\u00e9ment appel\u00e9 dans l&rsquo;industrie maritime \u00ab\u00a0l&rsquo;avantage Rupert\u00a0\u00bb, en particulier en ce qui concerne nos capacit\u00e9s intermodales, le port de Prince Rupert se d\u00e9marque publiquement. NOS AVANTAGES Proximit\u00e9 [&hellip;]<\/p>\n","protected":false},"author":7,"featured_media":10191,"parent":0,"menu_order":0,"comment_status":"closed","ping_status":"closed","template":"","meta":{"_acf_changed":false,"footnotes":""},"class_list":["post-17184","page","type-page","status-publish","has-post-thumbnail","hentry"],"acf":[],"yoast_head":"<!-- This site is optimized with the Yoast SEO plugin v26.8 - https:\/\/yoast.com\/product\/yoast-seo-wordpress\/ -->\n<title>Autorit\u00e9 portuaire de Prince Rupert | Op\u00e9rations commerciales efficaces<\/title>\n<meta name=\"description\" content=\"Explorez les avantages concurrentiels de L&#039;Administration portuaire de Prince Rupert. En savoir plus sur notre efficacit\u00e9, notre accessibilit\u00e9 et notre connectivit\u00e9 in\u00e9gal\u00e9es.\" \/>\n<meta name=\"robots\" content=\"index, follow, max-snippet:-1, max-image-preview:large, max-video-preview:-1\" \/>\n<link rel=\"canonical\" href=\"https:\/\/www.rupertport.com\/fr\/nos-avantages-2\/\" \/>\n<meta property=\"og:locale\" content=\"fr_FR\" \/>\n<meta property=\"og:type\" content=\"article\" \/>\n<meta property=\"og:title\" content=\"Autorit\u00e9 portuaire de Prince Rupert | Op\u00e9rations commerciales efficaces\" \/>\n<meta property=\"og:description\" content=\"Explorez les avantages concurrentiels de L&#039;Administration portuaire de Prince Rupert. En savoir plus sur notre efficacit\u00e9, notre accessibilit\u00e9 et notre connectivit\u00e9 in\u00e9gal\u00e9es.\" \/>\n<meta property=\"og:url\" content=\"https:\/\/www.rupertport.com\/fr\/nos-avantages-2\/\" \/>\n<meta property=\"og:site_name\" content=\"Autorit\u00e9 portuaire de Prince Rupert\" \/>\n<meta property=\"article:publisher\" content=\"https:\/\/www.facebook.com\/rupertport\/\" \/>\n<meta property=\"article:modified_time\" content=\"2024-06-06T21:13:26+00:00\" \/>\n<meta property=\"og:image\" content=\"https:\/\/www.rupertport.com\/wp-content\/uploads\/2019\/11\/Initiative-to-Support-Skeena-River-Salmon-Announced.jpg\" \/>\n\t<meta property=\"og:image:width\" content=\"2000\" \/>\n\t<meta property=\"og:image:height\" content=\"1338\" \/>\n\t<meta property=\"og:image:type\" content=\"image\/jpeg\" \/>\n<meta name=\"twitter:card\" content=\"summary_large_image\" \/>\n<meta name=\"twitter:site\" content=\"@rupertport\" \/>\n<script type=\"application\/ld+json\" class=\"yoast-schema-graph\">{\"@context\":\"https:\/\/schema.org\",\"@graph\":[{\"@type\":\"WebPage\",\"@id\":\"https:\/\/www.rupertport.com\/fr\/nos-avantages-2\/\",\"url\":\"https:\/\/www.rupertport.com\/fr\/nos-avantages-2\/\",\"name\":\"Autorit\u00e9 portuaire de Prince Rupert | Op\u00e9rations commerciales efficaces\",\"isPartOf\":{\"@id\":\"https:\/\/www.rupertport.com\/fr\/#website\"},\"primaryImageOfPage\":{\"@id\":\"https:\/\/www.rupertport.com\/fr\/nos-avantages-2\/#primaryimage\"},\"image\":{\"@id\":\"https:\/\/www.rupertport.com\/fr\/nos-avantages-2\/#primaryimage\"},\"thumbnailUrl\":\"https:\/\/www.rupertport.com\/wp-content\/uploads\/2019\/11\/Initiative-to-Support-Skeena-River-Salmon-Announced.jpg\",\"datePublished\":\"2023-11-01T00:42:27+00:00\",\"dateModified\":\"2024-06-06T21:13:26+00:00\",\"description\":\"Explorez les avantages concurrentiels de L'Administration portuaire de Prince Rupert. En savoir plus sur notre efficacit\u00e9, notre accessibilit\u00e9 et notre connectivit\u00e9 in\u00e9gal\u00e9es.\",\"breadcrumb\":{\"@id\":\"https:\/\/www.rupertport.com\/fr\/nos-avantages-2\/#breadcrumb\"},\"inLanguage\":\"fr-FR\",\"potentialAction\":[{\"@type\":\"ReadAction\",\"target\":[\"https:\/\/www.rupertport.com\/fr\/nos-avantages-2\/\"]}]},{\"@type\":\"ImageObject\",\"inLanguage\":\"fr-FR\",\"@id\":\"https:\/\/www.rupertport.com\/fr\/nos-avantages-2\/#primaryimage\",\"url\":\"https:\/\/www.rupertport.com\/wp-content\/uploads\/2019\/11\/Initiative-to-Support-Skeena-River-Salmon-Announced.jpg\",\"contentUrl\":\"https:\/\/www.rupertport.com\/wp-content\/uploads\/2019\/11\/Initiative-to-Support-Skeena-River-Salmon-Announced.jpg\",\"width\":2000,\"height\":1338},{\"@type\":\"BreadcrumbList\",\"@id\":\"https:\/\/www.rupertport.com\/fr\/nos-avantages-2\/#breadcrumb\",\"itemListElement\":[{\"@type\":\"ListItem\",\"position\":1,\"name\":\"Home\",\"item\":\"https:\/\/www.rupertport.com\/fr\/page-de-garde\/\"},{\"@type\":\"ListItem\",\"position\":2,\"name\":\"LA PORTE D&#8217;ENTR\u00c9E\"}]},{\"@type\":\"WebSite\",\"@id\":\"https:\/\/www.rupertport.com\/fr\/#website\",\"url\":\"https:\/\/www.rupertport.com\/fr\/\",\"name\":\"Prince Rupert Port Authority\",\"description\":\"L'avant-garde du Canada\",\"publisher\":{\"@id\":\"https:\/\/www.rupertport.com\/fr\/#organization\"},\"alternateName\":\"PRPA\",\"potentialAction\":[{\"@type\":\"SearchAction\",\"target\":{\"@type\":\"EntryPoint\",\"urlTemplate\":\"https:\/\/www.rupertport.com\/fr\/?s={search_term_string}\"},\"query-input\":{\"@type\":\"PropertyValueSpecification\",\"valueRequired\":true,\"valueName\":\"search_term_string\"}}],\"inLanguage\":\"fr-FR\"},{\"@type\":\"Organization\",\"@id\":\"https:\/\/www.rupertport.com\/fr\/#organization\",\"name\":\"Prince Rupert Port Authority\",\"alternateName\":\"PRPA\",\"url\":\"https:\/\/www.rupertport.com\/fr\/\",\"logo\":{\"@type\":\"ImageObject\",\"inLanguage\":\"fr-FR\",\"@id\":\"https:\/\/www.rupertport.com\/fr\/#\/schema\/logo\/image\/\",\"url\":\"https:\/\/www.rupertport.com\/wp-content\/uploads\/2021\/04\/cropped-PRPA-logo-meta-1200x1200-1.jpg\",\"contentUrl\":\"https:\/\/www.rupertport.com\/wp-content\/uploads\/2021\/04\/cropped-PRPA-logo-meta-1200x1200-1.jpg\",\"width\":512,\"height\":512,\"caption\":\"Prince Rupert Port Authority\"},\"image\":{\"@id\":\"https:\/\/www.rupertport.com\/fr\/#\/schema\/logo\/image\/\"},\"sameAs\":[\"https:\/\/www.facebook.com\/rupertport\/\",\"https:\/\/x.com\/rupertport\"]}]}<\/script>\n<!-- \/ Yoast SEO plugin. -->","yoast_head_json":{"title":"Autorit\u00e9 portuaire de Prince Rupert | Op\u00e9rations commerciales efficaces","description":"Explorez les avantages concurrentiels de L'Administration portuaire de Prince Rupert. En savoir plus sur notre efficacit\u00e9, notre accessibilit\u00e9 et notre connectivit\u00e9 in\u00e9gal\u00e9es.","robots":{"index":"index","follow":"follow","max-snippet":"max-snippet:-1","max-image-preview":"max-image-preview:large","max-video-preview":"max-video-preview:-1"},"canonical":"https:\/\/www.rupertport.com\/fr\/nos-avantages-2\/","og_locale":"fr_FR","og_type":"article","og_title":"Autorit\u00e9 portuaire de Prince Rupert | Op\u00e9rations commerciales efficaces","og_description":"Explorez les avantages concurrentiels de L'Administration portuaire de Prince Rupert. En savoir plus sur notre efficacit\u00e9, notre accessibilit\u00e9 et notre connectivit\u00e9 in\u00e9gal\u00e9es.","og_url":"https:\/\/www.rupertport.com\/fr\/nos-avantages-2\/","og_site_name":"Autorit\u00e9 portuaire de Prince Rupert","article_publisher":"https:\/\/www.facebook.com\/rupertport\/","article_modified_time":"2024-06-06T21:13:26+00:00","og_image":[{"width":2000,"height":1338,"url":"https:\/\/www.rupertport.com\/wp-content\/uploads\/2019\/11\/Initiative-to-Support-Skeena-River-Salmon-Announced.jpg","type":"image\/jpeg"}],"twitter_card":"summary_large_image","twitter_site":"@rupertport","schema":{"@context":"https:\/\/schema.org","@graph":[{"@type":"WebPage","@id":"https:\/\/www.rupertport.com\/fr\/nos-avantages-2\/","url":"https:\/\/www.rupertport.com\/fr\/nos-avantages-2\/","name":"Autorit\u00e9 portuaire de Prince Rupert | Op\u00e9rations commerciales efficaces","isPartOf":{"@id":"https:\/\/www.rupertport.com\/fr\/#website"},"primaryImageOfPage":{"@id":"https:\/\/www.rupertport.com\/fr\/nos-avantages-2\/#primaryimage"},"image":{"@id":"https:\/\/www.rupertport.com\/fr\/nos-avantages-2\/#primaryimage"},"thumbnailUrl":"https:\/\/www.rupertport.com\/wp-content\/uploads\/2019\/11\/Initiative-to-Support-Skeena-River-Salmon-Announced.jpg","datePublished":"2023-11-01T00:42:27+00:00","dateModified":"2024-06-06T21:13:26+00:00","description":"Explorez les avantages concurrentiels de L'Administration portuaire de Prince Rupert. En savoir plus sur notre efficacit\u00e9, notre accessibilit\u00e9 et notre connectivit\u00e9 in\u00e9gal\u00e9es.","breadcrumb":{"@id":"https:\/\/www.rupertport.com\/fr\/nos-avantages-2\/#breadcrumb"},"inLanguage":"fr-FR","potentialAction":[{"@type":"ReadAction","target":["https:\/\/www.rupertport.com\/fr\/nos-avantages-2\/"]}]},{"@type":"ImageObject","inLanguage":"fr-FR","@id":"https:\/\/www.rupertport.com\/fr\/nos-avantages-2\/#primaryimage","url":"https:\/\/www.rupertport.com\/wp-content\/uploads\/2019\/11\/Initiative-to-Support-Skeena-River-Salmon-Announced.jpg","contentUrl":"https:\/\/www.rupertport.com\/wp-content\/uploads\/2019\/11\/Initiative-to-Support-Skeena-River-Salmon-Announced.jpg","width":2000,"height":1338},{"@type":"BreadcrumbList","@id":"https:\/\/www.rupertport.com\/fr\/nos-avantages-2\/#breadcrumb","itemListElement":[{"@type":"ListItem","position":1,"name":"Home","item":"https:\/\/www.rupertport.com\/fr\/page-de-garde\/"},{"@type":"ListItem","position":2,"name":"LA PORTE D&#8217;ENTR\u00c9E"}]},{"@type":"WebSite","@id":"https:\/\/www.rupertport.com\/fr\/#website","url":"https:\/\/www.rupertport.com\/fr\/","name":"Prince Rupert Port Authority","description":"L'avant-garde du Canada","publisher":{"@id":"https:\/\/www.rupertport.com\/fr\/#organization"},"alternateName":"PRPA","potentialAction":[{"@type":"SearchAction","target":{"@type":"EntryPoint","urlTemplate":"https:\/\/www.rupertport.com\/fr\/?s={search_term_string}"},"query-input":{"@type":"PropertyValueSpecification","valueRequired":true,"valueName":"search_term_string"}}],"inLanguage":"fr-FR"},{"@type":"Organization","@id":"https:\/\/www.rupertport.com\/fr\/#organization","name":"Prince Rupert Port Authority","alternateName":"PRPA","url":"https:\/\/www.rupertport.com\/fr\/","logo":{"@type":"ImageObject","inLanguage":"fr-FR","@id":"https:\/\/www.rupertport.com\/fr\/#\/schema\/logo\/image\/","url":"https:\/\/www.rupertport.com\/wp-content\/uploads\/2021\/04\/cropped-PRPA-logo-meta-1200x1200-1.jpg","contentUrl":"https:\/\/www.rupertport.com\/wp-content\/uploads\/2021\/04\/cropped-PRPA-logo-meta-1200x1200-1.jpg","width":512,"height":512,"caption":"Prince Rupert Port Authority"},"image":{"@id":"https:\/\/www.rupertport.com\/fr\/#\/schema\/logo\/image\/"},"sameAs":["https:\/\/www.facebook.com\/rupertport\/","https:\/\/x.com\/rupertport"]}]}},"_links":{"self":[{"href":"https:\/\/www.rupertport.com\/fr\/wp-json\/wp\/v2\/pages\/17184","targetHints":{"allow":["GET"]}}],"collection":[{"href":"https:\/\/www.rupertport.com\/fr\/wp-json\/wp\/v2\/pages"}],"about":[{"href":"https:\/\/www.rupertport.com\/fr\/wp-json\/wp\/v2\/types\/page"}],"author":[{"embeddable":true,"href":"https:\/\/www.rupertport.com\/fr\/wp-json\/wp\/v2\/users\/7"}],"replies":[{"embeddable":true,"href":"https:\/\/www.rupertport.com\/fr\/wp-json\/wp\/v2\/comments?post=17184"}],"version-history":[{"count":17,"href":"https:\/\/www.rupertport.com\/fr\/wp-json\/wp\/v2\/pages\/17184\/revisions"}],"predecessor-version":[{"id":19688,"href":"https:\/\/www.rupertport.com\/fr\/wp-json\/wp\/v2\/pages\/17184\/revisions\/19688"}],"wp:featuredmedia":[{"embeddable":true,"href":"https:\/\/www.rupertport.com\/fr\/wp-json\/wp\/v2\/media\/10191"}],"wp:attachment":[{"href":"https:\/\/www.rupertport.com\/fr\/wp-json\/wp\/v2\/media?parent=17184"}],"curies":[{"name":"wp","href":"https:\/\/api.w.org\/{rel}","templated":true}]}}