{"id":16471,"date":"2023-09-21T17:01:05","date_gmt":"2023-09-22T01:01:05","guid":{"rendered":"https:\/\/www.rupertport.com\/?page_id=16471"},"modified":"2024-06-06T09:09:57","modified_gmt":"2024-06-06T17:09:57","slug":"intermodal-2","status":"publish","type":"page","link":"https:\/\/www.rupertport.com\/fr\/intermodal-2\/","title":{"rendered":"INTERMODAL"},"content":{"rendered":"\n<h1 class=\"wp-block-heading\">INTERMODAL<\/h1>\n\n\n\n<div style=\"padding:56.25% 0 0 0;position:relative;\"><iframe src=\"https:\/\/player.vimeo.com\/video\/664870121?h=4cc82f913b&#038;badge=0&#038;autopause=0&#038;player_id=0&#038;app_id=58479\" frameborder=\"0\" allow=\"autoplay; fullscreen; picture-in-picture\" style=\"position:absolute;top:0;left:0;width:100%;height:100%;\" title=\"PRPA_JOC Publicit\u00e9 de 60 secondes.mp4\"><\/iframe><\/div><script src=\"https:\/\/player.vimeo.com\/api\/player.js\"><\/script>\n\n\n\n<hr class=\"wp-block-separator has-alpha-channel-opacity\"\/>\n\n\n\n<div class=\"wp-block-columns is-layout-flex wp-container-core-columns-is-layout-9d6595d7 wp-block-columns-is-layout-flex\">\n<div class=\"wp-block-column is-layout-flow wp-block-column-is-layout-flow\">\n<h2 class=\"wp-block-heading\">Le point d&rsquo;ancrage du corridor d&rsquo;\u00e9changes de conteneurs le plus fiable de la c\u00f4te Ouest<\/h2>\n\n\n\n<p>Avec une vitesse, une port\u00e9e et une fiabilit\u00e9 in\u00e9gal\u00e9es dans l&rsquo;industrie, qui ajoutent une comp\u00e9titivit\u00e9 de bout en bout aux cargaisons transitant par notre port, le terminal \u00e0 conteneurs de Fairview est une installation intermodale sp\u00e9cialis\u00e9e, sp\u00e9cialement con\u00e7ue pour fournir une passerelle \u00e0 grande vitesse pour le commerce transpacifique de conteneurs. Exploit\u00e9 par DP World, le terminal dispose de deux postes d&rsquo;amarrage maritimes capables d&rsquo;accueillir les plus grands porte-conteneurs, avec un acc\u00e8s direct et sans entrave aux voies maritimes internationales. Nous avons \u00e9t\u00e9 le premier terminal \u00e0 conteneurs du continent d\u00e9di\u00e9 \u00e0 la liaison navire-rail, et nous continuons \u00e0 montrer la voie en mati\u00e8re d&rsquo;innovation de la cha\u00eene d&rsquo;approvisionnement pour nos clients. <\/p>\n<\/div>\n\n\n\n<div class=\"wp-block-column is-layout-flow wp-block-column-is-layout-flow\">\n<figure class=\"wp-block-image size-large\"><img loading=\"lazy\" decoding=\"async\" width=\"1024\" height=\"576\" src=\"https:\/\/www.rupertport.com\/wp-content\/uploads\/2023\/09\/20210728-fairview-terminal-2-vessel-berth-8-crane-msc-maersk-02-1024x576.jpg\" alt=\"\" class=\"wp-image-16547\" srcset=\"https:\/\/www.rupertport.com\/wp-content\/uploads\/2023\/09\/20210728-fairview-terminal-2-vessel-berth-8-crane-msc-maersk-02-1024x576.jpg 1024w, https:\/\/www.rupertport.com\/wp-content\/uploads\/2023\/09\/20210728-fairview-terminal-2-vessel-berth-8-crane-msc-maersk-02-300x169.jpg 300w, https:\/\/www.rupertport.com\/wp-content\/uploads\/2023\/09\/20210728-fairview-terminal-2-vessel-berth-8-crane-msc-maersk-02-768x432.jpg 768w, https:\/\/www.rupertport.com\/wp-content\/uploads\/2023\/09\/20210728-fairview-terminal-2-vessel-berth-8-crane-msc-maersk-02.jpg 1280w\" sizes=\"auto, (max-width: 1024px) 100vw, 1024px\" \/><\/figure>\n<\/div>\n<\/div>\n\n\n\n<hr class=\"wp-block-separator has-alpha-channel-opacity\"\/>\n\n\n\n<div class=\"wp-block-columns is-layout-flex wp-container-core-columns-is-layout-9d6595d7 wp-block-columns-is-layout-flex\">\n<div class=\"wp-block-column is-layout-flow wp-block-column-is-layout-flow\">\n<figure class=\"wp-block-image size-large\"><img loading=\"lazy\" decoding=\"async\" width=\"1024\" height=\"576\" src=\"https:\/\/www.rupertport.com\/wp-content\/uploads\/2023\/09\/02.08.23-prpa-fairview-gate-connector-road-drone-22-sunny-1-1024x576.jpg\" alt=\"\" class=\"wp-image-16566\" srcset=\"https:\/\/www.rupertport.com\/wp-content\/uploads\/2023\/09\/02.08.23-prpa-fairview-gate-connector-road-drone-22-sunny-1-1024x576.jpg 1024w, https:\/\/www.rupertport.com\/wp-content\/uploads\/2023\/09\/02.08.23-prpa-fairview-gate-connector-road-drone-22-sunny-1-300x169.jpg 300w, https:\/\/www.rupertport.com\/wp-content\/uploads\/2023\/09\/02.08.23-prpa-fairview-gate-connector-road-drone-22-sunny-1-768x432.jpg 768w, https:\/\/www.rupertport.com\/wp-content\/uploads\/2023\/09\/02.08.23-prpa-fairview-gate-connector-road-drone-22-sunny-1-1536x864.jpg 1536w, https:\/\/www.rupertport.com\/wp-content\/uploads\/2023\/09\/02.08.23-prpa-fairview-gate-connector-road-drone-22-sunny-1.jpg 1920w\" sizes=\"auto, (max-width: 1024px) 100vw, 1024px\" \/><\/figure>\n<\/div>\n\n\n\n<div class=\"wp-block-column is-layout-flow wp-block-column-is-layout-flow\">\n<h2 class=\"wp-block-heading\">La porte d&rsquo;entr\u00e9e de Prince Rupert, leader mondial, se d\u00e9veloppe<\/h2>\n\n\n\n<p>En tant que port le plus fluide de la c\u00f4te Ouest, le port de Prince Rupert a la capacit\u00e9 d&rsquo;accueillir vos marchandises aujourd&rsquo;hui et \u00e0 l&rsquo;avenir. Le d\u00e9veloppement est en cours pour cr\u00e9er un \u00e9cosyst\u00e8me intermodal d\u00e9di\u00e9 et enti\u00e8rement int\u00e9gr\u00e9, capable d&rsquo;acc\u00e9l\u00e9rer le transport de marchandises intermodales gr\u00e2ce \u00e0 des services de transbordement \u00e9tendus et \u00e0 une boucle de transport non encombr\u00e9e. Le port de Prince Rupert s&rsquo;efforce de devenir le port le plus efficace et le plus innovant du Canada.  <\/p>\n<\/div>\n<\/div>\n\n\n\n<h2 class=\"wp-block-heading\">D\u00e9couvrez nos produits :<\/h2>\n\n\n\n<figure class=\"wp-block-gallery has-nested-images columns-4 is-cropped wp-block-gallery-1 is-layout-flex wp-block-gallery-is-layout-flex\">\n<figure class=\"wp-block-image size-full\"><a href=\"https:\/\/www.rupertport.com\/fr\/energie\/\"><img loading=\"lazy\" decoding=\"async\" width=\"600\" height=\"600\" data-id=\"19670\" src=\"https:\/\/www.rupertport.com\/wp-content\/uploads\/2024\/06\/MicrosoftTeams-image-16.png\" alt=\"\" class=\"wp-image-19670\" srcset=\"https:\/\/www.rupertport.com\/wp-content\/uploads\/2024\/06\/MicrosoftTeams-image-16.png 600w, https:\/\/www.rupertport.com\/wp-content\/uploads\/2024\/06\/MicrosoftTeams-image-16-300x300.png 300w, https:\/\/www.rupertport.com\/wp-content\/uploads\/2024\/06\/MicrosoftTeams-image-16-150x150.png 150w\" sizes=\"auto, (max-width: 600px) 100vw, 600px\" \/><\/a><\/figure>\n\n\n\n<figure class=\"wp-block-image size-full\"><a href=\"https:\/\/www.rupertport.com\/fr\/forestry\/\"><img loading=\"lazy\" decoding=\"async\" width=\"600\" height=\"600\" data-id=\"19666\" src=\"https:\/\/www.rupertport.com\/wp-content\/uploads\/2024\/06\/MicrosoftTeams-image-18.png\" alt=\"\" class=\"wp-image-19666\" srcset=\"https:\/\/www.rupertport.com\/wp-content\/uploads\/2024\/06\/MicrosoftTeams-image-18.png 600w, https:\/\/www.rupertport.com\/wp-content\/uploads\/2024\/06\/MicrosoftTeams-image-18-300x300.png 300w, https:\/\/www.rupertport.com\/wp-content\/uploads\/2024\/06\/MicrosoftTeams-image-18-150x150.png 150w\" sizes=\"auto, (max-width: 600px) 100vw, 600px\" \/><\/a><\/figure>\n\n\n\n<figure class=\"wp-block-image size-full\"><a href=\"https:\/\/www.rupertport.com\/fr\/agriculture\/\"><img loading=\"lazy\" decoding=\"async\" width=\"600\" height=\"600\" data-id=\"16381\" src=\"https:\/\/www.rupertport.com\/wp-content\/uploads\/2023\/09\/agriculture.jpg\" alt=\"\" class=\"wp-image-16381\" srcset=\"https:\/\/www.rupertport.com\/wp-content\/uploads\/2023\/09\/agriculture.jpg 600w, https:\/\/www.rupertport.com\/wp-content\/uploads\/2023\/09\/agriculture-300x300.jpg 300w, https:\/\/www.rupertport.com\/wp-content\/uploads\/2023\/09\/agriculture-150x150.jpg 150w\" sizes=\"auto, (max-width: 600px) 100vw, 600px\" \/><\/a><\/figure>\n\n\n\n<figure class=\"wp-block-image size-full\"><a href=\"https:\/\/www.rupertport.com\/fr\/nos-avantages-2\/\"><img loading=\"lazy\" decoding=\"async\" width=\"600\" height=\"600\" data-id=\"19668\" src=\"https:\/\/www.rupertport.com\/wp-content\/uploads\/2024\/06\/MicrosoftTeams-image-17.png\" alt=\"\" class=\"wp-image-19668\" srcset=\"https:\/\/www.rupertport.com\/wp-content\/uploads\/2024\/06\/MicrosoftTeams-image-17.png 600w, https:\/\/www.rupertport.com\/wp-content\/uploads\/2024\/06\/MicrosoftTeams-image-17-300x300.png 300w, https:\/\/www.rupertport.com\/wp-content\/uploads\/2024\/06\/MicrosoftTeams-image-17-150x150.png 150w\" sizes=\"auto, (max-width: 600px) 100vw, 600px\" \/><\/a><\/figure>\n<\/figure>\n\n\n\n<h2 class=\"wp-block-heading\">Fiches d&rsquo;information :<\/h2>\n\n\n\n\n\n\n\n<hr class=\"wp-block-separator has-alpha-channel-opacity\"\/>\n\n\n\n<div class=\"wp-block-columns is-layout-flex wp-container-core-columns-is-layout-9d6595d7 wp-block-columns-is-layout-flex\">\n<div class=\"wp-block-column is-layout-flow wp-block-column-is-layout-flow\">\n<div class=\"wp-block-columns is-layout-flex wp-container-core-columns-is-layout-9d6595d7 wp-block-columns-is-layout-flex\">\n<div class=\"wp-block-column is-layout-flow wp-block-column-is-layout-flow\"><\/div>\n\n\n\n<div class=\"wp-block-column is-layout-flow wp-block-column-is-layout-flow\"><\/div>\n<\/div>\n<\/div>\n\n\n\n<div class=\"wp-block-column is-layout-flow wp-block-column-is-layout-flow\">\n<div class=\"wp-block-columns is-layout-flex wp-container-core-columns-is-layout-9d6595d7 wp-block-columns-is-layout-flex\">\n<div class=\"wp-block-column is-layout-flow wp-block-column-is-layout-flow\"><\/div>\n\n\n\n<div class=\"wp-block-column is-layout-flow wp-block-column-is-layout-flow\"><\/div>\n<\/div>\n<\/div>\n<\/div>\n","protected":false},"excerpt":{"rendered":"<p>INTERMODAL Le point d&rsquo;ancrage du corridor d&rsquo;\u00e9changes de conteneurs le plus fiable de la c\u00f4te Ouest Avec une vitesse, une port\u00e9e et une fiabilit\u00e9 in\u00e9gal\u00e9es dans l&rsquo;industrie, qui ajoutent une comp\u00e9titivit\u00e9 de bout en bout aux cargaisons transitant par notre port, le terminal \u00e0 conteneurs de Fairview est une installation intermodale sp\u00e9cialis\u00e9e, sp\u00e9cialement con\u00e7ue pour [&hellip;]<\/p>\n","protected":false},"author":7,"featured_media":16300,"parent":0,"menu_order":0,"comment_status":"closed","ping_status":"closed","template":"","meta":{"_acf_changed":false,"footnotes":""},"class_list":["post-16471","page","type-page","status-publish","has-post-thumbnail","hentry"],"acf":[],"yoast_head":"<!-- This site is optimized with the Yoast SEO plugin v26.8 - https:\/\/yoast.com\/product\/yoast-seo-wordpress\/ -->\n<title>INTERMODAL | Autorit\u00e9 portuaire de Prince Rupert<\/title>\n<meta name=\"robots\" content=\"index, follow, max-snippet:-1, max-image-preview:large, max-video-preview:-1\" \/>\n<link rel=\"canonical\" href=\"https:\/\/www.rupertport.com\/fr\/intermodal-2\/\" \/>\n<meta property=\"og:locale\" content=\"fr_FR\" \/>\n<meta property=\"og:type\" content=\"article\" \/>\n<meta property=\"og:title\" content=\"INTERMODAL | Autorit\u00e9 portuaire de Prince Rupert\" \/>\n<meta property=\"og:description\" content=\"INTERMODAL Le point d&rsquo;ancrage du corridor d&rsquo;\u00e9changes de conteneurs le plus fiable de la c\u00f4te Ouest Avec une vitesse, une port\u00e9e et une fiabilit\u00e9 in\u00e9gal\u00e9es dans l&rsquo;industrie, qui ajoutent une comp\u00e9titivit\u00e9 de bout en bout aux cargaisons transitant par notre port, le terminal \u00e0 conteneurs de Fairview est une installation intermodale sp\u00e9cialis\u00e9e, sp\u00e9cialement con\u00e7ue pour [&hellip;]\" \/>\n<meta property=\"og:url\" content=\"https:\/\/www.rupertport.com\/fr\/intermodal-2\/\" \/>\n<meta property=\"og:site_name\" content=\"Autorit\u00e9 portuaire de Prince Rupert\" \/>\n<meta property=\"article:publisher\" content=\"https:\/\/www.facebook.com\/rupertport\/\" \/>\n<meta property=\"article:modified_time\" content=\"2024-06-06T17:09:57+00:00\" \/>\n<meta property=\"og:image\" content=\"https:\/\/www.rupertport.com\/wp-content\/uploads\/2023\/09\/fairview-expansion.jpg\" \/>\n\t<meta property=\"og:image:width\" content=\"1920\" \/>\n\t<meta property=\"og:image:height\" content=\"1080\" \/>\n\t<meta property=\"og:image:type\" content=\"image\/jpeg\" \/>\n<meta name=\"twitter:card\" content=\"summary_large_image\" \/>\n<meta name=\"twitter:site\" content=\"@rupertport\" \/>\n<script type=\"application\/ld+json\" class=\"yoast-schema-graph\">{\"@context\":\"https:\/\/schema.org\",\"@graph\":[{\"@type\":\"WebPage\",\"@id\":\"https:\/\/www.rupertport.com\/fr\/intermodal-2\/\",\"url\":\"https:\/\/www.rupertport.com\/fr\/intermodal-2\/\",\"name\":\"INTERMODAL | Autorit\u00e9 portuaire de Prince Rupert\",\"isPartOf\":{\"@id\":\"https:\/\/www.rupertport.com\/fr\/#website\"},\"primaryImageOfPage\":{\"@id\":\"https:\/\/www.rupertport.com\/fr\/intermodal-2\/#primaryimage\"},\"image\":{\"@id\":\"https:\/\/www.rupertport.com\/fr\/intermodal-2\/#primaryimage\"},\"thumbnailUrl\":\"https:\/\/www.rupertport.com\/wp-content\/uploads\/2023\/09\/fairview-expansion.jpg\",\"datePublished\":\"2023-09-22T01:01:05+00:00\",\"dateModified\":\"2024-06-06T17:09:57+00:00\",\"breadcrumb\":{\"@id\":\"https:\/\/www.rupertport.com\/fr\/intermodal-2\/#breadcrumb\"},\"inLanguage\":\"fr-FR\",\"potentialAction\":[{\"@type\":\"ReadAction\",\"target\":[\"https:\/\/www.rupertport.com\/fr\/intermodal-2\/\"]}]},{\"@type\":\"ImageObject\",\"inLanguage\":\"fr-FR\",\"@id\":\"https:\/\/www.rupertport.com\/fr\/intermodal-2\/#primaryimage\",\"url\":\"https:\/\/www.rupertport.com\/wp-content\/uploads\/2023\/09\/fairview-expansion.jpg\",\"contentUrl\":\"https:\/\/www.rupertport.com\/wp-content\/uploads\/2023\/09\/fairview-expansion.jpg\",\"width\":1920,\"height\":1080},{\"@type\":\"BreadcrumbList\",\"@id\":\"https:\/\/www.rupertport.com\/fr\/intermodal-2\/#breadcrumb\",\"itemListElement\":[{\"@type\":\"ListItem\",\"position\":1,\"name\":\"Home\",\"item\":\"https:\/\/www.rupertport.com\/fr\/page-de-garde\/\"},{\"@type\":\"ListItem\",\"position\":2,\"name\":\"INTERMODAL\"}]},{\"@type\":\"WebSite\",\"@id\":\"https:\/\/www.rupertport.com\/fr\/#website\",\"url\":\"https:\/\/www.rupertport.com\/fr\/\",\"name\":\"Prince Rupert Port Authority\",\"description\":\"L'avant-garde du Canada\",\"publisher\":{\"@id\":\"https:\/\/www.rupertport.com\/fr\/#organization\"},\"alternateName\":\"PRPA\",\"potentialAction\":[{\"@type\":\"SearchAction\",\"target\":{\"@type\":\"EntryPoint\",\"urlTemplate\":\"https:\/\/www.rupertport.com\/fr\/?s={search_term_string}\"},\"query-input\":{\"@type\":\"PropertyValueSpecification\",\"valueRequired\":true,\"valueName\":\"search_term_string\"}}],\"inLanguage\":\"fr-FR\"},{\"@type\":\"Organization\",\"@id\":\"https:\/\/www.rupertport.com\/fr\/#organization\",\"name\":\"Prince Rupert Port Authority\",\"alternateName\":\"PRPA\",\"url\":\"https:\/\/www.rupertport.com\/fr\/\",\"logo\":{\"@type\":\"ImageObject\",\"inLanguage\":\"fr-FR\",\"@id\":\"https:\/\/www.rupertport.com\/fr\/#\/schema\/logo\/image\/\",\"url\":\"https:\/\/www.rupertport.com\/wp-content\/uploads\/2021\/04\/cropped-PRPA-logo-meta-1200x1200-1.jpg\",\"contentUrl\":\"https:\/\/www.rupertport.com\/wp-content\/uploads\/2021\/04\/cropped-PRPA-logo-meta-1200x1200-1.jpg\",\"width\":512,\"height\":512,\"caption\":\"Prince Rupert Port Authority\"},\"image\":{\"@id\":\"https:\/\/www.rupertport.com\/fr\/#\/schema\/logo\/image\/\"},\"sameAs\":[\"https:\/\/www.facebook.com\/rupertport\/\",\"https:\/\/x.com\/rupertport\"]}]}<\/script>\n<!-- \/ Yoast SEO plugin. -->","yoast_head_json":{"title":"INTERMODAL | Autorit\u00e9 portuaire de Prince Rupert","robots":{"index":"index","follow":"follow","max-snippet":"max-snippet:-1","max-image-preview":"max-image-preview:large","max-video-preview":"max-video-preview:-1"},"canonical":"https:\/\/www.rupertport.com\/fr\/intermodal-2\/","og_locale":"fr_FR","og_type":"article","og_title":"INTERMODAL | Autorit\u00e9 portuaire de Prince Rupert","og_description":"INTERMODAL Le point d&rsquo;ancrage du corridor d&rsquo;\u00e9changes de conteneurs le plus fiable de la c\u00f4te Ouest Avec une vitesse, une port\u00e9e et une fiabilit\u00e9 in\u00e9gal\u00e9es dans l&rsquo;industrie, qui ajoutent une comp\u00e9titivit\u00e9 de bout en bout aux cargaisons transitant par notre port, le terminal \u00e0 conteneurs de Fairview est une installation intermodale sp\u00e9cialis\u00e9e, sp\u00e9cialement con\u00e7ue pour [&hellip;]","og_url":"https:\/\/www.rupertport.com\/fr\/intermodal-2\/","og_site_name":"Autorit\u00e9 portuaire de Prince Rupert","article_publisher":"https:\/\/www.facebook.com\/rupertport\/","article_modified_time":"2024-06-06T17:09:57+00:00","og_image":[{"width":1920,"height":1080,"url":"https:\/\/www.rupertport.com\/wp-content\/uploads\/2023\/09\/fairview-expansion.jpg","type":"image\/jpeg"}],"twitter_card":"summary_large_image","twitter_site":"@rupertport","schema":{"@context":"https:\/\/schema.org","@graph":[{"@type":"WebPage","@id":"https:\/\/www.rupertport.com\/fr\/intermodal-2\/","url":"https:\/\/www.rupertport.com\/fr\/intermodal-2\/","name":"INTERMODAL | Autorit\u00e9 portuaire de Prince Rupert","isPartOf":{"@id":"https:\/\/www.rupertport.com\/fr\/#website"},"primaryImageOfPage":{"@id":"https:\/\/www.rupertport.com\/fr\/intermodal-2\/#primaryimage"},"image":{"@id":"https:\/\/www.rupertport.com\/fr\/intermodal-2\/#primaryimage"},"thumbnailUrl":"https:\/\/www.rupertport.com\/wp-content\/uploads\/2023\/09\/fairview-expansion.jpg","datePublished":"2023-09-22T01:01:05+00:00","dateModified":"2024-06-06T17:09:57+00:00","breadcrumb":{"@id":"https:\/\/www.rupertport.com\/fr\/intermodal-2\/#breadcrumb"},"inLanguage":"fr-FR","potentialAction":[{"@type":"ReadAction","target":["https:\/\/www.rupertport.com\/fr\/intermodal-2\/"]}]},{"@type":"ImageObject","inLanguage":"fr-FR","@id":"https:\/\/www.rupertport.com\/fr\/intermodal-2\/#primaryimage","url":"https:\/\/www.rupertport.com\/wp-content\/uploads\/2023\/09\/fairview-expansion.jpg","contentUrl":"https:\/\/www.rupertport.com\/wp-content\/uploads\/2023\/09\/fairview-expansion.jpg","width":1920,"height":1080},{"@type":"BreadcrumbList","@id":"https:\/\/www.rupertport.com\/fr\/intermodal-2\/#breadcrumb","itemListElement":[{"@type":"ListItem","position":1,"name":"Home","item":"https:\/\/www.rupertport.com\/fr\/page-de-garde\/"},{"@type":"ListItem","position":2,"name":"INTERMODAL"}]},{"@type":"WebSite","@id":"https:\/\/www.rupertport.com\/fr\/#website","url":"https:\/\/www.rupertport.com\/fr\/","name":"Prince Rupert Port Authority","description":"L'avant-garde du Canada","publisher":{"@id":"https:\/\/www.rupertport.com\/fr\/#organization"},"alternateName":"PRPA","potentialAction":[{"@type":"SearchAction","target":{"@type":"EntryPoint","urlTemplate":"https:\/\/www.rupertport.com\/fr\/?s={search_term_string}"},"query-input":{"@type":"PropertyValueSpecification","valueRequired":true,"valueName":"search_term_string"}}],"inLanguage":"fr-FR"},{"@type":"Organization","@id":"https:\/\/www.rupertport.com\/fr\/#organization","name":"Prince Rupert Port Authority","alternateName":"PRPA","url":"https:\/\/www.rupertport.com\/fr\/","logo":{"@type":"ImageObject","inLanguage":"fr-FR","@id":"https:\/\/www.rupertport.com\/fr\/#\/schema\/logo\/image\/","url":"https:\/\/www.rupertport.com\/wp-content\/uploads\/2021\/04\/cropped-PRPA-logo-meta-1200x1200-1.jpg","contentUrl":"https:\/\/www.rupertport.com\/wp-content\/uploads\/2021\/04\/cropped-PRPA-logo-meta-1200x1200-1.jpg","width":512,"height":512,"caption":"Prince Rupert Port Authority"},"image":{"@id":"https:\/\/www.rupertport.com\/fr\/#\/schema\/logo\/image\/"},"sameAs":["https:\/\/www.facebook.com\/rupertport\/","https:\/\/x.com\/rupertport"]}]}},"_links":{"self":[{"href":"https:\/\/www.rupertport.com\/fr\/wp-json\/wp\/v2\/pages\/16471","targetHints":{"allow":["GET"]}}],"collection":[{"href":"https:\/\/www.rupertport.com\/fr\/wp-json\/wp\/v2\/pages"}],"about":[{"href":"https:\/\/www.rupertport.com\/fr\/wp-json\/wp\/v2\/types\/page"}],"author":[{"embeddable":true,"href":"https:\/\/www.rupertport.com\/fr\/wp-json\/wp\/v2\/users\/7"}],"replies":[{"embeddable":true,"href":"https:\/\/www.rupertport.com\/fr\/wp-json\/wp\/v2\/comments?post=16471"}],"version-history":[{"count":5,"href":"https:\/\/www.rupertport.com\/fr\/wp-json\/wp\/v2\/pages\/16471\/revisions"}],"predecessor-version":[{"id":19679,"href":"https:\/\/www.rupertport.com\/fr\/wp-json\/wp\/v2\/pages\/16471\/revisions\/19679"}],"wp:featuredmedia":[{"embeddable":true,"href":"https:\/\/www.rupertport.com\/fr\/wp-json\/wp\/v2\/media\/16300"}],"wp:attachment":[{"href":"https:\/\/www.rupertport.com\/fr\/wp-json\/wp\/v2\/media?parent=16471"}],"curies":[{"name":"wp","href":"https:\/\/api.w.org\/{rel}","templated":true}]}}