{"id":15977,"date":"2023-08-11T22:26:21","date_gmt":"2023-08-11T22:26:21","guid":{"rendered":"https:\/\/stage.rupertport.com\/?page_id=15977"},"modified":"2023-08-14T20:28:04","modified_gmt":"2023-08-14T20:28:04","slug":"announcing-prpas-website-in-fr","status":"publish","type":"page","link":"https:\/\/www.rupertport.com\/fr\/announcing-prpas-website-in-fr\/","title":{"rendered":"Announcing PRPA&rsquo;s website in FR"},"content":{"rendered":"\n<h2 class=\"wp-block-heading\">Announcing PRPA&rsquo;s website in FR<\/h2>\n\n\n\n<p>The Prince Rupert Port Authority (PRPA) is pleased to share website content in both French and English, where possible. Should you require information in French that is currently only available in English, please send a request to <a href=\"mailto:info@rupertport.com\" target=\"_blank\" rel=\"noreferrer noopener\">info@rupertport.com<\/a> and we will do our best to serve you. <\/p>\n\n\n\n<h2 class=\"wp-block-heading\">Nous annon\u00e7ons le site web de APPR en FR<\/h2>\n\n\n\n<p>L&rsquo;Administration portuaire de Prince Rupert (APPR) est heureuse de partager le contenu de son site web en fran\u00e7ais et en anglais, dans la mesure possible. Si vous avez besoin d&rsquo;informations en fran\u00e7ais qui ne sont pas disponibles qu&rsquo;en anglais, veuillez envoyer une demande \u00e0 <a href=\"mailto:info@rupertport.com\" target=\"_blank\" rel=\"noreferrer noopener\">info@rupertport.com<\/a> et nous ferons de notre mieux pour vous servir.<\/p>\n","protected":false},"excerpt":{"rendered":"<p>Announcing PRPA&rsquo;s website in FR The Prince Rupert Port Authority (PRPA) is pleased to share website content in both French and English, where possible. Should you require information in French that is currently only available in English, please send a request to info@rupertport.com and we will do our best to serve you. Nous annon\u00e7ons le [&hellip;]<\/p>\n","protected":false},"author":4,"featured_media":0,"parent":0,"menu_order":0,"comment_status":"closed","ping_status":"closed","template":"","meta":{"_acf_changed":false,"footnotes":""},"class_list":["post-15977","page","type-page","status-publish","hentry"],"acf":[],"yoast_head":"<!-- This site is optimized with the Yoast SEO plugin v27.4 - https:\/\/yoast.com\/product\/yoast-seo-wordpress\/ -->\n<title>Announcing PRPA&#039;s website in FR | Autorit\u00e9 portuaire de Prince Rupert<\/title>\n<meta name=\"robots\" content=\"index, follow, max-snippet:-1, max-image-preview:large, max-video-preview:-1\" \/>\n<link rel=\"canonical\" href=\"https:\/\/www.rupertport.com\/fr\/announcing-prpas-website-in-fr\/\" \/>\n<meta property=\"og:locale\" content=\"fr_FR\" \/>\n<meta property=\"og:type\" content=\"article\" \/>\n<meta property=\"og:title\" content=\"Announcing PRPA&#039;s website in FR | Autorit\u00e9 portuaire de Prince Rupert\" \/>\n<meta property=\"og:description\" content=\"Announcing PRPA&rsquo;s website in FR The Prince Rupert Port Authority (PRPA) is pleased to share website content in both French and English, where possible. Should you require information in French that is currently only available in English, please send a request to info@rupertport.com and we will do our best to serve you. Nous annon\u00e7ons le [&hellip;]\" \/>\n<meta property=\"og:url\" content=\"https:\/\/www.rupertport.com\/fr\/announcing-prpas-website-in-fr\/\" \/>\n<meta property=\"og:site_name\" content=\"Autorit\u00e9 portuaire de Prince Rupert\" \/>\n<meta property=\"article:publisher\" content=\"https:\/\/www.facebook.com\/rupertport\/\" \/>\n<meta property=\"article:modified_time\" content=\"2023-08-14T20:28:04+00:00\" \/>\n<meta property=\"og:image\" content=\"https:\/\/www.rupertport.com\/wp-content\/uploads\/2022\/09\/prpa-logo-01.jpg\" \/>\n\t<meta property=\"og:image:width\" content=\"460\" \/>\n\t<meta property=\"og:image:height\" content=\"243\" \/>\n\t<meta property=\"og:image:type\" content=\"image\/jpeg\" \/>\n<meta name=\"twitter:card\" content=\"summary_large_image\" \/>\n<meta name=\"twitter:site\" content=\"@rupertport\" \/>\n<script type=\"application\/ld+json\" class=\"yoast-schema-graph\">{\"@context\":\"https:\\\/\\\/schema.org\",\"@graph\":[{\"@type\":\"WebPage\",\"@id\":\"https:\\\/\\\/www.rupertport.com\\\/fr\\\/announcing-prpas-website-in-fr\\\/\",\"url\":\"https:\\\/\\\/www.rupertport.com\\\/fr\\\/announcing-prpas-website-in-fr\\\/\",\"name\":\"Announcing PRPA's website in FR | Autorit\u00e9 portuaire de Prince Rupert\",\"isPartOf\":{\"@id\":\"https:\\\/\\\/www.rupertport.com\\\/fr\\\/#website\"},\"datePublished\":\"2023-08-11T22:26:21+00:00\",\"dateModified\":\"2023-08-14T20:28:04+00:00\",\"breadcrumb\":{\"@id\":\"https:\\\/\\\/www.rupertport.com\\\/fr\\\/announcing-prpas-website-in-fr\\\/#breadcrumb\"},\"inLanguage\":\"fr-FR\",\"potentialAction\":[{\"@type\":\"ReadAction\",\"target\":[\"https:\\\/\\\/www.rupertport.com\\\/fr\\\/announcing-prpas-website-in-fr\\\/\"]}]},{\"@type\":\"BreadcrumbList\",\"@id\":\"https:\\\/\\\/www.rupertport.com\\\/fr\\\/announcing-prpas-website-in-fr\\\/#breadcrumb\",\"itemListElement\":[{\"@type\":\"ListItem\",\"position\":1,\"name\":\"Home\",\"item\":\"https:\\\/\\\/www.rupertport.com\\\/fr\\\/page-de-garde\\\/\"},{\"@type\":\"ListItem\",\"position\":2,\"name\":\"Announcing PRPA&#8217;s website in FR\"}]},{\"@type\":\"WebSite\",\"@id\":\"https:\\\/\\\/www.rupertport.com\\\/fr\\\/#website\",\"url\":\"https:\\\/\\\/www.rupertport.com\\\/fr\\\/\",\"name\":\"Prince Rupert Port Authority\",\"description\":\"L'avant-garde du Canada\",\"publisher\":{\"@id\":\"https:\\\/\\\/www.rupertport.com\\\/fr\\\/#organization\"},\"alternateName\":\"PRPA\",\"potentialAction\":[{\"@type\":\"SearchAction\",\"target\":{\"@type\":\"EntryPoint\",\"urlTemplate\":\"https:\\\/\\\/www.rupertport.com\\\/fr\\\/?s={search_term_string}\"},\"query-input\":{\"@type\":\"PropertyValueSpecification\",\"valueRequired\":true,\"valueName\":\"search_term_string\"}}],\"inLanguage\":\"fr-FR\"},{\"@type\":\"Organization\",\"@id\":\"https:\\\/\\\/www.rupertport.com\\\/fr\\\/#organization\",\"name\":\"Prince Rupert Port Authority\",\"alternateName\":\"PRPA\",\"url\":\"https:\\\/\\\/www.rupertport.com\\\/fr\\\/\",\"logo\":{\"@type\":\"ImageObject\",\"inLanguage\":\"fr-FR\",\"@id\":\"https:\\\/\\\/www.rupertport.com\\\/fr\\\/#\\\/schema\\\/logo\\\/image\\\/\",\"url\":\"https:\\\/\\\/www.rupertport.com\\\/wp-content\\\/uploads\\\/2021\\\/04\\\/cropped-PRPA-logo-meta-1200x1200-1.jpg\",\"contentUrl\":\"https:\\\/\\\/www.rupertport.com\\\/wp-content\\\/uploads\\\/2021\\\/04\\\/cropped-PRPA-logo-meta-1200x1200-1.jpg\",\"width\":512,\"height\":512,\"caption\":\"Prince Rupert Port Authority\"},\"image\":{\"@id\":\"https:\\\/\\\/www.rupertport.com\\\/fr\\\/#\\\/schema\\\/logo\\\/image\\\/\"},\"sameAs\":[\"https:\\\/\\\/www.facebook.com\\\/rupertport\\\/\",\"https:\\\/\\\/x.com\\\/rupertport\"]}]}<\/script>\n<!-- \/ Yoast SEO plugin. -->","yoast_head_json":{"title":"Announcing PRPA's website in FR | Autorit\u00e9 portuaire de Prince Rupert","robots":{"index":"index","follow":"follow","max-snippet":"max-snippet:-1","max-image-preview":"max-image-preview:large","max-video-preview":"max-video-preview:-1"},"canonical":"https:\/\/www.rupertport.com\/fr\/announcing-prpas-website-in-fr\/","og_locale":"fr_FR","og_type":"article","og_title":"Announcing PRPA's website in FR | Autorit\u00e9 portuaire de Prince Rupert","og_description":"Announcing PRPA&rsquo;s website in FR The Prince Rupert Port Authority (PRPA) is pleased to share website content in both French and English, where possible. Should you require information in French that is currently only available in English, please send a request to info@rupertport.com and we will do our best to serve you. Nous annon\u00e7ons le [&hellip;]","og_url":"https:\/\/www.rupertport.com\/fr\/announcing-prpas-website-in-fr\/","og_site_name":"Autorit\u00e9 portuaire de Prince Rupert","article_publisher":"https:\/\/www.facebook.com\/rupertport\/","article_modified_time":"2023-08-14T20:28:04+00:00","og_image":[{"width":460,"height":243,"url":"https:\/\/www.rupertport.com\/wp-content\/uploads\/2022\/09\/prpa-logo-01.jpg","type":"image\/jpeg"}],"twitter_card":"summary_large_image","twitter_site":"@rupertport","schema":{"@context":"https:\/\/schema.org","@graph":[{"@type":"WebPage","@id":"https:\/\/www.rupertport.com\/fr\/announcing-prpas-website-in-fr\/","url":"https:\/\/www.rupertport.com\/fr\/announcing-prpas-website-in-fr\/","name":"Announcing PRPA's website in FR | Autorit\u00e9 portuaire de Prince Rupert","isPartOf":{"@id":"https:\/\/www.rupertport.com\/fr\/#website"},"datePublished":"2023-08-11T22:26:21+00:00","dateModified":"2023-08-14T20:28:04+00:00","breadcrumb":{"@id":"https:\/\/www.rupertport.com\/fr\/announcing-prpas-website-in-fr\/#breadcrumb"},"inLanguage":"fr-FR","potentialAction":[{"@type":"ReadAction","target":["https:\/\/www.rupertport.com\/fr\/announcing-prpas-website-in-fr\/"]}]},{"@type":"BreadcrumbList","@id":"https:\/\/www.rupertport.com\/fr\/announcing-prpas-website-in-fr\/#breadcrumb","itemListElement":[{"@type":"ListItem","position":1,"name":"Home","item":"https:\/\/www.rupertport.com\/fr\/page-de-garde\/"},{"@type":"ListItem","position":2,"name":"Announcing PRPA&#8217;s website in FR"}]},{"@type":"WebSite","@id":"https:\/\/www.rupertport.com\/fr\/#website","url":"https:\/\/www.rupertport.com\/fr\/","name":"Prince Rupert Port Authority","description":"L'avant-garde du Canada","publisher":{"@id":"https:\/\/www.rupertport.com\/fr\/#organization"},"alternateName":"PRPA","potentialAction":[{"@type":"SearchAction","target":{"@type":"EntryPoint","urlTemplate":"https:\/\/www.rupertport.com\/fr\/?s={search_term_string}"},"query-input":{"@type":"PropertyValueSpecification","valueRequired":true,"valueName":"search_term_string"}}],"inLanguage":"fr-FR"},{"@type":"Organization","@id":"https:\/\/www.rupertport.com\/fr\/#organization","name":"Prince Rupert Port Authority","alternateName":"PRPA","url":"https:\/\/www.rupertport.com\/fr\/","logo":{"@type":"ImageObject","inLanguage":"fr-FR","@id":"https:\/\/www.rupertport.com\/fr\/#\/schema\/logo\/image\/","url":"https:\/\/www.rupertport.com\/wp-content\/uploads\/2021\/04\/cropped-PRPA-logo-meta-1200x1200-1.jpg","contentUrl":"https:\/\/www.rupertport.com\/wp-content\/uploads\/2021\/04\/cropped-PRPA-logo-meta-1200x1200-1.jpg","width":512,"height":512,"caption":"Prince Rupert Port Authority"},"image":{"@id":"https:\/\/www.rupertport.com\/fr\/#\/schema\/logo\/image\/"},"sameAs":["https:\/\/www.facebook.com\/rupertport\/","https:\/\/x.com\/rupertport"]}]}},"_links":{"self":[{"href":"https:\/\/www.rupertport.com\/fr\/wp-json\/wp\/v2\/pages\/15977","targetHints":{"allow":["GET"]}}],"collection":[{"href":"https:\/\/www.rupertport.com\/fr\/wp-json\/wp\/v2\/pages"}],"about":[{"href":"https:\/\/www.rupertport.com\/fr\/wp-json\/wp\/v2\/types\/page"}],"author":[{"embeddable":true,"href":"https:\/\/www.rupertport.com\/fr\/wp-json\/wp\/v2\/users\/4"}],"replies":[{"embeddable":true,"href":"https:\/\/www.rupertport.com\/fr\/wp-json\/wp\/v2\/comments?post=15977"}],"version-history":[{"count":3,"href":"https:\/\/www.rupertport.com\/fr\/wp-json\/wp\/v2\/pages\/15977\/revisions"}],"predecessor-version":[{"id":15982,"href":"https:\/\/www.rupertport.com\/fr\/wp-json\/wp\/v2\/pages\/15977\/revisions\/15982"}],"wp:attachment":[{"href":"https:\/\/www.rupertport.com\/fr\/wp-json\/wp\/v2\/media?parent=15977"}],"curies":[{"name":"wp","href":"https:\/\/api.w.org\/{rel}","templated":true}]}}