{"id":14278,"date":"2019-12-17T22:06:31","date_gmt":"2019-12-18T06:06:31","guid":{"rendered":"https:\/\/massive.rupertport.com\/mises-a-jour-de-dwell\/"},"modified":"2023-08-18T18:46:59","modified_gmt":"2023-08-18T18:46:59","slug":"mises-a-jour-de-dwell","status":"publish","type":"page","link":"https:\/\/www.rupertport.com\/fr\/mises-a-jour-de-dwell\/","title":{"rendered":"Mises \u00e0 jour de Dwell"},"content":{"rendered":"\n<p>Consultez cette page chaque semaine pour obtenir des mises \u00e0 jour sur les temps d&rsquo;attente et les tendances pr\u00e9vues concernant le fret au terminal \u00e0 conteneurs de Fairview.<\/p>\n\n<div class=\"wp-block-file\"><a id=\"wp-block-file--media-e81b592b-24d2-469d-90ea-765e37e3b820\" href=\"https:\/\/www.rupertport.com\/wp-content\/uploads\/2023\/08\/Dwell-Update-Aug-18-2023-1024x734.png\">Dwell-Update-Aug-18-2023<\/a><a href=\"https:\/\/www.rupertport.com\/wp-content\/uploads\/2023\/08\/Dwell-Update-Aug-18-2023-1024x734.png\" class=\"wp-block-file__button wp-element-button\" download=\"\" aria-describedby=\"wp-block-file--media-e81b592b-24d2-469d-90ea-765e37e3b820\">Download<\/a><\/div>\n\n\n\n<figure class=\"wp-block-image size-large\"><img loading=\"lazy\" decoding=\"async\" width=\"1024\" height=\"734\" src=\"https:\/\/www.rupertport.com\/wp-content\/uploads\/2023\/08\/Dwell-Update-Aug-18-2023-1024x734.png\" alt=\"\" class=\"wp-image-16030\" srcset=\"https:\/\/www.rupertport.com\/wp-content\/uploads\/2023\/08\/Dwell-Update-Aug-18-2023-1024x734.png 1024w, https:\/\/www.rupertport.com\/wp-content\/uploads\/2023\/08\/Dwell-Update-Aug-18-2023-300x215.png 300w, https:\/\/www.rupertport.com\/wp-content\/uploads\/2023\/08\/Dwell-Update-Aug-18-2023-768x551.png 768w, https:\/\/www.rupertport.com\/wp-content\/uploads\/2023\/08\/Dwell-Update-Aug-18-2023-350x250.png 350w, https:\/\/www.rupertport.com\/wp-content\/uploads\/2023\/08\/Dwell-Update-Aug-18-2023.png 1322w\" sizes=\"auto, (max-width: 1024px) 100vw, 1024px\" \/><\/figure>\n\n<p><\/p>\n","protected":false},"excerpt":{"rendered":"<p>Consultez cette page chaque semaine pour obtenir des mises \u00e0 jour sur les temps d&rsquo;attente et les tendances pr\u00e9vues concernant le fret au terminal \u00e0 conteneurs de Fairview.<\/p>\n","protected":false},"author":6,"featured_media":10644,"parent":0,"menu_order":0,"comment_status":"closed","ping_status":"closed","template":"templates\/page-dwell.php","meta":{"_acf_changed":false,"footnotes":""},"class_list":["post-14278","page","type-page","status-publish","has-post-thumbnail","hentry"],"acf":[],"yoast_head":"<!-- This site is optimized with the Yoast SEO plugin v26.8 - https:\/\/yoast.com\/product\/yoast-seo-wordpress\/ -->\n<title>Mises \u00e0 jour Dwell | S&#039;inscrire aux mises \u00e0 jour du rapport Dwell | Autorit\u00e9 portuaire de Prince Rupert.<\/title>\n<meta name=\"description\" content=\"Consultez cette page chaque semaine pour obtenir des mises \u00e0 jour sur les temps d&#039;attente et les tendances pr\u00e9vues concernant le fret au terminal \u00e0 conteneurs de Fairview. Inscrivez-vous pour recevoir les mises \u00e0 jour de Dwell Report en utilisant le formulaire.\" \/>\n<meta name=\"robots\" content=\"index, follow, max-snippet:-1, max-image-preview:large, max-video-preview:-1\" \/>\n<link rel=\"canonical\" href=\"https:\/\/www.rupertport.com\/fr\/mises-a-jour-de-dwell\/\" \/>\n<meta property=\"og:locale\" content=\"fr_FR\" \/>\n<meta property=\"og:type\" content=\"article\" \/>\n<meta property=\"og:title\" content=\"Mises \u00e0 jour Dwell | S&#039;inscrire aux mises \u00e0 jour du rapport Dwell | Autorit\u00e9 portuaire de Prince Rupert.\" \/>\n<meta property=\"og:description\" content=\"Consultez cette page chaque semaine pour obtenir des mises \u00e0 jour sur les temps d&#039;attente et les tendances pr\u00e9vues concernant le fret au terminal \u00e0 conteneurs de Fairview. Inscrivez-vous pour recevoir les mises \u00e0 jour de Dwell Report en utilisant le formulaire.\" \/>\n<meta property=\"og:url\" content=\"https:\/\/www.rupertport.com\/fr\/mises-a-jour-de-dwell\/\" \/>\n<meta property=\"og:site_name\" content=\"Autorit\u00e9 portuaire de Prince Rupert\" \/>\n<meta property=\"article:publisher\" content=\"https:\/\/www.facebook.com\/rupertport\/\" \/>\n<meta property=\"article:modified_time\" content=\"2023-08-18T18:46:59+00:00\" \/>\n<meta property=\"og:image\" content=\"https:\/\/www.rupertport.com\/wp-content\/uploads\/2020\/03\/marine-ops-header.jpg\" \/>\n\t<meta property=\"og:image:width\" content=\"2000\" \/>\n\t<meta property=\"og:image:height\" content=\"833\" \/>\n\t<meta property=\"og:image:type\" content=\"image\/jpeg\" \/>\n<meta name=\"twitter:card\" content=\"summary_large_image\" \/>\n<meta name=\"twitter:site\" content=\"@rupertport\" \/>\n<script type=\"application\/ld+json\" class=\"yoast-schema-graph\">{\"@context\":\"https:\/\/schema.org\",\"@graph\":[{\"@type\":\"WebPage\",\"@id\":\"https:\/\/www.rupertport.com\/fr\/mises-a-jour-de-dwell\/\",\"url\":\"https:\/\/www.rupertport.com\/fr\/mises-a-jour-de-dwell\/\",\"name\":\"Mises \u00e0 jour Dwell | S'inscrire aux mises \u00e0 jour du rapport Dwell | Autorit\u00e9 portuaire de Prince Rupert.\",\"isPartOf\":{\"@id\":\"https:\/\/www.rupertport.com\/fr\/#website\"},\"primaryImageOfPage\":{\"@id\":\"https:\/\/www.rupertport.com\/fr\/mises-a-jour-de-dwell\/#primaryimage\"},\"image\":{\"@id\":\"https:\/\/www.rupertport.com\/fr\/mises-a-jour-de-dwell\/#primaryimage\"},\"thumbnailUrl\":\"https:\/\/www.rupertport.com\/wp-content\/uploads\/2020\/03\/marine-ops-header.jpg\",\"datePublished\":\"2019-12-18T06:06:31+00:00\",\"dateModified\":\"2023-08-18T18:46:59+00:00\",\"description\":\"Consultez cette page chaque semaine pour obtenir des mises \u00e0 jour sur les temps d'attente et les tendances pr\u00e9vues concernant le fret au terminal \u00e0 conteneurs de Fairview. Inscrivez-vous pour recevoir les mises \u00e0 jour de Dwell Report en utilisant le formulaire.\",\"breadcrumb\":{\"@id\":\"https:\/\/www.rupertport.com\/fr\/mises-a-jour-de-dwell\/#breadcrumb\"},\"inLanguage\":\"fr-FR\",\"potentialAction\":[{\"@type\":\"ReadAction\",\"target\":[\"https:\/\/www.rupertport.com\/fr\/mises-a-jour-de-dwell\/\"]}]},{\"@type\":\"ImageObject\",\"inLanguage\":\"fr-FR\",\"@id\":\"https:\/\/www.rupertport.com\/fr\/mises-a-jour-de-dwell\/#primaryimage\",\"url\":\"https:\/\/www.rupertport.com\/wp-content\/uploads\/2020\/03\/marine-ops-header.jpg\",\"contentUrl\":\"https:\/\/www.rupertport.com\/wp-content\/uploads\/2020\/03\/marine-ops-header.jpg\",\"width\":2000,\"height\":833},{\"@type\":\"BreadcrumbList\",\"@id\":\"https:\/\/www.rupertport.com\/fr\/mises-a-jour-de-dwell\/#breadcrumb\",\"itemListElement\":[{\"@type\":\"ListItem\",\"position\":1,\"name\":\"Home\",\"item\":\"https:\/\/www.rupertport.com\/fr\/page-de-garde\/\"},{\"@type\":\"ListItem\",\"position\":2,\"name\":\"Mises \u00e0 jour de Dwell\"}]},{\"@type\":\"WebSite\",\"@id\":\"https:\/\/www.rupertport.com\/fr\/#website\",\"url\":\"https:\/\/www.rupertport.com\/fr\/\",\"name\":\"Prince Rupert Port Authority\",\"description\":\"L'avant-garde du Canada\",\"publisher\":{\"@id\":\"https:\/\/www.rupertport.com\/fr\/#organization\"},\"alternateName\":\"PRPA\",\"potentialAction\":[{\"@type\":\"SearchAction\",\"target\":{\"@type\":\"EntryPoint\",\"urlTemplate\":\"https:\/\/www.rupertport.com\/fr\/?s={search_term_string}\"},\"query-input\":{\"@type\":\"PropertyValueSpecification\",\"valueRequired\":true,\"valueName\":\"search_term_string\"}}],\"inLanguage\":\"fr-FR\"},{\"@type\":\"Organization\",\"@id\":\"https:\/\/www.rupertport.com\/fr\/#organization\",\"name\":\"Prince Rupert Port Authority\",\"alternateName\":\"PRPA\",\"url\":\"https:\/\/www.rupertport.com\/fr\/\",\"logo\":{\"@type\":\"ImageObject\",\"inLanguage\":\"fr-FR\",\"@id\":\"https:\/\/www.rupertport.com\/fr\/#\/schema\/logo\/image\/\",\"url\":\"https:\/\/www.rupertport.com\/wp-content\/uploads\/2021\/04\/cropped-PRPA-logo-meta-1200x1200-1.jpg\",\"contentUrl\":\"https:\/\/www.rupertport.com\/wp-content\/uploads\/2021\/04\/cropped-PRPA-logo-meta-1200x1200-1.jpg\",\"width\":512,\"height\":512,\"caption\":\"Prince Rupert Port Authority\"},\"image\":{\"@id\":\"https:\/\/www.rupertport.com\/fr\/#\/schema\/logo\/image\/\"},\"sameAs\":[\"https:\/\/www.facebook.com\/rupertport\/\",\"https:\/\/x.com\/rupertport\"]}]}<\/script>\n<!-- \/ Yoast SEO plugin. -->","yoast_head_json":{"title":"Mises \u00e0 jour Dwell | S'inscrire aux mises \u00e0 jour du rapport Dwell | Autorit\u00e9 portuaire de Prince Rupert.","description":"Consultez cette page chaque semaine pour obtenir des mises \u00e0 jour sur les temps d'attente et les tendances pr\u00e9vues concernant le fret au terminal \u00e0 conteneurs de Fairview. Inscrivez-vous pour recevoir les mises \u00e0 jour de Dwell Report en utilisant le formulaire.","robots":{"index":"index","follow":"follow","max-snippet":"max-snippet:-1","max-image-preview":"max-image-preview:large","max-video-preview":"max-video-preview:-1"},"canonical":"https:\/\/www.rupertport.com\/fr\/mises-a-jour-de-dwell\/","og_locale":"fr_FR","og_type":"article","og_title":"Mises \u00e0 jour Dwell | S'inscrire aux mises \u00e0 jour du rapport Dwell | Autorit\u00e9 portuaire de Prince Rupert.","og_description":"Consultez cette page chaque semaine pour obtenir des mises \u00e0 jour sur les temps d'attente et les tendances pr\u00e9vues concernant le fret au terminal \u00e0 conteneurs de Fairview. Inscrivez-vous pour recevoir les mises \u00e0 jour de Dwell Report en utilisant le formulaire.","og_url":"https:\/\/www.rupertport.com\/fr\/mises-a-jour-de-dwell\/","og_site_name":"Autorit\u00e9 portuaire de Prince Rupert","article_publisher":"https:\/\/www.facebook.com\/rupertport\/","article_modified_time":"2023-08-18T18:46:59+00:00","og_image":[{"width":2000,"height":833,"url":"https:\/\/www.rupertport.com\/wp-content\/uploads\/2020\/03\/marine-ops-header.jpg","type":"image\/jpeg"}],"twitter_card":"summary_large_image","twitter_site":"@rupertport","schema":{"@context":"https:\/\/schema.org","@graph":[{"@type":"WebPage","@id":"https:\/\/www.rupertport.com\/fr\/mises-a-jour-de-dwell\/","url":"https:\/\/www.rupertport.com\/fr\/mises-a-jour-de-dwell\/","name":"Mises \u00e0 jour Dwell | S'inscrire aux mises \u00e0 jour du rapport Dwell | Autorit\u00e9 portuaire de Prince Rupert.","isPartOf":{"@id":"https:\/\/www.rupertport.com\/fr\/#website"},"primaryImageOfPage":{"@id":"https:\/\/www.rupertport.com\/fr\/mises-a-jour-de-dwell\/#primaryimage"},"image":{"@id":"https:\/\/www.rupertport.com\/fr\/mises-a-jour-de-dwell\/#primaryimage"},"thumbnailUrl":"https:\/\/www.rupertport.com\/wp-content\/uploads\/2020\/03\/marine-ops-header.jpg","datePublished":"2019-12-18T06:06:31+00:00","dateModified":"2023-08-18T18:46:59+00:00","description":"Consultez cette page chaque semaine pour obtenir des mises \u00e0 jour sur les temps d'attente et les tendances pr\u00e9vues concernant le fret au terminal \u00e0 conteneurs de Fairview. Inscrivez-vous pour recevoir les mises \u00e0 jour de Dwell Report en utilisant le formulaire.","breadcrumb":{"@id":"https:\/\/www.rupertport.com\/fr\/mises-a-jour-de-dwell\/#breadcrumb"},"inLanguage":"fr-FR","potentialAction":[{"@type":"ReadAction","target":["https:\/\/www.rupertport.com\/fr\/mises-a-jour-de-dwell\/"]}]},{"@type":"ImageObject","inLanguage":"fr-FR","@id":"https:\/\/www.rupertport.com\/fr\/mises-a-jour-de-dwell\/#primaryimage","url":"https:\/\/www.rupertport.com\/wp-content\/uploads\/2020\/03\/marine-ops-header.jpg","contentUrl":"https:\/\/www.rupertport.com\/wp-content\/uploads\/2020\/03\/marine-ops-header.jpg","width":2000,"height":833},{"@type":"BreadcrumbList","@id":"https:\/\/www.rupertport.com\/fr\/mises-a-jour-de-dwell\/#breadcrumb","itemListElement":[{"@type":"ListItem","position":1,"name":"Home","item":"https:\/\/www.rupertport.com\/fr\/page-de-garde\/"},{"@type":"ListItem","position":2,"name":"Mises \u00e0 jour de Dwell"}]},{"@type":"WebSite","@id":"https:\/\/www.rupertport.com\/fr\/#website","url":"https:\/\/www.rupertport.com\/fr\/","name":"Prince Rupert Port Authority","description":"L'avant-garde du Canada","publisher":{"@id":"https:\/\/www.rupertport.com\/fr\/#organization"},"alternateName":"PRPA","potentialAction":[{"@type":"SearchAction","target":{"@type":"EntryPoint","urlTemplate":"https:\/\/www.rupertport.com\/fr\/?s={search_term_string}"},"query-input":{"@type":"PropertyValueSpecification","valueRequired":true,"valueName":"search_term_string"}}],"inLanguage":"fr-FR"},{"@type":"Organization","@id":"https:\/\/www.rupertport.com\/fr\/#organization","name":"Prince Rupert Port Authority","alternateName":"PRPA","url":"https:\/\/www.rupertport.com\/fr\/","logo":{"@type":"ImageObject","inLanguage":"fr-FR","@id":"https:\/\/www.rupertport.com\/fr\/#\/schema\/logo\/image\/","url":"https:\/\/www.rupertport.com\/wp-content\/uploads\/2021\/04\/cropped-PRPA-logo-meta-1200x1200-1.jpg","contentUrl":"https:\/\/www.rupertport.com\/wp-content\/uploads\/2021\/04\/cropped-PRPA-logo-meta-1200x1200-1.jpg","width":512,"height":512,"caption":"Prince Rupert Port Authority"},"image":{"@id":"https:\/\/www.rupertport.com\/fr\/#\/schema\/logo\/image\/"},"sameAs":["https:\/\/www.facebook.com\/rupertport\/","https:\/\/x.com\/rupertport"]}]}},"_links":{"self":[{"href":"https:\/\/www.rupertport.com\/fr\/wp-json\/wp\/v2\/pages\/14278","targetHints":{"allow":["GET"]}}],"collection":[{"href":"https:\/\/www.rupertport.com\/fr\/wp-json\/wp\/v2\/pages"}],"about":[{"href":"https:\/\/www.rupertport.com\/fr\/wp-json\/wp\/v2\/types\/page"}],"author":[{"embeddable":true,"href":"https:\/\/www.rupertport.com\/fr\/wp-json\/wp\/v2\/users\/6"}],"replies":[{"embeddable":true,"href":"https:\/\/www.rupertport.com\/fr\/wp-json\/wp\/v2\/comments?post=14278"}],"version-history":[{"count":18,"href":"https:\/\/www.rupertport.com\/fr\/wp-json\/wp\/v2\/pages\/14278\/revisions"}],"predecessor-version":[{"id":16036,"href":"https:\/\/www.rupertport.com\/fr\/wp-json\/wp\/v2\/pages\/14278\/revisions\/16036"}],"wp:featuredmedia":[{"embeddable":true,"href":"https:\/\/www.rupertport.com\/fr\/wp-json\/wp\/v2\/media\/10644"}],"wp:attachment":[{"href":"https:\/\/www.rupertport.com\/fr\/wp-json\/wp\/v2\/media?parent=14278"}],"curies":[{"name":"wp","href":"https:\/\/api.w.org\/{rel}","templated":true}]}}