{"id":14276,"date":"2020-01-17T00:43:32","date_gmt":"2020-01-17T08:43:32","guid":{"rendered":"https:\/\/massive.rupertport.com\/investissement-communautaire\/maree-montante\/"},"modified":"2023-10-04T18:43:34","modified_gmt":"2023-10-04T18:43:34","slug":"maree-montante","status":"publish","type":"page","link":"https:\/\/www.rupertport.com\/fr\/investissement-communautaire\/maree-montante\/","title":{"rendered":"Rising Tide"},"content":{"rendered":"\n<div class=\"wp-block-columns is-layout-flex wp-container-core-columns-is-layout-9d6595d7 wp-block-columns-is-layout-flex\">\n<div class=\"wp-block-column is-layout-flow wp-block-column-is-layout-flow\">\n<p>L&rsquo;APPR est convaincue que le soutien aux jeunes dans leur implication dans le sport, l&rsquo;\u00e9ducation, les arts et la culture fait partie int\u00e9grante de la construction d&rsquo;une communaut\u00e9 forte et dynamique. Le programme Rising Tide encourage la curiosit\u00e9 de chaque jeune \u00e0 essayer de nouvelles choses et \u00e0 prendre confiance en lui gr\u00e2ce \u00e0 ses r\u00e9alisations et \u00e0 ses succ\u00e8s. Les groupes ou organisations communautaires dont le mandat comprend le sport, l&rsquo;\u00e9ducation, les arts et la culture sont encourag\u00e9s \u00e0 appeler ou \u00e0 envoyer un courriel \u00e0 notre bureau pour discuter de leur programme ou de leur id\u00e9e d&rsquo;\u00e9v\u00e9nement avec notre personnel avant de soumettre une lettre de demande de soutien.<\/p>\n<\/div>\n\n\n\n<div class=\"wp-block-column is-layout-flow wp-block-column-is-layout-flow\">\n<figure class=\"wp-block-image size-large\"><img loading=\"lazy\" decoding=\"async\" width=\"800\" height=\"400\" src=\"https:\/\/www.rupertport.com\/wp-content\/uploads\/2020\/01\/Rising-Tide.jpg\" alt=\"\" class=\"wp-image-3118\" srcset=\"https:\/\/www.rupertport.com\/wp-content\/uploads\/2020\/01\/Rising-Tide.jpg 800w, https:\/\/www.rupertport.com\/wp-content\/uploads\/2020\/01\/Rising-Tide-300x150.jpg 300w, https:\/\/www.rupertport.com\/wp-content\/uploads\/2020\/01\/Rising-Tide-768x384.jpg 768w\" sizes=\"auto, (max-width: 800px) 100vw, 800px\" \/><\/figure>\n\n\n\n<figure class=\"wp-block-image size-large\"><img loading=\"lazy\" decoding=\"async\" width=\"850\" height=\"550\" src=\"https:\/\/www.rupertport.com\/wp-content\/uploads\/2019\/12\/music-studio-exhibit-1.jpg\" alt=\"\" class=\"wp-image-2289\" srcset=\"https:\/\/www.rupertport.com\/wp-content\/uploads\/2019\/12\/music-studio-exhibit-1.jpg 850w, https:\/\/www.rupertport.com\/wp-content\/uploads\/2019\/12\/music-studio-exhibit-1-300x194.jpg 300w, https:\/\/www.rupertport.com\/wp-content\/uploads\/2019\/12\/music-studio-exhibit-1-768x497.jpg 768w\" sizes=\"auto, (max-width: 850px) 100vw, 850px\" \/><\/figure>\n<\/div>\n<\/div>\n\n\n\n<div style=\"height:100px\" aria-hidden=\"true\" class=\"wp-block-spacer\"><\/div>\n","protected":false},"excerpt":{"rendered":"<p>L&rsquo;APPR est convaincue que le soutien aux jeunes dans leur implication dans le sport, l&rsquo;\u00e9ducation, les arts et la culture fait partie int\u00e9grante de la construction d&rsquo;une communaut\u00e9 forte et dynamique. Le programme Rising Tide encourage la curiosit\u00e9 de chaque jeune \u00e0 essayer de nouvelles choses et \u00e0 prendre confiance en lui gr\u00e2ce \u00e0 ses [&hellip;]<\/p>\n","protected":false},"author":6,"featured_media":26199,"parent":13838,"menu_order":0,"comment_status":"closed","ping_status":"closed","template":"templates\/page-community-investment-funds.php","meta":{"_acf_changed":false,"footnotes":""},"class_list":["post-14276","page","type-page","status-publish","has-post-thumbnail","hentry"],"acf":[],"yoast_head":"<!-- This site is optimized with the Yoast SEO plugin v26.8 - https:\/\/yoast.com\/product\/yoast-seo-wordpress\/ -->\n<title>Rising Tide | Promouvoir l&#039;avancement des femmes dans l&#039;industrie maritime | Autorit\u00e9 portuaire de Prince Rupert.<\/title>\n<meta name=\"description\" content=\"D\u00e9couvrez notre programme Rising Tide, qui permet aux femmes de s&#039;\u00e9manciper dans l&#039;industrie maritime \u00e0 l&#039;L&#039;Administration portuaire de Prince Rupert. Rejoignez-nous !\" \/>\n<meta name=\"robots\" content=\"index, follow, max-snippet:-1, max-image-preview:large, max-video-preview:-1\" \/>\n<link rel=\"canonical\" href=\"https:\/\/www.rupertport.com\/fr\/investissement-communautaire\/maree-montante\/\" \/>\n<meta property=\"og:locale\" content=\"fr_FR\" \/>\n<meta property=\"og:type\" content=\"article\" \/>\n<meta property=\"og:title\" content=\"Rising Tide | Promouvoir l&#039;avancement des femmes dans l&#039;industrie maritime | Autorit\u00e9 portuaire de Prince Rupert.\" \/>\n<meta property=\"og:description\" content=\"D\u00e9couvrez notre programme Rising Tide, qui permet aux femmes de s&#039;\u00e9manciper dans l&#039;industrie maritime \u00e0 l&#039;L&#039;Administration portuaire de Prince Rupert. Rejoignez-nous !\" \/>\n<meta property=\"og:url\" content=\"https:\/\/www.rupertport.com\/fr\/investissement-communautaire\/maree-montante\/\" \/>\n<meta property=\"og:site_name\" content=\"Autorit\u00e9 portuaire de Prince Rupert\" \/>\n<meta property=\"article:publisher\" content=\"https:\/\/www.facebook.com\/rupertport\/\" \/>\n<meta property=\"article:modified_time\" content=\"2023-10-04T18:43:34+00:00\" \/>\n<meta property=\"og:image\" content=\"https:\/\/www.rupertport.com\/wp-content\/uploads\/2019\/12\/executive-feature.jpg\" \/>\n\t<meta property=\"og:image:width\" content=\"2000\" \/>\n\t<meta property=\"og:image:height\" content=\"857\" \/>\n\t<meta property=\"og:image:type\" content=\"image\/jpeg\" \/>\n<meta name=\"twitter:card\" content=\"summary_large_image\" \/>\n<meta name=\"twitter:site\" content=\"@rupertport\" \/>\n<script type=\"application\/ld+json\" class=\"yoast-schema-graph\">{\"@context\":\"https:\/\/schema.org\",\"@graph\":[{\"@type\":\"WebPage\",\"@id\":\"https:\/\/www.rupertport.com\/fr\/investissement-communautaire\/maree-montante\/\",\"url\":\"https:\/\/www.rupertport.com\/fr\/investissement-communautaire\/maree-montante\/\",\"name\":\"Rising Tide | Promouvoir l'avancement des femmes dans l'industrie maritime | Autorit\u00e9 portuaire de Prince Rupert.\",\"isPartOf\":{\"@id\":\"https:\/\/www.rupertport.com\/fr\/#website\"},\"primaryImageOfPage\":{\"@id\":\"https:\/\/www.rupertport.com\/fr\/investissement-communautaire\/maree-montante\/#primaryimage\"},\"image\":{\"@id\":\"https:\/\/www.rupertport.com\/fr\/investissement-communautaire\/maree-montante\/#primaryimage\"},\"thumbnailUrl\":\"https:\/\/www.rupertport.com\/wp-content\/uploads\/2026\/01\/20210715-Northland-at-Night-scaled.jpg\",\"datePublished\":\"2020-01-17T08:43:32+00:00\",\"dateModified\":\"2023-10-04T18:43:34+00:00\",\"description\":\"D\u00e9couvrez notre programme Rising Tide, qui permet aux femmes de s'\u00e9manciper dans l'industrie maritime \u00e0 l'L'Administration portuaire de Prince Rupert. Rejoignez-nous !\",\"breadcrumb\":{\"@id\":\"https:\/\/www.rupertport.com\/fr\/investissement-communautaire\/maree-montante\/#breadcrumb\"},\"inLanguage\":\"fr-FR\",\"potentialAction\":[{\"@type\":\"ReadAction\",\"target\":[\"https:\/\/www.rupertport.com\/fr\/investissement-communautaire\/maree-montante\/\"]}]},{\"@type\":\"ImageObject\",\"inLanguage\":\"fr-FR\",\"@id\":\"https:\/\/www.rupertport.com\/fr\/investissement-communautaire\/maree-montante\/#primaryimage\",\"url\":\"https:\/\/www.rupertport.com\/wp-content\/uploads\/2026\/01\/20210715-Northland-at-Night-scaled.jpg\",\"contentUrl\":\"https:\/\/www.rupertport.com\/wp-content\/uploads\/2026\/01\/20210715-Northland-at-Night-scaled.jpg\",\"width\":2560,\"height\":1440},{\"@type\":\"BreadcrumbList\",\"@id\":\"https:\/\/www.rupertport.com\/fr\/investissement-communautaire\/maree-montante\/#breadcrumb\",\"itemListElement\":[{\"@type\":\"ListItem\",\"position\":1,\"name\":\"Home\",\"item\":\"https:\/\/www.rupertport.com\/fr\/page-de-garde\/\"},{\"@type\":\"ListItem\",\"position\":2,\"name\":\"Investissement communautaire\",\"item\":\"https:\/\/www.rupertport.com\/fr\/investissement-communautaire\/\"},{\"@type\":\"ListItem\",\"position\":3,\"name\":\"Rising Tide\"}]},{\"@type\":\"WebSite\",\"@id\":\"https:\/\/www.rupertport.com\/fr\/#website\",\"url\":\"https:\/\/www.rupertport.com\/fr\/\",\"name\":\"Prince Rupert Port Authority\",\"description\":\"L'avant-garde du Canada\",\"publisher\":{\"@id\":\"https:\/\/www.rupertport.com\/fr\/#organization\"},\"alternateName\":\"PRPA\",\"potentialAction\":[{\"@type\":\"SearchAction\",\"target\":{\"@type\":\"EntryPoint\",\"urlTemplate\":\"https:\/\/www.rupertport.com\/fr\/?s={search_term_string}\"},\"query-input\":{\"@type\":\"PropertyValueSpecification\",\"valueRequired\":true,\"valueName\":\"search_term_string\"}}],\"inLanguage\":\"fr-FR\"},{\"@type\":\"Organization\",\"@id\":\"https:\/\/www.rupertport.com\/fr\/#organization\",\"name\":\"Prince Rupert Port Authority\",\"alternateName\":\"PRPA\",\"url\":\"https:\/\/www.rupertport.com\/fr\/\",\"logo\":{\"@type\":\"ImageObject\",\"inLanguage\":\"fr-FR\",\"@id\":\"https:\/\/www.rupertport.com\/fr\/#\/schema\/logo\/image\/\",\"url\":\"https:\/\/www.rupertport.com\/wp-content\/uploads\/2021\/04\/cropped-PRPA-logo-meta-1200x1200-1.jpg\",\"contentUrl\":\"https:\/\/www.rupertport.com\/wp-content\/uploads\/2021\/04\/cropped-PRPA-logo-meta-1200x1200-1.jpg\",\"width\":512,\"height\":512,\"caption\":\"Prince Rupert Port Authority\"},\"image\":{\"@id\":\"https:\/\/www.rupertport.com\/fr\/#\/schema\/logo\/image\/\"},\"sameAs\":[\"https:\/\/www.facebook.com\/rupertport\/\",\"https:\/\/x.com\/rupertport\"]}]}<\/script>\n<!-- \/ Yoast SEO plugin. -->","yoast_head_json":{"title":"Rising Tide | Promouvoir l'avancement des femmes dans l'industrie maritime | Autorit\u00e9 portuaire de Prince Rupert.","description":"D\u00e9couvrez notre programme Rising Tide, qui permet aux femmes de s'\u00e9manciper dans l'industrie maritime \u00e0 l'L'Administration portuaire de Prince Rupert. Rejoignez-nous !","robots":{"index":"index","follow":"follow","max-snippet":"max-snippet:-1","max-image-preview":"max-image-preview:large","max-video-preview":"max-video-preview:-1"},"canonical":"https:\/\/www.rupertport.com\/fr\/investissement-communautaire\/maree-montante\/","og_locale":"fr_FR","og_type":"article","og_title":"Rising Tide | Promouvoir l'avancement des femmes dans l'industrie maritime | Autorit\u00e9 portuaire de Prince Rupert.","og_description":"D\u00e9couvrez notre programme Rising Tide, qui permet aux femmes de s'\u00e9manciper dans l'industrie maritime \u00e0 l'L'Administration portuaire de Prince Rupert. Rejoignez-nous !","og_url":"https:\/\/www.rupertport.com\/fr\/investissement-communautaire\/maree-montante\/","og_site_name":"Autorit\u00e9 portuaire de Prince Rupert","article_publisher":"https:\/\/www.facebook.com\/rupertport\/","article_modified_time":"2023-10-04T18:43:34+00:00","og_image":[{"width":2000,"height":857,"url":"https:\/\/www.rupertport.com\/wp-content\/uploads\/2019\/12\/executive-feature.jpg","type":"image\/jpeg"}],"twitter_card":"summary_large_image","twitter_site":"@rupertport","schema":{"@context":"https:\/\/schema.org","@graph":[{"@type":"WebPage","@id":"https:\/\/www.rupertport.com\/fr\/investissement-communautaire\/maree-montante\/","url":"https:\/\/www.rupertport.com\/fr\/investissement-communautaire\/maree-montante\/","name":"Rising Tide | Promouvoir l'avancement des femmes dans l'industrie maritime | Autorit\u00e9 portuaire de Prince Rupert.","isPartOf":{"@id":"https:\/\/www.rupertport.com\/fr\/#website"},"primaryImageOfPage":{"@id":"https:\/\/www.rupertport.com\/fr\/investissement-communautaire\/maree-montante\/#primaryimage"},"image":{"@id":"https:\/\/www.rupertport.com\/fr\/investissement-communautaire\/maree-montante\/#primaryimage"},"thumbnailUrl":"https:\/\/www.rupertport.com\/wp-content\/uploads\/2026\/01\/20210715-Northland-at-Night-scaled.jpg","datePublished":"2020-01-17T08:43:32+00:00","dateModified":"2023-10-04T18:43:34+00:00","description":"D\u00e9couvrez notre programme Rising Tide, qui permet aux femmes de s'\u00e9manciper dans l'industrie maritime \u00e0 l'L'Administration portuaire de Prince Rupert. Rejoignez-nous !","breadcrumb":{"@id":"https:\/\/www.rupertport.com\/fr\/investissement-communautaire\/maree-montante\/#breadcrumb"},"inLanguage":"fr-FR","potentialAction":[{"@type":"ReadAction","target":["https:\/\/www.rupertport.com\/fr\/investissement-communautaire\/maree-montante\/"]}]},{"@type":"ImageObject","inLanguage":"fr-FR","@id":"https:\/\/www.rupertport.com\/fr\/investissement-communautaire\/maree-montante\/#primaryimage","url":"https:\/\/www.rupertport.com\/wp-content\/uploads\/2026\/01\/20210715-Northland-at-Night-scaled.jpg","contentUrl":"https:\/\/www.rupertport.com\/wp-content\/uploads\/2026\/01\/20210715-Northland-at-Night-scaled.jpg","width":2560,"height":1440},{"@type":"BreadcrumbList","@id":"https:\/\/www.rupertport.com\/fr\/investissement-communautaire\/maree-montante\/#breadcrumb","itemListElement":[{"@type":"ListItem","position":1,"name":"Home","item":"https:\/\/www.rupertport.com\/fr\/page-de-garde\/"},{"@type":"ListItem","position":2,"name":"Investissement communautaire","item":"https:\/\/www.rupertport.com\/fr\/investissement-communautaire\/"},{"@type":"ListItem","position":3,"name":"Rising Tide"}]},{"@type":"WebSite","@id":"https:\/\/www.rupertport.com\/fr\/#website","url":"https:\/\/www.rupertport.com\/fr\/","name":"Prince Rupert Port Authority","description":"L'avant-garde du Canada","publisher":{"@id":"https:\/\/www.rupertport.com\/fr\/#organization"},"alternateName":"PRPA","potentialAction":[{"@type":"SearchAction","target":{"@type":"EntryPoint","urlTemplate":"https:\/\/www.rupertport.com\/fr\/?s={search_term_string}"},"query-input":{"@type":"PropertyValueSpecification","valueRequired":true,"valueName":"search_term_string"}}],"inLanguage":"fr-FR"},{"@type":"Organization","@id":"https:\/\/www.rupertport.com\/fr\/#organization","name":"Prince Rupert Port Authority","alternateName":"PRPA","url":"https:\/\/www.rupertport.com\/fr\/","logo":{"@type":"ImageObject","inLanguage":"fr-FR","@id":"https:\/\/www.rupertport.com\/fr\/#\/schema\/logo\/image\/","url":"https:\/\/www.rupertport.com\/wp-content\/uploads\/2021\/04\/cropped-PRPA-logo-meta-1200x1200-1.jpg","contentUrl":"https:\/\/www.rupertport.com\/wp-content\/uploads\/2021\/04\/cropped-PRPA-logo-meta-1200x1200-1.jpg","width":512,"height":512,"caption":"Prince Rupert Port Authority"},"image":{"@id":"https:\/\/www.rupertport.com\/fr\/#\/schema\/logo\/image\/"},"sameAs":["https:\/\/www.facebook.com\/rupertport\/","https:\/\/x.com\/rupertport"]}]}},"_links":{"self":[{"href":"https:\/\/www.rupertport.com\/fr\/wp-json\/wp\/v2\/pages\/14276","targetHints":{"allow":["GET"]}}],"collection":[{"href":"https:\/\/www.rupertport.com\/fr\/wp-json\/wp\/v2\/pages"}],"about":[{"href":"https:\/\/www.rupertport.com\/fr\/wp-json\/wp\/v2\/types\/page"}],"author":[{"embeddable":true,"href":"https:\/\/www.rupertport.com\/fr\/wp-json\/wp\/v2\/users\/6"}],"replies":[{"embeddable":true,"href":"https:\/\/www.rupertport.com\/fr\/wp-json\/wp\/v2\/comments?post=14276"}],"version-history":[{"count":1,"href":"https:\/\/www.rupertport.com\/fr\/wp-json\/wp\/v2\/pages\/14276\/revisions"}],"predecessor-version":[{"id":16791,"href":"https:\/\/www.rupertport.com\/fr\/wp-json\/wp\/v2\/pages\/14276\/revisions\/16791"}],"up":[{"embeddable":true,"href":"https:\/\/www.rupertport.com\/fr\/wp-json\/wp\/v2\/pages\/13838"}],"wp:featuredmedia":[{"embeddable":true,"href":"https:\/\/www.rupertport.com\/fr\/wp-json\/wp\/v2\/media\/26199"}],"wp:attachment":[{"href":"https:\/\/www.rupertport.com\/fr\/wp-json\/wp\/v2\/media?parent=14276"}],"curies":[{"name":"wp","href":"https:\/\/api.w.org\/{rel}","templated":true}]}}