{"id":14272,"date":"2020-01-17T00:46:16","date_gmt":"2020-01-17T08:46:16","guid":{"rendered":"https:\/\/massive.rupertport.com\/investissement-communautaire\/soutien-academique\/"},"modified":"2024-05-31T13:20:08","modified_gmt":"2024-05-31T21:20:08","slug":"soutien-academique","status":"publish","type":"page","link":"https:\/\/www.rupertport.com\/fr\/investissement-communautaire\/soutien-academique\/","title":{"rendered":"Soutien acad\u00e9mique"},"content":{"rendered":"\n<div class=\"wp-block-columns is-layout-flex wp-container-core-columns-is-layout-9d6595d7 wp-block-columns-is-layout-flex\">\n<div class=\"wp-block-column is-layout-flow wp-block-column-is-layout-flow\">\n<h5 class=\"wp-block-heading\"><strong>Bourses d&rsquo;\u00e9tudes<\/strong><\/h5>\n\n\n\n<p>L&rsquo;Administration portuaire de Prince Rupert attribue deux bourses annuelles de 5 000 dollars chacune \u00e0 deux dipl\u00f4m\u00e9s de 12e ann\u00e9e de l&rsquo;\u00e9cole secondaire Charles Hays. La pr\u00e9f\u00e9rence est donn\u00e9e aux candidats qui poursuivent une carri\u00e8re dans le secteur des transports, dans des disciplines telles que les affaires internationales, le commerce, la logistique, le marketing, l&rsquo;ing\u00e9nierie, la communication, la finance, la comptabilit\u00e9, le droit, etc. La pr\u00e9f\u00e9rence sera \u00e9galement accord\u00e9e aux candidats qui souhaitent exercer leur profession dans les communaut\u00e9s du nord de la Colombie-Britannique apr\u00e8s l&rsquo;obtention de leur dipl\u00f4me d&rsquo;\u00e9tudes postsecondaires.<\/p>\n\n\n\n<h5 class=\"wp-block-heading\"><strong>Bourses<\/strong><\/h5>\n\n\n\n<p>Quatre bourses d&rsquo;un montant de 1 000 dollars chacune sont attribu\u00e9es \u00e0 deux \u00e9l\u00e8ves de la Charles Hays Seconday School et \u00e0 deux \u00e9l\u00e8ves de la Coast Tsimshian Academy (Lax Kw&rsquo;alaams). La bourse est valable pour la premi\u00e8re ann\u00e9e d&rsquo;\u00e9tudes dans un coll\u00e8ge ou un \u00e9tablissement d&rsquo;enseignement sup\u00e9rieur (non universitaire).<\/p>\n\n\n\n<p>L&rsquo;objectif de cette bourse est d&rsquo;encourager et d&rsquo;aider financi\u00e8rement les dipl\u00f4m\u00e9s de l&rsquo;enseignement secondaire de la r\u00e9gion de Prince Rupert \u00e0 embrasser une carri\u00e8re dans le commerce, la technologie ou les affaires.<\/p>\n<\/div>\n\n\n\n<div class=\"wp-block-column is-layout-flow wp-block-column-is-layout-flow\">\n<figure class=\"wp-block-image size-large\"><img loading=\"lazy\" decoding=\"async\" width=\"1024\" height=\"563\" src=\"https:\/\/www.rupertport.com\/wp-content\/uploads\/2019\/12\/coastal-pathways-hero-image-1024x563.jpg\" alt=\"\" class=\"wp-image-2278\" srcset=\"https:\/\/www.rupertport.com\/wp-content\/uploads\/2019\/12\/coastal-pathways-hero-image-1024x563.jpg 1024w, https:\/\/www.rupertport.com\/wp-content\/uploads\/2019\/12\/coastal-pathways-hero-image-300x165.jpg 300w, https:\/\/www.rupertport.com\/wp-content\/uploads\/2019\/12\/coastal-pathways-hero-image-768x422.jpg 768w, https:\/\/www.rupertport.com\/wp-content\/uploads\/2019\/12\/coastal-pathways-hero-image.jpg 1500w\" sizes=\"auto, (max-width: 1024px) 100vw, 1024px\" \/><\/figure>\n\n\n\n<figure class=\"wp-block-image size-large\"><img loading=\"lazy\" decoding=\"async\" width=\"800\" height=\"400\" src=\"https:\/\/www.rupertport.com\/wp-content\/uploads\/2020\/01\/Academic-Support.jpg\" alt=\"\" class=\"wp-image-3114\" srcset=\"https:\/\/www.rupertport.com\/wp-content\/uploads\/2020\/01\/Academic-Support.jpg 800w, https:\/\/www.rupertport.com\/wp-content\/uploads\/2020\/01\/Academic-Support-300x150.jpg 300w, https:\/\/www.rupertport.com\/wp-content\/uploads\/2020\/01\/Academic-Support-768x384.jpg 768w\" sizes=\"auto, (max-width: 800px) 100vw, 800px\" \/><\/figure>\n<\/div>\n<\/div>\n","protected":false},"excerpt":{"rendered":"<p>Bourses d&rsquo;\u00e9tudes L&rsquo;Administration portuaire de Prince Rupert attribue deux bourses annuelles de 5 000 dollars chacune \u00e0 deux dipl\u00f4m\u00e9s de 12e ann\u00e9e de l&rsquo;\u00e9cole secondaire Charles Hays. La pr\u00e9f\u00e9rence est donn\u00e9e aux candidats qui poursuivent une carri\u00e8re dans le secteur des transports, dans des disciplines telles que les affaires internationales, le commerce, la logistique, le [&hellip;]<\/p>\n","protected":false},"author":6,"featured_media":10487,"parent":13838,"menu_order":0,"comment_status":"closed","ping_status":"closed","template":"templates\/page-community-investment-funds.php","meta":{"_acf_changed":false,"footnotes":""},"class_list":["post-14272","page","type-page","status-publish","has-post-thumbnail","hentry"],"acf":[],"yoast_head":"<!-- This site is optimized with the Yoast SEO plugin v26.8 - https:\/\/yoast.com\/product\/yoast-seo-wordpress\/ -->\n<title>Soutien acad\u00e9mique | Autorit\u00e9 portuaire de Prince Rupert<\/title>\n<meta name=\"description\" content=\"D\u00e9couvrez nos initiatives de soutien scolaire qui favorisent l&#039;\u00e9ducation et le d\u00e9veloppement des comp\u00e9tences \u00e0 l&#039;L&#039;Administration portuaire de Prince Rupert. En savoir plus !\" \/>\n<meta name=\"robots\" content=\"index, follow, max-snippet:-1, max-image-preview:large, max-video-preview:-1\" \/>\n<link rel=\"canonical\" href=\"https:\/\/www.rupertport.com\/fr\/investissement-communautaire\/soutien-academique\/\" \/>\n<meta property=\"og:locale\" content=\"fr_FR\" \/>\n<meta property=\"og:type\" content=\"article\" \/>\n<meta property=\"og:title\" content=\"Soutien acad\u00e9mique | Autorit\u00e9 portuaire de Prince Rupert\" \/>\n<meta property=\"og:description\" content=\"D\u00e9couvrez nos initiatives de soutien scolaire qui favorisent l&#039;\u00e9ducation et le d\u00e9veloppement des comp\u00e9tences \u00e0 l&#039;L&#039;Administration portuaire de Prince Rupert. En savoir plus !\" \/>\n<meta property=\"og:url\" content=\"https:\/\/www.rupertport.com\/fr\/investissement-communautaire\/soutien-academique\/\" \/>\n<meta property=\"og:site_name\" content=\"Autorit\u00e9 portuaire de Prince Rupert\" \/>\n<meta property=\"article:publisher\" content=\"https:\/\/www.facebook.com\/rupertport\/\" \/>\n<meta property=\"article:modified_time\" content=\"2024-05-31T21:20:08+00:00\" \/>\n<meta property=\"og:image\" content=\"https:\/\/www.rupertport.com\/wp-content\/uploads\/2019\/12\/music-studio-exhibit-3.jpg\" \/>\n\t<meta property=\"og:image:width\" content=\"850\" \/>\n\t<meta property=\"og:image:height\" content=\"550\" \/>\n\t<meta property=\"og:image:type\" content=\"image\/jpeg\" \/>\n<meta name=\"twitter:card\" content=\"summary_large_image\" \/>\n<meta name=\"twitter:site\" content=\"@rupertport\" \/>\n<script type=\"application\/ld+json\" class=\"yoast-schema-graph\">{\"@context\":\"https:\/\/schema.org\",\"@graph\":[{\"@type\":\"WebPage\",\"@id\":\"https:\/\/www.rupertport.com\/fr\/investissement-communautaire\/soutien-academique\/\",\"url\":\"https:\/\/www.rupertport.com\/fr\/investissement-communautaire\/soutien-academique\/\",\"name\":\"Soutien acad\u00e9mique | Autorit\u00e9 portuaire de Prince Rupert\",\"isPartOf\":{\"@id\":\"https:\/\/www.rupertport.com\/fr\/#website\"},\"primaryImageOfPage\":{\"@id\":\"https:\/\/www.rupertport.com\/fr\/investissement-communautaire\/soutien-academique\/#primaryimage\"},\"image\":{\"@id\":\"https:\/\/www.rupertport.com\/fr\/investissement-communautaire\/soutien-academique\/#primaryimage\"},\"thumbnailUrl\":\"https:\/\/www.rupertport.com\/wp-content\/uploads\/2019\/12\/music-studio-exhibit-3.jpg\",\"datePublished\":\"2020-01-17T08:46:16+00:00\",\"dateModified\":\"2024-05-31T21:20:08+00:00\",\"description\":\"D\u00e9couvrez nos initiatives de soutien scolaire qui favorisent l'\u00e9ducation et le d\u00e9veloppement des comp\u00e9tences \u00e0 l'L'Administration portuaire de Prince Rupert. En savoir plus !\",\"breadcrumb\":{\"@id\":\"https:\/\/www.rupertport.com\/fr\/investissement-communautaire\/soutien-academique\/#breadcrumb\"},\"inLanguage\":\"fr-FR\",\"potentialAction\":[{\"@type\":\"ReadAction\",\"target\":[\"https:\/\/www.rupertport.com\/fr\/investissement-communautaire\/soutien-academique\/\"]}]},{\"@type\":\"ImageObject\",\"inLanguage\":\"fr-FR\",\"@id\":\"https:\/\/www.rupertport.com\/fr\/investissement-communautaire\/soutien-academique\/#primaryimage\",\"url\":\"https:\/\/www.rupertport.com\/wp-content\/uploads\/2019\/12\/music-studio-exhibit-3.jpg\",\"contentUrl\":\"https:\/\/www.rupertport.com\/wp-content\/uploads\/2019\/12\/music-studio-exhibit-3.jpg\",\"width\":850,\"height\":550},{\"@type\":\"BreadcrumbList\",\"@id\":\"https:\/\/www.rupertport.com\/fr\/investissement-communautaire\/soutien-academique\/#breadcrumb\",\"itemListElement\":[{\"@type\":\"ListItem\",\"position\":1,\"name\":\"Home\",\"item\":\"https:\/\/www.rupertport.com\/fr\/page-de-garde\/\"},{\"@type\":\"ListItem\",\"position\":2,\"name\":\"Investissement communautaire\",\"item\":\"https:\/\/www.rupertport.com\/fr\/investissement-communautaire\/\"},{\"@type\":\"ListItem\",\"position\":3,\"name\":\"Soutien acad\u00e9mique\"}]},{\"@type\":\"WebSite\",\"@id\":\"https:\/\/www.rupertport.com\/fr\/#website\",\"url\":\"https:\/\/www.rupertport.com\/fr\/\",\"name\":\"Prince Rupert Port Authority\",\"description\":\"L'avant-garde du Canada\",\"publisher\":{\"@id\":\"https:\/\/www.rupertport.com\/fr\/#organization\"},\"alternateName\":\"PRPA\",\"potentialAction\":[{\"@type\":\"SearchAction\",\"target\":{\"@type\":\"EntryPoint\",\"urlTemplate\":\"https:\/\/www.rupertport.com\/fr\/?s={search_term_string}\"},\"query-input\":{\"@type\":\"PropertyValueSpecification\",\"valueRequired\":true,\"valueName\":\"search_term_string\"}}],\"inLanguage\":\"fr-FR\"},{\"@type\":\"Organization\",\"@id\":\"https:\/\/www.rupertport.com\/fr\/#organization\",\"name\":\"Prince Rupert Port Authority\",\"alternateName\":\"PRPA\",\"url\":\"https:\/\/www.rupertport.com\/fr\/\",\"logo\":{\"@type\":\"ImageObject\",\"inLanguage\":\"fr-FR\",\"@id\":\"https:\/\/www.rupertport.com\/fr\/#\/schema\/logo\/image\/\",\"url\":\"https:\/\/www.rupertport.com\/wp-content\/uploads\/2021\/04\/cropped-PRPA-logo-meta-1200x1200-1.jpg\",\"contentUrl\":\"https:\/\/www.rupertport.com\/wp-content\/uploads\/2021\/04\/cropped-PRPA-logo-meta-1200x1200-1.jpg\",\"width\":512,\"height\":512,\"caption\":\"Prince Rupert Port Authority\"},\"image\":{\"@id\":\"https:\/\/www.rupertport.com\/fr\/#\/schema\/logo\/image\/\"},\"sameAs\":[\"https:\/\/www.facebook.com\/rupertport\/\",\"https:\/\/x.com\/rupertport\"]}]}<\/script>\n<!-- \/ Yoast SEO plugin. -->","yoast_head_json":{"title":"Soutien acad\u00e9mique | Autorit\u00e9 portuaire de Prince Rupert","description":"D\u00e9couvrez nos initiatives de soutien scolaire qui favorisent l'\u00e9ducation et le d\u00e9veloppement des comp\u00e9tences \u00e0 l'L'Administration portuaire de Prince Rupert. En savoir plus !","robots":{"index":"index","follow":"follow","max-snippet":"max-snippet:-1","max-image-preview":"max-image-preview:large","max-video-preview":"max-video-preview:-1"},"canonical":"https:\/\/www.rupertport.com\/fr\/investissement-communautaire\/soutien-academique\/","og_locale":"fr_FR","og_type":"article","og_title":"Soutien acad\u00e9mique | Autorit\u00e9 portuaire de Prince Rupert","og_description":"D\u00e9couvrez nos initiatives de soutien scolaire qui favorisent l'\u00e9ducation et le d\u00e9veloppement des comp\u00e9tences \u00e0 l'L'Administration portuaire de Prince Rupert. En savoir plus !","og_url":"https:\/\/www.rupertport.com\/fr\/investissement-communautaire\/soutien-academique\/","og_site_name":"Autorit\u00e9 portuaire de Prince Rupert","article_publisher":"https:\/\/www.facebook.com\/rupertport\/","article_modified_time":"2024-05-31T21:20:08+00:00","og_image":[{"width":850,"height":550,"url":"https:\/\/www.rupertport.com\/wp-content\/uploads\/2019\/12\/music-studio-exhibit-3.jpg","type":"image\/jpeg"}],"twitter_card":"summary_large_image","twitter_site":"@rupertport","schema":{"@context":"https:\/\/schema.org","@graph":[{"@type":"WebPage","@id":"https:\/\/www.rupertport.com\/fr\/investissement-communautaire\/soutien-academique\/","url":"https:\/\/www.rupertport.com\/fr\/investissement-communautaire\/soutien-academique\/","name":"Soutien acad\u00e9mique | Autorit\u00e9 portuaire de Prince Rupert","isPartOf":{"@id":"https:\/\/www.rupertport.com\/fr\/#website"},"primaryImageOfPage":{"@id":"https:\/\/www.rupertport.com\/fr\/investissement-communautaire\/soutien-academique\/#primaryimage"},"image":{"@id":"https:\/\/www.rupertport.com\/fr\/investissement-communautaire\/soutien-academique\/#primaryimage"},"thumbnailUrl":"https:\/\/www.rupertport.com\/wp-content\/uploads\/2019\/12\/music-studio-exhibit-3.jpg","datePublished":"2020-01-17T08:46:16+00:00","dateModified":"2024-05-31T21:20:08+00:00","description":"D\u00e9couvrez nos initiatives de soutien scolaire qui favorisent l'\u00e9ducation et le d\u00e9veloppement des comp\u00e9tences \u00e0 l'L'Administration portuaire de Prince Rupert. En savoir plus !","breadcrumb":{"@id":"https:\/\/www.rupertport.com\/fr\/investissement-communautaire\/soutien-academique\/#breadcrumb"},"inLanguage":"fr-FR","potentialAction":[{"@type":"ReadAction","target":["https:\/\/www.rupertport.com\/fr\/investissement-communautaire\/soutien-academique\/"]}]},{"@type":"ImageObject","inLanguage":"fr-FR","@id":"https:\/\/www.rupertport.com\/fr\/investissement-communautaire\/soutien-academique\/#primaryimage","url":"https:\/\/www.rupertport.com\/wp-content\/uploads\/2019\/12\/music-studio-exhibit-3.jpg","contentUrl":"https:\/\/www.rupertport.com\/wp-content\/uploads\/2019\/12\/music-studio-exhibit-3.jpg","width":850,"height":550},{"@type":"BreadcrumbList","@id":"https:\/\/www.rupertport.com\/fr\/investissement-communautaire\/soutien-academique\/#breadcrumb","itemListElement":[{"@type":"ListItem","position":1,"name":"Home","item":"https:\/\/www.rupertport.com\/fr\/page-de-garde\/"},{"@type":"ListItem","position":2,"name":"Investissement communautaire","item":"https:\/\/www.rupertport.com\/fr\/investissement-communautaire\/"},{"@type":"ListItem","position":3,"name":"Soutien acad\u00e9mique"}]},{"@type":"WebSite","@id":"https:\/\/www.rupertport.com\/fr\/#website","url":"https:\/\/www.rupertport.com\/fr\/","name":"Prince Rupert Port Authority","description":"L'avant-garde du Canada","publisher":{"@id":"https:\/\/www.rupertport.com\/fr\/#organization"},"alternateName":"PRPA","potentialAction":[{"@type":"SearchAction","target":{"@type":"EntryPoint","urlTemplate":"https:\/\/www.rupertport.com\/fr\/?s={search_term_string}"},"query-input":{"@type":"PropertyValueSpecification","valueRequired":true,"valueName":"search_term_string"}}],"inLanguage":"fr-FR"},{"@type":"Organization","@id":"https:\/\/www.rupertport.com\/fr\/#organization","name":"Prince Rupert Port Authority","alternateName":"PRPA","url":"https:\/\/www.rupertport.com\/fr\/","logo":{"@type":"ImageObject","inLanguage":"fr-FR","@id":"https:\/\/www.rupertport.com\/fr\/#\/schema\/logo\/image\/","url":"https:\/\/www.rupertport.com\/wp-content\/uploads\/2021\/04\/cropped-PRPA-logo-meta-1200x1200-1.jpg","contentUrl":"https:\/\/www.rupertport.com\/wp-content\/uploads\/2021\/04\/cropped-PRPA-logo-meta-1200x1200-1.jpg","width":512,"height":512,"caption":"Prince Rupert Port Authority"},"image":{"@id":"https:\/\/www.rupertport.com\/fr\/#\/schema\/logo\/image\/"},"sameAs":["https:\/\/www.facebook.com\/rupertport\/","https:\/\/x.com\/rupertport"]}]}},"_links":{"self":[{"href":"https:\/\/www.rupertport.com\/fr\/wp-json\/wp\/v2\/pages\/14272","targetHints":{"allow":["GET"]}}],"collection":[{"href":"https:\/\/www.rupertport.com\/fr\/wp-json\/wp\/v2\/pages"}],"about":[{"href":"https:\/\/www.rupertport.com\/fr\/wp-json\/wp\/v2\/types\/page"}],"author":[{"embeddable":true,"href":"https:\/\/www.rupertport.com\/fr\/wp-json\/wp\/v2\/users\/6"}],"replies":[{"embeddable":true,"href":"https:\/\/www.rupertport.com\/fr\/wp-json\/wp\/v2\/comments?post=14272"}],"version-history":[{"count":2,"href":"https:\/\/www.rupertport.com\/fr\/wp-json\/wp\/v2\/pages\/14272\/revisions"}],"predecessor-version":[{"id":19580,"href":"https:\/\/www.rupertport.com\/fr\/wp-json\/wp\/v2\/pages\/14272\/revisions\/19580"}],"up":[{"embeddable":true,"href":"https:\/\/www.rupertport.com\/fr\/wp-json\/wp\/v2\/pages\/13838"}],"wp:featuredmedia":[{"embeddable":true,"href":"https:\/\/www.rupertport.com\/fr\/wp-json\/wp\/v2\/media\/10487"}],"wp:attachment":[{"href":"https:\/\/www.rupertport.com\/fr\/wp-json\/wp\/v2\/media?parent=14272"}],"curies":[{"name":"wp","href":"https:\/\/api.w.org\/{rel}","templated":true}]}}