{"id":14260,"date":"2020-07-03T20:37:38","date_gmt":"2020-07-04T04:37:38","guid":{"rendered":"https:\/\/massive.rupertport.com\/reunion-publique-annuelle\/"},"modified":"2026-05-12T10:20:28","modified_gmt":"2026-05-12T18:20:28","slug":"reunion-publique-annuelle","status":"publish","type":"page","link":"https:\/\/www.rupertport.com\/fr\/reunion-publique-annuelle\/","title":{"rendered":"Assembl\u00e9e publique annuelle"},"content":{"rendered":"\n<h3 class=\"wp-block-heading\">L&rsquo;APPR organise son Assembl\u00e9e Publique Annuelle le 17 juin au Centre d&rsquo;Interpr\u00e9tation du Port du 17 h \u00e0 18 h (215 rue de Cow Bay).<\/h3>\n\n\n\n<p>Le public int\u00e9ress\u00e9 est invit\u00e9 \u00e0 l\u2019assembl\u00e9e annuelle pour discuter des prestations et de d\u00e9veloppement des activit\u00e9s de l\u2019Administration portuaire de Prince Rupert en 2025, ainsi que des initiatives pour 2025 et \u00e0 l&rsquo;avenir.<\/p>\n\n\n\n<p><a href=\"https:\/\/www.rupertport.com\/wp-content\/uploads\/2026\/05\/LAdministration-portuaire-de-Prince-Rupert-Etats-financiers-consolides-31-decembre-2025.pdf\" target=\"_blank\" rel=\"noreferrer noopener\">Les \u00e9tats financiers de 2025<\/a> de l&rsquo;APPR sont maintenant disponibles.<\/p>\n\n\n\n<p><\/p>\n","protected":false},"excerpt":{"rendered":"<p>L&rsquo;APPR organise son Assembl\u00e9e Publique Annuelle le 17 juin au Centre d&rsquo;Interpr\u00e9tation du Port du 17 h \u00e0 18 h (215 rue de Cow Bay). Le public int\u00e9ress\u00e9 est invit\u00e9 \u00e0 l\u2019assembl\u00e9e annuelle pour discuter des prestations et de d\u00e9veloppement des activit\u00e9s de l\u2019Administration portuaire de Prince Rupert en 2025, ainsi que des initiatives pour [&hellip;]<\/p>\n","protected":false},"author":26,"featured_media":15017,"parent":0,"menu_order":0,"comment_status":"closed","ping_status":"closed","template":"","meta":{"_acf_changed":false,"footnotes":""},"class_list":["post-14260","page","type-page","status-publish","has-post-thumbnail","hentry"],"acf":[],"yoast_head":"<!-- This site is optimized with the Yoast SEO plugin v27.4 - https:\/\/yoast.com\/product\/yoast-seo-wordpress\/ -->\n<title>R\u00e9union publique annuelle | Autorit\u00e9 portuaire de Prince Rupert<\/title>\n<meta name=\"description\" content=\"Les membres int\u00e9ress\u00e9s du public sont invit\u00e9s \u00e0 une r\u00e9union annuelle pour discuter des performances et des activit\u00e9s de d\u00e9veloppement de l&#039;L&#039;Administration portuaire de Prince Rupert.\" \/>\n<meta name=\"robots\" content=\"index, follow, max-snippet:-1, max-image-preview:large, max-video-preview:-1\" \/>\n<link rel=\"canonical\" href=\"https:\/\/www.rupertport.com\/fr\/reunion-publique-annuelle\/\" \/>\n<meta property=\"og:locale\" content=\"fr_FR\" \/>\n<meta property=\"og:type\" content=\"article\" \/>\n<meta property=\"og:title\" content=\"R\u00e9union publique annuelle | Autorit\u00e9 portuaire de Prince Rupert\" \/>\n<meta property=\"og:description\" content=\"Les membres int\u00e9ress\u00e9s du public sont invit\u00e9s \u00e0 une r\u00e9union annuelle pour discuter des performances et des activit\u00e9s de d\u00e9veloppement de l&#039;L&#039;Administration portuaire de Prince Rupert.\" \/>\n<meta property=\"og:url\" content=\"https:\/\/www.rupertport.com\/fr\/reunion-publique-annuelle\/\" \/>\n<meta property=\"og:site_name\" content=\"Autorit\u00e9 portuaire de Prince Rupert\" \/>\n<meta property=\"article:publisher\" content=\"https:\/\/www.facebook.com\/rupertport\/\" \/>\n<meta property=\"article:modified_time\" content=\"2026-05-12T18:20:28+00:00\" \/>\n<meta property=\"og:image\" content=\"https:\/\/www.rupertport.com\/wp-content\/uploads\/2023\/07\/PrinceRupert-Sept2018-DRONE-JanVozenilek-4-4.jpg\" \/>\n\t<meta property=\"og:image:width\" content=\"2048\" \/>\n\t<meta property=\"og:image:height\" content=\"668\" \/>\n\t<meta property=\"og:image:type\" content=\"image\/jpeg\" \/>\n<meta name=\"twitter:card\" content=\"summary_large_image\" \/>\n<meta name=\"twitter:site\" content=\"@rupertport\" \/>\n<script type=\"application\/ld+json\" class=\"yoast-schema-graph\">{\"@context\":\"https:\\\/\\\/schema.org\",\"@graph\":[{\"@type\":\"WebPage\",\"@id\":\"https:\\\/\\\/www.rupertport.com\\\/fr\\\/reunion-publique-annuelle\\\/\",\"url\":\"https:\\\/\\\/www.rupertport.com\\\/fr\\\/reunion-publique-annuelle\\\/\",\"name\":\"R\u00e9union publique annuelle | Autorit\u00e9 portuaire de Prince Rupert\",\"isPartOf\":{\"@id\":\"https:\\\/\\\/www.rupertport.com\\\/fr\\\/#website\"},\"primaryImageOfPage\":{\"@id\":\"https:\\\/\\\/www.rupertport.com\\\/fr\\\/reunion-publique-annuelle\\\/#primaryimage\"},\"image\":{\"@id\":\"https:\\\/\\\/www.rupertport.com\\\/fr\\\/reunion-publique-annuelle\\\/#primaryimage\"},\"thumbnailUrl\":\"https:\\\/\\\/www.rupertport.com\\\/wp-content\\\/uploads\\\/2023\\\/07\\\/PrinceRupert-Sept2018-DRONE-JanVozenilek-4-4.jpg\",\"datePublished\":\"2020-07-04T04:37:38+00:00\",\"dateModified\":\"2026-05-12T18:20:28+00:00\",\"description\":\"Les membres int\u00e9ress\u00e9s du public sont invit\u00e9s \u00e0 une r\u00e9union annuelle pour discuter des performances et des activit\u00e9s de d\u00e9veloppement de l'L'Administration portuaire de Prince Rupert.\",\"breadcrumb\":{\"@id\":\"https:\\\/\\\/www.rupertport.com\\\/fr\\\/reunion-publique-annuelle\\\/#breadcrumb\"},\"inLanguage\":\"fr-FR\",\"potentialAction\":[{\"@type\":\"ReadAction\",\"target\":[\"https:\\\/\\\/www.rupertport.com\\\/fr\\\/reunion-publique-annuelle\\\/\"]}]},{\"@type\":\"ImageObject\",\"inLanguage\":\"fr-FR\",\"@id\":\"https:\\\/\\\/www.rupertport.com\\\/fr\\\/reunion-publique-annuelle\\\/#primaryimage\",\"url\":\"https:\\\/\\\/www.rupertport.com\\\/wp-content\\\/uploads\\\/2023\\\/07\\\/PrinceRupert-Sept2018-DRONE-JanVozenilek-4-4.jpg\",\"contentUrl\":\"https:\\\/\\\/www.rupertport.com\\\/wp-content\\\/uploads\\\/2023\\\/07\\\/PrinceRupert-Sept2018-DRONE-JanVozenilek-4-4.jpg\",\"width\":2048,\"height\":668},{\"@type\":\"BreadcrumbList\",\"@id\":\"https:\\\/\\\/www.rupertport.com\\\/fr\\\/reunion-publique-annuelle\\\/#breadcrumb\",\"itemListElement\":[{\"@type\":\"ListItem\",\"position\":1,\"name\":\"Home\",\"item\":\"https:\\\/\\\/www.rupertport.com\\\/fr\\\/page-de-garde\\\/\"},{\"@type\":\"ListItem\",\"position\":2,\"name\":\"Assembl\u00e9e publique annuelle\"}]},{\"@type\":\"WebSite\",\"@id\":\"https:\\\/\\\/www.rupertport.com\\\/fr\\\/#website\",\"url\":\"https:\\\/\\\/www.rupertport.com\\\/fr\\\/\",\"name\":\"Prince Rupert Port Authority\",\"description\":\"L'avant-garde du Canada\",\"publisher\":{\"@id\":\"https:\\\/\\\/www.rupertport.com\\\/fr\\\/#organization\"},\"alternateName\":\"PRPA\",\"potentialAction\":[{\"@type\":\"SearchAction\",\"target\":{\"@type\":\"EntryPoint\",\"urlTemplate\":\"https:\\\/\\\/www.rupertport.com\\\/fr\\\/?s={search_term_string}\"},\"query-input\":{\"@type\":\"PropertyValueSpecification\",\"valueRequired\":true,\"valueName\":\"search_term_string\"}}],\"inLanguage\":\"fr-FR\"},{\"@type\":\"Organization\",\"@id\":\"https:\\\/\\\/www.rupertport.com\\\/fr\\\/#organization\",\"name\":\"Prince Rupert Port Authority\",\"alternateName\":\"PRPA\",\"url\":\"https:\\\/\\\/www.rupertport.com\\\/fr\\\/\",\"logo\":{\"@type\":\"ImageObject\",\"inLanguage\":\"fr-FR\",\"@id\":\"https:\\\/\\\/www.rupertport.com\\\/fr\\\/#\\\/schema\\\/logo\\\/image\\\/\",\"url\":\"https:\\\/\\\/www.rupertport.com\\\/wp-content\\\/uploads\\\/2021\\\/04\\\/cropped-PRPA-logo-meta-1200x1200-1.jpg\",\"contentUrl\":\"https:\\\/\\\/www.rupertport.com\\\/wp-content\\\/uploads\\\/2021\\\/04\\\/cropped-PRPA-logo-meta-1200x1200-1.jpg\",\"width\":512,\"height\":512,\"caption\":\"Prince Rupert Port Authority\"},\"image\":{\"@id\":\"https:\\\/\\\/www.rupertport.com\\\/fr\\\/#\\\/schema\\\/logo\\\/image\\\/\"},\"sameAs\":[\"https:\\\/\\\/www.facebook.com\\\/rupertport\\\/\",\"https:\\\/\\\/x.com\\\/rupertport\"]}]}<\/script>\n<!-- \/ Yoast SEO plugin. -->","yoast_head_json":{"title":"R\u00e9union publique annuelle | Autorit\u00e9 portuaire de Prince Rupert","description":"Les membres int\u00e9ress\u00e9s du public sont invit\u00e9s \u00e0 une r\u00e9union annuelle pour discuter des performances et des activit\u00e9s de d\u00e9veloppement de l'L'Administration portuaire de Prince Rupert.","robots":{"index":"index","follow":"follow","max-snippet":"max-snippet:-1","max-image-preview":"max-image-preview:large","max-video-preview":"max-video-preview:-1"},"canonical":"https:\/\/www.rupertport.com\/fr\/reunion-publique-annuelle\/","og_locale":"fr_FR","og_type":"article","og_title":"R\u00e9union publique annuelle | Autorit\u00e9 portuaire de Prince Rupert","og_description":"Les membres int\u00e9ress\u00e9s du public sont invit\u00e9s \u00e0 une r\u00e9union annuelle pour discuter des performances et des activit\u00e9s de d\u00e9veloppement de l'L'Administration portuaire de Prince Rupert.","og_url":"https:\/\/www.rupertport.com\/fr\/reunion-publique-annuelle\/","og_site_name":"Autorit\u00e9 portuaire de Prince Rupert","article_publisher":"https:\/\/www.facebook.com\/rupertport\/","article_modified_time":"2026-05-12T18:20:28+00:00","og_image":[{"width":2048,"height":668,"url":"https:\/\/www.rupertport.com\/wp-content\/uploads\/2023\/07\/PrinceRupert-Sept2018-DRONE-JanVozenilek-4-4.jpg","type":"image\/jpeg"}],"twitter_card":"summary_large_image","twitter_site":"@rupertport","schema":{"@context":"https:\/\/schema.org","@graph":[{"@type":"WebPage","@id":"https:\/\/www.rupertport.com\/fr\/reunion-publique-annuelle\/","url":"https:\/\/www.rupertport.com\/fr\/reunion-publique-annuelle\/","name":"R\u00e9union publique annuelle | Autorit\u00e9 portuaire de Prince Rupert","isPartOf":{"@id":"https:\/\/www.rupertport.com\/fr\/#website"},"primaryImageOfPage":{"@id":"https:\/\/www.rupertport.com\/fr\/reunion-publique-annuelle\/#primaryimage"},"image":{"@id":"https:\/\/www.rupertport.com\/fr\/reunion-publique-annuelle\/#primaryimage"},"thumbnailUrl":"https:\/\/www.rupertport.com\/wp-content\/uploads\/2023\/07\/PrinceRupert-Sept2018-DRONE-JanVozenilek-4-4.jpg","datePublished":"2020-07-04T04:37:38+00:00","dateModified":"2026-05-12T18:20:28+00:00","description":"Les membres int\u00e9ress\u00e9s du public sont invit\u00e9s \u00e0 une r\u00e9union annuelle pour discuter des performances et des activit\u00e9s de d\u00e9veloppement de l'L'Administration portuaire de Prince Rupert.","breadcrumb":{"@id":"https:\/\/www.rupertport.com\/fr\/reunion-publique-annuelle\/#breadcrumb"},"inLanguage":"fr-FR","potentialAction":[{"@type":"ReadAction","target":["https:\/\/www.rupertport.com\/fr\/reunion-publique-annuelle\/"]}]},{"@type":"ImageObject","inLanguage":"fr-FR","@id":"https:\/\/www.rupertport.com\/fr\/reunion-publique-annuelle\/#primaryimage","url":"https:\/\/www.rupertport.com\/wp-content\/uploads\/2023\/07\/PrinceRupert-Sept2018-DRONE-JanVozenilek-4-4.jpg","contentUrl":"https:\/\/www.rupertport.com\/wp-content\/uploads\/2023\/07\/PrinceRupert-Sept2018-DRONE-JanVozenilek-4-4.jpg","width":2048,"height":668},{"@type":"BreadcrumbList","@id":"https:\/\/www.rupertport.com\/fr\/reunion-publique-annuelle\/#breadcrumb","itemListElement":[{"@type":"ListItem","position":1,"name":"Home","item":"https:\/\/www.rupertport.com\/fr\/page-de-garde\/"},{"@type":"ListItem","position":2,"name":"Assembl\u00e9e publique annuelle"}]},{"@type":"WebSite","@id":"https:\/\/www.rupertport.com\/fr\/#website","url":"https:\/\/www.rupertport.com\/fr\/","name":"Prince Rupert Port Authority","description":"L'avant-garde du Canada","publisher":{"@id":"https:\/\/www.rupertport.com\/fr\/#organization"},"alternateName":"PRPA","potentialAction":[{"@type":"SearchAction","target":{"@type":"EntryPoint","urlTemplate":"https:\/\/www.rupertport.com\/fr\/?s={search_term_string}"},"query-input":{"@type":"PropertyValueSpecification","valueRequired":true,"valueName":"search_term_string"}}],"inLanguage":"fr-FR"},{"@type":"Organization","@id":"https:\/\/www.rupertport.com\/fr\/#organization","name":"Prince Rupert Port Authority","alternateName":"PRPA","url":"https:\/\/www.rupertport.com\/fr\/","logo":{"@type":"ImageObject","inLanguage":"fr-FR","@id":"https:\/\/www.rupertport.com\/fr\/#\/schema\/logo\/image\/","url":"https:\/\/www.rupertport.com\/wp-content\/uploads\/2021\/04\/cropped-PRPA-logo-meta-1200x1200-1.jpg","contentUrl":"https:\/\/www.rupertport.com\/wp-content\/uploads\/2021\/04\/cropped-PRPA-logo-meta-1200x1200-1.jpg","width":512,"height":512,"caption":"Prince Rupert Port Authority"},"image":{"@id":"https:\/\/www.rupertport.com\/fr\/#\/schema\/logo\/image\/"},"sameAs":["https:\/\/www.facebook.com\/rupertport\/","https:\/\/x.com\/rupertport"]}]}},"_links":{"self":[{"href":"https:\/\/www.rupertport.com\/fr\/wp-json\/wp\/v2\/pages\/14260","targetHints":{"allow":["GET"]}}],"collection":[{"href":"https:\/\/www.rupertport.com\/fr\/wp-json\/wp\/v2\/pages"}],"about":[{"href":"https:\/\/www.rupertport.com\/fr\/wp-json\/wp\/v2\/types\/page"}],"author":[{"embeddable":true,"href":"https:\/\/www.rupertport.com\/fr\/wp-json\/wp\/v2\/users\/26"}],"replies":[{"embeddable":true,"href":"https:\/\/www.rupertport.com\/fr\/wp-json\/wp\/v2\/comments?post=14260"}],"version-history":[{"count":24,"href":"https:\/\/www.rupertport.com\/fr\/wp-json\/wp\/v2\/pages\/14260\/revisions"}],"predecessor-version":[{"id":27319,"href":"https:\/\/www.rupertport.com\/fr\/wp-json\/wp\/v2\/pages\/14260\/revisions\/27319"}],"wp:featuredmedia":[{"embeddable":true,"href":"https:\/\/www.rupertport.com\/fr\/wp-json\/wp\/v2\/media\/15017"}],"wp:attachment":[{"href":"https:\/\/www.rupertport.com\/fr\/wp-json\/wp\/v2\/media?parent=14260"}],"curies":[{"name":"wp","href":"https:\/\/api.w.org\/{rel}","templated":true}]}}