{"id":14023,"date":"2021-04-30T21:06:06","date_gmt":"2021-05-01T05:06:06","guid":{"rendered":"https:\/\/massive.rupertport.com\/durabilite\/"},"modified":"2023-08-04T21:34:44","modified_gmt":"2023-08-04T21:34:44","slug":"durabilite","status":"publish","type":"page","link":"https:\/\/www.rupertport.com\/fr\/durabilite\/","title":{"rendered":"Durabilit\u00e9"},"content":{"rendered":"\n<div class=\"wp-block-columns is-layout-flex wp-container-core-columns-is-layout-9d6595d7 wp-block-columns-is-layout-flex\">\n<div class=\"wp-block-column is-layout-flow wp-block-column-is-layout-flow\">\n<h2 class=\"wp-block-heading\"><a href=\"https:\/\/www.rupertport.com\/fr\/leadership-environnemental\/\">Leadership environnemental<\/a><\/h2>\n\n\n\n<figure class=\"wp-block-image size-large\"><img loading=\"lazy\" decoding=\"async\" width=\"1024\" height=\"731\" src=\"https:\/\/stage.rupertport.com\/wp-content\/uploads\/2021\/05\/PS-edit_4856-1024x731.jpg\" alt=\"\" class=\"wp-image-6009\" srcset=\"https:\/\/www.rupertport.com\/wp-content\/uploads\/2021\/05\/PS-edit_4856-1024x731.jpg 1024w, https:\/\/www.rupertport.com\/wp-content\/uploads\/2021\/05\/PS-edit_4856-300x214.jpg 300w, https:\/\/www.rupertport.com\/wp-content\/uploads\/2021\/05\/PS-edit_4856-768x549.jpg 768w, https:\/\/www.rupertport.com\/wp-content\/uploads\/2021\/05\/PS-edit_4856-1536x1097.jpg 1536w, https:\/\/www.rupertport.com\/wp-content\/uploads\/2021\/05\/PS-edit_4856-350x250.jpg 350w, https:\/\/www.rupertport.com\/wp-content\/uploads\/2021\/05\/PS-edit_4856.jpg 1680w\" sizes=\"auto, (max-width: 1024px) 100vw, 1024px\" \/><\/figure>\n\n\n\n<p>L&rsquo;APPR s&rsquo;engage \u00e0 faire preuve de transparence, \u00e0 veiller au bien-\u00eatre de la communaut\u00e9 dans laquelle nous vivons et travaillons, et \u00e0 s&rsquo;assurer que la croissance est durable gr\u00e2ce \u00e0 la collaboration.  <\/p>\n\n\n\n<p><a href=\"https:\/\/www.rupertport.com\/fr\/leadership-environnemental\/\">Cliquez ici pour en savoir plus sur notre leadership environnemental.  <\/a><\/p>\n<\/div>\n\n\n\n<div class=\"wp-block-column is-layout-flow wp-block-column-is-layout-flow\">\n<h2 class=\"wp-block-heading\"><a href=\"https:\/\/www.rupertport.com\/fr\/croissance-durable\/\">Durable<\/a><br\/><a href=\"https:\/\/www.rupertport.com\/fr\/croissance-durable\/\">Croissance<\/a><\/h2>\n\n\n\n<figure class=\"wp-block-image size-large\"><img loading=\"lazy\" decoding=\"async\" width=\"1024\" height=\"731\" src=\"https:\/\/stage.rupertport.com\/wp-content\/uploads\/2021\/05\/PS-edit_4886-1024x731.jpg\" alt=\"\" class=\"wp-image-6010\" srcset=\"https:\/\/www.rupertport.com\/wp-content\/uploads\/2021\/05\/PS-edit_4886-1024x731.jpg 1024w, https:\/\/www.rupertport.com\/wp-content\/uploads\/2021\/05\/PS-edit_4886-300x214.jpg 300w, https:\/\/www.rupertport.com\/wp-content\/uploads\/2021\/05\/PS-edit_4886-768x549.jpg 768w, https:\/\/www.rupertport.com\/wp-content\/uploads\/2021\/05\/PS-edit_4886-1536x1097.jpg 1536w, https:\/\/www.rupertport.com\/wp-content\/uploads\/2021\/05\/PS-edit_4886-350x250.jpg 350w, https:\/\/www.rupertport.com\/wp-content\/uploads\/2021\/05\/PS-edit_4886.jpg 1680w\" sizes=\"auto, (max-width: 1024px) 100vw, 1024px\" \/><\/figure>\n\n\n\n<p>L&rsquo;APPR s&rsquo;efforce de prot\u00e9ger l&rsquo;environnement de la passerelle en d\u00e9veloppant de mani\u00e8re responsable et en respectant l&rsquo;environnement.<br\/>de mani\u00e8re durable, et en minimisant l&rsquo;impact des op\u00e9rations portuaires sur l&rsquo;environnement.<\/p>\n\n\n\n<p><a href=\"https:\/\/www.rupertport.com\/fr\/croissance-durable\/\">Cliquez ici pour en savoir plus sur notre croissance durable.  <\/a><\/p>\n<\/div>\n\n\n\n<div class=\"wp-block-column is-layout-flow wp-block-column-is-layout-flow\">\n<h2 class=\"wp-block-heading\"><a href=\"https:\/\/www.rupertport.com\/fr\/gestion-de-lenvironnement-2\/\">Gestion de l&rsquo;environnement<\/a><\/h2>\n\n\n\n<figure class=\"wp-block-image size-large\"><img loading=\"lazy\" decoding=\"async\" width=\"1024\" height=\"731\" src=\"https:\/\/stage.rupertport.com\/wp-content\/uploads\/2021\/05\/PS-edit_4774-1024x731.jpg\" alt=\"\" class=\"wp-image-6008\" srcset=\"https:\/\/www.rupertport.com\/wp-content\/uploads\/2021\/05\/PS-edit_4774-1024x731.jpg 1024w, https:\/\/www.rupertport.com\/wp-content\/uploads\/2021\/05\/PS-edit_4774-300x214.jpg 300w, https:\/\/www.rupertport.com\/wp-content\/uploads\/2021\/05\/PS-edit_4774-768x549.jpg 768w, https:\/\/www.rupertport.com\/wp-content\/uploads\/2021\/05\/PS-edit_4774-1536x1097.jpg 1536w, https:\/\/www.rupertport.com\/wp-content\/uploads\/2021\/05\/PS-edit_4774-350x250.jpg 350w, https:\/\/www.rupertport.com\/wp-content\/uploads\/2021\/05\/PS-edit_4774.jpg 1680w\" sizes=\"auto, (max-width: 1024px) 100vw, 1024px\" \/><\/figure>\n\n\n\n<p>L&rsquo;APPR s&rsquo;est engag\u00e9e \u00e0 devenir neutre en carbone d&rsquo;ici 2050 et \u00e0 prot\u00e9ger la vie marine, tout en menant des op\u00e9rations marines et terrestres innovantes.  <\/p>\n\n\n\n<p><a href=\"https:\/\/www.rupertport.com\/fr\/gestion-de-lenvironnement-2\/\">Cliquez ici pour en savoir plus sur notre gestion de l&rsquo;environnement.  <\/a><\/p>\n<\/div>\n<\/div>\n\n<div class=\"wp-block-columns is-layout-flex wp-container-core-columns-is-layout-9d6595d7 wp-block-columns-is-layout-flex\">\n<div class=\"wp-block-column is-layout-flow wp-block-column-is-layout-flow\">\n<h3 class=\"wp-block-heading\">Pour rester connect\u00e9 et inform\u00e9, rejoignez la communaut\u00e9 de notre lettre d&rsquo;information <a href=\"https:\/\/www.rupertport.com\/fr\/nouvelles\/bulletins-dinformation\/\">ici<\/a>.<\/h3>\n<\/div>\n<\/div>\n\n<p><\/p>\n","protected":false},"excerpt":{"rendered":"<p>Leadership environnemental L&rsquo;APPR s&rsquo;engage \u00e0 faire preuve de transparence, \u00e0 veiller au bien-\u00eatre de la communaut\u00e9 dans laquelle nous vivons et travaillons, et \u00e0 s&rsquo;assurer que la croissance est durable gr\u00e2ce \u00e0 la collaboration. Cliquez ici pour en savoir plus sur notre leadership environnemental. DurableCroissance L&rsquo;APPR s&rsquo;efforce de prot\u00e9ger l&rsquo;environnement de la passerelle en d\u00e9veloppant [&hellip;]<\/p>\n","protected":false},"author":7,"featured_media":13626,"parent":0,"menu_order":0,"comment_status":"closed","ping_status":"closed","template":"","meta":{"_acf_changed":false,"footnotes":""},"class_list":["post-14023","page","type-page","status-publish","has-post-thumbnail","hentry"],"acf":[],"yoast_head":"<!-- This site is optimized with the Yoast SEO plugin v26.8 - https:\/\/yoast.com\/product\/yoast-seo-wordpress\/ -->\n<title>D\u00e9veloppement durable \u00e0 L&#039;Administration portuaire de Prince Rupert | Voir les initiatives \u00e9cologiques | Autorit\u00e9 portuaire de Prince Rupert.<\/title>\n<meta name=\"description\" content=\"L&#039;APPR s&#039;est engag\u00e9e \u00e0 devenir neutre en carbone d&#039;ici 2050 et \u00e0 prot\u00e9ger la vie marine, tout en menant des op\u00e9rations marines et terrestres innovantes. Cliquez ici pour en savoir plus sur notre gestion de l&#039;environnement.\" \/>\n<meta name=\"robots\" content=\"index, follow, max-snippet:-1, max-image-preview:large, max-video-preview:-1\" \/>\n<link rel=\"canonical\" href=\"https:\/\/www.rupertport.com\/fr\/durabilite\/\" \/>\n<meta property=\"og:locale\" content=\"fr_FR\" \/>\n<meta property=\"og:type\" content=\"article\" \/>\n<meta property=\"og:title\" content=\"D\u00e9veloppement durable \u00e0 L&#039;Administration portuaire de Prince Rupert | Voir les initiatives \u00e9cologiques | Autorit\u00e9 portuaire de Prince Rupert.\" \/>\n<meta property=\"og:description\" content=\"L&#039;APPR s&#039;est engag\u00e9e \u00e0 devenir neutre en carbone d&#039;ici 2050 et \u00e0 prot\u00e9ger la vie marine, tout en menant des op\u00e9rations marines et terrestres innovantes. Cliquez ici pour en savoir plus sur notre gestion de l&#039;environnement.\" \/>\n<meta property=\"og:url\" content=\"https:\/\/www.rupertport.com\/fr\/durabilite\/\" \/>\n<meta property=\"og:site_name\" content=\"Autorit\u00e9 portuaire de Prince Rupert\" \/>\n<meta property=\"article:publisher\" content=\"https:\/\/www.facebook.com\/rupertport\/\" \/>\n<meta property=\"article:modified_time\" content=\"2023-08-04T21:34:44+00:00\" \/>\n<meta property=\"og:image\" content=\"https:\/\/www.rupertport.com\/wp-content\/uploads\/2021\/01\/PortofPrinceRupert-drone-Aug2019-5-scaled.jpg\" \/>\n\t<meta property=\"og:image:width\" content=\"2560\" \/>\n\t<meta property=\"og:image:height\" content=\"859\" \/>\n\t<meta property=\"og:image:type\" content=\"image\/jpeg\" \/>\n<meta name=\"twitter:card\" content=\"summary_large_image\" \/>\n<meta name=\"twitter:site\" content=\"@rupertport\" \/>\n<script type=\"application\/ld+json\" class=\"yoast-schema-graph\">{\"@context\":\"https:\/\/schema.org\",\"@graph\":[{\"@type\":\"WebPage\",\"@id\":\"https:\/\/www.rupertport.com\/fr\/durabilite\/\",\"url\":\"https:\/\/www.rupertport.com\/fr\/durabilite\/\",\"name\":\"D\u00e9veloppement durable \u00e0 L'Administration portuaire de Prince Rupert | Voir les initiatives \u00e9cologiques | Autorit\u00e9 portuaire de Prince Rupert.\",\"isPartOf\":{\"@id\":\"https:\/\/www.rupertport.com\/fr\/#website\"},\"primaryImageOfPage\":{\"@id\":\"https:\/\/www.rupertport.com\/fr\/durabilite\/#primaryimage\"},\"image\":{\"@id\":\"https:\/\/www.rupertport.com\/fr\/durabilite\/#primaryimage\"},\"thumbnailUrl\":\"https:\/\/www.rupertport.com\/wp-content\/uploads\/2023\/02\/02.08.23-prpa-fairview-gate-connector-road-drone-19.jpg\",\"datePublished\":\"2021-05-01T05:06:06+00:00\",\"dateModified\":\"2023-08-04T21:34:44+00:00\",\"description\":\"L'APPR s'est engag\u00e9e \u00e0 devenir neutre en carbone d'ici 2050 et \u00e0 prot\u00e9ger la vie marine, tout en menant des op\u00e9rations marines et terrestres innovantes. Cliquez ici pour en savoir plus sur notre gestion de l'environnement.\",\"breadcrumb\":{\"@id\":\"https:\/\/www.rupertport.com\/fr\/durabilite\/#breadcrumb\"},\"inLanguage\":\"fr-FR\",\"potentialAction\":[{\"@type\":\"ReadAction\",\"target\":[\"https:\/\/www.rupertport.com\/fr\/durabilite\/\"]}]},{\"@type\":\"ImageObject\",\"inLanguage\":\"fr-FR\",\"@id\":\"https:\/\/www.rupertport.com\/fr\/durabilite\/#primaryimage\",\"url\":\"https:\/\/www.rupertport.com\/wp-content\/uploads\/2023\/02\/02.08.23-prpa-fairview-gate-connector-road-drone-19.jpg\",\"contentUrl\":\"https:\/\/www.rupertport.com\/wp-content\/uploads\/2023\/02\/02.08.23-prpa-fairview-gate-connector-road-drone-19.jpg\",\"width\":1920,\"height\":1004},{\"@type\":\"BreadcrumbList\",\"@id\":\"https:\/\/www.rupertport.com\/fr\/durabilite\/#breadcrumb\",\"itemListElement\":[{\"@type\":\"ListItem\",\"position\":1,\"name\":\"Home\",\"item\":\"https:\/\/www.rupertport.com\/fr\/page-de-garde\/\"},{\"@type\":\"ListItem\",\"position\":2,\"name\":\"Durabilit\u00e9\"}]},{\"@type\":\"WebSite\",\"@id\":\"https:\/\/www.rupertport.com\/fr\/#website\",\"url\":\"https:\/\/www.rupertport.com\/fr\/\",\"name\":\"Prince Rupert Port Authority\",\"description\":\"L'avant-garde du Canada\",\"publisher\":{\"@id\":\"https:\/\/www.rupertport.com\/fr\/#organization\"},\"alternateName\":\"PRPA\",\"potentialAction\":[{\"@type\":\"SearchAction\",\"target\":{\"@type\":\"EntryPoint\",\"urlTemplate\":\"https:\/\/www.rupertport.com\/fr\/?s={search_term_string}\"},\"query-input\":{\"@type\":\"PropertyValueSpecification\",\"valueRequired\":true,\"valueName\":\"search_term_string\"}}],\"inLanguage\":\"fr-FR\"},{\"@type\":\"Organization\",\"@id\":\"https:\/\/www.rupertport.com\/fr\/#organization\",\"name\":\"Prince Rupert Port Authority\",\"alternateName\":\"PRPA\",\"url\":\"https:\/\/www.rupertport.com\/fr\/\",\"logo\":{\"@type\":\"ImageObject\",\"inLanguage\":\"fr-FR\",\"@id\":\"https:\/\/www.rupertport.com\/fr\/#\/schema\/logo\/image\/\",\"url\":\"https:\/\/www.rupertport.com\/wp-content\/uploads\/2021\/04\/cropped-PRPA-logo-meta-1200x1200-1.jpg\",\"contentUrl\":\"https:\/\/www.rupertport.com\/wp-content\/uploads\/2021\/04\/cropped-PRPA-logo-meta-1200x1200-1.jpg\",\"width\":512,\"height\":512,\"caption\":\"Prince Rupert Port Authority\"},\"image\":{\"@id\":\"https:\/\/www.rupertport.com\/fr\/#\/schema\/logo\/image\/\"},\"sameAs\":[\"https:\/\/www.facebook.com\/rupertport\/\",\"https:\/\/x.com\/rupertport\"]}]}<\/script>\n<!-- \/ Yoast SEO plugin. -->","yoast_head_json":{"title":"D\u00e9veloppement durable \u00e0 L'Administration portuaire de Prince Rupert | Voir les initiatives \u00e9cologiques | Autorit\u00e9 portuaire de Prince Rupert.","description":"L'APPR s'est engag\u00e9e \u00e0 devenir neutre en carbone d'ici 2050 et \u00e0 prot\u00e9ger la vie marine, tout en menant des op\u00e9rations marines et terrestres innovantes. Cliquez ici pour en savoir plus sur notre gestion de l'environnement.","robots":{"index":"index","follow":"follow","max-snippet":"max-snippet:-1","max-image-preview":"max-image-preview:large","max-video-preview":"max-video-preview:-1"},"canonical":"https:\/\/www.rupertport.com\/fr\/durabilite\/","og_locale":"fr_FR","og_type":"article","og_title":"D\u00e9veloppement durable \u00e0 L'Administration portuaire de Prince Rupert | Voir les initiatives \u00e9cologiques | Autorit\u00e9 portuaire de Prince Rupert.","og_description":"L'APPR s'est engag\u00e9e \u00e0 devenir neutre en carbone d'ici 2050 et \u00e0 prot\u00e9ger la vie marine, tout en menant des op\u00e9rations marines et terrestres innovantes. Cliquez ici pour en savoir plus sur notre gestion de l'environnement.","og_url":"https:\/\/www.rupertport.com\/fr\/durabilite\/","og_site_name":"Autorit\u00e9 portuaire de Prince Rupert","article_publisher":"https:\/\/www.facebook.com\/rupertport\/","article_modified_time":"2023-08-04T21:34:44+00:00","og_image":[{"width":2560,"height":859,"url":"https:\/\/www.rupertport.com\/wp-content\/uploads\/2021\/01\/PortofPrinceRupert-drone-Aug2019-5-scaled.jpg","type":"image\/jpeg"}],"twitter_card":"summary_large_image","twitter_site":"@rupertport","schema":{"@context":"https:\/\/schema.org","@graph":[{"@type":"WebPage","@id":"https:\/\/www.rupertport.com\/fr\/durabilite\/","url":"https:\/\/www.rupertport.com\/fr\/durabilite\/","name":"D\u00e9veloppement durable \u00e0 L'Administration portuaire de Prince Rupert | Voir les initiatives \u00e9cologiques | Autorit\u00e9 portuaire de Prince Rupert.","isPartOf":{"@id":"https:\/\/www.rupertport.com\/fr\/#website"},"primaryImageOfPage":{"@id":"https:\/\/www.rupertport.com\/fr\/durabilite\/#primaryimage"},"image":{"@id":"https:\/\/www.rupertport.com\/fr\/durabilite\/#primaryimage"},"thumbnailUrl":"https:\/\/www.rupertport.com\/wp-content\/uploads\/2023\/02\/02.08.23-prpa-fairview-gate-connector-road-drone-19.jpg","datePublished":"2021-05-01T05:06:06+00:00","dateModified":"2023-08-04T21:34:44+00:00","description":"L'APPR s'est engag\u00e9e \u00e0 devenir neutre en carbone d'ici 2050 et \u00e0 prot\u00e9ger la vie marine, tout en menant des op\u00e9rations marines et terrestres innovantes. Cliquez ici pour en savoir plus sur notre gestion de l'environnement.","breadcrumb":{"@id":"https:\/\/www.rupertport.com\/fr\/durabilite\/#breadcrumb"},"inLanguage":"fr-FR","potentialAction":[{"@type":"ReadAction","target":["https:\/\/www.rupertport.com\/fr\/durabilite\/"]}]},{"@type":"ImageObject","inLanguage":"fr-FR","@id":"https:\/\/www.rupertport.com\/fr\/durabilite\/#primaryimage","url":"https:\/\/www.rupertport.com\/wp-content\/uploads\/2023\/02\/02.08.23-prpa-fairview-gate-connector-road-drone-19.jpg","contentUrl":"https:\/\/www.rupertport.com\/wp-content\/uploads\/2023\/02\/02.08.23-prpa-fairview-gate-connector-road-drone-19.jpg","width":1920,"height":1004},{"@type":"BreadcrumbList","@id":"https:\/\/www.rupertport.com\/fr\/durabilite\/#breadcrumb","itemListElement":[{"@type":"ListItem","position":1,"name":"Home","item":"https:\/\/www.rupertport.com\/fr\/page-de-garde\/"},{"@type":"ListItem","position":2,"name":"Durabilit\u00e9"}]},{"@type":"WebSite","@id":"https:\/\/www.rupertport.com\/fr\/#website","url":"https:\/\/www.rupertport.com\/fr\/","name":"Prince Rupert Port Authority","description":"L'avant-garde du Canada","publisher":{"@id":"https:\/\/www.rupertport.com\/fr\/#organization"},"alternateName":"PRPA","potentialAction":[{"@type":"SearchAction","target":{"@type":"EntryPoint","urlTemplate":"https:\/\/www.rupertport.com\/fr\/?s={search_term_string}"},"query-input":{"@type":"PropertyValueSpecification","valueRequired":true,"valueName":"search_term_string"}}],"inLanguage":"fr-FR"},{"@type":"Organization","@id":"https:\/\/www.rupertport.com\/fr\/#organization","name":"Prince Rupert Port Authority","alternateName":"PRPA","url":"https:\/\/www.rupertport.com\/fr\/","logo":{"@type":"ImageObject","inLanguage":"fr-FR","@id":"https:\/\/www.rupertport.com\/fr\/#\/schema\/logo\/image\/","url":"https:\/\/www.rupertport.com\/wp-content\/uploads\/2021\/04\/cropped-PRPA-logo-meta-1200x1200-1.jpg","contentUrl":"https:\/\/www.rupertport.com\/wp-content\/uploads\/2021\/04\/cropped-PRPA-logo-meta-1200x1200-1.jpg","width":512,"height":512,"caption":"Prince Rupert Port Authority"},"image":{"@id":"https:\/\/www.rupertport.com\/fr\/#\/schema\/logo\/image\/"},"sameAs":["https:\/\/www.facebook.com\/rupertport\/","https:\/\/x.com\/rupertport"]}]}},"_links":{"self":[{"href":"https:\/\/www.rupertport.com\/fr\/wp-json\/wp\/v2\/pages\/14023","targetHints":{"allow":["GET"]}}],"collection":[{"href":"https:\/\/www.rupertport.com\/fr\/wp-json\/wp\/v2\/pages"}],"about":[{"href":"https:\/\/www.rupertport.com\/fr\/wp-json\/wp\/v2\/types\/page"}],"author":[{"embeddable":true,"href":"https:\/\/www.rupertport.com\/fr\/wp-json\/wp\/v2\/users\/7"}],"replies":[{"embeddable":true,"href":"https:\/\/www.rupertport.com\/fr\/wp-json\/wp\/v2\/comments?post=14023"}],"version-history":[{"count":0,"href":"https:\/\/www.rupertport.com\/fr\/wp-json\/wp\/v2\/pages\/14023\/revisions"}],"wp:featuredmedia":[{"embeddable":true,"href":"https:\/\/www.rupertport.com\/fr\/wp-json\/wp\/v2\/media\/13626"}],"wp:attachment":[{"href":"https:\/\/www.rupertport.com\/fr\/wp-json\/wp\/v2\/media?parent=14023"}],"curies":[{"name":"wp","href":"https:\/\/api.w.org\/{rel}","templated":true}]}}