{"id":13980,"date":"2021-03-18T21:44:21","date_gmt":"2021-03-19T05:44:21","guid":{"rendered":"https:\/\/massive.rupertport.com\/nouvelles\/bulletins-dinformation\/"},"modified":"2024-04-26T12:28:36","modified_gmt":"2024-04-26T20:28:36","slug":"bulletins-dinformation","status":"publish","type":"page","link":"https:\/\/www.rupertport.com\/fr\/nouvelles\/bulletins-dinformation\/","title":{"rendered":"Infolettres"},"content":{"rendered":"\n<h2 class=\"wp-block-heading\">ABONNEZ-VOUS \u00c0 NOS INFOLETTRES ET \u00c0 NOS LISTES DE DIFFUSION POUR RESTER EN CONTACT<\/h2>\n\n\n\n<p>Choisissez une ou plusieurs options ci-dessous et inscrivez-vous ici pour recevoir des mises \u00e0 jour par courriel.<\/p>\n\n\n\n<p>Vous avez manqu\u00e9 notre r\u00e9cent webinaire commercial Portcast ? Suivez les instructions ci-dessous pour vous inscrire \u00e0 notre liste de diffusion sur les webinaires et les \u00e9v\u00e9nements afin de recevoir des invitations pour les futurs \u00e9v\u00e9nements commerciaux.  <\/p>\n\n\n\n<!-- Begin Mailchimp Signup Form -->\n<link href=\"\/\/cdn-images.mailchimp.com\/embedcode\/classic-10_7.css\" rel=\"stylesheet\" type=\"text\/css\"\/>\n<style type=\"text\/css\">\n\t#mc_embed_signup{background:#fff; clear:left; font:14px Helvetica,Arial,sans-serif; }\n\t\/* Add your own Mailchimp form style overrides in your site stylesheet or in this style block.\n\t   We recommend moving this block and the preceding CSS link to the HEAD of your HTML file. *\/\n<\/style>\n<div id=\"mc_embed_signup\">\n<form action=\"https:\/\/rupertport.us17.list-manage.com\/subscribe\/post?u=2a6fbf7665fa633b92a3073b8&#038;id=00e96c90b6\" method=\"post\" id=\"mc-embedded-subscribe-form\" name=\"mc-embedded-subscribe-form\" class=\"validate\" target=\"_blank\" novalidate=\"\">\n    <div id=\"mc_embed_signup_scroll\">\n\t<h2>S&rsquo;abonner<\/h2>\n<div class=\"indicates-required\"><span class=\"asterisk\">*<\/span> Champ obligatoire<\/div>\n<div class=\"mc-field-group\">\n\t<label for=\"mce-EMAIL\">Courriel <span class=\"asterisk\">*<\/span>\n<\/label>\n\t<input type=\"email\" value=\"\" name=\"EMAIL\" class=\"required email\" id=\"mce-EMAIL\"\/>\n<\/div>\n<div class=\"mc-field-group\">\n\t<label for=\"mce-FNAME\">Pr\u00e9nom <\/label>\n\t<input type=\"text\" value=\"\" name=\"FNAME\" class=\"\" id=\"mce-FNAME\"\/>\n<\/div>\n<div class=\"mc-field-group\">\n\t<label for=\"mce-LNAME\">Nom de famille <\/label>\n\t<input type=\"text\" value=\"\" name=\"LNAME\" class=\"\" id=\"mce-LNAME\"\/>\n<\/div>\n<div class=\"mc-field-group input-group\">\n    <strong>S\u00e9lectionner les infolettre <\/strong>\n<\/div>\n    <ul><li><input type=\"checkbox\" value=\"1\" name=\"group[8836][1]\" id=\"mce-group[8836]-8836-0\"\/><label for=\"mce-group[8836]-8836-0\">Infolettre sur le d\u00e9veloppement du commerce<\/label><\/li>\n<li><input type=\"checkbox\" value=\"2\" name=\"group[8836][2]\" id=\"mce-group[8836]-8836-1\"\/><label for=\"mce-group[8836]-8836-1\">Infolettre sur les relations communautaires<\/label><\/li>\n<li><input type=\"checkbox\" value=\"4\" name=\"group[8836][4]\" id=\"mce-group[8836]-8836-2\"\/><label for=\"mce-group[8836]-8836-2\">Alertes d&rsquo;actualit\u00e9<\/label><\/li>\n<li><input type=\"checkbox\" value=\"8\" name=\"group[8836][8]\" id=\"mce-group[8836]-8836-3\"\/><label for=\"mce-group[8836]-8836-3\">Webinaires et \u00e9v\u00e9nements marketing<\/label><\/li>\n<\/ul>\n<\/div>\n\t<div id=\"mce-responses\" class=\"clear\">\n\t\t<div class=\"response\" id=\"mce-error-response\" style=\"display:none\"><\/div>\n\t\t<div class=\"response\" id=\"mce-success-response\" style=\"display:none\"><\/div>\n\t<\/div>    <!-- real people should not fill this in and expect good things - do not remove this or risk form bot signups-->\n    <div style=\"position: absolute; left: -5000px;\" aria-hidden=\"true\"><input type=\"text\" name=\"b_2a6fbf7665fa633b92a3073b8_00e96c90b6\" tabindex=\"-1\" value=\"\"\/><\/div>\n    <div class=\"clear\"><input type=\"submit\" value=\"S'abonner\" name=\"subscribe\" id=\"mc-embedded-subscribe\" class=\"button\"\/><\/div>\n    <\/form><\/div>\n\n\n<script type=\"text\/javascript\" src=\"\/\/s3.amazonaws.com\/downloads.mailchimp.com\/js\/mc-validate.js\"><\/script><script type=\"text\/javascript\">(function($) {window.fnames = new Array(); window.ftypes = new Array();fnames[0]='EMAIL';ftypes[0]='email';fnames[1]='FNAME';ftypes[1]='text';fnames[2]='LNAME';ftypes[2]='text';fnames[3]='ADDRESS';ftypes[3]='address';fnames[4]='PHONE';ftypes[4]='phone'; }(jQuery));var $mcj = jQuery.noConflict(true);<\/script>\n<!--End mc_embed_signup-->\n\n\n\n<div style=\"height:63px\" aria-hidden=\"true\" class=\"wp-block-spacer\"><\/div>\n\n\n\n<h2 class=\"wp-block-heading\">\u00c9DITIONS ARCHIV\u00c9ES<\/h2>\n\n\n\n<div style=\"height:20px\" aria-hidden=\"true\" class=\"wp-block-spacer\"><\/div>\n\n\n\n<h4 class=\"wp-block-heading\">Lettre d&rsquo;information sur le commerce &#8211; Rupert Re:Port  <\/h4>\n\n\n\n<p><\/p>\n\n\n\n<ul class=\"wp-block-list\" id=\"block-2d736873-7dd0-4e07-a3d8-40af443706ca\">\n<li>2022\/03\/10 &#8211; <a rel=\"noreferrer noopener\" href=\"https:\/\/mailchi.mp\/7f41d0b389cb\/port-of-prince-rupert-q1-update?e=%5BUNIQID%5D\" target=\"_blank\">Rupert RE:PORT Prince Rupert Gateway Q1 Update<\/a><\/li>\n\n\n\n<li>2021\/12\/14 &#8211; <a rel=\"noreferrer noopener\" href=\"https:\/\/mailchi.mp\/2030d47ea70c\/your-copy-of-the-latest-rupert-report-is-here-13522778\" target=\"_blank\">Rupert RE:PORT Prince Rupert Gateway Q4 Update<\/a><\/li>\n\n\n\n<li>2021\/10\/08 &#8211; <a rel=\"noreferrer noopener\" href=\"https:\/\/mailchi.mp\/329f520b1481\/rupert-report-gateway-update-13457481?e=3e18515584\" target=\"_blank\">Rupert RE:PORT Prince Rupert Gateway Q3 Update<\/a><\/li>\n\n\n\n<li>2021\/07\/14 &#8211; <a rel=\"noreferrer noopener\" href=\"https:\/\/mailchi.mp\/rupertport\/rupert-report-gateway-update-5695260?e=3e18515584\" target=\"_blank\">Rupert RE:PORT Prince Rupert Gateway Q2 Update<\/a><\/li>\n\n\n\n<li>2021\/02\/26 &#8211; <a rel=\"noreferrer noopener\" href=\"https:\/\/us17.campaign-archive.com\/?u=2a6fbf7665fa633b92a3073b8&amp;id=19a236a652\" target=\"_blank\">Rupert RE:PORT Prince Rupert Gateway Q1 Update<\/a><\/li>\n<\/ul>\n\n\n\n<div style=\"height:20px\" aria-hidden=\"true\" class=\"wp-block-spacer\"><\/div>\n\n\n\n<div style=\"height:36px\" aria-hidden=\"true\" class=\"wp-block-spacer\"><\/div>\n\n\n\n<h4 class=\"wp-block-heading\">Bulletin d&rsquo;information communautaire &#8211; The Current<\/h4>\n\n\n\n<p><\/p>\n\n\n\n<ul class=\"wp-block-list\">\n<li>2022\/03\/02 &#8211; <a href=\"https:\/\/mailchi.mp\/752425a8b3a7\/prpa-winter-community-update-the-current\" target=\"_blank\" rel=\"noreferrer noopener\">LE COURANT : Port de Prince Rupert &#8211; Mise \u00e0 jour hivernale<\/a><\/li>\n\n\n\n<li>2021\/12\/13 &#8211; <a rel=\"noreferrer noopener\" href=\"https:\/\/mailchi.mp\/feaa2f6cabed\/your-new-issue-of-the-current-is-here\" target=\"_blank\">LE COURANT : Port de Prince Rupert &#8211; Mise \u00e0 jour automnale<\/a><\/li>\n\n\n\n<li>2021\/10\/06 &#8211; <a rel=\"noreferrer noopener\" href=\"https:\/\/mailchi.mp\/08bcf7eb62fa\/prpa-fall-community-update-the-current?e=3e18515584\" target=\"_blank\">LE COURANT : Port de Prince Rupert &#8211; Mise \u00e0 jour estivale<\/a><\/li>\n\n\n\n<li>2021\/07\/14 &#8211; <a rel=\"noreferrer noopener\" href=\"https:\/\/mailchi.mp\/e092fd1bb009\/the-current-port-of-prince-rupert-update?e=3e18515584\" target=\"_blank\">LE COURANT : Port de Prince Rupert &#8211; Mise \u00e0 jour du printemps<\/a><\/li>\n\n\n\n<li>2021\/03\/02 &#8211; <a rel=\"noreferrer noopener\" href=\"http:\/\/us17.campaign-archive.com\/?u=2a6fbf7665fa633b92a3073b8&amp;id=f878de1755\" target=\"_blank\">LE COURANT : Port de Prince Rupert &#8211; Mise \u00e0 jour hivernale<\/a><\/li>\n<\/ul>\n\n\n\n<div style=\"height:20px\" aria-hidden=\"true\" class=\"wp-block-spacer\"><\/div>\n\n\n\n<div style=\"height:42px\" aria-hidden=\"true\" class=\"wp-block-spacer\"><\/div>\n\n\n\n<h4 class=\"wp-block-heading\">Alertes d&rsquo;actualit\u00e9<\/h4>\n\n\n\n<p>Pour consulter nos archives de nouvelles, veuillez <a href=\"https:\/\/www.rupertport.com\/fr\/nouvelles\/\">cliquer ici<\/a>.<\/p>\n","protected":false},"excerpt":{"rendered":"<p>ABONNEZ-VOUS \u00c0 NOS INFOLETTRES ET \u00c0 NOS LISTES DE DIFFUSION POUR RESTER EN CONTACT Choisissez une ou plusieurs options ci-dessous et inscrivez-vous ici pour recevoir des mises \u00e0 jour par courriel. Vous avez manqu\u00e9 notre r\u00e9cent webinaire commercial Portcast ? Suivez les instructions ci-dessous pour vous inscrire \u00e0 notre liste de diffusion sur les webinaires [&hellip;]<\/p>\n","protected":false},"author":4,"featured_media":10145,"parent":13948,"menu_order":0,"comment_status":"closed","ping_status":"closed","template":"","meta":{"_acf_changed":false,"footnotes":""},"class_list":["post-13980","page","type-page","status-publish","has-post-thumbnail","hentry"],"acf":[],"yoast_head":"<!-- This site is optimized with the Yoast SEO plugin v26.8 - https:\/\/yoast.com\/product\/yoast-seo-wordpress\/ -->\n<title>Bulletins d&#039;information | Restez inform\u00e9 avec Autorit\u00e9 portuaire de Prince Rupert.<\/title>\n<meta name=\"description\" content=\"Abonnez-vous \u00e0 nos bulletins d&#039;information pour recevoir les derni\u00e8res mises \u00e0 jour et informations de l&#039;L&#039;Administration portuaire de Prince Rupert. Restez connect\u00e9 !\" \/>\n<meta name=\"robots\" content=\"index, follow, max-snippet:-1, max-image-preview:large, max-video-preview:-1\" \/>\n<link rel=\"canonical\" href=\"https:\/\/www.rupertport.com\/fr\/nouvelles\/bulletins-dinformation\/\" \/>\n<meta property=\"og:locale\" content=\"fr_FR\" \/>\n<meta property=\"og:type\" content=\"article\" \/>\n<meta property=\"og:title\" content=\"Bulletins d&#039;information | Restez inform\u00e9 avec Autorit\u00e9 portuaire de Prince Rupert.\" \/>\n<meta property=\"og:description\" content=\"Abonnez-vous \u00e0 nos bulletins d&#039;information pour recevoir les derni\u00e8res mises \u00e0 jour et informations de l&#039;L&#039;Administration portuaire de Prince Rupert. Restez connect\u00e9 !\" \/>\n<meta property=\"og:url\" content=\"https:\/\/www.rupertport.com\/fr\/nouvelles\/bulletins-dinformation\/\" \/>\n<meta property=\"og:site_name\" content=\"Autorit\u00e9 portuaire de Prince Rupert\" \/>\n<meta property=\"article:publisher\" content=\"https:\/\/www.facebook.com\/rupertport\/\" \/>\n<meta property=\"article:modified_time\" content=\"2024-04-26T20:28:36+00:00\" \/>\n<meta property=\"og:image\" content=\"https:\/\/www.rupertport.com\/wp-content\/uploads\/2019\/11\/emissions-feature-1024x575.jpg\" \/>\n\t<meta property=\"og:image:width\" content=\"1024\" \/>\n\t<meta property=\"og:image:height\" content=\"575\" \/>\n\t<meta property=\"og:image:type\" content=\"image\/jpeg\" \/>\n<meta name=\"twitter:card\" content=\"summary_large_image\" \/>\n<meta name=\"twitter:site\" content=\"@rupertport\" \/>\n<script type=\"application\/ld+json\" class=\"yoast-schema-graph\">{\"@context\":\"https:\/\/schema.org\",\"@graph\":[{\"@type\":\"WebPage\",\"@id\":\"https:\/\/www.rupertport.com\/fr\/nouvelles\/bulletins-dinformation\/\",\"url\":\"https:\/\/www.rupertport.com\/fr\/nouvelles\/bulletins-dinformation\/\",\"name\":\"Bulletins d'information | Restez inform\u00e9 avec Autorit\u00e9 portuaire de Prince Rupert.\",\"isPartOf\":{\"@id\":\"https:\/\/www.rupertport.com\/fr\/#website\"},\"primaryImageOfPage\":{\"@id\":\"https:\/\/www.rupertport.com\/fr\/nouvelles\/bulletins-dinformation\/#primaryimage\"},\"image\":{\"@id\":\"https:\/\/www.rupertport.com\/fr\/nouvelles\/bulletins-dinformation\/#primaryimage\"},\"thumbnailUrl\":\"https:\/\/www.rupertport.com\/wp-content\/uploads\/2019\/11\/emissions-feature-1024x575.jpg\",\"datePublished\":\"2021-03-19T05:44:21+00:00\",\"dateModified\":\"2024-04-26T20:28:36+00:00\",\"description\":\"Abonnez-vous \u00e0 nos bulletins d'information pour recevoir les derni\u00e8res mises \u00e0 jour et informations de l'L'Administration portuaire de Prince Rupert. Restez connect\u00e9 !\",\"breadcrumb\":{\"@id\":\"https:\/\/www.rupertport.com\/fr\/nouvelles\/bulletins-dinformation\/#breadcrumb\"},\"inLanguage\":\"fr-FR\",\"potentialAction\":[{\"@type\":\"ReadAction\",\"target\":[\"https:\/\/www.rupertport.com\/fr\/nouvelles\/bulletins-dinformation\/\"]}]},{\"@type\":\"ImageObject\",\"inLanguage\":\"fr-FR\",\"@id\":\"https:\/\/www.rupertport.com\/fr\/nouvelles\/bulletins-dinformation\/#primaryimage\",\"url\":\"https:\/\/www.rupertport.com\/wp-content\/uploads\/2019\/11\/emissions-feature-1024x575.jpg\",\"contentUrl\":\"https:\/\/www.rupertport.com\/wp-content\/uploads\/2019\/11\/emissions-feature-1024x575.jpg\",\"width\":1024,\"height\":575},{\"@type\":\"BreadcrumbList\",\"@id\":\"https:\/\/www.rupertport.com\/fr\/nouvelles\/bulletins-dinformation\/#breadcrumb\",\"itemListElement\":[{\"@type\":\"ListItem\",\"position\":1,\"name\":\"Home\",\"item\":\"https:\/\/www.rupertport.com\/fr\/page-de-garde\/\"},{\"@type\":\"ListItem\",\"position\":2,\"name\":\"Nouvelles\",\"item\":\"https:\/\/www.rupertport.com\/fr\/nouvelles\/\"},{\"@type\":\"ListItem\",\"position\":3,\"name\":\"Infolettres\"}]},{\"@type\":\"WebSite\",\"@id\":\"https:\/\/www.rupertport.com\/fr\/#website\",\"url\":\"https:\/\/www.rupertport.com\/fr\/\",\"name\":\"Prince Rupert Port Authority\",\"description\":\"L'avant-garde du Canada\",\"publisher\":{\"@id\":\"https:\/\/www.rupertport.com\/fr\/#organization\"},\"alternateName\":\"PRPA\",\"potentialAction\":[{\"@type\":\"SearchAction\",\"target\":{\"@type\":\"EntryPoint\",\"urlTemplate\":\"https:\/\/www.rupertport.com\/fr\/?s={search_term_string}\"},\"query-input\":{\"@type\":\"PropertyValueSpecification\",\"valueRequired\":true,\"valueName\":\"search_term_string\"}}],\"inLanguage\":\"fr-FR\"},{\"@type\":\"Organization\",\"@id\":\"https:\/\/www.rupertport.com\/fr\/#organization\",\"name\":\"Prince Rupert Port Authority\",\"alternateName\":\"PRPA\",\"url\":\"https:\/\/www.rupertport.com\/fr\/\",\"logo\":{\"@type\":\"ImageObject\",\"inLanguage\":\"fr-FR\",\"@id\":\"https:\/\/www.rupertport.com\/fr\/#\/schema\/logo\/image\/\",\"url\":\"https:\/\/www.rupertport.com\/wp-content\/uploads\/2021\/04\/cropped-PRPA-logo-meta-1200x1200-1.jpg\",\"contentUrl\":\"https:\/\/www.rupertport.com\/wp-content\/uploads\/2021\/04\/cropped-PRPA-logo-meta-1200x1200-1.jpg\",\"width\":512,\"height\":512,\"caption\":\"Prince Rupert Port Authority\"},\"image\":{\"@id\":\"https:\/\/www.rupertport.com\/fr\/#\/schema\/logo\/image\/\"},\"sameAs\":[\"https:\/\/www.facebook.com\/rupertport\/\",\"https:\/\/x.com\/rupertport\"]}]}<\/script>\n<!-- \/ Yoast SEO plugin. -->","yoast_head_json":{"title":"Bulletins d'information | Restez inform\u00e9 avec Autorit\u00e9 portuaire de Prince Rupert.","description":"Abonnez-vous \u00e0 nos bulletins d'information pour recevoir les derni\u00e8res mises \u00e0 jour et informations de l'L'Administration portuaire de Prince Rupert. Restez connect\u00e9 !","robots":{"index":"index","follow":"follow","max-snippet":"max-snippet:-1","max-image-preview":"max-image-preview:large","max-video-preview":"max-video-preview:-1"},"canonical":"https:\/\/www.rupertport.com\/fr\/nouvelles\/bulletins-dinformation\/","og_locale":"fr_FR","og_type":"article","og_title":"Bulletins d'information | Restez inform\u00e9 avec Autorit\u00e9 portuaire de Prince Rupert.","og_description":"Abonnez-vous \u00e0 nos bulletins d'information pour recevoir les derni\u00e8res mises \u00e0 jour et informations de l'L'Administration portuaire de Prince Rupert. Restez connect\u00e9 !","og_url":"https:\/\/www.rupertport.com\/fr\/nouvelles\/bulletins-dinformation\/","og_site_name":"Autorit\u00e9 portuaire de Prince Rupert","article_publisher":"https:\/\/www.facebook.com\/rupertport\/","article_modified_time":"2024-04-26T20:28:36+00:00","og_image":[{"width":1024,"height":575,"url":"https:\/\/www.rupertport.com\/wp-content\/uploads\/2019\/11\/emissions-feature-1024x575.jpg","type":"image\/jpeg"}],"twitter_card":"summary_large_image","twitter_site":"@rupertport","schema":{"@context":"https:\/\/schema.org","@graph":[{"@type":"WebPage","@id":"https:\/\/www.rupertport.com\/fr\/nouvelles\/bulletins-dinformation\/","url":"https:\/\/www.rupertport.com\/fr\/nouvelles\/bulletins-dinformation\/","name":"Bulletins d'information | Restez inform\u00e9 avec Autorit\u00e9 portuaire de Prince Rupert.","isPartOf":{"@id":"https:\/\/www.rupertport.com\/fr\/#website"},"primaryImageOfPage":{"@id":"https:\/\/www.rupertport.com\/fr\/nouvelles\/bulletins-dinformation\/#primaryimage"},"image":{"@id":"https:\/\/www.rupertport.com\/fr\/nouvelles\/bulletins-dinformation\/#primaryimage"},"thumbnailUrl":"https:\/\/www.rupertport.com\/wp-content\/uploads\/2019\/11\/emissions-feature-1024x575.jpg","datePublished":"2021-03-19T05:44:21+00:00","dateModified":"2024-04-26T20:28:36+00:00","description":"Abonnez-vous \u00e0 nos bulletins d'information pour recevoir les derni\u00e8res mises \u00e0 jour et informations de l'L'Administration portuaire de Prince Rupert. Restez connect\u00e9 !","breadcrumb":{"@id":"https:\/\/www.rupertport.com\/fr\/nouvelles\/bulletins-dinformation\/#breadcrumb"},"inLanguage":"fr-FR","potentialAction":[{"@type":"ReadAction","target":["https:\/\/www.rupertport.com\/fr\/nouvelles\/bulletins-dinformation\/"]}]},{"@type":"ImageObject","inLanguage":"fr-FR","@id":"https:\/\/www.rupertport.com\/fr\/nouvelles\/bulletins-dinformation\/#primaryimage","url":"https:\/\/www.rupertport.com\/wp-content\/uploads\/2019\/11\/emissions-feature-1024x575.jpg","contentUrl":"https:\/\/www.rupertport.com\/wp-content\/uploads\/2019\/11\/emissions-feature-1024x575.jpg","width":1024,"height":575},{"@type":"BreadcrumbList","@id":"https:\/\/www.rupertport.com\/fr\/nouvelles\/bulletins-dinformation\/#breadcrumb","itemListElement":[{"@type":"ListItem","position":1,"name":"Home","item":"https:\/\/www.rupertport.com\/fr\/page-de-garde\/"},{"@type":"ListItem","position":2,"name":"Nouvelles","item":"https:\/\/www.rupertport.com\/fr\/nouvelles\/"},{"@type":"ListItem","position":3,"name":"Infolettres"}]},{"@type":"WebSite","@id":"https:\/\/www.rupertport.com\/fr\/#website","url":"https:\/\/www.rupertport.com\/fr\/","name":"Prince Rupert Port Authority","description":"L'avant-garde du Canada","publisher":{"@id":"https:\/\/www.rupertport.com\/fr\/#organization"},"alternateName":"PRPA","potentialAction":[{"@type":"SearchAction","target":{"@type":"EntryPoint","urlTemplate":"https:\/\/www.rupertport.com\/fr\/?s={search_term_string}"},"query-input":{"@type":"PropertyValueSpecification","valueRequired":true,"valueName":"search_term_string"}}],"inLanguage":"fr-FR"},{"@type":"Organization","@id":"https:\/\/www.rupertport.com\/fr\/#organization","name":"Prince Rupert Port Authority","alternateName":"PRPA","url":"https:\/\/www.rupertport.com\/fr\/","logo":{"@type":"ImageObject","inLanguage":"fr-FR","@id":"https:\/\/www.rupertport.com\/fr\/#\/schema\/logo\/image\/","url":"https:\/\/www.rupertport.com\/wp-content\/uploads\/2021\/04\/cropped-PRPA-logo-meta-1200x1200-1.jpg","contentUrl":"https:\/\/www.rupertport.com\/wp-content\/uploads\/2021\/04\/cropped-PRPA-logo-meta-1200x1200-1.jpg","width":512,"height":512,"caption":"Prince Rupert Port Authority"},"image":{"@id":"https:\/\/www.rupertport.com\/fr\/#\/schema\/logo\/image\/"},"sameAs":["https:\/\/www.facebook.com\/rupertport\/","https:\/\/x.com\/rupertport"]}]}},"_links":{"self":[{"href":"https:\/\/www.rupertport.com\/fr\/wp-json\/wp\/v2\/pages\/13980","targetHints":{"allow":["GET"]}}],"collection":[{"href":"https:\/\/www.rupertport.com\/fr\/wp-json\/wp\/v2\/pages"}],"about":[{"href":"https:\/\/www.rupertport.com\/fr\/wp-json\/wp\/v2\/types\/page"}],"author":[{"embeddable":true,"href":"https:\/\/www.rupertport.com\/fr\/wp-json\/wp\/v2\/users\/4"}],"replies":[{"embeddable":true,"href":"https:\/\/www.rupertport.com\/fr\/wp-json\/wp\/v2\/comments?post=13980"}],"version-history":[{"count":2,"href":"https:\/\/www.rupertport.com\/fr\/wp-json\/wp\/v2\/pages\/13980\/revisions"}],"predecessor-version":[{"id":19067,"href":"https:\/\/www.rupertport.com\/fr\/wp-json\/wp\/v2\/pages\/13980\/revisions\/19067"}],"up":[{"embeddable":true,"href":"https:\/\/www.rupertport.com\/fr\/wp-json\/wp\/v2\/pages\/13948"}],"wp:featuredmedia":[{"embeddable":true,"href":"https:\/\/www.rupertport.com\/fr\/wp-json\/wp\/v2\/media\/10145"}],"wp:attachment":[{"href":"https:\/\/www.rupertport.com\/fr\/wp-json\/wp\/v2\/media?parent=13980"}],"curies":[{"name":"wp","href":"https:\/\/api.w.org\/{rel}","templated":true}]}}