{"id":13978,"date":"2020-12-01T17:11:47","date_gmt":"2020-12-01T17:11:47","guid":{"rendered":"https:\/\/massive.rupertport.com\/plate-forme-logistique-dimportation-de-lile-de-kaien-sud\/"},"modified":"2023-08-04T21:34:44","modified_gmt":"2023-08-04T21:34:44","slug":"plate-forme-logistique-dimportation-de-lile-de-kaien-sud","status":"publish","type":"page","link":"https:\/\/www.rupertport.com\/fr\/plate-forme-logistique-dimportation-de-lile-de-kaien-sud\/","title":{"rendered":"Plate-forme logistique d&rsquo;importation de l&rsquo;\u00eele de Kaien Sud"},"content":{"rendered":"\n<h3 class=\"wp-block-heading\"><strong>Description du projet<\/strong><\/h3>\n\n<h4 class=\"wp-block-heading\"><strong>Plate-forme logistique d&rsquo;importation de l&rsquo;\u00eele de Kaien Sud<\/strong><\/h4>\n\n<p>La mise en place d&rsquo;une plate-forme logistique d&rsquo;importation \u00e0 Prince Rupert Gateway favorisera la croissance du terminal \u00e0 conteneurs Fairview et nous permettra d&rsquo;atteindre notre objectif de devenir une porte d&rsquo;entr\u00e9e offrant tous les services.<\/p>\n\n<p>Les exp\u00e9diteurs ont manifest\u00e9 le d\u00e9sir de compl\u00e9ter leurs volumes IPI par la possibilit\u00e9 d&rsquo;effectuer des op\u00e9rations de transbordement et d&rsquo;entreposage \u00e0 l&rsquo;\u00e9chelle et d&rsquo;am\u00e9liorer l&rsquo;attrait et la r\u00e9tention de volumes suppl\u00e9mentaires via Prince Rupert.<\/p>\n\n<p>Metlakatla Development Corporation (MDC) et l&rsquo;autorit\u00e9 portuaire de Prince Rupert (PRPA) d\u00e9veloppent un parc logistique sur des terrains en fief simple \u00e0 proximit\u00e9 du terminal \u00e0 conteneurs Fairview de DP World. Le parc logistique est un \u00e9l\u00e9ment essentiel du plan plus large de l&rsquo;APPR visant \u00e0 d\u00e9velopper un \u00e9cosyst\u00e8me intermodal int\u00e9gr\u00e9 pour soutenir une capacit\u00e9 de plus de 4 millions d&rsquo;EVP d&rsquo;ici 2030. Les terrains en fief simple appartiennent \u00e0 South Kaien Land Holdings Ltd, une filiale de Metlakatla Development Corporation, et sont am\u00e9nag\u00e9s en collaboration avec l&rsquo;autorit\u00e9 portuaire de Prince Rupert. Les terrains sont d\u00e9blay\u00e9s et les travaux de terrassement pr\u00e9liminaires ont commenc\u00e9.<\/p>\n\n<figure class=\"wp-block-image size-large\"><img loading=\"lazy\" decoding=\"async\" width=\"1024\" height=\"576\" src=\"https:\/\/stage.rupertport.com\/wp-content\/uploads\/2020\/12\/south-kaien-island-import-logistics-platform-ECO-SYSTEM-MAP-01-1024x576.jpg\" alt=\"\" class=\"wp-image-4407\" srcset=\"https:\/\/www.rupertport.com\/wp-content\/uploads\/2020\/12\/south-kaien-island-import-logistics-platform-ECO-SYSTEM-MAP-01-1024x576.jpg 1024w, https:\/\/www.rupertport.com\/wp-content\/uploads\/2020\/12\/south-kaien-island-import-logistics-platform-ECO-SYSTEM-MAP-01-300x169.jpg 300w, https:\/\/www.rupertport.com\/wp-content\/uploads\/2020\/12\/south-kaien-island-import-logistics-platform-ECO-SYSTEM-MAP-01-768x432.jpg 768w, https:\/\/www.rupertport.com\/wp-content\/uploads\/2020\/12\/south-kaien-island-import-logistics-platform-ECO-SYSTEM-MAP-01-1536x864.jpg 1536w, https:\/\/www.rupertport.com\/wp-content\/uploads\/2020\/12\/south-kaien-island-import-logistics-platform-ECO-SYSTEM-MAP-01.jpg 1920w\" sizes=\"auto, (max-width: 1024px) 100vw, 1024px\" \/><\/figure>\n\n<figure class=\"wp-block-image size-large\"><img decoding=\"async\" src=\"https:\/\/stage.rupertport.com\/wp-content\/uploads\/2023\/07\/South_Kaien_Logistics_Park-Site_Location.png\" alt=\"\" class=\"wp-image-4437\"\/><\/figure>\n\n<figure class=\"wp-block-image size-full\"><img loading=\"lazy\" decoding=\"async\" width=\"1024\" height=\"1024\" src=\"https:\/\/stage.rupertport.com\/wp-content\/uploads\/2022\/03\/south-kaien-island-import-logistics-platform-UNDER-OFFER-01-1-1024x1024-EDIT-copy.png\" alt=\"\" class=\"wp-image-8004\" srcset=\"https:\/\/www.rupertport.com\/wp-content\/uploads\/2022\/03\/south-kaien-island-import-logistics-platform-UNDER-OFFER-01-1-1024x1024-EDIT-copy.png 1024w, https:\/\/www.rupertport.com\/wp-content\/uploads\/2022\/03\/south-kaien-island-import-logistics-platform-UNDER-OFFER-01-1-1024x1024-EDIT-copy-300x300.png 300w, https:\/\/www.rupertport.com\/wp-content\/uploads\/2022\/03\/south-kaien-island-import-logistics-platform-UNDER-OFFER-01-1-1024x1024-EDIT-copy-150x150.png 150w, https:\/\/www.rupertport.com\/wp-content\/uploads\/2022\/03\/south-kaien-island-import-logistics-platform-UNDER-OFFER-01-1-1024x1024-EDIT-copy-768x768.png 768w\" sizes=\"auto, (max-width: 1024px) 100vw, 1024px\" \/><\/figure>\n\n<p>L&rsquo;autorit\u00e9 portuaire de Prince Rupert et la Metlakatla Development Corporation souhaitent remercier le Fonds national des corridors commerciaux pour sa g\u00e9n\u00e9reuse contribution \u00e0 cette initiative.  <\/p>\n\n<figure class=\"wp-block-image size-large\"><img loading=\"lazy\" decoding=\"async\" width=\"1024\" height=\"635\" src=\"https:\/\/stage.rupertport.com\/wp-content\/uploads\/2022\/03\/SKIT-Funding-partners-1024x635.jpg\" alt=\"\" class=\"wp-image-8002\" srcset=\"https:\/\/www.rupertport.com\/wp-content\/uploads\/2022\/03\/SKIT-Funding-partners-1024x635.jpg 1024w, https:\/\/www.rupertport.com\/wp-content\/uploads\/2022\/03\/SKIT-Funding-partners-300x186.jpg 300w, https:\/\/www.rupertport.com\/wp-content\/uploads\/2022\/03\/SKIT-Funding-partners-768x477.jpg 768w, https:\/\/www.rupertport.com\/wp-content\/uploads\/2022\/03\/SKIT-Funding-partners-1536x953.jpg 1536w, https:\/\/www.rupertport.com\/wp-content\/uploads\/2022\/03\/SKIT-Funding-partners-2048x1271.jpg 2048w\" sizes=\"auto, (max-width: 1024px) 100vw, 1024px\" \/><\/figure>\n","protected":false},"excerpt":{"rendered":"<p>Description du projet Plate-forme logistique d&rsquo;importation de l&rsquo;\u00eele de Kaien Sud La mise en place d&rsquo;une plate-forme logistique d&rsquo;importation \u00e0 Prince Rupert Gateway favorisera la croissance du terminal \u00e0 conteneurs Fairview et nous permettra d&rsquo;atteindre notre objectif de devenir une porte d&rsquo;entr\u00e9e offrant tous les services. Les exp\u00e9diteurs ont manifest\u00e9 le d\u00e9sir de compl\u00e9ter leurs [&hellip;]<\/p>\n","protected":false},"author":7,"featured_media":11176,"parent":0,"menu_order":0,"comment_status":"closed","ping_status":"closed","template":"","meta":{"_acf_changed":false,"footnotes":""},"class_list":["post-13978","page","type-page","status-publish","has-post-thumbnail","hentry"],"acf":[],"yoast_head":"<!-- This site is optimized with the Yoast SEO plugin v26.8 - https:\/\/yoast.com\/product\/yoast-seo-wordpress\/ -->\n<title>Plate-forme logistique d&#039;importation de l&#039;\u00eele de Kaien Sud | Autorit\u00e9 portuaire de Prince Rupert<\/title>\n<meta name=\"description\" content=\"La Metlakatla Development Corporation (MDC) et l&#039;APPR d\u00e9veloppent un parc logistique sur des terrains en fief simple \u00e0 proximit\u00e9 du terminal \u00e0 conteneurs Fairview de DP World. Cliquez ici pour en savoir plus.\" \/>\n<meta name=\"robots\" content=\"index, follow, max-snippet:-1, max-image-preview:large, max-video-preview:-1\" \/>\n<link rel=\"canonical\" href=\"https:\/\/www.rupertport.com\/fr\/plate-forme-logistique-dimportation-de-lile-de-kaien-sud\/\" \/>\n<meta property=\"og:locale\" content=\"fr_FR\" \/>\n<meta property=\"og:type\" content=\"article\" \/>\n<meta property=\"og:title\" content=\"Plate-forme logistique d&#039;importation de l&#039;\u00eele de Kaien Sud | Autorit\u00e9 portuaire de Prince Rupert\" \/>\n<meta property=\"og:description\" content=\"La Metlakatla Development Corporation (MDC) et l&#039;APPR d\u00e9veloppent un parc logistique sur des terrains en fief simple \u00e0 proximit\u00e9 du terminal \u00e0 conteneurs Fairview de DP World. Cliquez ici pour en savoir plus.\" \/>\n<meta property=\"og:url\" content=\"https:\/\/www.rupertport.com\/fr\/plate-forme-logistique-dimportation-de-lile-de-kaien-sud\/\" \/>\n<meta property=\"og:site_name\" content=\"Autorit\u00e9 portuaire de Prince Rupert\" \/>\n<meta property=\"article:publisher\" content=\"https:\/\/www.facebook.com\/rupertport\/\" \/>\n<meta property=\"article:modified_time\" content=\"2023-08-04T21:34:44+00:00\" \/>\n<meta property=\"og:image\" content=\"https:\/\/www.rupertport.com\/wp-content\/uploads\/2020\/12\/south-kaien-island-import-logistics-platform-PARCELS-02.jpg\" \/>\n\t<meta property=\"og:image:width\" content=\"1920\" \/>\n\t<meta property=\"og:image:height\" content=\"1080\" \/>\n\t<meta property=\"og:image:type\" content=\"image\/jpeg\" \/>\n<meta name=\"twitter:card\" content=\"summary_large_image\" \/>\n<meta name=\"twitter:site\" content=\"@rupertport\" \/>\n<script type=\"application\/ld+json\" class=\"yoast-schema-graph\">{\"@context\":\"https:\/\/schema.org\",\"@graph\":[{\"@type\":\"WebPage\",\"@id\":\"https:\/\/www.rupertport.com\/fr\/plate-forme-logistique-dimportation-de-lile-de-kaien-sud\/\",\"url\":\"https:\/\/www.rupertport.com\/fr\/plate-forme-logistique-dimportation-de-lile-de-kaien-sud\/\",\"name\":\"Plate-forme logistique d'importation de l'\u00eele de Kaien Sud | Autorit\u00e9 portuaire de Prince Rupert\",\"isPartOf\":{\"@id\":\"https:\/\/www.rupertport.com\/fr\/#website\"},\"primaryImageOfPage\":{\"@id\":\"https:\/\/www.rupertport.com\/fr\/plate-forme-logistique-dimportation-de-lile-de-kaien-sud\/#primaryimage\"},\"image\":{\"@id\":\"https:\/\/www.rupertport.com\/fr\/plate-forme-logistique-dimportation-de-lile-de-kaien-sud\/#primaryimage\"},\"thumbnailUrl\":\"https:\/\/www.rupertport.com\/wp-content\/uploads\/2020\/12\/south-kaien-island-import-logistics-platform-PARCELS-02.jpg\",\"datePublished\":\"2020-12-01T17:11:47+00:00\",\"dateModified\":\"2023-08-04T21:34:44+00:00\",\"description\":\"La Metlakatla Development Corporation (MDC) et l'APPR d\u00e9veloppent un parc logistique sur des terrains en fief simple \u00e0 proximit\u00e9 du terminal \u00e0 conteneurs Fairview de DP World. Cliquez ici pour en savoir plus.\",\"breadcrumb\":{\"@id\":\"https:\/\/www.rupertport.com\/fr\/plate-forme-logistique-dimportation-de-lile-de-kaien-sud\/#breadcrumb\"},\"inLanguage\":\"fr-FR\",\"potentialAction\":[{\"@type\":\"ReadAction\",\"target\":[\"https:\/\/www.rupertport.com\/fr\/plate-forme-logistique-dimportation-de-lile-de-kaien-sud\/\"]}]},{\"@type\":\"ImageObject\",\"inLanguage\":\"fr-FR\",\"@id\":\"https:\/\/www.rupertport.com\/fr\/plate-forme-logistique-dimportation-de-lile-de-kaien-sud\/#primaryimage\",\"url\":\"https:\/\/www.rupertport.com\/wp-content\/uploads\/2020\/12\/south-kaien-island-import-logistics-platform-PARCELS-02.jpg\",\"contentUrl\":\"https:\/\/www.rupertport.com\/wp-content\/uploads\/2020\/12\/south-kaien-island-import-logistics-platform-PARCELS-02.jpg\",\"width\":1920,\"height\":1080},{\"@type\":\"BreadcrumbList\",\"@id\":\"https:\/\/www.rupertport.com\/fr\/plate-forme-logistique-dimportation-de-lile-de-kaien-sud\/#breadcrumb\",\"itemListElement\":[{\"@type\":\"ListItem\",\"position\":1,\"name\":\"Home\",\"item\":\"https:\/\/www.rupertport.com\/fr\/page-de-garde\/\"},{\"@type\":\"ListItem\",\"position\":2,\"name\":\"Plate-forme logistique d&#8217;importation de l&#8217;\u00eele de Kaien Sud\"}]},{\"@type\":\"WebSite\",\"@id\":\"https:\/\/www.rupertport.com\/fr\/#website\",\"url\":\"https:\/\/www.rupertport.com\/fr\/\",\"name\":\"Prince Rupert Port Authority\",\"description\":\"L'avant-garde du Canada\",\"publisher\":{\"@id\":\"https:\/\/www.rupertport.com\/fr\/#organization\"},\"alternateName\":\"PRPA\",\"potentialAction\":[{\"@type\":\"SearchAction\",\"target\":{\"@type\":\"EntryPoint\",\"urlTemplate\":\"https:\/\/www.rupertport.com\/fr\/?s={search_term_string}\"},\"query-input\":{\"@type\":\"PropertyValueSpecification\",\"valueRequired\":true,\"valueName\":\"search_term_string\"}}],\"inLanguage\":\"fr-FR\"},{\"@type\":\"Organization\",\"@id\":\"https:\/\/www.rupertport.com\/fr\/#organization\",\"name\":\"Prince Rupert Port Authority\",\"alternateName\":\"PRPA\",\"url\":\"https:\/\/www.rupertport.com\/fr\/\",\"logo\":{\"@type\":\"ImageObject\",\"inLanguage\":\"fr-FR\",\"@id\":\"https:\/\/www.rupertport.com\/fr\/#\/schema\/logo\/image\/\",\"url\":\"https:\/\/www.rupertport.com\/wp-content\/uploads\/2021\/04\/cropped-PRPA-logo-meta-1200x1200-1.jpg\",\"contentUrl\":\"https:\/\/www.rupertport.com\/wp-content\/uploads\/2021\/04\/cropped-PRPA-logo-meta-1200x1200-1.jpg\",\"width\":512,\"height\":512,\"caption\":\"Prince Rupert Port Authority\"},\"image\":{\"@id\":\"https:\/\/www.rupertport.com\/fr\/#\/schema\/logo\/image\/\"},\"sameAs\":[\"https:\/\/www.facebook.com\/rupertport\/\",\"https:\/\/x.com\/rupertport\"]}]}<\/script>\n<!-- \/ Yoast SEO plugin. -->","yoast_head_json":{"title":"Plate-forme logistique d'importation de l'\u00eele de Kaien Sud | Autorit\u00e9 portuaire de Prince Rupert","description":"La Metlakatla Development Corporation (MDC) et l'APPR d\u00e9veloppent un parc logistique sur des terrains en fief simple \u00e0 proximit\u00e9 du terminal \u00e0 conteneurs Fairview de DP World. Cliquez ici pour en savoir plus.","robots":{"index":"index","follow":"follow","max-snippet":"max-snippet:-1","max-image-preview":"max-image-preview:large","max-video-preview":"max-video-preview:-1"},"canonical":"https:\/\/www.rupertport.com\/fr\/plate-forme-logistique-dimportation-de-lile-de-kaien-sud\/","og_locale":"fr_FR","og_type":"article","og_title":"Plate-forme logistique d'importation de l'\u00eele de Kaien Sud | Autorit\u00e9 portuaire de Prince Rupert","og_description":"La Metlakatla Development Corporation (MDC) et l'APPR d\u00e9veloppent un parc logistique sur des terrains en fief simple \u00e0 proximit\u00e9 du terminal \u00e0 conteneurs Fairview de DP World. Cliquez ici pour en savoir plus.","og_url":"https:\/\/www.rupertport.com\/fr\/plate-forme-logistique-dimportation-de-lile-de-kaien-sud\/","og_site_name":"Autorit\u00e9 portuaire de Prince Rupert","article_publisher":"https:\/\/www.facebook.com\/rupertport\/","article_modified_time":"2023-08-04T21:34:44+00:00","og_image":[{"width":1920,"height":1080,"url":"https:\/\/www.rupertport.com\/wp-content\/uploads\/2020\/12\/south-kaien-island-import-logistics-platform-PARCELS-02.jpg","type":"image\/jpeg"}],"twitter_card":"summary_large_image","twitter_site":"@rupertport","schema":{"@context":"https:\/\/schema.org","@graph":[{"@type":"WebPage","@id":"https:\/\/www.rupertport.com\/fr\/plate-forme-logistique-dimportation-de-lile-de-kaien-sud\/","url":"https:\/\/www.rupertport.com\/fr\/plate-forme-logistique-dimportation-de-lile-de-kaien-sud\/","name":"Plate-forme logistique d'importation de l'\u00eele de Kaien Sud | Autorit\u00e9 portuaire de Prince Rupert","isPartOf":{"@id":"https:\/\/www.rupertport.com\/fr\/#website"},"primaryImageOfPage":{"@id":"https:\/\/www.rupertport.com\/fr\/plate-forme-logistique-dimportation-de-lile-de-kaien-sud\/#primaryimage"},"image":{"@id":"https:\/\/www.rupertport.com\/fr\/plate-forme-logistique-dimportation-de-lile-de-kaien-sud\/#primaryimage"},"thumbnailUrl":"https:\/\/www.rupertport.com\/wp-content\/uploads\/2020\/12\/south-kaien-island-import-logistics-platform-PARCELS-02.jpg","datePublished":"2020-12-01T17:11:47+00:00","dateModified":"2023-08-04T21:34:44+00:00","description":"La Metlakatla Development Corporation (MDC) et l'APPR d\u00e9veloppent un parc logistique sur des terrains en fief simple \u00e0 proximit\u00e9 du terminal \u00e0 conteneurs Fairview de DP World. Cliquez ici pour en savoir plus.","breadcrumb":{"@id":"https:\/\/www.rupertport.com\/fr\/plate-forme-logistique-dimportation-de-lile-de-kaien-sud\/#breadcrumb"},"inLanguage":"fr-FR","potentialAction":[{"@type":"ReadAction","target":["https:\/\/www.rupertport.com\/fr\/plate-forme-logistique-dimportation-de-lile-de-kaien-sud\/"]}]},{"@type":"ImageObject","inLanguage":"fr-FR","@id":"https:\/\/www.rupertport.com\/fr\/plate-forme-logistique-dimportation-de-lile-de-kaien-sud\/#primaryimage","url":"https:\/\/www.rupertport.com\/wp-content\/uploads\/2020\/12\/south-kaien-island-import-logistics-platform-PARCELS-02.jpg","contentUrl":"https:\/\/www.rupertport.com\/wp-content\/uploads\/2020\/12\/south-kaien-island-import-logistics-platform-PARCELS-02.jpg","width":1920,"height":1080},{"@type":"BreadcrumbList","@id":"https:\/\/www.rupertport.com\/fr\/plate-forme-logistique-dimportation-de-lile-de-kaien-sud\/#breadcrumb","itemListElement":[{"@type":"ListItem","position":1,"name":"Home","item":"https:\/\/www.rupertport.com\/fr\/page-de-garde\/"},{"@type":"ListItem","position":2,"name":"Plate-forme logistique d&#8217;importation de l&#8217;\u00eele de Kaien Sud"}]},{"@type":"WebSite","@id":"https:\/\/www.rupertport.com\/fr\/#website","url":"https:\/\/www.rupertport.com\/fr\/","name":"Prince Rupert Port Authority","description":"L'avant-garde du Canada","publisher":{"@id":"https:\/\/www.rupertport.com\/fr\/#organization"},"alternateName":"PRPA","potentialAction":[{"@type":"SearchAction","target":{"@type":"EntryPoint","urlTemplate":"https:\/\/www.rupertport.com\/fr\/?s={search_term_string}"},"query-input":{"@type":"PropertyValueSpecification","valueRequired":true,"valueName":"search_term_string"}}],"inLanguage":"fr-FR"},{"@type":"Organization","@id":"https:\/\/www.rupertport.com\/fr\/#organization","name":"Prince Rupert Port Authority","alternateName":"PRPA","url":"https:\/\/www.rupertport.com\/fr\/","logo":{"@type":"ImageObject","inLanguage":"fr-FR","@id":"https:\/\/www.rupertport.com\/fr\/#\/schema\/logo\/image\/","url":"https:\/\/www.rupertport.com\/wp-content\/uploads\/2021\/04\/cropped-PRPA-logo-meta-1200x1200-1.jpg","contentUrl":"https:\/\/www.rupertport.com\/wp-content\/uploads\/2021\/04\/cropped-PRPA-logo-meta-1200x1200-1.jpg","width":512,"height":512,"caption":"Prince Rupert Port Authority"},"image":{"@id":"https:\/\/www.rupertport.com\/fr\/#\/schema\/logo\/image\/"},"sameAs":["https:\/\/www.facebook.com\/rupertport\/","https:\/\/x.com\/rupertport"]}]}},"_links":{"self":[{"href":"https:\/\/www.rupertport.com\/fr\/wp-json\/wp\/v2\/pages\/13978","targetHints":{"allow":["GET"]}}],"collection":[{"href":"https:\/\/www.rupertport.com\/fr\/wp-json\/wp\/v2\/pages"}],"about":[{"href":"https:\/\/www.rupertport.com\/fr\/wp-json\/wp\/v2\/types\/page"}],"author":[{"embeddable":true,"href":"https:\/\/www.rupertport.com\/fr\/wp-json\/wp\/v2\/users\/7"}],"replies":[{"embeddable":true,"href":"https:\/\/www.rupertport.com\/fr\/wp-json\/wp\/v2\/comments?post=13978"}],"version-history":[{"count":0,"href":"https:\/\/www.rupertport.com\/fr\/wp-json\/wp\/v2\/pages\/13978\/revisions"}],"wp:featuredmedia":[{"embeddable":true,"href":"https:\/\/www.rupertport.com\/fr\/wp-json\/wp\/v2\/media\/11176"}],"wp:attachment":[{"href":"https:\/\/www.rupertport.com\/fr\/wp-json\/wp\/v2\/media?parent=13978"}],"curies":[{"name":"wp","href":"https:\/\/api.w.org\/{rel}","templated":true}]}}