{"id":13974,"date":"2020-07-03T20:39:20","date_gmt":"2020-07-04T04:39:20","guid":{"rendered":"https:\/\/massive.rupertport.com\/plan-doccupation-des-sols\/"},"modified":"2025-03-11T10:46:29","modified_gmt":"2025-03-11T18:46:29","slug":"plan-doccupation-des-sols","status":"publish","type":"page","link":"https:\/\/www.rupertport.com\/fr\/plan-doccupation-des-sols\/","title":{"rendered":"Plan d&rsquo;occupation des sols"},"content":{"rendered":"\n<h2 class=\"wp-block-heading\">Mise \u00e0 jour du plan d&rsquo;occupation des sols de l&rsquo;APPR<\/h2>\n\n\n\n<p>L\u2019Administration portuaire de Prince Rupert est engag\u00e9e \u00e0 maximiser la capacit\u00e9 des sols sous sa gestion au plus haute et meilleure utilisation de r\u00e9alisation de notre mandat en permettant du commerce canadien et de r\u00e9aliser sa contribution \u00e9conomique au Canada. Les d\u00e9cisions d\u2019occupation des sols sont faits par le biais de planification de d\u00e9veloppement r\u00e9fl\u00e9chi qui cherche \u00e0 optimiser l\u2019efficacement op\u00e9rationnelle, de maximiser la capacit\u00e9 et de veiller la diversit\u00e9 des capacit\u00e9s au port pour soutenir la comp\u00e9titivit\u00e9 du Canada en commerce international maintenant et \u00e0 l&rsquo;avenir.<\/p>\n\n\n\n<p>Nous nous engageons \u00e0 l\u2019intendance responsable des sols en \u00e9quilibrant des effets environnementaux, sociaux, et \u00e9conomiques pour mener la durabilit\u00e9 et l\u2019innovation en d\u00e9veloppant de planification et op\u00e9rations. En collaboration avec des parties prenantes \u2013 y compris des communaut\u00e9s autochtones, de gouvernements locaux et des partenaires d\u2019industries \u2013 nous nous assurons de transparence dans des d\u00e9cisions reli\u00e9es \u00e0 l\u2019occupation des sols pour soutenir de d\u00e9veloppement durable de port.<\/p>\n\n\n\n<hr class=\"wp-block-separator has-css-opacity\"\/>\n\n\n\n<div class=\"wp-block-columns is-layout-flex wp-container-core-columns-is-layout-9d6595d7 wp-block-columns-is-layout-flex\">\n<div class=\"wp-block-column is-layout-flow wp-block-column-is-layout-flow\">\n<a href=\"https:\/\/www.rupertport.com\/wp-content\/uploads\/2020\/10\/PRPA-Updated-Land-Use-Plan.pdf\" target=\"_blank\" style=\"display:block;\" rel=\"noopener noreferrer\">The Land Use Plan: Finalized &#038; Adopted can be found here:<\/a><br\/>\n<div class=\"wp-block-button\"><a href=\"https:\/\/www.rupertport.com\/wp-content\/uploads\/2020\/10\/PRPA-Updated-Land-Use-Plan.pdf\" download=\"\" class=\"wp-block-button__link\">Download PDF<\/a><\/div>\n\n\n\n<hr class=\"wp-block-separator has-css-opacity\"\/>\n\n\n\n<a href=\"https:\/\/www.rupertport.com\/wp-content\/uploads\/2020\/10\/prpa-land-use-plan-2pager-01-2.pdf\" target=\"_blank\" style=\"display:block;\" rel=\"noopener noreferrer\">The Land Use Plan 2 page summary can be found here:<\/a><br\/>\n<div class=\"wp-block-button\"><a href=\"https:\/\/www.rupertport.com\/wp-content\/uploads\/2020\/10\/prpa-land-use-plan-2pager-01-2.pdf\" download=\"\" class=\"wp-block-button__link\">Download PDF<\/a><\/div>\n<\/div>\n\n\n\n<div class=\"wp-block-column is-layout-flow wp-block-column-is-layout-flow\">\n<figure class=\"wp-block-image\"><img decoding=\"async\" class=\"icon-image\" src=\"\/wp-content\/uploads\/2020\/04\/style_a-project_overview.jpg\" alt=\"\"\/><\/figure>\n\n\n\n<p><\/p>\n<\/div>\n<\/div>\n\n\n\n<style>.embed-container { position: relative; padding-bottom: 56.25%; height: 0; overflow: hidden; max-width: 100%; } .embed-container iframe, .embed-container object, .embed-container embed { position: absolute; top: 0; left: 0; width: 100%; height: 100%; }<\/style><div class=\"embed-container\"><iframe src=\"https:\/\/player.vimeo.com\/video\/470383128\" frameborder=\"0\" webkitallowfullscreen=\"\" mozallowfullscreen=\"\" allowfullscreen=\"\"><\/iframe><\/div>\n\n\n\n<hr class=\"wp-block-separator has-css-opacity\"\/>\n\n\n\n<div class=\"wp-block-file\"><a id=\"wp-block-file--media-93c45d8b-ba08-47b1-8720-cdcc57c5046a\" href=\"https:\/\/www.rupertport.com\/wp-content\/uploads\/2020\/10\/2020-10-21-PRPA-Consultaton-Summary-Report-Appendicies-1.pdf\">2020 10 21 &#8211; Rapport de synth\u00e8se de la consultation de l&rsquo;APPR Annexes 1<\/a><a href=\"https:\/\/www.rupertport.com\/wp-content\/uploads\/2020\/10\/2020-10-21-PRPA-Consultaton-Summary-Report-Appendicies-1.pdf\" class=\"wp-block-file__button wp-element-button\" download aria-describedby=\"wp-block-file--media-93c45d8b-ba08-47b1-8720-cdcc57c5046a\">T\u00e9l\u00e9charger<\/a><\/div>\n","protected":false},"excerpt":{"rendered":"<p>Mise \u00e0 jour du plan d&rsquo;occupation des sols de l&rsquo;APPR L\u2019Administration portuaire de Prince Rupert est engag\u00e9e \u00e0 maximiser la capacit\u00e9 des sols sous sa gestion au plus haute et meilleure utilisation de r\u00e9alisation de notre mandat en permettant du commerce canadien et de r\u00e9aliser sa contribution \u00e9conomique au Canada. Les d\u00e9cisions d\u2019occupation des sols [&hellip;]<\/p>\n","protected":false},"author":6,"featured_media":10643,"parent":0,"menu_order":0,"comment_status":"closed","ping_status":"closed","template":"templates\/page-logistics-platform.php","meta":{"_acf_changed":false,"footnotes":""},"class_list":["post-13974","page","type-page","status-publish","has-post-thumbnail","hentry"],"acf":[],"yoast_head":"<!-- This site is optimized with the Yoast SEO plugin v26.8 - https:\/\/yoast.com\/product\/yoast-seo-wordpress\/ -->\n<title>Plan d&#039;occupation des sols %sep%% Fa\u00e7onner le d\u00e9veloppement durable au port de Rupert<\/title>\n<meta name=\"description\" content=\"D\u00e9couvrez notre plan strat\u00e9gique d&#039;utilisation des sols pour le d\u00e9veloppement durable \u00e0 l&#039;L&#039;Administration portuaire de Prince Rupert. D\u00e9couvrez notre vision.\" \/>\n<meta name=\"robots\" content=\"index, follow, max-snippet:-1, max-image-preview:large, max-video-preview:-1\" \/>\n<link rel=\"canonical\" href=\"https:\/\/www.rupertport.com\/fr\/plan-doccupation-des-sols\/\" \/>\n<meta property=\"og:locale\" content=\"fr_FR\" \/>\n<meta property=\"og:type\" content=\"article\" \/>\n<meta property=\"og:title\" content=\"Plan d&#039;occupation des sols %sep%% Fa\u00e7onner le d\u00e9veloppement durable au port de Rupert\" \/>\n<meta property=\"og:description\" content=\"D\u00e9couvrez notre plan strat\u00e9gique d&#039;utilisation des sols pour le d\u00e9veloppement durable \u00e0 l&#039;L&#039;Administration portuaire de Prince Rupert. D\u00e9couvrez notre vision.\" \/>\n<meta property=\"og:url\" content=\"https:\/\/www.rupertport.com\/fr\/plan-doccupation-des-sols\/\" \/>\n<meta property=\"og:site_name\" content=\"Autorit\u00e9 portuaire de Prince Rupert\" \/>\n<meta property=\"article:publisher\" content=\"https:\/\/www.facebook.com\/rupertport\/\" \/>\n<meta property=\"article:modified_time\" content=\"2025-03-11T18:46:29+00:00\" \/>\n<meta property=\"og:image\" content=\"https:\/\/www.rupertport.com\/wp-content\/uploads\/2020\/01\/popr-aerial-02.jpg\" \/>\n\t<meta property=\"og:image:width\" content=\"2074\" \/>\n\t<meta property=\"og:image:height\" content=\"1382\" \/>\n\t<meta property=\"og:image:type\" content=\"image\/jpeg\" \/>\n<meta name=\"twitter:card\" content=\"summary_large_image\" \/>\n<meta name=\"twitter:site\" content=\"@rupertport\" \/>\n<script type=\"application\/ld+json\" class=\"yoast-schema-graph\">{\"@context\":\"https:\/\/schema.org\",\"@graph\":[{\"@type\":\"WebPage\",\"@id\":\"https:\/\/www.rupertport.com\/fr\/plan-doccupation-des-sols\/\",\"url\":\"https:\/\/www.rupertport.com\/fr\/plan-doccupation-des-sols\/\",\"name\":\"Plan d'occupation des sols %sep%% Fa\u00e7onner le d\u00e9veloppement durable au port de Rupert\",\"isPartOf\":{\"@id\":\"https:\/\/www.rupertport.com\/fr\/#website\"},\"primaryImageOfPage\":{\"@id\":\"https:\/\/www.rupertport.com\/fr\/plan-doccupation-des-sols\/#primaryimage\"},\"image\":{\"@id\":\"https:\/\/www.rupertport.com\/fr\/plan-doccupation-des-sols\/#primaryimage\"},\"thumbnailUrl\":\"https:\/\/www.rupertport.com\/wp-content\/uploads\/2020\/01\/popr-aerial-02.jpg\",\"datePublished\":\"2020-07-04T04:39:20+00:00\",\"dateModified\":\"2025-03-11T18:46:29+00:00\",\"description\":\"D\u00e9couvrez notre plan strat\u00e9gique d'utilisation des sols pour le d\u00e9veloppement durable \u00e0 l'L'Administration portuaire de Prince Rupert. D\u00e9couvrez notre vision.\",\"breadcrumb\":{\"@id\":\"https:\/\/www.rupertport.com\/fr\/plan-doccupation-des-sols\/#breadcrumb\"},\"inLanguage\":\"fr-FR\",\"potentialAction\":[{\"@type\":\"ReadAction\",\"target\":[\"https:\/\/www.rupertport.com\/fr\/plan-doccupation-des-sols\/\"]}]},{\"@type\":\"ImageObject\",\"inLanguage\":\"fr-FR\",\"@id\":\"https:\/\/www.rupertport.com\/fr\/plan-doccupation-des-sols\/#primaryimage\",\"url\":\"https:\/\/www.rupertport.com\/wp-content\/uploads\/2020\/01\/popr-aerial-02.jpg\",\"contentUrl\":\"https:\/\/www.rupertport.com\/wp-content\/uploads\/2020\/01\/popr-aerial-02.jpg\",\"width\":2074,\"height\":1382},{\"@type\":\"BreadcrumbList\",\"@id\":\"https:\/\/www.rupertport.com\/fr\/plan-doccupation-des-sols\/#breadcrumb\",\"itemListElement\":[{\"@type\":\"ListItem\",\"position\":1,\"name\":\"Home\",\"item\":\"https:\/\/www.rupertport.com\/fr\/page-de-garde\/\"},{\"@type\":\"ListItem\",\"position\":2,\"name\":\"Plan d&#8217;occupation des sols\"}]},{\"@type\":\"WebSite\",\"@id\":\"https:\/\/www.rupertport.com\/fr\/#website\",\"url\":\"https:\/\/www.rupertport.com\/fr\/\",\"name\":\"Prince Rupert Port Authority\",\"description\":\"L'avant-garde du Canada\",\"publisher\":{\"@id\":\"https:\/\/www.rupertport.com\/fr\/#organization\"},\"alternateName\":\"PRPA\",\"potentialAction\":[{\"@type\":\"SearchAction\",\"target\":{\"@type\":\"EntryPoint\",\"urlTemplate\":\"https:\/\/www.rupertport.com\/fr\/?s={search_term_string}\"},\"query-input\":{\"@type\":\"PropertyValueSpecification\",\"valueRequired\":true,\"valueName\":\"search_term_string\"}}],\"inLanguage\":\"fr-FR\"},{\"@type\":\"Organization\",\"@id\":\"https:\/\/www.rupertport.com\/fr\/#organization\",\"name\":\"Prince Rupert Port Authority\",\"alternateName\":\"PRPA\",\"url\":\"https:\/\/www.rupertport.com\/fr\/\",\"logo\":{\"@type\":\"ImageObject\",\"inLanguage\":\"fr-FR\",\"@id\":\"https:\/\/www.rupertport.com\/fr\/#\/schema\/logo\/image\/\",\"url\":\"https:\/\/www.rupertport.com\/wp-content\/uploads\/2021\/04\/cropped-PRPA-logo-meta-1200x1200-1.jpg\",\"contentUrl\":\"https:\/\/www.rupertport.com\/wp-content\/uploads\/2021\/04\/cropped-PRPA-logo-meta-1200x1200-1.jpg\",\"width\":512,\"height\":512,\"caption\":\"Prince Rupert Port Authority\"},\"image\":{\"@id\":\"https:\/\/www.rupertport.com\/fr\/#\/schema\/logo\/image\/\"},\"sameAs\":[\"https:\/\/www.facebook.com\/rupertport\/\",\"https:\/\/x.com\/rupertport\"]}]}<\/script>\n<!-- \/ Yoast SEO plugin. -->","yoast_head_json":{"title":"Plan d'occupation des sols %sep%% Fa\u00e7onner le d\u00e9veloppement durable au port de Rupert","description":"D\u00e9couvrez notre plan strat\u00e9gique d'utilisation des sols pour le d\u00e9veloppement durable \u00e0 l'L'Administration portuaire de Prince Rupert. D\u00e9couvrez notre vision.","robots":{"index":"index","follow":"follow","max-snippet":"max-snippet:-1","max-image-preview":"max-image-preview:large","max-video-preview":"max-video-preview:-1"},"canonical":"https:\/\/www.rupertport.com\/fr\/plan-doccupation-des-sols\/","og_locale":"fr_FR","og_type":"article","og_title":"Plan d'occupation des sols %sep%% Fa\u00e7onner le d\u00e9veloppement durable au port de Rupert","og_description":"D\u00e9couvrez notre plan strat\u00e9gique d'utilisation des sols pour le d\u00e9veloppement durable \u00e0 l'L'Administration portuaire de Prince Rupert. D\u00e9couvrez notre vision.","og_url":"https:\/\/www.rupertport.com\/fr\/plan-doccupation-des-sols\/","og_site_name":"Autorit\u00e9 portuaire de Prince Rupert","article_publisher":"https:\/\/www.facebook.com\/rupertport\/","article_modified_time":"2025-03-11T18:46:29+00:00","og_image":[{"width":2074,"height":1382,"url":"https:\/\/www.rupertport.com\/wp-content\/uploads\/2020\/01\/popr-aerial-02.jpg","type":"image\/jpeg"}],"twitter_card":"summary_large_image","twitter_site":"@rupertport","schema":{"@context":"https:\/\/schema.org","@graph":[{"@type":"WebPage","@id":"https:\/\/www.rupertport.com\/fr\/plan-doccupation-des-sols\/","url":"https:\/\/www.rupertport.com\/fr\/plan-doccupation-des-sols\/","name":"Plan d'occupation des sols %sep%% Fa\u00e7onner le d\u00e9veloppement durable au port de Rupert","isPartOf":{"@id":"https:\/\/www.rupertport.com\/fr\/#website"},"primaryImageOfPage":{"@id":"https:\/\/www.rupertport.com\/fr\/plan-doccupation-des-sols\/#primaryimage"},"image":{"@id":"https:\/\/www.rupertport.com\/fr\/plan-doccupation-des-sols\/#primaryimage"},"thumbnailUrl":"https:\/\/www.rupertport.com\/wp-content\/uploads\/2020\/01\/popr-aerial-02.jpg","datePublished":"2020-07-04T04:39:20+00:00","dateModified":"2025-03-11T18:46:29+00:00","description":"D\u00e9couvrez notre plan strat\u00e9gique d'utilisation des sols pour le d\u00e9veloppement durable \u00e0 l'L'Administration portuaire de Prince Rupert. D\u00e9couvrez notre vision.","breadcrumb":{"@id":"https:\/\/www.rupertport.com\/fr\/plan-doccupation-des-sols\/#breadcrumb"},"inLanguage":"fr-FR","potentialAction":[{"@type":"ReadAction","target":["https:\/\/www.rupertport.com\/fr\/plan-doccupation-des-sols\/"]}]},{"@type":"ImageObject","inLanguage":"fr-FR","@id":"https:\/\/www.rupertport.com\/fr\/plan-doccupation-des-sols\/#primaryimage","url":"https:\/\/www.rupertport.com\/wp-content\/uploads\/2020\/01\/popr-aerial-02.jpg","contentUrl":"https:\/\/www.rupertport.com\/wp-content\/uploads\/2020\/01\/popr-aerial-02.jpg","width":2074,"height":1382},{"@type":"BreadcrumbList","@id":"https:\/\/www.rupertport.com\/fr\/plan-doccupation-des-sols\/#breadcrumb","itemListElement":[{"@type":"ListItem","position":1,"name":"Home","item":"https:\/\/www.rupertport.com\/fr\/page-de-garde\/"},{"@type":"ListItem","position":2,"name":"Plan d&#8217;occupation des sols"}]},{"@type":"WebSite","@id":"https:\/\/www.rupertport.com\/fr\/#website","url":"https:\/\/www.rupertport.com\/fr\/","name":"Prince Rupert Port Authority","description":"L'avant-garde du Canada","publisher":{"@id":"https:\/\/www.rupertport.com\/fr\/#organization"},"alternateName":"PRPA","potentialAction":[{"@type":"SearchAction","target":{"@type":"EntryPoint","urlTemplate":"https:\/\/www.rupertport.com\/fr\/?s={search_term_string}"},"query-input":{"@type":"PropertyValueSpecification","valueRequired":true,"valueName":"search_term_string"}}],"inLanguage":"fr-FR"},{"@type":"Organization","@id":"https:\/\/www.rupertport.com\/fr\/#organization","name":"Prince Rupert Port Authority","alternateName":"PRPA","url":"https:\/\/www.rupertport.com\/fr\/","logo":{"@type":"ImageObject","inLanguage":"fr-FR","@id":"https:\/\/www.rupertport.com\/fr\/#\/schema\/logo\/image\/","url":"https:\/\/www.rupertport.com\/wp-content\/uploads\/2021\/04\/cropped-PRPA-logo-meta-1200x1200-1.jpg","contentUrl":"https:\/\/www.rupertport.com\/wp-content\/uploads\/2021\/04\/cropped-PRPA-logo-meta-1200x1200-1.jpg","width":512,"height":512,"caption":"Prince Rupert Port Authority"},"image":{"@id":"https:\/\/www.rupertport.com\/fr\/#\/schema\/logo\/image\/"},"sameAs":["https:\/\/www.facebook.com\/rupertport\/","https:\/\/x.com\/rupertport"]}]}},"_links":{"self":[{"href":"https:\/\/www.rupertport.com\/fr\/wp-json\/wp\/v2\/pages\/13974","targetHints":{"allow":["GET"]}}],"collection":[{"href":"https:\/\/www.rupertport.com\/fr\/wp-json\/wp\/v2\/pages"}],"about":[{"href":"https:\/\/www.rupertport.com\/fr\/wp-json\/wp\/v2\/types\/page"}],"author":[{"embeddable":true,"href":"https:\/\/www.rupertport.com\/fr\/wp-json\/wp\/v2\/users\/6"}],"replies":[{"embeddable":true,"href":"https:\/\/www.rupertport.com\/fr\/wp-json\/wp\/v2\/comments?post=13974"}],"version-history":[{"count":7,"href":"https:\/\/www.rupertport.com\/fr\/wp-json\/wp\/v2\/pages\/13974\/revisions"}],"predecessor-version":[{"id":22891,"href":"https:\/\/www.rupertport.com\/fr\/wp-json\/wp\/v2\/pages\/13974\/revisions\/22891"}],"wp:featuredmedia":[{"embeddable":true,"href":"https:\/\/www.rupertport.com\/fr\/wp-json\/wp\/v2\/media\/10643"}],"wp:attachment":[{"href":"https:\/\/www.rupertport.com\/fr\/wp-json\/wp\/v2\/media?parent=13974"}],"curies":[{"name":"wp","href":"https:\/\/api.w.org\/{rel}","templated":true}]}}