{"id":13969,"date":"2020-01-17T00:42:30","date_gmt":"2020-01-17T08:42:30","guid":{"rendered":"https:\/\/massive.rupertport.com\/investissement-communautaire\/voyage-vers-lexcellence\/"},"modified":"2024-04-04T09:56:03","modified_gmt":"2024-04-04T17:56:03","slug":"voyage-vers-lexcellence","status":"publish","type":"page","link":"https:\/\/www.rupertport.com\/fr\/investissement-communautaire\/voyage-vers-lexcellence\/","title":{"rendered":"Voyage vers l&rsquo;excellence"},"content":{"rendered":"\n<div class=\"wp-block-columns is-layout-flex wp-container-core-columns-is-layout-9d6595d7 wp-block-columns-is-layout-flex\">\n<div class=\"wp-block-column is-layout-flow wp-block-column-is-layout-flow\">\n<p>L&rsquo;Administration portuaire de Prince Rupert estime que soutenir les jeunes dans leur qu\u00eate d&rsquo;excellence dans les domaines du sport, de l&rsquo;\u00e9ducation, des arts et de la culture fait partie int\u00e9grante de la construction de la prochaine g\u00e9n\u00e9ration de leaders. Le programme \u00ab\u00a0Voyage vers l&rsquo;excellence\u00a0\u00bb permet aux jeunes qui parviennent \u00e0 se hisser au sommet de leur discipline de faire l&rsquo;exp\u00e9rience de niveaux de comp\u00e9tition plus \u00e9lev\u00e9s et de r\u00e9compenser leurs longues heures de d\u00e9vouement et de d\u00e9veloppement de leur talent. Ce programme s&rsquo;adresse aux \u00e9quipes et aux groupes qui se sont class\u00e9s parmi les meilleurs de leur cat\u00e9gorie et qui se sont qualifi\u00e9s, \u00e0 l&rsquo;issue d&rsquo;une comp\u00e9tition de zone, pour participer \u00e0 un championnat provincial ou national.<\/p>\n<\/div>\n\n\n\n<div class=\"wp-block-column is-layout-flow wp-block-column-is-layout-flow\">\n<figure class=\"wp-block-image size-large\"><img loading=\"lazy\" decoding=\"async\" width=\"1024\" height=\"574\" src=\"https:\/\/www.rupertport.com\/wp-content\/uploads\/2019\/11\/PR-Youth-Rugby-Kicks-Off-the-New-Year-with-New-Gear-1024x574.jpg\" alt=\"\" class=\"wp-image-632\" srcset=\"https:\/\/www.rupertport.com\/wp-content\/uploads\/2019\/11\/PR-Youth-Rugby-Kicks-Off-the-New-Year-with-New-Gear-1024x574.jpg 1024w, https:\/\/www.rupertport.com\/wp-content\/uploads\/2019\/11\/PR-Youth-Rugby-Kicks-Off-the-New-Year-with-New-Gear-300x168.jpg 300w, https:\/\/www.rupertport.com\/wp-content\/uploads\/2019\/11\/PR-Youth-Rugby-Kicks-Off-the-New-Year-with-New-Gear-768x430.jpg 768w, https:\/\/www.rupertport.com\/wp-content\/uploads\/2019\/11\/PR-Youth-Rugby-Kicks-Off-the-New-Year-with-New-Gear-1536x861.jpg 1536w, https:\/\/www.rupertport.com\/wp-content\/uploads\/2019\/11\/PR-Youth-Rugby-Kicks-Off-the-New-Year-with-New-Gear.jpg 1852w\" sizes=\"auto, (max-width: 1024px) 100vw, 1024px\" \/><\/figure>\n<\/div>\n<\/div>\n","protected":false},"excerpt":{"rendered":"<p>L&rsquo;Administration portuaire de Prince Rupert estime que soutenir les jeunes dans leur qu\u00eate d&rsquo;excellence dans les domaines du sport, de l&rsquo;\u00e9ducation, des arts et de la culture fait partie int\u00e9grante de la construction de la prochaine g\u00e9n\u00e9ration de leaders. Le programme \u00ab\u00a0Voyage vers l&rsquo;excellence\u00a0\u00bb permet aux jeunes qui parviennent \u00e0 se hisser au sommet de [&hellip;]<\/p>\n","protected":false},"author":6,"featured_media":26179,"parent":13838,"menu_order":0,"comment_status":"closed","ping_status":"closed","template":"templates\/page-community-investment-funds.php","meta":{"_acf_changed":false,"footnotes":""},"class_list":["post-13969","page","type-page","status-publish","has-post-thumbnail","hentry"],"acf":[],"yoast_head":"<!-- This site is optimized with the Yoast SEO plugin v26.8 - https:\/\/yoast.com\/product\/yoast-seo-wordpress\/ -->\n<title>Renforcer l&#039;emploi et les entreprises autochtones | Autorit\u00e9 portuaire de Prince Rupert %%.<\/title>\n<meta name=\"description\" content=\"Participez \u00e0 notre programme Voyage to Excellence qui favorise l&#039;emploi des autochtones et les opportunit\u00e9s d&#039;affaires \u00e0 l&#039;L&#039;Administration portuaire de Prince Rupert.\" \/>\n<meta name=\"robots\" content=\"index, follow, max-snippet:-1, max-image-preview:large, max-video-preview:-1\" \/>\n<link rel=\"canonical\" href=\"https:\/\/www.rupertport.com\/fr\/investissement-communautaire\/voyage-vers-lexcellence\/\" \/>\n<meta property=\"og:locale\" content=\"fr_FR\" \/>\n<meta property=\"og:type\" content=\"article\" \/>\n<meta property=\"og:title\" content=\"Renforcer l&#039;emploi et les entreprises autochtones | Autorit\u00e9 portuaire de Prince Rupert %%.\" \/>\n<meta property=\"og:description\" content=\"Participez \u00e0 notre programme Voyage to Excellence qui favorise l&#039;emploi des autochtones et les opportunit\u00e9s d&#039;affaires \u00e0 l&#039;L&#039;Administration portuaire de Prince Rupert.\" \/>\n<meta property=\"og:url\" content=\"https:\/\/www.rupertport.com\/fr\/investissement-communautaire\/voyage-vers-lexcellence\/\" \/>\n<meta property=\"og:site_name\" content=\"Autorit\u00e9 portuaire de Prince Rupert\" \/>\n<meta property=\"article:publisher\" content=\"https:\/\/www.facebook.com\/rupertport\/\" \/>\n<meta property=\"article:modified_time\" content=\"2024-04-04T17:56:03+00:00\" \/>\n<meta property=\"og:image\" content=\"https:\/\/www.rupertport.com\/wp-content\/uploads\/2019\/12\/future-growth-body.jpg\" \/>\n\t<meta property=\"og:image:width\" content=\"1000\" \/>\n\t<meta property=\"og:image:height\" content=\"666\" \/>\n\t<meta property=\"og:image:type\" content=\"image\/jpeg\" \/>\n<meta name=\"twitter:card\" content=\"summary_large_image\" \/>\n<meta name=\"twitter:site\" content=\"@rupertport\" \/>\n<script type=\"application\/ld+json\" class=\"yoast-schema-graph\">{\"@context\":\"https:\/\/schema.org\",\"@graph\":[{\"@type\":\"WebPage\",\"@id\":\"https:\/\/www.rupertport.com\/fr\/investissement-communautaire\/voyage-vers-lexcellence\/\",\"url\":\"https:\/\/www.rupertport.com\/fr\/investissement-communautaire\/voyage-vers-lexcellence\/\",\"name\":\"Renforcer l'emploi et les entreprises autochtones | Autorit\u00e9 portuaire de Prince Rupert %%.\",\"isPartOf\":{\"@id\":\"https:\/\/www.rupertport.com\/fr\/#website\"},\"primaryImageOfPage\":{\"@id\":\"https:\/\/www.rupertport.com\/fr\/investissement-communautaire\/voyage-vers-lexcellence\/#primaryimage\"},\"image\":{\"@id\":\"https:\/\/www.rupertport.com\/fr\/investissement-communautaire\/voyage-vers-lexcellence\/#primaryimage\"},\"thumbnailUrl\":\"https:\/\/www.rupertport.com\/wp-content\/uploads\/2026\/01\/20231207-Prince-Rupert-Youth-Soccer-Futsal-18.jpg\",\"datePublished\":\"2020-01-17T08:42:30+00:00\",\"dateModified\":\"2024-04-04T17:56:03+00:00\",\"description\":\"Participez \u00e0 notre programme Voyage to Excellence qui favorise l'emploi des autochtones et les opportunit\u00e9s d'affaires \u00e0 l'L'Administration portuaire de Prince Rupert.\",\"breadcrumb\":{\"@id\":\"https:\/\/www.rupertport.com\/fr\/investissement-communautaire\/voyage-vers-lexcellence\/#breadcrumb\"},\"inLanguage\":\"fr-FR\",\"potentialAction\":[{\"@type\":\"ReadAction\",\"target\":[\"https:\/\/www.rupertport.com\/fr\/investissement-communautaire\/voyage-vers-lexcellence\/\"]}]},{\"@type\":\"ImageObject\",\"inLanguage\":\"fr-FR\",\"@id\":\"https:\/\/www.rupertport.com\/fr\/investissement-communautaire\/voyage-vers-lexcellence\/#primaryimage\",\"url\":\"https:\/\/www.rupertport.com\/wp-content\/uploads\/2026\/01\/20231207-Prince-Rupert-Youth-Soccer-Futsal-18.jpg\",\"contentUrl\":\"https:\/\/www.rupertport.com\/wp-content\/uploads\/2026\/01\/20231207-Prince-Rupert-Youth-Soccer-Futsal-18.jpg\",\"width\":1920,\"height\":1280},{\"@type\":\"BreadcrumbList\",\"@id\":\"https:\/\/www.rupertport.com\/fr\/investissement-communautaire\/voyage-vers-lexcellence\/#breadcrumb\",\"itemListElement\":[{\"@type\":\"ListItem\",\"position\":1,\"name\":\"Home\",\"item\":\"https:\/\/www.rupertport.com\/fr\/page-de-garde\/\"},{\"@type\":\"ListItem\",\"position\":2,\"name\":\"Investissement communautaire\",\"item\":\"https:\/\/www.rupertport.com\/fr\/investissement-communautaire\/\"},{\"@type\":\"ListItem\",\"position\":3,\"name\":\"Voyage vers l&#8217;excellence\"}]},{\"@type\":\"WebSite\",\"@id\":\"https:\/\/www.rupertport.com\/fr\/#website\",\"url\":\"https:\/\/www.rupertport.com\/fr\/\",\"name\":\"Prince Rupert Port Authority\",\"description\":\"L'avant-garde du Canada\",\"publisher\":{\"@id\":\"https:\/\/www.rupertport.com\/fr\/#organization\"},\"alternateName\":\"PRPA\",\"potentialAction\":[{\"@type\":\"SearchAction\",\"target\":{\"@type\":\"EntryPoint\",\"urlTemplate\":\"https:\/\/www.rupertport.com\/fr\/?s={search_term_string}\"},\"query-input\":{\"@type\":\"PropertyValueSpecification\",\"valueRequired\":true,\"valueName\":\"search_term_string\"}}],\"inLanguage\":\"fr-FR\"},{\"@type\":\"Organization\",\"@id\":\"https:\/\/www.rupertport.com\/fr\/#organization\",\"name\":\"Prince Rupert Port Authority\",\"alternateName\":\"PRPA\",\"url\":\"https:\/\/www.rupertport.com\/fr\/\",\"logo\":{\"@type\":\"ImageObject\",\"inLanguage\":\"fr-FR\",\"@id\":\"https:\/\/www.rupertport.com\/fr\/#\/schema\/logo\/image\/\",\"url\":\"https:\/\/www.rupertport.com\/wp-content\/uploads\/2021\/04\/cropped-PRPA-logo-meta-1200x1200-1.jpg\",\"contentUrl\":\"https:\/\/www.rupertport.com\/wp-content\/uploads\/2021\/04\/cropped-PRPA-logo-meta-1200x1200-1.jpg\",\"width\":512,\"height\":512,\"caption\":\"Prince Rupert Port Authority\"},\"image\":{\"@id\":\"https:\/\/www.rupertport.com\/fr\/#\/schema\/logo\/image\/\"},\"sameAs\":[\"https:\/\/www.facebook.com\/rupertport\/\",\"https:\/\/x.com\/rupertport\"]}]}<\/script>\n<!-- \/ Yoast SEO plugin. -->","yoast_head_json":{"title":"Renforcer l'emploi et les entreprises autochtones | Autorit\u00e9 portuaire de Prince Rupert %%.","description":"Participez \u00e0 notre programme Voyage to Excellence qui favorise l'emploi des autochtones et les opportunit\u00e9s d'affaires \u00e0 l'L'Administration portuaire de Prince Rupert.","robots":{"index":"index","follow":"follow","max-snippet":"max-snippet:-1","max-image-preview":"max-image-preview:large","max-video-preview":"max-video-preview:-1"},"canonical":"https:\/\/www.rupertport.com\/fr\/investissement-communautaire\/voyage-vers-lexcellence\/","og_locale":"fr_FR","og_type":"article","og_title":"Renforcer l'emploi et les entreprises autochtones | Autorit\u00e9 portuaire de Prince Rupert %%.","og_description":"Participez \u00e0 notre programme Voyage to Excellence qui favorise l'emploi des autochtones et les opportunit\u00e9s d'affaires \u00e0 l'L'Administration portuaire de Prince Rupert.","og_url":"https:\/\/www.rupertport.com\/fr\/investissement-communautaire\/voyage-vers-lexcellence\/","og_site_name":"Autorit\u00e9 portuaire de Prince Rupert","article_publisher":"https:\/\/www.facebook.com\/rupertport\/","article_modified_time":"2024-04-04T17:56:03+00:00","og_image":[{"width":1000,"height":666,"url":"https:\/\/www.rupertport.com\/wp-content\/uploads\/2019\/12\/future-growth-body.jpg","type":"image\/jpeg"}],"twitter_card":"summary_large_image","twitter_site":"@rupertport","schema":{"@context":"https:\/\/schema.org","@graph":[{"@type":"WebPage","@id":"https:\/\/www.rupertport.com\/fr\/investissement-communautaire\/voyage-vers-lexcellence\/","url":"https:\/\/www.rupertport.com\/fr\/investissement-communautaire\/voyage-vers-lexcellence\/","name":"Renforcer l'emploi et les entreprises autochtones | Autorit\u00e9 portuaire de Prince Rupert %%.","isPartOf":{"@id":"https:\/\/www.rupertport.com\/fr\/#website"},"primaryImageOfPage":{"@id":"https:\/\/www.rupertport.com\/fr\/investissement-communautaire\/voyage-vers-lexcellence\/#primaryimage"},"image":{"@id":"https:\/\/www.rupertport.com\/fr\/investissement-communautaire\/voyage-vers-lexcellence\/#primaryimage"},"thumbnailUrl":"https:\/\/www.rupertport.com\/wp-content\/uploads\/2026\/01\/20231207-Prince-Rupert-Youth-Soccer-Futsal-18.jpg","datePublished":"2020-01-17T08:42:30+00:00","dateModified":"2024-04-04T17:56:03+00:00","description":"Participez \u00e0 notre programme Voyage to Excellence qui favorise l'emploi des autochtones et les opportunit\u00e9s d'affaires \u00e0 l'L'Administration portuaire de Prince Rupert.","breadcrumb":{"@id":"https:\/\/www.rupertport.com\/fr\/investissement-communautaire\/voyage-vers-lexcellence\/#breadcrumb"},"inLanguage":"fr-FR","potentialAction":[{"@type":"ReadAction","target":["https:\/\/www.rupertport.com\/fr\/investissement-communautaire\/voyage-vers-lexcellence\/"]}]},{"@type":"ImageObject","inLanguage":"fr-FR","@id":"https:\/\/www.rupertport.com\/fr\/investissement-communautaire\/voyage-vers-lexcellence\/#primaryimage","url":"https:\/\/www.rupertport.com\/wp-content\/uploads\/2026\/01\/20231207-Prince-Rupert-Youth-Soccer-Futsal-18.jpg","contentUrl":"https:\/\/www.rupertport.com\/wp-content\/uploads\/2026\/01\/20231207-Prince-Rupert-Youth-Soccer-Futsal-18.jpg","width":1920,"height":1280},{"@type":"BreadcrumbList","@id":"https:\/\/www.rupertport.com\/fr\/investissement-communautaire\/voyage-vers-lexcellence\/#breadcrumb","itemListElement":[{"@type":"ListItem","position":1,"name":"Home","item":"https:\/\/www.rupertport.com\/fr\/page-de-garde\/"},{"@type":"ListItem","position":2,"name":"Investissement communautaire","item":"https:\/\/www.rupertport.com\/fr\/investissement-communautaire\/"},{"@type":"ListItem","position":3,"name":"Voyage vers l&#8217;excellence"}]},{"@type":"WebSite","@id":"https:\/\/www.rupertport.com\/fr\/#website","url":"https:\/\/www.rupertport.com\/fr\/","name":"Prince Rupert Port Authority","description":"L'avant-garde du Canada","publisher":{"@id":"https:\/\/www.rupertport.com\/fr\/#organization"},"alternateName":"PRPA","potentialAction":[{"@type":"SearchAction","target":{"@type":"EntryPoint","urlTemplate":"https:\/\/www.rupertport.com\/fr\/?s={search_term_string}"},"query-input":{"@type":"PropertyValueSpecification","valueRequired":true,"valueName":"search_term_string"}}],"inLanguage":"fr-FR"},{"@type":"Organization","@id":"https:\/\/www.rupertport.com\/fr\/#organization","name":"Prince Rupert Port Authority","alternateName":"PRPA","url":"https:\/\/www.rupertport.com\/fr\/","logo":{"@type":"ImageObject","inLanguage":"fr-FR","@id":"https:\/\/www.rupertport.com\/fr\/#\/schema\/logo\/image\/","url":"https:\/\/www.rupertport.com\/wp-content\/uploads\/2021\/04\/cropped-PRPA-logo-meta-1200x1200-1.jpg","contentUrl":"https:\/\/www.rupertport.com\/wp-content\/uploads\/2021\/04\/cropped-PRPA-logo-meta-1200x1200-1.jpg","width":512,"height":512,"caption":"Prince Rupert Port Authority"},"image":{"@id":"https:\/\/www.rupertport.com\/fr\/#\/schema\/logo\/image\/"},"sameAs":["https:\/\/www.facebook.com\/rupertport\/","https:\/\/x.com\/rupertport"]}]}},"_links":{"self":[{"href":"https:\/\/www.rupertport.com\/fr\/wp-json\/wp\/v2\/pages\/13969","targetHints":{"allow":["GET"]}}],"collection":[{"href":"https:\/\/www.rupertport.com\/fr\/wp-json\/wp\/v2\/pages"}],"about":[{"href":"https:\/\/www.rupertport.com\/fr\/wp-json\/wp\/v2\/types\/page"}],"author":[{"embeddable":true,"href":"https:\/\/www.rupertport.com\/fr\/wp-json\/wp\/v2\/users\/6"}],"replies":[{"embeddable":true,"href":"https:\/\/www.rupertport.com\/fr\/wp-json\/wp\/v2\/comments?post=13969"}],"version-history":[{"count":3,"href":"https:\/\/www.rupertport.com\/fr\/wp-json\/wp\/v2\/pages\/13969\/revisions"}],"predecessor-version":[{"id":18782,"href":"https:\/\/www.rupertport.com\/fr\/wp-json\/wp\/v2\/pages\/13969\/revisions\/18782"}],"up":[{"embeddable":true,"href":"https:\/\/www.rupertport.com\/fr\/wp-json\/wp\/v2\/pages\/13838"}],"wp:featuredmedia":[{"embeddable":true,"href":"https:\/\/www.rupertport.com\/fr\/wp-json\/wp\/v2\/media\/26179"}],"wp:attachment":[{"href":"https:\/\/www.rupertport.com\/fr\/wp-json\/wp\/v2\/media?parent=13969"}],"curies":[{"name":"wp","href":"https:\/\/api.w.org\/{rel}","templated":true}]}}