{"id":13966,"date":"2020-01-17T00:40:54","date_gmt":"2020-01-17T00:40:54","guid":{"rendered":"https:\/\/massive.rupertport.com\/investissement-communautaire\/developpement-des-exportations\/"},"modified":"2023-07-31T19:36:18","modified_gmt":"2023-07-31T19:36:18","slug":"developpement-des-exportations","status":"publish","type":"page","link":"https:\/\/www.rupertport.com\/fr\/investissement-communautaire\/developpement-des-exportations\/","title":{"rendered":"D\u00e9veloppement des exportations"},"content":{"rendered":"\n<div class=\"wp-block-columns is-layout-flex wp-container-core-columns-is-layout-9d6595d7 wp-block-columns-is-layout-flex\">\n<div class=\"wp-block-column is-layout-flow wp-block-column-is-layout-flow\">\n<p>Le Fonds de d\u00e9veloppement des exportations (FDE) de l&rsquo;Autorit\u00e9 portuaire de Prince Rupert soutient la planification, le d\u00e9veloppement et la mise en \u0153uvre d&rsquo;opportunit\u00e9s de d\u00e9veloppement \u00e9conomique le long du corridor de l&rsquo;autoroute 16. Le FED vise \u00e0 aider les organisations \u00e9ligibles \u00e0 r\u00e9aliser des recherches et des \u00e9tudes de faisabilit\u00e9 essentielles \u00e0 l&rsquo;identification et \u00e0 l&rsquo;\u00e9valuation de nouvelles possibilit\u00e9s d&rsquo;exportation intermodales qui pourraient passer par le port de Prince Rupert. Le financement servira \u00e0 soutenir le travail effectu\u00e9 par les organisations li\u00e9es au d\u00e9veloppement \u00e9conomique qui \u00e9valuent la demande du march\u00e9, l&rsquo;offre industrielle, ainsi que le co\u00fbt, l&rsquo;efficacit\u00e9 et la fiabilit\u00e9 des liaisons commerciales et de transport qui les am\u00e8neraient sur le march\u00e9.<\/p>\n<\/div>\n\n\n\n<div class=\"wp-block-column is-layout-flow wp-block-column-is-layout-flow\">\n<figure class=\"wp-block-image size-large\"><img loading=\"lazy\" decoding=\"async\" width=\"1024\" height=\"682\" src=\"https:\/\/stage.rupertport.com\/wp-content\/uploads\/2018\/01\/Port-of-Prince-Rupert-Ships-Record-Volumes-in-2017-1024x682.jpg\" alt=\"\" class=\"wp-image-3051\" srcset=\"https:\/\/www.rupertport.com\/wp-content\/uploads\/2018\/01\/Port-of-Prince-Rupert-Ships-Record-Volumes-in-2017-1024x682.jpg 1024w, https:\/\/www.rupertport.com\/wp-content\/uploads\/2018\/01\/Port-of-Prince-Rupert-Ships-Record-Volumes-in-2017-300x200.jpg 300w, https:\/\/www.rupertport.com\/wp-content\/uploads\/2018\/01\/Port-of-Prince-Rupert-Ships-Record-Volumes-in-2017-768x512.jpg 768w, https:\/\/www.rupertport.com\/wp-content\/uploads\/2018\/01\/Port-of-Prince-Rupert-Ships-Record-Volumes-in-2017-1536x1024.jpg 1536w, https:\/\/www.rupertport.com\/wp-content\/uploads\/2018\/01\/Port-of-Prince-Rupert-Ships-Record-Volumes-in-2017.jpg 2000w\" sizes=\"auto, (max-width: 1024px) 100vw, 1024px\" \/><\/figure>\n<\/div>\n<\/div>\n","protected":false},"excerpt":{"rendered":"<p>Le Fonds de d\u00e9veloppement des exportations (FDE) de l&rsquo;Autorit\u00e9 portuaire de Prince Rupert soutient la planification, le d\u00e9veloppement et la mise en \u0153uvre d&rsquo;opportunit\u00e9s de d\u00e9veloppement \u00e9conomique le long du corridor de l&rsquo;autoroute 16. Le FED vise \u00e0 aider les organisations \u00e9ligibles \u00e0 r\u00e9aliser des recherches et des \u00e9tudes de faisabilit\u00e9 essentielles \u00e0 l&rsquo;identification et [&hellip;]<\/p>\n","protected":false},"author":6,"featured_media":10362,"parent":13838,"menu_order":0,"comment_status":"closed","ping_status":"closed","template":"templates\/page-community-investment-funds.php","meta":{"_acf_changed":false,"footnotes":""},"class_list":["post-13966","page","type-page","status-publish","has-post-thumbnail","hentry"],"acf":[],"yoast_head":"<!-- This site is optimized with the Yoast SEO plugin v27.4 - https:\/\/yoast.com\/product\/yoast-seo-wordpress\/ -->\n<title>D\u00e9veloppement des exportations | Autorit\u00e9 portuaire de Prince Rupert<\/title>\n<meta name=\"description\" content=\"D\u00e9couvrez nos initiatives de d\u00e9veloppement des exportations qui favorisent la croissance du commerce au sein de l&#039;L&#039;Administration portuaire de Prince Rupert. Ouvrez de nouvelles perspectives !\" \/>\n<meta name=\"robots\" content=\"index, follow, max-snippet:-1, max-image-preview:large, max-video-preview:-1\" \/>\n<link rel=\"canonical\" href=\"https:\/\/www.rupertport.com\/fr\/investissement-communautaire\/developpement-des-exportations\/\" \/>\n<meta property=\"og:locale\" content=\"fr_FR\" \/>\n<meta property=\"og:type\" content=\"article\" \/>\n<meta property=\"og:title\" content=\"D\u00e9veloppement des exportations | Autorit\u00e9 portuaire de Prince Rupert\" \/>\n<meta property=\"og:description\" content=\"D\u00e9couvrez nos initiatives de d\u00e9veloppement des exportations qui favorisent la croissance du commerce au sein de l&#039;L&#039;Administration portuaire de Prince Rupert. Ouvrez de nouvelles perspectives !\" \/>\n<meta property=\"og:url\" content=\"https:\/\/www.rupertport.com\/fr\/investissement-communautaire\/developpement-des-exportations\/\" \/>\n<meta property=\"og:site_name\" content=\"Autorit\u00e9 portuaire de Prince Rupert\" \/>\n<meta property=\"article:publisher\" content=\"https:\/\/www.facebook.com\/rupertport\/\" \/>\n<meta property=\"article:modified_time\" content=\"2023-07-31T19:36:18+00:00\" \/>\n<meta property=\"og:image\" content=\"https:\/\/www.rupertport.com\/wp-content\/uploads\/2019\/11\/popr-terminal-fairview-operations-01.jpg\" \/>\n\t<meta property=\"og:image:width\" content=\"1920\" \/>\n\t<meta property=\"og:image:height\" content=\"972\" \/>\n\t<meta property=\"og:image:type\" content=\"image\/jpeg\" \/>\n<meta name=\"twitter:card\" content=\"summary_large_image\" \/>\n<meta name=\"twitter:site\" content=\"@rupertport\" \/>\n<script type=\"application\/ld+json\" class=\"yoast-schema-graph\">{\"@context\":\"https:\\\/\\\/schema.org\",\"@graph\":[{\"@type\":\"WebPage\",\"@id\":\"https:\\\/\\\/www.rupertport.com\\\/fr\\\/investissement-communautaire\\\/developpement-des-exportations\\\/\",\"url\":\"https:\\\/\\\/www.rupertport.com\\\/fr\\\/investissement-communautaire\\\/developpement-des-exportations\\\/\",\"name\":\"D\u00e9veloppement des exportations | Autorit\u00e9 portuaire de Prince Rupert\",\"isPartOf\":{\"@id\":\"https:\\\/\\\/www.rupertport.com\\\/fr\\\/#website\"},\"primaryImageOfPage\":{\"@id\":\"https:\\\/\\\/www.rupertport.com\\\/fr\\\/investissement-communautaire\\\/developpement-des-exportations\\\/#primaryimage\"},\"image\":{\"@id\":\"https:\\\/\\\/www.rupertport.com\\\/fr\\\/investissement-communautaire\\\/developpement-des-exportations\\\/#primaryimage\"},\"thumbnailUrl\":\"https:\\\/\\\/www.rupertport.com\\\/wp-content\\\/uploads\\\/2019\\\/11\\\/popr-terminal-fairview-operations-01.jpg\",\"datePublished\":\"2020-01-17T00:40:54+00:00\",\"dateModified\":\"2023-07-31T19:36:18+00:00\",\"description\":\"D\u00e9couvrez nos initiatives de d\u00e9veloppement des exportations qui favorisent la croissance du commerce au sein de l'L'Administration portuaire de Prince Rupert. Ouvrez de nouvelles perspectives !\",\"breadcrumb\":{\"@id\":\"https:\\\/\\\/www.rupertport.com\\\/fr\\\/investissement-communautaire\\\/developpement-des-exportations\\\/#breadcrumb\"},\"inLanguage\":\"fr-FR\",\"potentialAction\":[{\"@type\":\"ReadAction\",\"target\":[\"https:\\\/\\\/www.rupertport.com\\\/fr\\\/investissement-communautaire\\\/developpement-des-exportations\\\/\"]}]},{\"@type\":\"ImageObject\",\"inLanguage\":\"fr-FR\",\"@id\":\"https:\\\/\\\/www.rupertport.com\\\/fr\\\/investissement-communautaire\\\/developpement-des-exportations\\\/#primaryimage\",\"url\":\"https:\\\/\\\/www.rupertport.com\\\/wp-content\\\/uploads\\\/2019\\\/11\\\/popr-terminal-fairview-operations-01.jpg\",\"contentUrl\":\"https:\\\/\\\/www.rupertport.com\\\/wp-content\\\/uploads\\\/2019\\\/11\\\/popr-terminal-fairview-operations-01.jpg\",\"width\":1920,\"height\":972},{\"@type\":\"BreadcrumbList\",\"@id\":\"https:\\\/\\\/www.rupertport.com\\\/fr\\\/investissement-communautaire\\\/developpement-des-exportations\\\/#breadcrumb\",\"itemListElement\":[{\"@type\":\"ListItem\",\"position\":1,\"name\":\"Home\",\"item\":\"https:\\\/\\\/www.rupertport.com\\\/fr\\\/page-de-garde\\\/\"},{\"@type\":\"ListItem\",\"position\":2,\"name\":\"Investissement communautaire\",\"item\":\"https:\\\/\\\/www.rupertport.com\\\/fr\\\/investissement-communautaire\\\/\"},{\"@type\":\"ListItem\",\"position\":3,\"name\":\"D\u00e9veloppement des exportations\"}]},{\"@type\":\"WebSite\",\"@id\":\"https:\\\/\\\/www.rupertport.com\\\/fr\\\/#website\",\"url\":\"https:\\\/\\\/www.rupertport.com\\\/fr\\\/\",\"name\":\"Prince Rupert Port Authority\",\"description\":\"L'avant-garde du Canada\",\"publisher\":{\"@id\":\"https:\\\/\\\/www.rupertport.com\\\/fr\\\/#organization\"},\"alternateName\":\"PRPA\",\"potentialAction\":[{\"@type\":\"SearchAction\",\"target\":{\"@type\":\"EntryPoint\",\"urlTemplate\":\"https:\\\/\\\/www.rupertport.com\\\/fr\\\/?s={search_term_string}\"},\"query-input\":{\"@type\":\"PropertyValueSpecification\",\"valueRequired\":true,\"valueName\":\"search_term_string\"}}],\"inLanguage\":\"fr-FR\"},{\"@type\":\"Organization\",\"@id\":\"https:\\\/\\\/www.rupertport.com\\\/fr\\\/#organization\",\"name\":\"Prince Rupert Port Authority\",\"alternateName\":\"PRPA\",\"url\":\"https:\\\/\\\/www.rupertport.com\\\/fr\\\/\",\"logo\":{\"@type\":\"ImageObject\",\"inLanguage\":\"fr-FR\",\"@id\":\"https:\\\/\\\/www.rupertport.com\\\/fr\\\/#\\\/schema\\\/logo\\\/image\\\/\",\"url\":\"https:\\\/\\\/www.rupertport.com\\\/wp-content\\\/uploads\\\/2021\\\/04\\\/cropped-PRPA-logo-meta-1200x1200-1.jpg\",\"contentUrl\":\"https:\\\/\\\/www.rupertport.com\\\/wp-content\\\/uploads\\\/2021\\\/04\\\/cropped-PRPA-logo-meta-1200x1200-1.jpg\",\"width\":512,\"height\":512,\"caption\":\"Prince Rupert Port Authority\"},\"image\":{\"@id\":\"https:\\\/\\\/www.rupertport.com\\\/fr\\\/#\\\/schema\\\/logo\\\/image\\\/\"},\"sameAs\":[\"https:\\\/\\\/www.facebook.com\\\/rupertport\\\/\",\"https:\\\/\\\/x.com\\\/rupertport\"]}]}<\/script>\n<!-- \/ Yoast SEO plugin. -->","yoast_head_json":{"title":"D\u00e9veloppement des exportations | Autorit\u00e9 portuaire de Prince Rupert","description":"D\u00e9couvrez nos initiatives de d\u00e9veloppement des exportations qui favorisent la croissance du commerce au sein de l'L'Administration portuaire de Prince Rupert. Ouvrez de nouvelles perspectives !","robots":{"index":"index","follow":"follow","max-snippet":"max-snippet:-1","max-image-preview":"max-image-preview:large","max-video-preview":"max-video-preview:-1"},"canonical":"https:\/\/www.rupertport.com\/fr\/investissement-communautaire\/developpement-des-exportations\/","og_locale":"fr_FR","og_type":"article","og_title":"D\u00e9veloppement des exportations | Autorit\u00e9 portuaire de Prince Rupert","og_description":"D\u00e9couvrez nos initiatives de d\u00e9veloppement des exportations qui favorisent la croissance du commerce au sein de l'L'Administration portuaire de Prince Rupert. Ouvrez de nouvelles perspectives !","og_url":"https:\/\/www.rupertport.com\/fr\/investissement-communautaire\/developpement-des-exportations\/","og_site_name":"Autorit\u00e9 portuaire de Prince Rupert","article_publisher":"https:\/\/www.facebook.com\/rupertport\/","article_modified_time":"2023-07-31T19:36:18+00:00","og_image":[{"width":1920,"height":972,"url":"https:\/\/www.rupertport.com\/wp-content\/uploads\/2019\/11\/popr-terminal-fairview-operations-01.jpg","type":"image\/jpeg"}],"twitter_card":"summary_large_image","twitter_site":"@rupertport","schema":{"@context":"https:\/\/schema.org","@graph":[{"@type":"WebPage","@id":"https:\/\/www.rupertport.com\/fr\/investissement-communautaire\/developpement-des-exportations\/","url":"https:\/\/www.rupertport.com\/fr\/investissement-communautaire\/developpement-des-exportations\/","name":"D\u00e9veloppement des exportations | Autorit\u00e9 portuaire de Prince Rupert","isPartOf":{"@id":"https:\/\/www.rupertport.com\/fr\/#website"},"primaryImageOfPage":{"@id":"https:\/\/www.rupertport.com\/fr\/investissement-communautaire\/developpement-des-exportations\/#primaryimage"},"image":{"@id":"https:\/\/www.rupertport.com\/fr\/investissement-communautaire\/developpement-des-exportations\/#primaryimage"},"thumbnailUrl":"https:\/\/www.rupertport.com\/wp-content\/uploads\/2019\/11\/popr-terminal-fairview-operations-01.jpg","datePublished":"2020-01-17T00:40:54+00:00","dateModified":"2023-07-31T19:36:18+00:00","description":"D\u00e9couvrez nos initiatives de d\u00e9veloppement des exportations qui favorisent la croissance du commerce au sein de l'L'Administration portuaire de Prince Rupert. Ouvrez de nouvelles perspectives !","breadcrumb":{"@id":"https:\/\/www.rupertport.com\/fr\/investissement-communautaire\/developpement-des-exportations\/#breadcrumb"},"inLanguage":"fr-FR","potentialAction":[{"@type":"ReadAction","target":["https:\/\/www.rupertport.com\/fr\/investissement-communautaire\/developpement-des-exportations\/"]}]},{"@type":"ImageObject","inLanguage":"fr-FR","@id":"https:\/\/www.rupertport.com\/fr\/investissement-communautaire\/developpement-des-exportations\/#primaryimage","url":"https:\/\/www.rupertport.com\/wp-content\/uploads\/2019\/11\/popr-terminal-fairview-operations-01.jpg","contentUrl":"https:\/\/www.rupertport.com\/wp-content\/uploads\/2019\/11\/popr-terminal-fairview-operations-01.jpg","width":1920,"height":972},{"@type":"BreadcrumbList","@id":"https:\/\/www.rupertport.com\/fr\/investissement-communautaire\/developpement-des-exportations\/#breadcrumb","itemListElement":[{"@type":"ListItem","position":1,"name":"Home","item":"https:\/\/www.rupertport.com\/fr\/page-de-garde\/"},{"@type":"ListItem","position":2,"name":"Investissement communautaire","item":"https:\/\/www.rupertport.com\/fr\/investissement-communautaire\/"},{"@type":"ListItem","position":3,"name":"D\u00e9veloppement des exportations"}]},{"@type":"WebSite","@id":"https:\/\/www.rupertport.com\/fr\/#website","url":"https:\/\/www.rupertport.com\/fr\/","name":"Prince Rupert Port Authority","description":"L'avant-garde du Canada","publisher":{"@id":"https:\/\/www.rupertport.com\/fr\/#organization"},"alternateName":"PRPA","potentialAction":[{"@type":"SearchAction","target":{"@type":"EntryPoint","urlTemplate":"https:\/\/www.rupertport.com\/fr\/?s={search_term_string}"},"query-input":{"@type":"PropertyValueSpecification","valueRequired":true,"valueName":"search_term_string"}}],"inLanguage":"fr-FR"},{"@type":"Organization","@id":"https:\/\/www.rupertport.com\/fr\/#organization","name":"Prince Rupert Port Authority","alternateName":"PRPA","url":"https:\/\/www.rupertport.com\/fr\/","logo":{"@type":"ImageObject","inLanguage":"fr-FR","@id":"https:\/\/www.rupertport.com\/fr\/#\/schema\/logo\/image\/","url":"https:\/\/www.rupertport.com\/wp-content\/uploads\/2021\/04\/cropped-PRPA-logo-meta-1200x1200-1.jpg","contentUrl":"https:\/\/www.rupertport.com\/wp-content\/uploads\/2021\/04\/cropped-PRPA-logo-meta-1200x1200-1.jpg","width":512,"height":512,"caption":"Prince Rupert Port Authority"},"image":{"@id":"https:\/\/www.rupertport.com\/fr\/#\/schema\/logo\/image\/"},"sameAs":["https:\/\/www.facebook.com\/rupertport\/","https:\/\/x.com\/rupertport"]}]}},"_links":{"self":[{"href":"https:\/\/www.rupertport.com\/fr\/wp-json\/wp\/v2\/pages\/13966","targetHints":{"allow":["GET"]}}],"collection":[{"href":"https:\/\/www.rupertport.com\/fr\/wp-json\/wp\/v2\/pages"}],"about":[{"href":"https:\/\/www.rupertport.com\/fr\/wp-json\/wp\/v2\/types\/page"}],"author":[{"embeddable":true,"href":"https:\/\/www.rupertport.com\/fr\/wp-json\/wp\/v2\/users\/6"}],"replies":[{"embeddable":true,"href":"https:\/\/www.rupertport.com\/fr\/wp-json\/wp\/v2\/comments?post=13966"}],"version-history":[{"count":0,"href":"https:\/\/www.rupertport.com\/fr\/wp-json\/wp\/v2\/pages\/13966\/revisions"}],"up":[{"embeddable":true,"href":"https:\/\/www.rupertport.com\/fr\/wp-json\/wp\/v2\/pages\/13838"}],"wp:featuredmedia":[{"embeddable":true,"href":"https:\/\/www.rupertport.com\/fr\/wp-json\/wp\/v2\/media\/10362"}],"wp:attachment":[{"href":"https:\/\/www.rupertport.com\/fr\/wp-json\/wp\/v2\/media?parent=13966"}],"curies":[{"name":"wp","href":"https:\/\/api.w.org\/{rel}","templated":true}]}}