{"id":13959,"date":"2019-11-26T00:54:55","date_gmt":"2019-11-26T00:54:55","guid":{"rendered":"https:\/\/massive.rupertport.com\/permis-et-laissez-passer\/permis-de-transport-de-marchandises-dangereuses\/"},"modified":"2023-08-04T21:34:28","modified_gmt":"2023-08-04T21:34:28","slug":"permis-de-transport-de-marchandises-dangereuses","status":"publish","type":"page","link":"https:\/\/www.rupertport.com\/fr\/permis-et-laissez-passer\/permis-de-transport-de-marchandises-dangereuses\/","title":{"rendered":"Permis de transport de marchandises dangereuses"},"content":{"rendered":"","protected":false},"excerpt":{"rendered":"","protected":false},"author":6,"featured_media":10285,"parent":13870,"menu_order":0,"comment_status":"closed","ping_status":"closed","template":"templates\/page-dangerousgoods.php","meta":{"_acf_changed":false,"footnotes":""},"class_list":["post-13959","page","type-page","status-publish","has-post-thumbnail","hentry"],"acf":[],"yoast_head":"<!-- This site is optimized with the Yoast SEO plugin v26.8 - https:\/\/yoast.com\/product\/yoast-seo-wordpress\/ -->\n<title>Permis de transport de marchandises dangereuses | Autorit\u00e9 portuaire de Prince Rupert<\/title>\n<meta name=\"description\" content=\"T\u00e9l\u00e9charger et remplir le tableau des autorisations de transport de marchandises dangereuses en format CSV. Une fois rempli, utilisez le t\u00e9l\u00e9chargement de fichiers sur le formulaire pour joindre ce fichier \u00e0 votre soumission.\" \/>\n<meta name=\"robots\" content=\"index, follow, max-snippet:-1, max-image-preview:large, max-video-preview:-1\" \/>\n<link rel=\"canonical\" href=\"https:\/\/www.rupertport.com\/fr\/permis-et-laissez-passer\/permis-de-transport-de-marchandises-dangereuses\/\" \/>\n<meta property=\"og:locale\" content=\"fr_FR\" \/>\n<meta property=\"og:type\" content=\"article\" \/>\n<meta property=\"og:title\" content=\"Permis de transport de marchandises dangereuses | Autorit\u00e9 portuaire de Prince Rupert\" \/>\n<meta property=\"og:description\" content=\"T\u00e9l\u00e9charger et remplir le tableau des autorisations de transport de marchandises dangereuses en format CSV. Une fois rempli, utilisez le t\u00e9l\u00e9chargement de fichiers sur le formulaire pour joindre ce fichier \u00e0 votre soumission.\" \/>\n<meta property=\"og:url\" content=\"https:\/\/www.rupertport.com\/fr\/permis-et-laissez-passer\/permis-de-transport-de-marchandises-dangereuses\/\" \/>\n<meta property=\"og:site_name\" content=\"Autorit\u00e9 portuaire de Prince Rupert\" \/>\n<meta property=\"article:publisher\" content=\"https:\/\/www.facebook.com\/rupertport\/\" \/>\n<meta property=\"article:modified_time\" content=\"2023-08-04T21:34:28+00:00\" \/>\n<meta property=\"og:image\" content=\"https:\/\/www.rupertport.com\/wp-content\/uploads\/2019\/12\/Shaun-Steveson-Appointed-as-CEO.jpg\" \/>\n\t<meta property=\"og:image:width\" content=\"2000\" \/>\n\t<meta property=\"og:image:height\" content=\"1333\" \/>\n\t<meta property=\"og:image:type\" content=\"image\/jpeg\" \/>\n<meta name=\"twitter:card\" content=\"summary_large_image\" \/>\n<meta name=\"twitter:site\" content=\"@rupertport\" \/>\n<script type=\"application\/ld+json\" class=\"yoast-schema-graph\">{\"@context\":\"https:\/\/schema.org\",\"@graph\":[{\"@type\":\"WebPage\",\"@id\":\"https:\/\/www.rupertport.com\/fr\/permis-et-laissez-passer\/permis-de-transport-de-marchandises-dangereuses\/\",\"url\":\"https:\/\/www.rupertport.com\/fr\/permis-et-laissez-passer\/permis-de-transport-de-marchandises-dangereuses\/\",\"name\":\"Permis de transport de marchandises dangereuses | Autorit\u00e9 portuaire de Prince Rupert\",\"isPartOf\":{\"@id\":\"https:\/\/www.rupertport.com\/fr\/#website\"},\"primaryImageOfPage\":{\"@id\":\"https:\/\/www.rupertport.com\/fr\/permis-et-laissez-passer\/permis-de-transport-de-marchandises-dangereuses\/#primaryimage\"},\"image\":{\"@id\":\"https:\/\/www.rupertport.com\/fr\/permis-et-laissez-passer\/permis-de-transport-de-marchandises-dangereuses\/#primaryimage\"},\"thumbnailUrl\":\"https:\/\/www.rupertport.com\/wp-content\/uploads\/2019\/12\/Shaun-Steveson-Appointed-as-CEO.jpg\",\"datePublished\":\"2019-11-26T00:54:55+00:00\",\"dateModified\":\"2023-08-04T21:34:28+00:00\",\"description\":\"T\u00e9l\u00e9charger et remplir le tableau des autorisations de transport de marchandises dangereuses en format CSV. Une fois rempli, utilisez le t\u00e9l\u00e9chargement de fichiers sur le formulaire pour joindre ce fichier \u00e0 votre soumission.\",\"breadcrumb\":{\"@id\":\"https:\/\/www.rupertport.com\/fr\/permis-et-laissez-passer\/permis-de-transport-de-marchandises-dangereuses\/#breadcrumb\"},\"inLanguage\":\"fr-FR\",\"potentialAction\":[{\"@type\":\"ReadAction\",\"target\":[\"https:\/\/www.rupertport.com\/fr\/permis-et-laissez-passer\/permis-de-transport-de-marchandises-dangereuses\/\"]}]},{\"@type\":\"ImageObject\",\"inLanguage\":\"fr-FR\",\"@id\":\"https:\/\/www.rupertport.com\/fr\/permis-et-laissez-passer\/permis-de-transport-de-marchandises-dangereuses\/#primaryimage\",\"url\":\"https:\/\/www.rupertport.com\/wp-content\/uploads\/2019\/12\/Shaun-Steveson-Appointed-as-CEO.jpg\",\"contentUrl\":\"https:\/\/www.rupertport.com\/wp-content\/uploads\/2019\/12\/Shaun-Steveson-Appointed-as-CEO.jpg\",\"width\":2000,\"height\":1333},{\"@type\":\"BreadcrumbList\",\"@id\":\"https:\/\/www.rupertport.com\/fr\/permis-et-laissez-passer\/permis-de-transport-de-marchandises-dangereuses\/#breadcrumb\",\"itemListElement\":[{\"@type\":\"ListItem\",\"position\":1,\"name\":\"Home\",\"item\":\"https:\/\/www.rupertport.com\/fr\/page-de-garde\/\"},{\"@type\":\"ListItem\",\"position\":2,\"name\":\"Permis et laissez-passer\",\"item\":\"https:\/\/www.rupertport.com\/fr\/permis-et-laissez-passer\/\"},{\"@type\":\"ListItem\",\"position\":3,\"name\":\"Permis de transport de marchandises dangereuses\"}]},{\"@type\":\"WebSite\",\"@id\":\"https:\/\/www.rupertport.com\/fr\/#website\",\"url\":\"https:\/\/www.rupertport.com\/fr\/\",\"name\":\"Prince Rupert Port Authority\",\"description\":\"L'avant-garde du Canada\",\"publisher\":{\"@id\":\"https:\/\/www.rupertport.com\/fr\/#organization\"},\"alternateName\":\"PRPA\",\"potentialAction\":[{\"@type\":\"SearchAction\",\"target\":{\"@type\":\"EntryPoint\",\"urlTemplate\":\"https:\/\/www.rupertport.com\/fr\/?s={search_term_string}\"},\"query-input\":{\"@type\":\"PropertyValueSpecification\",\"valueRequired\":true,\"valueName\":\"search_term_string\"}}],\"inLanguage\":\"fr-FR\"},{\"@type\":\"Organization\",\"@id\":\"https:\/\/www.rupertport.com\/fr\/#organization\",\"name\":\"Prince Rupert Port Authority\",\"alternateName\":\"PRPA\",\"url\":\"https:\/\/www.rupertport.com\/fr\/\",\"logo\":{\"@type\":\"ImageObject\",\"inLanguage\":\"fr-FR\",\"@id\":\"https:\/\/www.rupertport.com\/fr\/#\/schema\/logo\/image\/\",\"url\":\"https:\/\/www.rupertport.com\/wp-content\/uploads\/2021\/04\/cropped-PRPA-logo-meta-1200x1200-1.jpg\",\"contentUrl\":\"https:\/\/www.rupertport.com\/wp-content\/uploads\/2021\/04\/cropped-PRPA-logo-meta-1200x1200-1.jpg\",\"width\":512,\"height\":512,\"caption\":\"Prince Rupert Port Authority\"},\"image\":{\"@id\":\"https:\/\/www.rupertport.com\/fr\/#\/schema\/logo\/image\/\"},\"sameAs\":[\"https:\/\/www.facebook.com\/rupertport\/\",\"https:\/\/x.com\/rupertport\"]}]}<\/script>\n<!-- \/ Yoast SEO plugin. -->","yoast_head_json":{"title":"Permis de transport de marchandises dangereuses | Autorit\u00e9 portuaire de Prince Rupert","description":"T\u00e9l\u00e9charger et remplir le tableau des autorisations de transport de marchandises dangereuses en format CSV. Une fois rempli, utilisez le t\u00e9l\u00e9chargement de fichiers sur le formulaire pour joindre ce fichier \u00e0 votre soumission.","robots":{"index":"index","follow":"follow","max-snippet":"max-snippet:-1","max-image-preview":"max-image-preview:large","max-video-preview":"max-video-preview:-1"},"canonical":"https:\/\/www.rupertport.com\/fr\/permis-et-laissez-passer\/permis-de-transport-de-marchandises-dangereuses\/","og_locale":"fr_FR","og_type":"article","og_title":"Permis de transport de marchandises dangereuses | Autorit\u00e9 portuaire de Prince Rupert","og_description":"T\u00e9l\u00e9charger et remplir le tableau des autorisations de transport de marchandises dangereuses en format CSV. Une fois rempli, utilisez le t\u00e9l\u00e9chargement de fichiers sur le formulaire pour joindre ce fichier \u00e0 votre soumission.","og_url":"https:\/\/www.rupertport.com\/fr\/permis-et-laissez-passer\/permis-de-transport-de-marchandises-dangereuses\/","og_site_name":"Autorit\u00e9 portuaire de Prince Rupert","article_publisher":"https:\/\/www.facebook.com\/rupertport\/","article_modified_time":"2023-08-04T21:34:28+00:00","og_image":[{"width":2000,"height":1333,"url":"https:\/\/www.rupertport.com\/wp-content\/uploads\/2019\/12\/Shaun-Steveson-Appointed-as-CEO.jpg","type":"image\/jpeg"}],"twitter_card":"summary_large_image","twitter_site":"@rupertport","schema":{"@context":"https:\/\/schema.org","@graph":[{"@type":"WebPage","@id":"https:\/\/www.rupertport.com\/fr\/permis-et-laissez-passer\/permis-de-transport-de-marchandises-dangereuses\/","url":"https:\/\/www.rupertport.com\/fr\/permis-et-laissez-passer\/permis-de-transport-de-marchandises-dangereuses\/","name":"Permis de transport de marchandises dangereuses | Autorit\u00e9 portuaire de Prince Rupert","isPartOf":{"@id":"https:\/\/www.rupertport.com\/fr\/#website"},"primaryImageOfPage":{"@id":"https:\/\/www.rupertport.com\/fr\/permis-et-laissez-passer\/permis-de-transport-de-marchandises-dangereuses\/#primaryimage"},"image":{"@id":"https:\/\/www.rupertport.com\/fr\/permis-et-laissez-passer\/permis-de-transport-de-marchandises-dangereuses\/#primaryimage"},"thumbnailUrl":"https:\/\/www.rupertport.com\/wp-content\/uploads\/2019\/12\/Shaun-Steveson-Appointed-as-CEO.jpg","datePublished":"2019-11-26T00:54:55+00:00","dateModified":"2023-08-04T21:34:28+00:00","description":"T\u00e9l\u00e9charger et remplir le tableau des autorisations de transport de marchandises dangereuses en format CSV. Une fois rempli, utilisez le t\u00e9l\u00e9chargement de fichiers sur le formulaire pour joindre ce fichier \u00e0 votre soumission.","breadcrumb":{"@id":"https:\/\/www.rupertport.com\/fr\/permis-et-laissez-passer\/permis-de-transport-de-marchandises-dangereuses\/#breadcrumb"},"inLanguage":"fr-FR","potentialAction":[{"@type":"ReadAction","target":["https:\/\/www.rupertport.com\/fr\/permis-et-laissez-passer\/permis-de-transport-de-marchandises-dangereuses\/"]}]},{"@type":"ImageObject","inLanguage":"fr-FR","@id":"https:\/\/www.rupertport.com\/fr\/permis-et-laissez-passer\/permis-de-transport-de-marchandises-dangereuses\/#primaryimage","url":"https:\/\/www.rupertport.com\/wp-content\/uploads\/2019\/12\/Shaun-Steveson-Appointed-as-CEO.jpg","contentUrl":"https:\/\/www.rupertport.com\/wp-content\/uploads\/2019\/12\/Shaun-Steveson-Appointed-as-CEO.jpg","width":2000,"height":1333},{"@type":"BreadcrumbList","@id":"https:\/\/www.rupertport.com\/fr\/permis-et-laissez-passer\/permis-de-transport-de-marchandises-dangereuses\/#breadcrumb","itemListElement":[{"@type":"ListItem","position":1,"name":"Home","item":"https:\/\/www.rupertport.com\/fr\/page-de-garde\/"},{"@type":"ListItem","position":2,"name":"Permis et laissez-passer","item":"https:\/\/www.rupertport.com\/fr\/permis-et-laissez-passer\/"},{"@type":"ListItem","position":3,"name":"Permis de transport de marchandises dangereuses"}]},{"@type":"WebSite","@id":"https:\/\/www.rupertport.com\/fr\/#website","url":"https:\/\/www.rupertport.com\/fr\/","name":"Prince Rupert Port Authority","description":"L'avant-garde du Canada","publisher":{"@id":"https:\/\/www.rupertport.com\/fr\/#organization"},"alternateName":"PRPA","potentialAction":[{"@type":"SearchAction","target":{"@type":"EntryPoint","urlTemplate":"https:\/\/www.rupertport.com\/fr\/?s={search_term_string}"},"query-input":{"@type":"PropertyValueSpecification","valueRequired":true,"valueName":"search_term_string"}}],"inLanguage":"fr-FR"},{"@type":"Organization","@id":"https:\/\/www.rupertport.com\/fr\/#organization","name":"Prince Rupert Port Authority","alternateName":"PRPA","url":"https:\/\/www.rupertport.com\/fr\/","logo":{"@type":"ImageObject","inLanguage":"fr-FR","@id":"https:\/\/www.rupertport.com\/fr\/#\/schema\/logo\/image\/","url":"https:\/\/www.rupertport.com\/wp-content\/uploads\/2021\/04\/cropped-PRPA-logo-meta-1200x1200-1.jpg","contentUrl":"https:\/\/www.rupertport.com\/wp-content\/uploads\/2021\/04\/cropped-PRPA-logo-meta-1200x1200-1.jpg","width":512,"height":512,"caption":"Prince Rupert Port Authority"},"image":{"@id":"https:\/\/www.rupertport.com\/fr\/#\/schema\/logo\/image\/"},"sameAs":["https:\/\/www.facebook.com\/rupertport\/","https:\/\/x.com\/rupertport"]}]}},"_links":{"self":[{"href":"https:\/\/www.rupertport.com\/fr\/wp-json\/wp\/v2\/pages\/13959","targetHints":{"allow":["GET"]}}],"collection":[{"href":"https:\/\/www.rupertport.com\/fr\/wp-json\/wp\/v2\/pages"}],"about":[{"href":"https:\/\/www.rupertport.com\/fr\/wp-json\/wp\/v2\/types\/page"}],"author":[{"embeddable":true,"href":"https:\/\/www.rupertport.com\/fr\/wp-json\/wp\/v2\/users\/6"}],"replies":[{"embeddable":true,"href":"https:\/\/www.rupertport.com\/fr\/wp-json\/wp\/v2\/comments?post=13959"}],"version-history":[{"count":0,"href":"https:\/\/www.rupertport.com\/fr\/wp-json\/wp\/v2\/pages\/13959\/revisions"}],"up":[{"embeddable":true,"href":"https:\/\/www.rupertport.com\/fr\/wp-json\/wp\/v2\/pages\/13870"}],"wp:featuredmedia":[{"embeddable":true,"href":"https:\/\/www.rupertport.com\/fr\/wp-json\/wp\/v2\/media\/10285"}],"wp:attachment":[{"href":"https:\/\/www.rupertport.com\/fr\/wp-json\/wp\/v2\/media?parent=13959"}],"curies":[{"name":"wp","href":"https:\/\/api.w.org\/{rel}","templated":true}]}}