{"id":13950,"date":"2019-11-20T17:17:40","date_gmt":"2019-11-21T01:17:40","guid":{"rendered":"https:\/\/massive.rupertport.com\/evenements\/"},"modified":"2023-07-31T19:36:17","modified_gmt":"2023-07-31T19:36:17","slug":"evenements","status":"publish","type":"page","link":"https:\/\/www.rupertport.com\/fr\/evenements\/","title":{"rendered":"\u00c9v\u00e9nements"},"content":{"rendered":"","protected":false},"excerpt":{"rendered":"","protected":false},"author":6,"featured_media":0,"parent":0,"menu_order":0,"comment_status":"closed","ping_status":"closed","template":"templates\/page-events.php","meta":{"_acf_changed":false,"footnotes":""},"class_list":["post-13950","page","type-page","status-publish","hentry"],"acf":[],"yoast_head":"<!-- This site is optimized with the Yoast SEO plugin v26.8 - https:\/\/yoast.com\/product\/yoast-seo-wordpress\/ -->\n<title>D\u00e9couvrez des \u00e9v\u00e9nements et des activit\u00e9s passionnants | Autorit\u00e9 portuaire de Prince Rupert.<\/title>\n<meta name=\"description\" content=\"D\u00e9couvrez les \u00e9v\u00e9nements et activit\u00e9s \u00e0 venir \u00e0 l&#039;L&#039;Administration portuaire de Prince Rupert. Rejoignez-nous pour vivre des exp\u00e9riences passionnantes !\" \/>\n<meta name=\"robots\" content=\"index, follow, max-snippet:-1, max-image-preview:large, max-video-preview:-1\" \/>\n<link rel=\"canonical\" href=\"https:\/\/www.rupertport.com\/fr\/evenements\/\" \/>\n<meta property=\"og:locale\" content=\"fr_FR\" \/>\n<meta property=\"og:type\" content=\"article\" \/>\n<meta property=\"og:title\" content=\"D\u00e9couvrez des \u00e9v\u00e9nements et des activit\u00e9s passionnants | Autorit\u00e9 portuaire de Prince Rupert.\" \/>\n<meta property=\"og:description\" content=\"D\u00e9couvrez les \u00e9v\u00e9nements et activit\u00e9s \u00e0 venir \u00e0 l&#039;L&#039;Administration portuaire de Prince Rupert. Rejoignez-nous pour vivre des exp\u00e9riences passionnantes !\" \/>\n<meta property=\"og:url\" content=\"https:\/\/www.rupertport.com\/fr\/evenements\/\" \/>\n<meta property=\"og:site_name\" content=\"Autorit\u00e9 portuaire de Prince Rupert\" \/>\n<meta property=\"article:publisher\" content=\"https:\/\/www.facebook.com\/rupertport\/\" \/>\n<meta property=\"article:modified_time\" content=\"2023-07-31T19:36:17+00:00\" \/>\n<meta property=\"og:image\" content=\"https:\/\/www.rupertport.com\/wp-content\/uploads\/2019\/11\/rupert-port-historic-fairview-aerial-01-1-scaled.jpg\" \/>\n\t<meta property=\"og:image:width\" content=\"2560\" \/>\n\t<meta property=\"og:image:height\" content=\"1296\" \/>\n\t<meta property=\"og:image:type\" content=\"image\/jpeg\" \/>\n<meta name=\"twitter:card\" content=\"summary_large_image\" \/>\n<meta name=\"twitter:site\" content=\"@rupertport\" \/>\n<script type=\"application\/ld+json\" class=\"yoast-schema-graph\">{\"@context\":\"https:\/\/schema.org\",\"@graph\":[{\"@type\":\"WebPage\",\"@id\":\"https:\/\/www.rupertport.com\/fr\/evenements\/\",\"url\":\"https:\/\/www.rupertport.com\/fr\/evenements\/\",\"name\":\"D\u00e9couvrez des \u00e9v\u00e9nements et des activit\u00e9s passionnants | Autorit\u00e9 portuaire de Prince Rupert.\",\"isPartOf\":{\"@id\":\"https:\/\/www.rupertport.com\/fr\/#website\"},\"datePublished\":\"2019-11-21T01:17:40+00:00\",\"dateModified\":\"2023-07-31T19:36:17+00:00\",\"description\":\"D\u00e9couvrez les \u00e9v\u00e9nements et activit\u00e9s \u00e0 venir \u00e0 l'L'Administration portuaire de Prince Rupert. Rejoignez-nous pour vivre des exp\u00e9riences passionnantes !\",\"breadcrumb\":{\"@id\":\"https:\/\/www.rupertport.com\/fr\/evenements\/#breadcrumb\"},\"inLanguage\":\"fr-FR\",\"potentialAction\":[{\"@type\":\"ReadAction\",\"target\":[\"https:\/\/www.rupertport.com\/fr\/evenements\/\"]}]},{\"@type\":\"BreadcrumbList\",\"@id\":\"https:\/\/www.rupertport.com\/fr\/evenements\/#breadcrumb\",\"itemListElement\":[{\"@type\":\"ListItem\",\"position\":1,\"name\":\"Home\",\"item\":\"https:\/\/www.rupertport.com\/fr\/page-de-garde\/\"},{\"@type\":\"ListItem\",\"position\":2,\"name\":\"\u00c9v\u00e9nements\"}]},{\"@type\":\"WebSite\",\"@id\":\"https:\/\/www.rupertport.com\/fr\/#website\",\"url\":\"https:\/\/www.rupertport.com\/fr\/\",\"name\":\"Prince Rupert Port Authority\",\"description\":\"L'avant-garde du Canada\",\"publisher\":{\"@id\":\"https:\/\/www.rupertport.com\/fr\/#organization\"},\"alternateName\":\"PRPA\",\"potentialAction\":[{\"@type\":\"SearchAction\",\"target\":{\"@type\":\"EntryPoint\",\"urlTemplate\":\"https:\/\/www.rupertport.com\/fr\/?s={search_term_string}\"},\"query-input\":{\"@type\":\"PropertyValueSpecification\",\"valueRequired\":true,\"valueName\":\"search_term_string\"}}],\"inLanguage\":\"fr-FR\"},{\"@type\":\"Organization\",\"@id\":\"https:\/\/www.rupertport.com\/fr\/#organization\",\"name\":\"Prince Rupert Port Authority\",\"alternateName\":\"PRPA\",\"url\":\"https:\/\/www.rupertport.com\/fr\/\",\"logo\":{\"@type\":\"ImageObject\",\"inLanguage\":\"fr-FR\",\"@id\":\"https:\/\/www.rupertport.com\/fr\/#\/schema\/logo\/image\/\",\"url\":\"https:\/\/www.rupertport.com\/wp-content\/uploads\/2021\/04\/cropped-PRPA-logo-meta-1200x1200-1.jpg\",\"contentUrl\":\"https:\/\/www.rupertport.com\/wp-content\/uploads\/2021\/04\/cropped-PRPA-logo-meta-1200x1200-1.jpg\",\"width\":512,\"height\":512,\"caption\":\"Prince Rupert Port Authority\"},\"image\":{\"@id\":\"https:\/\/www.rupertport.com\/fr\/#\/schema\/logo\/image\/\"},\"sameAs\":[\"https:\/\/www.facebook.com\/rupertport\/\",\"https:\/\/x.com\/rupertport\"]}]}<\/script>\n<!-- \/ Yoast SEO plugin. -->","yoast_head_json":{"title":"D\u00e9couvrez des \u00e9v\u00e9nements et des activit\u00e9s passionnants | Autorit\u00e9 portuaire de Prince Rupert.","description":"D\u00e9couvrez les \u00e9v\u00e9nements et activit\u00e9s \u00e0 venir \u00e0 l'L'Administration portuaire de Prince Rupert. Rejoignez-nous pour vivre des exp\u00e9riences passionnantes !","robots":{"index":"index","follow":"follow","max-snippet":"max-snippet:-1","max-image-preview":"max-image-preview:large","max-video-preview":"max-video-preview:-1"},"canonical":"https:\/\/www.rupertport.com\/fr\/evenements\/","og_locale":"fr_FR","og_type":"article","og_title":"D\u00e9couvrez des \u00e9v\u00e9nements et des activit\u00e9s passionnants | Autorit\u00e9 portuaire de Prince Rupert.","og_description":"D\u00e9couvrez les \u00e9v\u00e9nements et activit\u00e9s \u00e0 venir \u00e0 l'L'Administration portuaire de Prince Rupert. Rejoignez-nous pour vivre des exp\u00e9riences passionnantes !","og_url":"https:\/\/www.rupertport.com\/fr\/evenements\/","og_site_name":"Autorit\u00e9 portuaire de Prince Rupert","article_publisher":"https:\/\/www.facebook.com\/rupertport\/","article_modified_time":"2023-07-31T19:36:17+00:00","og_image":[{"width":2560,"height":1296,"url":"https:\/\/www.rupertport.com\/wp-content\/uploads\/2019\/11\/rupert-port-historic-fairview-aerial-01-1-scaled.jpg","type":"image\/jpeg"}],"twitter_card":"summary_large_image","twitter_site":"@rupertport","schema":{"@context":"https:\/\/schema.org","@graph":[{"@type":"WebPage","@id":"https:\/\/www.rupertport.com\/fr\/evenements\/","url":"https:\/\/www.rupertport.com\/fr\/evenements\/","name":"D\u00e9couvrez des \u00e9v\u00e9nements et des activit\u00e9s passionnants | Autorit\u00e9 portuaire de Prince Rupert.","isPartOf":{"@id":"https:\/\/www.rupertport.com\/fr\/#website"},"datePublished":"2019-11-21T01:17:40+00:00","dateModified":"2023-07-31T19:36:17+00:00","description":"D\u00e9couvrez les \u00e9v\u00e9nements et activit\u00e9s \u00e0 venir \u00e0 l'L'Administration portuaire de Prince Rupert. Rejoignez-nous pour vivre des exp\u00e9riences passionnantes !","breadcrumb":{"@id":"https:\/\/www.rupertport.com\/fr\/evenements\/#breadcrumb"},"inLanguage":"fr-FR","potentialAction":[{"@type":"ReadAction","target":["https:\/\/www.rupertport.com\/fr\/evenements\/"]}]},{"@type":"BreadcrumbList","@id":"https:\/\/www.rupertport.com\/fr\/evenements\/#breadcrumb","itemListElement":[{"@type":"ListItem","position":1,"name":"Home","item":"https:\/\/www.rupertport.com\/fr\/page-de-garde\/"},{"@type":"ListItem","position":2,"name":"\u00c9v\u00e9nements"}]},{"@type":"WebSite","@id":"https:\/\/www.rupertport.com\/fr\/#website","url":"https:\/\/www.rupertport.com\/fr\/","name":"Prince Rupert Port Authority","description":"L'avant-garde du Canada","publisher":{"@id":"https:\/\/www.rupertport.com\/fr\/#organization"},"alternateName":"PRPA","potentialAction":[{"@type":"SearchAction","target":{"@type":"EntryPoint","urlTemplate":"https:\/\/www.rupertport.com\/fr\/?s={search_term_string}"},"query-input":{"@type":"PropertyValueSpecification","valueRequired":true,"valueName":"search_term_string"}}],"inLanguage":"fr-FR"},{"@type":"Organization","@id":"https:\/\/www.rupertport.com\/fr\/#organization","name":"Prince Rupert Port Authority","alternateName":"PRPA","url":"https:\/\/www.rupertport.com\/fr\/","logo":{"@type":"ImageObject","inLanguage":"fr-FR","@id":"https:\/\/www.rupertport.com\/fr\/#\/schema\/logo\/image\/","url":"https:\/\/www.rupertport.com\/wp-content\/uploads\/2021\/04\/cropped-PRPA-logo-meta-1200x1200-1.jpg","contentUrl":"https:\/\/www.rupertport.com\/wp-content\/uploads\/2021\/04\/cropped-PRPA-logo-meta-1200x1200-1.jpg","width":512,"height":512,"caption":"Prince Rupert Port Authority"},"image":{"@id":"https:\/\/www.rupertport.com\/fr\/#\/schema\/logo\/image\/"},"sameAs":["https:\/\/www.facebook.com\/rupertport\/","https:\/\/x.com\/rupertport"]}]}},"_links":{"self":[{"href":"https:\/\/www.rupertport.com\/fr\/wp-json\/wp\/v2\/pages\/13950","targetHints":{"allow":["GET"]}}],"collection":[{"href":"https:\/\/www.rupertport.com\/fr\/wp-json\/wp\/v2\/pages"}],"about":[{"href":"https:\/\/www.rupertport.com\/fr\/wp-json\/wp\/v2\/types\/page"}],"author":[{"embeddable":true,"href":"https:\/\/www.rupertport.com\/fr\/wp-json\/wp\/v2\/users\/6"}],"replies":[{"embeddable":true,"href":"https:\/\/www.rupertport.com\/fr\/wp-json\/wp\/v2\/comments?post=13950"}],"version-history":[{"count":0,"href":"https:\/\/www.rupertport.com\/fr\/wp-json\/wp\/v2\/pages\/13950\/revisions"}],"wp:attachment":[{"href":"https:\/\/www.rupertport.com\/fr\/wp-json\/wp\/v2\/media?parent=13950"}],"curies":[{"name":"wp","href":"https:\/\/api.w.org\/{rel}","templated":true}]}}