{"id":13947,"date":"2019-11-20T17:19:23","date_gmt":"2019-11-21T01:19:23","guid":{"rendered":"https:\/\/massive.rupertport.com\/volumes-de-fret\/"},"modified":"2025-08-18T09:05:04","modified_gmt":"2025-08-18T17:05:04","slug":"volumes-de-fret","status":"publish","type":"page","link":"https:\/\/www.rupertport.com\/fr\/volumes-de-fret\/","title":{"rendered":"Volumes de fret"},"content":{"rendered":"","protected":false},"excerpt":{"rendered":"","protected":false},"author":6,"featured_media":10202,"parent":0,"menu_order":0,"comment_status":"closed","ping_status":"closed","template":"templates\/page-cargo-volumes.php","meta":{"_acf_changed":false,"footnotes":""},"class_list":["post-13947","page","type-page","status-publish","has-post-thumbnail","hentry"],"acf":[],"yoast_head":"<!-- This site is optimized with the Yoast SEO plugin v26.8 - https:\/\/yoast.com\/product\/yoast-seo-wordpress\/ -->\n<title>Volumes de fret | D\u00e9couvrez des capacit\u00e9s commerciales impressionnantes | Autorit\u00e9 portuaire de Prince Rupert %.<\/title>\n<meta name=\"description\" content=\"Volumes de fret : D\u00e9couvrez notre impressionnante capacit\u00e9 commerciale \u00e0 l&#039;L&#039;Administration portuaire de Prince Rupert. D\u00e9couvrez nos activit\u00e9s commerciales florissantes. Explorez maintenant !\" \/>\n<meta name=\"robots\" content=\"index, follow, max-snippet:-1, max-image-preview:large, max-video-preview:-1\" \/>\n<link rel=\"canonical\" href=\"https:\/\/www.rupertport.com\/fr\/volumes-de-fret\/\" \/>\n<meta property=\"og:locale\" content=\"fr_FR\" \/>\n<meta property=\"og:type\" content=\"article\" \/>\n<meta property=\"og:title\" content=\"Volumes de fret | D\u00e9couvrez des capacit\u00e9s commerciales impressionnantes | Autorit\u00e9 portuaire de Prince Rupert %.\" \/>\n<meta property=\"og:description\" content=\"Volumes de fret : D\u00e9couvrez notre impressionnante capacit\u00e9 commerciale \u00e0 l&#039;L&#039;Administration portuaire de Prince Rupert. D\u00e9couvrez nos activit\u00e9s commerciales florissantes. Explorez maintenant !\" \/>\n<meta property=\"og:url\" content=\"https:\/\/www.rupertport.com\/fr\/volumes-de-fret\/\" \/>\n<meta property=\"og:site_name\" content=\"Autorit\u00e9 portuaire de Prince Rupert\" \/>\n<meta property=\"article:publisher\" content=\"https:\/\/www.facebook.com\/rupertport\/\" \/>\n<meta property=\"article:modified_time\" content=\"2025-08-18T17:05:04+00:00\" \/>\n<meta property=\"og:image\" content=\"https:\/\/www.rupertport.com\/wp-content\/uploads\/2019\/11\/Yang-Ming-and-THE-Alliance-Introduce-Weekly-PS8-Prince-Rupert-Service.jpg\" \/>\n\t<meta property=\"og:image:width\" content=\"2000\" \/>\n\t<meta property=\"og:image:height\" content=\"1333\" \/>\n\t<meta property=\"og:image:type\" content=\"image\/jpeg\" \/>\n<meta name=\"twitter:card\" content=\"summary_large_image\" \/>\n<meta name=\"twitter:site\" content=\"@rupertport\" \/>\n<script type=\"application\/ld+json\" class=\"yoast-schema-graph\">{\"@context\":\"https:\/\/schema.org\",\"@graph\":[{\"@type\":\"WebPage\",\"@id\":\"https:\/\/www.rupertport.com\/fr\/volumes-de-fret\/\",\"url\":\"https:\/\/www.rupertport.com\/fr\/volumes-de-fret\/\",\"name\":\"Volumes de fret | D\u00e9couvrez des capacit\u00e9s commerciales impressionnantes | Autorit\u00e9 portuaire de Prince Rupert %.\",\"isPartOf\":{\"@id\":\"https:\/\/www.rupertport.com\/fr\/#website\"},\"primaryImageOfPage\":{\"@id\":\"https:\/\/www.rupertport.com\/fr\/volumes-de-fret\/#primaryimage\"},\"image\":{\"@id\":\"https:\/\/www.rupertport.com\/fr\/volumes-de-fret\/#primaryimage\"},\"thumbnailUrl\":\"https:\/\/www.rupertport.com\/wp-content\/uploads\/2019\/11\/Yang-Ming-and-THE-Alliance-Introduce-Weekly-PS8-Prince-Rupert-Service.jpg\",\"datePublished\":\"2019-11-21T01:19:23+00:00\",\"dateModified\":\"2025-08-18T17:05:04+00:00\",\"description\":\"Volumes de fret : D\u00e9couvrez notre impressionnante capacit\u00e9 commerciale \u00e0 l'L'Administration portuaire de Prince Rupert. D\u00e9couvrez nos activit\u00e9s commerciales florissantes. Explorez maintenant !\",\"breadcrumb\":{\"@id\":\"https:\/\/www.rupertport.com\/fr\/volumes-de-fret\/#breadcrumb\"},\"inLanguage\":\"fr-FR\",\"potentialAction\":[{\"@type\":\"ReadAction\",\"target\":[\"https:\/\/www.rupertport.com\/fr\/volumes-de-fret\/\"]}]},{\"@type\":\"ImageObject\",\"inLanguage\":\"fr-FR\",\"@id\":\"https:\/\/www.rupertport.com\/fr\/volumes-de-fret\/#primaryimage\",\"url\":\"https:\/\/www.rupertport.com\/wp-content\/uploads\/2019\/11\/Yang-Ming-and-THE-Alliance-Introduce-Weekly-PS8-Prince-Rupert-Service.jpg\",\"contentUrl\":\"https:\/\/www.rupertport.com\/wp-content\/uploads\/2019\/11\/Yang-Ming-and-THE-Alliance-Introduce-Weekly-PS8-Prince-Rupert-Service.jpg\",\"width\":2000,\"height\":1333},{\"@type\":\"BreadcrumbList\",\"@id\":\"https:\/\/www.rupertport.com\/fr\/volumes-de-fret\/#breadcrumb\",\"itemListElement\":[{\"@type\":\"ListItem\",\"position\":1,\"name\":\"Home\",\"item\":\"https:\/\/www.rupertport.com\/fr\/page-de-garde\/\"},{\"@type\":\"ListItem\",\"position\":2,\"name\":\"Volumes de fret\"}]},{\"@type\":\"WebSite\",\"@id\":\"https:\/\/www.rupertport.com\/fr\/#website\",\"url\":\"https:\/\/www.rupertport.com\/fr\/\",\"name\":\"Prince Rupert Port Authority\",\"description\":\"L'avant-garde du Canada\",\"publisher\":{\"@id\":\"https:\/\/www.rupertport.com\/fr\/#organization\"},\"alternateName\":\"PRPA\",\"potentialAction\":[{\"@type\":\"SearchAction\",\"target\":{\"@type\":\"EntryPoint\",\"urlTemplate\":\"https:\/\/www.rupertport.com\/fr\/?s={search_term_string}\"},\"query-input\":{\"@type\":\"PropertyValueSpecification\",\"valueRequired\":true,\"valueName\":\"search_term_string\"}}],\"inLanguage\":\"fr-FR\"},{\"@type\":\"Organization\",\"@id\":\"https:\/\/www.rupertport.com\/fr\/#organization\",\"name\":\"Prince Rupert Port Authority\",\"alternateName\":\"PRPA\",\"url\":\"https:\/\/www.rupertport.com\/fr\/\",\"logo\":{\"@type\":\"ImageObject\",\"inLanguage\":\"fr-FR\",\"@id\":\"https:\/\/www.rupertport.com\/fr\/#\/schema\/logo\/image\/\",\"url\":\"https:\/\/www.rupertport.com\/wp-content\/uploads\/2021\/04\/cropped-PRPA-logo-meta-1200x1200-1.jpg\",\"contentUrl\":\"https:\/\/www.rupertport.com\/wp-content\/uploads\/2021\/04\/cropped-PRPA-logo-meta-1200x1200-1.jpg\",\"width\":512,\"height\":512,\"caption\":\"Prince Rupert Port Authority\"},\"image\":{\"@id\":\"https:\/\/www.rupertport.com\/fr\/#\/schema\/logo\/image\/\"},\"sameAs\":[\"https:\/\/www.facebook.com\/rupertport\/\",\"https:\/\/x.com\/rupertport\"]}]}<\/script>\n<!-- \/ Yoast SEO plugin. -->","yoast_head_json":{"title":"Volumes de fret | D\u00e9couvrez des capacit\u00e9s commerciales impressionnantes | Autorit\u00e9 portuaire de Prince Rupert %.","description":"Volumes de fret : D\u00e9couvrez notre impressionnante capacit\u00e9 commerciale \u00e0 l'L'Administration portuaire de Prince Rupert. D\u00e9couvrez nos activit\u00e9s commerciales florissantes. Explorez maintenant !","robots":{"index":"index","follow":"follow","max-snippet":"max-snippet:-1","max-image-preview":"max-image-preview:large","max-video-preview":"max-video-preview:-1"},"canonical":"https:\/\/www.rupertport.com\/fr\/volumes-de-fret\/","og_locale":"fr_FR","og_type":"article","og_title":"Volumes de fret | D\u00e9couvrez des capacit\u00e9s commerciales impressionnantes | Autorit\u00e9 portuaire de Prince Rupert %.","og_description":"Volumes de fret : D\u00e9couvrez notre impressionnante capacit\u00e9 commerciale \u00e0 l'L'Administration portuaire de Prince Rupert. D\u00e9couvrez nos activit\u00e9s commerciales florissantes. Explorez maintenant !","og_url":"https:\/\/www.rupertport.com\/fr\/volumes-de-fret\/","og_site_name":"Autorit\u00e9 portuaire de Prince Rupert","article_publisher":"https:\/\/www.facebook.com\/rupertport\/","article_modified_time":"2025-08-18T17:05:04+00:00","og_image":[{"width":2000,"height":1333,"url":"https:\/\/www.rupertport.com\/wp-content\/uploads\/2019\/11\/Yang-Ming-and-THE-Alliance-Introduce-Weekly-PS8-Prince-Rupert-Service.jpg","type":"image\/jpeg"}],"twitter_card":"summary_large_image","twitter_site":"@rupertport","schema":{"@context":"https:\/\/schema.org","@graph":[{"@type":"WebPage","@id":"https:\/\/www.rupertport.com\/fr\/volumes-de-fret\/","url":"https:\/\/www.rupertport.com\/fr\/volumes-de-fret\/","name":"Volumes de fret | D\u00e9couvrez des capacit\u00e9s commerciales impressionnantes | Autorit\u00e9 portuaire de Prince Rupert %.","isPartOf":{"@id":"https:\/\/www.rupertport.com\/fr\/#website"},"primaryImageOfPage":{"@id":"https:\/\/www.rupertport.com\/fr\/volumes-de-fret\/#primaryimage"},"image":{"@id":"https:\/\/www.rupertport.com\/fr\/volumes-de-fret\/#primaryimage"},"thumbnailUrl":"https:\/\/www.rupertport.com\/wp-content\/uploads\/2019\/11\/Yang-Ming-and-THE-Alliance-Introduce-Weekly-PS8-Prince-Rupert-Service.jpg","datePublished":"2019-11-21T01:19:23+00:00","dateModified":"2025-08-18T17:05:04+00:00","description":"Volumes de fret : D\u00e9couvrez notre impressionnante capacit\u00e9 commerciale \u00e0 l'L'Administration portuaire de Prince Rupert. D\u00e9couvrez nos activit\u00e9s commerciales florissantes. Explorez maintenant !","breadcrumb":{"@id":"https:\/\/www.rupertport.com\/fr\/volumes-de-fret\/#breadcrumb"},"inLanguage":"fr-FR","potentialAction":[{"@type":"ReadAction","target":["https:\/\/www.rupertport.com\/fr\/volumes-de-fret\/"]}]},{"@type":"ImageObject","inLanguage":"fr-FR","@id":"https:\/\/www.rupertport.com\/fr\/volumes-de-fret\/#primaryimage","url":"https:\/\/www.rupertport.com\/wp-content\/uploads\/2019\/11\/Yang-Ming-and-THE-Alliance-Introduce-Weekly-PS8-Prince-Rupert-Service.jpg","contentUrl":"https:\/\/www.rupertport.com\/wp-content\/uploads\/2019\/11\/Yang-Ming-and-THE-Alliance-Introduce-Weekly-PS8-Prince-Rupert-Service.jpg","width":2000,"height":1333},{"@type":"BreadcrumbList","@id":"https:\/\/www.rupertport.com\/fr\/volumes-de-fret\/#breadcrumb","itemListElement":[{"@type":"ListItem","position":1,"name":"Home","item":"https:\/\/www.rupertport.com\/fr\/page-de-garde\/"},{"@type":"ListItem","position":2,"name":"Volumes de fret"}]},{"@type":"WebSite","@id":"https:\/\/www.rupertport.com\/fr\/#website","url":"https:\/\/www.rupertport.com\/fr\/","name":"Prince Rupert Port Authority","description":"L'avant-garde du Canada","publisher":{"@id":"https:\/\/www.rupertport.com\/fr\/#organization"},"alternateName":"PRPA","potentialAction":[{"@type":"SearchAction","target":{"@type":"EntryPoint","urlTemplate":"https:\/\/www.rupertport.com\/fr\/?s={search_term_string}"},"query-input":{"@type":"PropertyValueSpecification","valueRequired":true,"valueName":"search_term_string"}}],"inLanguage":"fr-FR"},{"@type":"Organization","@id":"https:\/\/www.rupertport.com\/fr\/#organization","name":"Prince Rupert Port Authority","alternateName":"PRPA","url":"https:\/\/www.rupertport.com\/fr\/","logo":{"@type":"ImageObject","inLanguage":"fr-FR","@id":"https:\/\/www.rupertport.com\/fr\/#\/schema\/logo\/image\/","url":"https:\/\/www.rupertport.com\/wp-content\/uploads\/2021\/04\/cropped-PRPA-logo-meta-1200x1200-1.jpg","contentUrl":"https:\/\/www.rupertport.com\/wp-content\/uploads\/2021\/04\/cropped-PRPA-logo-meta-1200x1200-1.jpg","width":512,"height":512,"caption":"Prince Rupert Port Authority"},"image":{"@id":"https:\/\/www.rupertport.com\/fr\/#\/schema\/logo\/image\/"},"sameAs":["https:\/\/www.facebook.com\/rupertport\/","https:\/\/x.com\/rupertport"]}]}},"_links":{"self":[{"href":"https:\/\/www.rupertport.com\/fr\/wp-json\/wp\/v2\/pages\/13947","targetHints":{"allow":["GET"]}}],"collection":[{"href":"https:\/\/www.rupertport.com\/fr\/wp-json\/wp\/v2\/pages"}],"about":[{"href":"https:\/\/www.rupertport.com\/fr\/wp-json\/wp\/v2\/types\/page"}],"author":[{"embeddable":true,"href":"https:\/\/www.rupertport.com\/fr\/wp-json\/wp\/v2\/users\/6"}],"replies":[{"embeddable":true,"href":"https:\/\/www.rupertport.com\/fr\/wp-json\/wp\/v2\/comments?post=13947"}],"version-history":[{"count":1,"href":"https:\/\/www.rupertport.com\/fr\/wp-json\/wp\/v2\/pages\/13947\/revisions"}],"predecessor-version":[{"id":24569,"href":"https:\/\/www.rupertport.com\/fr\/wp-json\/wp\/v2\/pages\/13947\/revisions\/24569"}],"wp:featuredmedia":[{"embeddable":true,"href":"https:\/\/www.rupertport.com\/fr\/wp-json\/wp\/v2\/media\/10202"}],"wp:attachment":[{"href":"https:\/\/www.rupertport.com\/fr\/wp-json\/wp\/v2\/media?parent=13947"}],"curies":[{"name":"wp","href":"https:\/\/api.w.org\/{rel}","templated":true}]}}