{"id":13945,"date":"2019-11-20T17:16:15","date_gmt":"2019-11-21T01:16:15","guid":{"rendered":"https:\/\/massive.rupertport.com\/surveillance-du-bruit\/"},"modified":"2023-07-31T19:36:17","modified_gmt":"2023-07-31T19:36:17","slug":"surveillance-du-bruit","status":"publish","type":"page","link":"https:\/\/www.rupertport.com\/fr\/surveillance-du-bruit\/","title":{"rendered":"Surveillance du bruit"},"content":{"rendered":"\n<h4 class=\"wp-block-heading\">Qu&rsquo;est-ce que le bruit et pourquoi est-il important ?<\/h4>\n\n<p>Le son est toute variation de pression d\u00e9tectable par l&rsquo;oreille humaine. La question de savoir s&rsquo;il s&rsquo;agit d&rsquo;un bruit d\u00e9pend de la r\u00e9ception et de la perception de ce son. Le bruit est donc souvent d\u00e9crit comme un facteur de nuisance, mais dans les cas extr\u00eames, il peut devenir un facteur de stress pour les humains (par exemple, incapacit\u00e9 \u00e0 dormir profond\u00e9ment) et d&rsquo;autres animaux (par exemple, incapacit\u00e9 \u00e0 communiquer ou \u00e0 entendre les pr\u00e9dateurs).<\/p>\n\n<p>Le son est g\u00e9n\u00e9ralement mesur\u00e9 par son niveau de pression acoustique exprim\u00e9 en d\u00e9cibels (dB). 0 dB est le seuil de l&rsquo;audition, tandis que 130 dB est consid\u00e9r\u00e9 comme le seuil de la douleur. Une augmentation de 8 \u00e0 10 dB est n\u00e9cessaire pour que le son soit subjectivement per\u00e7u comme significativement plus fort.<\/p>\n\n<h4 class=\"wp-block-heading\">Comment le bruit est-il mesur\u00e9 dans la communaut\u00e9 ?<\/h4>\n\n<p>L&rsquo;APPR surveille le bruit \u00e0 plusieurs terminaux permanents de surveillance du bruit situ\u00e9s \u00e0 Prince Rupert et \u00e0 Port Edward. Ces stations sont implant\u00e9es en fonction de plusieurs crit\u00e8res, l&rsquo;objectif principal \u00e9tant de fournir des mesures pr\u00e9cises du bruit au sein de la communaut\u00e9 o\u00f9 il existe un impact potentiel des activit\u00e9s portuaires ou non portuaires, actuelles ou futures. Chaque terminal mesure le bruit et transmet les donn\u00e9es en temps r\u00e9el \u00e0 un <a href=\"https:\/\/public.envcloud.com\/ppr\/rupertport\/\" target=\"_blank\" rel=\"noreferrer noopener\">portail d\u00e9di\u00e9<\/a>. Ce syst\u00e8me est \u00e9galement configur\u00e9 pour effectuer des enregistrements audio lorsque certains seuils sont d\u00e9pass\u00e9s, ce qui permet d&rsquo;identifier les sources de bruit telles que les mouvements de trains, d&rsquo;avions, de bateaux ou d&rsquo;animaux sauvages. Les donn\u00e9es de mesure du bruit, les informations op\u00e9rationnelles et les commentaires du public constituent les outils utilis\u00e9s par l&rsquo;APPR pour comprendre l&rsquo;\u00e9tat du bruit dans la communaut\u00e9 et r\u00e9pondre \u00e0 toutes les pr\u00e9occupations soulev\u00e9es.<\/p>\n\n<h4 class=\"wp-block-heading\">Quel est le niveau de bruit acceptable ?<\/h4>\n\n<p>La r\u00e9glementation du bruit se limite principalement \u00e0 des lignes directrices sp\u00e9cifiques \u00e0 l&rsquo;industrie (par exemple, le p\u00e9trole et le gaz), \u00e0 des normes professionnelles et \u00e0 des produits de consommation. Dans son \u00e9valuation du bruit li\u00e9 aux activit\u00e9s portuaires, l&rsquo;APPR se r\u00e9f\u00e8re g\u00e9n\u00e9ralement aux valeurs moyennes de 55 dB le jour et de 45 dB la nuit fournies par Sant\u00e9 Canada. Toutefois, il est important de noter que chaque zone d&rsquo;int\u00e9r\u00eat est unique en termes de caract\u00e9ristiques environnementales, d&rsquo;activit\u00e9 environnante et de conditions de base, et que ces attributs doivent \u00eatre pris en compte lors de la d\u00e9finition des objectifs en mati\u00e8re de bruit et de l&rsquo;\u00e9valuation des d\u00e9passements de bruit.<\/p>\n","protected":false},"excerpt":{"rendered":"<p>Qu&rsquo;est-ce que le bruit et pourquoi est-il important ? Le son est toute variation de pression d\u00e9tectable par l&rsquo;oreille humaine. La question de savoir s&rsquo;il s&rsquo;agit d&rsquo;un bruit d\u00e9pend de la r\u00e9ception et de la perception de ce son. Le bruit est donc souvent d\u00e9crit comme un facteur de nuisance, mais dans les cas extr\u00eames, [&hellip;]<\/p>\n","protected":false},"author":6,"featured_media":10387,"parent":0,"menu_order":0,"comment_status":"closed","ping_status":"closed","template":"","meta":{"_acf_changed":false,"footnotes":""},"class_list":["post-13945","page","type-page","status-publish","has-post-thumbnail","hentry"],"acf":[],"yoast_head":"<!-- This site is optimized with the Yoast SEO plugin v26.8 - https:\/\/yoast.com\/product\/yoast-seo-wordpress\/ -->\n<title>Surveillance du bruit | Autorit\u00e9 portuaire de Prince Rupert<\/title>\n<meta name=\"description\" content=\"D\u00e9couvrez nos initiatives en mati\u00e8re de surveillance du bruit afin de minimiser l&#039;impact sonore \u00e0 l&#039;L&#039;Administration portuaire de Prince Rupert. Fonctionnement silencieux !\" \/>\n<meta name=\"robots\" content=\"index, follow, max-snippet:-1, max-image-preview:large, max-video-preview:-1\" \/>\n<link rel=\"canonical\" href=\"https:\/\/www.rupertport.com\/fr\/surveillance-du-bruit\/\" \/>\n<meta property=\"og:locale\" content=\"fr_FR\" \/>\n<meta property=\"og:type\" content=\"article\" \/>\n<meta property=\"og:title\" content=\"Surveillance du bruit | Autorit\u00e9 portuaire de Prince Rupert\" \/>\n<meta property=\"og:description\" content=\"D\u00e9couvrez nos initiatives en mati\u00e8re de surveillance du bruit afin de minimiser l&#039;impact sonore \u00e0 l&#039;L&#039;Administration portuaire de Prince Rupert. Fonctionnement silencieux !\" \/>\n<meta property=\"og:url\" content=\"https:\/\/www.rupertport.com\/fr\/surveillance-du-bruit\/\" \/>\n<meta property=\"og:site_name\" content=\"Autorit\u00e9 portuaire de Prince Rupert\" \/>\n<meta property=\"article:publisher\" content=\"https:\/\/www.facebook.com\/rupertport\/\" \/>\n<meta property=\"article:modified_time\" content=\"2023-07-31T19:36:17+00:00\" \/>\n<meta property=\"og:image\" content=\"https:\/\/www.rupertport.com\/wp-content\/uploads\/2019\/12\/noise-quality-feature.jpg\" \/>\n\t<meta property=\"og:image:width\" content=\"1500\" \/>\n\t<meta property=\"og:image:height\" content=\"825\" \/>\n\t<meta property=\"og:image:type\" content=\"image\/jpeg\" \/>\n<meta name=\"twitter:card\" content=\"summary_large_image\" \/>\n<meta name=\"twitter:site\" content=\"@rupertport\" \/>\n<script type=\"application\/ld+json\" class=\"yoast-schema-graph\">{\"@context\":\"https:\/\/schema.org\",\"@graph\":[{\"@type\":\"WebPage\",\"@id\":\"https:\/\/www.rupertport.com\/fr\/surveillance-du-bruit\/\",\"url\":\"https:\/\/www.rupertport.com\/fr\/surveillance-du-bruit\/\",\"name\":\"Surveillance du bruit | Autorit\u00e9 portuaire de Prince Rupert\",\"isPartOf\":{\"@id\":\"https:\/\/www.rupertport.com\/fr\/#website\"},\"primaryImageOfPage\":{\"@id\":\"https:\/\/www.rupertport.com\/fr\/surveillance-du-bruit\/#primaryimage\"},\"image\":{\"@id\":\"https:\/\/www.rupertport.com\/fr\/surveillance-du-bruit\/#primaryimage\"},\"thumbnailUrl\":\"https:\/\/www.rupertport.com\/wp-content\/uploads\/2019\/12\/noise-quality-feature.jpg\",\"datePublished\":\"2019-11-21T01:16:15+00:00\",\"dateModified\":\"2023-07-31T19:36:17+00:00\",\"description\":\"D\u00e9couvrez nos initiatives en mati\u00e8re de surveillance du bruit afin de minimiser l'impact sonore \u00e0 l'L'Administration portuaire de Prince Rupert. Fonctionnement silencieux !\",\"breadcrumb\":{\"@id\":\"https:\/\/www.rupertport.com\/fr\/surveillance-du-bruit\/#breadcrumb\"},\"inLanguage\":\"fr-FR\",\"potentialAction\":[{\"@type\":\"ReadAction\",\"target\":[\"https:\/\/www.rupertport.com\/fr\/surveillance-du-bruit\/\"]}]},{\"@type\":\"ImageObject\",\"inLanguage\":\"fr-FR\",\"@id\":\"https:\/\/www.rupertport.com\/fr\/surveillance-du-bruit\/#primaryimage\",\"url\":\"https:\/\/www.rupertport.com\/wp-content\/uploads\/2019\/12\/noise-quality-feature.jpg\",\"contentUrl\":\"https:\/\/www.rupertport.com\/wp-content\/uploads\/2019\/12\/noise-quality-feature.jpg\",\"width\":1500,\"height\":825},{\"@type\":\"BreadcrumbList\",\"@id\":\"https:\/\/www.rupertport.com\/fr\/surveillance-du-bruit\/#breadcrumb\",\"itemListElement\":[{\"@type\":\"ListItem\",\"position\":1,\"name\":\"Home\",\"item\":\"https:\/\/www.rupertport.com\/fr\/page-de-garde\/\"},{\"@type\":\"ListItem\",\"position\":2,\"name\":\"Surveillance du bruit\"}]},{\"@type\":\"WebSite\",\"@id\":\"https:\/\/www.rupertport.com\/fr\/#website\",\"url\":\"https:\/\/www.rupertport.com\/fr\/\",\"name\":\"Prince Rupert Port Authority\",\"description\":\"L'avant-garde du Canada\",\"publisher\":{\"@id\":\"https:\/\/www.rupertport.com\/fr\/#organization\"},\"alternateName\":\"PRPA\",\"potentialAction\":[{\"@type\":\"SearchAction\",\"target\":{\"@type\":\"EntryPoint\",\"urlTemplate\":\"https:\/\/www.rupertport.com\/fr\/?s={search_term_string}\"},\"query-input\":{\"@type\":\"PropertyValueSpecification\",\"valueRequired\":true,\"valueName\":\"search_term_string\"}}],\"inLanguage\":\"fr-FR\"},{\"@type\":\"Organization\",\"@id\":\"https:\/\/www.rupertport.com\/fr\/#organization\",\"name\":\"Prince Rupert Port Authority\",\"alternateName\":\"PRPA\",\"url\":\"https:\/\/www.rupertport.com\/fr\/\",\"logo\":{\"@type\":\"ImageObject\",\"inLanguage\":\"fr-FR\",\"@id\":\"https:\/\/www.rupertport.com\/fr\/#\/schema\/logo\/image\/\",\"url\":\"https:\/\/www.rupertport.com\/wp-content\/uploads\/2021\/04\/cropped-PRPA-logo-meta-1200x1200-1.jpg\",\"contentUrl\":\"https:\/\/www.rupertport.com\/wp-content\/uploads\/2021\/04\/cropped-PRPA-logo-meta-1200x1200-1.jpg\",\"width\":512,\"height\":512,\"caption\":\"Prince Rupert Port Authority\"},\"image\":{\"@id\":\"https:\/\/www.rupertport.com\/fr\/#\/schema\/logo\/image\/\"},\"sameAs\":[\"https:\/\/www.facebook.com\/rupertport\/\",\"https:\/\/x.com\/rupertport\"]}]}<\/script>\n<!-- \/ Yoast SEO plugin. -->","yoast_head_json":{"title":"Surveillance du bruit | Autorit\u00e9 portuaire de Prince Rupert","description":"D\u00e9couvrez nos initiatives en mati\u00e8re de surveillance du bruit afin de minimiser l'impact sonore \u00e0 l'L'Administration portuaire de Prince Rupert. Fonctionnement silencieux !","robots":{"index":"index","follow":"follow","max-snippet":"max-snippet:-1","max-image-preview":"max-image-preview:large","max-video-preview":"max-video-preview:-1"},"canonical":"https:\/\/www.rupertport.com\/fr\/surveillance-du-bruit\/","og_locale":"fr_FR","og_type":"article","og_title":"Surveillance du bruit | Autorit\u00e9 portuaire de Prince Rupert","og_description":"D\u00e9couvrez nos initiatives en mati\u00e8re de surveillance du bruit afin de minimiser l'impact sonore \u00e0 l'L'Administration portuaire de Prince Rupert. Fonctionnement silencieux !","og_url":"https:\/\/www.rupertport.com\/fr\/surveillance-du-bruit\/","og_site_name":"Autorit\u00e9 portuaire de Prince Rupert","article_publisher":"https:\/\/www.facebook.com\/rupertport\/","article_modified_time":"2023-07-31T19:36:17+00:00","og_image":[{"width":1500,"height":825,"url":"https:\/\/www.rupertport.com\/wp-content\/uploads\/2019\/12\/noise-quality-feature.jpg","type":"image\/jpeg"}],"twitter_card":"summary_large_image","twitter_site":"@rupertport","schema":{"@context":"https:\/\/schema.org","@graph":[{"@type":"WebPage","@id":"https:\/\/www.rupertport.com\/fr\/surveillance-du-bruit\/","url":"https:\/\/www.rupertport.com\/fr\/surveillance-du-bruit\/","name":"Surveillance du bruit | Autorit\u00e9 portuaire de Prince Rupert","isPartOf":{"@id":"https:\/\/www.rupertport.com\/fr\/#website"},"primaryImageOfPage":{"@id":"https:\/\/www.rupertport.com\/fr\/surveillance-du-bruit\/#primaryimage"},"image":{"@id":"https:\/\/www.rupertport.com\/fr\/surveillance-du-bruit\/#primaryimage"},"thumbnailUrl":"https:\/\/www.rupertport.com\/wp-content\/uploads\/2019\/12\/noise-quality-feature.jpg","datePublished":"2019-11-21T01:16:15+00:00","dateModified":"2023-07-31T19:36:17+00:00","description":"D\u00e9couvrez nos initiatives en mati\u00e8re de surveillance du bruit afin de minimiser l'impact sonore \u00e0 l'L'Administration portuaire de Prince Rupert. Fonctionnement silencieux !","breadcrumb":{"@id":"https:\/\/www.rupertport.com\/fr\/surveillance-du-bruit\/#breadcrumb"},"inLanguage":"fr-FR","potentialAction":[{"@type":"ReadAction","target":["https:\/\/www.rupertport.com\/fr\/surveillance-du-bruit\/"]}]},{"@type":"ImageObject","inLanguage":"fr-FR","@id":"https:\/\/www.rupertport.com\/fr\/surveillance-du-bruit\/#primaryimage","url":"https:\/\/www.rupertport.com\/wp-content\/uploads\/2019\/12\/noise-quality-feature.jpg","contentUrl":"https:\/\/www.rupertport.com\/wp-content\/uploads\/2019\/12\/noise-quality-feature.jpg","width":1500,"height":825},{"@type":"BreadcrumbList","@id":"https:\/\/www.rupertport.com\/fr\/surveillance-du-bruit\/#breadcrumb","itemListElement":[{"@type":"ListItem","position":1,"name":"Home","item":"https:\/\/www.rupertport.com\/fr\/page-de-garde\/"},{"@type":"ListItem","position":2,"name":"Surveillance du bruit"}]},{"@type":"WebSite","@id":"https:\/\/www.rupertport.com\/fr\/#website","url":"https:\/\/www.rupertport.com\/fr\/","name":"Prince Rupert Port Authority","description":"L'avant-garde du Canada","publisher":{"@id":"https:\/\/www.rupertport.com\/fr\/#organization"},"alternateName":"PRPA","potentialAction":[{"@type":"SearchAction","target":{"@type":"EntryPoint","urlTemplate":"https:\/\/www.rupertport.com\/fr\/?s={search_term_string}"},"query-input":{"@type":"PropertyValueSpecification","valueRequired":true,"valueName":"search_term_string"}}],"inLanguage":"fr-FR"},{"@type":"Organization","@id":"https:\/\/www.rupertport.com\/fr\/#organization","name":"Prince Rupert Port Authority","alternateName":"PRPA","url":"https:\/\/www.rupertport.com\/fr\/","logo":{"@type":"ImageObject","inLanguage":"fr-FR","@id":"https:\/\/www.rupertport.com\/fr\/#\/schema\/logo\/image\/","url":"https:\/\/www.rupertport.com\/wp-content\/uploads\/2021\/04\/cropped-PRPA-logo-meta-1200x1200-1.jpg","contentUrl":"https:\/\/www.rupertport.com\/wp-content\/uploads\/2021\/04\/cropped-PRPA-logo-meta-1200x1200-1.jpg","width":512,"height":512,"caption":"Prince Rupert Port Authority"},"image":{"@id":"https:\/\/www.rupertport.com\/fr\/#\/schema\/logo\/image\/"},"sameAs":["https:\/\/www.facebook.com\/rupertport\/","https:\/\/x.com\/rupertport"]}]}},"_links":{"self":[{"href":"https:\/\/www.rupertport.com\/fr\/wp-json\/wp\/v2\/pages\/13945","targetHints":{"allow":["GET"]}}],"collection":[{"href":"https:\/\/www.rupertport.com\/fr\/wp-json\/wp\/v2\/pages"}],"about":[{"href":"https:\/\/www.rupertport.com\/fr\/wp-json\/wp\/v2\/types\/page"}],"author":[{"embeddable":true,"href":"https:\/\/www.rupertport.com\/fr\/wp-json\/wp\/v2\/users\/6"}],"replies":[{"embeddable":true,"href":"https:\/\/www.rupertport.com\/fr\/wp-json\/wp\/v2\/comments?post=13945"}],"version-history":[{"count":0,"href":"https:\/\/www.rupertport.com\/fr\/wp-json\/wp\/v2\/pages\/13945\/revisions"}],"wp:featuredmedia":[{"embeddable":true,"href":"https:\/\/www.rupertport.com\/fr\/wp-json\/wp\/v2\/media\/10387"}],"wp:attachment":[{"href":"https:\/\/www.rupertport.com\/fr\/wp-json\/wp\/v2\/media?parent=13945"}],"curies":[{"name":"wp","href":"https:\/\/api.w.org\/{rel}","templated":true}]}}