{"id":13941,"date":"2019-11-20T17:12:48","date_gmt":"2019-11-21T01:12:48","guid":{"rendered":"https:\/\/massive.rupertport.com\/especes-aquatiques-envahissantes\/"},"modified":"2023-07-31T19:36:18","modified_gmt":"2023-07-31T19:36:18","slug":"especes-aquatiques-envahissantes","status":"publish","type":"page","link":"https:\/\/www.rupertport.com\/fr\/especes-aquatiques-envahissantes\/","title":{"rendered":"Esp\u00e8ces aquatiques envahissantes"},"content":{"rendered":"\n<h3 class=\"wp-block-heading\">Que sont les esp\u00e8ces aquatiques envahissantes et pourquoi sont-elles pr\u00e9occupantes ?<\/h3>\n\n<p>Un envahisseur aquatique est une esp\u00e8ce non indig\u00e8ne dont l&rsquo;introduction est susceptible de causer des dommages \u00e0 l&rsquo;\u00e9cosyst\u00e8me d&rsquo;accueil et \u00e0 ses plantes indig\u00e8nes ou \u00e0 la vie aquatique. Les esp\u00e8ces envahissantes se d\u00e9veloppent en l&rsquo;absence de leurs pr\u00e9dateurs indig\u00e8nes et peuvent modifier radicalement l&rsquo;habitat, le rendant inhospitalier pour les esp\u00e8ces existantes.<\/p>\n\n<p>Dans les ports qui accueillent le commerce maritime, la pr\u00e9vention est essentielle. Les vecteurs d&rsquo;introduction d&rsquo;esp\u00e8ces envahissantes peuvent \u00eatre les processus hydrographiques, les d\u00e9bris \u00e9trangers transport\u00e9s par l&rsquo;eau et le trafic maritime de plaisance et portuaire. En particulier, l&rsquo;APPR travaille en \u00e9troite collaboration avec Transports Canada pour s&rsquo;assurer que les navires commerciaux g\u00e8rent leur eau de ballast (eau de mer pomp\u00e9e dans les navires \u00e0 des fins de stabilisation) conform\u00e9ment aux conventions internationales, y compris les programmes d&rsquo;\u00e9change de ballast au milieu de l&rsquo;oc\u00e9an. Une gestion efficace limite le transfert d&rsquo;esp\u00e8ces exotiques d&rsquo;une r\u00e9gion \u00e0 l&rsquo;autre. En plus de PlateWatch et en collaboration avec le CMC et le MPO, l&rsquo;APPR surveille \u00e9galement les crabes verts europ\u00e9ens adultes \u00e0 l&rsquo;aide de pi\u00e8ges et effectue un \u00e9chantillonnage trimestriel du zooplancton \u00e0 l&rsquo;aide d&rsquo;un filet remorqueur \u00e0 plancton pour rechercher les stades larvaires.<\/p>\n\n<p>Les esp\u00e8ces aquatiques envahissantes ont d\u00e9j\u00e0 \u00e9t\u00e9 responsables d&rsquo;une d\u00e9vastation importante de certaines esp\u00e8ces de poissons indig\u00e8nes et de certaines p\u00eacheries au Canada. Un certain nombre d&rsquo;esp\u00e8ces pr\u00e9sentent un int\u00e9r\u00eat particulier pour les eaux entourant Prince Rupert, notamment le Didemnum Vexillum, qui se propage rapidement et envahit de nombreuses autres esp\u00e8ces, y compris les mollusques et les crustac\u00e9s. Le crabe vert europ\u00e9en, une esp\u00e8ce envahissante potentiellement nuisible qui n&rsquo;a \u00e9t\u00e9 introduite que r\u00e9cemment sur la c\u00f4te ouest, est \u00e9galement un sujet de pr\u00e9occupation.<\/p>\n\n<h3 class=\"wp-block-heading\">Comment les esp\u00e8ces aquatiques envahissantes sont-elles surveill\u00e9es ?<\/h3>\n\n<p>En 2012, l&rsquo;Autorit\u00e9 portuaire a entam\u00e9 un partenariat avec le Coast Mountain College et le programme Plate Watch du Invasive Tunicate Network pour lancer l&rsquo;un des rares programmes de surveillance des esp\u00e8ces aquatiques envahissantes sur le littoral de la Colombie-Britannique. Avec le soutien de P\u00eaches et Oc\u00e9ans Canada, le programme local communique ses r\u00e9sultats au r\u00e9seau d&rsquo;experts de toute la c\u00f4te et contribue \u00e0 un syst\u00e8me de d\u00e9tection pr\u00e9coce des esp\u00e8ces envahissantes qui n&rsquo;\u00e9taient pas pr\u00e9sentes auparavant dans le nord-ouest du Pacifique.<\/p>\n\n<p>Le programme utilise le dispositif simple d&rsquo;une plaque de PVC plate et propre attach\u00e9e \u00e0 une brique, qui est ensuite d\u00e9ploy\u00e9e \u00e0 partir d&rsquo;une jet\u00e9e ou d&rsquo;un quai flottant. La plaque est fix\u00e9e \u00e0 environ un m\u00e8tre sous l&rsquo;eau, l\u00e0 o\u00f9 se trouve le plus grand pourcentage d&rsquo;esp\u00e8ces cibles, et permet de collecter des \u00e9chantillons pendant une p\u00e9riode pouvant aller jusqu&rsquo;\u00e0 six mois avant qu&rsquo;ils ne soient remont\u00e9s et \u00e9tudi\u00e9s. En collaboration avec le programme d&rsquo;\u00e9cologie c\u00f4ti\u00e8re appliqu\u00e9e du Coast Mountain College, l&rsquo;APPR surveille un total de 40 plaques sur quatre sites diff\u00e9rents du front de mer.<\/p>\n\n<p>Le programme Plate Watch est un collectif de chercheurs et de b\u00e9n\u00e9voles issus de divers groupes de sciences marines, de la Californie \u00e0 l&rsquo;Alaska, dont certains collectent des donn\u00e9es depuis 1994. Depuis son lancement officiel en 2007, Plate Watch a cr\u00e9\u00e9 un r\u00e9seau en ligne pour partager des informations \u00e0 travers le vaste r\u00e9seau de sites participants.<\/p>\n\n<p>Gr\u00e2ce \u00e0 ce programme de surveillance unique, l&rsquo;APPR travaille en collaboration avec des partenaires de Prince Rupert et de toute la c\u00f4te ouest de l&rsquo;Am\u00e9rique du Nord afin de mieux comprendre comment nous pouvons collectivement maintenir notre littoral en bonne sant\u00e9 et exempt d&rsquo;organismes potentiellement dangereux.<\/p>\n\n<h3 class=\"wp-block-heading\">Qu&rsquo;est-ce qui d\u00e9termine la menace d&rsquo;une esp\u00e8ce envahissante ?<\/h3>\n\n<p>Outre l&rsquo;\u00e9tablissement de donn\u00e9es de r\u00e9f\u00e9rence essentielles et d&rsquo;un registre des esp\u00e8ces de la r\u00e9gion, la participation au programme Plate Watch permet d&rsquo;avoir une vision plus large de l&rsquo;arriv\u00e9e et de la propagation des esp\u00e8ces envahissantes le long de la c\u00f4te nord du Pacifique. Le r\u00e9seau permet \u00e9galement de participer \u00e0 une plus grande mobilisation des strat\u00e9gies de gestion.<\/p>\n\n<p>Jusqu&rsquo;\u00e0 pr\u00e9sent, aucune esp\u00e8ce envahissante n&rsquo;a \u00e9t\u00e9 d\u00e9tect\u00e9e dans le port de Prince Rupert, mais quelques-unes ont \u00e9t\u00e9 trouv\u00e9es dans la zone g\u00e9n\u00e9rale de la c\u00f4te nord de la Colombie-Britannique et de la c\u00f4te sud-est de l&rsquo;Alaska.<a href=\"https:\/\/devweb.rupertport.com\/\"><\/a><br\/><\/p>\n","protected":false},"excerpt":{"rendered":"<p>Que sont les esp\u00e8ces aquatiques envahissantes et pourquoi sont-elles pr\u00e9occupantes ? Un envahisseur aquatique est une esp\u00e8ce non indig\u00e8ne dont l&rsquo;introduction est susceptible de causer des dommages \u00e0 l&rsquo;\u00e9cosyst\u00e8me d&rsquo;accueil et \u00e0 ses plantes indig\u00e8nes ou \u00e0 la vie aquatique. Les esp\u00e8ces envahissantes se d\u00e9veloppent en l&rsquo;absence de leurs pr\u00e9dateurs indig\u00e8nes et peuvent modifier radicalement [&hellip;]<\/p>\n","protected":false},"author":6,"featured_media":26292,"parent":0,"menu_order":0,"comment_status":"closed","ping_status":"closed","template":"","meta":{"_acf_changed":false,"footnotes":""},"class_list":["post-13941","page","type-page","status-publish","has-post-thumbnail","hentry"],"acf":[],"yoast_head":"<!-- This site is optimized with the Yoast SEO plugin v26.8 - https:\/\/yoast.com\/product\/yoast-seo-wordpress\/ -->\n<title>Esp\u00e8ces aquatiques envahissantes | Autorit\u00e9 portuaire de Prince Rupert<\/title>\n<meta name=\"description\" content=\"D\u00e9couvrez nos initiatives pour pr\u00e9venir les esp\u00e8ces aquatiques envahissantes \u00e0 l&#039;L&#039;Administration portuaire de Prince Rupert. Prot\u00e9geons nos eaux !\" \/>\n<meta name=\"robots\" content=\"index, follow, max-snippet:-1, max-image-preview:large, max-video-preview:-1\" \/>\n<link rel=\"canonical\" href=\"https:\/\/www.rupertport.com\/fr\/especes-aquatiques-envahissantes\/\" \/>\n<meta property=\"og:locale\" content=\"fr_FR\" \/>\n<meta property=\"og:type\" content=\"article\" \/>\n<meta property=\"og:title\" content=\"Esp\u00e8ces aquatiques envahissantes | Autorit\u00e9 portuaire de Prince Rupert\" \/>\n<meta property=\"og:description\" content=\"D\u00e9couvrez nos initiatives pour pr\u00e9venir les esp\u00e8ces aquatiques envahissantes \u00e0 l&#039;L&#039;Administration portuaire de Prince Rupert. Prot\u00e9geons nos eaux !\" \/>\n<meta property=\"og:url\" content=\"https:\/\/www.rupertport.com\/fr\/especes-aquatiques-envahissantes\/\" \/>\n<meta property=\"og:site_name\" content=\"Autorit\u00e9 portuaire de Prince Rupert\" \/>\n<meta property=\"article:publisher\" content=\"https:\/\/www.facebook.com\/rupertport\/\" \/>\n<meta property=\"article:modified_time\" content=\"2023-07-31T19:36:18+00:00\" \/>\n<meta property=\"og:image\" content=\"https:\/\/www.rupertport.com\/wp-content\/uploads\/2019\/11\/invasive-species-feature.jpg\" \/>\n\t<meta property=\"og:image:width\" content=\"1500\" \/>\n\t<meta property=\"og:image:height\" content=\"825\" \/>\n\t<meta property=\"og:image:type\" content=\"image\/jpeg\" \/>\n<meta name=\"twitter:card\" content=\"summary_large_image\" \/>\n<meta name=\"twitter:site\" content=\"@rupertport\" \/>\n<script type=\"application\/ld+json\" class=\"yoast-schema-graph\">{\"@context\":\"https:\/\/schema.org\",\"@graph\":[{\"@type\":\"WebPage\",\"@id\":\"https:\/\/www.rupertport.com\/fr\/especes-aquatiques-envahissantes\/\",\"url\":\"https:\/\/www.rupertport.com\/fr\/especes-aquatiques-envahissantes\/\",\"name\":\"Esp\u00e8ces aquatiques envahissantes | Autorit\u00e9 portuaire de Prince Rupert\",\"isPartOf\":{\"@id\":\"https:\/\/www.rupertport.com\/fr\/#website\"},\"primaryImageOfPage\":{\"@id\":\"https:\/\/www.rupertport.com\/fr\/especes-aquatiques-envahissantes\/#primaryimage\"},\"image\":{\"@id\":\"https:\/\/www.rupertport.com\/fr\/especes-aquatiques-envahissantes\/#primaryimage\"},\"thumbnailUrl\":\"https:\/\/www.rupertport.com\/wp-content\/uploads\/2026\/02\/Delusion-Bay-2-small.jpg\",\"datePublished\":\"2019-11-21T01:12:48+00:00\",\"dateModified\":\"2023-07-31T19:36:18+00:00\",\"description\":\"D\u00e9couvrez nos initiatives pour pr\u00e9venir les esp\u00e8ces aquatiques envahissantes \u00e0 l'L'Administration portuaire de Prince Rupert. Prot\u00e9geons nos eaux !\",\"breadcrumb\":{\"@id\":\"https:\/\/www.rupertport.com\/fr\/especes-aquatiques-envahissantes\/#breadcrumb\"},\"inLanguage\":\"fr-FR\",\"potentialAction\":[{\"@type\":\"ReadAction\",\"target\":[\"https:\/\/www.rupertport.com\/fr\/especes-aquatiques-envahissantes\/\"]}]},{\"@type\":\"ImageObject\",\"inLanguage\":\"fr-FR\",\"@id\":\"https:\/\/www.rupertport.com\/fr\/especes-aquatiques-envahissantes\/#primaryimage\",\"url\":\"https:\/\/www.rupertport.com\/wp-content\/uploads\/2026\/02\/Delusion-Bay-2-small.jpg\",\"contentUrl\":\"https:\/\/www.rupertport.com\/wp-content\/uploads\/2026\/02\/Delusion-Bay-2-small.jpg\",\"width\":1920,\"height\":713},{\"@type\":\"BreadcrumbList\",\"@id\":\"https:\/\/www.rupertport.com\/fr\/especes-aquatiques-envahissantes\/#breadcrumb\",\"itemListElement\":[{\"@type\":\"ListItem\",\"position\":1,\"name\":\"Home\",\"item\":\"https:\/\/www.rupertport.com\/fr\/page-de-garde\/\"},{\"@type\":\"ListItem\",\"position\":2,\"name\":\"Esp\u00e8ces aquatiques envahissantes\"}]},{\"@type\":\"WebSite\",\"@id\":\"https:\/\/www.rupertport.com\/fr\/#website\",\"url\":\"https:\/\/www.rupertport.com\/fr\/\",\"name\":\"Prince Rupert Port Authority\",\"description\":\"L'avant-garde du Canada\",\"publisher\":{\"@id\":\"https:\/\/www.rupertport.com\/fr\/#organization\"},\"alternateName\":\"PRPA\",\"potentialAction\":[{\"@type\":\"SearchAction\",\"target\":{\"@type\":\"EntryPoint\",\"urlTemplate\":\"https:\/\/www.rupertport.com\/fr\/?s={search_term_string}\"},\"query-input\":{\"@type\":\"PropertyValueSpecification\",\"valueRequired\":true,\"valueName\":\"search_term_string\"}}],\"inLanguage\":\"fr-FR\"},{\"@type\":\"Organization\",\"@id\":\"https:\/\/www.rupertport.com\/fr\/#organization\",\"name\":\"Prince Rupert Port Authority\",\"alternateName\":\"PRPA\",\"url\":\"https:\/\/www.rupertport.com\/fr\/\",\"logo\":{\"@type\":\"ImageObject\",\"inLanguage\":\"fr-FR\",\"@id\":\"https:\/\/www.rupertport.com\/fr\/#\/schema\/logo\/image\/\",\"url\":\"https:\/\/www.rupertport.com\/wp-content\/uploads\/2021\/04\/cropped-PRPA-logo-meta-1200x1200-1.jpg\",\"contentUrl\":\"https:\/\/www.rupertport.com\/wp-content\/uploads\/2021\/04\/cropped-PRPA-logo-meta-1200x1200-1.jpg\",\"width\":512,\"height\":512,\"caption\":\"Prince Rupert Port Authority\"},\"image\":{\"@id\":\"https:\/\/www.rupertport.com\/fr\/#\/schema\/logo\/image\/\"},\"sameAs\":[\"https:\/\/www.facebook.com\/rupertport\/\",\"https:\/\/x.com\/rupertport\"]}]}<\/script>\n<!-- \/ Yoast SEO plugin. -->","yoast_head_json":{"title":"Esp\u00e8ces aquatiques envahissantes | Autorit\u00e9 portuaire de Prince Rupert","description":"D\u00e9couvrez nos initiatives pour pr\u00e9venir les esp\u00e8ces aquatiques envahissantes \u00e0 l'L'Administration portuaire de Prince Rupert. Prot\u00e9geons nos eaux !","robots":{"index":"index","follow":"follow","max-snippet":"max-snippet:-1","max-image-preview":"max-image-preview:large","max-video-preview":"max-video-preview:-1"},"canonical":"https:\/\/www.rupertport.com\/fr\/especes-aquatiques-envahissantes\/","og_locale":"fr_FR","og_type":"article","og_title":"Esp\u00e8ces aquatiques envahissantes | Autorit\u00e9 portuaire de Prince Rupert","og_description":"D\u00e9couvrez nos initiatives pour pr\u00e9venir les esp\u00e8ces aquatiques envahissantes \u00e0 l'L'Administration portuaire de Prince Rupert. Prot\u00e9geons nos eaux !","og_url":"https:\/\/www.rupertport.com\/fr\/especes-aquatiques-envahissantes\/","og_site_name":"Autorit\u00e9 portuaire de Prince Rupert","article_publisher":"https:\/\/www.facebook.com\/rupertport\/","article_modified_time":"2023-07-31T19:36:18+00:00","og_image":[{"width":1500,"height":825,"url":"https:\/\/www.rupertport.com\/wp-content\/uploads\/2019\/11\/invasive-species-feature.jpg","type":"image\/jpeg"}],"twitter_card":"summary_large_image","twitter_site":"@rupertport","schema":{"@context":"https:\/\/schema.org","@graph":[{"@type":"WebPage","@id":"https:\/\/www.rupertport.com\/fr\/especes-aquatiques-envahissantes\/","url":"https:\/\/www.rupertport.com\/fr\/especes-aquatiques-envahissantes\/","name":"Esp\u00e8ces aquatiques envahissantes | Autorit\u00e9 portuaire de Prince Rupert","isPartOf":{"@id":"https:\/\/www.rupertport.com\/fr\/#website"},"primaryImageOfPage":{"@id":"https:\/\/www.rupertport.com\/fr\/especes-aquatiques-envahissantes\/#primaryimage"},"image":{"@id":"https:\/\/www.rupertport.com\/fr\/especes-aquatiques-envahissantes\/#primaryimage"},"thumbnailUrl":"https:\/\/www.rupertport.com\/wp-content\/uploads\/2026\/02\/Delusion-Bay-2-small.jpg","datePublished":"2019-11-21T01:12:48+00:00","dateModified":"2023-07-31T19:36:18+00:00","description":"D\u00e9couvrez nos initiatives pour pr\u00e9venir les esp\u00e8ces aquatiques envahissantes \u00e0 l'L'Administration portuaire de Prince Rupert. Prot\u00e9geons nos eaux !","breadcrumb":{"@id":"https:\/\/www.rupertport.com\/fr\/especes-aquatiques-envahissantes\/#breadcrumb"},"inLanguage":"fr-FR","potentialAction":[{"@type":"ReadAction","target":["https:\/\/www.rupertport.com\/fr\/especes-aquatiques-envahissantes\/"]}]},{"@type":"ImageObject","inLanguage":"fr-FR","@id":"https:\/\/www.rupertport.com\/fr\/especes-aquatiques-envahissantes\/#primaryimage","url":"https:\/\/www.rupertport.com\/wp-content\/uploads\/2026\/02\/Delusion-Bay-2-small.jpg","contentUrl":"https:\/\/www.rupertport.com\/wp-content\/uploads\/2026\/02\/Delusion-Bay-2-small.jpg","width":1920,"height":713},{"@type":"BreadcrumbList","@id":"https:\/\/www.rupertport.com\/fr\/especes-aquatiques-envahissantes\/#breadcrumb","itemListElement":[{"@type":"ListItem","position":1,"name":"Home","item":"https:\/\/www.rupertport.com\/fr\/page-de-garde\/"},{"@type":"ListItem","position":2,"name":"Esp\u00e8ces aquatiques envahissantes"}]},{"@type":"WebSite","@id":"https:\/\/www.rupertport.com\/fr\/#website","url":"https:\/\/www.rupertport.com\/fr\/","name":"Prince Rupert Port Authority","description":"L'avant-garde du Canada","publisher":{"@id":"https:\/\/www.rupertport.com\/fr\/#organization"},"alternateName":"PRPA","potentialAction":[{"@type":"SearchAction","target":{"@type":"EntryPoint","urlTemplate":"https:\/\/www.rupertport.com\/fr\/?s={search_term_string}"},"query-input":{"@type":"PropertyValueSpecification","valueRequired":true,"valueName":"search_term_string"}}],"inLanguage":"fr-FR"},{"@type":"Organization","@id":"https:\/\/www.rupertport.com\/fr\/#organization","name":"Prince Rupert Port Authority","alternateName":"PRPA","url":"https:\/\/www.rupertport.com\/fr\/","logo":{"@type":"ImageObject","inLanguage":"fr-FR","@id":"https:\/\/www.rupertport.com\/fr\/#\/schema\/logo\/image\/","url":"https:\/\/www.rupertport.com\/wp-content\/uploads\/2021\/04\/cropped-PRPA-logo-meta-1200x1200-1.jpg","contentUrl":"https:\/\/www.rupertport.com\/wp-content\/uploads\/2021\/04\/cropped-PRPA-logo-meta-1200x1200-1.jpg","width":512,"height":512,"caption":"Prince Rupert Port Authority"},"image":{"@id":"https:\/\/www.rupertport.com\/fr\/#\/schema\/logo\/image\/"},"sameAs":["https:\/\/www.facebook.com\/rupertport\/","https:\/\/x.com\/rupertport"]}]}},"_links":{"self":[{"href":"https:\/\/www.rupertport.com\/fr\/wp-json\/wp\/v2\/pages\/13941","targetHints":{"allow":["GET"]}}],"collection":[{"href":"https:\/\/www.rupertport.com\/fr\/wp-json\/wp\/v2\/pages"}],"about":[{"href":"https:\/\/www.rupertport.com\/fr\/wp-json\/wp\/v2\/types\/page"}],"author":[{"embeddable":true,"href":"https:\/\/www.rupertport.com\/fr\/wp-json\/wp\/v2\/users\/6"}],"replies":[{"embeddable":true,"href":"https:\/\/www.rupertport.com\/fr\/wp-json\/wp\/v2\/comments?post=13941"}],"version-history":[{"count":0,"href":"https:\/\/www.rupertport.com\/fr\/wp-json\/wp\/v2\/pages\/13941\/revisions"}],"wp:featuredmedia":[{"embeddable":true,"href":"https:\/\/www.rupertport.com\/fr\/wp-json\/wp\/v2\/media\/26292"}],"wp:attachment":[{"href":"https:\/\/www.rupertport.com\/fr\/wp-json\/wp\/v2\/media?parent=13941"}],"curies":[{"name":"wp","href":"https:\/\/api.w.org\/{rel}","templated":true}]}}