{"id":13939,"date":"2019-11-20T17:11:46","date_gmt":"2019-11-21T01:11:46","guid":{"rendered":"https:\/\/massive.rupertport.com\/gestion-de-lenvironnement-2\/programme-de-londe-verte-pour-les-expediteurs\/"},"modified":"2025-03-28T07:56:58","modified_gmt":"2025-03-28T15:56:58","slug":"programme-de-londe-verte-pour-les-expediteurs","status":"publish","type":"page","link":"https:\/\/www.rupertport.com\/fr\/gestion-de-lenvironnement\/programme-de-londe-verte-pour-les-expediteurs\/","title":{"rendered":"Programme Vague verte pour les exp\u00e9diteurs"},"content":{"rendered":"\n<div class=\"wp-block-columns is-layout-flex wp-container-core-columns-is-layout-9d6595d7 wp-block-columns-is-layout-flex\">\n<div class=\"wp-block-column is-layout-flow wp-block-column-is-layout-flow\">\n<h2 class=\"wp-block-heading\">Rejoindre la Vague verte<\/h2>\n\n\n\n<p>Afin d&rsquo;encourager les exp\u00e9diteurs \u00e0 investir dans des pratiques durables, l&rsquo;administration portuaire de Prince Rupert a lanc\u00e9 le programme d&rsquo;incitation environnementale Vague verte pour les navires.<\/p>\n\n\n\n<p>Introduit en 2013, le programme offre des r\u00e9ductions sur les droits de port aux navires commerciaux qui mettent en \u0153uvre des mesures de r\u00e9duction des \u00e9missions ou d&rsquo;autres pratiques environnementales. Gr\u00e2ce \u00e0 la Vague verte, l&rsquo;APPR offre aux compagnies maritimes des possibilit\u00e9s encore plus grandes de r\u00e9colter les fruits de leurs excellentes performances environnementales. Le programme comprend une vari\u00e9t\u00e9 de normes de qualification pour les navires commerciaux \u00e0 l&rsquo;arriv\u00e9e, coh\u00e9rentes dans l&rsquo;ensemble de l&rsquo;industrie maritime mondiale, ce qui permet \u00e0 l&rsquo;APPR de contribuer d&rsquo;acc\u00e9l\u00e9rer un mouvement mondial vers plus d&rsquo;efficacit\u00e9 et de durabilit\u00e9.<\/p>\n\n\n\n<p>Le programme Vague verte int\u00e8gre un certain nombre de m\u00e9canismes d&rsquo;incitation, notamment l&rsquo;indice environnemental des navires, l&rsquo;Alliance verte, RightShip, le groupe de travail sur les marchandises propres, le prix vert, l&rsquo;indice de transport maritime propre et l&rsquo;indice de conception \u00e9conome en \u00e9nergie, ainsi que de nombreuses notations sur le bruit sous-marin et les technologies de r\u00e9duction. Gr\u00e2ce \u00e0 un syst\u00e8me de crit\u00e8res \u00e0 trois niveaux, les navires sont not\u00e9s en fonction de leur niveau de r\u00e9ussite dans l&rsquo;un des programmes environnementaux reconnus ou de leurs innovations technologiques et b\u00e9n\u00e9ficient d&rsquo;une r\u00e9duction sur les droits portuaires qu&rsquo;ils versent \u00e0 l&rsquo;APPR.<\/p>\n<\/div>\n\n\n\n<div class=\"wp-block-column is-layout-flow wp-block-column-is-layout-flow\">\n<figure class=\"wp-block-image size-large\"><img loading=\"lazy\" decoding=\"async\" width=\"1024\" height=\"634\" src=\"https:\/\/www.rupertport.com\/wp-content\/uploads\/2019\/11\/env-stew-cert-feature-1024x634.jpg\" alt=\"\" class=\"wp-image-406\" srcset=\"https:\/\/www.rupertport.com\/wp-content\/uploads\/2019\/11\/env-stew-cert-feature-1024x634.jpg 1024w, https:\/\/www.rupertport.com\/wp-content\/uploads\/2019\/11\/env-stew-cert-feature-300x186.jpg 300w, https:\/\/www.rupertport.com\/wp-content\/uploads\/2019\/11\/env-stew-cert-feature-768x476.jpg 768w, https:\/\/www.rupertport.com\/wp-content\/uploads\/2019\/11\/env-stew-cert-feature.jpg 1061w\" sizes=\"auto, (max-width: 1024px) 100vw, 1024px\" \/><\/figure>\n<\/div>\n<\/div>\n\n\n\n<p>Pour consulter ou t\u00e9l\u00e9charger l&rsquo;aper\u00e7u d\u00e9taill\u00e9 du programme de la Vague Verte :<\/p>\n\n\n\n<div data-wp-interactive=\"core\/file\" class=\"wp-block-file\"><object data-wp-bind--hidden=\"!state.hasPdfPreview\" hidden class=\"wp-block-file__embed\" data=\"https:\/\/www.rupertport.com\/wp-content\/uploads\/2025\/03\/APPR-vague-verte-1.pdf\" type=\"application\/pdf\" style=\"width:100%;height:600px\" aria-label=\"Contenu embarqu\u00e9 APPR vague verte.\"><\/object><a id=\"wp-block-file--media-5be72ee4-a06a-434e-b3c9-1f85298446b9\" href=\"https:\/\/www.rupertport.com\/wp-content\/uploads\/2025\/03\/APPR-vague-verte-1.pdf\">APPR vague verte<\/a><a href=\"https:\/\/www.rupertport.com\/wp-content\/uploads\/2025\/03\/APPR-vague-verte-1.pdf\" class=\"wp-block-file__button wp-element-button\" download aria-describedby=\"wp-block-file--media-5be72ee4-a06a-434e-b3c9-1f85298446b9\">T\u00e9l\u00e9charger<\/a><\/div>\n\n\n\n<p>Pour consulter ou t\u00e9l\u00e9charger le dossier de candidature d\u00e9taill\u00e9 de l&rsquo;Onde verte :<\/p>\n\n\n\n<div data-wp-interactive=\"core\/file\" class=\"wp-block-file\"><object data-wp-bind--hidden=\"!state.hasPdfPreview\" hidden class=\"wp-block-file__embed\" data=\"https:\/\/www.rupertport.com\/wp-content\/uploads\/2025\/03\/formulaire-vague-verte-1.pdf\" type=\"application\/pdf\" style=\"width:100%;height:600px\" aria-label=\"Contenu embarqu\u00e9 formulaire vague verte.\"><\/object><a id=\"wp-block-file--media-adec2054-d926-4ec1-9194-90af301bccd6\" href=\"https:\/\/www.rupertport.com\/wp-content\/uploads\/2025\/03\/formulaire-vague-verte-1.pdf\">formulaire vague verte<\/a><a href=\"https:\/\/www.rupertport.com\/wp-content\/uploads\/2025\/03\/formulaire-vague-verte-1.pdf\" class=\"wp-block-file__button wp-element-button\" download aria-describedby=\"wp-block-file--media-adec2054-d926-4ec1-9194-90af301bccd6\">T\u00e9l\u00e9charger<\/a><\/div>\n","protected":false},"excerpt":{"rendered":"<p>Rejoindre la Vague verte Afin d&rsquo;encourager les exp\u00e9diteurs \u00e0 investir dans des pratiques durables, l&rsquo;administration portuaire de Prince Rupert a lanc\u00e9 le programme d&rsquo;incitation environnementale Vague verte pour les navires. Introduit en 2013, le programme offre des r\u00e9ductions sur les droits de port aux navires commerciaux qui mettent en \u0153uvre des mesures de r\u00e9duction des [&hellip;]<\/p>\n","protected":false},"author":6,"featured_media":10541,"parent":13845,"menu_order":0,"comment_status":"closed","ping_status":"closed","template":"","meta":{"_acf_changed":false,"footnotes":""},"class_list":["post-13939","page","type-page","status-publish","has-post-thumbnail","hentry"],"acf":[],"yoast_head":"<!-- This site is optimized with the Yoast SEO plugin v26.8 - https:\/\/yoast.com\/product\/yoast-seo-wordpress\/ -->\n<title>Programme Vague verte pour les exp\u00e9diteurs | Autorit\u00e9 portuaire de Prince Rupert<\/title>\n<meta name=\"description\" content=\"Rejoignez notre programme Green Wave pour les exp\u00e9diteurs qui promeuvent des pratiques d&#039;exp\u00e9dition durables \u00e0 l&#039;L&#039;Administration portuaire de Prince Rupert.\" \/>\n<meta name=\"robots\" content=\"index, follow, max-snippet:-1, max-image-preview:large, max-video-preview:-1\" \/>\n<link rel=\"canonical\" href=\"https:\/\/www.rupertport.com\/fr\/gestion-de-lenvironnement\/programme-de-londe-verte-pour-les-expediteurs\/\" \/>\n<meta property=\"og:locale\" content=\"fr_FR\" \/>\n<meta property=\"og:type\" content=\"article\" \/>\n<meta property=\"og:title\" content=\"Programme Vague verte pour les exp\u00e9diteurs | Autorit\u00e9 portuaire de Prince Rupert\" \/>\n<meta property=\"og:description\" content=\"Rejoignez notre programme Green Wave pour les exp\u00e9diteurs qui promeuvent des pratiques d&#039;exp\u00e9dition durables \u00e0 l&#039;L&#039;Administration portuaire de Prince Rupert.\" \/>\n<meta property=\"og:url\" content=\"https:\/\/www.rupertport.com\/fr\/gestion-de-lenvironnement\/programme-de-londe-verte-pour-les-expediteurs\/\" \/>\n<meta property=\"og:site_name\" content=\"Autorit\u00e9 portuaire de Prince Rupert\" \/>\n<meta property=\"article:publisher\" content=\"https:\/\/www.facebook.com\/rupertport\/\" \/>\n<meta property=\"article:modified_time\" content=\"2025-03-28T15:56:58+00:00\" \/>\n<meta property=\"og:image\" content=\"https:\/\/www.rupertport.com\/wp-content\/uploads\/2019\/12\/greenwave-header-2000.jpg\" \/>\n\t<meta property=\"og:image:width\" content=\"1982\" \/>\n\t<meta property=\"og:image:height\" content=\"850\" \/>\n\t<meta property=\"og:image:type\" content=\"image\/jpeg\" \/>\n<meta name=\"twitter:card\" content=\"summary_large_image\" \/>\n<meta name=\"twitter:site\" content=\"@rupertport\" \/>\n<script type=\"application\/ld+json\" class=\"yoast-schema-graph\">{\"@context\":\"https:\/\/schema.org\",\"@graph\":[{\"@type\":\"WebPage\",\"@id\":\"https:\/\/www.rupertport.com\/fr\/gestion-de-lenvironnement\/programme-de-londe-verte-pour-les-expediteurs\/\",\"url\":\"https:\/\/www.rupertport.com\/fr\/gestion-de-lenvironnement\/programme-de-londe-verte-pour-les-expediteurs\/\",\"name\":\"Programme Vague verte pour les exp\u00e9diteurs | Autorit\u00e9 portuaire de Prince Rupert\",\"isPartOf\":{\"@id\":\"https:\/\/www.rupertport.com\/fr\/#website\"},\"primaryImageOfPage\":{\"@id\":\"https:\/\/www.rupertport.com\/fr\/gestion-de-lenvironnement\/programme-de-londe-verte-pour-les-expediteurs\/#primaryimage\"},\"image\":{\"@id\":\"https:\/\/www.rupertport.com\/fr\/gestion-de-lenvironnement\/programme-de-londe-verte-pour-les-expediteurs\/#primaryimage\"},\"thumbnailUrl\":\"https:\/\/www.rupertport.com\/wp-content\/uploads\/2019\/12\/greenwave-header-2000.jpg\",\"datePublished\":\"2019-11-21T01:11:46+00:00\",\"dateModified\":\"2025-03-28T15:56:58+00:00\",\"description\":\"Rejoignez notre programme Green Wave pour les exp\u00e9diteurs qui promeuvent des pratiques d'exp\u00e9dition durables \u00e0 l'L'Administration portuaire de Prince Rupert.\",\"breadcrumb\":{\"@id\":\"https:\/\/www.rupertport.com\/fr\/gestion-de-lenvironnement\/programme-de-londe-verte-pour-les-expediteurs\/#breadcrumb\"},\"inLanguage\":\"fr-FR\",\"potentialAction\":[{\"@type\":\"ReadAction\",\"target\":[\"https:\/\/www.rupertport.com\/fr\/gestion-de-lenvironnement\/programme-de-londe-verte-pour-les-expediteurs\/\"]}]},{\"@type\":\"ImageObject\",\"inLanguage\":\"fr-FR\",\"@id\":\"https:\/\/www.rupertport.com\/fr\/gestion-de-lenvironnement\/programme-de-londe-verte-pour-les-expediteurs\/#primaryimage\",\"url\":\"https:\/\/www.rupertport.com\/wp-content\/uploads\/2019\/12\/greenwave-header-2000.jpg\",\"contentUrl\":\"https:\/\/www.rupertport.com\/wp-content\/uploads\/2019\/12\/greenwave-header-2000.jpg\",\"width\":1982,\"height\":850},{\"@type\":\"BreadcrumbList\",\"@id\":\"https:\/\/www.rupertport.com\/fr\/gestion-de-lenvironnement\/programme-de-londe-verte-pour-les-expediteurs\/#breadcrumb\",\"itemListElement\":[{\"@type\":\"ListItem\",\"position\":1,\"name\":\"Home\",\"item\":\"https:\/\/www.rupertport.com\/fr\/page-de-garde\/\"},{\"@type\":\"ListItem\",\"position\":2,\"name\":\"Gestion de l&#8217;environnement\",\"item\":\"https:\/\/www.rupertport.com\/fr\/gestion-de-lenvironnement\/\"},{\"@type\":\"ListItem\",\"position\":3,\"name\":\"Programme Vague verte pour les exp\u00e9diteurs\"}]},{\"@type\":\"WebSite\",\"@id\":\"https:\/\/www.rupertport.com\/fr\/#website\",\"url\":\"https:\/\/www.rupertport.com\/fr\/\",\"name\":\"Prince Rupert Port Authority\",\"description\":\"L'avant-garde du Canada\",\"publisher\":{\"@id\":\"https:\/\/www.rupertport.com\/fr\/#organization\"},\"alternateName\":\"PRPA\",\"potentialAction\":[{\"@type\":\"SearchAction\",\"target\":{\"@type\":\"EntryPoint\",\"urlTemplate\":\"https:\/\/www.rupertport.com\/fr\/?s={search_term_string}\"},\"query-input\":{\"@type\":\"PropertyValueSpecification\",\"valueRequired\":true,\"valueName\":\"search_term_string\"}}],\"inLanguage\":\"fr-FR\"},{\"@type\":\"Organization\",\"@id\":\"https:\/\/www.rupertport.com\/fr\/#organization\",\"name\":\"Prince Rupert Port Authority\",\"alternateName\":\"PRPA\",\"url\":\"https:\/\/www.rupertport.com\/fr\/\",\"logo\":{\"@type\":\"ImageObject\",\"inLanguage\":\"fr-FR\",\"@id\":\"https:\/\/www.rupertport.com\/fr\/#\/schema\/logo\/image\/\",\"url\":\"https:\/\/www.rupertport.com\/wp-content\/uploads\/2021\/04\/cropped-PRPA-logo-meta-1200x1200-1.jpg\",\"contentUrl\":\"https:\/\/www.rupertport.com\/wp-content\/uploads\/2021\/04\/cropped-PRPA-logo-meta-1200x1200-1.jpg\",\"width\":512,\"height\":512,\"caption\":\"Prince Rupert Port Authority\"},\"image\":{\"@id\":\"https:\/\/www.rupertport.com\/fr\/#\/schema\/logo\/image\/\"},\"sameAs\":[\"https:\/\/www.facebook.com\/rupertport\/\",\"https:\/\/x.com\/rupertport\"]}]}<\/script>\n<!-- \/ Yoast SEO plugin. -->","yoast_head_json":{"title":"Programme Vague verte pour les exp\u00e9diteurs | Autorit\u00e9 portuaire de Prince Rupert","description":"Rejoignez notre programme Green Wave pour les exp\u00e9diteurs qui promeuvent des pratiques d'exp\u00e9dition durables \u00e0 l'L'Administration portuaire de Prince Rupert.","robots":{"index":"index","follow":"follow","max-snippet":"max-snippet:-1","max-image-preview":"max-image-preview:large","max-video-preview":"max-video-preview:-1"},"canonical":"https:\/\/www.rupertport.com\/fr\/gestion-de-lenvironnement\/programme-de-londe-verte-pour-les-expediteurs\/","og_locale":"fr_FR","og_type":"article","og_title":"Programme Vague verte pour les exp\u00e9diteurs | Autorit\u00e9 portuaire de Prince Rupert","og_description":"Rejoignez notre programme Green Wave pour les exp\u00e9diteurs qui promeuvent des pratiques d'exp\u00e9dition durables \u00e0 l'L'Administration portuaire de Prince Rupert.","og_url":"https:\/\/www.rupertport.com\/fr\/gestion-de-lenvironnement\/programme-de-londe-verte-pour-les-expediteurs\/","og_site_name":"Autorit\u00e9 portuaire de Prince Rupert","article_publisher":"https:\/\/www.facebook.com\/rupertport\/","article_modified_time":"2025-03-28T15:56:58+00:00","og_image":[{"width":1982,"height":850,"url":"https:\/\/www.rupertport.com\/wp-content\/uploads\/2019\/12\/greenwave-header-2000.jpg","type":"image\/jpeg"}],"twitter_card":"summary_large_image","twitter_site":"@rupertport","schema":{"@context":"https:\/\/schema.org","@graph":[{"@type":"WebPage","@id":"https:\/\/www.rupertport.com\/fr\/gestion-de-lenvironnement\/programme-de-londe-verte-pour-les-expediteurs\/","url":"https:\/\/www.rupertport.com\/fr\/gestion-de-lenvironnement\/programme-de-londe-verte-pour-les-expediteurs\/","name":"Programme Vague verte pour les exp\u00e9diteurs | Autorit\u00e9 portuaire de Prince Rupert","isPartOf":{"@id":"https:\/\/www.rupertport.com\/fr\/#website"},"primaryImageOfPage":{"@id":"https:\/\/www.rupertport.com\/fr\/gestion-de-lenvironnement\/programme-de-londe-verte-pour-les-expediteurs\/#primaryimage"},"image":{"@id":"https:\/\/www.rupertport.com\/fr\/gestion-de-lenvironnement\/programme-de-londe-verte-pour-les-expediteurs\/#primaryimage"},"thumbnailUrl":"https:\/\/www.rupertport.com\/wp-content\/uploads\/2019\/12\/greenwave-header-2000.jpg","datePublished":"2019-11-21T01:11:46+00:00","dateModified":"2025-03-28T15:56:58+00:00","description":"Rejoignez notre programme Green Wave pour les exp\u00e9diteurs qui promeuvent des pratiques d'exp\u00e9dition durables \u00e0 l'L'Administration portuaire de Prince Rupert.","breadcrumb":{"@id":"https:\/\/www.rupertport.com\/fr\/gestion-de-lenvironnement\/programme-de-londe-verte-pour-les-expediteurs\/#breadcrumb"},"inLanguage":"fr-FR","potentialAction":[{"@type":"ReadAction","target":["https:\/\/www.rupertport.com\/fr\/gestion-de-lenvironnement\/programme-de-londe-verte-pour-les-expediteurs\/"]}]},{"@type":"ImageObject","inLanguage":"fr-FR","@id":"https:\/\/www.rupertport.com\/fr\/gestion-de-lenvironnement\/programme-de-londe-verte-pour-les-expediteurs\/#primaryimage","url":"https:\/\/www.rupertport.com\/wp-content\/uploads\/2019\/12\/greenwave-header-2000.jpg","contentUrl":"https:\/\/www.rupertport.com\/wp-content\/uploads\/2019\/12\/greenwave-header-2000.jpg","width":1982,"height":850},{"@type":"BreadcrumbList","@id":"https:\/\/www.rupertport.com\/fr\/gestion-de-lenvironnement\/programme-de-londe-verte-pour-les-expediteurs\/#breadcrumb","itemListElement":[{"@type":"ListItem","position":1,"name":"Home","item":"https:\/\/www.rupertport.com\/fr\/page-de-garde\/"},{"@type":"ListItem","position":2,"name":"Gestion de l&#8217;environnement","item":"https:\/\/www.rupertport.com\/fr\/gestion-de-lenvironnement\/"},{"@type":"ListItem","position":3,"name":"Programme Vague verte pour les exp\u00e9diteurs"}]},{"@type":"WebSite","@id":"https:\/\/www.rupertport.com\/fr\/#website","url":"https:\/\/www.rupertport.com\/fr\/","name":"Prince Rupert Port Authority","description":"L'avant-garde du Canada","publisher":{"@id":"https:\/\/www.rupertport.com\/fr\/#organization"},"alternateName":"PRPA","potentialAction":[{"@type":"SearchAction","target":{"@type":"EntryPoint","urlTemplate":"https:\/\/www.rupertport.com\/fr\/?s={search_term_string}"},"query-input":{"@type":"PropertyValueSpecification","valueRequired":true,"valueName":"search_term_string"}}],"inLanguage":"fr-FR"},{"@type":"Organization","@id":"https:\/\/www.rupertport.com\/fr\/#organization","name":"Prince Rupert Port Authority","alternateName":"PRPA","url":"https:\/\/www.rupertport.com\/fr\/","logo":{"@type":"ImageObject","inLanguage":"fr-FR","@id":"https:\/\/www.rupertport.com\/fr\/#\/schema\/logo\/image\/","url":"https:\/\/www.rupertport.com\/wp-content\/uploads\/2021\/04\/cropped-PRPA-logo-meta-1200x1200-1.jpg","contentUrl":"https:\/\/www.rupertport.com\/wp-content\/uploads\/2021\/04\/cropped-PRPA-logo-meta-1200x1200-1.jpg","width":512,"height":512,"caption":"Prince Rupert Port Authority"},"image":{"@id":"https:\/\/www.rupertport.com\/fr\/#\/schema\/logo\/image\/"},"sameAs":["https:\/\/www.facebook.com\/rupertport\/","https:\/\/x.com\/rupertport"]}]}},"_links":{"self":[{"href":"https:\/\/www.rupertport.com\/fr\/wp-json\/wp\/v2\/pages\/13939","targetHints":{"allow":["GET"]}}],"collection":[{"href":"https:\/\/www.rupertport.com\/fr\/wp-json\/wp\/v2\/pages"}],"about":[{"href":"https:\/\/www.rupertport.com\/fr\/wp-json\/wp\/v2\/types\/page"}],"author":[{"embeddable":true,"href":"https:\/\/www.rupertport.com\/fr\/wp-json\/wp\/v2\/users\/6"}],"replies":[{"embeddable":true,"href":"https:\/\/www.rupertport.com\/fr\/wp-json\/wp\/v2\/comments?post=13939"}],"version-history":[{"count":21,"href":"https:\/\/www.rupertport.com\/fr\/wp-json\/wp\/v2\/pages\/13939\/revisions"}],"predecessor-version":[{"id":23040,"href":"https:\/\/www.rupertport.com\/fr\/wp-json\/wp\/v2\/pages\/13939\/revisions\/23040"}],"up":[{"embeddable":true,"href":"https:\/\/www.rupertport.com\/fr\/wp-json\/wp\/v2\/pages\/13845"}],"wp:featuredmedia":[{"embeddable":true,"href":"https:\/\/www.rupertport.com\/fr\/wp-json\/wp\/v2\/media\/10541"}],"wp:attachment":[{"href":"https:\/\/www.rupertport.com\/fr\/wp-json\/wp\/v2\/media?parent=13939"}],"curies":[{"name":"wp","href":"https:\/\/api.w.org\/{rel}","templated":true}]}}