{"id":13887,"date":"2019-11-20T17:15:51","date_gmt":"2019-11-20T17:15:51","guid":{"rendered":"https:\/\/massive.rupertport.com\/inventaire-et-reduction-des-emissions\/"},"modified":"2023-07-31T19:36:17","modified_gmt":"2023-07-31T19:36:17","slug":"inventaire-et-reduction-des-emissions","status":"publish","type":"page","link":"https:\/\/www.rupertport.com\/fr\/inventaire-et-reduction-des-emissions\/","title":{"rendered":"Inventaire et r\u00e9duction des \u00e9missions"},"content":{"rendered":"\n<h4 class=\"wp-block-heading\">Le port de Prince Rupert a entrepris un inventaire annuel de l&rsquo;\u00e9nergie et des \u00e9missions depuis 2010.<\/h4>\n\n<p>L&rsquo;inventaire a \u00e9t\u00e9 \u00e9labor\u00e9 en collaboration avec tous les locataires et utilisateurs du port afin d&rsquo;\u00e9tablir des informations de base et d&rsquo;informer les initiatives proactives visant \u00e0 r\u00e9duire la consommation d&rsquo;\u00e9nergie et les \u00e9missions totales.<\/p>\n\n<p>L&rsquo;autorit\u00e9 portuaire de Prince Rupert dispose actuellement de plusieurs programmes de r\u00e9duction des \u00e9missions : le programme d&rsquo;incitation pour les navires Vague verte, la politique d&rsquo;interdiction de la marche au ralenti pour les camions porte-conteneurs entrant dans le terminal Fairview, le programme Clean Truck (surveillance en temps r\u00e9el de l&rsquo;activit\u00e9 des camions de camionnage), l&rsquo;\u00e9lectrification des \u00e9quipements et l&rsquo;am\u00e9lioration de la conception et de l&rsquo;infrastructure du port.<\/p>\n","protected":false},"excerpt":{"rendered":"<p>Le port de Prince Rupert a entrepris un inventaire annuel de l&rsquo;\u00e9nergie et des \u00e9missions depuis 2010. L&rsquo;inventaire a \u00e9t\u00e9 \u00e9labor\u00e9 en collaboration avec tous les locataires et utilisateurs du port afin d&rsquo;\u00e9tablir des informations de base et d&rsquo;informer les initiatives proactives visant \u00e0 r\u00e9duire la consommation d&rsquo;\u00e9nergie et les \u00e9missions totales. L&rsquo;autorit\u00e9 portuaire de [&hellip;]<\/p>\n","protected":false},"author":6,"featured_media":10199,"parent":0,"menu_order":0,"comment_status":"closed","ping_status":"closed","template":"","meta":{"_acf_changed":false,"footnotes":""},"class_list":["post-13887","page","type-page","status-publish","has-post-thumbnail","hentry"],"acf":[],"yoast_head":"<!-- This site is optimized with the Yoast SEO plugin v26.8 - https:\/\/yoast.com\/product\/yoast-seo-wordpress\/ -->\n<title>R\u00e9duction de l&#039;inventaire des \u00e9missions | Att\u00e9nuation des \u00e9missions environnementales | Autorit\u00e9 portuaire de Prince Rupert.<\/title>\n<meta name=\"description\" content=\"D\u00e9couvrez nos efforts pour r\u00e9duire les \u00e9missions gr\u00e2ce \u00e0 la gestion des stocks \u00e0 l&#039;L&#039;Administration portuaire de Prince Rupert. Passez au vert !\" \/>\n<meta name=\"robots\" content=\"index, follow, max-snippet:-1, max-image-preview:large, max-video-preview:-1\" \/>\n<link rel=\"canonical\" href=\"https:\/\/www.rupertport.com\/fr\/inventaire-et-reduction-des-emissions\/\" \/>\n<meta property=\"og:locale\" content=\"fr_FR\" \/>\n<meta property=\"og:type\" content=\"article\" \/>\n<meta property=\"og:title\" content=\"R\u00e9duction de l&#039;inventaire des \u00e9missions | Att\u00e9nuation des \u00e9missions environnementales | Autorit\u00e9 portuaire de Prince Rupert.\" \/>\n<meta property=\"og:description\" content=\"D\u00e9couvrez nos efforts pour r\u00e9duire les \u00e9missions gr\u00e2ce \u00e0 la gestion des stocks \u00e0 l&#039;L&#039;Administration portuaire de Prince Rupert. Passez au vert !\" \/>\n<meta property=\"og:url\" content=\"https:\/\/www.rupertport.com\/fr\/inventaire-et-reduction-des-emissions\/\" \/>\n<meta property=\"og:site_name\" content=\"Autorit\u00e9 portuaire de Prince Rupert\" \/>\n<meta property=\"article:publisher\" content=\"https:\/\/www.facebook.com\/rupertport\/\" \/>\n<meta property=\"article:modified_time\" content=\"2023-07-31T19:36:17+00:00\" \/>\n<meta property=\"og:image\" content=\"https:\/\/www.rupertport.com\/wp-content\/uploads\/2019\/11\/emissions-feature.jpg\" \/>\n\t<meta property=\"og:image:width\" content=\"1639\" \/>\n\t<meta property=\"og:image:height\" content=\"921\" \/>\n\t<meta property=\"og:image:type\" content=\"image\/jpeg\" \/>\n<meta name=\"twitter:card\" content=\"summary_large_image\" \/>\n<meta name=\"twitter:site\" content=\"@rupertport\" \/>\n<script type=\"application\/ld+json\" class=\"yoast-schema-graph\">{\"@context\":\"https:\/\/schema.org\",\"@graph\":[{\"@type\":\"WebPage\",\"@id\":\"https:\/\/www.rupertport.com\/fr\/inventaire-et-reduction-des-emissions\/\",\"url\":\"https:\/\/www.rupertport.com\/fr\/inventaire-et-reduction-des-emissions\/\",\"name\":\"R\u00e9duction de l'inventaire des \u00e9missions | Att\u00e9nuation des \u00e9missions environnementales | Autorit\u00e9 portuaire de Prince Rupert.\",\"isPartOf\":{\"@id\":\"https:\/\/www.rupertport.com\/fr\/#website\"},\"primaryImageOfPage\":{\"@id\":\"https:\/\/www.rupertport.com\/fr\/inventaire-et-reduction-des-emissions\/#primaryimage\"},\"image\":{\"@id\":\"https:\/\/www.rupertport.com\/fr\/inventaire-et-reduction-des-emissions\/#primaryimage\"},\"thumbnailUrl\":\"https:\/\/www.rupertport.com\/wp-content\/uploads\/2019\/11\/emissions-feature.jpg\",\"datePublished\":\"2019-11-20T17:15:51+00:00\",\"dateModified\":\"2023-07-31T19:36:17+00:00\",\"description\":\"D\u00e9couvrez nos efforts pour r\u00e9duire les \u00e9missions gr\u00e2ce \u00e0 la gestion des stocks \u00e0 l'L'Administration portuaire de Prince Rupert. Passez au vert !\",\"breadcrumb\":{\"@id\":\"https:\/\/www.rupertport.com\/fr\/inventaire-et-reduction-des-emissions\/#breadcrumb\"},\"inLanguage\":\"fr-FR\",\"potentialAction\":[{\"@type\":\"ReadAction\",\"target\":[\"https:\/\/www.rupertport.com\/fr\/inventaire-et-reduction-des-emissions\/\"]}]},{\"@type\":\"ImageObject\",\"inLanguage\":\"fr-FR\",\"@id\":\"https:\/\/www.rupertport.com\/fr\/inventaire-et-reduction-des-emissions\/#primaryimage\",\"url\":\"https:\/\/www.rupertport.com\/wp-content\/uploads\/2019\/11\/emissions-feature.jpg\",\"contentUrl\":\"https:\/\/www.rupertport.com\/wp-content\/uploads\/2019\/11\/emissions-feature.jpg\",\"width\":1639,\"height\":921},{\"@type\":\"BreadcrumbList\",\"@id\":\"https:\/\/www.rupertport.com\/fr\/inventaire-et-reduction-des-emissions\/#breadcrumb\",\"itemListElement\":[{\"@type\":\"ListItem\",\"position\":1,\"name\":\"Home\",\"item\":\"https:\/\/www.rupertport.com\/fr\/page-de-garde\/\"},{\"@type\":\"ListItem\",\"position\":2,\"name\":\"Inventaire et r\u00e9duction des \u00e9missions\"}]},{\"@type\":\"WebSite\",\"@id\":\"https:\/\/www.rupertport.com\/fr\/#website\",\"url\":\"https:\/\/www.rupertport.com\/fr\/\",\"name\":\"Prince Rupert Port Authority\",\"description\":\"L'avant-garde du Canada\",\"publisher\":{\"@id\":\"https:\/\/www.rupertport.com\/fr\/#organization\"},\"alternateName\":\"PRPA\",\"potentialAction\":[{\"@type\":\"SearchAction\",\"target\":{\"@type\":\"EntryPoint\",\"urlTemplate\":\"https:\/\/www.rupertport.com\/fr\/?s={search_term_string}\"},\"query-input\":{\"@type\":\"PropertyValueSpecification\",\"valueRequired\":true,\"valueName\":\"search_term_string\"}}],\"inLanguage\":\"fr-FR\"},{\"@type\":\"Organization\",\"@id\":\"https:\/\/www.rupertport.com\/fr\/#organization\",\"name\":\"Prince Rupert Port Authority\",\"alternateName\":\"PRPA\",\"url\":\"https:\/\/www.rupertport.com\/fr\/\",\"logo\":{\"@type\":\"ImageObject\",\"inLanguage\":\"fr-FR\",\"@id\":\"https:\/\/www.rupertport.com\/fr\/#\/schema\/logo\/image\/\",\"url\":\"https:\/\/www.rupertport.com\/wp-content\/uploads\/2021\/04\/cropped-PRPA-logo-meta-1200x1200-1.jpg\",\"contentUrl\":\"https:\/\/www.rupertport.com\/wp-content\/uploads\/2021\/04\/cropped-PRPA-logo-meta-1200x1200-1.jpg\",\"width\":512,\"height\":512,\"caption\":\"Prince Rupert Port Authority\"},\"image\":{\"@id\":\"https:\/\/www.rupertport.com\/fr\/#\/schema\/logo\/image\/\"},\"sameAs\":[\"https:\/\/www.facebook.com\/rupertport\/\",\"https:\/\/x.com\/rupertport\"]}]}<\/script>\n<!-- \/ Yoast SEO plugin. -->","yoast_head_json":{"title":"R\u00e9duction de l'inventaire des \u00e9missions | Att\u00e9nuation des \u00e9missions environnementales | Autorit\u00e9 portuaire de Prince Rupert.","description":"D\u00e9couvrez nos efforts pour r\u00e9duire les \u00e9missions gr\u00e2ce \u00e0 la gestion des stocks \u00e0 l'L'Administration portuaire de Prince Rupert. Passez au vert !","robots":{"index":"index","follow":"follow","max-snippet":"max-snippet:-1","max-image-preview":"max-image-preview:large","max-video-preview":"max-video-preview:-1"},"canonical":"https:\/\/www.rupertport.com\/fr\/inventaire-et-reduction-des-emissions\/","og_locale":"fr_FR","og_type":"article","og_title":"R\u00e9duction de l'inventaire des \u00e9missions | Att\u00e9nuation des \u00e9missions environnementales | Autorit\u00e9 portuaire de Prince Rupert.","og_description":"D\u00e9couvrez nos efforts pour r\u00e9duire les \u00e9missions gr\u00e2ce \u00e0 la gestion des stocks \u00e0 l'L'Administration portuaire de Prince Rupert. Passez au vert !","og_url":"https:\/\/www.rupertport.com\/fr\/inventaire-et-reduction-des-emissions\/","og_site_name":"Autorit\u00e9 portuaire de Prince Rupert","article_publisher":"https:\/\/www.facebook.com\/rupertport\/","article_modified_time":"2023-07-31T19:36:17+00:00","og_image":[{"width":1639,"height":921,"url":"https:\/\/www.rupertport.com\/wp-content\/uploads\/2019\/11\/emissions-feature.jpg","type":"image\/jpeg"}],"twitter_card":"summary_large_image","twitter_site":"@rupertport","schema":{"@context":"https:\/\/schema.org","@graph":[{"@type":"WebPage","@id":"https:\/\/www.rupertport.com\/fr\/inventaire-et-reduction-des-emissions\/","url":"https:\/\/www.rupertport.com\/fr\/inventaire-et-reduction-des-emissions\/","name":"R\u00e9duction de l'inventaire des \u00e9missions | Att\u00e9nuation des \u00e9missions environnementales | Autorit\u00e9 portuaire de Prince Rupert.","isPartOf":{"@id":"https:\/\/www.rupertport.com\/fr\/#website"},"primaryImageOfPage":{"@id":"https:\/\/www.rupertport.com\/fr\/inventaire-et-reduction-des-emissions\/#primaryimage"},"image":{"@id":"https:\/\/www.rupertport.com\/fr\/inventaire-et-reduction-des-emissions\/#primaryimage"},"thumbnailUrl":"https:\/\/www.rupertport.com\/wp-content\/uploads\/2019\/11\/emissions-feature.jpg","datePublished":"2019-11-20T17:15:51+00:00","dateModified":"2023-07-31T19:36:17+00:00","description":"D\u00e9couvrez nos efforts pour r\u00e9duire les \u00e9missions gr\u00e2ce \u00e0 la gestion des stocks \u00e0 l'L'Administration portuaire de Prince Rupert. Passez au vert !","breadcrumb":{"@id":"https:\/\/www.rupertport.com\/fr\/inventaire-et-reduction-des-emissions\/#breadcrumb"},"inLanguage":"fr-FR","potentialAction":[{"@type":"ReadAction","target":["https:\/\/www.rupertport.com\/fr\/inventaire-et-reduction-des-emissions\/"]}]},{"@type":"ImageObject","inLanguage":"fr-FR","@id":"https:\/\/www.rupertport.com\/fr\/inventaire-et-reduction-des-emissions\/#primaryimage","url":"https:\/\/www.rupertport.com\/wp-content\/uploads\/2019\/11\/emissions-feature.jpg","contentUrl":"https:\/\/www.rupertport.com\/wp-content\/uploads\/2019\/11\/emissions-feature.jpg","width":1639,"height":921},{"@type":"BreadcrumbList","@id":"https:\/\/www.rupertport.com\/fr\/inventaire-et-reduction-des-emissions\/#breadcrumb","itemListElement":[{"@type":"ListItem","position":1,"name":"Home","item":"https:\/\/www.rupertport.com\/fr\/page-de-garde\/"},{"@type":"ListItem","position":2,"name":"Inventaire et r\u00e9duction des \u00e9missions"}]},{"@type":"WebSite","@id":"https:\/\/www.rupertport.com\/fr\/#website","url":"https:\/\/www.rupertport.com\/fr\/","name":"Prince Rupert Port Authority","description":"L'avant-garde du Canada","publisher":{"@id":"https:\/\/www.rupertport.com\/fr\/#organization"},"alternateName":"PRPA","potentialAction":[{"@type":"SearchAction","target":{"@type":"EntryPoint","urlTemplate":"https:\/\/www.rupertport.com\/fr\/?s={search_term_string}"},"query-input":{"@type":"PropertyValueSpecification","valueRequired":true,"valueName":"search_term_string"}}],"inLanguage":"fr-FR"},{"@type":"Organization","@id":"https:\/\/www.rupertport.com\/fr\/#organization","name":"Prince Rupert Port Authority","alternateName":"PRPA","url":"https:\/\/www.rupertport.com\/fr\/","logo":{"@type":"ImageObject","inLanguage":"fr-FR","@id":"https:\/\/www.rupertport.com\/fr\/#\/schema\/logo\/image\/","url":"https:\/\/www.rupertport.com\/wp-content\/uploads\/2021\/04\/cropped-PRPA-logo-meta-1200x1200-1.jpg","contentUrl":"https:\/\/www.rupertport.com\/wp-content\/uploads\/2021\/04\/cropped-PRPA-logo-meta-1200x1200-1.jpg","width":512,"height":512,"caption":"Prince Rupert Port Authority"},"image":{"@id":"https:\/\/www.rupertport.com\/fr\/#\/schema\/logo\/image\/"},"sameAs":["https:\/\/www.facebook.com\/rupertport\/","https:\/\/x.com\/rupertport"]}]}},"_links":{"self":[{"href":"https:\/\/www.rupertport.com\/fr\/wp-json\/wp\/v2\/pages\/13887","targetHints":{"allow":["GET"]}}],"collection":[{"href":"https:\/\/www.rupertport.com\/fr\/wp-json\/wp\/v2\/pages"}],"about":[{"href":"https:\/\/www.rupertport.com\/fr\/wp-json\/wp\/v2\/types\/page"}],"author":[{"embeddable":true,"href":"https:\/\/www.rupertport.com\/fr\/wp-json\/wp\/v2\/users\/6"}],"replies":[{"embeddable":true,"href":"https:\/\/www.rupertport.com\/fr\/wp-json\/wp\/v2\/comments?post=13887"}],"version-history":[{"count":0,"href":"https:\/\/www.rupertport.com\/fr\/wp-json\/wp\/v2\/pages\/13887\/revisions"}],"wp:featuredmedia":[{"embeddable":true,"href":"https:\/\/www.rupertport.com\/fr\/wp-json\/wp\/v2\/media\/10199"}],"wp:attachment":[{"href":"https:\/\/www.rupertport.com\/fr\/wp-json\/wp\/v2\/media?parent=13887"}],"curies":[{"name":"wp","href":"https:\/\/api.w.org\/{rel}","templated":true}]}}