{"id":13885,"date":"2019-11-20T17:15:23","date_gmt":"2019-11-20T17:15:23","guid":{"rendered":"https:\/\/massive.rupertport.com\/surveillance-des-chutes-de-poussieres\/"},"modified":"2023-07-31T19:36:17","modified_gmt":"2023-07-31T19:36:17","slug":"surveillance-des-chutes-de-poussieres","status":"publish","type":"page","link":"https:\/\/www.rupertport.com\/fr\/surveillance-des-chutes-de-poussieres\/","title":{"rendered":"Surveillance des retomb\u00e9es de poussi\u00e8re"},"content":{"rendered":"\n<h3 class=\"wp-block-heading\">Qu&rsquo;est-ce que les retomb\u00e9es de poussi\u00e8re et pourquoi sont-elles pr\u00e9occupantes ?<\/h3>\n\n<p>La poussi\u00e8re d\u00e9signe les particules solides pr\u00e9sentes dans l&rsquo;air qui peuvent r\u00e9duire la visibilit\u00e9 et, une fois d\u00e9pos\u00e9es, cr\u00e9er des probl\u00e8mes d&rsquo;entretien inutiles et \u00e9touffer la v\u00e9g\u00e9tation.<\/p>\n\n<p>Il existe une distinction importante entre la fraction des particules qui tombent rapidement dans l&rsquo;air (chutes de poussi\u00e8res) et la partie qui reste en suspension dans l&rsquo;air pendant de longues p\u00e9riodes (mati\u00e8res particulaires). Le PRPA mesure activement les concentrations des plus petites particules en suspension dans l&rsquo;air (PM<sub>2,5<\/sub> et PM<sub>10<\/sub>) qui pr\u00e9sentent un risque pour la sant\u00e9 humaine.<\/p>\n\n<h3 class=\"wp-block-heading\">Comment les retomb\u00e9es de poussi\u00e8res sont-elles mesur\u00e9es ?<\/h3>\n\n<p>L&rsquo;autorit\u00e9 portuaire de Prince Rupert surveille les chutes de poussi\u00e8res dans la r\u00e9gion de Westview, Port Edward et Ridley Island.<\/p>\n\n<p>Les retomb\u00e9es de poussi\u00e8re sont contr\u00f4l\u00e9es \u00e0 l&rsquo;aide de bidons qui recueillent les poussi\u00e8res d\u00e9pos\u00e9es sur des p\u00e9riodes d&rsquo;un mois. Les \u00e9chantillons sont filtr\u00e9s \u00e0 20 microns et analys\u00e9s pour d\u00e9terminer les poussi\u00e8res fixes (inorganiques, par exemple la poussi\u00e8re des routes), volatiles (organiques, par exemple les morceaux de plantes, les petits insectes) et totales, ainsi que la composition des poussi\u00e8res, c&rsquo;est-\u00e0-dire la proportion de morceaux de plantes, de parties d&rsquo;insectes, de poussi\u00e8re min\u00e9rale, etc.)<\/p>\n\n<p>La surveillance des retomb\u00e9es de poussi\u00e8res peut \u00eatre limit\u00e9e par la difficult\u00e9 d&rsquo;\u00e9tablir des \u00e9v\u00e9nements singuliers susceptibles d&rsquo;influencer la p\u00e9riode de surveillance et par la diversit\u00e9 des sources susceptibles d&rsquo;influencer un \u00e9chantillon donn\u00e9. M\u00eame \u00e0 proximit\u00e9 d&rsquo;une activit\u00e9 industrielle, les mesures des retomb\u00e9es de poussi\u00e8res sont fortement influenc\u00e9es par les conditions m\u00e9t\u00e9orologiques, la direction du vent et d&rsquo;autres sources telles que la poussi\u00e8re des routes, le pollen, les insectes ou le chauffage r\u00e9sidentiel au bois. C&rsquo;est pourquoi les donn\u00e9es m\u00e9t\u00e9orologiques, les observations visuelles et le retour d&rsquo;information du voisinage sont des compl\u00e9ments extr\u00eamement importants du programme de surveillance des chutes de poussi\u00e8res.<\/p>\n\n<h3 class=\"wp-block-heading\">Quelle est la quantit\u00e9 de poussi\u00e8re acceptable ?<\/h3>\n\n<p>La strat\u00e9gie du minist\u00e8re de l&rsquo;Environnement et du Changement climatique de la Colombie-Britannique a fix\u00e9 des objectifs en mati\u00e8re de retomb\u00e9es de poussi\u00e8res. L&rsquo;autorit\u00e9 portuaire de Prince Rupert se mesure \u00e0 ces objectifs. Cliquez <a rel=\"noreferrer noopener\" href=\"http:\/\/www.bcairquality.ca\/reports\/pdfs\/aqotable.pdf\" target=\"_blank\">ici<\/a> pour voir.<\/p>\n","protected":false},"excerpt":{"rendered":"<p>Qu&rsquo;est-ce que les retomb\u00e9es de poussi\u00e8re et pourquoi sont-elles pr\u00e9occupantes ? La poussi\u00e8re d\u00e9signe les particules solides pr\u00e9sentes dans l&rsquo;air qui peuvent r\u00e9duire la visibilit\u00e9 et, une fois d\u00e9pos\u00e9es, cr\u00e9er des probl\u00e8mes d&rsquo;entretien inutiles et \u00e9touffer la v\u00e9g\u00e9tation. Il existe une distinction importante entre la fraction des particules qui tombent rapidement dans l&rsquo;air (chutes de [&hellip;]<\/p>\n","protected":false},"author":6,"featured_media":10198,"parent":0,"menu_order":0,"comment_status":"closed","ping_status":"closed","template":"","meta":{"_acf_changed":false,"footnotes":""},"class_list":["post-13885","page","type-page","status-publish","has-post-thumbnail","hentry"],"acf":[],"yoast_head":"<!-- This site is optimized with the Yoast SEO plugin v26.8 - https:\/\/yoast.com\/product\/yoast-seo-wordpress\/ -->\n<title>Surveillance des retomb\u00e9es de poussi\u00e8re | Autorit\u00e9 portuaire de Prince Rupert<\/title>\n<meta name=\"description\" content=\"D\u00e9couvrez nos programmes de surveillance des chutes de poussi\u00e8res qui garantissent un impact minimal sur les poussi\u00e8res \u00e0 l&#039;L&#039;Administration portuaire de Prince Rupert. Respirez plus facilement !\" \/>\n<meta name=\"robots\" content=\"index, follow, max-snippet:-1, max-image-preview:large, max-video-preview:-1\" \/>\n<link rel=\"canonical\" href=\"https:\/\/www.rupertport.com\/fr\/surveillance-des-chutes-de-poussieres\/\" \/>\n<meta property=\"og:locale\" content=\"fr_FR\" \/>\n<meta property=\"og:type\" content=\"article\" \/>\n<meta property=\"og:title\" content=\"Surveillance des retomb\u00e9es de poussi\u00e8re | Autorit\u00e9 portuaire de Prince Rupert\" \/>\n<meta property=\"og:description\" content=\"D\u00e9couvrez nos programmes de surveillance des chutes de poussi\u00e8res qui garantissent un impact minimal sur les poussi\u00e8res \u00e0 l&#039;L&#039;Administration portuaire de Prince Rupert. Respirez plus facilement !\" \/>\n<meta property=\"og:url\" content=\"https:\/\/www.rupertport.com\/fr\/surveillance-des-chutes-de-poussieres\/\" \/>\n<meta property=\"og:site_name\" content=\"Autorit\u00e9 portuaire de Prince Rupert\" \/>\n<meta property=\"article:publisher\" content=\"https:\/\/www.facebook.com\/rupertport\/\" \/>\n<meta property=\"article:modified_time\" content=\"2023-07-31T19:36:17+00:00\" \/>\n<meta property=\"og:image\" content=\"https:\/\/www.rupertport.com\/wp-content\/uploads\/2019\/11\/dustfall-feature.jpg\" \/>\n\t<meta property=\"og:image:width\" content=\"1452\" \/>\n\t<meta property=\"og:image:height\" content=\"864\" \/>\n\t<meta property=\"og:image:type\" content=\"image\/jpeg\" \/>\n<meta name=\"twitter:card\" content=\"summary_large_image\" \/>\n<meta name=\"twitter:site\" content=\"@rupertport\" \/>\n<script type=\"application\/ld+json\" class=\"yoast-schema-graph\">{\"@context\":\"https:\/\/schema.org\",\"@graph\":[{\"@type\":\"WebPage\",\"@id\":\"https:\/\/www.rupertport.com\/fr\/surveillance-des-chutes-de-poussieres\/\",\"url\":\"https:\/\/www.rupertport.com\/fr\/surveillance-des-chutes-de-poussieres\/\",\"name\":\"Surveillance des retomb\u00e9es de poussi\u00e8re | Autorit\u00e9 portuaire de Prince Rupert\",\"isPartOf\":{\"@id\":\"https:\/\/www.rupertport.com\/fr\/#website\"},\"primaryImageOfPage\":{\"@id\":\"https:\/\/www.rupertport.com\/fr\/surveillance-des-chutes-de-poussieres\/#primaryimage\"},\"image\":{\"@id\":\"https:\/\/www.rupertport.com\/fr\/surveillance-des-chutes-de-poussieres\/#primaryimage\"},\"thumbnailUrl\":\"https:\/\/www.rupertport.com\/wp-content\/uploads\/2019\/11\/dustfall-feature.jpg\",\"datePublished\":\"2019-11-20T17:15:23+00:00\",\"dateModified\":\"2023-07-31T19:36:17+00:00\",\"description\":\"D\u00e9couvrez nos programmes de surveillance des chutes de poussi\u00e8res qui garantissent un impact minimal sur les poussi\u00e8res \u00e0 l'L'Administration portuaire de Prince Rupert. Respirez plus facilement !\",\"breadcrumb\":{\"@id\":\"https:\/\/www.rupertport.com\/fr\/surveillance-des-chutes-de-poussieres\/#breadcrumb\"},\"inLanguage\":\"fr-FR\",\"potentialAction\":[{\"@type\":\"ReadAction\",\"target\":[\"https:\/\/www.rupertport.com\/fr\/surveillance-des-chutes-de-poussieres\/\"]}]},{\"@type\":\"ImageObject\",\"inLanguage\":\"fr-FR\",\"@id\":\"https:\/\/www.rupertport.com\/fr\/surveillance-des-chutes-de-poussieres\/#primaryimage\",\"url\":\"https:\/\/www.rupertport.com\/wp-content\/uploads\/2019\/11\/dustfall-feature.jpg\",\"contentUrl\":\"https:\/\/www.rupertport.com\/wp-content\/uploads\/2019\/11\/dustfall-feature.jpg\",\"width\":1452,\"height\":864},{\"@type\":\"BreadcrumbList\",\"@id\":\"https:\/\/www.rupertport.com\/fr\/surveillance-des-chutes-de-poussieres\/#breadcrumb\",\"itemListElement\":[{\"@type\":\"ListItem\",\"position\":1,\"name\":\"Home\",\"item\":\"https:\/\/www.rupertport.com\/fr\/page-de-garde\/\"},{\"@type\":\"ListItem\",\"position\":2,\"name\":\"Surveillance des retomb\u00e9es de poussi\u00e8re\"}]},{\"@type\":\"WebSite\",\"@id\":\"https:\/\/www.rupertport.com\/fr\/#website\",\"url\":\"https:\/\/www.rupertport.com\/fr\/\",\"name\":\"Prince Rupert Port Authority\",\"description\":\"L'avant-garde du Canada\",\"publisher\":{\"@id\":\"https:\/\/www.rupertport.com\/fr\/#organization\"},\"alternateName\":\"PRPA\",\"potentialAction\":[{\"@type\":\"SearchAction\",\"target\":{\"@type\":\"EntryPoint\",\"urlTemplate\":\"https:\/\/www.rupertport.com\/fr\/?s={search_term_string}\"},\"query-input\":{\"@type\":\"PropertyValueSpecification\",\"valueRequired\":true,\"valueName\":\"search_term_string\"}}],\"inLanguage\":\"fr-FR\"},{\"@type\":\"Organization\",\"@id\":\"https:\/\/www.rupertport.com\/fr\/#organization\",\"name\":\"Prince Rupert Port Authority\",\"alternateName\":\"PRPA\",\"url\":\"https:\/\/www.rupertport.com\/fr\/\",\"logo\":{\"@type\":\"ImageObject\",\"inLanguage\":\"fr-FR\",\"@id\":\"https:\/\/www.rupertport.com\/fr\/#\/schema\/logo\/image\/\",\"url\":\"https:\/\/www.rupertport.com\/wp-content\/uploads\/2021\/04\/cropped-PRPA-logo-meta-1200x1200-1.jpg\",\"contentUrl\":\"https:\/\/www.rupertport.com\/wp-content\/uploads\/2021\/04\/cropped-PRPA-logo-meta-1200x1200-1.jpg\",\"width\":512,\"height\":512,\"caption\":\"Prince Rupert Port Authority\"},\"image\":{\"@id\":\"https:\/\/www.rupertport.com\/fr\/#\/schema\/logo\/image\/\"},\"sameAs\":[\"https:\/\/www.facebook.com\/rupertport\/\",\"https:\/\/x.com\/rupertport\"]}]}<\/script>\n<!-- \/ Yoast SEO plugin. -->","yoast_head_json":{"title":"Surveillance des retomb\u00e9es de poussi\u00e8re | Autorit\u00e9 portuaire de Prince Rupert","description":"D\u00e9couvrez nos programmes de surveillance des chutes de poussi\u00e8res qui garantissent un impact minimal sur les poussi\u00e8res \u00e0 l'L'Administration portuaire de Prince Rupert. Respirez plus facilement !","robots":{"index":"index","follow":"follow","max-snippet":"max-snippet:-1","max-image-preview":"max-image-preview:large","max-video-preview":"max-video-preview:-1"},"canonical":"https:\/\/www.rupertport.com\/fr\/surveillance-des-chutes-de-poussieres\/","og_locale":"fr_FR","og_type":"article","og_title":"Surveillance des retomb\u00e9es de poussi\u00e8re | Autorit\u00e9 portuaire de Prince Rupert","og_description":"D\u00e9couvrez nos programmes de surveillance des chutes de poussi\u00e8res qui garantissent un impact minimal sur les poussi\u00e8res \u00e0 l'L'Administration portuaire de Prince Rupert. Respirez plus facilement !","og_url":"https:\/\/www.rupertport.com\/fr\/surveillance-des-chutes-de-poussieres\/","og_site_name":"Autorit\u00e9 portuaire de Prince Rupert","article_publisher":"https:\/\/www.facebook.com\/rupertport\/","article_modified_time":"2023-07-31T19:36:17+00:00","og_image":[{"width":1452,"height":864,"url":"https:\/\/www.rupertport.com\/wp-content\/uploads\/2019\/11\/dustfall-feature.jpg","type":"image\/jpeg"}],"twitter_card":"summary_large_image","twitter_site":"@rupertport","schema":{"@context":"https:\/\/schema.org","@graph":[{"@type":"WebPage","@id":"https:\/\/www.rupertport.com\/fr\/surveillance-des-chutes-de-poussieres\/","url":"https:\/\/www.rupertport.com\/fr\/surveillance-des-chutes-de-poussieres\/","name":"Surveillance des retomb\u00e9es de poussi\u00e8re | Autorit\u00e9 portuaire de Prince Rupert","isPartOf":{"@id":"https:\/\/www.rupertport.com\/fr\/#website"},"primaryImageOfPage":{"@id":"https:\/\/www.rupertport.com\/fr\/surveillance-des-chutes-de-poussieres\/#primaryimage"},"image":{"@id":"https:\/\/www.rupertport.com\/fr\/surveillance-des-chutes-de-poussieres\/#primaryimage"},"thumbnailUrl":"https:\/\/www.rupertport.com\/wp-content\/uploads\/2019\/11\/dustfall-feature.jpg","datePublished":"2019-11-20T17:15:23+00:00","dateModified":"2023-07-31T19:36:17+00:00","description":"D\u00e9couvrez nos programmes de surveillance des chutes de poussi\u00e8res qui garantissent un impact minimal sur les poussi\u00e8res \u00e0 l'L'Administration portuaire de Prince Rupert. Respirez plus facilement !","breadcrumb":{"@id":"https:\/\/www.rupertport.com\/fr\/surveillance-des-chutes-de-poussieres\/#breadcrumb"},"inLanguage":"fr-FR","potentialAction":[{"@type":"ReadAction","target":["https:\/\/www.rupertport.com\/fr\/surveillance-des-chutes-de-poussieres\/"]}]},{"@type":"ImageObject","inLanguage":"fr-FR","@id":"https:\/\/www.rupertport.com\/fr\/surveillance-des-chutes-de-poussieres\/#primaryimage","url":"https:\/\/www.rupertport.com\/wp-content\/uploads\/2019\/11\/dustfall-feature.jpg","contentUrl":"https:\/\/www.rupertport.com\/wp-content\/uploads\/2019\/11\/dustfall-feature.jpg","width":1452,"height":864},{"@type":"BreadcrumbList","@id":"https:\/\/www.rupertport.com\/fr\/surveillance-des-chutes-de-poussieres\/#breadcrumb","itemListElement":[{"@type":"ListItem","position":1,"name":"Home","item":"https:\/\/www.rupertport.com\/fr\/page-de-garde\/"},{"@type":"ListItem","position":2,"name":"Surveillance des retomb\u00e9es de poussi\u00e8re"}]},{"@type":"WebSite","@id":"https:\/\/www.rupertport.com\/fr\/#website","url":"https:\/\/www.rupertport.com\/fr\/","name":"Prince Rupert Port Authority","description":"L'avant-garde du Canada","publisher":{"@id":"https:\/\/www.rupertport.com\/fr\/#organization"},"alternateName":"PRPA","potentialAction":[{"@type":"SearchAction","target":{"@type":"EntryPoint","urlTemplate":"https:\/\/www.rupertport.com\/fr\/?s={search_term_string}"},"query-input":{"@type":"PropertyValueSpecification","valueRequired":true,"valueName":"search_term_string"}}],"inLanguage":"fr-FR"},{"@type":"Organization","@id":"https:\/\/www.rupertport.com\/fr\/#organization","name":"Prince Rupert Port Authority","alternateName":"PRPA","url":"https:\/\/www.rupertport.com\/fr\/","logo":{"@type":"ImageObject","inLanguage":"fr-FR","@id":"https:\/\/www.rupertport.com\/fr\/#\/schema\/logo\/image\/","url":"https:\/\/www.rupertport.com\/wp-content\/uploads\/2021\/04\/cropped-PRPA-logo-meta-1200x1200-1.jpg","contentUrl":"https:\/\/www.rupertport.com\/wp-content\/uploads\/2021\/04\/cropped-PRPA-logo-meta-1200x1200-1.jpg","width":512,"height":512,"caption":"Prince Rupert Port Authority"},"image":{"@id":"https:\/\/www.rupertport.com\/fr\/#\/schema\/logo\/image\/"},"sameAs":["https:\/\/www.facebook.com\/rupertport\/","https:\/\/x.com\/rupertport"]}]}},"_links":{"self":[{"href":"https:\/\/www.rupertport.com\/fr\/wp-json\/wp\/v2\/pages\/13885","targetHints":{"allow":["GET"]}}],"collection":[{"href":"https:\/\/www.rupertport.com\/fr\/wp-json\/wp\/v2\/pages"}],"about":[{"href":"https:\/\/www.rupertport.com\/fr\/wp-json\/wp\/v2\/types\/page"}],"author":[{"embeddable":true,"href":"https:\/\/www.rupertport.com\/fr\/wp-json\/wp\/v2\/users\/6"}],"replies":[{"embeddable":true,"href":"https:\/\/www.rupertport.com\/fr\/wp-json\/wp\/v2\/comments?post=13885"}],"version-history":[{"count":0,"href":"https:\/\/www.rupertport.com\/fr\/wp-json\/wp\/v2\/pages\/13885\/revisions"}],"wp:featuredmedia":[{"embeddable":true,"href":"https:\/\/www.rupertport.com\/fr\/wp-json\/wp\/v2\/media\/10198"}],"wp:attachment":[{"href":"https:\/\/www.rupertport.com\/fr\/wp-json\/wp\/v2\/media?parent=13885"}],"curies":[{"name":"wp","href":"https:\/\/api.w.org\/{rel}","templated":true}]}}