{"id":13870,"date":"2019-11-20T17:00:45","date_gmt":"2019-11-21T01:00:45","guid":{"rendered":"https:\/\/prpaprincerupertportauthor.kinsta.cloud\/permis-et-laissez-passer\/"},"modified":"2026-01-05T14:24:41","modified_gmt":"2026-01-05T22:24:41","slug":"permis-et-laissez-passer","status":"publish","type":"page","link":"https:\/\/www.rupertport.com\/fr\/permis-et-laissez-passer\/","title":{"rendered":"Permis et laissez-passer"},"content":{"rendered":"\n<h2 class=\"wp-block-heading\">Applications du laissez-passer portuaire<\/h2>\n\n\n\n<p>Le bureau d&rsquo;accr\u00e9ditation de l&rsquo;autorit\u00e9 portuaire g\u00e8re les laissez-passer portuaires pour tous les utilisateurs de la porte d&rsquo;entr\u00e9e de Prince Rupert. Toutes les demandes de laissez-passer portuaires sont soumises via le <a href=\"https:\/\/portpass.rupertport.com\/\">syst\u00e8me de demande de laissez-passer portuaires en ligne <\/a>. Veuillez contacter votre employeur pour obtenir le code d&rsquo;acc\u00e8s \u00e0 l&rsquo;installation n\u00e9cessaire \u00e0 l&rsquo;introduction de la demande en ligne. Les demandes soumises seront examin\u00e9es par le bureau des accr\u00e9ditations pour approbation.<\/p>\n\n\n\n<p>Les nouveaux employeurs doivent contacter le bureau des accr\u00e9ditations \u00e0 l&rsquo;adresse <a href=\"mailto:credentialing@rupertport.com\" target=\"_blank\" rel=\"noreferrer noopener\">credentialing@rupertport.com<\/a> pour obtenir des d\u00e9tails sur la proc\u00e9dure d&rsquo;inscription.<\/p>\n\n\n\n<p>Les demandes d&rsquo;habilitation de s\u00e9curit\u00e9 en mati\u00e8re de transport (TSC) sont soumises en ligne via le syst\u00e8me de demande de Transports Canada. Veuillez contacter votre employeur pour obtenir des informations suppl\u00e9mentaires sur la proc\u00e9dure de candidature au TSC.  <\/p>\n\n\n\n<div class=\"wp-block-buttons is-layout-flex wp-block-buttons-is-layout-flex\">\n<div class=\"wp-block-button alignleft\"><a class=\"wp-block-button__link wp-element-button\" href=\"https:\/\/portpass.rupertport.com\/\">Syst\u00e8me de demande de laissez-passer portuaire en ligne<\/a><\/div>\n<\/div>\n\n\n\n<div style=\"height:29px\" aria-hidden=\"true\" class=\"wp-block-spacer\"><\/div>\n\n\n\n<div class=\"wp-block-buttons is-layout-flex wp-block-buttons-is-layout-flex\">\n<div class=\"wp-block-button alignleft\"><a class=\"wp-block-button__link wp-element-button\" href=\"https:\/\/www.rupertport.com\/wp-content\/uploads\/2024\/01\/Port_Pass_Terms_Conditions_FR.pdf\">Conditions de laissez-passer portuaires<\/a><\/div>\n<\/div>\n\n\n\n<div class=\"wp-block-buttons is-layout-flex wp-block-buttons-is-layout-flex\"><\/div>\n\n\n\n<div style=\"height:29px\" aria-hidden=\"true\" class=\"wp-block-spacer\"><\/div>\n\n\n\n<hr class=\"wp-block-separator has-css-opacity is-style-wide\"\/>\n\n\n\n<h2 class=\"wp-block-heading\">Permis de transport de marchandises dangereuses<\/h2>\n\n\n\n<p>Veuillez compl\u00e9ter et soumettre la demande d&rsquo;autorisation de transport de marchandises dangereuses.<\/p>\n\n\n\n<div class=\"wp-block-button\"><a class=\"wp-block-button__link wp-element-button\" href=\"https:\/\/www.rupertport.com\/fr\/permis-et-laissez-passer\/permis-de-transport-de-marchandises-dangereuses\/\">Remplir le permis de transport de marchandises dangereuses<\/a><\/div>\n\n\n\n<hr class=\"wp-block-separator has-css-opacity is-style-wide\"\/>\n\n\n\n<h2 class=\"wp-block-heading\">Permis de plong\u00e9e<\/h2>\n\n\n\n<p>Le r\u00e8glement sur les op\u00e9rations des administrations portuaires autorise le port de Prince Rupert \u00e0 restreindre et \u00e0 contr\u00f4ler les op\u00e9rations de plong\u00e9e dans le port afin d&rsquo;assurer la s\u00e9curit\u00e9 de tous les plongeurs et d&#8217;emp\u00eacher les op\u00e9rations de plong\u00e9e d&rsquo;interf\u00e9rer avec les op\u00e9rations du terminal ou le libre passage du trafic nautique. La plong\u00e9e ne peut commencer que lorsque le pr\u00e9sent \u00ab\u00a0permis de plong\u00e9e\u00a0\u00bb est rempli dans son int\u00e9gralit\u00e9. Le PSOC transmet les permis approuv\u00e9s aux Services de communication et de trafic maritimes (SCTM).<\/p>\n\n\n<div class=\"wp-block-file\"><a class=\"wp-block-file__button\" href=\"https:\/\/www.rupertport.com\/wp-content\/uploads\/2022\/11\/dive-permit-fillable-1.pdf\" download=\"\">T\u00e9l\u00e9charger<\/a><\/div>\n\n\n<hr class=\"wp-block-separator has-css-opacity is-style-wide\"\/>\n\n\n\n<h2 class=\"wp-block-heading\">Demande d&rsquo;organisation d&rsquo;une manifestation maritime<\/h2>\n\n\n\n<p>Toute manifestation maritime ne peut commencer que lorsque la pr\u00e9sente \u00ab\u00a0Demande d&rsquo;organisation d&rsquo;une manifestation maritime\u00a0\u00bb est enti\u00e8rement remplie et envoy\u00e9e par courrier \u00e9lectronique \u00e0 la capitainerie du port par l&rsquo;interm\u00e9diaire du Centre des op\u00e9rations de s\u00e9curit\u00e9 du port (PSOC) (psoc@rupertport.com). Toutes les parties du permis doivent \u00eatre compl\u00e9t\u00e9es et chaque question de la feuille doit recevoir une r\u00e9ponse affirmative.<\/p>\n\n\n<div class=\"wp-block-file\"><a class=\"wp-block-file__button\" href=\"https:\/\/www.rupertport.com\/wp-content\/uploads\/2022\/11\/application-to-hold-a-marine-event-1.pdf\" download=\"\">T\u00e9l\u00e9charger<\/a><\/div>\n\n\n<hr class=\"wp-block-separator has-css-opacity is-style-wide\"\/>\n\n\n\n<h2 class=\"wp-block-heading\">Permis de travail \u00e0 chaud<\/h2>\n\n\n\n<p>Tous les travaux \u00e0 chaud ne peuvent commencer que lorsque le pr\u00e9sent \u00ab\u00a0Permis de soudage et de travaux \u00e0 chaud\u00a0\u00bb est rempli dans son int\u00e9gralit\u00e9 et envoy\u00e9 par courrier \u00e9lectronique \u00e0 la capitainerie du port via le Centre des op\u00e9rations de s\u00e9curit\u00e9 du port (PSOC) (psoc@rupertport.com). Toutes les parties du permis doivent \u00eatre compl\u00e9t\u00e9es et chaque question de la feuille doit recevoir une r\u00e9ponse affirmative.<\/p>\n\n\n<div class=\"wp-block-file\"><a class=\"wp-block-file__button\" href=\"https:\/\/www.rupertport.com\/wp-content\/uploads\/2022\/11\/hot-work-permit-fillable-1.pdf\" download=\"\">T\u00e9l\u00e9charger<\/a><\/div>\n\n\n<hr class=\"wp-block-separator has-css-opacity is-style-wide\"\/>\n\n\n\n<h2 class=\"wp-block-heading\">Demande d&rsquo;incitation pour les navires de l&rsquo;onde verte<\/h2>\n\n\n\n<p>Les navires peuvent b\u00e9n\u00e9ficier d&rsquo;un des trois niveaux sup\u00e9rieurs au taux de base en fonction de leurs performances environnementales. Ces niveaux sont bas\u00e9s sur le niveau de l&rsquo;engagement \u00e0 l&rsquo;\u00e9gard d&rsquo;aspects tels que la r\u00e9duction des \u00e9missions atmosph\u00e9riques et des polluants, l&rsquo;utilisation de technologies plus efficaces sur le plan \u00e9nerg\u00e9tique et la r\u00e9duction des \u00e9missions de gaz \u00e0 effet de serre, et participer aux organisations et aux initiatives de durabilit\u00e9 marine qui sont rapidement adopt\u00e9es dans le monde entier.<\/p>\n\n\n<div class=\"wp-block-file\"><a class=\"wp-block-file__button\" href=\"https:\/\/www.rupertport.com\/wp-content\/uploads\/2023\/01\/Port-of-Prince-Rupert-Green-Wave-Program-2023-FINAL.pdf\" download=\"\">T\u00e9l\u00e9charger<\/a><\/div>\n\n\n<hr class=\"wp-block-separator has-css-opacity is-style-wide\"\/>\n\n\n\n<h2 class=\"wp-block-heading\">Liste de contr\u00f4le pour l&rsquo;avitaillement<\/h2>\n\n\n\n<p>Aucun navire de plus de 50 m\u00e8tres de long ne doit \u00eatre ravitaill\u00e9 en carburant ou en combustible dans le port de Prince Rupert sans avoir obtenu au pr\u00e9alable l&rsquo;autorisation \u00e9crite de l&rsquo;autorit\u00e9 portuaire et sans avoir rempli la liste de contr\u00f4le de s\u00e9curit\u00e9 pour le transfert de carburant. Le chargement des soutes et des huiles en vrac n&rsquo;est autoris\u00e9 que le long d&rsquo;un poste d&rsquo;amarrage ou, si cela n&rsquo;est pas possible, dans un mouillage de l&rsquo;arri\u00e8re-port.<\/p>\n\n\n\n<div class=\"wp-block-file\"><a href=\"..\/wp-content\/uploads\/2019\/09\/Bunkering-Checklist.pdf\" class=\"wp-block-file__button\" download=\"\">T\u00e9l\u00e9charger<\/a><\/div>\n","protected":false},"excerpt":{"rendered":"<p>Applications du laissez-passer portuaire Le bureau d&rsquo;accr\u00e9ditation de l&rsquo;autorit\u00e9 portuaire g\u00e8re les laissez-passer portuaires pour tous les utilisateurs de la porte d&rsquo;entr\u00e9e de Prince Rupert. Toutes les demandes de laissez-passer portuaires sont soumises via le syst\u00e8me de demande de laissez-passer portuaires en ligne . Veuillez contacter votre employeur pour obtenir le code d&rsquo;acc\u00e8s \u00e0 l&rsquo;installation [&hellip;]<\/p>\n","protected":false},"author":6,"featured_media":10219,"parent":0,"menu_order":0,"comment_status":"closed","ping_status":"closed","template":"","meta":{"_acf_changed":false,"footnotes":""},"class_list":["post-13870","page","type-page","status-publish","has-post-thumbnail","hentry"],"acf":[],"yoast_head":"<!-- This site is optimized with the Yoast SEO plugin v26.8 - https:\/\/yoast.com\/product\/yoast-seo-wordpress\/ -->\n<title>Permis et laissez-passer | Documents requis | Autorit\u00e9 portuaire de Prince Rupert.<\/title>\n<meta name=\"description\" content=\"Permis et laissez-passer : Obtenir les permis et les laissez-passer n\u00e9cessaires pour des op\u00e9rations efficaces \u00e0 L&#039;Administration portuaire de Prince Rupert. Assurer la conformit\u00e9.\" \/>\n<meta name=\"robots\" content=\"index, follow, max-snippet:-1, max-image-preview:large, max-video-preview:-1\" \/>\n<link rel=\"canonical\" href=\"https:\/\/www.rupertport.com\/fr\/permis-et-laissez-passer\/\" \/>\n<meta property=\"og:locale\" content=\"fr_FR\" \/>\n<meta property=\"og:type\" content=\"article\" \/>\n<meta property=\"og:title\" content=\"Permis et laissez-passer | Documents requis | Autorit\u00e9 portuaire de Prince Rupert.\" \/>\n<meta property=\"og:description\" content=\"Permis et laissez-passer : Obtenir les permis et les laissez-passer n\u00e9cessaires pour des op\u00e9rations efficaces \u00e0 L&#039;Administration portuaire de Prince Rupert. Assurer la conformit\u00e9.\" \/>\n<meta property=\"og:url\" content=\"https:\/\/www.rupertport.com\/fr\/permis-et-laissez-passer\/\" \/>\n<meta property=\"og:site_name\" content=\"Autorit\u00e9 portuaire de Prince Rupert\" \/>\n<meta property=\"article:publisher\" content=\"https:\/\/www.facebook.com\/rupertport\/\" \/>\n<meta property=\"article:modified_time\" content=\"2026-01-05T22:24:41+00:00\" \/>\n<meta property=\"og:image\" content=\"https:\/\/www.rupertport.com\/wp-content\/uploads\/2019\/11\/prpa-cowbay-night-1.jpg\" \/>\n\t<meta property=\"og:image:width\" content=\"2000\" \/>\n\t<meta property=\"og:image:height\" content=\"1334\" \/>\n\t<meta property=\"og:image:type\" content=\"image\/jpeg\" \/>\n<meta name=\"twitter:card\" content=\"summary_large_image\" \/>\n<meta name=\"twitter:site\" content=\"@rupertport\" \/>\n<script type=\"application\/ld+json\" class=\"yoast-schema-graph\">{\"@context\":\"https:\/\/schema.org\",\"@graph\":[{\"@type\":\"WebPage\",\"@id\":\"https:\/\/www.rupertport.com\/fr\/permis-et-laissez-passer\/\",\"url\":\"https:\/\/www.rupertport.com\/fr\/permis-et-laissez-passer\/\",\"name\":\"Permis et laissez-passer | Documents requis | Autorit\u00e9 portuaire de Prince Rupert.\",\"isPartOf\":{\"@id\":\"https:\/\/www.rupertport.com\/fr\/#website\"},\"primaryImageOfPage\":{\"@id\":\"https:\/\/www.rupertport.com\/fr\/permis-et-laissez-passer\/#primaryimage\"},\"image\":{\"@id\":\"https:\/\/www.rupertport.com\/fr\/permis-et-laissez-passer\/#primaryimage\"},\"thumbnailUrl\":\"https:\/\/www.rupertport.com\/wp-content\/uploads\/2019\/11\/prpa-cowbay-night-1.jpg\",\"datePublished\":\"2019-11-21T01:00:45+00:00\",\"dateModified\":\"2026-01-05T22:24:41+00:00\",\"description\":\"Permis et laissez-passer : Obtenir les permis et les laissez-passer n\u00e9cessaires pour des op\u00e9rations efficaces \u00e0 L'Administration portuaire de Prince Rupert. Assurer la conformit\u00e9.\",\"breadcrumb\":{\"@id\":\"https:\/\/www.rupertport.com\/fr\/permis-et-laissez-passer\/#breadcrumb\"},\"inLanguage\":\"fr-FR\",\"potentialAction\":[{\"@type\":\"ReadAction\",\"target\":[\"https:\/\/www.rupertport.com\/fr\/permis-et-laissez-passer\/\"]}]},{\"@type\":\"ImageObject\",\"inLanguage\":\"fr-FR\",\"@id\":\"https:\/\/www.rupertport.com\/fr\/permis-et-laissez-passer\/#primaryimage\",\"url\":\"https:\/\/www.rupertport.com\/wp-content\/uploads\/2019\/11\/prpa-cowbay-night-1.jpg\",\"contentUrl\":\"https:\/\/www.rupertport.com\/wp-content\/uploads\/2019\/11\/prpa-cowbay-night-1.jpg\",\"width\":2000,\"height\":1334},{\"@type\":\"BreadcrumbList\",\"@id\":\"https:\/\/www.rupertport.com\/fr\/permis-et-laissez-passer\/#breadcrumb\",\"itemListElement\":[{\"@type\":\"ListItem\",\"position\":1,\"name\":\"Home\",\"item\":\"https:\/\/www.rupertport.com\/fr\/page-de-garde\/\"},{\"@type\":\"ListItem\",\"position\":2,\"name\":\"Permis et laissez-passer\"}]},{\"@type\":\"WebSite\",\"@id\":\"https:\/\/www.rupertport.com\/fr\/#website\",\"url\":\"https:\/\/www.rupertport.com\/fr\/\",\"name\":\"Prince Rupert Port Authority\",\"description\":\"L'avant-garde du Canada\",\"publisher\":{\"@id\":\"https:\/\/www.rupertport.com\/fr\/#organization\"},\"alternateName\":\"PRPA\",\"potentialAction\":[{\"@type\":\"SearchAction\",\"target\":{\"@type\":\"EntryPoint\",\"urlTemplate\":\"https:\/\/www.rupertport.com\/fr\/?s={search_term_string}\"},\"query-input\":{\"@type\":\"PropertyValueSpecification\",\"valueRequired\":true,\"valueName\":\"search_term_string\"}}],\"inLanguage\":\"fr-FR\"},{\"@type\":\"Organization\",\"@id\":\"https:\/\/www.rupertport.com\/fr\/#organization\",\"name\":\"Prince Rupert Port Authority\",\"alternateName\":\"PRPA\",\"url\":\"https:\/\/www.rupertport.com\/fr\/\",\"logo\":{\"@type\":\"ImageObject\",\"inLanguage\":\"fr-FR\",\"@id\":\"https:\/\/www.rupertport.com\/fr\/#\/schema\/logo\/image\/\",\"url\":\"https:\/\/www.rupertport.com\/wp-content\/uploads\/2021\/04\/cropped-PRPA-logo-meta-1200x1200-1.jpg\",\"contentUrl\":\"https:\/\/www.rupertport.com\/wp-content\/uploads\/2021\/04\/cropped-PRPA-logo-meta-1200x1200-1.jpg\",\"width\":512,\"height\":512,\"caption\":\"Prince Rupert Port Authority\"},\"image\":{\"@id\":\"https:\/\/www.rupertport.com\/fr\/#\/schema\/logo\/image\/\"},\"sameAs\":[\"https:\/\/www.facebook.com\/rupertport\/\",\"https:\/\/x.com\/rupertport\"]}]}<\/script>\n<!-- \/ Yoast SEO plugin. -->","yoast_head_json":{"title":"Permis et laissez-passer | Documents requis | Autorit\u00e9 portuaire de Prince Rupert.","description":"Permis et laissez-passer : Obtenir les permis et les laissez-passer n\u00e9cessaires pour des op\u00e9rations efficaces \u00e0 L'Administration portuaire de Prince Rupert. Assurer la conformit\u00e9.","robots":{"index":"index","follow":"follow","max-snippet":"max-snippet:-1","max-image-preview":"max-image-preview:large","max-video-preview":"max-video-preview:-1"},"canonical":"https:\/\/www.rupertport.com\/fr\/permis-et-laissez-passer\/","og_locale":"fr_FR","og_type":"article","og_title":"Permis et laissez-passer | Documents requis | Autorit\u00e9 portuaire de Prince Rupert.","og_description":"Permis et laissez-passer : Obtenir les permis et les laissez-passer n\u00e9cessaires pour des op\u00e9rations efficaces \u00e0 L'Administration portuaire de Prince Rupert. Assurer la conformit\u00e9.","og_url":"https:\/\/www.rupertport.com\/fr\/permis-et-laissez-passer\/","og_site_name":"Autorit\u00e9 portuaire de Prince Rupert","article_publisher":"https:\/\/www.facebook.com\/rupertport\/","article_modified_time":"2026-01-05T22:24:41+00:00","og_image":[{"width":2000,"height":1334,"url":"https:\/\/www.rupertport.com\/wp-content\/uploads\/2019\/11\/prpa-cowbay-night-1.jpg","type":"image\/jpeg"}],"twitter_card":"summary_large_image","twitter_site":"@rupertport","schema":{"@context":"https:\/\/schema.org","@graph":[{"@type":"WebPage","@id":"https:\/\/www.rupertport.com\/fr\/permis-et-laissez-passer\/","url":"https:\/\/www.rupertport.com\/fr\/permis-et-laissez-passer\/","name":"Permis et laissez-passer | Documents requis | Autorit\u00e9 portuaire de Prince Rupert.","isPartOf":{"@id":"https:\/\/www.rupertport.com\/fr\/#website"},"primaryImageOfPage":{"@id":"https:\/\/www.rupertport.com\/fr\/permis-et-laissez-passer\/#primaryimage"},"image":{"@id":"https:\/\/www.rupertport.com\/fr\/permis-et-laissez-passer\/#primaryimage"},"thumbnailUrl":"https:\/\/www.rupertport.com\/wp-content\/uploads\/2019\/11\/prpa-cowbay-night-1.jpg","datePublished":"2019-11-21T01:00:45+00:00","dateModified":"2026-01-05T22:24:41+00:00","description":"Permis et laissez-passer : Obtenir les permis et les laissez-passer n\u00e9cessaires pour des op\u00e9rations efficaces \u00e0 L'Administration portuaire de Prince Rupert. Assurer la conformit\u00e9.","breadcrumb":{"@id":"https:\/\/www.rupertport.com\/fr\/permis-et-laissez-passer\/#breadcrumb"},"inLanguage":"fr-FR","potentialAction":[{"@type":"ReadAction","target":["https:\/\/www.rupertport.com\/fr\/permis-et-laissez-passer\/"]}]},{"@type":"ImageObject","inLanguage":"fr-FR","@id":"https:\/\/www.rupertport.com\/fr\/permis-et-laissez-passer\/#primaryimage","url":"https:\/\/www.rupertport.com\/wp-content\/uploads\/2019\/11\/prpa-cowbay-night-1.jpg","contentUrl":"https:\/\/www.rupertport.com\/wp-content\/uploads\/2019\/11\/prpa-cowbay-night-1.jpg","width":2000,"height":1334},{"@type":"BreadcrumbList","@id":"https:\/\/www.rupertport.com\/fr\/permis-et-laissez-passer\/#breadcrumb","itemListElement":[{"@type":"ListItem","position":1,"name":"Home","item":"https:\/\/www.rupertport.com\/fr\/page-de-garde\/"},{"@type":"ListItem","position":2,"name":"Permis et laissez-passer"}]},{"@type":"WebSite","@id":"https:\/\/www.rupertport.com\/fr\/#website","url":"https:\/\/www.rupertport.com\/fr\/","name":"Prince Rupert Port Authority","description":"L'avant-garde du Canada","publisher":{"@id":"https:\/\/www.rupertport.com\/fr\/#organization"},"alternateName":"PRPA","potentialAction":[{"@type":"SearchAction","target":{"@type":"EntryPoint","urlTemplate":"https:\/\/www.rupertport.com\/fr\/?s={search_term_string}"},"query-input":{"@type":"PropertyValueSpecification","valueRequired":true,"valueName":"search_term_string"}}],"inLanguage":"fr-FR"},{"@type":"Organization","@id":"https:\/\/www.rupertport.com\/fr\/#organization","name":"Prince Rupert Port Authority","alternateName":"PRPA","url":"https:\/\/www.rupertport.com\/fr\/","logo":{"@type":"ImageObject","inLanguage":"fr-FR","@id":"https:\/\/www.rupertport.com\/fr\/#\/schema\/logo\/image\/","url":"https:\/\/www.rupertport.com\/wp-content\/uploads\/2021\/04\/cropped-PRPA-logo-meta-1200x1200-1.jpg","contentUrl":"https:\/\/www.rupertport.com\/wp-content\/uploads\/2021\/04\/cropped-PRPA-logo-meta-1200x1200-1.jpg","width":512,"height":512,"caption":"Prince Rupert Port Authority"},"image":{"@id":"https:\/\/www.rupertport.com\/fr\/#\/schema\/logo\/image\/"},"sameAs":["https:\/\/www.facebook.com\/rupertport\/","https:\/\/x.com\/rupertport"]}]}},"_links":{"self":[{"href":"https:\/\/www.rupertport.com\/fr\/wp-json\/wp\/v2\/pages\/13870","targetHints":{"allow":["GET"]}}],"collection":[{"href":"https:\/\/www.rupertport.com\/fr\/wp-json\/wp\/v2\/pages"}],"about":[{"href":"https:\/\/www.rupertport.com\/fr\/wp-json\/wp\/v2\/types\/page"}],"author":[{"embeddable":true,"href":"https:\/\/www.rupertport.com\/fr\/wp-json\/wp\/v2\/users\/6"}],"replies":[{"embeddable":true,"href":"https:\/\/www.rupertport.com\/fr\/wp-json\/wp\/v2\/comments?post=13870"}],"version-history":[{"count":10,"href":"https:\/\/www.rupertport.com\/fr\/wp-json\/wp\/v2\/pages\/13870\/revisions"}],"predecessor-version":[{"id":25841,"href":"https:\/\/www.rupertport.com\/fr\/wp-json\/wp\/v2\/pages\/13870\/revisions\/25841"}],"wp:featuredmedia":[{"embeddable":true,"href":"https:\/\/www.rupertport.com\/fr\/wp-json\/wp\/v2\/media\/10219"}],"wp:attachment":[{"href":"https:\/\/www.rupertport.com\/fr\/wp-json\/wp\/v2\/media?parent=13870"}],"curies":[{"name":"wp","href":"https:\/\/api.w.org\/{rel}","templated":true}]}}