{"id":13869,"date":"2019-11-20T16:47:57","date_gmt":"2019-11-21T00:47:57","guid":{"rendered":"https:\/\/prpaprincerupertportauthor.kinsta.cloud\/services-portuaires\/"},"modified":"2023-10-27T19:11:55","modified_gmt":"2023-10-27T19:11:55","slug":"services-portuaires","status":"publish","type":"page","link":"https:\/\/www.rupertport.com\/fr\/services-portuaires\/","title":{"rendered":"Services portuaires"},"content":{"rendered":"\n<h2 class=\"wp-block-heading\" id=\"test\">Toutes les formes de navigation et de transport passant par le port de Prince Rupert b\u00e9n\u00e9ficient de nos avantages naturels et strat\u00e9giques. Nos services sont in\u00e9gal\u00e9s.<\/h2>\n\n\n\n<h3 class=\"wp-block-heading\" id=\"intermodal\"><span class=\"text-primary ml-1\">\n  <strong>|<\/strong>\n<\/span> <strong>INTERMODAL<\/strong><\/h3>\n\n\n\n<p>Une vitesse, une port\u00e9e et une fiabilit\u00e9 \u00e0 la pointe de l&rsquo;industrie qui ajoutent une comp\u00e9titivit\u00e9 de bout en bout aux marchandises qui transitent par notre port.<\/p>\n\n\n\n<h4 class=\"wp-block-heading\">Les avantages en bref<\/h4>\n\n\n\n<p>La route commerciale la plus rapide du Pacifique. Le port de Prince Rupert est le port nord-am\u00e9ricain le plus proche de l&rsquo;Asie, \u00e0 trois jours de navigation pr\u00e8s : Shanghai est \u00e0 36 heures de route de Vancouver et \u00e0 plus de 68 heures de Los Angeles.<\/p>\n\n\n\n<p>Liaison ferroviaire sup\u00e9rieure et sans encombrement avec les march\u00e9s nord-am\u00e9ricains. Le CN relie Prince Rupert \u00e0 l&rsquo;Am\u00e9rique du Nord gr\u00e2ce \u00e0 son r\u00e9seau ferroviaire \u00a0\u00bb d&rsquo;un oc\u00e9an \u00e0 l&rsquo;autre \u00ab\u00a0, offrant un acc\u00e8s efficace et constant aux principaux clients de l&rsquo;est du Canada, du Midwest des \u00c9tats-Unis et de tous les points interm\u00e9diaires.<\/p>\n\n\n\n<p>Pour poursuivre les avantages de Prince Rupert, cliquez <a href=\"https:\/\/www.rupertport.com\/fr\/nos-avantages\/\">ici<\/a>.<\/p>\n\n\n\n<h4 class=\"wp-block-heading\">1,35 million d&rsquo;EVP et en croissance.<\/h4>\n\n\n\n<p>Le terminal Fairview de DP World s&rsquo;est lanc\u00e9 dans une nouvelle expansion pour traiter 1,8 million d&rsquo;EVP d&rsquo;ici 2022.<\/p>\n\n\n\n<p>Pour en savoir plus sur les sp\u00e9cifications de notre terminal \u00e0 conteneurs de Fairview, <a href=\"https:\/\/www.rupertport.com\/fr\/terminal_details\/terminal-a-conteneurs-de-fairview\/\">cliquez ici<\/a>.<\/p>\n\n\n\n<figure class=\"wp-block-image alignwide\"><img decoding=\"async\" src=\"https:\/\/www.rupertport.com\/wp-content\/uploads\/2019\/11\/fairview-container-terminal-1024x512.jpg\" alt=\"\" class=\"wp-image-118\"\/><\/figure>\n\n\n\n<hr class=\"wp-block-separator has-css-opacity\"\/>\n\n\n\n<h3 class=\"wp-block-heading\" id=\"bulk\"><strong><span class=\"text-primary ml-1\">|<\/span> VRAC<\/strong><\/h3>\n\n\n\n<p>Acheminer les ressources naturelles et les produits \u00e0 valeur ajout\u00e9e de l&rsquo;Am\u00e9rique du Nord vers des march\u00e9s internationaux en pleine croissance. Liquides, granul\u00e9s, charbon et c\u00e9r\u00e9ales, nous nous occupons de tout.<\/p>\n\n\n\n<p>Le port de Prince Rupert est une porte d&rsquo;entr\u00e9e mondiale, exportant des marchandises en vrac du Canada vers des destinations du monde entier. La route Pacifique la plus courte vers l&rsquo;Asie offre un temps de navigation plus court vers les march\u00e9s strat\u00e9giques et r\u00e9duit les co\u00fbts d&rsquo;affr\u00e8tement des navires pour les exp\u00e9diteurs. Les principales destinations des marchandises en vrac sont la Chine, le Japon et la Cor\u00e9e, mais d&rsquo;autres destinations courantes sont l&rsquo;Asie du Sud-Est, les Am\u00e9riques, l&rsquo;Afrique du Nord, le Moyen-Orient et l&rsquo;Europe.<\/p>\n\n\n\n<h4 class=\"wp-block-heading\">Les avantages en bref<\/h4>\n\n\n\n<h4 class=\"wp-block-heading\"><strong>Proximit\u00e9 de la production de ressources naturelles dans l&rsquo;ouest du Canada<\/strong><\/h4>\n\n\n\n<p>Le port de Prince Rupert offre un acc\u00e8s facile aux producteurs et exportateurs de ressources naturelles de l&rsquo;Ouest canadien. Le r\u00e9seau du CN en Colombie-Britannique et dans les Prairies permet d&rsquo;acc\u00e9der aux mines, aux champs et aux for\u00eats par une ligne unique jusqu&rsquo;au port. Alors que les producteurs continuent de se tourner vers l&rsquo;ouest, vers les march\u00e9s en croissance du Pacifique, Prince Rupert constitue une porte d&rsquo;exportation strat\u00e9gique pour les produits en vrac de la Colombie-Britannique, de l&rsquo;Alberta, de la Saskatchewan et du Manitoba.<\/p>\n\n\n\n<p>La fiabilit\u00e9 de la cha\u00eene d&rsquo;approvisionnement r\u00e9duit l&rsquo;incertitude. La fluidit\u00e9 de la porte d&rsquo;entr\u00e9e fait de Prince Rupert une destination id\u00e9ale pour l&rsquo;exportation de marchandises en vrac. La ligne principale nord du CN jusqu&rsquo;\u00e0 Prince Rupert \u00e9vite les encombrements urbains et assure un transit rapide et fluide des cargaisons vers les terminaux. Les terminaux et la main-d&rsquo;\u0153uvre portuaires sont des leaders mondiaux en mati\u00e8re de productivit\u00e9 ; ils veillent \u00e0 ce que les marchandises soient transport\u00e9es du rail vers les navires \u00e0 des taux de performance in\u00e9gal\u00e9s dans l&rsquo;industrie.<\/p>\n\n\n\n<p>Pour poursuivre les avantages de Prince Rupert, cliquez <a href=\"https:\/\/www.rupertport.com\/fr\/nos-avantages\/\">ici<\/a>.<\/p>\n\n\n\n<p>En savoir plus sur les sp\u00e9cifications, les capacit\u00e9s et les cargaisons prises en charge par chaque terminal de vrac :<\/p>\n\n\n\n<ul class=\"wp-block-list\">\n<li><a href=\"https:\/\/www.rupertport.com\/fr\/terminal_details\/terminal-cerealier-de-prince-rupert\/\">Terminal c\u00e9r\u00e9alier de Prince Rupert<\/a><\/li>\n\n\n\n<li><a href=\"https:\/\/www.rupertport.com\/fr\/terminal_details\/trigon-pacific-terminals\/\">Trigon Pacific Terminals<\/a><\/li>\n\n\n\n<li><a href=\"https:\/\/www.rupertport.com\/fr\/terminal_details\/terminal-de-granules-de-bois-westview\/\">Terminal de granul\u00e9s de bois Westview<\/a><\/li>\n<\/ul>\n\n\n\n<figure class=\"wp-block-image alignwide\"><img decoding=\"async\" src=\"https:\/\/www.rupertport.com\/wp-content\/uploads\/2019\/11\/ridley-terminals-inc-1024x512.jpg\" alt=\"\" class=\"wp-image-119\"\/><\/figure>\n\n\n\n<hr class=\"wp-block-separator has-css-opacity\"\/>\n\n\n\n<h3 class=\"wp-block-heading\" id=\"liquid-bulk\"><strong><span class=\"text-primary ml-1\">|<\/span> VRAC LIQUIDE<\/strong><\/h3>\n\n\n\n<p>Gr\u00e2ce \u00e0 l&rsquo;ajout r\u00e9cent des terminaux d&rsquo;exportation de propane de Ridley Island, nous sommes la premi\u00e8re installation maritime d&rsquo;exportation de GPL construite et de premier choix au Canada.<\/p>\n\n\n\n<figure class=\"wp-block-image alignwide\"><img decoding=\"async\" src=\"https:\/\/www.rupertport.com\/wp-content\/uploads\/2019\/11\/alta-gas-terminal-1024x512.jpg\" alt=\"\" class=\"wp-image-120\"\/><\/figure>\n\n\n\n<hr class=\"wp-block-separator has-css-opacity\"\/>\n\n\n\n<h3 class=\"wp-block-heading\" id=\"project-cargo\"><strong><span class=\"text-primary ml-1\">|<\/span> PROJET CARGO<\/strong><\/h3>\n\n\n\n<p>Transition sans rupture de charge du navire au rail ou \u00e0 la route pour les articles volumineux qui n\u00e9cessitent une attention particuli\u00e8re.<br><\/p>\n\n\n\n<figure class=\"wp-block-image alignwide size-large\"><img loading=\"lazy\" decoding=\"async\" width=\"1024\" height=\"609\" src=\"https:\/\/www.rupertport.com\/wp-content\/uploads\/2020\/03\/docks-1-1024x609.jpg\" alt=\"\" class=\"wp-image-3258\" srcset=\"https:\/\/www.rupertport.com\/wp-content\/uploads\/2020\/03\/docks-1-1024x609.jpg 1024w, https:\/\/www.rupertport.com\/wp-content\/uploads\/2020\/03\/docks-1-300x179.jpg 300w, https:\/\/www.rupertport.com\/wp-content\/uploads\/2020\/03\/docks-1-768x457.jpg 768w, https:\/\/www.rupertport.com\/wp-content\/uploads\/2020\/03\/docks-1.jpg 1400w\" sizes=\"auto, (max-width: 1024px) 100vw, 1024px\" \/><\/figure>\n\n\n\n<hr class=\"wp-block-separator has-css-opacity\"\/>\n\n\n\n<h3 class=\"wp-block-heading\" id=\"cruise\"><strong><span class=\"text-primary ml-1\">|<\/span> CROISI\u00c8RE<\/strong><\/h3>\n\n\n\n<h5 class=\"wp-block-heading\"><strong>L\u00e0 o\u00f9 commence la nature sauvage du Canada<\/strong><\/h5>\n\n\n\n<p>Offrir aux aventuriers un aper\u00e7u de la nature sauvage et authentique du Canada. Nous sommes un port d&rsquo;escale pour les organisateurs de croisi\u00e8res qui cherchent \u00e0 faire vivre \u00e0 leurs invit\u00e9s une exp\u00e9rience unique dans le nord de la Colombie-Britannique, sur la c\u00f4te ouest du Canada.<\/p>\n\n\n\n<h4 class=\"wp-block-heading\">Les avantages en bref<\/h4>\n\n\n\n<p>Un appel naturel pour les itin\u00e9raires en Alaska<\/p>\n\n\n\n<p>Prince Rupert fait partie du th\u00e9\u00e2tre des croisi\u00e8res en Alaska, situ\u00e9 \u00e0 500 miles au nord de Vancouver et \u00e0 40 miles au sud de la fronti\u00e8re de l&rsquo;Alaska. Bien qu&rsquo;elle ne soit pas situ\u00e9e dans l&rsquo;\u00c9tat d&rsquo;Alaska, Prince Rupert est une \u00e9tape populaire sur de nombreux itin\u00e9raires de croisi\u00e8re en Alaska.<\/p>\n\n\n\n<p>L\u00e0 o\u00f9 commence la nature sauvage du Canada<\/p>\n\n\n\n<figure class=\"wp-block-image alignwide\"><img decoding=\"async\" src=\"https:\/\/www.rupertport.com\/wp-content\/uploads\/2019\/11\/northland-cruise-terminal-1024x512.jpg\" alt=\"\" class=\"wp-image-121\"\/><\/figure>\n\n\n\n<hr class=\"wp-block-separator has-css-opacity\"\/>\n\n\n\n<p>Prince Rupert est une communaut\u00e9 dynamique \u00e0 l&rsquo;histoire riche, situ\u00e9e dans un cadre magnifique au bord de l&rsquo;oc\u00e9an et entour\u00e9e de montagnes. Les communaut\u00e9s des Premi\u00e8res nations vivent \u00e0 Prince Rupert depuis plus de 10 000 ans, et ce patrimoine culturel est aujourd&rsquo;hui une exp\u00e9rience tr\u00e8s appr\u00e9ci\u00e9e des visiteurs. Plus r\u00e9cemment, Prince Rupert a jou\u00e9 un r\u00f4le strat\u00e9gique pendant la Seconde Guerre mondiale en tant que point de d\u00e9part pour le transport des troupes alli\u00e9es vers les \u00eeles Al\u00e9outiennes. Historiquement, les principales industries de Prince Rupert \u00e9taient la p\u00eache et la sylviculture, alors qu&rsquo;aujourd&rsquo;hui la communaut\u00e9 est une ville portuaire. Ce qui fait de Prince Rupert un endroit attrayant \u00e0 vivre et \u00e0 visiter, c&rsquo;est la gentillesse des habitants. Les gens ici ont les pieds sur terre, sont chaleureux et accueillants.<\/p>\n\n\n\n<figure class=\"wp-block-image alignwide\"><img decoding=\"async\" src=\"https:\/\/www.rupertport.com\/wp-content\/uploads\/2019\/11\/emissions-feature-1024x575-1024x575.jpg\" alt=\"\" class=\"wp-image-122\"\/><\/figure>\n\n\n\n<hr class=\"wp-block-separator has-css-opacity\"\/>\n\n\n\n<p>La riche histoire et la beaut\u00e9 naturelle de Prince Rupert et de ses environs sont les principaux attraits pour les visiteurs, et notre programme d&rsquo;excursions \u00e0 terre en tire parti. Parmi les activit\u00e9s propos\u00e9es, citons un tour en jet-boat sur la magnifique rivi\u00e8re Exchamsiks, une visite du seul sanctuaire de grizzlis au Canada, l&rsquo;observation de baleines \u00e0 bosse, une randonn\u00e9e dans la for\u00eat tropicale, des visites de mus\u00e9es, des exp\u00e9riences culturelles des premi\u00e8res nations, et bien d&rsquo;autres encore. Notre programme d&rsquo;excursions \u00e0 terre s&rsquo;adresse aux personnes \u00e0 la recherche d&rsquo;une exp\u00e9rience authentique, qui leur laissera des souvenirs imp\u00e9rissables et ne se limitera pas \u00e0 cocher une case.  <\/p>\n\n\n\n<p>En savoir <a href=\"https:\/\/www.rupertport.com\/fr\/terminal_details\/terminal-de-croisiere-northland\/\">plus<\/a> sur les sp\u00e9cifications de notre terminal Northland.<\/p>\n","protected":false},"excerpt":{"rendered":"<p>Toutes les formes de navigation et de transport passant par le port de Prince Rupert b\u00e9n\u00e9ficient de nos avantages naturels et strat\u00e9giques. Nos services sont in\u00e9gal\u00e9s. | INTERMODAL Une vitesse, une port\u00e9e et une fiabilit\u00e9 \u00e0 la pointe de l&rsquo;industrie qui ajoutent une comp\u00e9titivit\u00e9 de bout en bout aux marchandises qui transitent par notre port. [&hellip;]<\/p>\n","protected":false},"author":6,"featured_media":10221,"parent":0,"menu_order":0,"comment_status":"closed","ping_status":"closed","template":"","meta":{"_acf_changed":false,"footnotes":""},"class_list":["post-13869","page","type-page","status-publish","has-post-thumbnail","hentry"],"acf":[],"yoast_head":"<!-- This site is optimized with the Yoast SEO plugin v26.8 - https:\/\/yoast.com\/product\/yoast-seo-wordpress\/ -->\n<title>Autorit\u00e9 portuaire de Prince Rupert | Services portuaires globaux<\/title>\n<meta name=\"description\" content=\"Services portuaires completsAm\u00e9liorez votre cha\u00eene d&#039;approvisionnement gr\u00e2ce \u00e0 l&#039;Administration portuaire de Prince Rupert. En savoir plus sur nos services portuaires complets pour des op\u00e9rations commerciales efficaces.\" \/>\n<meta name=\"robots\" content=\"index, follow, max-snippet:-1, max-image-preview:large, max-video-preview:-1\" \/>\n<link rel=\"canonical\" href=\"https:\/\/www.rupertport.com\/fr\/services-portuaires\/\" \/>\n<meta property=\"og:locale\" content=\"fr_FR\" \/>\n<meta property=\"og:type\" content=\"article\" \/>\n<meta property=\"og:title\" content=\"Autorit\u00e9 portuaire de Prince Rupert | Services portuaires globaux\" \/>\n<meta property=\"og:description\" content=\"Services portuaires completsAm\u00e9liorez votre cha\u00eene d&#039;approvisionnement gr\u00e2ce \u00e0 l&#039;Administration portuaire de Prince Rupert. En savoir plus sur nos services portuaires complets pour des op\u00e9rations commerciales efficaces.\" \/>\n<meta property=\"og:url\" content=\"https:\/\/www.rupertport.com\/fr\/services-portuaires\/\" \/>\n<meta property=\"og:site_name\" content=\"Autorit\u00e9 portuaire de Prince Rupert\" \/>\n<meta property=\"article:publisher\" content=\"https:\/\/www.facebook.com\/rupertport\/\" \/>\n<meta property=\"article:modified_time\" content=\"2023-10-27T19:11:55+00:00\" \/>\n<meta property=\"og:image\" content=\"https:\/\/www.rupertport.com\/wp-content\/uploads\/2019\/11\/prpa-rupertgrain.jpg\" \/>\n\t<meta property=\"og:image:width\" content=\"1997\" \/>\n\t<meta property=\"og:image:height\" content=\"1331\" \/>\n\t<meta property=\"og:image:type\" content=\"image\/jpeg\" \/>\n<meta name=\"twitter:card\" content=\"summary_large_image\" \/>\n<meta name=\"twitter:site\" content=\"@rupertport\" \/>\n<script type=\"application\/ld+json\" class=\"yoast-schema-graph\">{\"@context\":\"https:\/\/schema.org\",\"@graph\":[{\"@type\":\"WebPage\",\"@id\":\"https:\/\/www.rupertport.com\/fr\/services-portuaires\/\",\"url\":\"https:\/\/www.rupertport.com\/fr\/services-portuaires\/\",\"name\":\"Autorit\u00e9 portuaire de Prince Rupert | Services portuaires globaux\",\"isPartOf\":{\"@id\":\"https:\/\/www.rupertport.com\/fr\/#website\"},\"primaryImageOfPage\":{\"@id\":\"https:\/\/www.rupertport.com\/fr\/services-portuaires\/#primaryimage\"},\"image\":{\"@id\":\"https:\/\/www.rupertport.com\/fr\/services-portuaires\/#primaryimage\"},\"thumbnailUrl\":\"https:\/\/www.rupertport.com\/wp-content\/uploads\/2019\/11\/prpa-rupertgrain.jpg\",\"datePublished\":\"2019-11-21T00:47:57+00:00\",\"dateModified\":\"2023-10-27T19:11:55+00:00\",\"description\":\"Services portuaires completsAm\u00e9liorez votre cha\u00eene d'approvisionnement gr\u00e2ce \u00e0 l'Administration portuaire de Prince Rupert. En savoir plus sur nos services portuaires complets pour des op\u00e9rations commerciales efficaces.\",\"breadcrumb\":{\"@id\":\"https:\/\/www.rupertport.com\/fr\/services-portuaires\/#breadcrumb\"},\"inLanguage\":\"fr-FR\",\"potentialAction\":[{\"@type\":\"ReadAction\",\"target\":[\"https:\/\/www.rupertport.com\/fr\/services-portuaires\/\"]}]},{\"@type\":\"ImageObject\",\"inLanguage\":\"fr-FR\",\"@id\":\"https:\/\/www.rupertport.com\/fr\/services-portuaires\/#primaryimage\",\"url\":\"https:\/\/www.rupertport.com\/wp-content\/uploads\/2019\/11\/prpa-rupertgrain.jpg\",\"contentUrl\":\"https:\/\/www.rupertport.com\/wp-content\/uploads\/2019\/11\/prpa-rupertgrain.jpg\",\"width\":1997,\"height\":1331},{\"@type\":\"BreadcrumbList\",\"@id\":\"https:\/\/www.rupertport.com\/fr\/services-portuaires\/#breadcrumb\",\"itemListElement\":[{\"@type\":\"ListItem\",\"position\":1,\"name\":\"Home\",\"item\":\"https:\/\/www.rupertport.com\/fr\/page-de-garde\/\"},{\"@type\":\"ListItem\",\"position\":2,\"name\":\"Services portuaires\"}]},{\"@type\":\"WebSite\",\"@id\":\"https:\/\/www.rupertport.com\/fr\/#website\",\"url\":\"https:\/\/www.rupertport.com\/fr\/\",\"name\":\"Prince Rupert Port Authority\",\"description\":\"L'avant-garde du Canada\",\"publisher\":{\"@id\":\"https:\/\/www.rupertport.com\/fr\/#organization\"},\"alternateName\":\"PRPA\",\"potentialAction\":[{\"@type\":\"SearchAction\",\"target\":{\"@type\":\"EntryPoint\",\"urlTemplate\":\"https:\/\/www.rupertport.com\/fr\/?s={search_term_string}\"},\"query-input\":{\"@type\":\"PropertyValueSpecification\",\"valueRequired\":true,\"valueName\":\"search_term_string\"}}],\"inLanguage\":\"fr-FR\"},{\"@type\":\"Organization\",\"@id\":\"https:\/\/www.rupertport.com\/fr\/#organization\",\"name\":\"Prince Rupert Port Authority\",\"alternateName\":\"PRPA\",\"url\":\"https:\/\/www.rupertport.com\/fr\/\",\"logo\":{\"@type\":\"ImageObject\",\"inLanguage\":\"fr-FR\",\"@id\":\"https:\/\/www.rupertport.com\/fr\/#\/schema\/logo\/image\/\",\"url\":\"https:\/\/www.rupertport.com\/wp-content\/uploads\/2021\/04\/cropped-PRPA-logo-meta-1200x1200-1.jpg\",\"contentUrl\":\"https:\/\/www.rupertport.com\/wp-content\/uploads\/2021\/04\/cropped-PRPA-logo-meta-1200x1200-1.jpg\",\"width\":512,\"height\":512,\"caption\":\"Prince Rupert Port Authority\"},\"image\":{\"@id\":\"https:\/\/www.rupertport.com\/fr\/#\/schema\/logo\/image\/\"},\"sameAs\":[\"https:\/\/www.facebook.com\/rupertport\/\",\"https:\/\/x.com\/rupertport\"]}]}<\/script>\n<!-- \/ Yoast SEO plugin. -->","yoast_head_json":{"title":"Autorit\u00e9 portuaire de Prince Rupert | Services portuaires globaux","description":"Services portuaires completsAm\u00e9liorez votre cha\u00eene d'approvisionnement gr\u00e2ce \u00e0 l'Administration portuaire de Prince Rupert. En savoir plus sur nos services portuaires complets pour des op\u00e9rations commerciales efficaces.","robots":{"index":"index","follow":"follow","max-snippet":"max-snippet:-1","max-image-preview":"max-image-preview:large","max-video-preview":"max-video-preview:-1"},"canonical":"https:\/\/www.rupertport.com\/fr\/services-portuaires\/","og_locale":"fr_FR","og_type":"article","og_title":"Autorit\u00e9 portuaire de Prince Rupert | Services portuaires globaux","og_description":"Services portuaires completsAm\u00e9liorez votre cha\u00eene d'approvisionnement gr\u00e2ce \u00e0 l'Administration portuaire de Prince Rupert. En savoir plus sur nos services portuaires complets pour des op\u00e9rations commerciales efficaces.","og_url":"https:\/\/www.rupertport.com\/fr\/services-portuaires\/","og_site_name":"Autorit\u00e9 portuaire de Prince Rupert","article_publisher":"https:\/\/www.facebook.com\/rupertport\/","article_modified_time":"2023-10-27T19:11:55+00:00","og_image":[{"width":1997,"height":1331,"url":"https:\/\/www.rupertport.com\/wp-content\/uploads\/2019\/11\/prpa-rupertgrain.jpg","type":"image\/jpeg"}],"twitter_card":"summary_large_image","twitter_site":"@rupertport","schema":{"@context":"https:\/\/schema.org","@graph":[{"@type":"WebPage","@id":"https:\/\/www.rupertport.com\/fr\/services-portuaires\/","url":"https:\/\/www.rupertport.com\/fr\/services-portuaires\/","name":"Autorit\u00e9 portuaire de Prince Rupert | Services portuaires globaux","isPartOf":{"@id":"https:\/\/www.rupertport.com\/fr\/#website"},"primaryImageOfPage":{"@id":"https:\/\/www.rupertport.com\/fr\/services-portuaires\/#primaryimage"},"image":{"@id":"https:\/\/www.rupertport.com\/fr\/services-portuaires\/#primaryimage"},"thumbnailUrl":"https:\/\/www.rupertport.com\/wp-content\/uploads\/2019\/11\/prpa-rupertgrain.jpg","datePublished":"2019-11-21T00:47:57+00:00","dateModified":"2023-10-27T19:11:55+00:00","description":"Services portuaires completsAm\u00e9liorez votre cha\u00eene d'approvisionnement gr\u00e2ce \u00e0 l'Administration portuaire de Prince Rupert. En savoir plus sur nos services portuaires complets pour des op\u00e9rations commerciales efficaces.","breadcrumb":{"@id":"https:\/\/www.rupertport.com\/fr\/services-portuaires\/#breadcrumb"},"inLanguage":"fr-FR","potentialAction":[{"@type":"ReadAction","target":["https:\/\/www.rupertport.com\/fr\/services-portuaires\/"]}]},{"@type":"ImageObject","inLanguage":"fr-FR","@id":"https:\/\/www.rupertport.com\/fr\/services-portuaires\/#primaryimage","url":"https:\/\/www.rupertport.com\/wp-content\/uploads\/2019\/11\/prpa-rupertgrain.jpg","contentUrl":"https:\/\/www.rupertport.com\/wp-content\/uploads\/2019\/11\/prpa-rupertgrain.jpg","width":1997,"height":1331},{"@type":"BreadcrumbList","@id":"https:\/\/www.rupertport.com\/fr\/services-portuaires\/#breadcrumb","itemListElement":[{"@type":"ListItem","position":1,"name":"Home","item":"https:\/\/www.rupertport.com\/fr\/page-de-garde\/"},{"@type":"ListItem","position":2,"name":"Services portuaires"}]},{"@type":"WebSite","@id":"https:\/\/www.rupertport.com\/fr\/#website","url":"https:\/\/www.rupertport.com\/fr\/","name":"Prince Rupert Port Authority","description":"L'avant-garde du Canada","publisher":{"@id":"https:\/\/www.rupertport.com\/fr\/#organization"},"alternateName":"PRPA","potentialAction":[{"@type":"SearchAction","target":{"@type":"EntryPoint","urlTemplate":"https:\/\/www.rupertport.com\/fr\/?s={search_term_string}"},"query-input":{"@type":"PropertyValueSpecification","valueRequired":true,"valueName":"search_term_string"}}],"inLanguage":"fr-FR"},{"@type":"Organization","@id":"https:\/\/www.rupertport.com\/fr\/#organization","name":"Prince Rupert Port Authority","alternateName":"PRPA","url":"https:\/\/www.rupertport.com\/fr\/","logo":{"@type":"ImageObject","inLanguage":"fr-FR","@id":"https:\/\/www.rupertport.com\/fr\/#\/schema\/logo\/image\/","url":"https:\/\/www.rupertport.com\/wp-content\/uploads\/2021\/04\/cropped-PRPA-logo-meta-1200x1200-1.jpg","contentUrl":"https:\/\/www.rupertport.com\/wp-content\/uploads\/2021\/04\/cropped-PRPA-logo-meta-1200x1200-1.jpg","width":512,"height":512,"caption":"Prince Rupert Port Authority"},"image":{"@id":"https:\/\/www.rupertport.com\/fr\/#\/schema\/logo\/image\/"},"sameAs":["https:\/\/www.facebook.com\/rupertport\/","https:\/\/x.com\/rupertport"]}]}},"_links":{"self":[{"href":"https:\/\/www.rupertport.com\/fr\/wp-json\/wp\/v2\/pages\/13869","targetHints":{"allow":["GET"]}}],"collection":[{"href":"https:\/\/www.rupertport.com\/fr\/wp-json\/wp\/v2\/pages"}],"about":[{"href":"https:\/\/www.rupertport.com\/fr\/wp-json\/wp\/v2\/types\/page"}],"author":[{"embeddable":true,"href":"https:\/\/www.rupertport.com\/fr\/wp-json\/wp\/v2\/users\/6"}],"replies":[{"embeddable":true,"href":"https:\/\/www.rupertport.com\/fr\/wp-json\/wp\/v2\/comments?post=13869"}],"version-history":[{"count":3,"href":"https:\/\/www.rupertport.com\/fr\/wp-json\/wp\/v2\/pages\/13869\/revisions"}],"predecessor-version":[{"id":17157,"href":"https:\/\/www.rupertport.com\/fr\/wp-json\/wp\/v2\/pages\/13869\/revisions\/17157"}],"wp:featuredmedia":[{"embeddable":true,"href":"https:\/\/www.rupertport.com\/fr\/wp-json\/wp\/v2\/media\/10221"}],"wp:attachment":[{"href":"https:\/\/www.rupertport.com\/fr\/wp-json\/wp\/v2\/media?parent=13869"}],"curies":[{"name":"wp","href":"https:\/\/api.w.org\/{rel}","templated":true}]}}