{"id":13861,"date":"2019-11-20T17:07:16","date_gmt":"2019-11-21T01:07:16","guid":{"rendered":"https:\/\/prpaprincerupertportauthor.kinsta.cloud\/engagement-communautaire\/centre-dinterpretation-du-port\/"},"modified":"2026-01-07T15:44:53","modified_gmt":"2026-01-07T23:44:53","slug":"centre-dinterpretation-du-port","status":"publish","type":"page","link":"https:\/\/www.rupertport.com\/fr\/engagement-communautaire\/centre-dinterpretation-du-port\/","title":{"rendered":"Centre d&rsquo;interpr\u00e9tation du port"},"content":{"rendered":"\n<div class=\"wp-block-columns is-layout-flex wp-container-core-columns-is-layout-9d6595d7 wp-block-columns-is-layout-flex\">\n<div class=\"wp-block-column is-layout-flow wp-block-column-is-layout-flow\">\n<h2 class=\"wp-block-heading\">Explorer l&rsquo;avant-garde du Canada<\/h2>\n\n\n\n<p>Le Centre d&rsquo;interpr\u00e9tation du port permet aux habitants de la c\u00f4te Nord et aux visiteurs de d\u00e9couvrir les avantages naturels du port de Prince Rupert en tant que porte d&rsquo;entr\u00e9e du commerce mondial. Dot\u00e9 d&rsquo;expositions interactives, l&rsquo;espace nouvellement r\u00e9am\u00e9nag\u00e9 offre un aper\u00e7u des op\u00e9rations actuelles et de la croissance future du port. Les visiteurs peuvent d\u00e9couvrir comment le port est reli\u00e9 aux cha\u00eenes d&rsquo;approvisionnement nationales et approvisionne les pays du monde entier, et explorer l&rsquo;impact sur les communaut\u00e9s qui l&rsquo;entourent.<\/p>\n\n\n\n<h2 class=\"wp-block-heading\">Heures d&rsquo;ouverture<\/h2>\n\n\n\n<p>Lundi \u00e0 vendredi, 8h00 \u00e0 16h30.<\/p>\n\n\n\n<p><strong>ADMISSION GRATUITE<\/strong><\/p>\n\n<\/div>\n\n\n\n<div class=\"wp-block-column is-layout-flow wp-block-column-is-layout-flow\">\n<figure class=\"wp-block-image size-large\"><img loading=\"lazy\" decoding=\"async\" width=\"1024\" height=\"683\" src=\"https:\/\/www.rupertport.com\/wp-content\/uploads\/2023\/09\/ncec2-1024x683.jpg\" alt=\"\" class=\"wp-image-16185\" srcset=\"https:\/\/www.rupertport.com\/wp-content\/uploads\/2023\/09\/ncec2-1024x683.jpg 1024w, https:\/\/www.rupertport.com\/wp-content\/uploads\/2023\/09\/ncec2-300x200.jpg 300w, https:\/\/www.rupertport.com\/wp-content\/uploads\/2023\/09\/ncec2-768x512.jpg 768w, https:\/\/www.rupertport.com\/wp-content\/uploads\/2023\/09\/ncec2-1536x1024.jpg 1536w, https:\/\/www.rupertport.com\/wp-content\/uploads\/2023\/09\/ncec2-2048x1365.jpg 2048w\" sizes=\"auto, (max-width: 1024px) 100vw, 1024px\" \/><\/figure>\n<\/div>\n<\/div>\n\n\n\n<hr class=\"wp-block-separator has-css-opacity is-style-wide\"\/>\n\n\n\n","protected":false},"excerpt":{"rendered":"<p>Explorer l&rsquo;avant-garde du Canada Le Centre d&rsquo;interpr\u00e9tation du port permet aux habitants de la c\u00f4te Nord et aux visiteurs de d\u00e9couvrir les avantages naturels du port de Prince Rupert en tant que porte d&rsquo;entr\u00e9e du commerce mondial. Dot\u00e9 d&rsquo;expositions interactives, l&rsquo;espace nouvellement r\u00e9am\u00e9nag\u00e9 offre un aper\u00e7u des op\u00e9rations actuelles et de la croissance future du [&hellip;]<\/p>\n","protected":false},"author":6,"featured_media":16195,"parent":13855,"menu_order":0,"comment_status":"closed","ping_status":"closed","template":"","meta":{"_acf_changed":false,"footnotes":""},"class_list":["post-13861","page","type-page","status-publish","has-post-thumbnail","hentry"],"acf":[],"yoast_head":"<!-- This site is optimized with the Yoast SEO plugin v26.8 - https:\/\/yoast.com\/product\/yoast-seo-wordpress\/ -->\n<title>Centre d&#039;interpr\u00e9tation du port | Autorit\u00e9 portuaire de Prince Rupert<\/title>\n<meta name=\"description\" content=\"Centre d&#039;interpr\u00e9tation du port (PIC) : D\u00e9couvrez le portail commercial de Prince Rupert gr\u00e2ce \u00e0 des expositions interactives. En savoir plus !\" \/>\n<meta name=\"robots\" content=\"index, follow, max-snippet:-1, max-image-preview:large, max-video-preview:-1\" \/>\n<link rel=\"canonical\" href=\"https:\/\/www.rupertport.com\/fr\/engagement-communautaire\/centre-dinterpretation-du-port\/\" \/>\n<meta property=\"og:locale\" content=\"fr_FR\" \/>\n<meta property=\"og:type\" content=\"article\" \/>\n<meta property=\"og:title\" content=\"Centre d&#039;interpr\u00e9tation du port | Autorit\u00e9 portuaire de Prince Rupert\" \/>\n<meta property=\"og:description\" content=\"Centre d&#039;interpr\u00e9tation du port (PIC) : D\u00e9couvrez le portail commercial de Prince Rupert gr\u00e2ce \u00e0 des expositions interactives. En savoir plus !\" \/>\n<meta property=\"og:url\" content=\"https:\/\/www.rupertport.com\/fr\/engagement-communautaire\/centre-dinterpretation-du-port\/\" \/>\n<meta property=\"og:site_name\" content=\"Autorit\u00e9 portuaire de Prince Rupert\" \/>\n<meta property=\"article:publisher\" content=\"https:\/\/www.facebook.com\/rupertport\/\" \/>\n<meta property=\"article:modified_time\" content=\"2026-01-07T23:44:53+00:00\" \/>\n<meta property=\"og:image\" content=\"https:\/\/www.rupertport.com\/wp-content\/uploads\/2023\/09\/Port-Interpretive-Centre-Exterior-September-2023-e1693953349469.png\" \/>\n\t<meta property=\"og:image:width\" content=\"1200\" \/>\n\t<meta property=\"og:image:height\" content=\"600\" \/>\n\t<meta property=\"og:image:type\" content=\"image\/png\" \/>\n<meta name=\"twitter:card\" content=\"summary_large_image\" \/>\n<meta name=\"twitter:site\" content=\"@rupertport\" \/>\n<script type=\"application\/ld+json\" class=\"yoast-schema-graph\">{\"@context\":\"https:\/\/schema.org\",\"@graph\":[{\"@type\":\"WebPage\",\"@id\":\"https:\/\/www.rupertport.com\/fr\/engagement-communautaire\/centre-dinterpretation-du-port\/\",\"url\":\"https:\/\/www.rupertport.com\/fr\/engagement-communautaire\/centre-dinterpretation-du-port\/\",\"name\":\"Centre d'interpr\u00e9tation du port | Autorit\u00e9 portuaire de Prince Rupert\",\"isPartOf\":{\"@id\":\"https:\/\/www.rupertport.com\/fr\/#website\"},\"primaryImageOfPage\":{\"@id\":\"https:\/\/www.rupertport.com\/fr\/engagement-communautaire\/centre-dinterpretation-du-port\/#primaryimage\"},\"image\":{\"@id\":\"https:\/\/www.rupertport.com\/fr\/engagement-communautaire\/centre-dinterpretation-du-port\/#primaryimage\"},\"thumbnailUrl\":\"https:\/\/www.rupertport.com\/wp-content\/uploads\/2023\/09\/Port-Interpretive-Centre-Exterior-September-2023-e1693953349469.png\",\"datePublished\":\"2019-11-21T01:07:16+00:00\",\"dateModified\":\"2026-01-07T23:44:53+00:00\",\"description\":\"Centre d'interpr\u00e9tation du port (PIC) : D\u00e9couvrez le portail commercial de Prince Rupert gr\u00e2ce \u00e0 des expositions interactives. En savoir plus !\",\"breadcrumb\":{\"@id\":\"https:\/\/www.rupertport.com\/fr\/engagement-communautaire\/centre-dinterpretation-du-port\/#breadcrumb\"},\"inLanguage\":\"fr-FR\",\"potentialAction\":[{\"@type\":\"ReadAction\",\"target\":[\"https:\/\/www.rupertport.com\/fr\/engagement-communautaire\/centre-dinterpretation-du-port\/\"]}]},{\"@type\":\"ImageObject\",\"inLanguage\":\"fr-FR\",\"@id\":\"https:\/\/www.rupertport.com\/fr\/engagement-communautaire\/centre-dinterpretation-du-port\/#primaryimage\",\"url\":\"https:\/\/www.rupertport.com\/wp-content\/uploads\/2023\/09\/Port-Interpretive-Centre-Exterior-September-2023-e1693953349469.png\",\"contentUrl\":\"https:\/\/www.rupertport.com\/wp-content\/uploads\/2023\/09\/Port-Interpretive-Centre-Exterior-September-2023-e1693953349469.png\",\"width\":1200,\"height\":600,\"caption\":\"Image of Port Interpretive Centre signage\"},{\"@type\":\"BreadcrumbList\",\"@id\":\"https:\/\/www.rupertport.com\/fr\/engagement-communautaire\/centre-dinterpretation-du-port\/#breadcrumb\",\"itemListElement\":[{\"@type\":\"ListItem\",\"position\":1,\"name\":\"Home\",\"item\":\"https:\/\/www.rupertport.com\/fr\/page-de-garde\/\"},{\"@type\":\"ListItem\",\"position\":2,\"name\":\"Engagement communautaire\",\"item\":\"https:\/\/www.rupertport.com\/fr\/engagement-communautaire\/\"},{\"@type\":\"ListItem\",\"position\":3,\"name\":\"Centre d&#8217;interpr\u00e9tation du port\"}]},{\"@type\":\"WebSite\",\"@id\":\"https:\/\/www.rupertport.com\/fr\/#website\",\"url\":\"https:\/\/www.rupertport.com\/fr\/\",\"name\":\"Prince Rupert Port Authority\",\"description\":\"L'avant-garde du Canada\",\"publisher\":{\"@id\":\"https:\/\/www.rupertport.com\/fr\/#organization\"},\"alternateName\":\"PRPA\",\"potentialAction\":[{\"@type\":\"SearchAction\",\"target\":{\"@type\":\"EntryPoint\",\"urlTemplate\":\"https:\/\/www.rupertport.com\/fr\/?s={search_term_string}\"},\"query-input\":{\"@type\":\"PropertyValueSpecification\",\"valueRequired\":true,\"valueName\":\"search_term_string\"}}],\"inLanguage\":\"fr-FR\"},{\"@type\":\"Organization\",\"@id\":\"https:\/\/www.rupertport.com\/fr\/#organization\",\"name\":\"Prince Rupert Port Authority\",\"alternateName\":\"PRPA\",\"url\":\"https:\/\/www.rupertport.com\/fr\/\",\"logo\":{\"@type\":\"ImageObject\",\"inLanguage\":\"fr-FR\",\"@id\":\"https:\/\/www.rupertport.com\/fr\/#\/schema\/logo\/image\/\",\"url\":\"https:\/\/www.rupertport.com\/wp-content\/uploads\/2021\/04\/cropped-PRPA-logo-meta-1200x1200-1.jpg\",\"contentUrl\":\"https:\/\/www.rupertport.com\/wp-content\/uploads\/2021\/04\/cropped-PRPA-logo-meta-1200x1200-1.jpg\",\"width\":512,\"height\":512,\"caption\":\"Prince Rupert Port Authority\"},\"image\":{\"@id\":\"https:\/\/www.rupertport.com\/fr\/#\/schema\/logo\/image\/\"},\"sameAs\":[\"https:\/\/www.facebook.com\/rupertport\/\",\"https:\/\/x.com\/rupertport\"]}]}<\/script>\n<!-- \/ Yoast SEO plugin. -->","yoast_head_json":{"title":"Centre d'interpr\u00e9tation du port | Autorit\u00e9 portuaire de Prince Rupert","description":"Centre d'interpr\u00e9tation du port (PIC) : D\u00e9couvrez le portail commercial de Prince Rupert gr\u00e2ce \u00e0 des expositions interactives. En savoir plus !","robots":{"index":"index","follow":"follow","max-snippet":"max-snippet:-1","max-image-preview":"max-image-preview:large","max-video-preview":"max-video-preview:-1"},"canonical":"https:\/\/www.rupertport.com\/fr\/engagement-communautaire\/centre-dinterpretation-du-port\/","og_locale":"fr_FR","og_type":"article","og_title":"Centre d'interpr\u00e9tation du port | Autorit\u00e9 portuaire de Prince Rupert","og_description":"Centre d'interpr\u00e9tation du port (PIC) : D\u00e9couvrez le portail commercial de Prince Rupert gr\u00e2ce \u00e0 des expositions interactives. En savoir plus !","og_url":"https:\/\/www.rupertport.com\/fr\/engagement-communautaire\/centre-dinterpretation-du-port\/","og_site_name":"Autorit\u00e9 portuaire de Prince Rupert","article_publisher":"https:\/\/www.facebook.com\/rupertport\/","article_modified_time":"2026-01-07T23:44:53+00:00","og_image":[{"width":1200,"height":600,"url":"https:\/\/www.rupertport.com\/wp-content\/uploads\/2023\/09\/Port-Interpretive-Centre-Exterior-September-2023-e1693953349469.png","type":"image\/png"}],"twitter_card":"summary_large_image","twitter_site":"@rupertport","schema":{"@context":"https:\/\/schema.org","@graph":[{"@type":"WebPage","@id":"https:\/\/www.rupertport.com\/fr\/engagement-communautaire\/centre-dinterpretation-du-port\/","url":"https:\/\/www.rupertport.com\/fr\/engagement-communautaire\/centre-dinterpretation-du-port\/","name":"Centre d'interpr\u00e9tation du port | Autorit\u00e9 portuaire de Prince Rupert","isPartOf":{"@id":"https:\/\/www.rupertport.com\/fr\/#website"},"primaryImageOfPage":{"@id":"https:\/\/www.rupertport.com\/fr\/engagement-communautaire\/centre-dinterpretation-du-port\/#primaryimage"},"image":{"@id":"https:\/\/www.rupertport.com\/fr\/engagement-communautaire\/centre-dinterpretation-du-port\/#primaryimage"},"thumbnailUrl":"https:\/\/www.rupertport.com\/wp-content\/uploads\/2023\/09\/Port-Interpretive-Centre-Exterior-September-2023-e1693953349469.png","datePublished":"2019-11-21T01:07:16+00:00","dateModified":"2026-01-07T23:44:53+00:00","description":"Centre d'interpr\u00e9tation du port (PIC) : D\u00e9couvrez le portail commercial de Prince Rupert gr\u00e2ce \u00e0 des expositions interactives. En savoir plus !","breadcrumb":{"@id":"https:\/\/www.rupertport.com\/fr\/engagement-communautaire\/centre-dinterpretation-du-port\/#breadcrumb"},"inLanguage":"fr-FR","potentialAction":[{"@type":"ReadAction","target":["https:\/\/www.rupertport.com\/fr\/engagement-communautaire\/centre-dinterpretation-du-port\/"]}]},{"@type":"ImageObject","inLanguage":"fr-FR","@id":"https:\/\/www.rupertport.com\/fr\/engagement-communautaire\/centre-dinterpretation-du-port\/#primaryimage","url":"https:\/\/www.rupertport.com\/wp-content\/uploads\/2023\/09\/Port-Interpretive-Centre-Exterior-September-2023-e1693953349469.png","contentUrl":"https:\/\/www.rupertport.com\/wp-content\/uploads\/2023\/09\/Port-Interpretive-Centre-Exterior-September-2023-e1693953349469.png","width":1200,"height":600,"caption":"Image of Port Interpretive Centre signage"},{"@type":"BreadcrumbList","@id":"https:\/\/www.rupertport.com\/fr\/engagement-communautaire\/centre-dinterpretation-du-port\/#breadcrumb","itemListElement":[{"@type":"ListItem","position":1,"name":"Home","item":"https:\/\/www.rupertport.com\/fr\/page-de-garde\/"},{"@type":"ListItem","position":2,"name":"Engagement communautaire","item":"https:\/\/www.rupertport.com\/fr\/engagement-communautaire\/"},{"@type":"ListItem","position":3,"name":"Centre d&#8217;interpr\u00e9tation du port"}]},{"@type":"WebSite","@id":"https:\/\/www.rupertport.com\/fr\/#website","url":"https:\/\/www.rupertport.com\/fr\/","name":"Prince Rupert Port Authority","description":"L'avant-garde du Canada","publisher":{"@id":"https:\/\/www.rupertport.com\/fr\/#organization"},"alternateName":"PRPA","potentialAction":[{"@type":"SearchAction","target":{"@type":"EntryPoint","urlTemplate":"https:\/\/www.rupertport.com\/fr\/?s={search_term_string}"},"query-input":{"@type":"PropertyValueSpecification","valueRequired":true,"valueName":"search_term_string"}}],"inLanguage":"fr-FR"},{"@type":"Organization","@id":"https:\/\/www.rupertport.com\/fr\/#organization","name":"Prince Rupert Port Authority","alternateName":"PRPA","url":"https:\/\/www.rupertport.com\/fr\/","logo":{"@type":"ImageObject","inLanguage":"fr-FR","@id":"https:\/\/www.rupertport.com\/fr\/#\/schema\/logo\/image\/","url":"https:\/\/www.rupertport.com\/wp-content\/uploads\/2021\/04\/cropped-PRPA-logo-meta-1200x1200-1.jpg","contentUrl":"https:\/\/www.rupertport.com\/wp-content\/uploads\/2021\/04\/cropped-PRPA-logo-meta-1200x1200-1.jpg","width":512,"height":512,"caption":"Prince Rupert Port Authority"},"image":{"@id":"https:\/\/www.rupertport.com\/fr\/#\/schema\/logo\/image\/"},"sameAs":["https:\/\/www.facebook.com\/rupertport\/","https:\/\/x.com\/rupertport"]}]}},"_links":{"self":[{"href":"https:\/\/www.rupertport.com\/fr\/wp-json\/wp\/v2\/pages\/13861","targetHints":{"allow":["GET"]}}],"collection":[{"href":"https:\/\/www.rupertport.com\/fr\/wp-json\/wp\/v2\/pages"}],"about":[{"href":"https:\/\/www.rupertport.com\/fr\/wp-json\/wp\/v2\/types\/page"}],"author":[{"embeddable":true,"href":"https:\/\/www.rupertport.com\/fr\/wp-json\/wp\/v2\/users\/6"}],"replies":[{"embeddable":true,"href":"https:\/\/www.rupertport.com\/fr\/wp-json\/wp\/v2\/comments?post=13861"}],"version-history":[{"count":9,"href":"https:\/\/www.rupertport.com\/fr\/wp-json\/wp\/v2\/pages\/13861\/revisions"}],"predecessor-version":[{"id":25862,"href":"https:\/\/www.rupertport.com\/fr\/wp-json\/wp\/v2\/pages\/13861\/revisions\/25862"}],"up":[{"embeddable":true,"href":"https:\/\/www.rupertport.com\/fr\/wp-json\/wp\/v2\/pages\/13855"}],"wp:featuredmedia":[{"embeddable":true,"href":"https:\/\/www.rupertport.com\/fr\/wp-json\/wp\/v2\/media\/16195"}],"wp:attachment":[{"href":"https:\/\/www.rupertport.com\/fr\/wp-json\/wp\/v2\/media?parent=13861"}],"curies":[{"name":"wp","href":"https:\/\/api.w.org\/{rel}","templated":true}]}}