{"id":13855,"date":"2019-11-20T17:06:29","date_gmt":"2019-11-21T01:06:29","guid":{"rendered":"https:\/\/prpaprincerupertportauthor.kinsta.cloud\/engagement-communautaire\/"},"modified":"2024-05-31T13:10:14","modified_gmt":"2024-05-31T21:10:14","slug":"engagement-communautaire","status":"publish","type":"page","link":"https:\/\/www.rupertport.com\/fr\/engagement-communautaire\/","title":{"rendered":"Engagement communautaire"},"content":{"rendered":"\n<div class=\"wp-block-columns is-layout-flex wp-container-core-columns-is-layout-9d6595d7 wp-block-columns-is-layout-flex\">\n<div class=\"wp-block-column is-layout-flow wp-block-column-is-layout-flow\">\n<h2 class=\"wp-block-heading\">Apprenons ensemble.<\/h2>\n\n\n\n<p><\/p>\n<\/div>\n\n\n\n<div class=\"wp-block-column is-layout-flow wp-block-column-is-layout-flow\">\n<p>L&rsquo;Administration portuaire de Prince Rupert est un champion actif de l&rsquo;engagement des jeunes au profit de toutes les parties prenantes. Nous avons mis en place une s\u00e9rie de programmes pour soutenir les \u00e9tudiants et les jeunes.<\/p>\n<\/div>\n<\/div>\n\n\n\n<hr class=\"wp-block-separator has-css-opacity is-style-wide\"\/>\n\n\n\n<div class=\"wp-block-columns is-layout-flex wp-container-core-columns-is-layout-9d6595d7 wp-block-columns-is-layout-flex\">\n<div class=\"wp-block-column is-layout-flow wp-block-column-is-layout-flow\">\n<h4 class=\"wp-block-heading\">Rising Tide et Voyage vers l&rsquo;excellence<\/h4>\n\n\n\n<p>L&rsquo;Administration portuaire de Prince Rupert (APPR) est convaincue que le soutien aux jeunes dans leur qu\u00eate d&rsquo;excellence dans les domaines du sport, de l&rsquo;\u00e9ducation, des arts et de la culture fait partie int\u00e9grante de la construction de la prochaine g\u00e9n\u00e9ration de leaders. Nous proposons deux types de soutien financier destin\u00e9s aux jeunes :<\/p>\n\n\n\n<p>Le programme Rising Tide encourage la curiosit\u00e9 de chaque jeune \u00e0 essayer de nouvelles choses et \u00e0 prendre confiance en lui gr\u00e2ce \u00e0 ses r\u00e9alisations et \u00e0 ses succ\u00e8s.  <\/p>\n\n\n\n<p>Le programme \u00ab\u00a0Voyage vers l&rsquo;excellence\u00a0\u00bb permet aux jeunes qui parviennent \u00e0 atteindre au sommet de leur discipline de faire l&rsquo;exp\u00e9rience de niveaux de comp\u00e9tition plus \u00e9lev\u00e9s et de r\u00e9compenser leurs longues heures de d\u00e9vouement et de d\u00e9veloppement de leur talent.<\/p>\n<\/div>\n\n\n\n<div class=\"wp-block-column is-layout-flow wp-block-column-is-layout-flow\">\n<figure class=\"wp-block-image size-large\"><img loading=\"lazy\" decoding=\"async\" width=\"1000\" height=\"562\" src=\"https:\/\/www.rupertport.com\/wp-content\/uploads\/2019\/12\/community-engagement_rising-tide.jpg\" alt=\"\" class=\"wp-image-2805\" srcset=\"https:\/\/www.rupertport.com\/wp-content\/uploads\/2019\/12\/community-engagement_rising-tide.jpg 1000w, https:\/\/www.rupertport.com\/wp-content\/uploads\/2019\/12\/community-engagement_rising-tide-300x169.jpg 300w, https:\/\/www.rupertport.com\/wp-content\/uploads\/2019\/12\/community-engagement_rising-tide-768x432.jpg 768w\" sizes=\"auto, (max-width: 1000px) 100vw, 1000px\" \/><\/figure>\n<\/div>\n<\/div>\n\n\n\n<hr class=\"wp-block-separator has-css-opacity is-style-wide\"\/>\n\n\n\n<figure class=\"wp-block-image size-full\"><img loading=\"lazy\" decoding=\"async\" width=\"1920\" height=\"1080\" src=\"https:\/\/www.rupertport.com\/wp-content\/uploads\/2024\/03\/port-interpretive-centre-2024.jpg\" alt=\"\" class=\"wp-image-18659\" srcset=\"https:\/\/www.rupertport.com\/wp-content\/uploads\/2024\/03\/port-interpretive-centre-2024.jpg 1920w, https:\/\/www.rupertport.com\/wp-content\/uploads\/2024\/03\/port-interpretive-centre-2024-300x169.jpg 300w, https:\/\/www.rupertport.com\/wp-content\/uploads\/2024\/03\/port-interpretive-centre-2024-1024x576.jpg 1024w, https:\/\/www.rupertport.com\/wp-content\/uploads\/2024\/03\/port-interpretive-centre-2024-768x432.jpg 768w, https:\/\/www.rupertport.com\/wp-content\/uploads\/2024\/03\/port-interpretive-centre-2024-1536x864.jpg 1536w\" sizes=\"auto, (max-width: 1920px) 100vw, 1920px\" \/><\/figure>\n\n\n\n<figure class=\"wp-block-image size-full\"><img loading=\"lazy\" decoding=\"async\" width=\"1920\" height=\"1080\" src=\"https:\/\/www.rupertport.com\/wp-content\/uploads\/2024\/03\/port-interpretive-centre-v2-2024-1.jpg\" alt=\"\" class=\"wp-image-18665\" srcset=\"https:\/\/www.rupertport.com\/wp-content\/uploads\/2024\/03\/port-interpretive-centre-v2-2024-1.jpg 1920w, https:\/\/www.rupertport.com\/wp-content\/uploads\/2024\/03\/port-interpretive-centre-v2-2024-1-300x169.jpg 300w, https:\/\/www.rupertport.com\/wp-content\/uploads\/2024\/03\/port-interpretive-centre-v2-2024-1-1024x576.jpg 1024w, https:\/\/www.rupertport.com\/wp-content\/uploads\/2024\/03\/port-interpretive-centre-v2-2024-1-768x432.jpg 768w, https:\/\/www.rupertport.com\/wp-content\/uploads\/2024\/03\/port-interpretive-centre-v2-2024-1-1536x864.jpg 1536w\" sizes=\"auto, (max-width: 1920px) 100vw, 1920px\" \/><\/figure>\n\n\n\n<h2 class=\"wp-block-heading\">Centre d&rsquo;interpr\u00e9tation du port<\/h2>\n\n\n\n<p><strong>Visites interactives pour les \u00e9tudiants<\/strong><\/p>\n\n\n\n<p>Le centre d&rsquo;interpr\u00e9tation du port accueille des visites scolaires programm\u00e9es qui permettent aux visiteurs de toucher, de sentir et de lire \u00e0 travers le port de Prince Rupert. Le simulateur de route commerciale est une exposition interactive qui vous invite \u00e0 explorer les centaines de produits diff\u00e9rents qui transitent par Prince Rupert et \u00e0 d\u00e9couvrir d&rsquo;o\u00f9 ils viennent, o\u00f9 ils vont et quels types de navires sont utilis\u00e9s pour les transporter. La chronologie de l&rsquo;histoire du port encourage les visiteurs \u00e0 parcourir 10 000 ans d&rsquo;histoire du commerce local et \u00e0 d\u00e9couvrir l&rsquo;\u00e9volution fascinante de cette r\u00e9gion, des routes commerciales des Premi\u00e8res nations aux chemins de fer et \u00e0 la porte d&rsquo;entr\u00e9e de l&rsquo;Am\u00e9rique du Nord.<\/p>\n\n\n\n<p>Pour plus d&rsquo;informations ou pour r\u00e9server une visite de classe, veuillez <a href=\"mailto:community@rupertport.com\">nous contacter<\/a>.  <\/p>\n","protected":false},"excerpt":{"rendered":"<p>Apprenons ensemble. L&rsquo;Administration portuaire de Prince Rupert est un champion actif de l&rsquo;engagement des jeunes au profit de toutes les parties prenantes. Nous avons mis en place une s\u00e9rie de programmes pour soutenir les \u00e9tudiants et les jeunes. Rising Tide et Voyage vers l&rsquo;excellence L&rsquo;Administration portuaire de Prince Rupert (APPR) est convaincue que le soutien [&hellip;]<\/p>\n","protected":false},"author":6,"featured_media":10542,"parent":0,"menu_order":0,"comment_status":"closed","ping_status":"closed","template":"","meta":{"_acf_changed":false,"footnotes":""},"class_list":["post-13855","page","type-page","status-publish","has-post-thumbnail","hentry"],"acf":[],"yoast_head":"<!-- This site is optimized with the Yoast SEO plugin v26.8 - https:\/\/yoast.com\/product\/yoast-seo-wordpress\/ -->\n<title>Engagement communautaire | Autorit\u00e9 portuaire de Prince Rupert<\/title>\n<meta name=\"description\" content=\"D\u00e9couvrez notre engagement en faveur de la participation communautaire et des pratiques durables au sein de l&#039;Administration portuaire de Prince Rupert.\" \/>\n<meta name=\"robots\" content=\"index, follow, max-snippet:-1, max-image-preview:large, max-video-preview:-1\" \/>\n<link rel=\"canonical\" href=\"https:\/\/www.rupertport.com\/fr\/engagement-communautaire\/\" \/>\n<meta property=\"og:locale\" content=\"fr_FR\" \/>\n<meta property=\"og:type\" content=\"article\" \/>\n<meta property=\"og:title\" content=\"Engagement communautaire | Autorit\u00e9 portuaire de Prince Rupert\" \/>\n<meta property=\"og:description\" content=\"D\u00e9couvrez notre engagement en faveur de la participation communautaire et des pratiques durables au sein de l&#039;Administration portuaire de Prince Rupert.\" \/>\n<meta property=\"og:url\" content=\"https:\/\/www.rupertport.com\/fr\/engagement-communautaire\/\" \/>\n<meta property=\"og:site_name\" content=\"Autorit\u00e9 portuaire de Prince Rupert\" \/>\n<meta property=\"article:publisher\" content=\"https:\/\/www.facebook.com\/rupertport\/\" \/>\n<meta property=\"article:modified_time\" content=\"2024-05-31T21:10:14+00:00\" \/>\n<meta property=\"og:image\" content=\"https:\/\/www.rupertport.com\/wp-content\/uploads\/2019\/12\/The-Friendship-House-Association-Receives-Investment.jpg\" \/>\n\t<meta property=\"og:image:width\" content=\"2000\" \/>\n\t<meta property=\"og:image:height\" content=\"1122\" \/>\n\t<meta property=\"og:image:type\" content=\"image\/jpeg\" \/>\n<meta name=\"twitter:card\" content=\"summary_large_image\" \/>\n<meta name=\"twitter:site\" content=\"@rupertport\" \/>\n<script type=\"application\/ld+json\" class=\"yoast-schema-graph\">{\"@context\":\"https:\/\/schema.org\",\"@graph\":[{\"@type\":\"WebPage\",\"@id\":\"https:\/\/www.rupertport.com\/fr\/engagement-communautaire\/\",\"url\":\"https:\/\/www.rupertport.com\/fr\/engagement-communautaire\/\",\"name\":\"Engagement communautaire | Autorit\u00e9 portuaire de Prince Rupert\",\"isPartOf\":{\"@id\":\"https:\/\/www.rupertport.com\/fr\/#website\"},\"primaryImageOfPage\":{\"@id\":\"https:\/\/www.rupertport.com\/fr\/engagement-communautaire\/#primaryimage\"},\"image\":{\"@id\":\"https:\/\/www.rupertport.com\/fr\/engagement-communautaire\/#primaryimage\"},\"thumbnailUrl\":\"https:\/\/www.rupertport.com\/wp-content\/uploads\/2019\/12\/The-Friendship-House-Association-Receives-Investment.jpg\",\"datePublished\":\"2019-11-21T01:06:29+00:00\",\"dateModified\":\"2024-05-31T21:10:14+00:00\",\"description\":\"D\u00e9couvrez notre engagement en faveur de la participation communautaire et des pratiques durables au sein de l'Administration portuaire de Prince Rupert.\",\"breadcrumb\":{\"@id\":\"https:\/\/www.rupertport.com\/fr\/engagement-communautaire\/#breadcrumb\"},\"inLanguage\":\"fr-FR\",\"potentialAction\":[{\"@type\":\"ReadAction\",\"target\":[\"https:\/\/www.rupertport.com\/fr\/engagement-communautaire\/\"]}]},{\"@type\":\"ImageObject\",\"inLanguage\":\"fr-FR\",\"@id\":\"https:\/\/www.rupertport.com\/fr\/engagement-communautaire\/#primaryimage\",\"url\":\"https:\/\/www.rupertport.com\/wp-content\/uploads\/2019\/12\/The-Friendship-House-Association-Receives-Investment.jpg\",\"contentUrl\":\"https:\/\/www.rupertport.com\/wp-content\/uploads\/2019\/12\/The-Friendship-House-Association-Receives-Investment.jpg\",\"width\":2000,\"height\":1122},{\"@type\":\"BreadcrumbList\",\"@id\":\"https:\/\/www.rupertport.com\/fr\/engagement-communautaire\/#breadcrumb\",\"itemListElement\":[{\"@type\":\"ListItem\",\"position\":1,\"name\":\"Home\",\"item\":\"https:\/\/www.rupertport.com\/fr\/page-de-garde\/\"},{\"@type\":\"ListItem\",\"position\":2,\"name\":\"Engagement communautaire\"}]},{\"@type\":\"WebSite\",\"@id\":\"https:\/\/www.rupertport.com\/fr\/#website\",\"url\":\"https:\/\/www.rupertport.com\/fr\/\",\"name\":\"Prince Rupert Port Authority\",\"description\":\"L'avant-garde du Canada\",\"publisher\":{\"@id\":\"https:\/\/www.rupertport.com\/fr\/#organization\"},\"alternateName\":\"PRPA\",\"potentialAction\":[{\"@type\":\"SearchAction\",\"target\":{\"@type\":\"EntryPoint\",\"urlTemplate\":\"https:\/\/www.rupertport.com\/fr\/?s={search_term_string}\"},\"query-input\":{\"@type\":\"PropertyValueSpecification\",\"valueRequired\":true,\"valueName\":\"search_term_string\"}}],\"inLanguage\":\"fr-FR\"},{\"@type\":\"Organization\",\"@id\":\"https:\/\/www.rupertport.com\/fr\/#organization\",\"name\":\"Prince Rupert Port Authority\",\"alternateName\":\"PRPA\",\"url\":\"https:\/\/www.rupertport.com\/fr\/\",\"logo\":{\"@type\":\"ImageObject\",\"inLanguage\":\"fr-FR\",\"@id\":\"https:\/\/www.rupertport.com\/fr\/#\/schema\/logo\/image\/\",\"url\":\"https:\/\/www.rupertport.com\/wp-content\/uploads\/2021\/04\/cropped-PRPA-logo-meta-1200x1200-1.jpg\",\"contentUrl\":\"https:\/\/www.rupertport.com\/wp-content\/uploads\/2021\/04\/cropped-PRPA-logo-meta-1200x1200-1.jpg\",\"width\":512,\"height\":512,\"caption\":\"Prince Rupert Port Authority\"},\"image\":{\"@id\":\"https:\/\/www.rupertport.com\/fr\/#\/schema\/logo\/image\/\"},\"sameAs\":[\"https:\/\/www.facebook.com\/rupertport\/\",\"https:\/\/x.com\/rupertport\"]}]}<\/script>\n<!-- \/ Yoast SEO plugin. -->","yoast_head_json":{"title":"Engagement communautaire | Autorit\u00e9 portuaire de Prince Rupert","description":"D\u00e9couvrez notre engagement en faveur de la participation communautaire et des pratiques durables au sein de l'Administration portuaire de Prince Rupert.","robots":{"index":"index","follow":"follow","max-snippet":"max-snippet:-1","max-image-preview":"max-image-preview:large","max-video-preview":"max-video-preview:-1"},"canonical":"https:\/\/www.rupertport.com\/fr\/engagement-communautaire\/","og_locale":"fr_FR","og_type":"article","og_title":"Engagement communautaire | Autorit\u00e9 portuaire de Prince Rupert","og_description":"D\u00e9couvrez notre engagement en faveur de la participation communautaire et des pratiques durables au sein de l'Administration portuaire de Prince Rupert.","og_url":"https:\/\/www.rupertport.com\/fr\/engagement-communautaire\/","og_site_name":"Autorit\u00e9 portuaire de Prince Rupert","article_publisher":"https:\/\/www.facebook.com\/rupertport\/","article_modified_time":"2024-05-31T21:10:14+00:00","og_image":[{"width":2000,"height":1122,"url":"https:\/\/www.rupertport.com\/wp-content\/uploads\/2019\/12\/The-Friendship-House-Association-Receives-Investment.jpg","type":"image\/jpeg"}],"twitter_card":"summary_large_image","twitter_site":"@rupertport","schema":{"@context":"https:\/\/schema.org","@graph":[{"@type":"WebPage","@id":"https:\/\/www.rupertport.com\/fr\/engagement-communautaire\/","url":"https:\/\/www.rupertport.com\/fr\/engagement-communautaire\/","name":"Engagement communautaire | Autorit\u00e9 portuaire de Prince Rupert","isPartOf":{"@id":"https:\/\/www.rupertport.com\/fr\/#website"},"primaryImageOfPage":{"@id":"https:\/\/www.rupertport.com\/fr\/engagement-communautaire\/#primaryimage"},"image":{"@id":"https:\/\/www.rupertport.com\/fr\/engagement-communautaire\/#primaryimage"},"thumbnailUrl":"https:\/\/www.rupertport.com\/wp-content\/uploads\/2019\/12\/The-Friendship-House-Association-Receives-Investment.jpg","datePublished":"2019-11-21T01:06:29+00:00","dateModified":"2024-05-31T21:10:14+00:00","description":"D\u00e9couvrez notre engagement en faveur de la participation communautaire et des pratiques durables au sein de l'Administration portuaire de Prince Rupert.","breadcrumb":{"@id":"https:\/\/www.rupertport.com\/fr\/engagement-communautaire\/#breadcrumb"},"inLanguage":"fr-FR","potentialAction":[{"@type":"ReadAction","target":["https:\/\/www.rupertport.com\/fr\/engagement-communautaire\/"]}]},{"@type":"ImageObject","inLanguage":"fr-FR","@id":"https:\/\/www.rupertport.com\/fr\/engagement-communautaire\/#primaryimage","url":"https:\/\/www.rupertport.com\/wp-content\/uploads\/2019\/12\/The-Friendship-House-Association-Receives-Investment.jpg","contentUrl":"https:\/\/www.rupertport.com\/wp-content\/uploads\/2019\/12\/The-Friendship-House-Association-Receives-Investment.jpg","width":2000,"height":1122},{"@type":"BreadcrumbList","@id":"https:\/\/www.rupertport.com\/fr\/engagement-communautaire\/#breadcrumb","itemListElement":[{"@type":"ListItem","position":1,"name":"Home","item":"https:\/\/www.rupertport.com\/fr\/page-de-garde\/"},{"@type":"ListItem","position":2,"name":"Engagement communautaire"}]},{"@type":"WebSite","@id":"https:\/\/www.rupertport.com\/fr\/#website","url":"https:\/\/www.rupertport.com\/fr\/","name":"Prince Rupert Port Authority","description":"L'avant-garde du Canada","publisher":{"@id":"https:\/\/www.rupertport.com\/fr\/#organization"},"alternateName":"PRPA","potentialAction":[{"@type":"SearchAction","target":{"@type":"EntryPoint","urlTemplate":"https:\/\/www.rupertport.com\/fr\/?s={search_term_string}"},"query-input":{"@type":"PropertyValueSpecification","valueRequired":true,"valueName":"search_term_string"}}],"inLanguage":"fr-FR"},{"@type":"Organization","@id":"https:\/\/www.rupertport.com\/fr\/#organization","name":"Prince Rupert Port Authority","alternateName":"PRPA","url":"https:\/\/www.rupertport.com\/fr\/","logo":{"@type":"ImageObject","inLanguage":"fr-FR","@id":"https:\/\/www.rupertport.com\/fr\/#\/schema\/logo\/image\/","url":"https:\/\/www.rupertport.com\/wp-content\/uploads\/2021\/04\/cropped-PRPA-logo-meta-1200x1200-1.jpg","contentUrl":"https:\/\/www.rupertport.com\/wp-content\/uploads\/2021\/04\/cropped-PRPA-logo-meta-1200x1200-1.jpg","width":512,"height":512,"caption":"Prince Rupert Port Authority"},"image":{"@id":"https:\/\/www.rupertport.com\/fr\/#\/schema\/logo\/image\/"},"sameAs":["https:\/\/www.facebook.com\/rupertport\/","https:\/\/x.com\/rupertport"]}]}},"_links":{"self":[{"href":"https:\/\/www.rupertport.com\/fr\/wp-json\/wp\/v2\/pages\/13855","targetHints":{"allow":["GET"]}}],"collection":[{"href":"https:\/\/www.rupertport.com\/fr\/wp-json\/wp\/v2\/pages"}],"about":[{"href":"https:\/\/www.rupertport.com\/fr\/wp-json\/wp\/v2\/types\/page"}],"author":[{"embeddable":true,"href":"https:\/\/www.rupertport.com\/fr\/wp-json\/wp\/v2\/users\/6"}],"replies":[{"embeddable":true,"href":"https:\/\/www.rupertport.com\/fr\/wp-json\/wp\/v2\/comments?post=13855"}],"version-history":[{"count":9,"href":"https:\/\/www.rupertport.com\/fr\/wp-json\/wp\/v2\/pages\/13855\/revisions"}],"predecessor-version":[{"id":19577,"href":"https:\/\/www.rupertport.com\/fr\/wp-json\/wp\/v2\/pages\/13855\/revisions\/19577"}],"wp:featuredmedia":[{"embeddable":true,"href":"https:\/\/www.rupertport.com\/fr\/wp-json\/wp\/v2\/media\/10542"}],"wp:attachment":[{"href":"https:\/\/www.rupertport.com\/fr\/wp-json\/wp\/v2\/media?parent=13855"}],"curies":[{"name":"wp","href":"https:\/\/api.w.org\/{rel}","templated":true}]}}