{"id":13851,"date":"2019-11-20T17:11:17","date_gmt":"2019-11-21T01:11:17","guid":{"rendered":"https:\/\/prpaprincerupertportauthor.kinsta.cloud\/gestion-de-lenvironnement-2\/certification-en-matiere-de-gestion-de-lenvironnement\/"},"modified":"2025-10-07T15:25:17","modified_gmt":"2025-10-07T23:25:17","slug":"certification-en-matiere-de-gestion-de-lenvironnement","status":"publish","type":"page","link":"https:\/\/www.rupertport.com\/fr\/gestion-de-lenvironnement\/certification-en-matiere-de-gestion-de-lenvironnement\/","title":{"rendered":"Certification en mati\u00e8re de gestion de l&rsquo;environnement"},"content":{"rendered":"\n<div class=\"wp-block-columns is-layout-flex wp-container-core-columns-is-layout-9d6595d7 wp-block-columns-is-layout-flex\">\n<div class=\"wp-block-column is-layout-flow wp-block-column-is-layout-flow\">\n<p class=\"has-text-color\" style=\"color:#0072b4;font-size:28px\">L&rsquo;administration portuaire de Prince Rupert est fi\u00e8re de ses r\u00e9alisations en mati\u00e8re de certification par une tierce partie en ce qui concerne la gestion de l&rsquo;environnement.<\/p>\n<\/div>\n\n\n\n<div class=\"wp-block-column is-layout-flow wp-block-column-is-layout-flow\"><div class=\"wp-block-image\">\n<figure class=\"alignleft size-large\"><img loading=\"lazy\" decoding=\"async\" width=\"137\" height=\"137\" src=\"https:\/\/www.rupertport.com\/wp-content\/uploads\/2019\/11\/certified_coul_eng..png\" alt=\"\" class=\"wp-image-150\"\/><\/figure>\n<\/div>\n\n\n<div class=\"wp-block-group\"><div class=\"wp-block-group__inner-container is-layout-flow wp-block-group-is-layout-flow\">\n<p>L&rsquo;APPR est devenu le premier port de la c\u00f4te ouest \u00e0 adh\u00e9rer au programme environnemental de l&rsquo;Alliance verte en 2010. L&rsquo;Alliance verte est une initiative conjointe du Canada et des \u00c9tats-Unis visant \u00e0 promouvoir l&rsquo;excellence environnementale dans l&rsquo;industrie maritime, dans toute l&rsquo;Am\u00e9rique du Nord.<\/p>\n<\/div><\/div>\n<\/div>\n<\/div>\n\n\n\n<hr class=\"wp-block-separator has-css-opacity is-style-wide\"\/>\n\n\n\n<p>Le programme de certification met l&rsquo;accent sur l&rsquo;am\u00e9lioration volontaire des performances environnementales dans des domaines cl\u00e9s identifi\u00e9s par l&rsquo;industrie maritime et plusieurs parties prenantes. Ces indicateurs de performance comprennent le leadership environnemental, les gaz \u00e0 effet de serre et les polluants atmosph\u00e9riques (en particulier les oxydes de soufre [SOx], les oxydes d&rsquo;azote [NOx] et les particules [PM]), la pr\u00e9vention des d\u00e9versements dans l&rsquo;eau et sur terre (tels que les r\u00e9sidus de cargaison et les eaux huileuses), les impacts sur la communaut\u00e9 (tels que le bruit, la lumi\u00e8re, la poussi\u00e8re et les odeurs), la gestion des d\u00e9chets, le bruit sous-marin et les esp\u00e8ces aquatiques invasives. <\/p>\n\n\n\n<p>Le programme environnemental de l&rsquo;Alliance verte fournit un cadre \u00e0 cinq niveaux permettant aux membres d&rsquo;am\u00e9liorer leurs performances environnementales au-del\u00e0 de la conformit\u00e9 r\u00e9glementaire. Les participants \u00e9valuent leurs performances en fonction des lignes directrices et des crit\u00e8res fournis par l&rsquo;Alliance verte ; les r\u00e9sultats sont publi\u00e9s chaque ann\u00e9e et v\u00e9rifi\u00e9s par une tierce partie ind\u00e9pendante.<\/p>\n\n\n\n<p>La participation de l&rsquo;APPR au programme environnemental de l&rsquo;Alliance verte a contribu\u00e9 \u00e0 la r\u00e9alisation de ses objectifs strat\u00e9giques en mati\u00e8re de durabilit\u00e9 environnementale et a guid\u00e9 le d\u00e9veloppement de bon nombre de ses initiatives environnementales. De nombreux terminaux maritimes et fournisseurs de services du port de Prince Rupert sont \u00e9galement membres du programme, cr\u00e9ant ainsi un r\u00e9seau unifi\u00e9 de partenaires industriels ayant une vision commune des pratiques durables en mati\u00e8re d&rsquo;environnement. L&rsquo;APPR est \u00e9galement membre du comit\u00e9 consultatif de l&rsquo;Alliance verte de la c\u00f4te ouest, qui r\u00e9unit des repr\u00e9sentants de l&rsquo;industrie, des universit\u00e9s, des organismes de r\u00e9glementation et des organisations environnementales, afin de fournir des orientations et des informations en retour sur le programme.<\/p>\n\n\n\n<p>L&rsquo;APPR a fait preuve d&rsquo;une conformit\u00e9 sup\u00e9rieure au programme de l&rsquo;Alliance verte, avec des niveaux plus \u00e9lev\u00e9s dans toutes les cat\u00e9gories que la plupart des ports d&rsquo;Am\u00e9rique du Nord.<\/p>\n\n\n\n<hr class=\"wp-block-separator has-css-opacity is-style-wide\"\/>\n\n\n\n<p><\/p>\n\n\n\n<p>Outre la certification d&rsquo;un certain nombre de mesures de performance cl\u00e9s du programme de l&rsquo;Alliance verte, l&rsquo;APPR a re\u00e7u la certification Climate Smart en 2018 et 2019. Climate Smart est un programme reconnu de la Colombie-Britannique qui travaille avec les organisations pour inventorier les \u00e9missions de carbone, r\u00e9duire les gaz \u00e0 effet de serre et fournir des crit\u00e8res pour les normes de certification. Pour <a rel=\"noreferrer noopener\" href=\"https:\/\/climatesmartbusiness.com\/\" target=\"_blank\">en savoir plus<\/a> sur le programme et sur la fa\u00e7on dont votre organisation peut devenir Climate Smart, cliquez ici.<\/p>\n\n\n\n<p>Il convient \u00e9galement de noter que l&rsquo;autorit\u00e9 portuaire de Prince Rupert est neutre en carbone depuis 2015.<\/p>\n\n\n\n<hr class=\"wp-block-separator has-css-opacity is-style-wide\"\/>\n\n\n\n<p>En savoir plus sur l&rsquo;<a href=\"https:\/\/green-marine.org\/\" target=\"_blank\" rel=\"noreferrer noopener\">Alliance verte<\/a>.<\/p>\n","protected":false},"excerpt":{"rendered":"<p>L&rsquo;administration portuaire de Prince Rupert est fi\u00e8re de ses r\u00e9alisations en mati\u00e8re de certification par une tierce partie en ce qui concerne la gestion de l&rsquo;environnement. L&rsquo;APPR est devenu le premier port de la c\u00f4te ouest \u00e0 adh\u00e9rer au programme environnemental de l&rsquo;Alliance verte en 2010. L&rsquo;Alliance verte est une initiative conjointe du Canada et [&hellip;]<\/p>\n","protected":false},"author":6,"featured_media":10208,"parent":13845,"menu_order":0,"comment_status":"closed","ping_status":"closed","template":"","meta":{"_acf_changed":false,"footnotes":""},"class_list":["post-13851","page","type-page","status-publish","has-post-thumbnail","hentry"],"acf":[],"yoast_head":"<!-- This site is optimized with the Yoast SEO plugin v26.8 - https:\/\/yoast.com\/product\/yoast-seo-wordpress\/ -->\n<title>Certification en mati\u00e8re de gestion de l&#039;environnement | Autorit\u00e9 portuaire de Prince Rupert<\/title>\n<meta name=\"description\" content=\"En savoir plus sur nos programmes de certification de la gestion environnementale \u00e0 l&#039;L&#039;Administration portuaire de Prince Rupert. Diriger avec durabilit\u00e9 !\" \/>\n<meta name=\"robots\" content=\"index, follow, max-snippet:-1, max-image-preview:large, max-video-preview:-1\" \/>\n<link rel=\"canonical\" href=\"https:\/\/www.rupertport.com\/fr\/gestion-de-lenvironnement\/certification-en-matiere-de-gestion-de-lenvironnement\/\" \/>\n<meta property=\"og:locale\" content=\"fr_FR\" \/>\n<meta property=\"og:type\" content=\"article\" \/>\n<meta property=\"og:title\" content=\"Certification en mati\u00e8re de gestion de l&#039;environnement | Autorit\u00e9 portuaire de Prince Rupert\" \/>\n<meta property=\"og:description\" content=\"En savoir plus sur nos programmes de certification de la gestion environnementale \u00e0 l&#039;L&#039;Administration portuaire de Prince Rupert. Diriger avec durabilit\u00e9 !\" \/>\n<meta property=\"og:url\" content=\"https:\/\/www.rupertport.com\/fr\/gestion-de-lenvironnement\/certification-en-matiere-de-gestion-de-lenvironnement\/\" \/>\n<meta property=\"og:site_name\" content=\"Autorit\u00e9 portuaire de Prince Rupert\" \/>\n<meta property=\"article:publisher\" content=\"https:\/\/www.facebook.com\/rupertport\/\" \/>\n<meta property=\"article:modified_time\" content=\"2025-10-07T23:25:17+00:00\" \/>\n<meta property=\"og:image\" content=\"https:\/\/www.rupertport.com\/wp-content\/uploads\/2019\/11\/env-stew-cert-feature.jpg\" \/>\n\t<meta property=\"og:image:width\" content=\"1061\" \/>\n\t<meta property=\"og:image:height\" content=\"657\" \/>\n\t<meta property=\"og:image:type\" content=\"image\/jpeg\" \/>\n<meta name=\"twitter:card\" content=\"summary_large_image\" \/>\n<meta name=\"twitter:site\" content=\"@rupertport\" \/>\n<script type=\"application\/ld+json\" class=\"yoast-schema-graph\">{\"@context\":\"https:\/\/schema.org\",\"@graph\":[{\"@type\":\"WebPage\",\"@id\":\"https:\/\/www.rupertport.com\/fr\/gestion-de-lenvironnement\/certification-en-matiere-de-gestion-de-lenvironnement\/\",\"url\":\"https:\/\/www.rupertport.com\/fr\/gestion-de-lenvironnement\/certification-en-matiere-de-gestion-de-lenvironnement\/\",\"name\":\"Certification en mati\u00e8re de gestion de l'environnement | Autorit\u00e9 portuaire de Prince Rupert\",\"isPartOf\":{\"@id\":\"https:\/\/www.rupertport.com\/fr\/#website\"},\"primaryImageOfPage\":{\"@id\":\"https:\/\/www.rupertport.com\/fr\/gestion-de-lenvironnement\/certification-en-matiere-de-gestion-de-lenvironnement\/#primaryimage\"},\"image\":{\"@id\":\"https:\/\/www.rupertport.com\/fr\/gestion-de-lenvironnement\/certification-en-matiere-de-gestion-de-lenvironnement\/#primaryimage\"},\"thumbnailUrl\":\"https:\/\/www.rupertport.com\/wp-content\/uploads\/2019\/11\/env-stew-cert-feature.jpg\",\"datePublished\":\"2019-11-21T01:11:17+00:00\",\"dateModified\":\"2025-10-07T23:25:17+00:00\",\"description\":\"En savoir plus sur nos programmes de certification de la gestion environnementale \u00e0 l'L'Administration portuaire de Prince Rupert. Diriger avec durabilit\u00e9 !\",\"breadcrumb\":{\"@id\":\"https:\/\/www.rupertport.com\/fr\/gestion-de-lenvironnement\/certification-en-matiere-de-gestion-de-lenvironnement\/#breadcrumb\"},\"inLanguage\":\"fr-FR\",\"potentialAction\":[{\"@type\":\"ReadAction\",\"target\":[\"https:\/\/www.rupertport.com\/fr\/gestion-de-lenvironnement\/certification-en-matiere-de-gestion-de-lenvironnement\/\"]}]},{\"@type\":\"ImageObject\",\"inLanguage\":\"fr-FR\",\"@id\":\"https:\/\/www.rupertport.com\/fr\/gestion-de-lenvironnement\/certification-en-matiere-de-gestion-de-lenvironnement\/#primaryimage\",\"url\":\"https:\/\/www.rupertport.com\/wp-content\/uploads\/2019\/11\/env-stew-cert-feature.jpg\",\"contentUrl\":\"https:\/\/www.rupertport.com\/wp-content\/uploads\/2019\/11\/env-stew-cert-feature.jpg\",\"width\":1061,\"height\":657},{\"@type\":\"BreadcrumbList\",\"@id\":\"https:\/\/www.rupertport.com\/fr\/gestion-de-lenvironnement\/certification-en-matiere-de-gestion-de-lenvironnement\/#breadcrumb\",\"itemListElement\":[{\"@type\":\"ListItem\",\"position\":1,\"name\":\"Home\",\"item\":\"https:\/\/www.rupertport.com\/fr\/page-de-garde\/\"},{\"@type\":\"ListItem\",\"position\":2,\"name\":\"Gestion de l&#8217;environnement\",\"item\":\"https:\/\/www.rupertport.com\/fr\/gestion-de-lenvironnement\/\"},{\"@type\":\"ListItem\",\"position\":3,\"name\":\"Certification en mati\u00e8re de gestion de l&#8217;environnement\"}]},{\"@type\":\"WebSite\",\"@id\":\"https:\/\/www.rupertport.com\/fr\/#website\",\"url\":\"https:\/\/www.rupertport.com\/fr\/\",\"name\":\"Prince Rupert Port Authority\",\"description\":\"L'avant-garde du Canada\",\"publisher\":{\"@id\":\"https:\/\/www.rupertport.com\/fr\/#organization\"},\"alternateName\":\"PRPA\",\"potentialAction\":[{\"@type\":\"SearchAction\",\"target\":{\"@type\":\"EntryPoint\",\"urlTemplate\":\"https:\/\/www.rupertport.com\/fr\/?s={search_term_string}\"},\"query-input\":{\"@type\":\"PropertyValueSpecification\",\"valueRequired\":true,\"valueName\":\"search_term_string\"}}],\"inLanguage\":\"fr-FR\"},{\"@type\":\"Organization\",\"@id\":\"https:\/\/www.rupertport.com\/fr\/#organization\",\"name\":\"Prince Rupert Port Authority\",\"alternateName\":\"PRPA\",\"url\":\"https:\/\/www.rupertport.com\/fr\/\",\"logo\":{\"@type\":\"ImageObject\",\"inLanguage\":\"fr-FR\",\"@id\":\"https:\/\/www.rupertport.com\/fr\/#\/schema\/logo\/image\/\",\"url\":\"https:\/\/www.rupertport.com\/wp-content\/uploads\/2021\/04\/cropped-PRPA-logo-meta-1200x1200-1.jpg\",\"contentUrl\":\"https:\/\/www.rupertport.com\/wp-content\/uploads\/2021\/04\/cropped-PRPA-logo-meta-1200x1200-1.jpg\",\"width\":512,\"height\":512,\"caption\":\"Prince Rupert Port Authority\"},\"image\":{\"@id\":\"https:\/\/www.rupertport.com\/fr\/#\/schema\/logo\/image\/\"},\"sameAs\":[\"https:\/\/www.facebook.com\/rupertport\/\",\"https:\/\/x.com\/rupertport\"]}]}<\/script>\n<!-- \/ Yoast SEO plugin. -->","yoast_head_json":{"title":"Certification en mati\u00e8re de gestion de l'environnement | Autorit\u00e9 portuaire de Prince Rupert","description":"En savoir plus sur nos programmes de certification de la gestion environnementale \u00e0 l'L'Administration portuaire de Prince Rupert. Diriger avec durabilit\u00e9 !","robots":{"index":"index","follow":"follow","max-snippet":"max-snippet:-1","max-image-preview":"max-image-preview:large","max-video-preview":"max-video-preview:-1"},"canonical":"https:\/\/www.rupertport.com\/fr\/gestion-de-lenvironnement\/certification-en-matiere-de-gestion-de-lenvironnement\/","og_locale":"fr_FR","og_type":"article","og_title":"Certification en mati\u00e8re de gestion de l'environnement | Autorit\u00e9 portuaire de Prince Rupert","og_description":"En savoir plus sur nos programmes de certification de la gestion environnementale \u00e0 l'L'Administration portuaire de Prince Rupert. Diriger avec durabilit\u00e9 !","og_url":"https:\/\/www.rupertport.com\/fr\/gestion-de-lenvironnement\/certification-en-matiere-de-gestion-de-lenvironnement\/","og_site_name":"Autorit\u00e9 portuaire de Prince Rupert","article_publisher":"https:\/\/www.facebook.com\/rupertport\/","article_modified_time":"2025-10-07T23:25:17+00:00","og_image":[{"width":1061,"height":657,"url":"https:\/\/www.rupertport.com\/wp-content\/uploads\/2019\/11\/env-stew-cert-feature.jpg","type":"image\/jpeg"}],"twitter_card":"summary_large_image","twitter_site":"@rupertport","schema":{"@context":"https:\/\/schema.org","@graph":[{"@type":"WebPage","@id":"https:\/\/www.rupertport.com\/fr\/gestion-de-lenvironnement\/certification-en-matiere-de-gestion-de-lenvironnement\/","url":"https:\/\/www.rupertport.com\/fr\/gestion-de-lenvironnement\/certification-en-matiere-de-gestion-de-lenvironnement\/","name":"Certification en mati\u00e8re de gestion de l'environnement | Autorit\u00e9 portuaire de Prince Rupert","isPartOf":{"@id":"https:\/\/www.rupertport.com\/fr\/#website"},"primaryImageOfPage":{"@id":"https:\/\/www.rupertport.com\/fr\/gestion-de-lenvironnement\/certification-en-matiere-de-gestion-de-lenvironnement\/#primaryimage"},"image":{"@id":"https:\/\/www.rupertport.com\/fr\/gestion-de-lenvironnement\/certification-en-matiere-de-gestion-de-lenvironnement\/#primaryimage"},"thumbnailUrl":"https:\/\/www.rupertport.com\/wp-content\/uploads\/2019\/11\/env-stew-cert-feature.jpg","datePublished":"2019-11-21T01:11:17+00:00","dateModified":"2025-10-07T23:25:17+00:00","description":"En savoir plus sur nos programmes de certification de la gestion environnementale \u00e0 l'L'Administration portuaire de Prince Rupert. Diriger avec durabilit\u00e9 !","breadcrumb":{"@id":"https:\/\/www.rupertport.com\/fr\/gestion-de-lenvironnement\/certification-en-matiere-de-gestion-de-lenvironnement\/#breadcrumb"},"inLanguage":"fr-FR","potentialAction":[{"@type":"ReadAction","target":["https:\/\/www.rupertport.com\/fr\/gestion-de-lenvironnement\/certification-en-matiere-de-gestion-de-lenvironnement\/"]}]},{"@type":"ImageObject","inLanguage":"fr-FR","@id":"https:\/\/www.rupertport.com\/fr\/gestion-de-lenvironnement\/certification-en-matiere-de-gestion-de-lenvironnement\/#primaryimage","url":"https:\/\/www.rupertport.com\/wp-content\/uploads\/2019\/11\/env-stew-cert-feature.jpg","contentUrl":"https:\/\/www.rupertport.com\/wp-content\/uploads\/2019\/11\/env-stew-cert-feature.jpg","width":1061,"height":657},{"@type":"BreadcrumbList","@id":"https:\/\/www.rupertport.com\/fr\/gestion-de-lenvironnement\/certification-en-matiere-de-gestion-de-lenvironnement\/#breadcrumb","itemListElement":[{"@type":"ListItem","position":1,"name":"Home","item":"https:\/\/www.rupertport.com\/fr\/page-de-garde\/"},{"@type":"ListItem","position":2,"name":"Gestion de l&#8217;environnement","item":"https:\/\/www.rupertport.com\/fr\/gestion-de-lenvironnement\/"},{"@type":"ListItem","position":3,"name":"Certification en mati\u00e8re de gestion de l&#8217;environnement"}]},{"@type":"WebSite","@id":"https:\/\/www.rupertport.com\/fr\/#website","url":"https:\/\/www.rupertport.com\/fr\/","name":"Prince Rupert Port Authority","description":"L'avant-garde du Canada","publisher":{"@id":"https:\/\/www.rupertport.com\/fr\/#organization"},"alternateName":"PRPA","potentialAction":[{"@type":"SearchAction","target":{"@type":"EntryPoint","urlTemplate":"https:\/\/www.rupertport.com\/fr\/?s={search_term_string}"},"query-input":{"@type":"PropertyValueSpecification","valueRequired":true,"valueName":"search_term_string"}}],"inLanguage":"fr-FR"},{"@type":"Organization","@id":"https:\/\/www.rupertport.com\/fr\/#organization","name":"Prince Rupert Port Authority","alternateName":"PRPA","url":"https:\/\/www.rupertport.com\/fr\/","logo":{"@type":"ImageObject","inLanguage":"fr-FR","@id":"https:\/\/www.rupertport.com\/fr\/#\/schema\/logo\/image\/","url":"https:\/\/www.rupertport.com\/wp-content\/uploads\/2021\/04\/cropped-PRPA-logo-meta-1200x1200-1.jpg","contentUrl":"https:\/\/www.rupertport.com\/wp-content\/uploads\/2021\/04\/cropped-PRPA-logo-meta-1200x1200-1.jpg","width":512,"height":512,"caption":"Prince Rupert Port Authority"},"image":{"@id":"https:\/\/www.rupertport.com\/fr\/#\/schema\/logo\/image\/"},"sameAs":["https:\/\/www.facebook.com\/rupertport\/","https:\/\/x.com\/rupertport"]}]}},"_links":{"self":[{"href":"https:\/\/www.rupertport.com\/fr\/wp-json\/wp\/v2\/pages\/13851","targetHints":{"allow":["GET"]}}],"collection":[{"href":"https:\/\/www.rupertport.com\/fr\/wp-json\/wp\/v2\/pages"}],"about":[{"href":"https:\/\/www.rupertport.com\/fr\/wp-json\/wp\/v2\/types\/page"}],"author":[{"embeddable":true,"href":"https:\/\/www.rupertport.com\/fr\/wp-json\/wp\/v2\/users\/6"}],"replies":[{"embeddable":true,"href":"https:\/\/www.rupertport.com\/fr\/wp-json\/wp\/v2\/comments?post=13851"}],"version-history":[{"count":3,"href":"https:\/\/www.rupertport.com\/fr\/wp-json\/wp\/v2\/pages\/13851\/revisions"}],"predecessor-version":[{"id":25026,"href":"https:\/\/www.rupertport.com\/fr\/wp-json\/wp\/v2\/pages\/13851\/revisions\/25026"}],"up":[{"embeddable":true,"href":"https:\/\/www.rupertport.com\/fr\/wp-json\/wp\/v2\/pages\/13845"}],"wp:featuredmedia":[{"embeddable":true,"href":"https:\/\/www.rupertport.com\/fr\/wp-json\/wp\/v2\/media\/10208"}],"wp:attachment":[{"href":"https:\/\/www.rupertport.com\/fr\/wp-json\/wp\/v2\/media?parent=13851"}],"curies":[{"name":"wp","href":"https:\/\/api.w.org\/{rel}","templated":true}]}}