{"id":13846,"date":"2019-11-20T16:53:03","date_gmt":"2019-11-21T00:53:03","guid":{"rendered":"https:\/\/prpaprincerupertportauthor.kinsta.cloud\/a-propos-de\/"},"modified":"2026-02-02T15:00:43","modified_gmt":"2026-02-02T23:00:43","slug":"a-propos-de","status":"publish","type":"page","link":"https:\/\/www.rupertport.com\/fr\/a-propos-de\/","title":{"rendered":"\u00c0 propos de"},"content":{"rendered":"\n<div class=\"wp-block-columns is-layout-flex wp-container-core-columns-is-layout-9d6595d7 wp-block-columns-is-layout-flex\">\n<div class=\"wp-block-column is-layout-flow wp-block-column-is-layout-flow\">\n<h2 class=\"wp-block-heading\">Notre ancrage<\/h2>\n\n\n\n<p class=\"has-text-color\" style=\"color:#0072b4;font-size:28px\">D\u00e9velopper un meilleur Canada par l&rsquo;accroissement du commerce mondial<\/p>\n<\/div>\n\n\n\n<div class=\"wp-block-column is-layout-flow wp-block-column-is-layout-flow\">\n<h2 class=\"wp-block-heading\">Notre mission<\/h2>\n\n\n\n<p>En \u00e9troite collaboration avec nos partenaires et nos clients, nous proposons des innovations \u00e0 valeur ajout\u00e9e dans le domaine de la cha\u00eene d&rsquo;approvisionnement. Gr\u00e2ce \u00e0 une gestion prudente, nous cr\u00e9ons une prosp\u00e9rit\u00e9 durable pour nos communaut\u00e9s, les Premi\u00e8res Nations, nos partenaires, notre province et notre pays.<\/p>\n<\/div>\n<\/div>\n\n\n\n<hr class=\"wp-block-separator has-css-opacity is-style-wide\"\/>\n\n\n\n<h2 class=\"wp-block-heading\">Notre mandat<\/h2>\n\n\n\n<p>L&rsquo;Administration portuaire de Prince Rupert est responsable de la planification, du d\u00e9veloppement, de la commercialisation et de la gestion des installations portuaires commerciales du port de Prince Rupert. Il s&rsquo;agit notamment de garantir des r\u00e9ponses comp\u00e9titives, efficaces et rapides aux besoins des clients et aux opportunit\u00e9s commerciales. Il s&rsquo;agit \u00e9galement de s&rsquo;assurer que nous facilitons ces opportunit\u00e9s d&rsquo;une mani\u00e8re s\u00fbre, responsable et durable.<\/p>\n\n\n\n<hr class=\"wp-block-separator has-css-opacity is-style-wide\"\/>\n\n\n\n<h2 class=\"wp-block-heading\">Nos valeurs<\/h2>\n\n\n\n<div class=\"wp-block-columns is-layout-flex wp-container-core-columns-is-layout-9d6595d7 wp-block-columns-is-layout-flex\">\n<div class=\"wp-block-column is-layout-flow wp-block-column-is-layout-flow\">\n<div class=\"wp-block-columns is-layout-flex wp-container-core-columns-is-layout-9d6595d7 wp-block-columns-is-layout-flex\">\n<div class=\"wp-block-column is-layout-flow wp-block-column-is-layout-flow\">\n<div class=\"wp-block-columns is-layout-flex wp-container-core-columns-is-layout-9d6595d7 wp-block-columns-is-layout-flex\">\n<div class=\"wp-block-column is-layout-flow wp-block-column-is-layout-flow\" style=\"flex-basis:33.33%\">\n<figure class=\"wp-block-image size-full\"><img loading=\"lazy\" decoding=\"async\" width=\"420\" height=\"420\" src=\"https:\/\/www.rupertport.com\/wp-content\/uploads\/2021\/11\/prpa-integrity-1.png\" alt=\"\" class=\"wp-image-7192\" srcset=\"https:\/\/www.rupertport.com\/wp-content\/uploads\/2021\/11\/prpa-integrity-1.png 420w, https:\/\/www.rupertport.com\/wp-content\/uploads\/2021\/11\/prpa-integrity-1-300x300.png 300w, https:\/\/www.rupertport.com\/wp-content\/uploads\/2021\/11\/prpa-integrity-1-150x150.png 150w\" sizes=\"auto, (max-width: 420px) 100vw, 420px\" \/><\/figure>\n<\/div>\n\n\n\n<div class=\"wp-block-column is-layout-flow wp-block-column-is-layout-flow\" style=\"flex-basis:66.66%\">\n<h2 class=\"wp-block-heading\"><strong>INTEGRIT\u00c9<\/strong><\/h2>\n\n\n\n<p>Nous sommes \u00e9thiques, transparents et responsables dans la cr\u00e9ation de valeur pour nos clients, nos parties prenantes et notre organisation. Nous instaurons la confiance par des actions responsables et des relations honn\u00eates.<\/p>\n<\/div>\n<\/div>\n<\/div>\n\n\n\n<div class=\"wp-block-column is-layout-flow wp-block-column-is-layout-flow\">\n<div class=\"wp-block-columns is-layout-flex wp-container-core-columns-is-layout-9d6595d7 wp-block-columns-is-layout-flex\">\n<div class=\"wp-block-column is-layout-flow wp-block-column-is-layout-flow\" style=\"flex-basis:33.33%\">\n<figure class=\"wp-block-image size-full\"><img loading=\"lazy\" decoding=\"async\" width=\"420\" height=\"420\" src=\"https:\/\/www.rupertport.com\/wp-content\/uploads\/2021\/11\/prpa-teamwork-2.png\" alt=\"\" class=\"wp-image-7291\" srcset=\"https:\/\/www.rupertport.com\/wp-content\/uploads\/2021\/11\/prpa-teamwork-2.png 420w, https:\/\/www.rupertport.com\/wp-content\/uploads\/2021\/11\/prpa-teamwork-2-300x300.png 300w, https:\/\/www.rupertport.com\/wp-content\/uploads\/2021\/11\/prpa-teamwork-2-150x150.png 150w\" sizes=\"auto, (max-width: 420px) 100vw, 420px\" \/><\/figure>\n<\/div>\n\n\n\n<div class=\"wp-block-column is-layout-flow wp-block-column-is-layout-flow\" style=\"flex-basis:66.66%\">\n<h2 class=\"wp-block-heading\">TRAVAIL D&rsquo;\u00c9QUIPE<\/h2>\n\n\n\n<p>Nos talents individuels nous permettent d&rsquo;atteindre de grands sommets lorsque nous joignons nos forces \u00e0 celles de nos coll\u00e8gues, de nos clients et de notre communaut\u00e9 pour r\u00e9soudre efficacement certaines des opportunit\u00e9s et certains des d\u00e9fis les plus pressants auxquels est confront\u00e9 le commerce international, afin de construire un Canada meilleur en d\u00e9veloppant le commerce.<\/p>\n<\/div>\n<\/div>\n<\/div>\n<\/div>\n<\/div>\n<\/div>\n\n\n\n<div class=\"wp-block-columns has-2-columns is-layout-flex wp-container-core-columns-is-layout-9d6595d7 wp-block-columns-is-layout-flex\">\n<div class=\"wp-block-column is-layout-flow wp-block-column-is-layout-flow\">\n<div class=\"wp-block-columns is-layout-flex wp-container-core-columns-is-layout-9d6595d7 wp-block-columns-is-layout-flex\">\n<div class=\"wp-block-column is-layout-flow wp-block-column-is-layout-flow\" style=\"flex-basis:33.33%\">\n<figure class=\"wp-block-image size-full\"><img loading=\"lazy\" decoding=\"async\" width=\"420\" height=\"420\" src=\"https:\/\/www.rupertport.com\/wp-content\/uploads\/2021\/11\/prpa-innovation-2.png\" alt=\"\" class=\"wp-image-7292\" srcset=\"https:\/\/www.rupertport.com\/wp-content\/uploads\/2021\/11\/prpa-innovation-2.png 420w, https:\/\/www.rupertport.com\/wp-content\/uploads\/2021\/11\/prpa-innovation-2-300x300.png 300w, https:\/\/www.rupertport.com\/wp-content\/uploads\/2021\/11\/prpa-innovation-2-150x150.png 150w\" sizes=\"auto, (max-width: 420px) 100vw, 420px\" \/><\/figure>\n<\/div>\n\n\n\n<div class=\"wp-block-column is-layout-flow wp-block-column-is-layout-flow\" style=\"flex-basis:66.66%\">\n<h2 class=\"wp-block-heading\"><strong>INNOVATION<\/strong><\/h2>\n\n\n\n<p>Trouver de nouvelles solutions \u00e0 d&rsquo;anciens probl\u00e8mes a toujours \u00e9t\u00e9 ce qui nous distingue. Nous nous engageons \u00e0 nous am\u00e9liorer en permanence dans la recherche de l&rsquo;excellence par la cr\u00e9ativit\u00e9 et l&rsquo;ing\u00e9niosit\u00e9, et \u00e0 g\u00e9rer efficacement le risque qui peut d\u00e9couler de l&rsquo;innovation.<\/p>\n<\/div>\n<\/div>\n<\/div>\n\n\n\n<div class=\"wp-block-column is-layout-flow wp-block-column-is-layout-flow\">\n<div class=\"wp-block-columns is-layout-flex wp-container-core-columns-is-layout-9d6595d7 wp-block-columns-is-layout-flex\">\n<div class=\"wp-block-column is-layout-flow wp-block-column-is-layout-flow\" style=\"flex-basis:33.33%\">\n<figure class=\"wp-block-image size-full\"><img loading=\"lazy\" decoding=\"async\" width=\"420\" height=\"420\" src=\"https:\/\/www.rupertport.com\/wp-content\/uploads\/2021\/11\/prpa-sustainability-1.png\" alt=\"\" class=\"wp-image-7294\" srcset=\"https:\/\/www.rupertport.com\/wp-content\/uploads\/2021\/11\/prpa-sustainability-1.png 420w, https:\/\/www.rupertport.com\/wp-content\/uploads\/2021\/11\/prpa-sustainability-1-300x300.png 300w, https:\/\/www.rupertport.com\/wp-content\/uploads\/2021\/11\/prpa-sustainability-1-150x150.png 150w\" sizes=\"auto, (max-width: 420px) 100vw, 420px\" \/><\/figure>\n<\/div>\n\n\n\n<div class=\"wp-block-column is-layout-flow wp-block-column-is-layout-flow\" style=\"flex-basis:66.66%\">\n<h2 class=\"wp-block-heading\"><strong>DURABILIT\u00c9<\/strong><\/h2>\n\n\n\n<p>La c\u00f4te nord du Canada est notre maison. Nous poursuivons vigoureusement une vision \u00e0 long terme qui reconna\u00eet l&rsquo;importance d&rsquo;\u00e9quilibrer la gestion de l&rsquo;environnement, la vitalit\u00e9 \u00e9conomique, la responsabilit\u00e9 sociale et la s\u00e9curit\u00e9 dans notre d\u00e9veloppement et nos op\u00e9rations, contribuant ainsi \u00e0 notre succ\u00e8s commun et \u00e0 notre prosp\u00e9rit\u00e9 pour les g\u00e9n\u00e9rations \u00e0 venir.<\/p>\n<\/div>\n<\/div>\n<\/div>\n<\/div>\n\n\n\n<div class=\"wp-block-columns is-layout-flex wp-container-core-columns-is-layout-9d6595d7 wp-block-columns-is-layout-flex\">\n<div class=\"wp-block-column is-layout-flow wp-block-column-is-layout-flow\">\n<div class=\"wp-block-columns is-layout-flex wp-container-core-columns-is-layout-9d6595d7 wp-block-columns-is-layout-flex\">\n<div class=\"wp-block-column is-layout-flow wp-block-column-is-layout-flow\" style=\"flex-basis:33.33%\">\n<figure class=\"wp-block-image size-full\"><img loading=\"lazy\" decoding=\"async\" width=\"420\" height=\"420\" src=\"https:\/\/www.rupertport.com\/wp-content\/uploads\/2021\/11\/prpa-diversity.png\" alt=\"\" class=\"wp-image-7195\" srcset=\"https:\/\/www.rupertport.com\/wp-content\/uploads\/2021\/11\/prpa-diversity.png 420w, https:\/\/www.rupertport.com\/wp-content\/uploads\/2021\/11\/prpa-diversity-300x300.png 300w, https:\/\/www.rupertport.com\/wp-content\/uploads\/2021\/11\/prpa-diversity-150x150.png 150w\" sizes=\"auto, (max-width: 420px) 100vw, 420px\" \/><\/figure>\n<\/div>\n\n\n\n<div class=\"wp-block-column is-layout-flow wp-block-column-is-layout-flow\" style=\"flex-basis:66.66%\">\n<h2 class=\"wp-block-heading\"><strong>DIVERSIT\u00c9<\/strong><\/h2>\n\n\n\n<p>Nous sommes engag\u00e9s dans une culture organisationnelle inclusive qui nous rapproche de notre communaut\u00e9, de nos clients et de nos coll\u00e8gues. Nous c\u00e9l\u00e9brons la diversit\u00e9 des points de vue de toutes les parties prenantes, qui nous rendent plus efficace en tant qu&rsquo;organisation et qui sont essentielles \u00e0 notre durabilit\u00e9 aujourd&rsquo;hui et pour l&rsquo;avenir.<\/p>\n<\/div>\n<\/div>\n<\/div>\n\n\n\n<div class=\"wp-block-column is-layout-flow wp-block-column-is-layout-flow\"><\/div>\n<\/div>\n\n\n\n<hr class=\"wp-block-separator has-css-opacity is-style-wide\"\/>\n\n\n\n<figure class=\"wp-block-image alignwide size-full width-full\"><img loading=\"lazy\" decoding=\"async\" width=\"1024\" height=\"563\" src=\"https:\/\/www.rupertport.com\/wp-content\/uploads\/2019\/11\/shoreline-feature-1024x563.jpg\" alt=\"\" class=\"wp-image-125\" srcset=\"https:\/\/www.rupertport.com\/wp-content\/uploads\/2019\/11\/shoreline-feature-1024x563.jpg 1024w, https:\/\/www.rupertport.com\/wp-content\/uploads\/2019\/11\/shoreline-feature-1024x563-300x165.jpg 300w, https:\/\/www.rupertport.com\/wp-content\/uploads\/2019\/11\/shoreline-feature-1024x563-768x422.jpg 768w\" sizes=\"auto, (max-width: 1024px) 100vw, 1024px\" \/><\/figure>\n\n\n\n<h2 class=\"wp-block-heading\">L&rsquo;histoire de notre port<\/h2>\n\n\n\n<div class=\"wp-block-columns is-layout-flex wp-container-core-columns-is-layout-9d6595d7 wp-block-columns-is-layout-flex\">\n<div class=\"wp-block-column is-layout-flow wp-block-column-is-layout-flow\">\n<p>Le port de Prince Rupert est situ\u00e9 sur le territoire traditionnel de la Premi\u00e8re Nation Tsimshian, qui vit et commerce dans la r\u00e9gion depuis des milliers d&rsquo;ann\u00e9es. Les couloirs de transport d\u00e9velopp\u00e9s par les peuples indig\u00e8nes sont devenus l&rsquo;\u00e9pine dorsale d&rsquo;un r\u00e9seau commercial de plus en plus \u00e9tendu.<\/p>\n\n\n\n<p>Prince Rupert a \u00e9t\u00e9 construite au<sup>20e<\/sup> si\u00e8cle comme terminus du Grand Trunk Pacific Railway. Des plans ont \u00e9t\u00e9 \u00e9labor\u00e9s pour la cr\u00e9ation d&rsquo;un port d&rsquo;envergure sur la c\u00f4te ouest et des terrains de premier ordre ont \u00e9t\u00e9 r\u00e9serv\u00e9s pour le d\u00e9veloppement du port et du chemin de fer.<\/p>\n\n\n\n<p>Le Grand Trunk Pacific Railway (GTP) s&rsquo;\u00e9tend de Winnipeg \u00e0 Prince Rupert et s&rsquo;associe au Grand Trunk Railway de l&rsquo;Est du Canada pour former le deuxi\u00e8me chemin de fer transcontinental du pays. Le principal promoteur du projet et directeur du GTP, Charles Melville Hays, a perdu la vie dans le naufrage du RMS Titanic. Lorsque le dernier crampon a \u00e9t\u00e9 enfonc\u00e9 en 1914, l&rsquo;\u00e8re de la construction des chemins de fer touchait \u00e0 sa fin et le Canada entrait dans une r\u00e9cession \u00e9conomique. Le GTP a fait faillite et, peu apr\u00e8s le d\u00e9but de la guerre, il a \u00e9t\u00e9 absorb\u00e9 par la Compagnie des chemins de fer nationaux du Canada (aujourd&rsquo;hui CN Rail).<\/p>\n\n\n\n<p>La fortune de la ville s&rsquo;est tourn\u00e9e vers le poisson. Cow Bay est devenue le si\u00e8ge des activit\u00e9s de p\u00eache avec l&rsquo;av\u00e8nement de l&rsquo;\u00e9change de fl\u00e9tan et la croissance des entreprises de transformation telles que l&rsquo;usine de poisson d&rsquo;Atlin, aujourd&rsquo;hui le terminal d&rsquo;Atlin, qui abrite l&rsquo;autorit\u00e9 portuaire de Prince Rupert, le centre d&rsquo;information portuaire et le centre d&rsquo;information pour les visiteurs de Prince Rupert, ainsi que d&rsquo;autres entreprises. L&rsquo;industrie de la p\u00eache s&rsquo;est diversifi\u00e9e et, au cours des 75 ann\u00e9es suivantes, elle est devenue un pilier de l&rsquo;\u00e9conomie.<\/p>\n<\/div>\n\n\n\n<div class=\"wp-block-column is-layout-flow wp-block-column-is-layout-flow\">\n<p>T\u00eate de ligne la plus septentrionale du continent nord-am\u00e9ricain, Prince Rupert a servi de port d&#8217;embarquement pour la Seconde Guerre mondiale dans les Al\u00e9outiennes et le Pacifique. De vastes installations ont \u00e9t\u00e9 construites pour accueillir les troupes et les \u00e9quipements am\u00e9ricains et canadiens qui transitaient silencieusement par la ville portuaire.<\/p>\n\n\n\n<p>En 1972, le port de Prince Rupert a \u00e9t\u00e9 d\u00e9clar\u00e9 port national et, en 1975, la construction de sa premi\u00e8re installation, le terminal Fairview, a \u00e9t\u00e9 achev\u00e9e.<\/p>\n\n\n\n<p>L&rsquo;expansion continue des installations portuaires de Prince Rupert a donn\u00e9 l&rsquo;impulsion au d\u00e9veloppement dans tout le nord-ouest du Canada et a \u00e9t\u00e9 un moteur de la croissance \u00e9conomique dans la r\u00e9gion.<\/p>\n\n\n\n<p>La cr\u00e9ation de l&rsquo;autorit\u00e9 portuaire de Prince Rupert en tant qu&rsquo;organe de gouvernance a eu lieu en 1997 et a supervis\u00e9 la transition du port, qui est pass\u00e9 d&rsquo;un port de ressources r\u00e9gionales \u00e0 une porte d&rsquo;entr\u00e9e commerciale \u00e9mergente en Am\u00e9rique du Nord.<\/p>\n\n\n\n<p>Le terminal Fairview a \u00e9t\u00e9 agrandi en 2017, augmentant la capacit\u00e9 de manutention du port \u00e0 1,3 million de conteneurs par an, ce qui en fait la deuxi\u00e8me plus grande installation de conteneurs au Canada.<a href=\"https:\/\/devweb.rupertport.com\/\"><\/a><br><\/p>\n<\/div>\n<\/div>\n","protected":false},"excerpt":{"rendered":"<p>Notre ancrage D\u00e9velopper un meilleur Canada par l&rsquo;accroissement du commerce mondial Notre mission En \u00e9troite collaboration avec nos partenaires et nos clients, nous proposons des innovations \u00e0 valeur ajout\u00e9e dans le domaine de la cha\u00eene d&rsquo;approvisionnement. Gr\u00e2ce \u00e0 une gestion prudente, nous cr\u00e9ons une prosp\u00e9rit\u00e9 durable pour nos communaut\u00e9s, les Premi\u00e8res Nations, nos partenaires, notre [&hellip;]<\/p>\n","protected":false},"author":6,"featured_media":10573,"parent":0,"menu_order":0,"comment_status":"closed","ping_status":"closed","template":"","meta":{"_acf_changed":false,"footnotes":""},"class_list":["post-13846","page","type-page","status-publish","has-post-thumbnail","hentry"],"acf":[],"yoast_head":"<!-- This site is optimized with the Yoast SEO plugin v26.8 - https:\/\/yoast.com\/product\/yoast-seo-wordpress\/ -->\n<title>A propos de L&#039;Administration portuaire de Prince Rupert | Autorit\u00e9 portuaire de Prince Rupert.<\/title>\n<meta name=\"description\" content=\"\u00c0 propos de nous : L&#039;Administration portuaire de Prince Rupert. D\u00e9couvrez notre r\u00f4le, notre histoire et notre engagement en faveur du commerce durable. Explorez maintenant !\" \/>\n<meta name=\"robots\" content=\"index, follow, max-snippet:-1, max-image-preview:large, max-video-preview:-1\" \/>\n<link rel=\"canonical\" href=\"https:\/\/www.rupertport.com\/fr\/a-propos-de\/\" \/>\n<meta property=\"og:locale\" content=\"fr_FR\" \/>\n<meta property=\"og:type\" content=\"article\" \/>\n<meta property=\"og:title\" content=\"A propos de L&#039;Administration portuaire de Prince Rupert | Autorit\u00e9 portuaire de Prince Rupert.\" \/>\n<meta property=\"og:description\" content=\"\u00c0 propos de nous : L&#039;Administration portuaire de Prince Rupert. D\u00e9couvrez notre r\u00f4le, notre histoire et notre engagement en faveur du commerce durable. Explorez maintenant !\" \/>\n<meta property=\"og:url\" content=\"https:\/\/www.rupertport.com\/fr\/a-propos-de\/\" \/>\n<meta property=\"og:site_name\" content=\"Autorit\u00e9 portuaire de Prince Rupert\" \/>\n<meta property=\"article:publisher\" content=\"https:\/\/www.facebook.com\/rupertport\/\" \/>\n<meta property=\"article:modified_time\" content=\"2026-02-02T23:00:43+00:00\" \/>\n<meta property=\"og:image\" content=\"https:\/\/www.rupertport.com\/wp-content\/uploads\/2019\/12\/about-feature-3.jpg\" \/>\n\t<meta property=\"og:image:width\" content=\"2000\" \/>\n\t<meta property=\"og:image:height\" content=\"857\" \/>\n\t<meta property=\"og:image:type\" content=\"image\/jpeg\" \/>\n<meta name=\"twitter:card\" content=\"summary_large_image\" \/>\n<meta name=\"twitter:site\" content=\"@rupertport\" \/>\n<script type=\"application\/ld+json\" class=\"yoast-schema-graph\">{\"@context\":\"https:\/\/schema.org\",\"@graph\":[{\"@type\":\"WebPage\",\"@id\":\"https:\/\/www.rupertport.com\/fr\/a-propos-de\/\",\"url\":\"https:\/\/www.rupertport.com\/fr\/a-propos-de\/\",\"name\":\"A propos de L'Administration portuaire de Prince Rupert | Autorit\u00e9 portuaire de Prince Rupert.\",\"isPartOf\":{\"@id\":\"https:\/\/www.rupertport.com\/fr\/#website\"},\"primaryImageOfPage\":{\"@id\":\"https:\/\/www.rupertport.com\/fr\/a-propos-de\/#primaryimage\"},\"image\":{\"@id\":\"https:\/\/www.rupertport.com\/fr\/a-propos-de\/#primaryimage\"},\"thumbnailUrl\":\"https:\/\/www.rupertport.com\/wp-content\/uploads\/2019\/12\/about-feature-3.jpg\",\"datePublished\":\"2019-11-21T00:53:03+00:00\",\"dateModified\":\"2026-02-02T23:00:43+00:00\",\"description\":\"\u00c0 propos de nous : L'Administration portuaire de Prince Rupert. D\u00e9couvrez notre r\u00f4le, notre histoire et notre engagement en faveur du commerce durable. Explorez maintenant !\",\"breadcrumb\":{\"@id\":\"https:\/\/www.rupertport.com\/fr\/a-propos-de\/#breadcrumb\"},\"inLanguage\":\"fr-FR\",\"potentialAction\":[{\"@type\":\"ReadAction\",\"target\":[\"https:\/\/www.rupertport.com\/fr\/a-propos-de\/\"]}]},{\"@type\":\"ImageObject\",\"inLanguage\":\"fr-FR\",\"@id\":\"https:\/\/www.rupertport.com\/fr\/a-propos-de\/#primaryimage\",\"url\":\"https:\/\/www.rupertport.com\/wp-content\/uploads\/2019\/12\/about-feature-3.jpg\",\"contentUrl\":\"https:\/\/www.rupertport.com\/wp-content\/uploads\/2019\/12\/about-feature-3.jpg\",\"width\":2000,\"height\":857},{\"@type\":\"BreadcrumbList\",\"@id\":\"https:\/\/www.rupertport.com\/fr\/a-propos-de\/#breadcrumb\",\"itemListElement\":[{\"@type\":\"ListItem\",\"position\":1,\"name\":\"Home\",\"item\":\"https:\/\/www.rupertport.com\/fr\/page-de-garde\/\"},{\"@type\":\"ListItem\",\"position\":2,\"name\":\"\u00c0 propos de\"}]},{\"@type\":\"WebSite\",\"@id\":\"https:\/\/www.rupertport.com\/fr\/#website\",\"url\":\"https:\/\/www.rupertport.com\/fr\/\",\"name\":\"Prince Rupert Port Authority\",\"description\":\"L'avant-garde du Canada\",\"publisher\":{\"@id\":\"https:\/\/www.rupertport.com\/fr\/#organization\"},\"alternateName\":\"PRPA\",\"potentialAction\":[{\"@type\":\"SearchAction\",\"target\":{\"@type\":\"EntryPoint\",\"urlTemplate\":\"https:\/\/www.rupertport.com\/fr\/?s={search_term_string}\"},\"query-input\":{\"@type\":\"PropertyValueSpecification\",\"valueRequired\":true,\"valueName\":\"search_term_string\"}}],\"inLanguage\":\"fr-FR\"},{\"@type\":\"Organization\",\"@id\":\"https:\/\/www.rupertport.com\/fr\/#organization\",\"name\":\"Prince Rupert Port Authority\",\"alternateName\":\"PRPA\",\"url\":\"https:\/\/www.rupertport.com\/fr\/\",\"logo\":{\"@type\":\"ImageObject\",\"inLanguage\":\"fr-FR\",\"@id\":\"https:\/\/www.rupertport.com\/fr\/#\/schema\/logo\/image\/\",\"url\":\"https:\/\/www.rupertport.com\/wp-content\/uploads\/2021\/04\/cropped-PRPA-logo-meta-1200x1200-1.jpg\",\"contentUrl\":\"https:\/\/www.rupertport.com\/wp-content\/uploads\/2021\/04\/cropped-PRPA-logo-meta-1200x1200-1.jpg\",\"width\":512,\"height\":512,\"caption\":\"Prince Rupert Port Authority\"},\"image\":{\"@id\":\"https:\/\/www.rupertport.com\/fr\/#\/schema\/logo\/image\/\"},\"sameAs\":[\"https:\/\/www.facebook.com\/rupertport\/\",\"https:\/\/x.com\/rupertport\"]}]}<\/script>\n<!-- \/ Yoast SEO plugin. -->","yoast_head_json":{"title":"A propos de L'Administration portuaire de Prince Rupert | Autorit\u00e9 portuaire de Prince Rupert.","description":"\u00c0 propos de nous : L'Administration portuaire de Prince Rupert. D\u00e9couvrez notre r\u00f4le, notre histoire et notre engagement en faveur du commerce durable. Explorez maintenant !","robots":{"index":"index","follow":"follow","max-snippet":"max-snippet:-1","max-image-preview":"max-image-preview:large","max-video-preview":"max-video-preview:-1"},"canonical":"https:\/\/www.rupertport.com\/fr\/a-propos-de\/","og_locale":"fr_FR","og_type":"article","og_title":"A propos de L'Administration portuaire de Prince Rupert | Autorit\u00e9 portuaire de Prince Rupert.","og_description":"\u00c0 propos de nous : L'Administration portuaire de Prince Rupert. D\u00e9couvrez notre r\u00f4le, notre histoire et notre engagement en faveur du commerce durable. Explorez maintenant !","og_url":"https:\/\/www.rupertport.com\/fr\/a-propos-de\/","og_site_name":"Autorit\u00e9 portuaire de Prince Rupert","article_publisher":"https:\/\/www.facebook.com\/rupertport\/","article_modified_time":"2026-02-02T23:00:43+00:00","og_image":[{"width":2000,"height":857,"url":"https:\/\/www.rupertport.com\/wp-content\/uploads\/2019\/12\/about-feature-3.jpg","type":"image\/jpeg"}],"twitter_card":"summary_large_image","twitter_site":"@rupertport","schema":{"@context":"https:\/\/schema.org","@graph":[{"@type":"WebPage","@id":"https:\/\/www.rupertport.com\/fr\/a-propos-de\/","url":"https:\/\/www.rupertport.com\/fr\/a-propos-de\/","name":"A propos de L'Administration portuaire de Prince Rupert | Autorit\u00e9 portuaire de Prince Rupert.","isPartOf":{"@id":"https:\/\/www.rupertport.com\/fr\/#website"},"primaryImageOfPage":{"@id":"https:\/\/www.rupertport.com\/fr\/a-propos-de\/#primaryimage"},"image":{"@id":"https:\/\/www.rupertport.com\/fr\/a-propos-de\/#primaryimage"},"thumbnailUrl":"https:\/\/www.rupertport.com\/wp-content\/uploads\/2019\/12\/about-feature-3.jpg","datePublished":"2019-11-21T00:53:03+00:00","dateModified":"2026-02-02T23:00:43+00:00","description":"\u00c0 propos de nous : L'Administration portuaire de Prince Rupert. D\u00e9couvrez notre r\u00f4le, notre histoire et notre engagement en faveur du commerce durable. Explorez maintenant !","breadcrumb":{"@id":"https:\/\/www.rupertport.com\/fr\/a-propos-de\/#breadcrumb"},"inLanguage":"fr-FR","potentialAction":[{"@type":"ReadAction","target":["https:\/\/www.rupertport.com\/fr\/a-propos-de\/"]}]},{"@type":"ImageObject","inLanguage":"fr-FR","@id":"https:\/\/www.rupertport.com\/fr\/a-propos-de\/#primaryimage","url":"https:\/\/www.rupertport.com\/wp-content\/uploads\/2019\/12\/about-feature-3.jpg","contentUrl":"https:\/\/www.rupertport.com\/wp-content\/uploads\/2019\/12\/about-feature-3.jpg","width":2000,"height":857},{"@type":"BreadcrumbList","@id":"https:\/\/www.rupertport.com\/fr\/a-propos-de\/#breadcrumb","itemListElement":[{"@type":"ListItem","position":1,"name":"Home","item":"https:\/\/www.rupertport.com\/fr\/page-de-garde\/"},{"@type":"ListItem","position":2,"name":"\u00c0 propos de"}]},{"@type":"WebSite","@id":"https:\/\/www.rupertport.com\/fr\/#website","url":"https:\/\/www.rupertport.com\/fr\/","name":"Prince Rupert Port Authority","description":"L'avant-garde du Canada","publisher":{"@id":"https:\/\/www.rupertport.com\/fr\/#organization"},"alternateName":"PRPA","potentialAction":[{"@type":"SearchAction","target":{"@type":"EntryPoint","urlTemplate":"https:\/\/www.rupertport.com\/fr\/?s={search_term_string}"},"query-input":{"@type":"PropertyValueSpecification","valueRequired":true,"valueName":"search_term_string"}}],"inLanguage":"fr-FR"},{"@type":"Organization","@id":"https:\/\/www.rupertport.com\/fr\/#organization","name":"Prince Rupert Port Authority","alternateName":"PRPA","url":"https:\/\/www.rupertport.com\/fr\/","logo":{"@type":"ImageObject","inLanguage":"fr-FR","@id":"https:\/\/www.rupertport.com\/fr\/#\/schema\/logo\/image\/","url":"https:\/\/www.rupertport.com\/wp-content\/uploads\/2021\/04\/cropped-PRPA-logo-meta-1200x1200-1.jpg","contentUrl":"https:\/\/www.rupertport.com\/wp-content\/uploads\/2021\/04\/cropped-PRPA-logo-meta-1200x1200-1.jpg","width":512,"height":512,"caption":"Prince Rupert Port Authority"},"image":{"@id":"https:\/\/www.rupertport.com\/fr\/#\/schema\/logo\/image\/"},"sameAs":["https:\/\/www.facebook.com\/rupertport\/","https:\/\/x.com\/rupertport"]}]}},"_links":{"self":[{"href":"https:\/\/www.rupertport.com\/fr\/wp-json\/wp\/v2\/pages\/13846","targetHints":{"allow":["GET"]}}],"collection":[{"href":"https:\/\/www.rupertport.com\/fr\/wp-json\/wp\/v2\/pages"}],"about":[{"href":"https:\/\/www.rupertport.com\/fr\/wp-json\/wp\/v2\/types\/page"}],"author":[{"embeddable":true,"href":"https:\/\/www.rupertport.com\/fr\/wp-json\/wp\/v2\/users\/6"}],"replies":[{"embeddable":true,"href":"https:\/\/www.rupertport.com\/fr\/wp-json\/wp\/v2\/comments?post=13846"}],"version-history":[{"count":4,"href":"https:\/\/www.rupertport.com\/fr\/wp-json\/wp\/v2\/pages\/13846\/revisions"}],"predecessor-version":[{"id":26246,"href":"https:\/\/www.rupertport.com\/fr\/wp-json\/wp\/v2\/pages\/13846\/revisions\/26246"}],"wp:featuredmedia":[{"embeddable":true,"href":"https:\/\/www.rupertport.com\/fr\/wp-json\/wp\/v2\/media\/10573"}],"wp:attachment":[{"href":"https:\/\/www.rupertport.com\/fr\/wp-json\/wp\/v2\/media?parent=13846"}],"curies":[{"name":"wp","href":"https:\/\/api.w.org\/{rel}","templated":true}]}}