{"id":13845,"date":"2019-11-20T17:10:53","date_gmt":"2019-11-21T01:10:53","guid":{"rendered":"https:\/\/prpaprincerupertportauthor.kinsta.cloud\/gestion-de-lenvironnement-2\/"},"modified":"2026-03-11T09:21:30","modified_gmt":"2026-03-11T17:21:30","slug":"gestion-de-lenvironnement","status":"publish","type":"page","link":"https:\/\/www.rupertport.com\/fr\/gestion-de-lenvironnement\/","title":{"rendered":"Gestion de l&rsquo;environnement"},"content":{"rendered":"\n<h4 class=\"wp-block-heading\">Assurer des op\u00e9rations durables dans l&rsquo;ensemble du port.<\/h4>\n\n\n\n<p>L&rsquo;APPR est guid\u00e9e dans toutes ses activit\u00e9s par les principes cl\u00e9s de la pr\u00e9vention de la pollution, de la pr\u00e9servation de l&rsquo;int\u00e9grit\u00e9 de l&rsquo;environnement, de l&rsquo;utilisation efficace des ressources et de l&rsquo;am\u00e9lioration continue. Le respect de ces principes garantit que le port continuera \u00e0 se d\u00e9velopper de mani\u00e8re \u00e0 trouver un \u00e9quilibre avec l&rsquo;environnement naturel dans lequel il op\u00e8re.<\/p>\n\n\n\n<hr class=\"wp-block-separator has-css-opacity is-style-wide\"\/>\n\n\n\n<div class=\"wp-block-media-text alignwide has-media-on-the-right is-stacked-on-mobile is-vertically-aligned-top\"><div class=\"wp-block-media-text__content\">\n<figure class=\"wp-block-image size-large is-resized\"><img loading=\"lazy\" decoding=\"async\" src=\"https:\/\/www.rupertport.com\/wp-content\/uploads\/2019\/12\/pollution-prevention.png\" alt=\"\" class=\"wp-image-1975\" style=\"width:55px;height:91px\" width=\"55\" height=\"91\"\/><\/figure>\n\n\n\n<h4 class=\"wp-block-heading\">Pr\u00e9vention de la pollution<\/h4>\n\n\n\n<p>La pr\u00e9vention de la pollution permet d&rsquo;\u00e9viter ou de minimiser la cr\u00e9ation de polluants et de d\u00e9chets \u00e0 la source. En se concentrant sur la pr\u00e9vention des rejets de polluants et de d\u00e9chets dans l&rsquo;environnement, non seulement les effets n\u00e9fastes sur l&rsquo;environnement et la sant\u00e9 sont \u00e9vit\u00e9s et minimis\u00e9s aujourd&rsquo;hui et \u00e0 l&rsquo;avenir, mais les co\u00fbts associ\u00e9s \u00e0 l&rsquo;assainissement sont \u00e9galement r\u00e9duits.<\/p>\n<\/div><figure class=\"wp-block-media-text__media\"><img loading=\"lazy\" decoding=\"async\" width=\"600\" height=\"350\" src=\"https:\/\/www.rupertport.com\/wp-content\/uploads\/2019\/11\/env-stew-side2.jpg\" alt=\"\" class=\"wp-image-162 size-full\" srcset=\"https:\/\/www.rupertport.com\/wp-content\/uploads\/2019\/11\/env-stew-side2.jpg 600w, https:\/\/www.rupertport.com\/wp-content\/uploads\/2019\/11\/env-stew-side2-300x175.jpg 300w\" sizes=\"auto, (max-width: 600px) 100vw, 600px\" \/><\/figure><\/div>\n\n\n\n<hr class=\"wp-block-separator has-css-opacity is-style-wide\"\/>\n\n\n\n<div class=\"wp-block-media-text alignwide has-media-on-the-right is-stacked-on-mobile is-vertically-aligned-top\"><div class=\"wp-block-media-text__content\">\n<figure class=\"wp-block-image size-large is-resized\"><img loading=\"lazy\" decoding=\"async\" src=\"https:\/\/www.rupertport.com\/wp-content\/uploads\/2019\/12\/environmental-integrity.png\" alt=\"\" class=\"wp-image-1983\" style=\"width:94px;height:96px\" width=\"94\" height=\"96\"\/><\/figure>\n\n\n\n<h4 class=\"wp-block-heading\">Pr\u00e9servation de l&rsquo;int\u00e9grit\u00e9 environnementale<\/h4>\n\n\n\n<p>Le plan d&rsquo;am\u00e9nagement du territoire de l&rsquo;APPR oriente les plans d&rsquo;am\u00e9nagement du port et pr\u00e9voit un d\u00e9veloppement durable et respectueux de l&rsquo;environnement en minimisant l&rsquo;impact environnemental sur les terres et les eaux, en respectant ou en d\u00e9passant les normes r\u00e9glementaires applicables et en s&rsquo;effor\u00e7ant d&rsquo;assurer un d\u00e9veloppement compatible avec les communaut\u00e9s avoisinantes.  <\/p>\n<\/div><figure class=\"wp-block-media-text__media\"><img loading=\"lazy\" decoding=\"async\" width=\"600\" height=\"350\" src=\"https:\/\/www.rupertport.com\/wp-content\/uploads\/2019\/11\/env-stew3.jpg\" alt=\"\" class=\"wp-image-163 size-full\" srcset=\"https:\/\/www.rupertport.com\/wp-content\/uploads\/2019\/11\/env-stew3.jpg 600w, https:\/\/www.rupertport.com\/wp-content\/uploads\/2019\/11\/env-stew3-300x175.jpg 300w\" sizes=\"auto, (max-width: 600px) 100vw, 600px\" \/><\/figure><\/div>\n\n\n\n<hr class=\"wp-block-separator has-css-opacity is-style-wide\"\/>\n\n\n\n<div class=\"wp-block-media-text alignwide has-media-on-the-right is-stacked-on-mobile is-vertically-aligned-top\"><div class=\"wp-block-media-text__content\">\n<figure class=\"wp-block-image size-large is-resized\"><img loading=\"lazy\" decoding=\"async\" src=\"https:\/\/www.rupertport.com\/wp-content\/uploads\/2019\/12\/efficient-resources.png\" alt=\"\" class=\"wp-image-1977\" style=\"width:102px;height:94px\" width=\"102\" height=\"94\"\/><\/figure>\n\n\n\n<h4 class=\"wp-block-heading\">Utilisation efficace des ressources<\/h4>\n\n\n\n<p>L&rsquo;utilisation efficace des ressources, y compris l&rsquo;\u00e9nergie, l&rsquo;eau et les mat\u00e9riaux, est un aspect important de la durabilit\u00e9 en termes de pr\u00e9vention de la pollution et de garantie de la disponibilit\u00e9 des ressources pour les g\u00e9n\u00e9rations futures. L&rsquo;utilisation efficace des ressources implique non seulement de consommer moins, mais aussi de s\u00e9lectionner et d&rsquo;utiliser des mat\u00e9riaux renouvelables, r\u00e9utilisables et recyclables.<\/p>\n<\/div><figure class=\"wp-block-media-text__media\"><img loading=\"lazy\" decoding=\"async\" width=\"600\" height=\"350\" src=\"https:\/\/www.rupertport.com\/wp-content\/uploads\/2019\/11\/env-stew-side1.jpg\" alt=\"\" class=\"wp-image-164 size-full\" srcset=\"https:\/\/www.rupertport.com\/wp-content\/uploads\/2019\/11\/env-stew-side1.jpg 600w, https:\/\/www.rupertport.com\/wp-content\/uploads\/2019\/11\/env-stew-side1-300x175.jpg 300w\" sizes=\"auto, (max-width: 600px) 100vw, 600px\" \/><\/figure><\/div>\n\n\n\n<hr class=\"wp-block-separator has-css-opacity is-style-wide\"\/>\n\n\n\n<h4 class=\"wp-block-heading\">Am\u00e9lioration continue<\/h4>\n\n\n\n<p>L&rsquo;am\u00e9lioration continue constitue un effort permanent pour am\u00e9liorer les performances globales en mati\u00e8re de durabilit\u00e9 environnementale. L&rsquo;am\u00e9lioration continue exige un processus d&rsquo;examen et d&rsquo;action r\u00e9guliers. L&rsquo;innovation est souvent une caract\u00e9ristique importante de l&rsquo;am\u00e9lioration continue.<a href=\"https:\/\/devweb.rupertport.com\/\"><\/a><br><\/p>\n","protected":false},"excerpt":{"rendered":"<p>Assurer des op\u00e9rations durables dans l&rsquo;ensemble du port. L&rsquo;APPR est guid\u00e9e dans toutes ses activit\u00e9s par les principes cl\u00e9s de la pr\u00e9vention de la pollution, de la pr\u00e9servation de l&rsquo;int\u00e9grit\u00e9 de l&rsquo;environnement, de l&rsquo;utilisation efficace des ressources et de l&rsquo;am\u00e9lioration continue. Le respect de ces principes garantit que le port continuera \u00e0 se d\u00e9velopper de [&hellip;]<\/p>\n","protected":false},"author":6,"featured_media":10207,"parent":0,"menu_order":0,"comment_status":"closed","ping_status":"closed","template":"","meta":{"_acf_changed":false,"footnotes":""},"class_list":["post-13845","page","type-page","status-publish","has-post-thumbnail","hentry"],"acf":[],"yoast_head":"<!-- This site is optimized with the Yoast SEO plugin v26.8 - https:\/\/yoast.com\/product\/yoast-seo-wordpress\/ -->\n<title>Gestion de l&#039;environnement | Autorit\u00e9 portuaire de Prince Rupert<\/title>\n<meta name=\"description\" content=\"D\u00e9couvrez l&#039;engagement de l&#039;L&#039;Administration portuaire de Prince Rupert en mati\u00e8re de gestion de l&#039;environnement. Ensemble, nous prot\u00e9geons.\" \/>\n<meta name=\"robots\" content=\"index, follow, max-snippet:-1, max-image-preview:large, max-video-preview:-1\" \/>\n<link rel=\"canonical\" href=\"https:\/\/www.rupertport.com\/fr\/gestion-de-lenvironnement\/\" \/>\n<meta property=\"og:locale\" content=\"fr_FR\" \/>\n<meta property=\"og:type\" content=\"article\" \/>\n<meta property=\"og:title\" content=\"Gestion de l&#039;environnement | Autorit\u00e9 portuaire de Prince Rupert\" \/>\n<meta property=\"og:description\" content=\"D\u00e9couvrez l&#039;engagement de l&#039;L&#039;Administration portuaire de Prince Rupert en mati\u00e8re de gestion de l&#039;environnement. Ensemble, nous prot\u00e9geons.\" \/>\n<meta property=\"og:url\" content=\"https:\/\/www.rupertport.com\/fr\/gestion-de-lenvironnement\/\" \/>\n<meta property=\"og:site_name\" content=\"Autorit\u00e9 portuaire de Prince Rupert\" \/>\n<meta property=\"article:publisher\" content=\"https:\/\/www.facebook.com\/rupertport\/\" \/>\n<meta property=\"article:modified_time\" content=\"2026-03-11T17:21:30+00:00\" \/>\n<meta property=\"og:image\" content=\"https:\/\/www.rupertport.com\/wp-content\/uploads\/2019\/11\/environmental-stewardship-feature.jpg\" \/>\n\t<meta property=\"og:image:width\" content=\"1920\" \/>\n\t<meta property=\"og:image:height\" content=\"972\" \/>\n\t<meta property=\"og:image:type\" content=\"image\/jpeg\" \/>\n<meta name=\"twitter:card\" content=\"summary_large_image\" \/>\n<meta name=\"twitter:site\" content=\"@rupertport\" \/>\n<script type=\"application\/ld+json\" class=\"yoast-schema-graph\">{\"@context\":\"https:\/\/schema.org\",\"@graph\":[{\"@type\":\"WebPage\",\"@id\":\"https:\/\/www.rupertport.com\/fr\/gestion-de-lenvironnement\/\",\"url\":\"https:\/\/www.rupertport.com\/fr\/gestion-de-lenvironnement\/\",\"name\":\"Gestion de l'environnement | Autorit\u00e9 portuaire de Prince Rupert\",\"isPartOf\":{\"@id\":\"https:\/\/www.rupertport.com\/fr\/#website\"},\"primaryImageOfPage\":{\"@id\":\"https:\/\/www.rupertport.com\/fr\/gestion-de-lenvironnement\/#primaryimage\"},\"image\":{\"@id\":\"https:\/\/www.rupertport.com\/fr\/gestion-de-lenvironnement\/#primaryimage\"},\"thumbnailUrl\":\"https:\/\/www.rupertport.com\/wp-content\/uploads\/2019\/11\/environmental-stewardship-feature.jpg\",\"datePublished\":\"2019-11-21T01:10:53+00:00\",\"dateModified\":\"2026-03-11T17:21:30+00:00\",\"description\":\"D\u00e9couvrez l'engagement de l'L'Administration portuaire de Prince Rupert en mati\u00e8re de gestion de l'environnement. Ensemble, nous prot\u00e9geons.\",\"breadcrumb\":{\"@id\":\"https:\/\/www.rupertport.com\/fr\/gestion-de-lenvironnement\/#breadcrumb\"},\"inLanguage\":\"fr-FR\",\"potentialAction\":[{\"@type\":\"ReadAction\",\"target\":[\"https:\/\/www.rupertport.com\/fr\/gestion-de-lenvironnement\/\"]}]},{\"@type\":\"ImageObject\",\"inLanguage\":\"fr-FR\",\"@id\":\"https:\/\/www.rupertport.com\/fr\/gestion-de-lenvironnement\/#primaryimage\",\"url\":\"https:\/\/www.rupertport.com\/wp-content\/uploads\/2019\/11\/environmental-stewardship-feature.jpg\",\"contentUrl\":\"https:\/\/www.rupertport.com\/wp-content\/uploads\/2019\/11\/environmental-stewardship-feature.jpg\",\"width\":1920,\"height\":972},{\"@type\":\"BreadcrumbList\",\"@id\":\"https:\/\/www.rupertport.com\/fr\/gestion-de-lenvironnement\/#breadcrumb\",\"itemListElement\":[{\"@type\":\"ListItem\",\"position\":1,\"name\":\"Home\",\"item\":\"https:\/\/www.rupertport.com\/fr\/page-de-garde\/\"},{\"@type\":\"ListItem\",\"position\":2,\"name\":\"Gestion de l&#8217;environnement\"}]},{\"@type\":\"WebSite\",\"@id\":\"https:\/\/www.rupertport.com\/fr\/#website\",\"url\":\"https:\/\/www.rupertport.com\/fr\/\",\"name\":\"Prince Rupert Port Authority\",\"description\":\"L'avant-garde du Canada\",\"publisher\":{\"@id\":\"https:\/\/www.rupertport.com\/fr\/#organization\"},\"alternateName\":\"PRPA\",\"potentialAction\":[{\"@type\":\"SearchAction\",\"target\":{\"@type\":\"EntryPoint\",\"urlTemplate\":\"https:\/\/www.rupertport.com\/fr\/?s={search_term_string}\"},\"query-input\":{\"@type\":\"PropertyValueSpecification\",\"valueRequired\":true,\"valueName\":\"search_term_string\"}}],\"inLanguage\":\"fr-FR\"},{\"@type\":\"Organization\",\"@id\":\"https:\/\/www.rupertport.com\/fr\/#organization\",\"name\":\"Prince Rupert Port Authority\",\"alternateName\":\"PRPA\",\"url\":\"https:\/\/www.rupertport.com\/fr\/\",\"logo\":{\"@type\":\"ImageObject\",\"inLanguage\":\"fr-FR\",\"@id\":\"https:\/\/www.rupertport.com\/fr\/#\/schema\/logo\/image\/\",\"url\":\"https:\/\/www.rupertport.com\/wp-content\/uploads\/2021\/04\/cropped-PRPA-logo-meta-1200x1200-1.jpg\",\"contentUrl\":\"https:\/\/www.rupertport.com\/wp-content\/uploads\/2021\/04\/cropped-PRPA-logo-meta-1200x1200-1.jpg\",\"width\":512,\"height\":512,\"caption\":\"Prince Rupert Port Authority\"},\"image\":{\"@id\":\"https:\/\/www.rupertport.com\/fr\/#\/schema\/logo\/image\/\"},\"sameAs\":[\"https:\/\/www.facebook.com\/rupertport\/\",\"https:\/\/x.com\/rupertport\"]}]}<\/script>\n<!-- \/ Yoast SEO plugin. -->","yoast_head_json":{"title":"Gestion de l'environnement | Autorit\u00e9 portuaire de Prince Rupert","description":"D\u00e9couvrez l'engagement de l'L'Administration portuaire de Prince Rupert en mati\u00e8re de gestion de l'environnement. Ensemble, nous prot\u00e9geons.","robots":{"index":"index","follow":"follow","max-snippet":"max-snippet:-1","max-image-preview":"max-image-preview:large","max-video-preview":"max-video-preview:-1"},"canonical":"https:\/\/www.rupertport.com\/fr\/gestion-de-lenvironnement\/","og_locale":"fr_FR","og_type":"article","og_title":"Gestion de l'environnement | Autorit\u00e9 portuaire de Prince Rupert","og_description":"D\u00e9couvrez l'engagement de l'L'Administration portuaire de Prince Rupert en mati\u00e8re de gestion de l'environnement. Ensemble, nous prot\u00e9geons.","og_url":"https:\/\/www.rupertport.com\/fr\/gestion-de-lenvironnement\/","og_site_name":"Autorit\u00e9 portuaire de Prince Rupert","article_publisher":"https:\/\/www.facebook.com\/rupertport\/","article_modified_time":"2026-03-11T17:21:30+00:00","og_image":[{"width":1920,"height":972,"url":"https:\/\/www.rupertport.com\/wp-content\/uploads\/2019\/11\/environmental-stewardship-feature.jpg","type":"image\/jpeg"}],"twitter_card":"summary_large_image","twitter_site":"@rupertport","schema":{"@context":"https:\/\/schema.org","@graph":[{"@type":"WebPage","@id":"https:\/\/www.rupertport.com\/fr\/gestion-de-lenvironnement\/","url":"https:\/\/www.rupertport.com\/fr\/gestion-de-lenvironnement\/","name":"Gestion de l'environnement | Autorit\u00e9 portuaire de Prince Rupert","isPartOf":{"@id":"https:\/\/www.rupertport.com\/fr\/#website"},"primaryImageOfPage":{"@id":"https:\/\/www.rupertport.com\/fr\/gestion-de-lenvironnement\/#primaryimage"},"image":{"@id":"https:\/\/www.rupertport.com\/fr\/gestion-de-lenvironnement\/#primaryimage"},"thumbnailUrl":"https:\/\/www.rupertport.com\/wp-content\/uploads\/2019\/11\/environmental-stewardship-feature.jpg","datePublished":"2019-11-21T01:10:53+00:00","dateModified":"2026-03-11T17:21:30+00:00","description":"D\u00e9couvrez l'engagement de l'L'Administration portuaire de Prince Rupert en mati\u00e8re de gestion de l'environnement. Ensemble, nous prot\u00e9geons.","breadcrumb":{"@id":"https:\/\/www.rupertport.com\/fr\/gestion-de-lenvironnement\/#breadcrumb"},"inLanguage":"fr-FR","potentialAction":[{"@type":"ReadAction","target":["https:\/\/www.rupertport.com\/fr\/gestion-de-lenvironnement\/"]}]},{"@type":"ImageObject","inLanguage":"fr-FR","@id":"https:\/\/www.rupertport.com\/fr\/gestion-de-lenvironnement\/#primaryimage","url":"https:\/\/www.rupertport.com\/wp-content\/uploads\/2019\/11\/environmental-stewardship-feature.jpg","contentUrl":"https:\/\/www.rupertport.com\/wp-content\/uploads\/2019\/11\/environmental-stewardship-feature.jpg","width":1920,"height":972},{"@type":"BreadcrumbList","@id":"https:\/\/www.rupertport.com\/fr\/gestion-de-lenvironnement\/#breadcrumb","itemListElement":[{"@type":"ListItem","position":1,"name":"Home","item":"https:\/\/www.rupertport.com\/fr\/page-de-garde\/"},{"@type":"ListItem","position":2,"name":"Gestion de l&#8217;environnement"}]},{"@type":"WebSite","@id":"https:\/\/www.rupertport.com\/fr\/#website","url":"https:\/\/www.rupertport.com\/fr\/","name":"Prince Rupert Port Authority","description":"L'avant-garde du Canada","publisher":{"@id":"https:\/\/www.rupertport.com\/fr\/#organization"},"alternateName":"PRPA","potentialAction":[{"@type":"SearchAction","target":{"@type":"EntryPoint","urlTemplate":"https:\/\/www.rupertport.com\/fr\/?s={search_term_string}"},"query-input":{"@type":"PropertyValueSpecification","valueRequired":true,"valueName":"search_term_string"}}],"inLanguage":"fr-FR"},{"@type":"Organization","@id":"https:\/\/www.rupertport.com\/fr\/#organization","name":"Prince Rupert Port Authority","alternateName":"PRPA","url":"https:\/\/www.rupertport.com\/fr\/","logo":{"@type":"ImageObject","inLanguage":"fr-FR","@id":"https:\/\/www.rupertport.com\/fr\/#\/schema\/logo\/image\/","url":"https:\/\/www.rupertport.com\/wp-content\/uploads\/2021\/04\/cropped-PRPA-logo-meta-1200x1200-1.jpg","contentUrl":"https:\/\/www.rupertport.com\/wp-content\/uploads\/2021\/04\/cropped-PRPA-logo-meta-1200x1200-1.jpg","width":512,"height":512,"caption":"Prince Rupert Port Authority"},"image":{"@id":"https:\/\/www.rupertport.com\/fr\/#\/schema\/logo\/image\/"},"sameAs":["https:\/\/www.facebook.com\/rupertport\/","https:\/\/x.com\/rupertport"]}]}},"_links":{"self":[{"href":"https:\/\/www.rupertport.com\/fr\/wp-json\/wp\/v2\/pages\/13845","targetHints":{"allow":["GET"]}}],"collection":[{"href":"https:\/\/www.rupertport.com\/fr\/wp-json\/wp\/v2\/pages"}],"about":[{"href":"https:\/\/www.rupertport.com\/fr\/wp-json\/wp\/v2\/types\/page"}],"author":[{"embeddable":true,"href":"https:\/\/www.rupertport.com\/fr\/wp-json\/wp\/v2\/users\/6"}],"replies":[{"embeddable":true,"href":"https:\/\/www.rupertport.com\/fr\/wp-json\/wp\/v2\/comments?post=13845"}],"version-history":[{"count":1,"href":"https:\/\/www.rupertport.com\/fr\/wp-json\/wp\/v2\/pages\/13845\/revisions"}],"predecessor-version":[{"id":16799,"href":"https:\/\/www.rupertport.com\/fr\/wp-json\/wp\/v2\/pages\/13845\/revisions\/16799"}],"wp:featuredmedia":[{"embeddable":true,"href":"https:\/\/www.rupertport.com\/fr\/wp-json\/wp\/v2\/media\/10207"}],"wp:attachment":[{"href":"https:\/\/www.rupertport.com\/fr\/wp-json\/wp\/v2\/media?parent=13845"}],"curies":[{"name":"wp","href":"https:\/\/api.w.org\/{rel}","templated":true}]}}