{"id":13842,"date":"2019-11-20T16:52:38","date_gmt":"2019-11-21T00:52:38","guid":{"rendered":"https:\/\/prpaprincerupertportauthor.kinsta.cloud\/croissance-future\/"},"modified":"2023-10-30T16:31:43","modified_gmt":"2023-10-30T16:31:43","slug":"croissance-future","status":"publish","type":"page","link":"https:\/\/www.rupertport.com\/fr\/croissance-future\/","title":{"rendered":"Croissance future"},"content":{"rendered":"\n<div class=\"wp-block-columns is-layout-flex wp-container-core-columns-is-layout-9d6595d7 wp-block-columns-is-layout-flex\">\n<div class=\"wp-block-column is-layout-flow wp-block-column-is-layout-flow\">\n<p class=\"has-text-color\" style=\"color:#0072b4;font-size:28px\">Prince Rupert abrite l&rsquo;un des ports d&rsquo;Am\u00e9rique du Nord dont la croissance est la plus rapide et qui est exploit\u00e9 de mani\u00e8re durable &#8211; une distinction que nous entendons conserver pour les ann\u00e9es \u00e0 venir.<\/p>\n<\/div>\n\n\n\n<div class=\"wp-block-column is-layout-flow wp-block-column-is-layout-flow\">\n<p>L&rsquo;autorit\u00e9 portuaire de Prince Rupert pr\u00e9voit de continuer \u00e0 cr\u00e9er une prosp\u00e9rit\u00e9 partag\u00e9e pour nos communaut\u00e9s, nos partenaires et notre pays \u00e0 l&rsquo;avenir.  <\/p>\n\n\n\n<p>L&rsquo;autorit\u00e9 portuaire de Prince Rupert est mandat\u00e9 pour soutenir l&rsquo;activit\u00e9 commerciale du Canada en facilitant et en d\u00e9veloppant le mouvement des marchandises et des passagers. Pour atteindre cet objectif, nous administrons une vaste zone g\u00e9ographique qui comprend environ 1 000 hectares de terres domaniales f\u00e9d\u00e9rales pour le d\u00e9veloppement de terminaux, ainsi qu&rsquo;un port et un littoral associ\u00e9s. Nos pratiques de d\u00e9veloppement mettent l&rsquo;accent sur la planification \u00e0 long terme, les activit\u00e9s int\u00e9gr\u00e9es et la gestion proactive des risques.  <\/p>\n<\/div>\n<\/div>\n\n\n\n<hr class=\"wp-block-separator has-css-opacity is-style-wide\"\/>\n\n\n\n<div class=\"wp-block-columns is-layout-flex wp-container-core-columns-is-layout-9d6595d7 wp-block-columns-is-layout-flex\">\n<div class=\"wp-block-column is-layout-flow wp-block-column-is-layout-flow\">\n<h2 class=\"wp-block-heading\">Construire la porte d&rsquo;entr\u00e9e<\/h2>\n\n\n\n<p>La vision Gateway 2020 de l&rsquo;APPR est une strat\u00e9gie de croissance portuaire qui garantit la coordination et l&rsquo;\u00e9quilibre entre les besoins des locataires du port, les futures opportunit\u00e9s commerciales et les objectifs de d\u00e9veloppement \u00e9conomique r\u00e9gional.<\/p>\n\n\n\n<p>Le plan identifie les sites de d\u00e9veloppement sp\u00e9cifiques, les utilisations g\u00e9n\u00e9rales appropri\u00e9es des terminaux et veille \u00e0 ce que les conflits potentiels entre les futures activit\u00e9s des terminaux soient att\u00e9nu\u00e9s. Il tire parti d&rsquo;infrastructures d&rsquo;usage commun telles que le corridor routier, ferroviaire et de services publics de Ridley Island pour maximiser les possibilit\u00e9s de d\u00e9veloppement de grands terminaux de vrac au sein du complexe portuaire. Il donne \u00e9galement la priorit\u00e9 aux possibilit\u00e9s d&rsquo;expansion des services intermodaux du port et les int\u00e8gre dans une vision de d\u00e9veloppement plus large.<\/p>\n\n\n\n<p>Le r\u00e9sultat est le d\u00e9veloppement durable d&rsquo;un port bien planifi\u00e9, int\u00e9gr\u00e9 et diversifi\u00e9 qui constitue le point d&rsquo;ancrage de la porte d&rsquo;entr\u00e9e de Prince Rupert.<a href=\"https:\/\/www.rupertport.com\/fr\/\"><\/a><br><\/p>\n<\/div>\n\n\n\n<div class=\"wp-block-column is-layout-flow wp-block-column-is-layout-flow\">\n<figure class=\"wp-block-image size-large\"><img loading=\"lazy\" decoding=\"async\" width=\"1000\" height=\"666\" src=\"https:\/\/www.rupertport.com\/wp-content\/uploads\/2019\/12\/future-growth-body.jpg\" alt=\"\" class=\"wp-image-2813\" srcset=\"https:\/\/www.rupertport.com\/wp-content\/uploads\/2019\/12\/future-growth-body.jpg 1000w, https:\/\/www.rupertport.com\/wp-content\/uploads\/2019\/12\/future-growth-body-300x200.jpg 300w, https:\/\/www.rupertport.com\/wp-content\/uploads\/2019\/12\/future-growth-body-768x511.jpg 768w\" sizes=\"auto, (max-width: 1000px) 100vw, 1000px\" \/><\/figure>\n<\/div>\n<\/div>\n","protected":false},"excerpt":{"rendered":"<p>Prince Rupert abrite l&rsquo;un des ports d&rsquo;Am\u00e9rique du Nord dont la croissance est la plus rapide et qui est exploit\u00e9 de mani\u00e8re durable &#8211; une distinction que nous entendons conserver pour les ann\u00e9es \u00e0 venir. L&rsquo;autorit\u00e9 portuaire de Prince Rupert pr\u00e9voit de continuer \u00e0 cr\u00e9er une prosp\u00e9rit\u00e9 partag\u00e9e pour nos communaut\u00e9s, nos partenaires et notre [&hellip;]<\/p>\n","protected":false},"author":6,"featured_media":10574,"parent":0,"menu_order":0,"comment_status":"closed","ping_status":"closed","template":"templates\/page-future-growth.php","meta":{"_acf_changed":false,"footnotes":""},"class_list":["post-13842","page","type-page","status-publish","has-post-thumbnail","hentry"],"acf":[],"yoast_head":"<!-- This site is optimized with the Yoast SEO plugin v26.8 - https:\/\/yoast.com\/product\/yoast-seo-wordpress\/ -->\n<title>Croissance future | Expansion du commerce | Autorit\u00e9 portuaire de Prince Rupert.<\/title>\n<meta name=\"description\" content=\"Croissance future : D\u00e9couvrez les plans d&#039;expansion et les projets de d\u00e9veloppement passionnants de l&#039;Administration portuaire de Prince Rupert. D\u00e9couvrez notre vision de l&#039;avenir !\" \/>\n<meta name=\"robots\" content=\"index, follow, max-snippet:-1, max-image-preview:large, max-video-preview:-1\" \/>\n<link rel=\"canonical\" href=\"https:\/\/www.rupertport.com\/fr\/croissance-future\/\" \/>\n<meta property=\"og:locale\" content=\"fr_FR\" \/>\n<meta property=\"og:type\" content=\"article\" \/>\n<meta property=\"og:title\" content=\"Croissance future | Expansion du commerce | Autorit\u00e9 portuaire de Prince Rupert.\" \/>\n<meta property=\"og:description\" content=\"Croissance future : D\u00e9couvrez les plans d&#039;expansion et les projets de d\u00e9veloppement passionnants de l&#039;Administration portuaire de Prince Rupert. D\u00e9couvrez notre vision de l&#039;avenir !\" \/>\n<meta property=\"og:url\" content=\"https:\/\/www.rupertport.com\/fr\/croissance-future\/\" \/>\n<meta property=\"og:site_name\" content=\"Autorit\u00e9 portuaire de Prince Rupert\" \/>\n<meta property=\"article:publisher\" content=\"https:\/\/www.facebook.com\/rupertport\/\" \/>\n<meta property=\"article:modified_time\" content=\"2023-10-30T16:31:43+00:00\" \/>\n<meta property=\"og:image\" content=\"https:\/\/www.rupertport.com\/wp-content\/uploads\/2019\/12\/future-growth-feature.jpg\" \/>\n\t<meta property=\"og:image:width\" content=\"1920\" \/>\n\t<meta property=\"og:image:height\" content=\"972\" \/>\n\t<meta property=\"og:image:type\" content=\"image\/jpeg\" \/>\n<meta name=\"twitter:card\" content=\"summary_large_image\" \/>\n<meta name=\"twitter:site\" content=\"@rupertport\" \/>\n<script type=\"application\/ld+json\" class=\"yoast-schema-graph\">{\"@context\":\"https:\/\/schema.org\",\"@graph\":[{\"@type\":\"WebPage\",\"@id\":\"https:\/\/www.rupertport.com\/fr\/croissance-future\/\",\"url\":\"https:\/\/www.rupertport.com\/fr\/croissance-future\/\",\"name\":\"Croissance future | Expansion du commerce | Autorit\u00e9 portuaire de Prince Rupert.\",\"isPartOf\":{\"@id\":\"https:\/\/www.rupertport.com\/fr\/#website\"},\"primaryImageOfPage\":{\"@id\":\"https:\/\/www.rupertport.com\/fr\/croissance-future\/#primaryimage\"},\"image\":{\"@id\":\"https:\/\/www.rupertport.com\/fr\/croissance-future\/#primaryimage\"},\"thumbnailUrl\":\"https:\/\/www.rupertport.com\/wp-content\/uploads\/2019\/12\/future-growth-feature.jpg\",\"datePublished\":\"2019-11-21T00:52:38+00:00\",\"dateModified\":\"2023-10-30T16:31:43+00:00\",\"description\":\"Croissance future : D\u00e9couvrez les plans d'expansion et les projets de d\u00e9veloppement passionnants de l'Administration portuaire de Prince Rupert. D\u00e9couvrez notre vision de l'avenir !\",\"breadcrumb\":{\"@id\":\"https:\/\/www.rupertport.com\/fr\/croissance-future\/#breadcrumb\"},\"inLanguage\":\"fr-FR\",\"potentialAction\":[{\"@type\":\"ReadAction\",\"target\":[\"https:\/\/www.rupertport.com\/fr\/croissance-future\/\"]}]},{\"@type\":\"ImageObject\",\"inLanguage\":\"fr-FR\",\"@id\":\"https:\/\/www.rupertport.com\/fr\/croissance-future\/#primaryimage\",\"url\":\"https:\/\/www.rupertport.com\/wp-content\/uploads\/2019\/12\/future-growth-feature.jpg\",\"contentUrl\":\"https:\/\/www.rupertport.com\/wp-content\/uploads\/2019\/12\/future-growth-feature.jpg\",\"width\":1920,\"height\":972},{\"@type\":\"BreadcrumbList\",\"@id\":\"https:\/\/www.rupertport.com\/fr\/croissance-future\/#breadcrumb\",\"itemListElement\":[{\"@type\":\"ListItem\",\"position\":1,\"name\":\"Home\",\"item\":\"https:\/\/www.rupertport.com\/fr\/page-de-garde\/\"},{\"@type\":\"ListItem\",\"position\":2,\"name\":\"Croissance future\"}]},{\"@type\":\"WebSite\",\"@id\":\"https:\/\/www.rupertport.com\/fr\/#website\",\"url\":\"https:\/\/www.rupertport.com\/fr\/\",\"name\":\"Prince Rupert Port Authority\",\"description\":\"L'avant-garde du Canada\",\"publisher\":{\"@id\":\"https:\/\/www.rupertport.com\/fr\/#organization\"},\"alternateName\":\"PRPA\",\"potentialAction\":[{\"@type\":\"SearchAction\",\"target\":{\"@type\":\"EntryPoint\",\"urlTemplate\":\"https:\/\/www.rupertport.com\/fr\/?s={search_term_string}\"},\"query-input\":{\"@type\":\"PropertyValueSpecification\",\"valueRequired\":true,\"valueName\":\"search_term_string\"}}],\"inLanguage\":\"fr-FR\"},{\"@type\":\"Organization\",\"@id\":\"https:\/\/www.rupertport.com\/fr\/#organization\",\"name\":\"Prince Rupert Port Authority\",\"alternateName\":\"PRPA\",\"url\":\"https:\/\/www.rupertport.com\/fr\/\",\"logo\":{\"@type\":\"ImageObject\",\"inLanguage\":\"fr-FR\",\"@id\":\"https:\/\/www.rupertport.com\/fr\/#\/schema\/logo\/image\/\",\"url\":\"https:\/\/www.rupertport.com\/wp-content\/uploads\/2021\/04\/cropped-PRPA-logo-meta-1200x1200-1.jpg\",\"contentUrl\":\"https:\/\/www.rupertport.com\/wp-content\/uploads\/2021\/04\/cropped-PRPA-logo-meta-1200x1200-1.jpg\",\"width\":512,\"height\":512,\"caption\":\"Prince Rupert Port Authority\"},\"image\":{\"@id\":\"https:\/\/www.rupertport.com\/fr\/#\/schema\/logo\/image\/\"},\"sameAs\":[\"https:\/\/www.facebook.com\/rupertport\/\",\"https:\/\/x.com\/rupertport\"]}]}<\/script>\n<!-- \/ Yoast SEO plugin. -->","yoast_head_json":{"title":"Croissance future | Expansion du commerce | Autorit\u00e9 portuaire de Prince Rupert.","description":"Croissance future : D\u00e9couvrez les plans d'expansion et les projets de d\u00e9veloppement passionnants de l'Administration portuaire de Prince Rupert. D\u00e9couvrez notre vision de l'avenir !","robots":{"index":"index","follow":"follow","max-snippet":"max-snippet:-1","max-image-preview":"max-image-preview:large","max-video-preview":"max-video-preview:-1"},"canonical":"https:\/\/www.rupertport.com\/fr\/croissance-future\/","og_locale":"fr_FR","og_type":"article","og_title":"Croissance future | Expansion du commerce | Autorit\u00e9 portuaire de Prince Rupert.","og_description":"Croissance future : D\u00e9couvrez les plans d'expansion et les projets de d\u00e9veloppement passionnants de l'Administration portuaire de Prince Rupert. D\u00e9couvrez notre vision de l'avenir !","og_url":"https:\/\/www.rupertport.com\/fr\/croissance-future\/","og_site_name":"Autorit\u00e9 portuaire de Prince Rupert","article_publisher":"https:\/\/www.facebook.com\/rupertport\/","article_modified_time":"2023-10-30T16:31:43+00:00","og_image":[{"width":1920,"height":972,"url":"https:\/\/www.rupertport.com\/wp-content\/uploads\/2019\/12\/future-growth-feature.jpg","type":"image\/jpeg"}],"twitter_card":"summary_large_image","twitter_site":"@rupertport","schema":{"@context":"https:\/\/schema.org","@graph":[{"@type":"WebPage","@id":"https:\/\/www.rupertport.com\/fr\/croissance-future\/","url":"https:\/\/www.rupertport.com\/fr\/croissance-future\/","name":"Croissance future | Expansion du commerce | Autorit\u00e9 portuaire de Prince Rupert.","isPartOf":{"@id":"https:\/\/www.rupertport.com\/fr\/#website"},"primaryImageOfPage":{"@id":"https:\/\/www.rupertport.com\/fr\/croissance-future\/#primaryimage"},"image":{"@id":"https:\/\/www.rupertport.com\/fr\/croissance-future\/#primaryimage"},"thumbnailUrl":"https:\/\/www.rupertport.com\/wp-content\/uploads\/2019\/12\/future-growth-feature.jpg","datePublished":"2019-11-21T00:52:38+00:00","dateModified":"2023-10-30T16:31:43+00:00","description":"Croissance future : D\u00e9couvrez les plans d'expansion et les projets de d\u00e9veloppement passionnants de l'Administration portuaire de Prince Rupert. D\u00e9couvrez notre vision de l'avenir !","breadcrumb":{"@id":"https:\/\/www.rupertport.com\/fr\/croissance-future\/#breadcrumb"},"inLanguage":"fr-FR","potentialAction":[{"@type":"ReadAction","target":["https:\/\/www.rupertport.com\/fr\/croissance-future\/"]}]},{"@type":"ImageObject","inLanguage":"fr-FR","@id":"https:\/\/www.rupertport.com\/fr\/croissance-future\/#primaryimage","url":"https:\/\/www.rupertport.com\/wp-content\/uploads\/2019\/12\/future-growth-feature.jpg","contentUrl":"https:\/\/www.rupertport.com\/wp-content\/uploads\/2019\/12\/future-growth-feature.jpg","width":1920,"height":972},{"@type":"BreadcrumbList","@id":"https:\/\/www.rupertport.com\/fr\/croissance-future\/#breadcrumb","itemListElement":[{"@type":"ListItem","position":1,"name":"Home","item":"https:\/\/www.rupertport.com\/fr\/page-de-garde\/"},{"@type":"ListItem","position":2,"name":"Croissance future"}]},{"@type":"WebSite","@id":"https:\/\/www.rupertport.com\/fr\/#website","url":"https:\/\/www.rupertport.com\/fr\/","name":"Prince Rupert Port Authority","description":"L'avant-garde du Canada","publisher":{"@id":"https:\/\/www.rupertport.com\/fr\/#organization"},"alternateName":"PRPA","potentialAction":[{"@type":"SearchAction","target":{"@type":"EntryPoint","urlTemplate":"https:\/\/www.rupertport.com\/fr\/?s={search_term_string}"},"query-input":{"@type":"PropertyValueSpecification","valueRequired":true,"valueName":"search_term_string"}}],"inLanguage":"fr-FR"},{"@type":"Organization","@id":"https:\/\/www.rupertport.com\/fr\/#organization","name":"Prince Rupert Port Authority","alternateName":"PRPA","url":"https:\/\/www.rupertport.com\/fr\/","logo":{"@type":"ImageObject","inLanguage":"fr-FR","@id":"https:\/\/www.rupertport.com\/fr\/#\/schema\/logo\/image\/","url":"https:\/\/www.rupertport.com\/wp-content\/uploads\/2021\/04\/cropped-PRPA-logo-meta-1200x1200-1.jpg","contentUrl":"https:\/\/www.rupertport.com\/wp-content\/uploads\/2021\/04\/cropped-PRPA-logo-meta-1200x1200-1.jpg","width":512,"height":512,"caption":"Prince Rupert Port Authority"},"image":{"@id":"https:\/\/www.rupertport.com\/fr\/#\/schema\/logo\/image\/"},"sameAs":["https:\/\/www.facebook.com\/rupertport\/","https:\/\/x.com\/rupertport"]}]}},"_links":{"self":[{"href":"https:\/\/www.rupertport.com\/fr\/wp-json\/wp\/v2\/pages\/13842","targetHints":{"allow":["GET"]}}],"collection":[{"href":"https:\/\/www.rupertport.com\/fr\/wp-json\/wp\/v2\/pages"}],"about":[{"href":"https:\/\/www.rupertport.com\/fr\/wp-json\/wp\/v2\/types\/page"}],"author":[{"embeddable":true,"href":"https:\/\/www.rupertport.com\/fr\/wp-json\/wp\/v2\/users\/6"}],"replies":[{"embeddable":true,"href":"https:\/\/www.rupertport.com\/fr\/wp-json\/wp\/v2\/comments?post=13842"}],"version-history":[{"count":6,"href":"https:\/\/www.rupertport.com\/fr\/wp-json\/wp\/v2\/pages\/13842\/revisions"}],"predecessor-version":[{"id":17179,"href":"https:\/\/www.rupertport.com\/fr\/wp-json\/wp\/v2\/pages\/13842\/revisions\/17179"}],"wp:featuredmedia":[{"embeddable":true,"href":"https:\/\/www.rupertport.com\/fr\/wp-json\/wp\/v2\/media\/10574"}],"wp:attachment":[{"href":"https:\/\/www.rupertport.com\/fr\/wp-json\/wp\/v2\/media?parent=13842"}],"curies":[{"name":"wp","href":"https:\/\/api.w.org\/{rel}","templated":true}]}}