{"id":13838,"date":"2019-11-20T17:08:05","date_gmt":"2019-11-21T01:08:05","guid":{"rendered":"https:\/\/prpaprincerupertportauthor.kinsta.cloud\/investissement-communautaire\/"},"modified":"2025-07-24T12:49:10","modified_gmt":"2025-07-24T20:49:10","slug":"investissement-communautaire","status":"publish","type":"page","link":"https:\/\/www.rupertport.com\/fr\/investissement-communautaire\/","title":{"rendered":"Investissement communautaire"},"content":{"rendered":"\n<h2 class=\"wp-block-heading\">Des communaut\u00e9s fortes nous soutiennent<\/h2>\n\n<p>L&rsquo;autorit\u00e9 portuaire de Prince Rupert est consciente que pour b\u00e2tir une communaut\u00e9 forte, il faut contribuer \u00e0 la sant\u00e9, \u00e0 la vitalit\u00e9 et \u00e0 la prosp\u00e9rit\u00e9 de notre r\u00e9gion. \u00c0 cette fin, l&rsquo;APPR investit depuis plusieurs ann\u00e9es dans les communaut\u00e9s locales et environnantes par le biais de divers programmes.<\/p>\n\n<p>Si vous souhaitez en savoir plus sur l&rsquo;un des programmes d&rsquo;investissement communautaire ci-dessous et sur les modalit\u00e9s de candidature, veuillez contacter un membre de notre \u00e9quipe charg\u00e9e des relations avec les communaut\u00e9s par <a href=\"mailto:community@rupertport.com\">courrier \u00e9lectronique<\/a> ou par t\u00e9l\u00e9phone au 250 627 8899.<br\/><\/p>\n\n<p><\/p>\n","protected":false},"excerpt":{"rendered":"<p>Des communaut\u00e9s fortes nous soutiennent L&rsquo;autorit\u00e9 portuaire de Prince Rupert est consciente que pour b\u00e2tir une communaut\u00e9 forte, il faut contribuer \u00e0 la sant\u00e9, \u00e0 la vitalit\u00e9 et \u00e0 la prosp\u00e9rit\u00e9 de notre r\u00e9gion. \u00c0 cette fin, l&rsquo;APPR investit depuis plusieurs ann\u00e9es dans les communaut\u00e9s locales et environnantes par le biais de divers programmes. Si [&hellip;]<\/p>\n","protected":false},"author":6,"featured_media":10205,"parent":0,"menu_order":0,"comment_status":"closed","ping_status":"closed","template":"templates\/page-community-investments.php","meta":{"_acf_changed":false,"footnotes":""},"class_list":["post-13838","page","type-page","status-publish","has-post-thumbnail","hentry"],"acf":[],"yoast_head":"<!-- This site is optimized with the Yoast SEO plugin v26.8 - https:\/\/yoast.com\/product\/yoast-seo-wordpress\/ -->\n<title>Initiatives et contributions de la Communaut\u00e9 | Autorit\u00e9 portuaire de Prince Rupert<\/title>\n<meta name=\"description\" content=\"D\u00e9couvrez nos initiatives et nos contributions \u00e0 la communaut\u00e9 \u00e0 l&#039;L&#039;Administration portuaire de Prince Rupert. Ensemble, nous prosp\u00e9rons !\" \/>\n<meta name=\"robots\" content=\"index, follow, max-snippet:-1, max-image-preview:large, max-video-preview:-1\" \/>\n<link rel=\"canonical\" href=\"https:\/\/www.rupertport.com\/fr\/investissement-communautaire\/\" \/>\n<meta property=\"og:locale\" content=\"fr_FR\" \/>\n<meta property=\"og:type\" content=\"article\" \/>\n<meta property=\"og:title\" content=\"Initiatives et contributions de la Communaut\u00e9 | Autorit\u00e9 portuaire de Prince Rupert\" \/>\n<meta property=\"og:description\" content=\"D\u00e9couvrez nos initiatives et nos contributions \u00e0 la communaut\u00e9 \u00e0 l&#039;L&#039;Administration portuaire de Prince Rupert. Ensemble, nous prosp\u00e9rons !\" \/>\n<meta property=\"og:url\" content=\"https:\/\/www.rupertport.com\/fr\/investissement-communautaire\/\" \/>\n<meta property=\"og:site_name\" content=\"Autorit\u00e9 portuaire de Prince Rupert\" \/>\n<meta property=\"article:publisher\" content=\"https:\/\/www.facebook.com\/rupertport\/\" \/>\n<meta property=\"article:modified_time\" content=\"2025-07-24T20:49:10+00:00\" \/>\n<meta property=\"og:image\" content=\"https:\/\/www.rupertport.com\/wp-content\/uploads\/2019\/11\/2019.09.12-PRPA-CIF-Conrad-Playground-5-scaled.jpg\" \/>\n\t<meta property=\"og:image:width\" content=\"2560\" \/>\n\t<meta property=\"og:image:height\" content=\"1224\" \/>\n\t<meta property=\"og:image:type\" content=\"image\/jpeg\" \/>\n<meta name=\"twitter:card\" content=\"summary_large_image\" \/>\n<meta name=\"twitter:site\" content=\"@rupertport\" \/>\n<script type=\"application\/ld+json\" class=\"yoast-schema-graph\">{\"@context\":\"https:\/\/schema.org\",\"@graph\":[{\"@type\":\"WebPage\",\"@id\":\"https:\/\/www.rupertport.com\/fr\/investissement-communautaire\/\",\"url\":\"https:\/\/www.rupertport.com\/fr\/investissement-communautaire\/\",\"name\":\"Initiatives et contributions de la Communaut\u00e9 | Autorit\u00e9 portuaire de Prince Rupert\",\"isPartOf\":{\"@id\":\"https:\/\/www.rupertport.com\/fr\/#website\"},\"primaryImageOfPage\":{\"@id\":\"https:\/\/www.rupertport.com\/fr\/investissement-communautaire\/#primaryimage\"},\"image\":{\"@id\":\"https:\/\/www.rupertport.com\/fr\/investissement-communautaire\/#primaryimage\"},\"thumbnailUrl\":\"https:\/\/www.rupertport.com\/wp-content\/uploads\/2019\/11\/2019.09.12-PRPA-CIF-Conrad-Playground-5-scaled.jpg\",\"datePublished\":\"2019-11-21T01:08:05+00:00\",\"dateModified\":\"2025-07-24T20:49:10+00:00\",\"description\":\"D\u00e9couvrez nos initiatives et nos contributions \u00e0 la communaut\u00e9 \u00e0 l'L'Administration portuaire de Prince Rupert. Ensemble, nous prosp\u00e9rons !\",\"breadcrumb\":{\"@id\":\"https:\/\/www.rupertport.com\/fr\/investissement-communautaire\/#breadcrumb\"},\"inLanguage\":\"fr-FR\",\"potentialAction\":[{\"@type\":\"ReadAction\",\"target\":[\"https:\/\/www.rupertport.com\/fr\/investissement-communautaire\/\"]}]},{\"@type\":\"ImageObject\",\"inLanguage\":\"fr-FR\",\"@id\":\"https:\/\/www.rupertport.com\/fr\/investissement-communautaire\/#primaryimage\",\"url\":\"https:\/\/www.rupertport.com\/wp-content\/uploads\/2019\/11\/2019.09.12-PRPA-CIF-Conrad-Playground-5-scaled.jpg\",\"contentUrl\":\"https:\/\/www.rupertport.com\/wp-content\/uploads\/2019\/11\/2019.09.12-PRPA-CIF-Conrad-Playground-5-scaled.jpg\",\"width\":2560,\"height\":1224},{\"@type\":\"BreadcrumbList\",\"@id\":\"https:\/\/www.rupertport.com\/fr\/investissement-communautaire\/#breadcrumb\",\"itemListElement\":[{\"@type\":\"ListItem\",\"position\":1,\"name\":\"Home\",\"item\":\"https:\/\/www.rupertport.com\/fr\/page-de-garde\/\"},{\"@type\":\"ListItem\",\"position\":2,\"name\":\"Investissement communautaire\"}]},{\"@type\":\"WebSite\",\"@id\":\"https:\/\/www.rupertport.com\/fr\/#website\",\"url\":\"https:\/\/www.rupertport.com\/fr\/\",\"name\":\"Prince Rupert Port Authority\",\"description\":\"L'avant-garde du Canada\",\"publisher\":{\"@id\":\"https:\/\/www.rupertport.com\/fr\/#organization\"},\"alternateName\":\"PRPA\",\"potentialAction\":[{\"@type\":\"SearchAction\",\"target\":{\"@type\":\"EntryPoint\",\"urlTemplate\":\"https:\/\/www.rupertport.com\/fr\/?s={search_term_string}\"},\"query-input\":{\"@type\":\"PropertyValueSpecification\",\"valueRequired\":true,\"valueName\":\"search_term_string\"}}],\"inLanguage\":\"fr-FR\"},{\"@type\":\"Organization\",\"@id\":\"https:\/\/www.rupertport.com\/fr\/#organization\",\"name\":\"Prince Rupert Port Authority\",\"alternateName\":\"PRPA\",\"url\":\"https:\/\/www.rupertport.com\/fr\/\",\"logo\":{\"@type\":\"ImageObject\",\"inLanguage\":\"fr-FR\",\"@id\":\"https:\/\/www.rupertport.com\/fr\/#\/schema\/logo\/image\/\",\"url\":\"https:\/\/www.rupertport.com\/wp-content\/uploads\/2021\/04\/cropped-PRPA-logo-meta-1200x1200-1.jpg\",\"contentUrl\":\"https:\/\/www.rupertport.com\/wp-content\/uploads\/2021\/04\/cropped-PRPA-logo-meta-1200x1200-1.jpg\",\"width\":512,\"height\":512,\"caption\":\"Prince Rupert Port Authority\"},\"image\":{\"@id\":\"https:\/\/www.rupertport.com\/fr\/#\/schema\/logo\/image\/\"},\"sameAs\":[\"https:\/\/www.facebook.com\/rupertport\/\",\"https:\/\/x.com\/rupertport\"]}]}<\/script>\n<!-- \/ Yoast SEO plugin. -->","yoast_head_json":{"title":"Initiatives et contributions de la Communaut\u00e9 | Autorit\u00e9 portuaire de Prince Rupert","description":"D\u00e9couvrez nos initiatives et nos contributions \u00e0 la communaut\u00e9 \u00e0 l'L'Administration portuaire de Prince Rupert. Ensemble, nous prosp\u00e9rons !","robots":{"index":"index","follow":"follow","max-snippet":"max-snippet:-1","max-image-preview":"max-image-preview:large","max-video-preview":"max-video-preview:-1"},"canonical":"https:\/\/www.rupertport.com\/fr\/investissement-communautaire\/","og_locale":"fr_FR","og_type":"article","og_title":"Initiatives et contributions de la Communaut\u00e9 | Autorit\u00e9 portuaire de Prince Rupert","og_description":"D\u00e9couvrez nos initiatives et nos contributions \u00e0 la communaut\u00e9 \u00e0 l'L'Administration portuaire de Prince Rupert. Ensemble, nous prosp\u00e9rons !","og_url":"https:\/\/www.rupertport.com\/fr\/investissement-communautaire\/","og_site_name":"Autorit\u00e9 portuaire de Prince Rupert","article_publisher":"https:\/\/www.facebook.com\/rupertport\/","article_modified_time":"2025-07-24T20:49:10+00:00","og_image":[{"width":2560,"height":1224,"url":"https:\/\/www.rupertport.com\/wp-content\/uploads\/2019\/11\/2019.09.12-PRPA-CIF-Conrad-Playground-5-scaled.jpg","type":"image\/jpeg"}],"twitter_card":"summary_large_image","twitter_site":"@rupertport","schema":{"@context":"https:\/\/schema.org","@graph":[{"@type":"WebPage","@id":"https:\/\/www.rupertport.com\/fr\/investissement-communautaire\/","url":"https:\/\/www.rupertport.com\/fr\/investissement-communautaire\/","name":"Initiatives et contributions de la Communaut\u00e9 | Autorit\u00e9 portuaire de Prince Rupert","isPartOf":{"@id":"https:\/\/www.rupertport.com\/fr\/#website"},"primaryImageOfPage":{"@id":"https:\/\/www.rupertport.com\/fr\/investissement-communautaire\/#primaryimage"},"image":{"@id":"https:\/\/www.rupertport.com\/fr\/investissement-communautaire\/#primaryimage"},"thumbnailUrl":"https:\/\/www.rupertport.com\/wp-content\/uploads\/2019\/11\/2019.09.12-PRPA-CIF-Conrad-Playground-5-scaled.jpg","datePublished":"2019-11-21T01:08:05+00:00","dateModified":"2025-07-24T20:49:10+00:00","description":"D\u00e9couvrez nos initiatives et nos contributions \u00e0 la communaut\u00e9 \u00e0 l'L'Administration portuaire de Prince Rupert. Ensemble, nous prosp\u00e9rons !","breadcrumb":{"@id":"https:\/\/www.rupertport.com\/fr\/investissement-communautaire\/#breadcrumb"},"inLanguage":"fr-FR","potentialAction":[{"@type":"ReadAction","target":["https:\/\/www.rupertport.com\/fr\/investissement-communautaire\/"]}]},{"@type":"ImageObject","inLanguage":"fr-FR","@id":"https:\/\/www.rupertport.com\/fr\/investissement-communautaire\/#primaryimage","url":"https:\/\/www.rupertport.com\/wp-content\/uploads\/2019\/11\/2019.09.12-PRPA-CIF-Conrad-Playground-5-scaled.jpg","contentUrl":"https:\/\/www.rupertport.com\/wp-content\/uploads\/2019\/11\/2019.09.12-PRPA-CIF-Conrad-Playground-5-scaled.jpg","width":2560,"height":1224},{"@type":"BreadcrumbList","@id":"https:\/\/www.rupertport.com\/fr\/investissement-communautaire\/#breadcrumb","itemListElement":[{"@type":"ListItem","position":1,"name":"Home","item":"https:\/\/www.rupertport.com\/fr\/page-de-garde\/"},{"@type":"ListItem","position":2,"name":"Investissement communautaire"}]},{"@type":"WebSite","@id":"https:\/\/www.rupertport.com\/fr\/#website","url":"https:\/\/www.rupertport.com\/fr\/","name":"Prince Rupert Port Authority","description":"L'avant-garde du Canada","publisher":{"@id":"https:\/\/www.rupertport.com\/fr\/#organization"},"alternateName":"PRPA","potentialAction":[{"@type":"SearchAction","target":{"@type":"EntryPoint","urlTemplate":"https:\/\/www.rupertport.com\/fr\/?s={search_term_string}"},"query-input":{"@type":"PropertyValueSpecification","valueRequired":true,"valueName":"search_term_string"}}],"inLanguage":"fr-FR"},{"@type":"Organization","@id":"https:\/\/www.rupertport.com\/fr\/#organization","name":"Prince Rupert Port Authority","alternateName":"PRPA","url":"https:\/\/www.rupertport.com\/fr\/","logo":{"@type":"ImageObject","inLanguage":"fr-FR","@id":"https:\/\/www.rupertport.com\/fr\/#\/schema\/logo\/image\/","url":"https:\/\/www.rupertport.com\/wp-content\/uploads\/2021\/04\/cropped-PRPA-logo-meta-1200x1200-1.jpg","contentUrl":"https:\/\/www.rupertport.com\/wp-content\/uploads\/2021\/04\/cropped-PRPA-logo-meta-1200x1200-1.jpg","width":512,"height":512,"caption":"Prince Rupert Port Authority"},"image":{"@id":"https:\/\/www.rupertport.com\/fr\/#\/schema\/logo\/image\/"},"sameAs":["https:\/\/www.facebook.com\/rupertport\/","https:\/\/x.com\/rupertport"]}]}},"_links":{"self":[{"href":"https:\/\/www.rupertport.com\/fr\/wp-json\/wp\/v2\/pages\/13838","targetHints":{"allow":["GET"]}}],"collection":[{"href":"https:\/\/www.rupertport.com\/fr\/wp-json\/wp\/v2\/pages"}],"about":[{"href":"https:\/\/www.rupertport.com\/fr\/wp-json\/wp\/v2\/types\/page"}],"author":[{"embeddable":true,"href":"https:\/\/www.rupertport.com\/fr\/wp-json\/wp\/v2\/users\/6"}],"replies":[{"embeddable":true,"href":"https:\/\/www.rupertport.com\/fr\/wp-json\/wp\/v2\/comments?post=13838"}],"version-history":[{"count":2,"href":"https:\/\/www.rupertport.com\/fr\/wp-json\/wp\/v2\/pages\/13838\/revisions"}],"predecessor-version":[{"id":24011,"href":"https:\/\/www.rupertport.com\/fr\/wp-json\/wp\/v2\/pages\/13838\/revisions\/24011"}],"wp:featuredmedia":[{"embeddable":true,"href":"https:\/\/www.rupertport.com\/fr\/wp-json\/wp\/v2\/media\/10205"}],"wp:attachment":[{"href":"https:\/\/www.rupertport.com\/fr\/wp-json\/wp\/v2\/media?parent=13838"}],"curies":[{"name":"wp","href":"https:\/\/api.w.org\/{rel}","templated":true}]}}