{"id":13831,"date":"2019-11-20T17:07:49","date_gmt":"2019-11-21T01:07:49","guid":{"rendered":"https:\/\/prpaprincerupertportauthor.kinsta.cloud\/comites-communautaires\/"},"modified":"2024-03-11T14:42:01","modified_gmt":"2024-03-11T22:42:01","slug":"comites-communautaires","status":"publish","type":"page","link":"https:\/\/www.rupertport.com\/fr\/engagement-communautaire\/comites-communautaires\/","title":{"rendered":"Comit\u00e9s communautaires"},"content":{"rendered":"\n<p>L&rsquo;Administration de Prince Rupert (APPR) s&rsquo;engage \u00e0 informer les r\u00e9sidents locaux et les communaut\u00e9s environnantes, \u00e0 s&rsquo;engager avec eux et \u00e0 investir en leur faveur. En \u00e9tablissant une base solide de dialogue et de compr\u00e9hension, nous construisons ensemble un avenir durable pour le port.<\/p>\n\n\n\n<p>L&rsquo;Administration portuaire de Prince Rupert veille \u00e0 ce que la croissance soit responsable et durable et qu&rsquo;elle refl\u00e8te les valeurs et les priorit\u00e9s des communaut\u00e9s locales et des Premi\u00e8res nations. Cela signifie que nous pouvons nous efforcer d&rsquo;am\u00e9liorer la qualit\u00e9 de vie en \u00e9quilibre avec le d\u00e9veloppement \u00e9conomique, l&#8217;emploi et l&rsquo;assiette fiscale industrielle, pour le b\u00e9n\u00e9fice de tous.<\/p>\n\n\n\n<h4 class=\"wp-block-heading\">Forum d&rsquo;information communautaire<\/h4>\n\n\n\n<p>Le forum d&rsquo;information communautaire a \u00e9t\u00e9 cr\u00e9\u00e9 en janvier 2014 afin d&rsquo;offrir une opportunit\u00e9 permanente de dialogue sur les op\u00e9rations de l&rsquo;APPR et le d\u00e9veloppement du port en g\u00e9n\u00e9ral. Le forum offre \u00e0 un large \u00e9ventail de personnes et d&rsquo;organisations de Prince Rupert l&rsquo;occasion de s&rsquo;informer sur les diverses activit\u00e9s li\u00e9es au port et de faire part \u00e0 l&rsquo;APPR de ses pr\u00e9occupations.<\/p>\n\n\n\n<p>Le forum n&rsquo;est pas un organe de d\u00e9cision, mais il aide l&rsquo;APPR \u00e0 comprendre ce que pense le public de divers aspects des activit\u00e9s de l&rsquo;autorit\u00e9 portuaire de Prince Rupert.<\/p>\n\n\n\n<h4 class=\"wp-block-heading\">Le forum d&rsquo;information communautaire offre aux membres la possibilit\u00e9 de :<\/h4>\n\n\n\n<ul class=\"wp-block-list\">\n<li>Acc\u00e9der collectivement \u00e0 des informations et s&rsquo;informer aux sujets en rapport avec le mandat et les activit\u00e9s de la PRPA<\/li>\n\n\n\n<li>Identifier et discuter des domaines d&rsquo;int\u00e9r\u00eat ou de pr\u00e9occupation de la communaut\u00e9 qui sont pertinents pour l&rsquo;APPR et le port.<\/li>\n\n\n\n<li>\u00c9tablir des relations avec d&rsquo;autres membres de la communaut\u00e9 et les int\u00e9r\u00eats qu&rsquo;ils repr\u00e9sentent<\/li>\n\n\n\n<li>Servir de lien avec le grand public<\/li>\n<\/ul>\n\n\n\n<p>L&rsquo;adh\u00e9sion au forum communautaire d&rsquo;information est volontaire et refl\u00e8te un grand nombre de parties prenantes et d&rsquo;int\u00e9r\u00eats, afin d&rsquo;offrir un lieu d&rsquo;\u00e9change de points de vue et d&rsquo;exp\u00e9riences diversifi\u00e9s. Plus pr\u00e9cis\u00e9ment, la participation inclut un large \u00e9ventail d&rsquo;int\u00e9r\u00eats communautaires, y compris (mais sans s&rsquo;y limiter) des repr\u00e9sentants de groupes environnementaux, de groupes autochtones, d&rsquo;associations d&rsquo;entreprises, de gouvernements municipaux, d&rsquo;organisations communautaires et de membres non affili\u00e9s du grand public. Si vous souhaitez rejoindre ce forum, veuillez nous <a rel=\"noreferrer noopener\" href=\"mailto:community@rupertport.com\" target=\"_blank\">envoyer un courriel<\/a>.<\/p>\n","protected":false},"excerpt":{"rendered":"<p>L&rsquo;Administration de Prince Rupert (APPR) s&rsquo;engage \u00e0 informer les r\u00e9sidents locaux et les communaut\u00e9s environnantes, \u00e0 s&rsquo;engager avec eux et \u00e0 investir en leur faveur. En \u00e9tablissant une base solide de dialogue et de compr\u00e9hension, nous construisons ensemble un avenir durable pour le port. L&rsquo;Administration portuaire de Prince Rupert veille \u00e0 ce que la croissance [&hellip;]<\/p>\n","protected":false},"author":6,"featured_media":10203,"parent":13855,"menu_order":0,"comment_status":"closed","ping_status":"closed","template":"templates\/page-community-committees.php","meta":{"_acf_changed":false,"footnotes":""},"class_list":["post-13831","page","type-page","status-publish","has-post-thumbnail","hentry"],"acf":[],"yoast_head":"<!-- This site is optimized with the Yoast SEO plugin v26.8 - https:\/\/yoast.com\/product\/yoast-seo-wordpress\/ -->\n<title>Fonds d&#039;investissement communautaire (FIC) | Soutenir les projets locaux | Autorit\u00e9 portuaire de Prince Rupert.<\/title>\n<meta name=\"description\" content=\"Fonds d&#039;investissement communautaire (FIC) : En savoir plus sur notre programme CIF qui soutient les projets communautaires de l&#039;L&#039;Administration portuaire de Prince Rupert. Postulez maintenant !\" \/>\n<meta name=\"robots\" content=\"index, follow, max-snippet:-1, max-image-preview:large, max-video-preview:-1\" \/>\n<link rel=\"canonical\" href=\"https:\/\/www.rupertport.com\/fr\/engagement-communautaire\/comites-communautaires\/\" \/>\n<meta property=\"og:locale\" content=\"fr_FR\" \/>\n<meta property=\"og:type\" content=\"article\" \/>\n<meta property=\"og:title\" content=\"Fonds d&#039;investissement communautaire (FIC) | Soutenir les projets locaux | Autorit\u00e9 portuaire de Prince Rupert.\" \/>\n<meta property=\"og:description\" content=\"Fonds d&#039;investissement communautaire (FIC) : En savoir plus sur notre programme CIF qui soutient les projets communautaires de l&#039;L&#039;Administration portuaire de Prince Rupert. Postulez maintenant !\" \/>\n<meta property=\"og:url\" content=\"https:\/\/www.rupertport.com\/fr\/engagement-communautaire\/comites-communautaires\/\" \/>\n<meta property=\"og:site_name\" content=\"Autorit\u00e9 portuaire de Prince Rupert\" \/>\n<meta property=\"article:publisher\" content=\"https:\/\/www.facebook.com\/rupertport\/\" \/>\n<meta property=\"article:modified_time\" content=\"2024-03-11T22:42:01+00:00\" \/>\n<meta property=\"og:image\" content=\"https:\/\/www.rupertport.com\/wp-content\/uploads\/2019\/11\/cif-feature-header.jpg\" \/>\n\t<meta property=\"og:image:width\" content=\"1200\" \/>\n\t<meta property=\"og:image:height\" content=\"600\" \/>\n\t<meta property=\"og:image:type\" content=\"image\/jpeg\" \/>\n<meta name=\"twitter:card\" content=\"summary_large_image\" \/>\n<meta name=\"twitter:site\" content=\"@rupertport\" \/>\n<script type=\"application\/ld+json\" class=\"yoast-schema-graph\">{\"@context\":\"https:\/\/schema.org\",\"@graph\":[{\"@type\":\"WebPage\",\"@id\":\"https:\/\/www.rupertport.com\/fr\/engagement-communautaire\/comites-communautaires\/\",\"url\":\"https:\/\/www.rupertport.com\/fr\/engagement-communautaire\/comites-communautaires\/\",\"name\":\"Fonds d'investissement communautaire (FIC) | Soutenir les projets locaux | Autorit\u00e9 portuaire de Prince Rupert.\",\"isPartOf\":{\"@id\":\"https:\/\/www.rupertport.com\/fr\/#website\"},\"primaryImageOfPage\":{\"@id\":\"https:\/\/www.rupertport.com\/fr\/engagement-communautaire\/comites-communautaires\/#primaryimage\"},\"image\":{\"@id\":\"https:\/\/www.rupertport.com\/fr\/engagement-communautaire\/comites-communautaires\/#primaryimage\"},\"thumbnailUrl\":\"https:\/\/www.rupertport.com\/wp-content\/uploads\/2019\/11\/cif-feature-header.jpg\",\"datePublished\":\"2019-11-21T01:07:49+00:00\",\"dateModified\":\"2024-03-11T22:42:01+00:00\",\"description\":\"Fonds d'investissement communautaire (FIC) : En savoir plus sur notre programme CIF qui soutient les projets communautaires de l'L'Administration portuaire de Prince Rupert. Postulez maintenant !\",\"breadcrumb\":{\"@id\":\"https:\/\/www.rupertport.com\/fr\/engagement-communautaire\/comites-communautaires\/#breadcrumb\"},\"inLanguage\":\"fr-FR\",\"potentialAction\":[{\"@type\":\"ReadAction\",\"target\":[\"https:\/\/www.rupertport.com\/fr\/engagement-communautaire\/comites-communautaires\/\"]}]},{\"@type\":\"ImageObject\",\"inLanguage\":\"fr-FR\",\"@id\":\"https:\/\/www.rupertport.com\/fr\/engagement-communautaire\/comites-communautaires\/#primaryimage\",\"url\":\"https:\/\/www.rupertport.com\/wp-content\/uploads\/2019\/11\/cif-feature-header.jpg\",\"contentUrl\":\"https:\/\/www.rupertport.com\/wp-content\/uploads\/2019\/11\/cif-feature-header.jpg\",\"width\":1200,\"height\":600},{\"@type\":\"BreadcrumbList\",\"@id\":\"https:\/\/www.rupertport.com\/fr\/engagement-communautaire\/comites-communautaires\/#breadcrumb\",\"itemListElement\":[{\"@type\":\"ListItem\",\"position\":1,\"name\":\"Home\",\"item\":\"https:\/\/www.rupertport.com\/fr\/page-de-garde\/\"},{\"@type\":\"ListItem\",\"position\":2,\"name\":\"Engagement communautaire\",\"item\":\"https:\/\/www.rupertport.com\/fr\/engagement-communautaire\/\"},{\"@type\":\"ListItem\",\"position\":3,\"name\":\"Comit\u00e9s communautaires\"}]},{\"@type\":\"WebSite\",\"@id\":\"https:\/\/www.rupertport.com\/fr\/#website\",\"url\":\"https:\/\/www.rupertport.com\/fr\/\",\"name\":\"Prince Rupert Port Authority\",\"description\":\"L'avant-garde du Canada\",\"publisher\":{\"@id\":\"https:\/\/www.rupertport.com\/fr\/#organization\"},\"alternateName\":\"PRPA\",\"potentialAction\":[{\"@type\":\"SearchAction\",\"target\":{\"@type\":\"EntryPoint\",\"urlTemplate\":\"https:\/\/www.rupertport.com\/fr\/?s={search_term_string}\"},\"query-input\":{\"@type\":\"PropertyValueSpecification\",\"valueRequired\":true,\"valueName\":\"search_term_string\"}}],\"inLanguage\":\"fr-FR\"},{\"@type\":\"Organization\",\"@id\":\"https:\/\/www.rupertport.com\/fr\/#organization\",\"name\":\"Prince Rupert Port Authority\",\"alternateName\":\"PRPA\",\"url\":\"https:\/\/www.rupertport.com\/fr\/\",\"logo\":{\"@type\":\"ImageObject\",\"inLanguage\":\"fr-FR\",\"@id\":\"https:\/\/www.rupertport.com\/fr\/#\/schema\/logo\/image\/\",\"url\":\"https:\/\/www.rupertport.com\/wp-content\/uploads\/2021\/04\/cropped-PRPA-logo-meta-1200x1200-1.jpg\",\"contentUrl\":\"https:\/\/www.rupertport.com\/wp-content\/uploads\/2021\/04\/cropped-PRPA-logo-meta-1200x1200-1.jpg\",\"width\":512,\"height\":512,\"caption\":\"Prince Rupert Port Authority\"},\"image\":{\"@id\":\"https:\/\/www.rupertport.com\/fr\/#\/schema\/logo\/image\/\"},\"sameAs\":[\"https:\/\/www.facebook.com\/rupertport\/\",\"https:\/\/x.com\/rupertport\"]}]}<\/script>\n<!-- \/ Yoast SEO plugin. -->","yoast_head_json":{"title":"Fonds d'investissement communautaire (FIC) | Soutenir les projets locaux | Autorit\u00e9 portuaire de Prince Rupert.","description":"Fonds d'investissement communautaire (FIC) : En savoir plus sur notre programme CIF qui soutient les projets communautaires de l'L'Administration portuaire de Prince Rupert. Postulez maintenant !","robots":{"index":"index","follow":"follow","max-snippet":"max-snippet:-1","max-image-preview":"max-image-preview:large","max-video-preview":"max-video-preview:-1"},"canonical":"https:\/\/www.rupertport.com\/fr\/engagement-communautaire\/comites-communautaires\/","og_locale":"fr_FR","og_type":"article","og_title":"Fonds d'investissement communautaire (FIC) | Soutenir les projets locaux | Autorit\u00e9 portuaire de Prince Rupert.","og_description":"Fonds d'investissement communautaire (FIC) : En savoir plus sur notre programme CIF qui soutient les projets communautaires de l'L'Administration portuaire de Prince Rupert. Postulez maintenant !","og_url":"https:\/\/www.rupertport.com\/fr\/engagement-communautaire\/comites-communautaires\/","og_site_name":"Autorit\u00e9 portuaire de Prince Rupert","article_publisher":"https:\/\/www.facebook.com\/rupertport\/","article_modified_time":"2024-03-11T22:42:01+00:00","og_image":[{"width":1200,"height":600,"url":"https:\/\/www.rupertport.com\/wp-content\/uploads\/2019\/11\/cif-feature-header.jpg","type":"image\/jpeg"}],"twitter_card":"summary_large_image","twitter_site":"@rupertport","schema":{"@context":"https:\/\/schema.org","@graph":[{"@type":"WebPage","@id":"https:\/\/www.rupertport.com\/fr\/engagement-communautaire\/comites-communautaires\/","url":"https:\/\/www.rupertport.com\/fr\/engagement-communautaire\/comites-communautaires\/","name":"Fonds d'investissement communautaire (FIC) | Soutenir les projets locaux | Autorit\u00e9 portuaire de Prince Rupert.","isPartOf":{"@id":"https:\/\/www.rupertport.com\/fr\/#website"},"primaryImageOfPage":{"@id":"https:\/\/www.rupertport.com\/fr\/engagement-communautaire\/comites-communautaires\/#primaryimage"},"image":{"@id":"https:\/\/www.rupertport.com\/fr\/engagement-communautaire\/comites-communautaires\/#primaryimage"},"thumbnailUrl":"https:\/\/www.rupertport.com\/wp-content\/uploads\/2019\/11\/cif-feature-header.jpg","datePublished":"2019-11-21T01:07:49+00:00","dateModified":"2024-03-11T22:42:01+00:00","description":"Fonds d'investissement communautaire (FIC) : En savoir plus sur notre programme CIF qui soutient les projets communautaires de l'L'Administration portuaire de Prince Rupert. Postulez maintenant !","breadcrumb":{"@id":"https:\/\/www.rupertport.com\/fr\/engagement-communautaire\/comites-communautaires\/#breadcrumb"},"inLanguage":"fr-FR","potentialAction":[{"@type":"ReadAction","target":["https:\/\/www.rupertport.com\/fr\/engagement-communautaire\/comites-communautaires\/"]}]},{"@type":"ImageObject","inLanguage":"fr-FR","@id":"https:\/\/www.rupertport.com\/fr\/engagement-communautaire\/comites-communautaires\/#primaryimage","url":"https:\/\/www.rupertport.com\/wp-content\/uploads\/2019\/11\/cif-feature-header.jpg","contentUrl":"https:\/\/www.rupertport.com\/wp-content\/uploads\/2019\/11\/cif-feature-header.jpg","width":1200,"height":600},{"@type":"BreadcrumbList","@id":"https:\/\/www.rupertport.com\/fr\/engagement-communautaire\/comites-communautaires\/#breadcrumb","itemListElement":[{"@type":"ListItem","position":1,"name":"Home","item":"https:\/\/www.rupertport.com\/fr\/page-de-garde\/"},{"@type":"ListItem","position":2,"name":"Engagement communautaire","item":"https:\/\/www.rupertport.com\/fr\/engagement-communautaire\/"},{"@type":"ListItem","position":3,"name":"Comit\u00e9s communautaires"}]},{"@type":"WebSite","@id":"https:\/\/www.rupertport.com\/fr\/#website","url":"https:\/\/www.rupertport.com\/fr\/","name":"Prince Rupert Port Authority","description":"L'avant-garde du Canada","publisher":{"@id":"https:\/\/www.rupertport.com\/fr\/#organization"},"alternateName":"PRPA","potentialAction":[{"@type":"SearchAction","target":{"@type":"EntryPoint","urlTemplate":"https:\/\/www.rupertport.com\/fr\/?s={search_term_string}"},"query-input":{"@type":"PropertyValueSpecification","valueRequired":true,"valueName":"search_term_string"}}],"inLanguage":"fr-FR"},{"@type":"Organization","@id":"https:\/\/www.rupertport.com\/fr\/#organization","name":"Prince Rupert Port Authority","alternateName":"PRPA","url":"https:\/\/www.rupertport.com\/fr\/","logo":{"@type":"ImageObject","inLanguage":"fr-FR","@id":"https:\/\/www.rupertport.com\/fr\/#\/schema\/logo\/image\/","url":"https:\/\/www.rupertport.com\/wp-content\/uploads\/2021\/04\/cropped-PRPA-logo-meta-1200x1200-1.jpg","contentUrl":"https:\/\/www.rupertport.com\/wp-content\/uploads\/2021\/04\/cropped-PRPA-logo-meta-1200x1200-1.jpg","width":512,"height":512,"caption":"Prince Rupert Port Authority"},"image":{"@id":"https:\/\/www.rupertport.com\/fr\/#\/schema\/logo\/image\/"},"sameAs":["https:\/\/www.facebook.com\/rupertport\/","https:\/\/x.com\/rupertport"]}]}},"_links":{"self":[{"href":"https:\/\/www.rupertport.com\/fr\/wp-json\/wp\/v2\/pages\/13831","targetHints":{"allow":["GET"]}}],"collection":[{"href":"https:\/\/www.rupertport.com\/fr\/wp-json\/wp\/v2\/pages"}],"about":[{"href":"https:\/\/www.rupertport.com\/fr\/wp-json\/wp\/v2\/types\/page"}],"author":[{"embeddable":true,"href":"https:\/\/www.rupertport.com\/fr\/wp-json\/wp\/v2\/users\/6"}],"replies":[{"embeddable":true,"href":"https:\/\/www.rupertport.com\/fr\/wp-json\/wp\/v2\/comments?post=13831"}],"version-history":[{"count":1,"href":"https:\/\/www.rupertport.com\/fr\/wp-json\/wp\/v2\/pages\/13831\/revisions"}],"predecessor-version":[{"id":18536,"href":"https:\/\/www.rupertport.com\/fr\/wp-json\/wp\/v2\/pages\/13831\/revisions\/18536"}],"up":[{"embeddable":true,"href":"https:\/\/www.rupertport.com\/fr\/wp-json\/wp\/v2\/pages\/13855"}],"wp:featuredmedia":[{"embeddable":true,"href":"https:\/\/www.rupertport.com\/fr\/wp-json\/wp\/v2\/media\/10203"}],"wp:attachment":[{"href":"https:\/\/www.rupertport.com\/fr\/wp-json\/wp\/v2\/media?parent=13831"}],"curies":[{"name":"wp","href":"https:\/\/api.w.org\/{rel}","templated":true}]}}