{"id":13827,"date":"2019-11-20T16:53:30","date_gmt":"2019-11-21T00:53:30","guid":{"rendered":"https:\/\/prpaprincerupertportauthor.kinsta.cloud\/gouvernance\/"},"modified":"2026-04-23T07:56:46","modified_gmt":"2026-04-23T15:56:46","slug":"gouvernance","status":"publish","type":"page","link":"https:\/\/www.rupertport.com\/fr\/a-propos-de\/gouvernance\/","title":{"rendered":"Gouvernance"},"content":{"rendered":"\n<h3 class=\"wp-block-heading\">\u00c0 propos du conseil d&rsquo;administration de l&rsquo;APPR<\/h3>\n\n\n\n<p>L&rsquo;Administration portuaire de Prince Rupert est une administration portuaire locale constitu\u00e9e en vertu de la <a href=\"https:\/\/laws-lois.justice.gc.ca\/fra\/lois\/c-6.7\/page-1.html\" target=\"_blank\" rel=\"noreferrer noopener\">Loi maritime du Canada<\/a> et des <a href=\"https:\/\/www.rupertport.com\/fr\/lettres-patentes\/\">lettres patentes<\/a> d\u00e9livr\u00e9es au titre de cette loi, pour exploiter le port dans le havre de Prince Rupert. Nous sommes une agence autonome et commercialement viable, dirig\u00e9e par un conseil d&rsquo;administration ind\u00e9pendant qui contr\u00f4le toutes les d\u00e9cisions du port. Notre mandat est de faciliter et de d\u00e9velopper le mouvement des marchandises et des passagers dans le port de Prince Rupert.<\/p>\n\n\n\n<p>Le conseil d&rsquo;administration veille \u00e0 ce que l&rsquo;administration portuaire de Prince Rupert poursuive ses efforts en vue d&rsquo;\u00eatre reconnue au niveau international comme l&rsquo;un des portes d&rsquo;entr\u00e9e les plus comp\u00e9titifs et les plus diversifi\u00e9s pour le commerce nord-am\u00e9ricain sur la c\u00f4te ouest du Pacifique.<\/p>\n\n\n\n<hr class=\"wp-block-separator has-css-opacity\"\/>\n\n\n\n<div class=\"wp-block-file\"><a id=\"wp-block-file--media-5801d983-84b3-42fb-9869-b408357b9706\" href=\"https:\/\/www.rupertport.com\/wp-content\/uploads\/2020\/11\/PUNC-Memo-to-Interested-Parties-Re-PRPA-Board-of-Directors-Qualifications-Jan-2018.pdf\">D\u00e9claration de qualification des administrateurs de l&rsquo;administration portuaire de Prince Rupert<\/a><a href=\"https:\/\/www.rupertport.com\/wp-content\/uploads\/2020\/11\/PUNC-Memo-to-Interested-Parties-Re-PRPA-Board-of-Directors-Qualifications-Jan-2018.pdf\" class=\"wp-block-file__button wp-element-button\" download aria-describedby=\"wp-block-file--media-5801d983-84b3-42fb-9869-b408357b9706\">T\u00e9l\u00e9charger<\/a><\/div>\n\n\n\n<div class=\"wp-block-file\"><a id=\"wp-block-file--media-76e6316e-f3ff-42b3-ae1c-3004c2849f6e\" href=\"https:\/\/www.rupertport.com\/wp-content\/uploads\/2026\/01\/remuneration-et-depenses-de-direction-janvier-2026-FR.pdf\">D\u00e9penses et r\u00e9mun\u00e9ration de direction<\/a><a href=\"https:\/\/www.rupertport.com\/wp-content\/uploads\/2026\/01\/remuneration-et-depenses-de-direction-janvier-2026-FR.pdf\" class=\"wp-block-file__button wp-element-button\" download aria-describedby=\"wp-block-file--media-76e6316e-f3ff-42b3-ae1c-3004c2849f6e\">T\u00e9l\u00e9charger<\/a><\/div>\n\n\n\n<div class=\"wp-block-file\"><a id=\"wp-block-file--media-6efd52c4-529d-49fc-b80b-bcc69b6fd3c3\" href=\"https:\/\/www.rupertport.com\/wp-content\/uploads\/2026\/04\/2025-rapport-de-depenses-des-deplacements-du-conseil-dadministration-1.pdf\">2025 rapport de d\u00e9penses des d\u00e9placements du conseil d\u2019administration<\/a><a href=\"https:\/\/www.rupertport.com\/wp-content\/uploads\/2026\/04\/2025-rapport-de-depenses-des-deplacements-du-conseil-dadministration-1.pdf\" class=\"wp-block-file__button wp-element-button\" download aria-describedby=\"wp-block-file--media-6efd52c4-529d-49fc-b80b-bcc69b6fd3c3\">T\u00e9l\u00e9charger<\/a><\/div>\n\n\n\n<div class=\"wp-block-file\"><a id=\"wp-block-file--media-98e1ff96-784e-4a7d-bbc2-7312d62fd5ef\" href=\"https:\/\/www.rupertport.com\/wp-content\/uploads\/2021\/12\/Code-of-Conduct-2.pdf\">  Code de conduite  <\/a><a href=\"https:\/\/www.rupertport.com\/wp-content\/uploads\/2021\/12\/Code-of-Conduct-2.pdf\" class=\"wp-block-file__button wp-element-button\" download aria-describedby=\"wp-block-file--media-98e1ff96-784e-4a7d-bbc2-7312d62fd5ef\">T\u00e9l\u00e9charger<\/a><\/div>\n\n\n\n<div class=\"wp-block-file\"><a id=\"wp-block-file--media-c1ecaeb3-4ca7-4296-bca9-8085f7a9bd9f\" href=\"https:\/\/www.rupertport.com\/wp-content\/uploads\/2022\/04\/Board-Committees-Final-April-25-2022.pdf\">Comit\u00e9s du conseil d&rsquo;administration<\/a><a href=\"https:\/\/www.rupertport.com\/wp-content\/uploads\/2022\/04\/Board-Committees-Final-April-25-2022.pdf\" class=\"wp-block-file__button wp-element-button\" download aria-describedby=\"wp-block-file--media-c1ecaeb3-4ca7-4296-bca9-8085f7a9bd9f\">T\u00e9l\u00e9charger<\/a><\/div>\n\n\n\n<p><\/p>\n","protected":false},"excerpt":{"rendered":"<p>\u00c0 propos du conseil d&rsquo;administration de l&rsquo;APPR L&rsquo;Administration portuaire de Prince Rupert est une administration portuaire locale constitu\u00e9e en vertu de la Loi maritime du Canada et des lettres patentes d\u00e9livr\u00e9es au titre de cette loi, pour exploiter le port dans le havre de Prince Rupert. Nous sommes une agence autonome et commercialement viable, dirig\u00e9e [&hellip;]<\/p>\n","protected":false},"author":6,"featured_media":10571,"parent":13846,"menu_order":0,"comment_status":"closed","ping_status":"closed","template":"templates\/page-governance.php","meta":{"_acf_changed":false,"footnotes":""},"class_list":["post-13827","page","type-page","status-publish","has-post-thumbnail","hentry"],"acf":[],"yoast_head":"<!-- This site is optimized with the Yoast SEO plugin v26.8 - https:\/\/yoast.com\/product\/yoast-seo-wordpress\/ -->\n<title>Gouvernance | Autorit\u00e9 portuaire de Prince Rupert %.<\/title>\n<meta name=\"description\" content=\"Gouvernance : D\u00e9couvrez notre structure de gouvernance transparente et responsable \u00e0 l&#039;Administration portuaire de Prince Rupert. En savoir plus sur nos principes.\" \/>\n<meta name=\"robots\" content=\"index, follow, max-snippet:-1, max-image-preview:large, max-video-preview:-1\" \/>\n<link rel=\"canonical\" href=\"https:\/\/www.rupertport.com\/fr\/a-propos-de\/gouvernance\/\" \/>\n<meta property=\"og:locale\" content=\"fr_FR\" \/>\n<meta property=\"og:type\" content=\"article\" \/>\n<meta property=\"og:title\" content=\"Gouvernance | Autorit\u00e9 portuaire de Prince Rupert %.\" \/>\n<meta property=\"og:description\" content=\"Gouvernance : D\u00e9couvrez notre structure de gouvernance transparente et responsable \u00e0 l&#039;Administration portuaire de Prince Rupert. En savoir plus sur nos principes.\" \/>\n<meta property=\"og:url\" content=\"https:\/\/www.rupertport.com\/fr\/a-propos-de\/gouvernance\/\" \/>\n<meta property=\"og:site_name\" content=\"Autorit\u00e9 portuaire de Prince Rupert\" \/>\n<meta property=\"article:publisher\" content=\"https:\/\/www.facebook.com\/rupertport\/\" \/>\n<meta property=\"article:modified_time\" content=\"2026-04-23T15:56:46+00:00\" \/>\n<meta property=\"og:image\" content=\"https:\/\/www.rupertport.com\/wp-content\/uploads\/2019\/12\/governance-feature.jpg\" \/>\n\t<meta property=\"og:image:width\" content=\"2001\" \/>\n\t<meta property=\"og:image:height\" content=\"859\" \/>\n\t<meta property=\"og:image:type\" content=\"image\/jpeg\" \/>\n<meta name=\"twitter:card\" content=\"summary_large_image\" \/>\n<meta name=\"twitter:site\" content=\"@rupertport\" \/>\n<script type=\"application\/ld+json\" class=\"yoast-schema-graph\">{\"@context\":\"https:\/\/schema.org\",\"@graph\":[{\"@type\":\"WebPage\",\"@id\":\"https:\/\/www.rupertport.com\/fr\/a-propos-de\/gouvernance\/\",\"url\":\"https:\/\/www.rupertport.com\/fr\/a-propos-de\/gouvernance\/\",\"name\":\"Gouvernance | Autorit\u00e9 portuaire de Prince Rupert %.\",\"isPartOf\":{\"@id\":\"https:\/\/www.rupertport.com\/fr\/#website\"},\"primaryImageOfPage\":{\"@id\":\"https:\/\/www.rupertport.com\/fr\/a-propos-de\/gouvernance\/#primaryimage\"},\"image\":{\"@id\":\"https:\/\/www.rupertport.com\/fr\/a-propos-de\/gouvernance\/#primaryimage\"},\"thumbnailUrl\":\"https:\/\/www.rupertport.com\/wp-content\/uploads\/2019\/12\/governance-feature.jpg\",\"datePublished\":\"2019-11-21T00:53:30+00:00\",\"dateModified\":\"2026-04-23T15:56:46+00:00\",\"description\":\"Gouvernance : D\u00e9couvrez notre structure de gouvernance transparente et responsable \u00e0 l'Administration portuaire de Prince Rupert. En savoir plus sur nos principes.\",\"breadcrumb\":{\"@id\":\"https:\/\/www.rupertport.com\/fr\/a-propos-de\/gouvernance\/#breadcrumb\"},\"inLanguage\":\"fr-FR\",\"potentialAction\":[{\"@type\":\"ReadAction\",\"target\":[\"https:\/\/www.rupertport.com\/fr\/a-propos-de\/gouvernance\/\"]}]},{\"@type\":\"ImageObject\",\"inLanguage\":\"fr-FR\",\"@id\":\"https:\/\/www.rupertport.com\/fr\/a-propos-de\/gouvernance\/#primaryimage\",\"url\":\"https:\/\/www.rupertport.com\/wp-content\/uploads\/2019\/12\/governance-feature.jpg\",\"contentUrl\":\"https:\/\/www.rupertport.com\/wp-content\/uploads\/2019\/12\/governance-feature.jpg\",\"width\":2001,\"height\":859},{\"@type\":\"BreadcrumbList\",\"@id\":\"https:\/\/www.rupertport.com\/fr\/a-propos-de\/gouvernance\/#breadcrumb\",\"itemListElement\":[{\"@type\":\"ListItem\",\"position\":1,\"name\":\"Home\",\"item\":\"https:\/\/www.rupertport.com\/fr\/page-de-garde\/\"},{\"@type\":\"ListItem\",\"position\":2,\"name\":\"\u00c0 propos de\",\"item\":\"https:\/\/www.rupertport.com\/fr\/a-propos-de\/\"},{\"@type\":\"ListItem\",\"position\":3,\"name\":\"Gouvernance\"}]},{\"@type\":\"WebSite\",\"@id\":\"https:\/\/www.rupertport.com\/fr\/#website\",\"url\":\"https:\/\/www.rupertport.com\/fr\/\",\"name\":\"Prince Rupert Port Authority\",\"description\":\"L'avant-garde du Canada\",\"publisher\":{\"@id\":\"https:\/\/www.rupertport.com\/fr\/#organization\"},\"alternateName\":\"PRPA\",\"potentialAction\":[{\"@type\":\"SearchAction\",\"target\":{\"@type\":\"EntryPoint\",\"urlTemplate\":\"https:\/\/www.rupertport.com\/fr\/?s={search_term_string}\"},\"query-input\":{\"@type\":\"PropertyValueSpecification\",\"valueRequired\":true,\"valueName\":\"search_term_string\"}}],\"inLanguage\":\"fr-FR\"},{\"@type\":\"Organization\",\"@id\":\"https:\/\/www.rupertport.com\/fr\/#organization\",\"name\":\"Prince Rupert Port Authority\",\"alternateName\":\"PRPA\",\"url\":\"https:\/\/www.rupertport.com\/fr\/\",\"logo\":{\"@type\":\"ImageObject\",\"inLanguage\":\"fr-FR\",\"@id\":\"https:\/\/www.rupertport.com\/fr\/#\/schema\/logo\/image\/\",\"url\":\"https:\/\/www.rupertport.com\/wp-content\/uploads\/2021\/04\/cropped-PRPA-logo-meta-1200x1200-1.jpg\",\"contentUrl\":\"https:\/\/www.rupertport.com\/wp-content\/uploads\/2021\/04\/cropped-PRPA-logo-meta-1200x1200-1.jpg\",\"width\":512,\"height\":512,\"caption\":\"Prince Rupert Port Authority\"},\"image\":{\"@id\":\"https:\/\/www.rupertport.com\/fr\/#\/schema\/logo\/image\/\"},\"sameAs\":[\"https:\/\/www.facebook.com\/rupertport\/\",\"https:\/\/x.com\/rupertport\"]}]}<\/script>\n<!-- \/ Yoast SEO plugin. -->","yoast_head_json":{"title":"Gouvernance | Autorit\u00e9 portuaire de Prince Rupert %.","description":"Gouvernance : D\u00e9couvrez notre structure de gouvernance transparente et responsable \u00e0 l'Administration portuaire de Prince Rupert. En savoir plus sur nos principes.","robots":{"index":"index","follow":"follow","max-snippet":"max-snippet:-1","max-image-preview":"max-image-preview:large","max-video-preview":"max-video-preview:-1"},"canonical":"https:\/\/www.rupertport.com\/fr\/a-propos-de\/gouvernance\/","og_locale":"fr_FR","og_type":"article","og_title":"Gouvernance | Autorit\u00e9 portuaire de Prince Rupert %.","og_description":"Gouvernance : D\u00e9couvrez notre structure de gouvernance transparente et responsable \u00e0 l'Administration portuaire de Prince Rupert. En savoir plus sur nos principes.","og_url":"https:\/\/www.rupertport.com\/fr\/a-propos-de\/gouvernance\/","og_site_name":"Autorit\u00e9 portuaire de Prince Rupert","article_publisher":"https:\/\/www.facebook.com\/rupertport\/","article_modified_time":"2026-04-23T15:56:46+00:00","og_image":[{"width":2001,"height":859,"url":"https:\/\/www.rupertport.com\/wp-content\/uploads\/2019\/12\/governance-feature.jpg","type":"image\/jpeg"}],"twitter_card":"summary_large_image","twitter_site":"@rupertport","schema":{"@context":"https:\/\/schema.org","@graph":[{"@type":"WebPage","@id":"https:\/\/www.rupertport.com\/fr\/a-propos-de\/gouvernance\/","url":"https:\/\/www.rupertport.com\/fr\/a-propos-de\/gouvernance\/","name":"Gouvernance | Autorit\u00e9 portuaire de Prince Rupert %.","isPartOf":{"@id":"https:\/\/www.rupertport.com\/fr\/#website"},"primaryImageOfPage":{"@id":"https:\/\/www.rupertport.com\/fr\/a-propos-de\/gouvernance\/#primaryimage"},"image":{"@id":"https:\/\/www.rupertport.com\/fr\/a-propos-de\/gouvernance\/#primaryimage"},"thumbnailUrl":"https:\/\/www.rupertport.com\/wp-content\/uploads\/2019\/12\/governance-feature.jpg","datePublished":"2019-11-21T00:53:30+00:00","dateModified":"2026-04-23T15:56:46+00:00","description":"Gouvernance : D\u00e9couvrez notre structure de gouvernance transparente et responsable \u00e0 l'Administration portuaire de Prince Rupert. En savoir plus sur nos principes.","breadcrumb":{"@id":"https:\/\/www.rupertport.com\/fr\/a-propos-de\/gouvernance\/#breadcrumb"},"inLanguage":"fr-FR","potentialAction":[{"@type":"ReadAction","target":["https:\/\/www.rupertport.com\/fr\/a-propos-de\/gouvernance\/"]}]},{"@type":"ImageObject","inLanguage":"fr-FR","@id":"https:\/\/www.rupertport.com\/fr\/a-propos-de\/gouvernance\/#primaryimage","url":"https:\/\/www.rupertport.com\/wp-content\/uploads\/2019\/12\/governance-feature.jpg","contentUrl":"https:\/\/www.rupertport.com\/wp-content\/uploads\/2019\/12\/governance-feature.jpg","width":2001,"height":859},{"@type":"BreadcrumbList","@id":"https:\/\/www.rupertport.com\/fr\/a-propos-de\/gouvernance\/#breadcrumb","itemListElement":[{"@type":"ListItem","position":1,"name":"Home","item":"https:\/\/www.rupertport.com\/fr\/page-de-garde\/"},{"@type":"ListItem","position":2,"name":"\u00c0 propos de","item":"https:\/\/www.rupertport.com\/fr\/a-propos-de\/"},{"@type":"ListItem","position":3,"name":"Gouvernance"}]},{"@type":"WebSite","@id":"https:\/\/www.rupertport.com\/fr\/#website","url":"https:\/\/www.rupertport.com\/fr\/","name":"Prince Rupert Port Authority","description":"L'avant-garde du Canada","publisher":{"@id":"https:\/\/www.rupertport.com\/fr\/#organization"},"alternateName":"PRPA","potentialAction":[{"@type":"SearchAction","target":{"@type":"EntryPoint","urlTemplate":"https:\/\/www.rupertport.com\/fr\/?s={search_term_string}"},"query-input":{"@type":"PropertyValueSpecification","valueRequired":true,"valueName":"search_term_string"}}],"inLanguage":"fr-FR"},{"@type":"Organization","@id":"https:\/\/www.rupertport.com\/fr\/#organization","name":"Prince Rupert Port Authority","alternateName":"PRPA","url":"https:\/\/www.rupertport.com\/fr\/","logo":{"@type":"ImageObject","inLanguage":"fr-FR","@id":"https:\/\/www.rupertport.com\/fr\/#\/schema\/logo\/image\/","url":"https:\/\/www.rupertport.com\/wp-content\/uploads\/2021\/04\/cropped-PRPA-logo-meta-1200x1200-1.jpg","contentUrl":"https:\/\/www.rupertport.com\/wp-content\/uploads\/2021\/04\/cropped-PRPA-logo-meta-1200x1200-1.jpg","width":512,"height":512,"caption":"Prince Rupert Port Authority"},"image":{"@id":"https:\/\/www.rupertport.com\/fr\/#\/schema\/logo\/image\/"},"sameAs":["https:\/\/www.facebook.com\/rupertport\/","https:\/\/x.com\/rupertport"]}]}},"_links":{"self":[{"href":"https:\/\/www.rupertport.com\/fr\/wp-json\/wp\/v2\/pages\/13827","targetHints":{"allow":["GET"]}}],"collection":[{"href":"https:\/\/www.rupertport.com\/fr\/wp-json\/wp\/v2\/pages"}],"about":[{"href":"https:\/\/www.rupertport.com\/fr\/wp-json\/wp\/v2\/types\/page"}],"author":[{"embeddable":true,"href":"https:\/\/www.rupertport.com\/fr\/wp-json\/wp\/v2\/users\/6"}],"replies":[{"embeddable":true,"href":"https:\/\/www.rupertport.com\/fr\/wp-json\/wp\/v2\/comments?post=13827"}],"version-history":[{"count":48,"href":"https:\/\/www.rupertport.com\/fr\/wp-json\/wp\/v2\/pages\/13827\/revisions"}],"predecessor-version":[{"id":27056,"href":"https:\/\/www.rupertport.com\/fr\/wp-json\/wp\/v2\/pages\/13827\/revisions\/27056"}],"up":[{"embeddable":true,"href":"https:\/\/www.rupertport.com\/fr\/wp-json\/wp\/v2\/pages\/13846"}],"wp:featuredmedia":[{"embeddable":true,"href":"https:\/\/www.rupertport.com\/fr\/wp-json\/wp\/v2\/media\/10571"}],"wp:attachment":[{"href":"https:\/\/www.rupertport.com\/fr\/wp-json\/wp\/v2\/media?parent=13827"}],"curies":[{"name":"wp","href":"https:\/\/api.w.org\/{rel}","templated":true}]}}