{"id":13826,"date":"2019-11-20T16:54:41","date_gmt":"2019-11-21T00:54:41","guid":{"rendered":"https:\/\/prpaprincerupertportauthor.kinsta.cloud\/equipe-de-direction\/"},"modified":"2026-02-02T15:29:18","modified_gmt":"2026-02-02T23:29:18","slug":"equipe-de-direction","status":"publish","type":"page","link":"https:\/\/www.rupertport.com\/fr\/a-propos-de\/equipe-de-direction\/","title":{"rendered":"\u00c9quipe de direction"},"content":{"rendered":"\n<p>L&rsquo;administration portuaire de Prince Rupert est une administration portuaire locale constitu\u00e9e en vertu de la <a aria-label=\" (opens in a new tab)\" href=\"https:\/\/laws-lois.justice.gc.ca\/eng\/acts\/c-6.7\/page-1.html\" target=\"_blank\" rel=\"noreferrer noopener\">loi maritime du Canada<\/a> et des lettres patentes d\u00e9livr\u00e9es dans le cadre de cette loi, afin d&rsquo;exploiter le port de Prince Rupert. Nous sommes une agence autonome et commercialement viable, dirig\u00e9e par un conseil d&rsquo;administration ind\u00e9pendant qui contr\u00f4le toutes les d\u00e9cisions du port. Notre mandat est de faciliter et de d\u00e9velopper le mouvement des marchandises et des passagers dans le port de Prince Rupert.<\/p>\n\n\n\n<p><\/p>\n","protected":false},"excerpt":{"rendered":"<p>L&rsquo;administration portuaire de Prince Rupert est une administration portuaire locale constitu\u00e9e en vertu de la loi maritime du Canada et des lettres patentes d\u00e9livr\u00e9es dans le cadre de cette loi, afin d&rsquo;exploiter le port de Prince Rupert. Nous sommes une agence autonome et commercialement viable, dirig\u00e9e par un conseil d&rsquo;administration ind\u00e9pendant qui contr\u00f4le toutes les [&hellip;]<\/p>\n","protected":false},"author":6,"featured_media":26319,"parent":13846,"menu_order":0,"comment_status":"closed","ping_status":"closed","template":"templates\/page-executive.php","meta":{"_acf_changed":false,"footnotes":""},"class_list":["post-13826","page","type-page","status-publish","has-post-thumbnail","hentry"],"acf":[],"yoast_head":"<!-- This site is optimized with the Yoast SEO plugin v26.8 - https:\/\/yoast.com\/product\/yoast-seo-wordpress\/ -->\n<title>Rencontrez notre \u00e9quipe de direction | Autorit\u00e9 portuaire de Prince Rupert<\/title>\n<meta name=\"description\" content=\"\u00c9quipe de direction : Rencontrez les dirigeants qui font le succ\u00e8s de L&#039;Administration portuaire de Prince Rupert. D\u00e9couvrez notre \u00e9quipe de direction exp\u00e9riment\u00e9e. Apprenez \u00e0 nous conna\u00eetre !\" \/>\n<meta name=\"robots\" content=\"index, follow, max-snippet:-1, max-image-preview:large, max-video-preview:-1\" \/>\n<link rel=\"canonical\" href=\"https:\/\/www.rupertport.com\/fr\/a-propos-de\/equipe-de-direction\/\" \/>\n<meta property=\"og:locale\" content=\"fr_FR\" \/>\n<meta property=\"og:type\" content=\"article\" \/>\n<meta property=\"og:title\" content=\"Rencontrez notre \u00e9quipe de direction | Autorit\u00e9 portuaire de Prince Rupert\" \/>\n<meta property=\"og:description\" content=\"\u00c9quipe de direction : Rencontrez les dirigeants qui font le succ\u00e8s de L&#039;Administration portuaire de Prince Rupert. D\u00e9couvrez notre \u00e9quipe de direction exp\u00e9riment\u00e9e. Apprenez \u00e0 nous conna\u00eetre !\" \/>\n<meta property=\"og:url\" content=\"https:\/\/www.rupertport.com\/fr\/a-propos-de\/equipe-de-direction\/\" \/>\n<meta property=\"og:site_name\" content=\"Autorit\u00e9 portuaire de Prince Rupert\" \/>\n<meta property=\"article:publisher\" content=\"https:\/\/www.facebook.com\/rupertport\/\" \/>\n<meta property=\"article:modified_time\" content=\"2026-02-02T23:29:18+00:00\" \/>\n<meta property=\"og:image\" content=\"https:\/\/www.rupertport.com\/wp-content\/uploads\/2019\/12\/executive-feature.jpg\" \/>\n\t<meta property=\"og:image:width\" content=\"2000\" \/>\n\t<meta property=\"og:image:height\" content=\"857\" \/>\n\t<meta property=\"og:image:type\" content=\"image\/jpeg\" \/>\n<meta name=\"twitter:card\" content=\"summary_large_image\" \/>\n<meta name=\"twitter:site\" content=\"@rupertport\" \/>\n<script type=\"application\/ld+json\" class=\"yoast-schema-graph\">{\"@context\":\"https:\/\/schema.org\",\"@graph\":[{\"@type\":\"WebPage\",\"@id\":\"https:\/\/www.rupertport.com\/fr\/a-propos-de\/equipe-de-direction\/\",\"url\":\"https:\/\/www.rupertport.com\/fr\/a-propos-de\/equipe-de-direction\/\",\"name\":\"Rencontrez notre \u00e9quipe de direction | Autorit\u00e9 portuaire de Prince Rupert\",\"isPartOf\":{\"@id\":\"https:\/\/www.rupertport.com\/fr\/#website\"},\"primaryImageOfPage\":{\"@id\":\"https:\/\/www.rupertport.com\/fr\/a-propos-de\/equipe-de-direction\/#primaryimage\"},\"image\":{\"@id\":\"https:\/\/www.rupertport.com\/fr\/a-propos-de\/equipe-de-direction\/#primaryimage\"},\"thumbnailUrl\":\"https:\/\/www.rupertport.com\/wp-content\/uploads\/2026\/02\/20210715-Fairview-at-Night-1.jpg\",\"datePublished\":\"2019-11-21T00:54:41+00:00\",\"dateModified\":\"2026-02-02T23:29:18+00:00\",\"description\":\"\u00c9quipe de direction : Rencontrez les dirigeants qui font le succ\u00e8s de L'Administration portuaire de Prince Rupert. D\u00e9couvrez notre \u00e9quipe de direction exp\u00e9riment\u00e9e. Apprenez \u00e0 nous conna\u00eetre !\",\"breadcrumb\":{\"@id\":\"https:\/\/www.rupertport.com\/fr\/a-propos-de\/equipe-de-direction\/#breadcrumb\"},\"inLanguage\":\"fr-FR\",\"potentialAction\":[{\"@type\":\"ReadAction\",\"target\":[\"https:\/\/www.rupertport.com\/fr\/a-propos-de\/equipe-de-direction\/\"]}]},{\"@type\":\"ImageObject\",\"inLanguage\":\"fr-FR\",\"@id\":\"https:\/\/www.rupertport.com\/fr\/a-propos-de\/equipe-de-direction\/#primaryimage\",\"url\":\"https:\/\/www.rupertport.com\/wp-content\/uploads\/2026\/02\/20210715-Fairview-at-Night-1.jpg\",\"contentUrl\":\"https:\/\/www.rupertport.com\/wp-content\/uploads\/2026\/02\/20210715-Fairview-at-Night-1.jpg\",\"width\":1920,\"height\":1279},{\"@type\":\"BreadcrumbList\",\"@id\":\"https:\/\/www.rupertport.com\/fr\/a-propos-de\/equipe-de-direction\/#breadcrumb\",\"itemListElement\":[{\"@type\":\"ListItem\",\"position\":1,\"name\":\"Home\",\"item\":\"https:\/\/www.rupertport.com\/fr\/page-de-garde\/\"},{\"@type\":\"ListItem\",\"position\":2,\"name\":\"\u00c0 propos de\",\"item\":\"https:\/\/www.rupertport.com\/fr\/a-propos-de\/\"},{\"@type\":\"ListItem\",\"position\":3,\"name\":\"\u00c9quipe de direction\"}]},{\"@type\":\"WebSite\",\"@id\":\"https:\/\/www.rupertport.com\/fr\/#website\",\"url\":\"https:\/\/www.rupertport.com\/fr\/\",\"name\":\"Prince Rupert Port Authority\",\"description\":\"L'avant-garde du Canada\",\"publisher\":{\"@id\":\"https:\/\/www.rupertport.com\/fr\/#organization\"},\"alternateName\":\"PRPA\",\"potentialAction\":[{\"@type\":\"SearchAction\",\"target\":{\"@type\":\"EntryPoint\",\"urlTemplate\":\"https:\/\/www.rupertport.com\/fr\/?s={search_term_string}\"},\"query-input\":{\"@type\":\"PropertyValueSpecification\",\"valueRequired\":true,\"valueName\":\"search_term_string\"}}],\"inLanguage\":\"fr-FR\"},{\"@type\":\"Organization\",\"@id\":\"https:\/\/www.rupertport.com\/fr\/#organization\",\"name\":\"Prince Rupert Port Authority\",\"alternateName\":\"PRPA\",\"url\":\"https:\/\/www.rupertport.com\/fr\/\",\"logo\":{\"@type\":\"ImageObject\",\"inLanguage\":\"fr-FR\",\"@id\":\"https:\/\/www.rupertport.com\/fr\/#\/schema\/logo\/image\/\",\"url\":\"https:\/\/www.rupertport.com\/wp-content\/uploads\/2021\/04\/cropped-PRPA-logo-meta-1200x1200-1.jpg\",\"contentUrl\":\"https:\/\/www.rupertport.com\/wp-content\/uploads\/2021\/04\/cropped-PRPA-logo-meta-1200x1200-1.jpg\",\"width\":512,\"height\":512,\"caption\":\"Prince Rupert Port Authority\"},\"image\":{\"@id\":\"https:\/\/www.rupertport.com\/fr\/#\/schema\/logo\/image\/\"},\"sameAs\":[\"https:\/\/www.facebook.com\/rupertport\/\",\"https:\/\/x.com\/rupertport\"]}]}<\/script>\n<!-- \/ Yoast SEO plugin. -->","yoast_head_json":{"title":"Rencontrez notre \u00e9quipe de direction | Autorit\u00e9 portuaire de Prince Rupert","description":"\u00c9quipe de direction : Rencontrez les dirigeants qui font le succ\u00e8s de L'Administration portuaire de Prince Rupert. D\u00e9couvrez notre \u00e9quipe de direction exp\u00e9riment\u00e9e. Apprenez \u00e0 nous conna\u00eetre !","robots":{"index":"index","follow":"follow","max-snippet":"max-snippet:-1","max-image-preview":"max-image-preview:large","max-video-preview":"max-video-preview:-1"},"canonical":"https:\/\/www.rupertport.com\/fr\/a-propos-de\/equipe-de-direction\/","og_locale":"fr_FR","og_type":"article","og_title":"Rencontrez notre \u00e9quipe de direction | Autorit\u00e9 portuaire de Prince Rupert","og_description":"\u00c9quipe de direction : Rencontrez les dirigeants qui font le succ\u00e8s de L'Administration portuaire de Prince Rupert. D\u00e9couvrez notre \u00e9quipe de direction exp\u00e9riment\u00e9e. Apprenez \u00e0 nous conna\u00eetre !","og_url":"https:\/\/www.rupertport.com\/fr\/a-propos-de\/equipe-de-direction\/","og_site_name":"Autorit\u00e9 portuaire de Prince Rupert","article_publisher":"https:\/\/www.facebook.com\/rupertport\/","article_modified_time":"2026-02-02T23:29:18+00:00","og_image":[{"width":2000,"height":857,"url":"https:\/\/www.rupertport.com\/wp-content\/uploads\/2019\/12\/executive-feature.jpg","type":"image\/jpeg"}],"twitter_card":"summary_large_image","twitter_site":"@rupertport","schema":{"@context":"https:\/\/schema.org","@graph":[{"@type":"WebPage","@id":"https:\/\/www.rupertport.com\/fr\/a-propos-de\/equipe-de-direction\/","url":"https:\/\/www.rupertport.com\/fr\/a-propos-de\/equipe-de-direction\/","name":"Rencontrez notre \u00e9quipe de direction | Autorit\u00e9 portuaire de Prince Rupert","isPartOf":{"@id":"https:\/\/www.rupertport.com\/fr\/#website"},"primaryImageOfPage":{"@id":"https:\/\/www.rupertport.com\/fr\/a-propos-de\/equipe-de-direction\/#primaryimage"},"image":{"@id":"https:\/\/www.rupertport.com\/fr\/a-propos-de\/equipe-de-direction\/#primaryimage"},"thumbnailUrl":"https:\/\/www.rupertport.com\/wp-content\/uploads\/2026\/02\/20210715-Fairview-at-Night-1.jpg","datePublished":"2019-11-21T00:54:41+00:00","dateModified":"2026-02-02T23:29:18+00:00","description":"\u00c9quipe de direction : Rencontrez les dirigeants qui font le succ\u00e8s de L'Administration portuaire de Prince Rupert. D\u00e9couvrez notre \u00e9quipe de direction exp\u00e9riment\u00e9e. Apprenez \u00e0 nous conna\u00eetre !","breadcrumb":{"@id":"https:\/\/www.rupertport.com\/fr\/a-propos-de\/equipe-de-direction\/#breadcrumb"},"inLanguage":"fr-FR","potentialAction":[{"@type":"ReadAction","target":["https:\/\/www.rupertport.com\/fr\/a-propos-de\/equipe-de-direction\/"]}]},{"@type":"ImageObject","inLanguage":"fr-FR","@id":"https:\/\/www.rupertport.com\/fr\/a-propos-de\/equipe-de-direction\/#primaryimage","url":"https:\/\/www.rupertport.com\/wp-content\/uploads\/2026\/02\/20210715-Fairview-at-Night-1.jpg","contentUrl":"https:\/\/www.rupertport.com\/wp-content\/uploads\/2026\/02\/20210715-Fairview-at-Night-1.jpg","width":1920,"height":1279},{"@type":"BreadcrumbList","@id":"https:\/\/www.rupertport.com\/fr\/a-propos-de\/equipe-de-direction\/#breadcrumb","itemListElement":[{"@type":"ListItem","position":1,"name":"Home","item":"https:\/\/www.rupertport.com\/fr\/page-de-garde\/"},{"@type":"ListItem","position":2,"name":"\u00c0 propos de","item":"https:\/\/www.rupertport.com\/fr\/a-propos-de\/"},{"@type":"ListItem","position":3,"name":"\u00c9quipe de direction"}]},{"@type":"WebSite","@id":"https:\/\/www.rupertport.com\/fr\/#website","url":"https:\/\/www.rupertport.com\/fr\/","name":"Prince Rupert Port Authority","description":"L'avant-garde du Canada","publisher":{"@id":"https:\/\/www.rupertport.com\/fr\/#organization"},"alternateName":"PRPA","potentialAction":[{"@type":"SearchAction","target":{"@type":"EntryPoint","urlTemplate":"https:\/\/www.rupertport.com\/fr\/?s={search_term_string}"},"query-input":{"@type":"PropertyValueSpecification","valueRequired":true,"valueName":"search_term_string"}}],"inLanguage":"fr-FR"},{"@type":"Organization","@id":"https:\/\/www.rupertport.com\/fr\/#organization","name":"Prince Rupert Port Authority","alternateName":"PRPA","url":"https:\/\/www.rupertport.com\/fr\/","logo":{"@type":"ImageObject","inLanguage":"fr-FR","@id":"https:\/\/www.rupertport.com\/fr\/#\/schema\/logo\/image\/","url":"https:\/\/www.rupertport.com\/wp-content\/uploads\/2021\/04\/cropped-PRPA-logo-meta-1200x1200-1.jpg","contentUrl":"https:\/\/www.rupertport.com\/wp-content\/uploads\/2021\/04\/cropped-PRPA-logo-meta-1200x1200-1.jpg","width":512,"height":512,"caption":"Prince Rupert Port Authority"},"image":{"@id":"https:\/\/www.rupertport.com\/fr\/#\/schema\/logo\/image\/"},"sameAs":["https:\/\/www.facebook.com\/rupertport\/","https:\/\/x.com\/rupertport"]}]}},"_links":{"self":[{"href":"https:\/\/www.rupertport.com\/fr\/wp-json\/wp\/v2\/pages\/13826","targetHints":{"allow":["GET"]}}],"collection":[{"href":"https:\/\/www.rupertport.com\/fr\/wp-json\/wp\/v2\/pages"}],"about":[{"href":"https:\/\/www.rupertport.com\/fr\/wp-json\/wp\/v2\/types\/page"}],"author":[{"embeddable":true,"href":"https:\/\/www.rupertport.com\/fr\/wp-json\/wp\/v2\/users\/6"}],"replies":[{"embeddable":true,"href":"https:\/\/www.rupertport.com\/fr\/wp-json\/wp\/v2\/comments?post=13826"}],"version-history":[{"count":13,"href":"https:\/\/www.rupertport.com\/fr\/wp-json\/wp\/v2\/pages\/13826\/revisions"}],"predecessor-version":[{"id":26247,"href":"https:\/\/www.rupertport.com\/fr\/wp-json\/wp\/v2\/pages\/13826\/revisions\/26247"}],"up":[{"embeddable":true,"href":"https:\/\/www.rupertport.com\/fr\/wp-json\/wp\/v2\/pages\/13846"}],"wp:featuredmedia":[{"embeddable":true,"href":"https:\/\/www.rupertport.com\/fr\/wp-json\/wp\/v2\/media\/26319"}],"wp:attachment":[{"href":"https:\/\/www.rupertport.com\/fr\/wp-json\/wp\/v2\/media?parent=13826"}],"curies":[{"name":"wp","href":"https:\/\/api.w.org\/{rel}","templated":true}]}}