{"id":13822,"date":"2019-11-20T16:57:31","date_gmt":"2019-11-21T00:57:31","guid":{"rendered":"https:\/\/prpaprincerupertportauthor.kinsta.cloud\/etats-financiers\/"},"modified":"2026-01-05T14:21:25","modified_gmt":"2026-01-05T22:21:25","slug":"etats-financiers","status":"publish","type":"page","link":"https:\/\/www.rupertport.com\/fr\/etats-financiers\/","title":{"rendered":"\u00c9tats financiers"},"content":{"rendered":"\n<p>Nous nous engageons \u00e0 faire preuve de transparence et de responsabilit\u00e9 fiscale dans l&rsquo;int\u00e9r\u00eat de tous nos partenaires, des parties prenantes et de la r\u00e9gion dans son ensemble.<\/p>\n\n\n\n<p>Si vous avez des questions concernant nos \u00e9tats financiers, veuillez <a href=\"mailto:finance@rupertport.com\">contacter notre service financier<\/a>.<\/p>\n\n\n\n<div class=\"wp-block-file\"><a id=\"wp-block-file--media-7db340aa-221b-4357-8f4f-9824301ce7a1\" href=\"https:\/\/www.rupertport.com\/wp-content\/uploads\/2025\/05\/Financial-Statements-Complete-Dec-24-Prince-Rupert-Port-Authority-FR.pdf\">2024<\/a><a href=\"https:\/\/www.rupertport.com\/wp-content\/uploads\/2025\/05\/Financial-Statements-Complete-Dec-24-Prince-Rupert-Port-Authority-FR.pdf\" class=\"wp-block-file__button wp-element-button\" download aria-describedby=\"wp-block-file--media-7db340aa-221b-4357-8f4f-9824301ce7a1\">T\u00e9l\u00e9charger en fran\u00e7ais<\/a><\/div>\n\n\n\n<div class=\"wp-block-file\"><a id=\"wp-block-file--media-aaf0f281-e607-45b7-8a98-1471d7d409c9\" href=\"https:\/\/www.rupertport.com\/wp-content\/uploads\/2024\/05\/Prince-Rupert-Port-Authority-Dec-23-Audited-Financial-Statements.pdf\">2023<\/a><a href=\"https:\/\/www.rupertport.com\/wp-content\/uploads\/2024\/05\/Prince-Rupert-Port-Authority-Dec-23-Audited-Financial-Statements.pdf\" class=\"wp-block-file__button wp-element-button\" download aria-describedby=\"wp-block-file--media-aaf0f281-e607-45b7-8a98-1471d7d409c9\">T\u00e9l\u00e9charger en anglais<\/a><\/div>\n\n\n\n<div class=\"wp-block-file\"><a id=\"wp-block-file--media-cd45f49f-3126-48e9-83a6-a49a6302d9e4\" href=\"https:\/\/www.rupertport.com\/wp-content\/uploads\/2024\/06\/APPR-Etats-financiers-consolides-31-decembre-2023.pdf\">2023<\/a><a href=\"https:\/\/www.rupertport.com\/wp-content\/uploads\/2024\/06\/APPR-Etats-financiers-consolides-31-decembre-2023.pdf\" class=\"wp-block-file__button wp-element-button\" download aria-describedby=\"wp-block-file--media-cd45f49f-3126-48e9-83a6-a49a6302d9e4\">T\u00e9l\u00e9charger en fran\u00e7ais<\/a><\/div>\n\n\n\n<div class=\"wp-block-file\"><a id=\"wp-block-file--media-aaf0f281-e607-45b7-8a98-1471d7d409c9\" href=\"https:\/\/www.rupertport.com\/wp-content\/uploads\/2023\/05\/2022-FS-Prince-Rupert-Port-Authority-English3.pdf\">2022<\/a><a href=\"https:\/\/www.rupertport.com\/wp-content\/uploads\/2023\/05\/2022-FS-Prince-Rupert-Port-Authority-English3.pdf\" class=\"wp-block-file__button wp-element-button\" download aria-describedby=\"wp-block-file--media-aaf0f281-e607-45b7-8a98-1471d7d409c9\">T\u00e9l\u00e9charger en anglais<\/a><\/div>\n\n\n\n<div class=\"wp-block-file\"><a id=\"wp-block-file--media-cd45f49f-3126-48e9-83a6-a49a6302d9e4\" href=\"https:\/\/www.rupertport.com\/wp-content\/uploads\/2023\/06\/2022-FS-Prince-Rupert-Port-Authority-French.pdf\">2022<\/a><a href=\"https:\/\/www.rupertport.com\/wp-content\/uploads\/2023\/06\/2022-FS-Prince-Rupert-Port-Authority-French.pdf\" class=\"wp-block-file__button wp-element-button\" download aria-describedby=\"wp-block-file--media-cd45f49f-3126-48e9-83a6-a49a6302d9e4\">T\u00e9l\u00e9charger en fran\u00e7ais<\/a><\/div>\n\n\n\n<div class=\"wp-block-file\"><a id=\"wp-block-file--media-e698c429-23d9-464b-89f8-fb6ffd1b1141\" href=\"https:\/\/www.rupertport.com\/wp-content\/uploads\/2022\/05\/2021-FS-Prince-Rupert-Port-Authority-English.pdf\">2021<\/a><a href=\"https:\/\/www.rupertport.com\/wp-content\/uploads\/2022\/05\/2021-FS-Prince-Rupert-Port-Authority-English.pdf\" class=\"wp-block-file__button wp-element-button\" download aria-describedby=\"wp-block-file--media-e698c429-23d9-464b-89f8-fb6ffd1b1141\">T\u00e9l\u00e9charger<\/a><\/div>\n\n\n\n<div class=\"wp-block-file\"><a id=\"wp-block-file--media-6e20a541-65b4-49f8-87c8-372c7d3c3c9c\" href=\"https:\/\/www.rupertport.com\/wp-content\/uploads\/2021\/05\/PRPA-20fs-Final-signed-1.pdf\">2020<\/a><a href=\"https:\/\/www.rupertport.com\/wp-content\/uploads\/2021\/05\/PRPA-20fs-Final-signed-1.pdf\" class=\"wp-block-file__button wp-element-button\" download aria-describedby=\"wp-block-file--media-6e20a541-65b4-49f8-87c8-372c7d3c3c9c\">T\u00e9l\u00e9charger<\/a><\/div>\n\n\n\n<div class=\"wp-block-file\"><a id=\"wp-block-file--media-2fab9bb1-f883-4e46-a4bd-1f6193dd45f2\" href=\"https:\/\/www.rupertport.com\/wp-content\/uploads\/2020\/07\/PRPA-2019-Report-Summary.pdf\">2019<\/a><a href=\"https:\/\/www.rupertport.com\/wp-content\/uploads\/2020\/07\/PRPA-2019-Report-Summary.pdf\" class=\"wp-block-file__button wp-element-button\" download aria-describedby=\"wp-block-file--media-2fab9bb1-f883-4e46-a4bd-1f6193dd45f2\">T\u00e9l\u00e9charger<\/a><\/div>\n\n\n\n<div class=\"wp-block-file\"><a id=\"wp-block-file--media-d1c2104a-82cf-4a2b-9f27-7370cd59de1f\" href=\"https:\/\/rupertport.com\/wp-content\/uploads\/2019\/12\/PRPA-18FS-Final.pdf\">2018<\/a><a href=\"https:\/\/rupertport.com\/wp-content\/uploads\/2019\/12\/PRPA-18FS-Final.pdf\" class=\"wp-block-file__button\" download=\"\" aria-describedby=\"wp-block-file--media-d1c2104a-82cf-4a2b-9f27-7370cd59de1f\">T\u00e9l\u00e9charger<\/a><\/div>\n\n\n\n<div class=\"wp-block-file\"><a id=\"wp-block-file--media-68c35f00-4ce1-4f4b-9771-908f74bdb935\" href=\"https:\/\/rupertport.com\/wp-content\/uploads\/2019\/12\/port-of-prince-rupert-2017-financial-statements.pdf\">2017<\/a><a href=\"https:\/\/rupertport.com\/wp-content\/uploads\/2019\/12\/port-of-prince-rupert-2017-financial-statements.pdf\" class=\"wp-block-file__button\" download=\"\" aria-describedby=\"wp-block-file--media-68c35f00-4ce1-4f4b-9771-908f74bdb935\">T\u00e9l\u00e9charger<\/a><\/div>\n\n\n\n<div class=\"wp-block-file\"><a id=\"wp-block-file--media-37e3b95a-6498-46d1-b2fe-2a0e71338879\" href=\"https:\/\/rupertport.com\/wp-content\/uploads\/2019\/12\/port-of-prince-rupert-financial-statements-2016.pdf\">2016<\/a><a href=\"https:\/\/rupertport.com\/wp-content\/uploads\/2019\/12\/port-of-prince-rupert-financial-statements-2016.pdf\" class=\"wp-block-file__button\" download=\"\" aria-describedby=\"wp-block-file--media-37e3b95a-6498-46d1-b2fe-2a0e71338879\">T\u00e9l\u00e9charger<\/a><\/div>\n\n\n\n<div class=\"wp-block-file\"><a id=\"wp-block-file--media-e780d87c-f5f6-45a9-9c1e-096e91de6012\" href=\"https:\/\/rupertport.com\/wp-content\/uploads\/2019\/12\/port-of-prince-rupert-financial-statements-2015.pdf\">2015<\/a><a href=\"https:\/\/rupertport.com\/wp-content\/uploads\/2019\/12\/port-of-prince-rupert-financial-statements-2015.pdf\" class=\"wp-block-file__button\" download=\"\" aria-describedby=\"wp-block-file--media-e780d87c-f5f6-45a9-9c1e-096e91de6012\">T\u00e9l\u00e9charger<\/a><\/div>\n\n\n\n<p><\/p>\n","protected":false},"excerpt":{"rendered":"<p>Nous nous engageons \u00e0 faire preuve de transparence et de responsabilit\u00e9 fiscale dans l&rsquo;int\u00e9r\u00eat de tous nos partenaires, des parties prenantes et de la r\u00e9gion dans son ensemble. Si vous avez des questions concernant nos \u00e9tats financiers, veuillez contacter notre service financier.<\/p>\n","protected":false},"author":6,"featured_media":10210,"parent":0,"menu_order":0,"comment_status":"closed","ping_status":"closed","template":"","meta":{"_acf_changed":false,"footnotes":""},"class_list":["post-13822","page","type-page","status-publish","has-post-thumbnail","hentry"],"acf":[],"yoast_head":"<!-- This site is optimized with the Yoast SEO plugin v26.8 - https:\/\/yoast.com\/product\/yoast-seo-wordpress\/ -->\n<title>\u00c9tats financiers | %.<\/title>\n<meta name=\"description\" content=\"\u00c9tats financiers : Acc\u00e9dez \u00e0 nos derniers rapports et \u00e9tats financiers \u00e0 L&#039;Administration portuaire de Prince Rupert. D\u00e9couvrez nos performances financi\u00e8res.\" \/>\n<meta name=\"robots\" content=\"index, follow, max-snippet:-1, max-image-preview:large, max-video-preview:-1\" \/>\n<link rel=\"canonical\" href=\"https:\/\/www.rupertport.com\/fr\/etats-financiers\/\" \/>\n<meta property=\"og:locale\" content=\"fr_FR\" \/>\n<meta property=\"og:type\" content=\"article\" \/>\n<meta property=\"og:title\" content=\"\u00c9tats financiers | %.\" \/>\n<meta property=\"og:description\" content=\"\u00c9tats financiers : Acc\u00e9dez \u00e0 nos derniers rapports et \u00e9tats financiers \u00e0 L&#039;Administration portuaire de Prince Rupert. D\u00e9couvrez nos performances financi\u00e8res.\" \/>\n<meta property=\"og:url\" content=\"https:\/\/www.rupertport.com\/fr\/etats-financiers\/\" \/>\n<meta property=\"og:site_name\" content=\"Autorit\u00e9 portuaire de Prince Rupert\" \/>\n<meta property=\"article:publisher\" content=\"https:\/\/www.facebook.com\/rupertport\/\" \/>\n<meta property=\"article:modified_time\" content=\"2026-01-05T22:21:25+00:00\" \/>\n<meta property=\"og:image\" content=\"https:\/\/www.rupertport.com\/wp-content\/uploads\/2019\/11\/rupert-port-historic-fairview-aerial-01-1-1-scaled.jpg\" \/>\n\t<meta property=\"og:image:width\" content=\"2560\" \/>\n\t<meta property=\"og:image:height\" content=\"1296\" \/>\n\t<meta property=\"og:image:type\" content=\"image\/jpeg\" \/>\n<meta name=\"twitter:card\" content=\"summary_large_image\" \/>\n<meta name=\"twitter:site\" content=\"@rupertport\" \/>\n<script type=\"application\/ld+json\" class=\"yoast-schema-graph\">{\"@context\":\"https:\/\/schema.org\",\"@graph\":[{\"@type\":\"WebPage\",\"@id\":\"https:\/\/www.rupertport.com\/fr\/etats-financiers\/\",\"url\":\"https:\/\/www.rupertport.com\/fr\/etats-financiers\/\",\"name\":\"\u00c9tats financiers | %.\",\"isPartOf\":{\"@id\":\"https:\/\/www.rupertport.com\/fr\/#website\"},\"primaryImageOfPage\":{\"@id\":\"https:\/\/www.rupertport.com\/fr\/etats-financiers\/#primaryimage\"},\"image\":{\"@id\":\"https:\/\/www.rupertport.com\/fr\/etats-financiers\/#primaryimage\"},\"thumbnailUrl\":\"https:\/\/www.rupertport.com\/wp-content\/uploads\/2019\/11\/rupert-port-historic-fairview-aerial-01-1-1-scaled.jpg\",\"datePublished\":\"2019-11-21T00:57:31+00:00\",\"dateModified\":\"2026-01-05T22:21:25+00:00\",\"description\":\"\u00c9tats financiers : Acc\u00e9dez \u00e0 nos derniers rapports et \u00e9tats financiers \u00e0 L'Administration portuaire de Prince Rupert. D\u00e9couvrez nos performances financi\u00e8res.\",\"breadcrumb\":{\"@id\":\"https:\/\/www.rupertport.com\/fr\/etats-financiers\/#breadcrumb\"},\"inLanguage\":\"fr-FR\",\"potentialAction\":[{\"@type\":\"ReadAction\",\"target\":[\"https:\/\/www.rupertport.com\/fr\/etats-financiers\/\"]}]},{\"@type\":\"ImageObject\",\"inLanguage\":\"fr-FR\",\"@id\":\"https:\/\/www.rupertport.com\/fr\/etats-financiers\/#primaryimage\",\"url\":\"https:\/\/www.rupertport.com\/wp-content\/uploads\/2019\/11\/rupert-port-historic-fairview-aerial-01-1-1-scaled.jpg\",\"contentUrl\":\"https:\/\/www.rupertport.com\/wp-content\/uploads\/2019\/11\/rupert-port-historic-fairview-aerial-01-1-1-scaled.jpg\",\"width\":2560,\"height\":1296},{\"@type\":\"BreadcrumbList\",\"@id\":\"https:\/\/www.rupertport.com\/fr\/etats-financiers\/#breadcrumb\",\"itemListElement\":[{\"@type\":\"ListItem\",\"position\":1,\"name\":\"Home\",\"item\":\"https:\/\/www.rupertport.com\/fr\/page-de-garde\/\"},{\"@type\":\"ListItem\",\"position\":2,\"name\":\"\u00c9tats financiers\"}]},{\"@type\":\"WebSite\",\"@id\":\"https:\/\/www.rupertport.com\/fr\/#website\",\"url\":\"https:\/\/www.rupertport.com\/fr\/\",\"name\":\"Prince Rupert Port Authority\",\"description\":\"L'avant-garde du Canada\",\"publisher\":{\"@id\":\"https:\/\/www.rupertport.com\/fr\/#organization\"},\"alternateName\":\"PRPA\",\"potentialAction\":[{\"@type\":\"SearchAction\",\"target\":{\"@type\":\"EntryPoint\",\"urlTemplate\":\"https:\/\/www.rupertport.com\/fr\/?s={search_term_string}\"},\"query-input\":{\"@type\":\"PropertyValueSpecification\",\"valueRequired\":true,\"valueName\":\"search_term_string\"}}],\"inLanguage\":\"fr-FR\"},{\"@type\":\"Organization\",\"@id\":\"https:\/\/www.rupertport.com\/fr\/#organization\",\"name\":\"Prince Rupert Port Authority\",\"alternateName\":\"PRPA\",\"url\":\"https:\/\/www.rupertport.com\/fr\/\",\"logo\":{\"@type\":\"ImageObject\",\"inLanguage\":\"fr-FR\",\"@id\":\"https:\/\/www.rupertport.com\/fr\/#\/schema\/logo\/image\/\",\"url\":\"https:\/\/www.rupertport.com\/wp-content\/uploads\/2021\/04\/cropped-PRPA-logo-meta-1200x1200-1.jpg\",\"contentUrl\":\"https:\/\/www.rupertport.com\/wp-content\/uploads\/2021\/04\/cropped-PRPA-logo-meta-1200x1200-1.jpg\",\"width\":512,\"height\":512,\"caption\":\"Prince Rupert Port Authority\"},\"image\":{\"@id\":\"https:\/\/www.rupertport.com\/fr\/#\/schema\/logo\/image\/\"},\"sameAs\":[\"https:\/\/www.facebook.com\/rupertport\/\",\"https:\/\/x.com\/rupertport\"]}]}<\/script>\n<!-- \/ Yoast SEO plugin. -->","yoast_head_json":{"title":"\u00c9tats financiers | %.","description":"\u00c9tats financiers : Acc\u00e9dez \u00e0 nos derniers rapports et \u00e9tats financiers \u00e0 L'Administration portuaire de Prince Rupert. D\u00e9couvrez nos performances financi\u00e8res.","robots":{"index":"index","follow":"follow","max-snippet":"max-snippet:-1","max-image-preview":"max-image-preview:large","max-video-preview":"max-video-preview:-1"},"canonical":"https:\/\/www.rupertport.com\/fr\/etats-financiers\/","og_locale":"fr_FR","og_type":"article","og_title":"\u00c9tats financiers | %.","og_description":"\u00c9tats financiers : Acc\u00e9dez \u00e0 nos derniers rapports et \u00e9tats financiers \u00e0 L'Administration portuaire de Prince Rupert. D\u00e9couvrez nos performances financi\u00e8res.","og_url":"https:\/\/www.rupertport.com\/fr\/etats-financiers\/","og_site_name":"Autorit\u00e9 portuaire de Prince Rupert","article_publisher":"https:\/\/www.facebook.com\/rupertport\/","article_modified_time":"2026-01-05T22:21:25+00:00","og_image":[{"width":2560,"height":1296,"url":"https:\/\/www.rupertport.com\/wp-content\/uploads\/2019\/11\/rupert-port-historic-fairview-aerial-01-1-1-scaled.jpg","type":"image\/jpeg"}],"twitter_card":"summary_large_image","twitter_site":"@rupertport","schema":{"@context":"https:\/\/schema.org","@graph":[{"@type":"WebPage","@id":"https:\/\/www.rupertport.com\/fr\/etats-financiers\/","url":"https:\/\/www.rupertport.com\/fr\/etats-financiers\/","name":"\u00c9tats financiers | %.","isPartOf":{"@id":"https:\/\/www.rupertport.com\/fr\/#website"},"primaryImageOfPage":{"@id":"https:\/\/www.rupertport.com\/fr\/etats-financiers\/#primaryimage"},"image":{"@id":"https:\/\/www.rupertport.com\/fr\/etats-financiers\/#primaryimage"},"thumbnailUrl":"https:\/\/www.rupertport.com\/wp-content\/uploads\/2019\/11\/rupert-port-historic-fairview-aerial-01-1-1-scaled.jpg","datePublished":"2019-11-21T00:57:31+00:00","dateModified":"2026-01-05T22:21:25+00:00","description":"\u00c9tats financiers : Acc\u00e9dez \u00e0 nos derniers rapports et \u00e9tats financiers \u00e0 L'Administration portuaire de Prince Rupert. D\u00e9couvrez nos performances financi\u00e8res.","breadcrumb":{"@id":"https:\/\/www.rupertport.com\/fr\/etats-financiers\/#breadcrumb"},"inLanguage":"fr-FR","potentialAction":[{"@type":"ReadAction","target":["https:\/\/www.rupertport.com\/fr\/etats-financiers\/"]}]},{"@type":"ImageObject","inLanguage":"fr-FR","@id":"https:\/\/www.rupertport.com\/fr\/etats-financiers\/#primaryimage","url":"https:\/\/www.rupertport.com\/wp-content\/uploads\/2019\/11\/rupert-port-historic-fairview-aerial-01-1-1-scaled.jpg","contentUrl":"https:\/\/www.rupertport.com\/wp-content\/uploads\/2019\/11\/rupert-port-historic-fairview-aerial-01-1-1-scaled.jpg","width":2560,"height":1296},{"@type":"BreadcrumbList","@id":"https:\/\/www.rupertport.com\/fr\/etats-financiers\/#breadcrumb","itemListElement":[{"@type":"ListItem","position":1,"name":"Home","item":"https:\/\/www.rupertport.com\/fr\/page-de-garde\/"},{"@type":"ListItem","position":2,"name":"\u00c9tats financiers"}]},{"@type":"WebSite","@id":"https:\/\/www.rupertport.com\/fr\/#website","url":"https:\/\/www.rupertport.com\/fr\/","name":"Prince Rupert Port Authority","description":"L'avant-garde du Canada","publisher":{"@id":"https:\/\/www.rupertport.com\/fr\/#organization"},"alternateName":"PRPA","potentialAction":[{"@type":"SearchAction","target":{"@type":"EntryPoint","urlTemplate":"https:\/\/www.rupertport.com\/fr\/?s={search_term_string}"},"query-input":{"@type":"PropertyValueSpecification","valueRequired":true,"valueName":"search_term_string"}}],"inLanguage":"fr-FR"},{"@type":"Organization","@id":"https:\/\/www.rupertport.com\/fr\/#organization","name":"Prince Rupert Port Authority","alternateName":"PRPA","url":"https:\/\/www.rupertport.com\/fr\/","logo":{"@type":"ImageObject","inLanguage":"fr-FR","@id":"https:\/\/www.rupertport.com\/fr\/#\/schema\/logo\/image\/","url":"https:\/\/www.rupertport.com\/wp-content\/uploads\/2021\/04\/cropped-PRPA-logo-meta-1200x1200-1.jpg","contentUrl":"https:\/\/www.rupertport.com\/wp-content\/uploads\/2021\/04\/cropped-PRPA-logo-meta-1200x1200-1.jpg","width":512,"height":512,"caption":"Prince Rupert Port Authority"},"image":{"@id":"https:\/\/www.rupertport.com\/fr\/#\/schema\/logo\/image\/"},"sameAs":["https:\/\/www.facebook.com\/rupertport\/","https:\/\/x.com\/rupertport"]}]}},"_links":{"self":[{"href":"https:\/\/www.rupertport.com\/fr\/wp-json\/wp\/v2\/pages\/13822","targetHints":{"allow":["GET"]}}],"collection":[{"href":"https:\/\/www.rupertport.com\/fr\/wp-json\/wp\/v2\/pages"}],"about":[{"href":"https:\/\/www.rupertport.com\/fr\/wp-json\/wp\/v2\/types\/page"}],"author":[{"embeddable":true,"href":"https:\/\/www.rupertport.com\/fr\/wp-json\/wp\/v2\/users\/6"}],"replies":[{"embeddable":true,"href":"https:\/\/www.rupertport.com\/fr\/wp-json\/wp\/v2\/comments?post=13822"}],"version-history":[{"count":6,"href":"https:\/\/www.rupertport.com\/fr\/wp-json\/wp\/v2\/pages\/13822\/revisions"}],"predecessor-version":[{"id":25840,"href":"https:\/\/www.rupertport.com\/fr\/wp-json\/wp\/v2\/pages\/13822\/revisions\/25840"}],"wp:featuredmedia":[{"embeddable":true,"href":"https:\/\/www.rupertport.com\/fr\/wp-json\/wp\/v2\/media\/10210"}],"wp:attachment":[{"href":"https:\/\/www.rupertport.com\/fr\/wp-json\/wp\/v2\/media?parent=13822"}],"curies":[{"name":"wp","href":"https:\/\/api.w.org\/{rel}","templated":true}]}}