{"id":13818,"date":"2021-05-03T18:25:20","date_gmt":"2021-05-04T02:25:20","guid":{"rendered":"https:\/\/prpaprincerupertportauthor.kinsta.cloud\/gestion-de-lenvironnement\/"},"modified":"2023-07-31T19:36:21","modified_gmt":"2023-07-31T19:36:21","slug":"gestion-de-lenvironnement-2","status":"publish","type":"page","link":"https:\/\/www.rupertport.com\/fr\/gestion-de-lenvironnement-2\/","title":{"rendered":"Gestion de l&rsquo;environnement"},"content":{"rendered":"\n<p>\u00c0 l&rsquo;APPR, la gestion de l&rsquo;environnement signifie un engagement \u00e0 devenir neutre en carbone d&rsquo;ici 2050 et la protection de la vie marine, tout en fournissant des op\u00e9rations maritimes et terrestres innovantes.  <\/p>\n\n<div class=\"wp-block-columns is-layout-flex wp-container-core-columns-is-layout-9d6595d7 wp-block-columns-is-layout-flex\">\n<div class=\"wp-block-column is-layout-flow wp-block-column-is-layout-flow\" style=\"flex-basis:33.33%\">\n<figure class=\"wp-block-image size-large\"><img loading=\"lazy\" decoding=\"async\" width=\"1024\" height=\"682\" src=\"https:\/\/www.rupertport.com\/wp-content\/uploads\/2018\/04\/Yang-Ming-and-THE-Alliance-Introduce-Weekly-PS8-Prince-Rupert-Service-1024x682.jpg\" alt=\"\" class=\"wp-image-3057\" srcset=\"https:\/\/www.rupertport.com\/wp-content\/uploads\/2018\/04\/Yang-Ming-and-THE-Alliance-Introduce-Weekly-PS8-Prince-Rupert-Service-1024x682.jpg 1024w, https:\/\/www.rupertport.com\/wp-content\/uploads\/2018\/04\/Yang-Ming-and-THE-Alliance-Introduce-Weekly-PS8-Prince-Rupert-Service-300x200.jpg 300w, https:\/\/www.rupertport.com\/wp-content\/uploads\/2018\/04\/Yang-Ming-and-THE-Alliance-Introduce-Weekly-PS8-Prince-Rupert-Service-768x512.jpg 768w, https:\/\/www.rupertport.com\/wp-content\/uploads\/2018\/04\/Yang-Ming-and-THE-Alliance-Introduce-Weekly-PS8-Prince-Rupert-Service-1536x1024.jpg 1536w, https:\/\/www.rupertport.com\/wp-content\/uploads\/2018\/04\/Yang-Ming-and-THE-Alliance-Introduce-Weekly-PS8-Prince-Rupert-Service.jpg 2000w\" sizes=\"auto, (max-width: 1024px) 100vw, 1024px\" \/><\/figure>\n\n\n\n<figure class=\"wp-block-image size-large\"><img loading=\"lazy\" decoding=\"async\" width=\"1024\" height=\"731\" src=\"https:\/\/stage.rupertport.com\/wp-content\/uploads\/2021\/05\/PS-edit_4774-1024x731.jpg\" alt=\"\" class=\"wp-image-6008\" srcset=\"https:\/\/www.rupertport.com\/wp-content\/uploads\/2021\/05\/PS-edit_4774-1024x731.jpg 1024w, https:\/\/www.rupertport.com\/wp-content\/uploads\/2021\/05\/PS-edit_4774-300x214.jpg 300w, https:\/\/www.rupertport.com\/wp-content\/uploads\/2021\/05\/PS-edit_4774-768x549.jpg 768w, https:\/\/www.rupertport.com\/wp-content\/uploads\/2021\/05\/PS-edit_4774-1536x1097.jpg 1536w, https:\/\/www.rupertport.com\/wp-content\/uploads\/2021\/05\/PS-edit_4774-350x250.jpg 350w, https:\/\/www.rupertport.com\/wp-content\/uploads\/2021\/05\/PS-edit_4774.jpg 1680w\" sizes=\"auto, (max-width: 1024px) 100vw, 1024px\" \/><\/figure>\n\n\n\n<figure class=\"wp-block-image size-large\"><img loading=\"lazy\" decoding=\"async\" width=\"1024\" height=\"486\" src=\"https:\/\/www.rupertport.com\/wp-content\/uploads\/2019\/11\/whale-report-alert-system-feature-1024x486.jpg\" alt=\"\" class=\"wp-image-414\" srcset=\"https:\/\/www.rupertport.com\/wp-content\/uploads\/2019\/11\/whale-report-alert-system-feature-1024x486.jpg 1024w, https:\/\/www.rupertport.com\/wp-content\/uploads\/2019\/11\/whale-report-alert-system-feature-300x142.jpg 300w, https:\/\/www.rupertport.com\/wp-content\/uploads\/2019\/11\/whale-report-alert-system-feature-768x364.jpg 768w, https:\/\/www.rupertport.com\/wp-content\/uploads\/2019\/11\/whale-report-alert-system-feature.jpg 1514w\" sizes=\"auto, (max-width: 1024px) 100vw, 1024px\" \/><\/figure>\n\n\n\n<figure class=\"wp-block-image size-large\"><img loading=\"lazy\" decoding=\"async\" width=\"1024\" height=\"685\" src=\"https:\/\/www.rupertport.com\/wp-content\/uploads\/2019\/11\/Initiative-to-Support-Skeena-River-Salmon-Announced-1-1024x685.jpg\" alt=\"\" class=\"wp-image-430\" srcset=\"https:\/\/www.rupertport.com\/wp-content\/uploads\/2019\/11\/Initiative-to-Support-Skeena-River-Salmon-Announced-1-1024x685.jpg 1024w, https:\/\/www.rupertport.com\/wp-content\/uploads\/2019\/11\/Initiative-to-Support-Skeena-River-Salmon-Announced-1-300x201.jpg 300w, https:\/\/www.rupertport.com\/wp-content\/uploads\/2019\/11\/Initiative-to-Support-Skeena-River-Salmon-Announced-1-768x514.jpg 768w, https:\/\/www.rupertport.com\/wp-content\/uploads\/2019\/11\/Initiative-to-Support-Skeena-River-Salmon-Announced-1-1536x1028.jpg 1536w, https:\/\/www.rupertport.com\/wp-content\/uploads\/2019\/11\/Initiative-to-Support-Skeena-River-Salmon-Announced-1.jpg 2000w\" sizes=\"auto, (max-width: 1024px) 100vw, 1024px\" \/><\/figure>\n<\/div>\n\n\n\n<div class=\"wp-block-column is-layout-flow wp-block-column-is-layout-flow\" style=\"flex-basis:66.66%\">\n<h2 class=\"wp-block-heading\">Strat\u00e9gie de r\u00e9duction des \u00e9missions de carbone<\/h2>\n\n\n\n<p>L&rsquo;APPR s&rsquo;est engag\u00e9e \u00e0 devenir neutre en carbone d&rsquo;ici 2050, avec un premier objectif de r\u00e9duction de 30 % des \u00e9missions de carbone d&rsquo;ici 2030. \u00c0 l&rsquo;heure actuelle, le co\u00fbt par tonne de marchandises du port de Prince Rupert est nettement inf\u00e9rieur \u00e0 celui d&rsquo;autres ports. Mais nous pouvons faire mieux ; voici quelques moyens d&rsquo;y parvenir :<\/p>\n\n\n\n<ul class=\"wp-block-list\">\n<li><strong>Alimentation \u00e0 quai<\/strong> &#8211; en veillant \u00e0 ce que les navires \u00e0 quai au terminal Fairview aient acc\u00e8s \u00e0 de l&rsquo;hydro\u00e9lectricit\u00e9 propre. Pour en savoir plus sur l&rsquo;initiative shorepower du port de Prince Rupert, cliquez ici. <\/li>\n\n\n\n<li><strong>Vague verte<\/strong> &#8211; en encourageant les exp\u00e9diteurs \u00e0 adh\u00e9rer \u00e0 nos pratiques en mati\u00e8re de d\u00e9veloppement durable. Pour plus d&rsquo;informations sur le programme de la Vague verte, cliquez ici. <\/li>\n\n\n\n<li><strong>Surveillance de la qualit\u00e9 de l&rsquo;air<\/strong> &#8211; pour comprendre o\u00f9 nous allons, nous devons savoir o\u00f9 nous sommes all\u00e9s. L&rsquo;APPR entreprend un inventaire annuel des \u00e9missions pour quantifier les activit\u00e9s actuelles, ainsi qu&rsquo;un contr\u00f4le complet de la qualit\u00e9 de l&rsquo;air pour s&rsquo;assurer que nous restons dans les clous et que nous am\u00e9liorons nos performances en permanence. Pour en savoir plus, cliquez ici. <\/li>\n<\/ul>\n\n\n\n<h2 class=\"wp-block-heading\">Protection de la vie marine<\/h2>\n\n\n\n<p>La protection de la vie marine vuln\u00e9rable contre les op\u00e9rations maritimes et les esp\u00e8ces envahissantes est un principe fondamental au port de Prince Rupert. L&rsquo;APPR g\u00e8re activement ou contribue aux initiatives suivantes pour soutenir la protection de la vie marine :<\/p>\n\n\n\n<ul class=\"wp-block-list\">\n<li><strong>Programme sur les esp\u00e8ces aquatiques envahissantes<\/strong> &#8211; les esp\u00e8ces envahissantes peuvent modifier radicalement l&rsquo;habitat et le rendre inhospitalier pour les esp\u00e8ces existantes. Pour plus d&rsquo;informations sur les mesures prises par l&rsquo;APPR pour att\u00e9nuer ce risque, cliquez ici. <\/li>\n\n\n\n<li><strong>Programme pour les mamm<\/strong> if\u00e8res marins &#8211; Le programme pour les mammif\u00e8res marins du port de Prince Rupert est bas\u00e9 sur la compr\u00e9hension du fait qu&rsquo;un certain nombre d&rsquo;esp\u00e8ces de c\u00e9tac\u00e9s sont vuln\u00e9rables \u00e0 la fois aux collisions avec les navires et aux perturbations sonores r\u00e9sultant des activit\u00e9s li\u00e9es au port. Pour mieux comprendre la vari\u00e9t\u00e9 des initiatives qui rel\u00e8vent du programme sur les mammif\u00e8res marins, cliquez ici. <\/li>\n<\/ul>\n\n\n\n<h2 class=\"wp-block-heading\">Op\u00e9rations innovantes<\/h2>\n\n\n\n<p>L&rsquo;APPR adopte une approche innovante pour garantir la protection de notre environnement local pour les g\u00e9n\u00e9rations futures. Cette approche comprend notamment des partenariats avec les communaut\u00e9s autochtones et l&rsquo;application de technologies de niveau militaire dans nos op\u00e9rations et notre surveillance environnementales. Parmi les exemples, citons notre participation \u00e0 l&rsquo;initiative ShoreZone et les efforts d\u00e9ploy\u00e9s pour prot\u00e9ger l&rsquo;habitat c\u00f4tier. Pour plus d&rsquo;informations \u00e0 ce sujet, <a href=\"https:\/\/www.rupertport.com\/fr\/shorezone-et-protection-de-lhabitat-du-littoral\/\">cliquez ici<\/a>.  <\/p>\n\n\n\n<h2 class=\"wp-block-heading\">Op\u00e9rations maritimes<\/h2>\n\n\n\n<p>La s\u00e9curit\u00e9 est un pilier essentiel du mandat de l&rsquo;APPR et nous continuons \u00e0 \u00eatre une organisation de pointe, garantissant une communaut\u00e9 et une passerelle commerciale s\u00fbres et s\u00e9curis\u00e9es. En collaboration avec nos nombreux partenaires industriels, tels que la Garde c\u00f4ti\u00e8re canadienne, BC Coast Pilots et l&rsquo;Administration de pilotage du Pacifique, des infrastructures innovantes et des technologies de pointe font du port de Prince Rupert l&rsquo;un des plus s\u00fbrs et des plus faciles \u00e0 naviguer. Pour en savoir plus sur nos op\u00e9rations maritimes et sur la mani\u00e8re dont nous maintenons notre r\u00e9putation de leader en mati\u00e8re de s\u00e9curit\u00e9 maritime, <a href=\"https:\/\/www.rupertport.com\/fr\/operations-et-securite-maritimes\/\">cliquez ici<\/a>.  <\/p>\n<\/div>\n<\/div>\n\n<div class=\"wp-block-columns is-layout-flex wp-container-core-columns-is-layout-9d6595d7 wp-block-columns-is-layout-flex\">\n<div class=\"wp-block-column is-layout-flow wp-block-column-is-layout-flow\">\n<h3 class=\"wp-block-heading\">Pour rester connect\u00e9 et inform\u00e9, rejoignez la communaut\u00e9 de notre lettre d&rsquo;information <a href=\"https:\/\/www.rupertport.com\/fr\/nouvelles\/bulletins-dinformation\/\">ici<\/a>.<\/h3>\n<\/div>\n<\/div>\n","protected":false},"excerpt":{"rendered":"<p>\u00c0 l&rsquo;APPR, la gestion de l&rsquo;environnement signifie un engagement \u00e0 devenir neutre en carbone d&rsquo;ici 2050 et la protection de la vie marine, tout en fournissant des op\u00e9rations maritimes et terrestres innovantes. Strat\u00e9gie de r\u00e9duction des \u00e9missions de carbone L&rsquo;APPR s&rsquo;est engag\u00e9e \u00e0 devenir neutre en carbone d&rsquo;ici 2050, avec un premier objectif de r\u00e9duction [&hellip;]<\/p>\n","protected":false},"author":4,"featured_media":18823,"parent":0,"menu_order":0,"comment_status":"closed","ping_status":"closed","template":"","meta":{"_acf_changed":false,"footnotes":""},"class_list":["post-13818","page","type-page","status-publish","has-post-thumbnail","hentry"],"acf":[],"yoast_head":"<!-- This site is optimized with the Yoast SEO plugin v26.8 - https:\/\/yoast.com\/product\/yoast-seo-wordpress\/ -->\n<title>Gestion de l&#039;environnement | Autorit\u00e9 portuaire de Prince Rupert<\/title>\n<meta name=\"description\" content=\"D\u00e9couvrez l&#039;engagement de l&#039;L&#039;Administration portuaire de Prince Rupert en mati\u00e8re de gestion de l&#039;environnement. Ensemble, nous prot\u00e9geons.\" \/>\n<meta name=\"robots\" content=\"index, follow, max-snippet:-1, max-image-preview:large, max-video-preview:-1\" \/>\n<link rel=\"canonical\" href=\"https:\/\/www.rupertport.com\/fr\/gestion-de-lenvironnement-2\/\" \/>\n<meta property=\"og:locale\" content=\"fr_FR\" \/>\n<meta property=\"og:type\" content=\"article\" \/>\n<meta property=\"og:title\" content=\"Gestion de l&#039;environnement | Autorit\u00e9 portuaire de Prince Rupert\" \/>\n<meta property=\"og:description\" content=\"D\u00e9couvrez l&#039;engagement de l&#039;L&#039;Administration portuaire de Prince Rupert en mati\u00e8re de gestion de l&#039;environnement. Ensemble, nous prot\u00e9geons.\" \/>\n<meta property=\"og:url\" content=\"https:\/\/www.rupertport.com\/fr\/gestion-de-lenvironnement-2\/\" \/>\n<meta property=\"og:site_name\" content=\"Autorit\u00e9 portuaire de Prince Rupert\" \/>\n<meta property=\"article:publisher\" content=\"https:\/\/www.facebook.com\/rupertport\/\" \/>\n<meta property=\"article:modified_time\" content=\"2023-07-31T19:36:21+00:00\" \/>\n<meta property=\"og:image\" content=\"https:\/\/www.rupertport.com\/wp-content\/uploads\/2021\/05\/Caitlin-2.jpg\" \/>\n\t<meta property=\"og:image:width\" content=\"1680\" \/>\n\t<meta property=\"og:image:height\" content=\"335\" \/>\n\t<meta property=\"og:image:type\" content=\"image\/jpeg\" \/>\n<meta name=\"twitter:card\" content=\"summary_large_image\" \/>\n<meta name=\"twitter:site\" content=\"@rupertport\" \/>\n<script type=\"application\/ld+json\" class=\"yoast-schema-graph\">{\"@context\":\"https:\/\/schema.org\",\"@graph\":[{\"@type\":\"WebPage\",\"@id\":\"https:\/\/www.rupertport.com\/fr\/gestion-de-lenvironnement-2\/\",\"url\":\"https:\/\/www.rupertport.com\/fr\/gestion-de-lenvironnement-2\/\",\"name\":\"Gestion de l'environnement | Autorit\u00e9 portuaire de Prince Rupert\",\"isPartOf\":{\"@id\":\"https:\/\/www.rupertport.com\/fr\/#website\"},\"primaryImageOfPage\":{\"@id\":\"https:\/\/www.rupertport.com\/fr\/gestion-de-lenvironnement-2\/#primaryimage\"},\"image\":{\"@id\":\"https:\/\/www.rupertport.com\/fr\/gestion-de-lenvironnement-2\/#primaryimage\"},\"thumbnailUrl\":\"https:\/\/www.rupertport.com\/wp-content\/uploads\/2024\/04\/IMG_0160-post-ppt.jpg\",\"datePublished\":\"2021-05-04T02:25:20+00:00\",\"dateModified\":\"2023-07-31T19:36:21+00:00\",\"description\":\"D\u00e9couvrez l'engagement de l'L'Administration portuaire de Prince Rupert en mati\u00e8re de gestion de l'environnement. Ensemble, nous prot\u00e9geons.\",\"breadcrumb\":{\"@id\":\"https:\/\/www.rupertport.com\/fr\/gestion-de-lenvironnement-2\/#breadcrumb\"},\"inLanguage\":\"fr-FR\",\"potentialAction\":[{\"@type\":\"ReadAction\",\"target\":[\"https:\/\/www.rupertport.com\/fr\/gestion-de-lenvironnement-2\/\"]}]},{\"@type\":\"ImageObject\",\"inLanguage\":\"fr-FR\",\"@id\":\"https:\/\/www.rupertport.com\/fr\/gestion-de-lenvironnement-2\/#primaryimage\",\"url\":\"https:\/\/www.rupertport.com\/wp-content\/uploads\/2024\/04\/IMG_0160-post-ppt.jpg\",\"contentUrl\":\"https:\/\/www.rupertport.com\/wp-content\/uploads\/2024\/04\/IMG_0160-post-ppt.jpg\",\"width\":1920,\"height\":1080},{\"@type\":\"BreadcrumbList\",\"@id\":\"https:\/\/www.rupertport.com\/fr\/gestion-de-lenvironnement-2\/#breadcrumb\",\"itemListElement\":[{\"@type\":\"ListItem\",\"position\":1,\"name\":\"Home\",\"item\":\"https:\/\/www.rupertport.com\/fr\/page-de-garde\/\"},{\"@type\":\"ListItem\",\"position\":2,\"name\":\"Gestion de l&#8217;environnement\"}]},{\"@type\":\"WebSite\",\"@id\":\"https:\/\/www.rupertport.com\/fr\/#website\",\"url\":\"https:\/\/www.rupertport.com\/fr\/\",\"name\":\"Prince Rupert Port Authority\",\"description\":\"L'avant-garde du Canada\",\"publisher\":{\"@id\":\"https:\/\/www.rupertport.com\/fr\/#organization\"},\"alternateName\":\"PRPA\",\"potentialAction\":[{\"@type\":\"SearchAction\",\"target\":{\"@type\":\"EntryPoint\",\"urlTemplate\":\"https:\/\/www.rupertport.com\/fr\/?s={search_term_string}\"},\"query-input\":{\"@type\":\"PropertyValueSpecification\",\"valueRequired\":true,\"valueName\":\"search_term_string\"}}],\"inLanguage\":\"fr-FR\"},{\"@type\":\"Organization\",\"@id\":\"https:\/\/www.rupertport.com\/fr\/#organization\",\"name\":\"Prince Rupert Port Authority\",\"alternateName\":\"PRPA\",\"url\":\"https:\/\/www.rupertport.com\/fr\/\",\"logo\":{\"@type\":\"ImageObject\",\"inLanguage\":\"fr-FR\",\"@id\":\"https:\/\/www.rupertport.com\/fr\/#\/schema\/logo\/image\/\",\"url\":\"https:\/\/www.rupertport.com\/wp-content\/uploads\/2021\/04\/cropped-PRPA-logo-meta-1200x1200-1.jpg\",\"contentUrl\":\"https:\/\/www.rupertport.com\/wp-content\/uploads\/2021\/04\/cropped-PRPA-logo-meta-1200x1200-1.jpg\",\"width\":512,\"height\":512,\"caption\":\"Prince Rupert Port Authority\"},\"image\":{\"@id\":\"https:\/\/www.rupertport.com\/fr\/#\/schema\/logo\/image\/\"},\"sameAs\":[\"https:\/\/www.facebook.com\/rupertport\/\",\"https:\/\/x.com\/rupertport\"]}]}<\/script>\n<!-- \/ Yoast SEO plugin. -->","yoast_head_json":{"title":"Gestion de l'environnement | Autorit\u00e9 portuaire de Prince Rupert","description":"D\u00e9couvrez l'engagement de l'L'Administration portuaire de Prince Rupert en mati\u00e8re de gestion de l'environnement. Ensemble, nous prot\u00e9geons.","robots":{"index":"index","follow":"follow","max-snippet":"max-snippet:-1","max-image-preview":"max-image-preview:large","max-video-preview":"max-video-preview:-1"},"canonical":"https:\/\/www.rupertport.com\/fr\/gestion-de-lenvironnement-2\/","og_locale":"fr_FR","og_type":"article","og_title":"Gestion de l'environnement | Autorit\u00e9 portuaire de Prince Rupert","og_description":"D\u00e9couvrez l'engagement de l'L'Administration portuaire de Prince Rupert en mati\u00e8re de gestion de l'environnement. Ensemble, nous prot\u00e9geons.","og_url":"https:\/\/www.rupertport.com\/fr\/gestion-de-lenvironnement-2\/","og_site_name":"Autorit\u00e9 portuaire de Prince Rupert","article_publisher":"https:\/\/www.facebook.com\/rupertport\/","article_modified_time":"2023-07-31T19:36:21+00:00","og_image":[{"width":1680,"height":335,"url":"https:\/\/www.rupertport.com\/wp-content\/uploads\/2021\/05\/Caitlin-2.jpg","type":"image\/jpeg"}],"twitter_card":"summary_large_image","twitter_site":"@rupertport","schema":{"@context":"https:\/\/schema.org","@graph":[{"@type":"WebPage","@id":"https:\/\/www.rupertport.com\/fr\/gestion-de-lenvironnement-2\/","url":"https:\/\/www.rupertport.com\/fr\/gestion-de-lenvironnement-2\/","name":"Gestion de l'environnement | Autorit\u00e9 portuaire de Prince Rupert","isPartOf":{"@id":"https:\/\/www.rupertport.com\/fr\/#website"},"primaryImageOfPage":{"@id":"https:\/\/www.rupertport.com\/fr\/gestion-de-lenvironnement-2\/#primaryimage"},"image":{"@id":"https:\/\/www.rupertport.com\/fr\/gestion-de-lenvironnement-2\/#primaryimage"},"thumbnailUrl":"https:\/\/www.rupertport.com\/wp-content\/uploads\/2024\/04\/IMG_0160-post-ppt.jpg","datePublished":"2021-05-04T02:25:20+00:00","dateModified":"2023-07-31T19:36:21+00:00","description":"D\u00e9couvrez l'engagement de l'L'Administration portuaire de Prince Rupert en mati\u00e8re de gestion de l'environnement. Ensemble, nous prot\u00e9geons.","breadcrumb":{"@id":"https:\/\/www.rupertport.com\/fr\/gestion-de-lenvironnement-2\/#breadcrumb"},"inLanguage":"fr-FR","potentialAction":[{"@type":"ReadAction","target":["https:\/\/www.rupertport.com\/fr\/gestion-de-lenvironnement-2\/"]}]},{"@type":"ImageObject","inLanguage":"fr-FR","@id":"https:\/\/www.rupertport.com\/fr\/gestion-de-lenvironnement-2\/#primaryimage","url":"https:\/\/www.rupertport.com\/wp-content\/uploads\/2024\/04\/IMG_0160-post-ppt.jpg","contentUrl":"https:\/\/www.rupertport.com\/wp-content\/uploads\/2024\/04\/IMG_0160-post-ppt.jpg","width":1920,"height":1080},{"@type":"BreadcrumbList","@id":"https:\/\/www.rupertport.com\/fr\/gestion-de-lenvironnement-2\/#breadcrumb","itemListElement":[{"@type":"ListItem","position":1,"name":"Home","item":"https:\/\/www.rupertport.com\/fr\/page-de-garde\/"},{"@type":"ListItem","position":2,"name":"Gestion de l&#8217;environnement"}]},{"@type":"WebSite","@id":"https:\/\/www.rupertport.com\/fr\/#website","url":"https:\/\/www.rupertport.com\/fr\/","name":"Prince Rupert Port Authority","description":"L'avant-garde du Canada","publisher":{"@id":"https:\/\/www.rupertport.com\/fr\/#organization"},"alternateName":"PRPA","potentialAction":[{"@type":"SearchAction","target":{"@type":"EntryPoint","urlTemplate":"https:\/\/www.rupertport.com\/fr\/?s={search_term_string}"},"query-input":{"@type":"PropertyValueSpecification","valueRequired":true,"valueName":"search_term_string"}}],"inLanguage":"fr-FR"},{"@type":"Organization","@id":"https:\/\/www.rupertport.com\/fr\/#organization","name":"Prince Rupert Port Authority","alternateName":"PRPA","url":"https:\/\/www.rupertport.com\/fr\/","logo":{"@type":"ImageObject","inLanguage":"fr-FR","@id":"https:\/\/www.rupertport.com\/fr\/#\/schema\/logo\/image\/","url":"https:\/\/www.rupertport.com\/wp-content\/uploads\/2021\/04\/cropped-PRPA-logo-meta-1200x1200-1.jpg","contentUrl":"https:\/\/www.rupertport.com\/wp-content\/uploads\/2021\/04\/cropped-PRPA-logo-meta-1200x1200-1.jpg","width":512,"height":512,"caption":"Prince Rupert Port Authority"},"image":{"@id":"https:\/\/www.rupertport.com\/fr\/#\/schema\/logo\/image\/"},"sameAs":["https:\/\/www.facebook.com\/rupertport\/","https:\/\/x.com\/rupertport"]}]}},"_links":{"self":[{"href":"https:\/\/www.rupertport.com\/fr\/wp-json\/wp\/v2\/pages\/13818","targetHints":{"allow":["GET"]}}],"collection":[{"href":"https:\/\/www.rupertport.com\/fr\/wp-json\/wp\/v2\/pages"}],"about":[{"href":"https:\/\/www.rupertport.com\/fr\/wp-json\/wp\/v2\/types\/page"}],"author":[{"embeddable":true,"href":"https:\/\/www.rupertport.com\/fr\/wp-json\/wp\/v2\/users\/4"}],"replies":[{"embeddable":true,"href":"https:\/\/www.rupertport.com\/fr\/wp-json\/wp\/v2\/comments?post=13818"}],"version-history":[{"count":0,"href":"https:\/\/www.rupertport.com\/fr\/wp-json\/wp\/v2\/pages\/13818\/revisions"}],"wp:featuredmedia":[{"embeddable":true,"href":"https:\/\/www.rupertport.com\/fr\/wp-json\/wp\/v2\/media\/18823"}],"wp:attachment":[{"href":"https:\/\/www.rupertport.com\/fr\/wp-json\/wp\/v2\/media?parent=13818"}],"curies":[{"name":"wp","href":"https:\/\/api.w.org\/{rel}","templated":true}]}}