{"id":13795,"date":"2021-05-03T18:21:46","date_gmt":"2021-05-04T02:21:46","guid":{"rendered":"https:\/\/prpaprincerupertportauthor.kinsta.cloud\/leadership-environnemental\/"},"modified":"2024-08-13T10:26:07","modified_gmt":"2024-08-13T18:26:07","slug":"leadership-environnemental","status":"publish","type":"page","link":"https:\/\/www.rupertport.com\/fr\/leadership-environnemental\/","title":{"rendered":"Leadership environnemental"},"content":{"rendered":"\n<div class=\"wp-block-columns is-layout-flex wp-container-core-columns-is-layout-9d6595d7 wp-block-columns-is-layout-flex\">\n<div class=\"wp-block-column is-layout-flow wp-block-column-is-layout-flow\">\n<p>Le leadership environnemental de l&rsquo;APPR signifie un engagement pr\u00e9cis et transparent, le bien-\u00eatre de la communaut\u00e9 dans laquelle nous vivons et travaillons, et la garantie d&rsquo;une croissance durable gr\u00e2ce \u00e0 la collaboration.<\/p>\n<\/div>\n<\/div>\n\n<div class=\"wp-block-columns is-layout-flex wp-container-core-columns-is-layout-9d6595d7 wp-block-columns-is-layout-flex\">\n<div class=\"wp-block-column is-layout-flow wp-block-column-is-layout-flow\" style=\"flex-basis:100%\">\n<div class=\"wp-block-columns alignwide is-layout-flex wp-container-core-columns-is-layout-9d6595d7 wp-block-columns-is-layout-flex\">\n<div class=\"wp-block-column is-layout-flow wp-block-column-is-layout-flow\" style=\"flex-basis:100%\">\n<div class=\"wp-block-columns is-layout-flex wp-container-core-columns-is-layout-9d6595d7 wp-block-columns-is-layout-flex\">\n<div class=\"wp-block-column is-layout-flow wp-block-column-is-layout-flow\" style=\"flex-basis:33.33%\">\n<figure class=\"wp-block-image size-large\"><img loading=\"lazy\" decoding=\"async\" width=\"1024\" height=\"731\" src=\"https:\/\/stage.rupertport.com\/wp-content\/uploads\/2021\/05\/PS-edit_4856-1024x731.jpg\" alt=\"\" class=\"wp-image-6009\" srcset=\"https:\/\/www.rupertport.com\/wp-content\/uploads\/2021\/05\/PS-edit_4856-1024x731.jpg 1024w, https:\/\/www.rupertport.com\/wp-content\/uploads\/2021\/05\/PS-edit_4856-300x214.jpg 300w, https:\/\/www.rupertport.com\/wp-content\/uploads\/2021\/05\/PS-edit_4856-768x549.jpg 768w, https:\/\/www.rupertport.com\/wp-content\/uploads\/2021\/05\/PS-edit_4856-1536x1097.jpg 1536w, https:\/\/www.rupertport.com\/wp-content\/uploads\/2021\/05\/PS-edit_4856-350x250.jpg 350w, https:\/\/www.rupertport.com\/wp-content\/uploads\/2021\/05\/PS-edit_4856.jpg 1680w\" sizes=\"auto, (max-width: 1024px) 100vw, 1024px\" \/><\/figure>\n\n\n\n<figure class=\"wp-block-image size-large\"><img loading=\"lazy\" decoding=\"async\" width=\"1024\" height=\"718\" src=\"https:\/\/stage.rupertport.com\/wp-content\/uploads\/2021\/05\/Image-salmon-1128x791-1-1024x718.jpg\" alt=\"\" class=\"wp-image-6033\" srcset=\"https:\/\/www.rupertport.com\/wp-content\/uploads\/2021\/05\/Image-salmon-1128x791-1-1024x718.jpg 1024w, https:\/\/www.rupertport.com\/wp-content\/uploads\/2021\/05\/Image-salmon-1128x791-1-300x210.jpg 300w, https:\/\/www.rupertport.com\/wp-content\/uploads\/2021\/05\/Image-salmon-1128x791-1-768x539.jpg 768w, https:\/\/www.rupertport.com\/wp-content\/uploads\/2021\/05\/Image-salmon-1128x791-1.jpg 1128w\" sizes=\"auto, (max-width: 1024px) 100vw, 1024px\" \/><\/figure>\n\n\n\n<figure class=\"wp-block-image size-large\"><img loading=\"lazy\" decoding=\"async\" width=\"640\" height=\"392\" src=\"https:\/\/www.rupertport.com\/wp-content\/uploads\/2019\/11\/61480187_120767088895783_8573899325775186463_n.jpg\" alt=\"\" class=\"wp-image-523\" srcset=\"https:\/\/www.rupertport.com\/wp-content\/uploads\/2019\/11\/61480187_120767088895783_8573899325775186463_n.jpg 640w, https:\/\/www.rupertport.com\/wp-content\/uploads\/2019\/11\/61480187_120767088895783_8573899325775186463_n-300x184.jpg 300w\" sizes=\"auto, (max-width: 640px) 100vw, 640px\" \/><\/figure>\n<\/div>\n\n\n\n<div class=\"wp-block-column is-layout-flow wp-block-column-is-layout-flow\" style=\"flex-basis:66.66%\">\n<h2 class=\"wp-block-heading\">Leadership portuaire<\/h2>\n\n\n\n<p>L&rsquo;APPR et les partenaires de l&rsquo;industrie portuaire travaillent ensemble pour assurer une croissance durable au port de Prince Rupert par le biais d&rsquo;un certain nombre d&rsquo;initiatives telles que son comit\u00e9 de durabilit\u00e9 actif, la participation de l&rsquo;industrie au programme de l&rsquo;<a href=\"https:\/\/green-marine.org\/\" target=\"_blank\" rel=\"noreferrer noopener\">Alliance verte<\/a> et la reconnaissance des op\u00e9rateurs durables par le biais du programme de reconnaissance Green Wave de l&rsquo;APPR.  <\/p>\n\n\n\n<p>L&rsquo;APPR est fi\u00e8re de ses r\u00e9alisations en mati\u00e8re de certification par une tierce partie. Par exemple, l&rsquo;APPR est devenu le premier port de la c\u00f4te ouest de l&rsquo;Am\u00e9rique du Nord \u00e0 adh\u00e9rer au programme environnemental de l&rsquo;Alliance verte en 2010. Pour plus d&rsquo;informations sur la participation de l&rsquo;APPR \u00e0 l&rsquo;Alliance verte, <a href=\"https:\/\/www.rupertport.com\/fr\/gestion-de-lenvironnement\/certification-en-matiere-de-gestion-de-lenvironnement\/\">cliquez ici<\/a>.  <\/p>\n\n\n\n<p>L&rsquo;APPR encourage \u00e9galement les autres \u00e0 investir dans des pratiques durables par le biais de notre initiative \u00ab\u00a0Green Wave\u00a0\u00bb. Pour plus d&rsquo;informations sur le programme Green Wave de l&rsquo;APPR pour les exp\u00e9diteurs, <a href=\"https:\/\/www.rupertport.com\/fr\/gestion-de-lenvironnement\/programme-de-londe-verte-pour-les-expediteurs\/\">cliquez ici<\/a>. <\/p>\n\n\n\n<h2 class=\"wp-block-heading\">Un engagement transparent<\/h2>\n\n\n\n<p>L&rsquo;APPR s&rsquo;engage \u00e0 fournir des rapports pr\u00e9cis et transparents sur les op\u00e9rations afin de permettre \u00e0 la communaut\u00e9 de r\u00e9agir de mani\u00e8re appropri\u00e9e. Les rapports environnementaux suivants sont disponibles pour le port de Prince Rupert :  <\/p>\n\n\n\n<ul class=\"wp-block-list\">\n<li>Bruit &#8211; pour voir les relev\u00e9s de bruit en direct dans les quatre stations disponibles, cliquez ici. <\/li>\n\n\n\n<li><strong>\u00c9missions atmosph\u00e9riques<\/strong> &#8211; pour en savoir plus sur la qualit\u00e9 de l&rsquo;air au port de Prince Rupert, <a href=\"https:\/\/www.rupertport.com\/fr\/qualite-de-lair\/\">cliquez ici<\/a>. Pour consulter les relev\u00e9s de la station de surveillance de l&rsquo;air du terminal Fairview, cliquez ici. <\/li>\n\n\n\n<li>Mar\u00e9es &#8211; pour voir les niveaux actuels des mar\u00e9es et les pr\u00e9visions de mar\u00e9es du MPO, cliquez ici. <\/li>\n\n\n\n<li><strong>Qualit\u00e9 de l&rsquo;eau<\/strong> &#8211; pour en savoir plus sur la qualit\u00e9 de l&rsquo;eau au port de Prince Rupert, <a href=\"https:\/\/www.rupertport.com\/fr\/qualite-de-leau\/\">cliquez ici<\/a>. Pour voir les relev\u00e9s en temps r\u00e9el de deux ports, cliquez ici. <\/li>\n<\/ul>\n\n\n\n<p>Pour visualiser toutes les donn\u00e9es portuaires disponibles pour le Port de Prince Rupert, visitez le tableau de bord <a href=\"https:\/\/www.rupertport.com\/fr\/donnees-portuaires-en-direct\/\">ici<\/a>.  <\/p>\n\n\n\n<h2 class=\"wp-block-heading\">Engagement envers la communaut\u00e9<\/h2>\n\n\n\n<p>La sant\u00e9 de la rivi\u00e8re Skeena est vitale pour l&rsquo;ensemble de la r\u00e9gion du nord-ouest. C&rsquo;est pourquoi l&rsquo;APPR a mis en place le programme de mise en valeur du saumon de la rivi\u00e8re Skeena. Le programme d&rsquo;APPR offre un partenariat avec des organisations locales en fournissant un soutien financier pour des projets qui augmentent la productivit\u00e9 des stocks de saumon et la maintenance et la r\u00e9habilitation de l&rsquo;habitat critique dans le bassin hydrographique de la rivi\u00e8re Skeena. Pour plus d&rsquo;informations sur le programme de mise en valeur du saumon de la rivi\u00e8re Skeena, <a href=\"https:\/\/www.rupertport.com\/fr\/investissement-communautaire\/programme-de-mise-en-valeur-du-saumon-de-la-riviere-skeena\/\">cliquez ici<\/a>.  <\/p>\n<\/div>\n<\/div>\n<\/div>\n<\/div>\n<\/div>\n<\/div>\n\n<h3 class=\"wp-block-heading\">Pour rester connect\u00e9 et inform\u00e9, rejoignez la communaut\u00e9 de notre lettre d&rsquo;information <a href=\"https:\/\/www.rupertport.com\/fr\/nouvelles\/bulletins-dinformation\/\">ici<\/a>.<\/h3>\n","protected":false},"excerpt":{"rendered":"<p>Le leadership environnemental de l&rsquo;APPR signifie un engagement pr\u00e9cis et transparent, le bien-\u00eatre de la communaut\u00e9 dans laquelle nous vivons et travaillons, et la garantie d&rsquo;une croissance durable gr\u00e2ce \u00e0 la collaboration. Leadership portuaire L&rsquo;APPR et les partenaires de l&rsquo;industrie portuaire travaillent ensemble pour assurer une croissance durable au port de Prince Rupert par le [&hellip;]<\/p>\n","protected":false},"author":4,"featured_media":14959,"parent":0,"menu_order":0,"comment_status":"closed","ping_status":"closed","template":"","meta":{"_acf_changed":false,"footnotes":""},"class_list":["post-13795","page","type-page","status-publish","has-post-thumbnail","hentry"],"acf":[],"yoast_head":"<!-- This site is optimized with the Yoast SEO plugin v26.8 - https:\/\/yoast.com\/product\/yoast-seo-wordpress\/ -->\n<title>Leadership environnemental | Autorit\u00e9 portuaire de Prince Rupert %%.<\/title>\n<meta name=\"description\" content=\"L&#039;APPR et les partenaires de l&#039;industrie portuaire travaillent ensemble pour assurer une croissance durable au port de Prince Rupert. En savoir plus sur notre programme Vague verte et plus encore.\" \/>\n<meta name=\"robots\" content=\"index, follow, max-snippet:-1, max-image-preview:large, max-video-preview:-1\" \/>\n<link rel=\"canonical\" href=\"https:\/\/www.rupertport.com\/fr\/leadership-environnemental\/\" \/>\n<meta property=\"og:locale\" content=\"fr_FR\" \/>\n<meta property=\"og:type\" content=\"article\" \/>\n<meta property=\"og:title\" content=\"Leadership environnemental | Autorit\u00e9 portuaire de Prince Rupert %%.\" \/>\n<meta property=\"og:description\" content=\"L&#039;APPR et les partenaires de l&#039;industrie portuaire travaillent ensemble pour assurer une croissance durable au port de Prince Rupert. En savoir plus sur notre programme Vague verte et plus encore.\" \/>\n<meta property=\"og:url\" content=\"https:\/\/www.rupertport.com\/fr\/leadership-environnemental\/\" \/>\n<meta property=\"og:site_name\" content=\"Autorit\u00e9 portuaire de Prince Rupert\" \/>\n<meta property=\"article:publisher\" content=\"https:\/\/www.facebook.com\/rupertport\/\" \/>\n<meta property=\"article:modified_time\" content=\"2024-08-13T18:26:07+00:00\" \/>\n<meta property=\"og:image\" content=\"https:\/\/www.rupertport.com\/wp-content\/uploads\/2023\/07\/20230525-CIF-Metlakatla-Wilderness-Trail-28-3.jpg\" \/>\n\t<meta property=\"og:image:width\" content=\"2048\" \/>\n\t<meta property=\"og:image:height\" content=\"1365\" \/>\n\t<meta property=\"og:image:type\" content=\"image\/jpeg\" \/>\n<meta name=\"twitter:card\" content=\"summary_large_image\" \/>\n<meta name=\"twitter:site\" content=\"@rupertport\" \/>\n<script type=\"application\/ld+json\" class=\"yoast-schema-graph\">{\"@context\":\"https:\/\/schema.org\",\"@graph\":[{\"@type\":\"WebPage\",\"@id\":\"https:\/\/www.rupertport.com\/fr\/leadership-environnemental\/\",\"url\":\"https:\/\/www.rupertport.com\/fr\/leadership-environnemental\/\",\"name\":\"Leadership environnemental | Autorit\u00e9 portuaire de Prince Rupert %%.\",\"isPartOf\":{\"@id\":\"https:\/\/www.rupertport.com\/fr\/#website\"},\"primaryImageOfPage\":{\"@id\":\"https:\/\/www.rupertport.com\/fr\/leadership-environnemental\/#primaryimage\"},\"image\":{\"@id\":\"https:\/\/www.rupertport.com\/fr\/leadership-environnemental\/#primaryimage\"},\"thumbnailUrl\":\"https:\/\/www.rupertport.com\/wp-content\/uploads\/2023\/07\/20230525-CIF-Metlakatla-Wilderness-Trail-28-3.jpg\",\"datePublished\":\"2021-05-04T02:21:46+00:00\",\"dateModified\":\"2024-08-13T18:26:07+00:00\",\"description\":\"L'APPR et les partenaires de l'industrie portuaire travaillent ensemble pour assurer une croissance durable au port de Prince Rupert. En savoir plus sur notre programme Vague verte et plus encore.\",\"breadcrumb\":{\"@id\":\"https:\/\/www.rupertport.com\/fr\/leadership-environnemental\/#breadcrumb\"},\"inLanguage\":\"fr-FR\",\"potentialAction\":[{\"@type\":\"ReadAction\",\"target\":[\"https:\/\/www.rupertport.com\/fr\/leadership-environnemental\/\"]}]},{\"@type\":\"ImageObject\",\"inLanguage\":\"fr-FR\",\"@id\":\"https:\/\/www.rupertport.com\/fr\/leadership-environnemental\/#primaryimage\",\"url\":\"https:\/\/www.rupertport.com\/wp-content\/uploads\/2023\/07\/20230525-CIF-Metlakatla-Wilderness-Trail-28-3.jpg\",\"contentUrl\":\"https:\/\/www.rupertport.com\/wp-content\/uploads\/2023\/07\/20230525-CIF-Metlakatla-Wilderness-Trail-28-3.jpg\",\"width\":2048,\"height\":1365},{\"@type\":\"BreadcrumbList\",\"@id\":\"https:\/\/www.rupertport.com\/fr\/leadership-environnemental\/#breadcrumb\",\"itemListElement\":[{\"@type\":\"ListItem\",\"position\":1,\"name\":\"Home\",\"item\":\"https:\/\/www.rupertport.com\/fr\/page-de-garde\/\"},{\"@type\":\"ListItem\",\"position\":2,\"name\":\"Leadership environnemental\"}]},{\"@type\":\"WebSite\",\"@id\":\"https:\/\/www.rupertport.com\/fr\/#website\",\"url\":\"https:\/\/www.rupertport.com\/fr\/\",\"name\":\"Prince Rupert Port Authority\",\"description\":\"L'avant-garde du Canada\",\"publisher\":{\"@id\":\"https:\/\/www.rupertport.com\/fr\/#organization\"},\"alternateName\":\"PRPA\",\"potentialAction\":[{\"@type\":\"SearchAction\",\"target\":{\"@type\":\"EntryPoint\",\"urlTemplate\":\"https:\/\/www.rupertport.com\/fr\/?s={search_term_string}\"},\"query-input\":{\"@type\":\"PropertyValueSpecification\",\"valueRequired\":true,\"valueName\":\"search_term_string\"}}],\"inLanguage\":\"fr-FR\"},{\"@type\":\"Organization\",\"@id\":\"https:\/\/www.rupertport.com\/fr\/#organization\",\"name\":\"Prince Rupert Port Authority\",\"alternateName\":\"PRPA\",\"url\":\"https:\/\/www.rupertport.com\/fr\/\",\"logo\":{\"@type\":\"ImageObject\",\"inLanguage\":\"fr-FR\",\"@id\":\"https:\/\/www.rupertport.com\/fr\/#\/schema\/logo\/image\/\",\"url\":\"https:\/\/www.rupertport.com\/wp-content\/uploads\/2021\/04\/cropped-PRPA-logo-meta-1200x1200-1.jpg\",\"contentUrl\":\"https:\/\/www.rupertport.com\/wp-content\/uploads\/2021\/04\/cropped-PRPA-logo-meta-1200x1200-1.jpg\",\"width\":512,\"height\":512,\"caption\":\"Prince Rupert Port Authority\"},\"image\":{\"@id\":\"https:\/\/www.rupertport.com\/fr\/#\/schema\/logo\/image\/\"},\"sameAs\":[\"https:\/\/www.facebook.com\/rupertport\/\",\"https:\/\/x.com\/rupertport\"]}]}<\/script>\n<!-- \/ Yoast SEO plugin. -->","yoast_head_json":{"title":"Leadership environnemental | Autorit\u00e9 portuaire de Prince Rupert %%.","description":"L'APPR et les partenaires de l'industrie portuaire travaillent ensemble pour assurer une croissance durable au port de Prince Rupert. En savoir plus sur notre programme Vague verte et plus encore.","robots":{"index":"index","follow":"follow","max-snippet":"max-snippet:-1","max-image-preview":"max-image-preview:large","max-video-preview":"max-video-preview:-1"},"canonical":"https:\/\/www.rupertport.com\/fr\/leadership-environnemental\/","og_locale":"fr_FR","og_type":"article","og_title":"Leadership environnemental | Autorit\u00e9 portuaire de Prince Rupert %%.","og_description":"L'APPR et les partenaires de l'industrie portuaire travaillent ensemble pour assurer une croissance durable au port de Prince Rupert. En savoir plus sur notre programme Vague verte et plus encore.","og_url":"https:\/\/www.rupertport.com\/fr\/leadership-environnemental\/","og_site_name":"Autorit\u00e9 portuaire de Prince Rupert","article_publisher":"https:\/\/www.facebook.com\/rupertport\/","article_modified_time":"2024-08-13T18:26:07+00:00","og_image":[{"width":2048,"height":1365,"url":"https:\/\/www.rupertport.com\/wp-content\/uploads\/2023\/07\/20230525-CIF-Metlakatla-Wilderness-Trail-28-3.jpg","type":"image\/jpeg"}],"twitter_card":"summary_large_image","twitter_site":"@rupertport","schema":{"@context":"https:\/\/schema.org","@graph":[{"@type":"WebPage","@id":"https:\/\/www.rupertport.com\/fr\/leadership-environnemental\/","url":"https:\/\/www.rupertport.com\/fr\/leadership-environnemental\/","name":"Leadership environnemental | Autorit\u00e9 portuaire de Prince Rupert %%.","isPartOf":{"@id":"https:\/\/www.rupertport.com\/fr\/#website"},"primaryImageOfPage":{"@id":"https:\/\/www.rupertport.com\/fr\/leadership-environnemental\/#primaryimage"},"image":{"@id":"https:\/\/www.rupertport.com\/fr\/leadership-environnemental\/#primaryimage"},"thumbnailUrl":"https:\/\/www.rupertport.com\/wp-content\/uploads\/2023\/07\/20230525-CIF-Metlakatla-Wilderness-Trail-28-3.jpg","datePublished":"2021-05-04T02:21:46+00:00","dateModified":"2024-08-13T18:26:07+00:00","description":"L'APPR et les partenaires de l'industrie portuaire travaillent ensemble pour assurer une croissance durable au port de Prince Rupert. En savoir plus sur notre programme Vague verte et plus encore.","breadcrumb":{"@id":"https:\/\/www.rupertport.com\/fr\/leadership-environnemental\/#breadcrumb"},"inLanguage":"fr-FR","potentialAction":[{"@type":"ReadAction","target":["https:\/\/www.rupertport.com\/fr\/leadership-environnemental\/"]}]},{"@type":"ImageObject","inLanguage":"fr-FR","@id":"https:\/\/www.rupertport.com\/fr\/leadership-environnemental\/#primaryimage","url":"https:\/\/www.rupertport.com\/wp-content\/uploads\/2023\/07\/20230525-CIF-Metlakatla-Wilderness-Trail-28-3.jpg","contentUrl":"https:\/\/www.rupertport.com\/wp-content\/uploads\/2023\/07\/20230525-CIF-Metlakatla-Wilderness-Trail-28-3.jpg","width":2048,"height":1365},{"@type":"BreadcrumbList","@id":"https:\/\/www.rupertport.com\/fr\/leadership-environnemental\/#breadcrumb","itemListElement":[{"@type":"ListItem","position":1,"name":"Home","item":"https:\/\/www.rupertport.com\/fr\/page-de-garde\/"},{"@type":"ListItem","position":2,"name":"Leadership environnemental"}]},{"@type":"WebSite","@id":"https:\/\/www.rupertport.com\/fr\/#website","url":"https:\/\/www.rupertport.com\/fr\/","name":"Prince Rupert Port Authority","description":"L'avant-garde du Canada","publisher":{"@id":"https:\/\/www.rupertport.com\/fr\/#organization"},"alternateName":"PRPA","potentialAction":[{"@type":"SearchAction","target":{"@type":"EntryPoint","urlTemplate":"https:\/\/www.rupertport.com\/fr\/?s={search_term_string}"},"query-input":{"@type":"PropertyValueSpecification","valueRequired":true,"valueName":"search_term_string"}}],"inLanguage":"fr-FR"},{"@type":"Organization","@id":"https:\/\/www.rupertport.com\/fr\/#organization","name":"Prince Rupert Port Authority","alternateName":"PRPA","url":"https:\/\/www.rupertport.com\/fr\/","logo":{"@type":"ImageObject","inLanguage":"fr-FR","@id":"https:\/\/www.rupertport.com\/fr\/#\/schema\/logo\/image\/","url":"https:\/\/www.rupertport.com\/wp-content\/uploads\/2021\/04\/cropped-PRPA-logo-meta-1200x1200-1.jpg","contentUrl":"https:\/\/www.rupertport.com\/wp-content\/uploads\/2021\/04\/cropped-PRPA-logo-meta-1200x1200-1.jpg","width":512,"height":512,"caption":"Prince Rupert Port Authority"},"image":{"@id":"https:\/\/www.rupertport.com\/fr\/#\/schema\/logo\/image\/"},"sameAs":["https:\/\/www.facebook.com\/rupertport\/","https:\/\/x.com\/rupertport"]}]}},"_links":{"self":[{"href":"https:\/\/www.rupertport.com\/fr\/wp-json\/wp\/v2\/pages\/13795","targetHints":{"allow":["GET"]}}],"collection":[{"href":"https:\/\/www.rupertport.com\/fr\/wp-json\/wp\/v2\/pages"}],"about":[{"href":"https:\/\/www.rupertport.com\/fr\/wp-json\/wp\/v2\/types\/page"}],"author":[{"embeddable":true,"href":"https:\/\/www.rupertport.com\/fr\/wp-json\/wp\/v2\/users\/4"}],"replies":[{"embeddable":true,"href":"https:\/\/www.rupertport.com\/fr\/wp-json\/wp\/v2\/comments?post=13795"}],"version-history":[{"count":1,"href":"https:\/\/www.rupertport.com\/fr\/wp-json\/wp\/v2\/pages\/13795\/revisions"}],"predecessor-version":[{"id":20399,"href":"https:\/\/www.rupertport.com\/fr\/wp-json\/wp\/v2\/pages\/13795\/revisions\/20399"}],"wp:featuredmedia":[{"embeddable":true,"href":"https:\/\/www.rupertport.com\/fr\/wp-json\/wp\/v2\/media\/14959"}],"wp:attachment":[{"href":"https:\/\/www.rupertport.com\/fr\/wp-json\/wp\/v2\/media?parent=13795"}],"curies":[{"name":"wp","href":"https:\/\/api.w.org\/{rel}","templated":true}]}}