{"id":13794,"date":"2021-05-03T18:23:58","date_gmt":"2021-05-04T02:23:58","guid":{"rendered":"https:\/\/prpaprincerupertportauthor.kinsta.cloud\/croissance-durable\/"},"modified":"2023-08-04T21:34:44","modified_gmt":"2023-08-04T21:34:44","slug":"croissance-durable","status":"publish","type":"page","link":"https:\/\/www.rupertport.com\/fr\/croissance-durable\/","title":{"rendered":"Croissance durable"},"content":{"rendered":"\n<p>La croissance durable de l&rsquo;APPR signifie que nous nous effor\u00e7ons de prot\u00e9ger l&rsquo;environnement de la passerelle en d\u00e9veloppant de mani\u00e8re responsable et en respectant l&rsquo;environnement.<br\/>de mani\u00e8re durable, et en minimisant l&rsquo;impact des op\u00e9rations portuaires sur l&rsquo;environnement.  <\/p>\n\n<div class=\"wp-block-columns is-layout-flex wp-container-core-columns-is-layout-9d6595d7 wp-block-columns-is-layout-flex\">\n<div class=\"wp-block-column is-layout-flow wp-block-column-is-layout-flow\" style=\"flex-basis:33.33%\">\n<figure class=\"wp-block-image size-large\"><img loading=\"lazy\" decoding=\"async\" width=\"1024\" height=\"576\" src=\"https:\/\/www.rupertport.com\/wp-content\/uploads\/2020\/04\/prpa-MASTER-AERIAL-map-01-1-scaled-1024x576.jpg\" alt=\"\" class=\"wp-image-3271\" srcset=\"https:\/\/www.rupertport.com\/wp-content\/uploads\/2020\/04\/prpa-MASTER-AERIAL-map-01-1-scaled-1024x576.jpg 1024w, https:\/\/www.rupertport.com\/wp-content\/uploads\/2020\/04\/prpa-MASTER-AERIAL-map-01-1-scaled-300x169.jpg 300w, https:\/\/www.rupertport.com\/wp-content\/uploads\/2020\/04\/prpa-MASTER-AERIAL-map-01-1-scaled-768x432.jpg 768w, https:\/\/www.rupertport.com\/wp-content\/uploads\/2020\/04\/prpa-MASTER-AERIAL-map-01-1-scaled-1536x864.jpg 1536w, https:\/\/www.rupertport.com\/wp-content\/uploads\/2020\/04\/prpa-MASTER-AERIAL-map-01-1-scaled-2048x1152.jpg 2048w\" sizes=\"auto, (max-width: 1024px) 100vw, 1024px\" \/><\/figure>\n\n\n\n<figure class=\"wp-block-image size-large\"><img loading=\"lazy\" decoding=\"async\" width=\"1024\" height=\"629\" src=\"https:\/\/stage.rupertport.com\/wp-content\/uploads\/2020\/07\/prpa-connector-cooridor-construction-01-1024x629-1.jpg\" alt=\"\" class=\"wp-image-3411\" srcset=\"https:\/\/www.rupertport.com\/wp-content\/uploads\/2020\/07\/prpa-connector-cooridor-construction-01-1024x629-1.jpg 1024w, https:\/\/www.rupertport.com\/wp-content\/uploads\/2020\/07\/prpa-connector-cooridor-construction-01-1024x629-1-300x184.jpg 300w, https:\/\/www.rupertport.com\/wp-content\/uploads\/2020\/07\/prpa-connector-cooridor-construction-01-1024x629-1-768x472.jpg 768w\" sizes=\"auto, (max-width: 1024px) 100vw, 1024px\" \/><\/figure>\n\n\n\n<figure class=\"wp-block-image size-large\"><img loading=\"lazy\" decoding=\"async\" width=\"1024\" height=\"576\" src=\"https:\/\/stage.rupertport.com\/wp-content\/uploads\/2021\/02\/Seal-Cove-Rendered-Site-Plan-1024x576.png\" alt=\"\" class=\"wp-image-5524\" srcset=\"https:\/\/www.rupertport.com\/wp-content\/uploads\/2021\/02\/Seal-Cove-Rendered-Site-Plan-1024x576.png 1024w, https:\/\/www.rupertport.com\/wp-content\/uploads\/2021\/02\/Seal-Cove-Rendered-Site-Plan-300x169.png 300w, https:\/\/www.rupertport.com\/wp-content\/uploads\/2021\/02\/Seal-Cove-Rendered-Site-Plan-768x432.png 768w, https:\/\/www.rupertport.com\/wp-content\/uploads\/2021\/02\/Seal-Cove-Rendered-Site-Plan-1536x864.png 1536w, https:\/\/www.rupertport.com\/wp-content\/uploads\/2021\/02\/Seal-Cove-Rendered-Site-Plan.png 1920w\" sizes=\"auto, (max-width: 1024px) 100vw, 1024px\" \/><\/figure>\n<\/div>\n\n\n\n<div class=\"wp-block-column is-layout-flow wp-block-column-is-layout-flow\" style=\"flex-basis:66.66%\">\n<h2 class=\"wp-block-heading\">Am\u00e9nagement progressif du territoire<\/h2>\n\n\n\n<p>En 2020, l&rsquo;APPR a achev\u00e9 un processus complet de planification de l&rsquo;utilisation des sols. Le plan d&rsquo;occupation des sols actualis\u00e9 de l&rsquo;autorit\u00e9 portuaire de Prince Rupert offre une vision du d\u00e9veloppement potentiel du port de Prince Rupert au cours des 20 prochaines ann\u00e9es.<\/p>\n\n\n\n<p>Pour consulter tous les documents connexes, les FAQ et le plan d&rsquo;occupation des sols finalis\u00e9, <a href=\"https:\/\/www.rupertport.com\/fr\/plan-doccupation-des-sols\/\">cliquez ici<\/a>.  <\/p>\n\n\n\n<h2 class=\"wp-block-heading\">Infrastructure innovante<\/h2>\n\n\n\n<p>La construction de projets ax\u00e9s sur des op\u00e9rations efficaces et plus durables devrait \u00eatre notre deuxi\u00e8me pr\u00e9nom. \u00c0 l&rsquo;APPR, nous sommes fiers de nous efforcer d&rsquo;am\u00e9liorer continuellement tout ce que nous faisons.  <\/p>\n\n\n\n<p>Le corridor de raccordement Fairview-Ridley n&rsquo;est qu&rsquo;un exemple parmi d&rsquo;autres. Une fois achev\u00e9, ce projet r\u00e9duira consid\u00e9rablement les \u00e9missions et le trafic des camions dans le centre-ville de Prince Rupert. Pour plus d&rsquo;informations sur les sp\u00e9cificit\u00e9s, voir <a href=\"https:\/\/www.rupertport.com\/fr\/les-travaux-de-construction-du-corridor-fairview-ridley-sont-acheves-a-plus-de-75-pour-cent\/\">ici<\/a>.  <\/p>\n\n\n\n<h2 class=\"wp-block-heading\">Programmes d&rsquo;am\u00e9lioration de l&rsquo;habitat<\/h2>\n\n\n\n<p>L&rsquo;APPR vise \u00e0 minimiser et, le cas \u00e9ch\u00e9ant, \u00e0 att\u00e9nuer tout impact sur l&rsquo;environnement caus\u00e9 par le d\u00e9veloppement du port gr\u00e2ce \u00e0 des projets d&rsquo;am\u00e9lioration de l&rsquo;habitat dans tout le nord de la Colombie-Britannique.  <\/p>\n\n\n\n<p>Parmi les projets ant\u00e9rieurs de cette nature, on peut citer l&rsquo;am\u00e9lioration de la r\u00e9gulation des eaux du lac Tatalaska et un projet de restauration des mar\u00e9es de 25 acres au marais Delkatla, \u00e0 Haida Gwaii. Des travaux sont actuellement en cours sur le marais salant de Seal Cove. Pour plus d&rsquo;informations sur ce projet, <a href=\"https:\/\/www.rupertport.com\/fr\/lautorite-portuaire-de-prince-rupert-lance-le-projet-de-restauration-du-front-de-mer-de-seal-cove\/\">cliquez ici<\/a>.  <\/p>\n\n\n\n<h2 class=\"wp-block-heading\">Initiatives de pr\u00e9vention<\/h2>\n\n\n\n<p>\u00c0 l&rsquo;APPR, nous planifions toujours une \u00e9tape \u00e0 l&rsquo;avance pour nous assurer que nous nous d\u00e9veloppons d&rsquo;une mani\u00e8re durable qui non seulement respecte la l\u00e9gislation et les r\u00e9glementations gouvernementales, mais qui, \u00e0 bien des \u00e9gards, d\u00e9passe ces attentes.  <\/p>\n\n\n\n<p>En tant qu&rsquo;organisme f\u00e9d\u00e9ral, l&rsquo;APPR est responsable des \u00e9valuations des incidences sur l&rsquo;environnement (EIE) de tous les projets de d\u00e9veloppement propos\u00e9s dans les limites de sa juridiction. Pour voir un diagramme de processus du cadre d&rsquo;\u00e9valuation de l&rsquo;impact utilis\u00e9 par le PRPA, <a href=\"https:\/\/www.canada.ca\/content\/dam\/iaac-acei\/documents\/ia-ei\/ia-ei-process-diagram-en.pdf\" target=\"_blank\" rel=\"noreferrer noopener\">cliquez ici<\/a>.  <\/p>\n\n\n\n<p>L&rsquo;\u00e9valuation des effets sur l&rsquo;environnement (EEE) est un processus de planification visant \u00e0 int\u00e9grer les facteurs environnementaux dans la prise de d\u00e9cision. Ce processus est une obligation pour les d\u00e9cideurs f\u00e9d\u00e9raux avant toute prise de d\u00e9cision qui permettrait \u00e0 un projet d&rsquo;\u00eatre mis en \u0153uvre. Tout au long du processus, des informations, des preuves scientifiques et des connaissances locales et autochtones sont recueillies pour d\u00e9terminer la probabilit\u00e9 d&rsquo;effets n\u00e9gatifs sur l&rsquo;environnement.<\/p>\n\n\n\n<p>Apr\u00e8s l&rsquo;\u00e9laboration de l&rsquo;EEE, les d\u00e9cideurs f\u00e9d\u00e9raux examinent les effets environnementaux potentiels et les mesures d&rsquo;att\u00e9nuation d\u00e9crites dans le rapport, ainsi que les commentaires du public et des groupes autochtones. Lorsque les informations sont jug\u00e9es suffisantes, une d\u00e9cision est prise quant \u00e0 la probabilit\u00e9 que le projet entra\u00eene des effets n\u00e9gatifs importants. Apr\u00e8s cette d\u00e9termination, les autorit\u00e9s f\u00e9d\u00e9rales sont en mesure de fournir des fonds, de d\u00e9livrer des permis ou de faire avancer la construction du projet.<\/p>\n\n\n\n<p>L&rsquo;EEE est un processus qui ne se contente pas de sensibiliser le public \u00e0 un projet, mais qui cherche \u00e0 obtenir son avis sur les impacts sp\u00e9cifiques du projet qui devraient \u00eatre pris en compte et sur les mesures d&rsquo;att\u00e9nuation propos\u00e9es. L&rsquo;APPR encourage chacun \u00e0 se familiariser avec la description du projet propos\u00e9, \u00e0 examiner l&rsquo;approche appliqu\u00e9e aux impacts potentiels et \u00e0 nous faire part de ses commentaires et\/ou de ses questions concernant cette \u00e9valuation, afin de s&rsquo;assurer qu&rsquo;un plan complet est \u00e9labor\u00e9 pour son d\u00e9veloppement futur.<\/p>\n<\/div>\n<\/div>\n\n<h3 class=\"wp-block-heading\">Pour rester connect\u00e9 et inform\u00e9, rejoignez la communaut\u00e9 de notre lettre d&rsquo;information <a href=\"https:\/\/www.rupertport.com\/fr\/nouvelles\/bulletins-dinformation\/\">ici<\/a>.<\/h3>\n","protected":false},"excerpt":{"rendered":"<p>La croissance durable de l&rsquo;APPR signifie que nous nous effor\u00e7ons de prot\u00e9ger l&rsquo;environnement de la passerelle en d\u00e9veloppant de mani\u00e8re responsable et en respectant l&rsquo;environnement.de mani\u00e8re durable, et en minimisant l&rsquo;impact des op\u00e9rations portuaires sur l&rsquo;environnement. Am\u00e9nagement progressif du territoire En 2020, l&rsquo;APPR a achev\u00e9 un processus complet de planification de l&rsquo;utilisation des sols. Le [&hellip;]<\/p>\n","protected":false},"author":4,"featured_media":18011,"parent":0,"menu_order":0,"comment_status":"closed","ping_status":"closed","template":"","meta":{"_acf_changed":false,"footnotes":""},"class_list":["post-13794","page","type-page","status-publish","has-post-thumbnail","hentry"],"acf":[],"yoast_head":"<!-- This site is optimized with the Yoast SEO plugin v26.8 - https:\/\/yoast.com\/product\/yoast-seo-wordpress\/ -->\n<title>Croissance durable et am\u00e9nagement progressif du territoire |Autorit\u00e9 portuaire de Prince Rupert%.<\/title>\n<meta name=\"description\" content=\"La croissance durable de l&#039;APPR signifie que nous nous effor\u00e7ons de prot\u00e9ger l&#039;environnement de la porte d&#039;entr\u00e9e en nous d\u00e9veloppant de mani\u00e8re responsable et durable, et en minimisant l&#039;impact des op\u00e9rations portuaires sur l&#039;environnement.\" \/>\n<meta name=\"robots\" content=\"index, follow, max-snippet:-1, max-image-preview:large, max-video-preview:-1\" \/>\n<link rel=\"canonical\" href=\"https:\/\/www.rupertport.com\/fr\/croissance-durable\/\" \/>\n<meta property=\"og:locale\" content=\"fr_FR\" \/>\n<meta property=\"og:type\" content=\"article\" \/>\n<meta property=\"og:title\" content=\"Croissance durable et am\u00e9nagement progressif du territoire |Autorit\u00e9 portuaire de Prince Rupert%.\" \/>\n<meta property=\"og:description\" content=\"La croissance durable de l&#039;APPR signifie que nous nous effor\u00e7ons de prot\u00e9ger l&#039;environnement de la porte d&#039;entr\u00e9e en nous d\u00e9veloppant de mani\u00e8re responsable et durable, et en minimisant l&#039;impact des op\u00e9rations portuaires sur l&#039;environnement.\" \/>\n<meta property=\"og:url\" content=\"https:\/\/www.rupertport.com\/fr\/croissance-durable\/\" \/>\n<meta property=\"og:site_name\" content=\"Autorit\u00e9 portuaire de Prince Rupert\" \/>\n<meta property=\"article:publisher\" content=\"https:\/\/www.facebook.com\/rupertport\/\" \/>\n<meta property=\"article:modified_time\" content=\"2023-08-04T21:34:44+00:00\" \/>\n<meta property=\"og:image\" content=\"https:\/\/www.rupertport.com\/wp-content\/uploads\/2021\/05\/Jack-2.jpg\" \/>\n\t<meta property=\"og:image:width\" content=\"1680\" \/>\n\t<meta property=\"og:image:height\" content=\"339\" \/>\n\t<meta property=\"og:image:type\" content=\"image\/jpeg\" \/>\n<meta name=\"twitter:card\" content=\"summary_large_image\" \/>\n<meta name=\"twitter:site\" content=\"@rupertport\" \/>\n<script type=\"application\/ld+json\" class=\"yoast-schema-graph\">{\"@context\":\"https:\/\/schema.org\",\"@graph\":[{\"@type\":\"WebPage\",\"@id\":\"https:\/\/www.rupertport.com\/fr\/croissance-durable\/\",\"url\":\"https:\/\/www.rupertport.com\/fr\/croissance-durable\/\",\"name\":\"Croissance durable et am\u00e9nagement progressif du territoire |Autorit\u00e9 portuaire de Prince Rupert%.\",\"isPartOf\":{\"@id\":\"https:\/\/www.rupertport.com\/fr\/#website\"},\"primaryImageOfPage\":{\"@id\":\"https:\/\/www.rupertport.com\/fr\/croissance-durable\/#primaryimage\"},\"image\":{\"@id\":\"https:\/\/www.rupertport.com\/fr\/croissance-durable\/#primaryimage\"},\"thumbnailUrl\":\"https:\/\/www.rupertport.com\/wp-content\/uploads\/2024\/01\/annual-cargo-volumes.png\",\"datePublished\":\"2021-05-04T02:23:58+00:00\",\"dateModified\":\"2023-08-04T21:34:44+00:00\",\"description\":\"La croissance durable de l'APPR signifie que nous nous effor\u00e7ons de prot\u00e9ger l'environnement de la porte d'entr\u00e9e en nous d\u00e9veloppant de mani\u00e8re responsable et durable, et en minimisant l'impact des op\u00e9rations portuaires sur l'environnement.\",\"breadcrumb\":{\"@id\":\"https:\/\/www.rupertport.com\/fr\/croissance-durable\/#breadcrumb\"},\"inLanguage\":\"fr-FR\",\"potentialAction\":[{\"@type\":\"ReadAction\",\"target\":[\"https:\/\/www.rupertport.com\/fr\/croissance-durable\/\"]}]},{\"@type\":\"ImageObject\",\"inLanguage\":\"fr-FR\",\"@id\":\"https:\/\/www.rupertport.com\/fr\/croissance-durable\/#primaryimage\",\"url\":\"https:\/\/www.rupertport.com\/wp-content\/uploads\/2024\/01\/annual-cargo-volumes.png\",\"contentUrl\":\"https:\/\/www.rupertport.com\/wp-content\/uploads\/2024\/01\/annual-cargo-volumes.png\",\"width\":1200,\"height\":800},{\"@type\":\"BreadcrumbList\",\"@id\":\"https:\/\/www.rupertport.com\/fr\/croissance-durable\/#breadcrumb\",\"itemListElement\":[{\"@type\":\"ListItem\",\"position\":1,\"name\":\"Home\",\"item\":\"https:\/\/www.rupertport.com\/fr\/page-de-garde\/\"},{\"@type\":\"ListItem\",\"position\":2,\"name\":\"Croissance durable\"}]},{\"@type\":\"WebSite\",\"@id\":\"https:\/\/www.rupertport.com\/fr\/#website\",\"url\":\"https:\/\/www.rupertport.com\/fr\/\",\"name\":\"Prince Rupert Port Authority\",\"description\":\"L'avant-garde du Canada\",\"publisher\":{\"@id\":\"https:\/\/www.rupertport.com\/fr\/#organization\"},\"alternateName\":\"PRPA\",\"potentialAction\":[{\"@type\":\"SearchAction\",\"target\":{\"@type\":\"EntryPoint\",\"urlTemplate\":\"https:\/\/www.rupertport.com\/fr\/?s={search_term_string}\"},\"query-input\":{\"@type\":\"PropertyValueSpecification\",\"valueRequired\":true,\"valueName\":\"search_term_string\"}}],\"inLanguage\":\"fr-FR\"},{\"@type\":\"Organization\",\"@id\":\"https:\/\/www.rupertport.com\/fr\/#organization\",\"name\":\"Prince Rupert Port Authority\",\"alternateName\":\"PRPA\",\"url\":\"https:\/\/www.rupertport.com\/fr\/\",\"logo\":{\"@type\":\"ImageObject\",\"inLanguage\":\"fr-FR\",\"@id\":\"https:\/\/www.rupertport.com\/fr\/#\/schema\/logo\/image\/\",\"url\":\"https:\/\/www.rupertport.com\/wp-content\/uploads\/2021\/04\/cropped-PRPA-logo-meta-1200x1200-1.jpg\",\"contentUrl\":\"https:\/\/www.rupertport.com\/wp-content\/uploads\/2021\/04\/cropped-PRPA-logo-meta-1200x1200-1.jpg\",\"width\":512,\"height\":512,\"caption\":\"Prince Rupert Port Authority\"},\"image\":{\"@id\":\"https:\/\/www.rupertport.com\/fr\/#\/schema\/logo\/image\/\"},\"sameAs\":[\"https:\/\/www.facebook.com\/rupertport\/\",\"https:\/\/x.com\/rupertport\"]}]}<\/script>\n<!-- \/ Yoast SEO plugin. -->","yoast_head_json":{"title":"Croissance durable et am\u00e9nagement progressif du territoire |Autorit\u00e9 portuaire de Prince Rupert%.","description":"La croissance durable de l'APPR signifie que nous nous effor\u00e7ons de prot\u00e9ger l'environnement de la porte d'entr\u00e9e en nous d\u00e9veloppant de mani\u00e8re responsable et durable, et en minimisant l'impact des op\u00e9rations portuaires sur l'environnement.","robots":{"index":"index","follow":"follow","max-snippet":"max-snippet:-1","max-image-preview":"max-image-preview:large","max-video-preview":"max-video-preview:-1"},"canonical":"https:\/\/www.rupertport.com\/fr\/croissance-durable\/","og_locale":"fr_FR","og_type":"article","og_title":"Croissance durable et am\u00e9nagement progressif du territoire |Autorit\u00e9 portuaire de Prince Rupert%.","og_description":"La croissance durable de l'APPR signifie que nous nous effor\u00e7ons de prot\u00e9ger l'environnement de la porte d'entr\u00e9e en nous d\u00e9veloppant de mani\u00e8re responsable et durable, et en minimisant l'impact des op\u00e9rations portuaires sur l'environnement.","og_url":"https:\/\/www.rupertport.com\/fr\/croissance-durable\/","og_site_name":"Autorit\u00e9 portuaire de Prince Rupert","article_publisher":"https:\/\/www.facebook.com\/rupertport\/","article_modified_time":"2023-08-04T21:34:44+00:00","og_image":[{"width":1680,"height":339,"url":"https:\/\/www.rupertport.com\/wp-content\/uploads\/2021\/05\/Jack-2.jpg","type":"image\/jpeg"}],"twitter_card":"summary_large_image","twitter_site":"@rupertport","schema":{"@context":"https:\/\/schema.org","@graph":[{"@type":"WebPage","@id":"https:\/\/www.rupertport.com\/fr\/croissance-durable\/","url":"https:\/\/www.rupertport.com\/fr\/croissance-durable\/","name":"Croissance durable et am\u00e9nagement progressif du territoire |Autorit\u00e9 portuaire de Prince Rupert%.","isPartOf":{"@id":"https:\/\/www.rupertport.com\/fr\/#website"},"primaryImageOfPage":{"@id":"https:\/\/www.rupertport.com\/fr\/croissance-durable\/#primaryimage"},"image":{"@id":"https:\/\/www.rupertport.com\/fr\/croissance-durable\/#primaryimage"},"thumbnailUrl":"https:\/\/www.rupertport.com\/wp-content\/uploads\/2024\/01\/annual-cargo-volumes.png","datePublished":"2021-05-04T02:23:58+00:00","dateModified":"2023-08-04T21:34:44+00:00","description":"La croissance durable de l'APPR signifie que nous nous effor\u00e7ons de prot\u00e9ger l'environnement de la porte d'entr\u00e9e en nous d\u00e9veloppant de mani\u00e8re responsable et durable, et en minimisant l'impact des op\u00e9rations portuaires sur l'environnement.","breadcrumb":{"@id":"https:\/\/www.rupertport.com\/fr\/croissance-durable\/#breadcrumb"},"inLanguage":"fr-FR","potentialAction":[{"@type":"ReadAction","target":["https:\/\/www.rupertport.com\/fr\/croissance-durable\/"]}]},{"@type":"ImageObject","inLanguage":"fr-FR","@id":"https:\/\/www.rupertport.com\/fr\/croissance-durable\/#primaryimage","url":"https:\/\/www.rupertport.com\/wp-content\/uploads\/2024\/01\/annual-cargo-volumes.png","contentUrl":"https:\/\/www.rupertport.com\/wp-content\/uploads\/2024\/01\/annual-cargo-volumes.png","width":1200,"height":800},{"@type":"BreadcrumbList","@id":"https:\/\/www.rupertport.com\/fr\/croissance-durable\/#breadcrumb","itemListElement":[{"@type":"ListItem","position":1,"name":"Home","item":"https:\/\/www.rupertport.com\/fr\/page-de-garde\/"},{"@type":"ListItem","position":2,"name":"Croissance durable"}]},{"@type":"WebSite","@id":"https:\/\/www.rupertport.com\/fr\/#website","url":"https:\/\/www.rupertport.com\/fr\/","name":"Prince Rupert Port Authority","description":"L'avant-garde du Canada","publisher":{"@id":"https:\/\/www.rupertport.com\/fr\/#organization"},"alternateName":"PRPA","potentialAction":[{"@type":"SearchAction","target":{"@type":"EntryPoint","urlTemplate":"https:\/\/www.rupertport.com\/fr\/?s={search_term_string}"},"query-input":{"@type":"PropertyValueSpecification","valueRequired":true,"valueName":"search_term_string"}}],"inLanguage":"fr-FR"},{"@type":"Organization","@id":"https:\/\/www.rupertport.com\/fr\/#organization","name":"Prince Rupert Port Authority","alternateName":"PRPA","url":"https:\/\/www.rupertport.com\/fr\/","logo":{"@type":"ImageObject","inLanguage":"fr-FR","@id":"https:\/\/www.rupertport.com\/fr\/#\/schema\/logo\/image\/","url":"https:\/\/www.rupertport.com\/wp-content\/uploads\/2021\/04\/cropped-PRPA-logo-meta-1200x1200-1.jpg","contentUrl":"https:\/\/www.rupertport.com\/wp-content\/uploads\/2021\/04\/cropped-PRPA-logo-meta-1200x1200-1.jpg","width":512,"height":512,"caption":"Prince Rupert Port Authority"},"image":{"@id":"https:\/\/www.rupertport.com\/fr\/#\/schema\/logo\/image\/"},"sameAs":["https:\/\/www.facebook.com\/rupertport\/","https:\/\/x.com\/rupertport"]}]}},"_links":{"self":[{"href":"https:\/\/www.rupertport.com\/fr\/wp-json\/wp\/v2\/pages\/13794","targetHints":{"allow":["GET"]}}],"collection":[{"href":"https:\/\/www.rupertport.com\/fr\/wp-json\/wp\/v2\/pages"}],"about":[{"href":"https:\/\/www.rupertport.com\/fr\/wp-json\/wp\/v2\/types\/page"}],"author":[{"embeddable":true,"href":"https:\/\/www.rupertport.com\/fr\/wp-json\/wp\/v2\/users\/4"}],"replies":[{"embeddable":true,"href":"https:\/\/www.rupertport.com\/fr\/wp-json\/wp\/v2\/comments?post=13794"}],"version-history":[{"count":0,"href":"https:\/\/www.rupertport.com\/fr\/wp-json\/wp\/v2\/pages\/13794\/revisions"}],"wp:featuredmedia":[{"embeddable":true,"href":"https:\/\/www.rupertport.com\/fr\/wp-json\/wp\/v2\/media\/18011"}],"wp:attachment":[{"href":"https:\/\/www.rupertport.com\/fr\/wp-json\/wp\/v2\/media?parent=13794"}],"curies":[{"name":"wp","href":"https:\/\/api.w.org\/{rel}","templated":true}]}}