{"id":13782,"date":"2022-05-09T22:22:56","date_gmt":"2022-05-09T22:22:56","guid":{"rendered":"https:\/\/prpaprincerupertportauthor.kinsta.cloud\/des-investissements-intelligents-et-durables\/"},"modified":"2023-08-04T21:34:40","modified_gmt":"2023-08-04T21:34:40","slug":"des-investissements-intelligents-et-durables","status":"publish","type":"page","link":"https:\/\/www.rupertport.com\/fr\/des-investissements-intelligents-et-durables\/","title":{"rendered":"DES INVESTISSEMENTS INTELLIGENTS ET DURABLES"},"content":{"rendered":"\n<h1 class=\"wp-block-heading\">DES INVESTISSEMENTS INTELLIGENTS ET DURABLES<\/h1>\n\n<p>Gr\u00e2ce \u00e0 un am\u00e9nagement du territoire innovant, le port de Prince Rupert cr\u00e9e de nouvelles opportunit\u00e9s pour les importateurs et les exportateurs canadiens en d\u00e9veloppant un \u00e9cosyst\u00e8me intermodal en boucle ferm\u00e9e. Cette infrastructure routi\u00e8re et ferroviaire d\u00e9di\u00e9e est con\u00e7ue pour maximiser l&#8217;empreinte du port afin de permettre la cr\u00e9ation de nouveaux centres logistiques qui offriront plus de fluidit\u00e9, d&rsquo;efficacit\u00e9 et d&rsquo;avantages concurrentiels.<\/p>\n\n<div class=\"wp-block-columns is-layout-flex wp-container-core-columns-is-layout-9d6595d7 wp-block-columns-is-layout-flex\">\n<div class=\"wp-block-column is-layout-flow wp-block-column-is-layout-flow\" style=\"flex-basis:33.33%\">\n<figure class=\"wp-block-image size-large\"><img loading=\"lazy\" decoding=\"async\" width=\"1024\" height=\"574\" src=\"https:\/\/stage.rupertport.com\/wp-content\/uploads\/2022\/05\/prpa-GATEWAY-INTERMODAL-DEVELOPMENT-2022-Map-04-1-1024x574.jpg\" alt=\"\" class=\"wp-image-8475\" srcset=\"https:\/\/www.rupertport.com\/wp-content\/uploads\/2022\/05\/prpa-GATEWAY-INTERMODAL-DEVELOPMENT-2022-Map-04-1-1024x574.jpg 1024w, https:\/\/www.rupertport.com\/wp-content\/uploads\/2022\/05\/prpa-GATEWAY-INTERMODAL-DEVELOPMENT-2022-Map-04-1-300x168.jpg 300w, https:\/\/www.rupertport.com\/wp-content\/uploads\/2022\/05\/prpa-GATEWAY-INTERMODAL-DEVELOPMENT-2022-Map-04-1-768x430.jpg 768w, https:\/\/www.rupertport.com\/wp-content\/uploads\/2022\/05\/prpa-GATEWAY-INTERMODAL-DEVELOPMENT-2022-Map-04-1-1536x860.jpg 1536w, https:\/\/www.rupertport.com\/wp-content\/uploads\/2022\/05\/prpa-GATEWAY-INTERMODAL-DEVELOPMENT-2022-Map-04-1-2048x1147.jpg 2048w\" sizes=\"auto, (max-width: 1024px) 100vw, 1024px\" \/><\/figure>\n<\/div>\n\n\n\n<div class=\"wp-block-column is-layout-flow wp-block-column-is-layout-flow\" style=\"flex-basis:66.66%\">\n<h2 class=\"wp-block-heading\"><strong>\u00c9cosyst\u00e8me intermodal<\/strong><\/h2>\n\n\n\n<p>L&rsquo;\u00e9cosyst\u00e8me intermodal du port de Prince Rupert comprend sept projets et sites strat\u00e9giques. Le corridor de liaison Fairview-Ridley est l&rsquo;ajout le plus r\u00e9cent et le plus important \u00e0 cette boucle de transport totalement int\u00e9gr\u00e9e. Cette route priv\u00e9e de 5 kilom\u00e8tres d\u00e9tourne le trafic des camions porte-conteneurs des zones urbaines, r\u00e9duisant ainsi les embouteillages et am\u00e9liorant la s\u00e9curit\u00e9 routi\u00e8re. Le nouvel itin\u00e9raire r\u00e9duit \u00e9galement de 75 % la distance que ces v\u00e9hicules doivent parcourir jusqu&rsquo;au terminal Fairview, ce qui diminuera consid\u00e9rablement les \u00e9missions des camions dans le port.  <\/p>\n\n\n\n<p>Le corridor de raccordement est reli\u00e9 au corridor routier, ferroviaire et de services publics existant du port, offrant un acc\u00e8s direct aux futurs terminaux et op\u00e9rations logistiques sur les \u00eeles Ridley et South Kaien. Le projet d&rsquo;expansion du pont et de la chauss\u00e9e Zanardi soutient \u00e9galement la croissance intermodale en augmentant la capacit\u00e9 ferroviaire vers les autres sites de l&rsquo;\u00e9cosyst\u00e8me portuaire enti\u00e8rement contenu.  <\/p>\n<\/div>\n<\/div>\n\n<div style=\"height:37px\" aria-hidden=\"true\" class=\"wp-block-spacer\"><\/div>\n\n<div class=\"wp-block-columns is-layout-flex wp-container-core-columns-is-layout-9d6595d7 wp-block-columns-is-layout-flex\">\n<div class=\"wp-block-column is-layout-flow wp-block-column-is-layout-flow\" style=\"flex-basis:33.33%\">\n<figure class=\"wp-block-image size-large\"><img loading=\"lazy\" decoding=\"async\" width=\"1024\" height=\"683\" src=\"https:\/\/stage.rupertport.com\/wp-content\/uploads\/2022\/05\/rielp-1024x683.jpg\" alt=\"\" class=\"wp-image-8427\" srcset=\"https:\/\/www.rupertport.com\/wp-content\/uploads\/2022\/05\/rielp-1024x683.jpg 1024w, https:\/\/www.rupertport.com\/wp-content\/uploads\/2022\/05\/rielp-300x200.jpg 300w, https:\/\/www.rupertport.com\/wp-content\/uploads\/2022\/05\/rielp-768x512.jpg 768w, https:\/\/www.rupertport.com\/wp-content\/uploads\/2022\/05\/rielp.jpg 1504w\" sizes=\"auto, (max-width: 1024px) 100vw, 1024px\" \/><figcaption class=\"wp-element-caption\">Projet de logistique d&rsquo;exportation de l&rsquo;\u00eele Ridley<\/figcaption><\/figure>\n\n\n\n<figure class=\"wp-block-image size-large\"><img loading=\"lazy\" decoding=\"async\" width=\"1024\" height=\"683\" src=\"https:\/\/stage.rupertport.com\/wp-content\/uploads\/2022\/05\/skilp-1024x683.jpg\" alt=\"\" class=\"wp-image-8428\" srcset=\"https:\/\/www.rupertport.com\/wp-content\/uploads\/2022\/05\/skilp-1024x683.jpg 1024w, https:\/\/www.rupertport.com\/wp-content\/uploads\/2022\/05\/skilp-300x200.jpg 300w, https:\/\/www.rupertport.com\/wp-content\/uploads\/2022\/05\/skilp-768x512.jpg 768w, https:\/\/www.rupertport.com\/wp-content\/uploads\/2022\/05\/skilp.jpg 1504w\" sizes=\"auto, (max-width: 1024px) 100vw, 1024px\" \/><figcaption class=\"wp-element-caption\">Projet de logistique \u00e0 Kaien Sud<\/figcaption><\/figure>\n<\/div>\n\n\n\n<div class=\"wp-block-column is-layout-flow wp-block-column-is-layout-flow\" style=\"flex-basis:66.66%\">\n<h2 class=\"wp-block-heading\"><strong>Logistique d&rsquo;importation et d&rsquo;exportation<\/strong><\/h2>\n\n\n\n<p>L&rsquo;\u00e9cosyst\u00e8me int\u00e8gre \u00e9galement les futurs sites des nouvelles installations de transbordement et de logistique de la porte d&rsquo;entr\u00e9e de Prince Rupert. Situ\u00e9 \u00e0 l&rsquo;extr\u00e9mit\u00e9 sud de l&rsquo;\u00eele Ridley, le projet de logistique d&rsquo;exportation de l&rsquo;\u00eele Ridley est con\u00e7u pour accueillir des installations int\u00e9gr\u00e9es de transbordement de vrac et de marchandises diverses \u00e0 grande \u00e9chelle, ainsi qu&rsquo;un parc \u00e0 conteneurs hors quai int\u00e9gr\u00e9, pouvant accueillir 400 000 EVP suppl\u00e9mentaires par an. Pour r\u00e9pondre aux besoins croissants des importateurs et des consommateurs canadiens, le parc logistique de South Kaien est con\u00e7u pour accueillir des installations de transbordement et d&rsquo;entreposage. Ce projet est une entreprise commune entre l&rsquo;autorit\u00e9 portuaire de Prince Rupert et la Metlakatla Development Corporation.  <\/p>\n<\/div>\n<\/div>\n","protected":false},"excerpt":{"rendered":"<p>DES INVESTISSEMENTS INTELLIGENTS ET DURABLES Gr\u00e2ce \u00e0 un am\u00e9nagement du territoire innovant, le port de Prince Rupert cr\u00e9e de nouvelles opportunit\u00e9s pour les importateurs et les exportateurs canadiens en d\u00e9veloppant un \u00e9cosyst\u00e8me intermodal en boucle ferm\u00e9e. Cette infrastructure routi\u00e8re et ferroviaire d\u00e9di\u00e9e est con\u00e7ue pour maximiser l&#8217;empreinte du port afin de permettre la cr\u00e9ation de [&hellip;]<\/p>\n","protected":false},"author":4,"featured_media":12894,"parent":0,"menu_order":0,"comment_status":"closed","ping_status":"closed","template":"","meta":{"_acf_changed":false,"footnotes":""},"class_list":["post-13782","page","type-page","status-publish","has-post-thumbnail","hentry"],"acf":[],"yoast_head":"<!-- This site is optimized with the Yoast SEO plugin v26.8 - https:\/\/yoast.com\/product\/yoast-seo-wordpress\/ -->\n<title>Investissements intelligents et durables | Autorit\u00e9 portuaire de Prince Rupert<\/title>\n<meta name=\"description\" content=\"D\u00e9couvrez l&#039;\u00e9cosyst\u00e8me intermodal et la logistique d&#039;importation et d&#039;exportation avec les investissements intelligents et durables de L&#039;Administration portuaire de Prince Rupert.\" \/>\n<meta name=\"robots\" content=\"index, follow, max-snippet:-1, max-image-preview:large, max-video-preview:-1\" \/>\n<link rel=\"canonical\" href=\"https:\/\/www.rupertport.com\/fr\/des-investissements-intelligents-et-durables\/\" \/>\n<meta property=\"og:locale\" content=\"fr_FR\" \/>\n<meta property=\"og:type\" content=\"article\" \/>\n<meta property=\"og:title\" content=\"Investissements intelligents et durables | Autorit\u00e9 portuaire de Prince Rupert\" \/>\n<meta property=\"og:description\" content=\"D\u00e9couvrez l&#039;\u00e9cosyst\u00e8me intermodal et la logistique d&#039;importation et d&#039;exportation avec les investissements intelligents et durables de L&#039;Administration portuaire de Prince Rupert.\" \/>\n<meta property=\"og:url\" content=\"https:\/\/www.rupertport.com\/fr\/des-investissements-intelligents-et-durables\/\" \/>\n<meta property=\"og:site_name\" content=\"Autorit\u00e9 portuaire de Prince Rupert\" \/>\n<meta property=\"article:publisher\" content=\"https:\/\/www.facebook.com\/rupertport\/\" \/>\n<meta property=\"article:modified_time\" content=\"2023-08-04T21:34:40+00:00\" \/>\n<meta property=\"og:image\" content=\"https:\/\/www.rupertport.com\/wp-content\/uploads\/2022\/05\/PRPO_522-Kathleen_002.jpg\" \/>\n\t<meta property=\"og:image:width\" content=\"1504\" \/>\n\t<meta property=\"og:image:height\" content=\"376\" \/>\n\t<meta property=\"og:image:type\" content=\"image\/jpeg\" \/>\n<meta name=\"twitter:card\" content=\"summary_large_image\" \/>\n<meta name=\"twitter:site\" content=\"@rupertport\" \/>\n<script type=\"application\/ld+json\" class=\"yoast-schema-graph\">{\"@context\":\"https:\/\/schema.org\",\"@graph\":[{\"@type\":\"WebPage\",\"@id\":\"https:\/\/www.rupertport.com\/fr\/des-investissements-intelligents-et-durables\/\",\"url\":\"https:\/\/www.rupertport.com\/fr\/des-investissements-intelligents-et-durables\/\",\"name\":\"Investissements intelligents et durables | Autorit\u00e9 portuaire de Prince Rupert\",\"isPartOf\":{\"@id\":\"https:\/\/www.rupertport.com\/fr\/#website\"},\"primaryImageOfPage\":{\"@id\":\"https:\/\/www.rupertport.com\/fr\/des-investissements-intelligents-et-durables\/#primaryimage\"},\"image\":{\"@id\":\"https:\/\/www.rupertport.com\/fr\/des-investissements-intelligents-et-durables\/#primaryimage\"},\"thumbnailUrl\":\"https:\/\/www.rupertport.com\/wp-content\/uploads\/2022\/05\/PRPO_522-Kathleen_002.jpg\",\"datePublished\":\"2022-05-09T22:22:56+00:00\",\"dateModified\":\"2023-08-04T21:34:40+00:00\",\"description\":\"D\u00e9couvrez l'\u00e9cosyst\u00e8me intermodal et la logistique d'importation et d'exportation avec les investissements intelligents et durables de L'Administration portuaire de Prince Rupert.\",\"breadcrumb\":{\"@id\":\"https:\/\/www.rupertport.com\/fr\/des-investissements-intelligents-et-durables\/#breadcrumb\"},\"inLanguage\":\"fr-FR\",\"potentialAction\":[{\"@type\":\"ReadAction\",\"target\":[\"https:\/\/www.rupertport.com\/fr\/des-investissements-intelligents-et-durables\/\"]}]},{\"@type\":\"ImageObject\",\"inLanguage\":\"fr-FR\",\"@id\":\"https:\/\/www.rupertport.com\/fr\/des-investissements-intelligents-et-durables\/#primaryimage\",\"url\":\"https:\/\/www.rupertport.com\/wp-content\/uploads\/2022\/05\/PRPO_522-Kathleen_002.jpg\",\"contentUrl\":\"https:\/\/www.rupertport.com\/wp-content\/uploads\/2022\/05\/PRPO_522-Kathleen_002.jpg\",\"width\":1504,\"height\":376},{\"@type\":\"BreadcrumbList\",\"@id\":\"https:\/\/www.rupertport.com\/fr\/des-investissements-intelligents-et-durables\/#breadcrumb\",\"itemListElement\":[{\"@type\":\"ListItem\",\"position\":1,\"name\":\"Home\",\"item\":\"https:\/\/www.rupertport.com\/fr\/page-de-garde\/\"},{\"@type\":\"ListItem\",\"position\":2,\"name\":\"DES INVESTISSEMENTS INTELLIGENTS ET DURABLES\"}]},{\"@type\":\"WebSite\",\"@id\":\"https:\/\/www.rupertport.com\/fr\/#website\",\"url\":\"https:\/\/www.rupertport.com\/fr\/\",\"name\":\"Prince Rupert Port Authority\",\"description\":\"L'avant-garde du Canada\",\"publisher\":{\"@id\":\"https:\/\/www.rupertport.com\/fr\/#organization\"},\"alternateName\":\"PRPA\",\"potentialAction\":[{\"@type\":\"SearchAction\",\"target\":{\"@type\":\"EntryPoint\",\"urlTemplate\":\"https:\/\/www.rupertport.com\/fr\/?s={search_term_string}\"},\"query-input\":{\"@type\":\"PropertyValueSpecification\",\"valueRequired\":true,\"valueName\":\"search_term_string\"}}],\"inLanguage\":\"fr-FR\"},{\"@type\":\"Organization\",\"@id\":\"https:\/\/www.rupertport.com\/fr\/#organization\",\"name\":\"Prince Rupert Port Authority\",\"alternateName\":\"PRPA\",\"url\":\"https:\/\/www.rupertport.com\/fr\/\",\"logo\":{\"@type\":\"ImageObject\",\"inLanguage\":\"fr-FR\",\"@id\":\"https:\/\/www.rupertport.com\/fr\/#\/schema\/logo\/image\/\",\"url\":\"https:\/\/www.rupertport.com\/wp-content\/uploads\/2021\/04\/cropped-PRPA-logo-meta-1200x1200-1.jpg\",\"contentUrl\":\"https:\/\/www.rupertport.com\/wp-content\/uploads\/2021\/04\/cropped-PRPA-logo-meta-1200x1200-1.jpg\",\"width\":512,\"height\":512,\"caption\":\"Prince Rupert Port Authority\"},\"image\":{\"@id\":\"https:\/\/www.rupertport.com\/fr\/#\/schema\/logo\/image\/\"},\"sameAs\":[\"https:\/\/www.facebook.com\/rupertport\/\",\"https:\/\/x.com\/rupertport\"]}]}<\/script>\n<!-- \/ Yoast SEO plugin. -->","yoast_head_json":{"title":"Investissements intelligents et durables | Autorit\u00e9 portuaire de Prince Rupert","description":"D\u00e9couvrez l'\u00e9cosyst\u00e8me intermodal et la logistique d'importation et d'exportation avec les investissements intelligents et durables de L'Administration portuaire de Prince Rupert.","robots":{"index":"index","follow":"follow","max-snippet":"max-snippet:-1","max-image-preview":"max-image-preview:large","max-video-preview":"max-video-preview:-1"},"canonical":"https:\/\/www.rupertport.com\/fr\/des-investissements-intelligents-et-durables\/","og_locale":"fr_FR","og_type":"article","og_title":"Investissements intelligents et durables | Autorit\u00e9 portuaire de Prince Rupert","og_description":"D\u00e9couvrez l'\u00e9cosyst\u00e8me intermodal et la logistique d'importation et d'exportation avec les investissements intelligents et durables de L'Administration portuaire de Prince Rupert.","og_url":"https:\/\/www.rupertport.com\/fr\/des-investissements-intelligents-et-durables\/","og_site_name":"Autorit\u00e9 portuaire de Prince Rupert","article_publisher":"https:\/\/www.facebook.com\/rupertport\/","article_modified_time":"2023-08-04T21:34:40+00:00","og_image":[{"width":1504,"height":376,"url":"https:\/\/www.rupertport.com\/wp-content\/uploads\/2022\/05\/PRPO_522-Kathleen_002.jpg","type":"image\/jpeg"}],"twitter_card":"summary_large_image","twitter_site":"@rupertport","schema":{"@context":"https:\/\/schema.org","@graph":[{"@type":"WebPage","@id":"https:\/\/www.rupertport.com\/fr\/des-investissements-intelligents-et-durables\/","url":"https:\/\/www.rupertport.com\/fr\/des-investissements-intelligents-et-durables\/","name":"Investissements intelligents et durables | Autorit\u00e9 portuaire de Prince Rupert","isPartOf":{"@id":"https:\/\/www.rupertport.com\/fr\/#website"},"primaryImageOfPage":{"@id":"https:\/\/www.rupertport.com\/fr\/des-investissements-intelligents-et-durables\/#primaryimage"},"image":{"@id":"https:\/\/www.rupertport.com\/fr\/des-investissements-intelligents-et-durables\/#primaryimage"},"thumbnailUrl":"https:\/\/www.rupertport.com\/wp-content\/uploads\/2022\/05\/PRPO_522-Kathleen_002.jpg","datePublished":"2022-05-09T22:22:56+00:00","dateModified":"2023-08-04T21:34:40+00:00","description":"D\u00e9couvrez l'\u00e9cosyst\u00e8me intermodal et la logistique d'importation et d'exportation avec les investissements intelligents et durables de L'Administration portuaire de Prince Rupert.","breadcrumb":{"@id":"https:\/\/www.rupertport.com\/fr\/des-investissements-intelligents-et-durables\/#breadcrumb"},"inLanguage":"fr-FR","potentialAction":[{"@type":"ReadAction","target":["https:\/\/www.rupertport.com\/fr\/des-investissements-intelligents-et-durables\/"]}]},{"@type":"ImageObject","inLanguage":"fr-FR","@id":"https:\/\/www.rupertport.com\/fr\/des-investissements-intelligents-et-durables\/#primaryimage","url":"https:\/\/www.rupertport.com\/wp-content\/uploads\/2022\/05\/PRPO_522-Kathleen_002.jpg","contentUrl":"https:\/\/www.rupertport.com\/wp-content\/uploads\/2022\/05\/PRPO_522-Kathleen_002.jpg","width":1504,"height":376},{"@type":"BreadcrumbList","@id":"https:\/\/www.rupertport.com\/fr\/des-investissements-intelligents-et-durables\/#breadcrumb","itemListElement":[{"@type":"ListItem","position":1,"name":"Home","item":"https:\/\/www.rupertport.com\/fr\/page-de-garde\/"},{"@type":"ListItem","position":2,"name":"DES INVESTISSEMENTS INTELLIGENTS ET DURABLES"}]},{"@type":"WebSite","@id":"https:\/\/www.rupertport.com\/fr\/#website","url":"https:\/\/www.rupertport.com\/fr\/","name":"Prince Rupert Port Authority","description":"L'avant-garde du Canada","publisher":{"@id":"https:\/\/www.rupertport.com\/fr\/#organization"},"alternateName":"PRPA","potentialAction":[{"@type":"SearchAction","target":{"@type":"EntryPoint","urlTemplate":"https:\/\/www.rupertport.com\/fr\/?s={search_term_string}"},"query-input":{"@type":"PropertyValueSpecification","valueRequired":true,"valueName":"search_term_string"}}],"inLanguage":"fr-FR"},{"@type":"Organization","@id":"https:\/\/www.rupertport.com\/fr\/#organization","name":"Prince Rupert Port Authority","alternateName":"PRPA","url":"https:\/\/www.rupertport.com\/fr\/","logo":{"@type":"ImageObject","inLanguage":"fr-FR","@id":"https:\/\/www.rupertport.com\/fr\/#\/schema\/logo\/image\/","url":"https:\/\/www.rupertport.com\/wp-content\/uploads\/2021\/04\/cropped-PRPA-logo-meta-1200x1200-1.jpg","contentUrl":"https:\/\/www.rupertport.com\/wp-content\/uploads\/2021\/04\/cropped-PRPA-logo-meta-1200x1200-1.jpg","width":512,"height":512,"caption":"Prince Rupert Port Authority"},"image":{"@id":"https:\/\/www.rupertport.com\/fr\/#\/schema\/logo\/image\/"},"sameAs":["https:\/\/www.facebook.com\/rupertport\/","https:\/\/x.com\/rupertport"]}]}},"_links":{"self":[{"href":"https:\/\/www.rupertport.com\/fr\/wp-json\/wp\/v2\/pages\/13782","targetHints":{"allow":["GET"]}}],"collection":[{"href":"https:\/\/www.rupertport.com\/fr\/wp-json\/wp\/v2\/pages"}],"about":[{"href":"https:\/\/www.rupertport.com\/fr\/wp-json\/wp\/v2\/types\/page"}],"author":[{"embeddable":true,"href":"https:\/\/www.rupertport.com\/fr\/wp-json\/wp\/v2\/users\/4"}],"replies":[{"embeddable":true,"href":"https:\/\/www.rupertport.com\/fr\/wp-json\/wp\/v2\/comments?post=13782"}],"version-history":[{"count":0,"href":"https:\/\/www.rupertport.com\/fr\/wp-json\/wp\/v2\/pages\/13782\/revisions"}],"wp:featuredmedia":[{"embeddable":true,"href":"https:\/\/www.rupertport.com\/fr\/wp-json\/wp\/v2\/media\/12894"}],"wp:attachment":[{"href":"https:\/\/www.rupertport.com\/fr\/wp-json\/wp\/v2\/media?parent=13782"}],"curies":[{"name":"wp","href":"https:\/\/api.w.org\/{rel}","templated":true}]}}