{"id":13779,"date":"2022-05-09T21:56:24","date_gmt":"2022-05-09T21:56:24","guid":{"rendered":"https:\/\/prpaprincerupertportauthor.kinsta.cloud\/prince-rupert-la-solution-naturelle-du-canada\/"},"modified":"2023-08-04T21:34:48","modified_gmt":"2023-08-04T21:34:48","slug":"prince-rupert-la-solution-naturelle-du-canada","status":"publish","type":"page","link":"https:\/\/www.rupertport.com\/fr\/prince-rupert-la-solution-naturelle-du-canada\/","title":{"rendered":"PRINCE RUPERT | LA SOLUTION NATURELLE DU CANADA"},"content":{"rendered":"\n<h1 class=\"wp-block-heading\"><strong>NOS AVANTAGES SONT LA SOLUTION NATURELLE POUR RENFORCER LES CHA\u00ceNES D&rsquo;APPROVISIONNEMENT DU CANADA.<\/strong><\/h1>\n\n<div style=\"height:52px\" aria-hidden=\"true\" class=\"wp-block-spacer\"><\/div>\n\n<h4 class=\"wp-block-heading\">D\u00e9couvrez comment le port de Prince Rupert accro\u00eet ses avantages et renforce la r\u00e9silience nationale en combinant des investissements intelligents et durables avec la possibilit\u00e9 de se d\u00e9velopper.<\/h4>\n\n<div style=\"height:30px\" aria-hidden=\"true\" class=\"wp-block-spacer\"><\/div>\n\n<div class=\"wp-block-columns is-layout-flex wp-container-core-columns-is-layout-9d6595d7 wp-block-columns-is-layout-flex\">\n<div class=\"wp-block-column is-layout-flow wp-block-column-is-layout-flow\">\n<h2 class=\"wp-block-heading\"><strong><a href=\"https:\/\/www.rupertport.com\/fr\/renforcer-la-resilience-nationale\/\">RENFORCER LA R\u00c9SILIENCE NATIONALE<\/a><\/strong><\/h2>\n<\/div>\n\n\n\n<div class=\"wp-block-column is-layout-flow wp-block-column-is-layout-flow\">\n<h2 class=\"wp-block-heading\"><strong><a href=\"https:\/\/www.rupertport.com\/fr\/des-investissements-intelligents-et-durables\/\">DES INVESTISSEMENTS INTELLIGENTS ET DURABLES<\/a><\/strong><\/h2>\n<\/div>\n\n\n\n<div class=\"wp-block-column is-layout-flow wp-block-column-is-layout-flow\">\n<h2 class=\"wp-block-heading\"><strong><a href=\"https:\/\/www.rupertport.com\/fr\/espace-de-croissance\/\">ESPACE DE CROISSANCE<\/a><\/strong><\/h2>\n\n\n\n<p><\/p>\n<\/div>\n<\/div>\n\n<div class=\"wp-block-columns is-layout-flex wp-container-core-columns-is-layout-9d6595d7 wp-block-columns-is-layout-flex\">\n<div class=\"wp-block-column is-layout-flow wp-block-column-is-layout-flow\">\n<figure class=\"wp-block-image size-large\"><img loading=\"lazy\" decoding=\"async\" width=\"1024\" height=\"683\" src=\"https:\/\/stage.rupertport.com\/wp-content\/uploads\/2021\/11\/PRPO_070-Kyle-1024x683.jpg\" alt=\"\" class=\"wp-image-7283\" srcset=\"https:\/\/www.rupertport.com\/wp-content\/uploads\/2021\/11\/PRPO_070-Kyle-1024x683.jpg 1024w, https:\/\/www.rupertport.com\/wp-content\/uploads\/2021\/11\/PRPO_070-Kyle-300x200.jpg 300w, https:\/\/www.rupertport.com\/wp-content\/uploads\/2021\/11\/PRPO_070-Kyle-768x512.jpg 768w, https:\/\/www.rupertport.com\/wp-content\/uploads\/2021\/11\/PRPO_070-Kyle.jpg 1504w\" sizes=\"auto, (max-width: 1024px) 100vw, 1024px\" \/><\/figure>\n<\/div>\n\n\n\n<div class=\"wp-block-column is-layout-flow wp-block-column-is-layout-flow\">\n<figure class=\"wp-block-image size-large\"><img loading=\"lazy\" decoding=\"async\" width=\"1024\" height=\"683\" src=\"https:\/\/stage.rupertport.com\/wp-content\/uploads\/2022\/05\/carlito-01-1024x683.jpg\" alt=\"\" class=\"wp-image-8424\" srcset=\"https:\/\/www.rupertport.com\/wp-content\/uploads\/2022\/05\/carlito-01-1024x683.jpg 1024w, https:\/\/www.rupertport.com\/wp-content\/uploads\/2022\/05\/carlito-01-300x200.jpg 300w, https:\/\/www.rupertport.com\/wp-content\/uploads\/2022\/05\/carlito-01-768x512.jpg 768w, https:\/\/www.rupertport.com\/wp-content\/uploads\/2022\/05\/carlito-01.jpg 1504w\" sizes=\"auto, (max-width: 1024px) 100vw, 1024px\" \/><\/figure>\n<\/div>\n\n\n\n<div class=\"wp-block-column is-layout-flow wp-block-column-is-layout-flow\">\n<figure class=\"wp-block-image size-large\"><img loading=\"lazy\" decoding=\"async\" width=\"1024\" height=\"683\" src=\"https:\/\/stage.rupertport.com\/wp-content\/uploads\/2022\/05\/PRPO_161-Ashley-2-1024x683.jpg\" alt=\"\" class=\"wp-image-8353\" srcset=\"https:\/\/www.rupertport.com\/wp-content\/uploads\/2022\/05\/PRPO_161-Ashley-2-1024x683.jpg 1024w, https:\/\/www.rupertport.com\/wp-content\/uploads\/2022\/05\/PRPO_161-Ashley-2-300x200.jpg 300w, https:\/\/www.rupertport.com\/wp-content\/uploads\/2022\/05\/PRPO_161-Ashley-2-768x512.jpg 768w, https:\/\/www.rupertport.com\/wp-content\/uploads\/2022\/05\/PRPO_161-Ashley-2-1536x1024.jpg 1536w, https:\/\/www.rupertport.com\/wp-content\/uploads\/2022\/05\/PRPO_161-Ashley-2.jpg 2048w\" sizes=\"auto, (max-width: 1024px) 100vw, 1024px\" \/><\/figure>\n<\/div>\n<\/div>\n\n<div style=\"height:10px\" aria-hidden=\"true\" class=\"wp-block-spacer\"><\/div>\n\n<div class=\"wp-block-columns is-layout-flex wp-container-core-columns-is-layout-9d6595d7 wp-block-columns-is-layout-flex\">\n<div class=\"wp-block-column is-layout-flow wp-block-column-is-layout-flow\">\n<h2 class=\"wp-block-heading\"><\/h2>\n\n\n\n<p>Le port de Prince Rupert cr\u00e9e des capacit\u00e9s suppl\u00e9mentaires \u00e0 court et \u00e0 long terme pour soutenir la diversification des cha\u00eenes d&rsquo;approvisionnement de la c\u00f4te ouest et r\u00e9pondre \u00e0 la demande croissante de commerce intermodal transpacifique.<\/p>\n\n\n\n<p><a href=\"https:\/\/www.rupertport.com\/fr\/renforcer-la-resilience-nationale\/\">Cliquez ici<\/a> pour d\u00e9couvrir la nouvelle capacit\u00e9 qui sera mise en service en 2022 et les plans d&rsquo;expansion intermodale \u00e0 venir \u00e0 la porte d&rsquo;entr\u00e9e de Prince Rupert.<\/p>\n<\/div>\n\n\n\n<div class=\"wp-block-column is-layout-flow wp-block-column-is-layout-flow\">\n<h2 class=\"wp-block-heading\"><\/h2>\n\n\n\n<p>Gr\u00e2ce \u00e0 un am\u00e9nagement du territoire innovant, le port de Prince Rupert g\u00e9n\u00e8re de nouvelles opportunit\u00e9s d&rsquo;importation et d&rsquo;exportation avec le d\u00e9veloppement d&rsquo;un \u00e9cosyst\u00e8me intermodal en boucle ferm\u00e9e. Cette infrastructure maximise l&#8217;empreinte de la passerelle pour permettre la cr\u00e9ation de nouveaux centres logistiques qui offriront plus de fluidit\u00e9, d&rsquo;efficacit\u00e9 et d&rsquo;avantages concurrentiels.<\/p>\n\n\n\n<p><a href=\"https:\/\/www.rupertport.com\/fr\/des-investissements-intelligents-et-durables\/\">Cliquez ici<\/a> pour d\u00e9couvrir les investissements strat\u00e9giques qui permettront d&rsquo;accro\u00eetre les capacit\u00e9s de transbordement et de logistique \u00e0 la porte d&rsquo;entr\u00e9e de Prince Rupert.<\/p>\n<\/div>\n\n\n\n<div class=\"wp-block-column is-layout-flow wp-block-column-is-layout-flow\">\n<h2 class=\"wp-block-heading\"><\/h2>\n\n\n\n<p>Le port de Prince Rupert s&rsquo;enorgueillit d&rsquo;une main-d&rsquo;\u0153uvre qualifi\u00e9e qui refl\u00e8te la diversit\u00e9 de la communaut\u00e9 qui lui permet d&rsquo;exister, et il s&rsquo;est engag\u00e9 \u00e0 collaborer avec les communaut\u00e9s indig\u00e8nes locales pour partager les b\u00e9n\u00e9fices de la croissance du port.<\/p>\n\n\n\n<p><a href=\"https:\/\/www.rupertport.com\/fr\/espace-de-croissance\/\">Cliquez ici<\/a> pour en savoir plus sur la diversit\u00e9 au sein de la main-d&rsquo;\u0153uvre du port et sur les partenariats indig\u00e8nes qui renforcent la passerelle.<\/p>\n<\/div>\n<\/div>\n","protected":false},"excerpt":{"rendered":"<p>NOS AVANTAGES SONT LA SOLUTION NATURELLE POUR RENFORCER LES CHA\u00ceNES D&rsquo;APPROVISIONNEMENT DU CANADA. D\u00e9couvrez comment le port de Prince Rupert accro\u00eet ses avantages et renforce la r\u00e9silience nationale en combinant des investissements intelligents et durables avec la possibilit\u00e9 de se d\u00e9velopper. RENFORCER LA R\u00c9SILIENCE NATIONALE DES INVESTISSEMENTS INTELLIGENTS ET DURABLES ESPACE DE CROISSANCE Le port [&hellip;]<\/p>\n","protected":false},"author":4,"featured_media":12325,"parent":0,"menu_order":0,"comment_status":"closed","ping_status":"closed","template":"","meta":{"_acf_changed":false,"footnotes":""},"class_list":["post-13779","page","type-page","status-publish","has-post-thumbnail","hentry"],"acf":[],"yoast_head":"<!-- This site is optimized with the Yoast SEO plugin v26.8 - https:\/\/yoast.com\/product\/yoast-seo-wordpress\/ -->\n<title>Renforcement de la r\u00e9silience, investissements intelligents et marge de progression | Autorit\u00e9 portuaire de Prince Rupert%.<\/title>\n<meta name=\"description\" content=\"D\u00e9couvrez comment le port de Prince Rupert accro\u00eet ses avantages et renforce la r\u00e9silience nationale en combinant des investissements intelligents et durables avec une marge de man\u0153uvre pour se d\u00e9velopper.\" \/>\n<meta name=\"robots\" content=\"index, follow, max-snippet:-1, max-image-preview:large, max-video-preview:-1\" \/>\n<link rel=\"canonical\" href=\"https:\/\/www.rupertport.com\/fr\/prince-rupert-la-solution-naturelle-du-canada\/\" \/>\n<meta property=\"og:locale\" content=\"fr_FR\" \/>\n<meta property=\"og:type\" content=\"article\" \/>\n<meta property=\"og:title\" content=\"Renforcement de la r\u00e9silience, investissements intelligents et marge de progression | Autorit\u00e9 portuaire de Prince Rupert%.\" \/>\n<meta property=\"og:description\" content=\"D\u00e9couvrez comment le port de Prince Rupert accro\u00eet ses avantages et renforce la r\u00e9silience nationale en combinant des investissements intelligents et durables avec une marge de man\u0153uvre pour se d\u00e9velopper.\" \/>\n<meta property=\"og:url\" content=\"https:\/\/www.rupertport.com\/fr\/prince-rupert-la-solution-naturelle-du-canada\/\" \/>\n<meta property=\"og:site_name\" content=\"Autorit\u00e9 portuaire de Prince Rupert\" \/>\n<meta property=\"article:publisher\" content=\"https:\/\/www.facebook.com\/rupertport\/\" \/>\n<meta property=\"article:modified_time\" content=\"2023-08-04T21:34:48+00:00\" \/>\n<meta property=\"og:image\" content=\"https:\/\/www.rupertport.com\/wp-content\/uploads\/2021\/11\/MicrosoftTeams-image-48-1-scaled.jpg\" \/>\n\t<meta property=\"og:image:width\" content=\"2560\" \/>\n\t<meta property=\"og:image:height\" content=\"490\" \/>\n\t<meta property=\"og:image:type\" content=\"image\/jpeg\" \/>\n<meta name=\"twitter:card\" content=\"summary_large_image\" \/>\n<meta name=\"twitter:site\" content=\"@rupertport\" \/>\n<script type=\"application\/ld+json\" class=\"yoast-schema-graph\">{\"@context\":\"https:\/\/schema.org\",\"@graph\":[{\"@type\":\"WebPage\",\"@id\":\"https:\/\/www.rupertport.com\/fr\/prince-rupert-la-solution-naturelle-du-canada\/\",\"url\":\"https:\/\/www.rupertport.com\/fr\/prince-rupert-la-solution-naturelle-du-canada\/\",\"name\":\"Renforcement de la r\u00e9silience, investissements intelligents et marge de progression | Autorit\u00e9 portuaire de Prince Rupert%.\",\"isPartOf\":{\"@id\":\"https:\/\/www.rupertport.com\/fr\/#website\"},\"primaryImageOfPage\":{\"@id\":\"https:\/\/www.rupertport.com\/fr\/prince-rupert-la-solution-naturelle-du-canada\/#primaryimage\"},\"image\":{\"@id\":\"https:\/\/www.rupertport.com\/fr\/prince-rupert-la-solution-naturelle-du-canada\/#primaryimage\"},\"thumbnailUrl\":\"https:\/\/www.rupertport.com\/wp-content\/uploads\/2021\/11\/MicrosoftTeams-image-48-1-scaled.jpg\",\"datePublished\":\"2022-05-09T21:56:24+00:00\",\"dateModified\":\"2023-08-04T21:34:48+00:00\",\"description\":\"D\u00e9couvrez comment le port de Prince Rupert accro\u00eet ses avantages et renforce la r\u00e9silience nationale en combinant des investissements intelligents et durables avec une marge de man\u0153uvre pour se d\u00e9velopper.\",\"breadcrumb\":{\"@id\":\"https:\/\/www.rupertport.com\/fr\/prince-rupert-la-solution-naturelle-du-canada\/#breadcrumb\"},\"inLanguage\":\"fr-FR\",\"potentialAction\":[{\"@type\":\"ReadAction\",\"target\":[\"https:\/\/www.rupertport.com\/fr\/prince-rupert-la-solution-naturelle-du-canada\/\"]}]},{\"@type\":\"ImageObject\",\"inLanguage\":\"fr-FR\",\"@id\":\"https:\/\/www.rupertport.com\/fr\/prince-rupert-la-solution-naturelle-du-canada\/#primaryimage\",\"url\":\"https:\/\/www.rupertport.com\/wp-content\/uploads\/2021\/11\/MicrosoftTeams-image-48-1-scaled.jpg\",\"contentUrl\":\"https:\/\/www.rupertport.com\/wp-content\/uploads\/2021\/11\/MicrosoftTeams-image-48-1-scaled.jpg\",\"width\":2560,\"height\":490},{\"@type\":\"BreadcrumbList\",\"@id\":\"https:\/\/www.rupertport.com\/fr\/prince-rupert-la-solution-naturelle-du-canada\/#breadcrumb\",\"itemListElement\":[{\"@type\":\"ListItem\",\"position\":1,\"name\":\"Home\",\"item\":\"https:\/\/www.rupertport.com\/fr\/page-de-garde\/\"},{\"@type\":\"ListItem\",\"position\":2,\"name\":\"PRINCE RUPERT | LA SOLUTION NATURELLE DU CANADA\"}]},{\"@type\":\"WebSite\",\"@id\":\"https:\/\/www.rupertport.com\/fr\/#website\",\"url\":\"https:\/\/www.rupertport.com\/fr\/\",\"name\":\"Prince Rupert Port Authority\",\"description\":\"L'avant-garde du Canada\",\"publisher\":{\"@id\":\"https:\/\/www.rupertport.com\/fr\/#organization\"},\"alternateName\":\"PRPA\",\"potentialAction\":[{\"@type\":\"SearchAction\",\"target\":{\"@type\":\"EntryPoint\",\"urlTemplate\":\"https:\/\/www.rupertport.com\/fr\/?s={search_term_string}\"},\"query-input\":{\"@type\":\"PropertyValueSpecification\",\"valueRequired\":true,\"valueName\":\"search_term_string\"}}],\"inLanguage\":\"fr-FR\"},{\"@type\":\"Organization\",\"@id\":\"https:\/\/www.rupertport.com\/fr\/#organization\",\"name\":\"Prince Rupert Port Authority\",\"alternateName\":\"PRPA\",\"url\":\"https:\/\/www.rupertport.com\/fr\/\",\"logo\":{\"@type\":\"ImageObject\",\"inLanguage\":\"fr-FR\",\"@id\":\"https:\/\/www.rupertport.com\/fr\/#\/schema\/logo\/image\/\",\"url\":\"https:\/\/www.rupertport.com\/wp-content\/uploads\/2021\/04\/cropped-PRPA-logo-meta-1200x1200-1.jpg\",\"contentUrl\":\"https:\/\/www.rupertport.com\/wp-content\/uploads\/2021\/04\/cropped-PRPA-logo-meta-1200x1200-1.jpg\",\"width\":512,\"height\":512,\"caption\":\"Prince Rupert Port Authority\"},\"image\":{\"@id\":\"https:\/\/www.rupertport.com\/fr\/#\/schema\/logo\/image\/\"},\"sameAs\":[\"https:\/\/www.facebook.com\/rupertport\/\",\"https:\/\/x.com\/rupertport\"]}]}<\/script>\n<!-- \/ Yoast SEO plugin. -->","yoast_head_json":{"title":"Renforcement de la r\u00e9silience, investissements intelligents et marge de progression | Autorit\u00e9 portuaire de Prince Rupert%.","description":"D\u00e9couvrez comment le port de Prince Rupert accro\u00eet ses avantages et renforce la r\u00e9silience nationale en combinant des investissements intelligents et durables avec une marge de man\u0153uvre pour se d\u00e9velopper.","robots":{"index":"index","follow":"follow","max-snippet":"max-snippet:-1","max-image-preview":"max-image-preview:large","max-video-preview":"max-video-preview:-1"},"canonical":"https:\/\/www.rupertport.com\/fr\/prince-rupert-la-solution-naturelle-du-canada\/","og_locale":"fr_FR","og_type":"article","og_title":"Renforcement de la r\u00e9silience, investissements intelligents et marge de progression | Autorit\u00e9 portuaire de Prince Rupert%.","og_description":"D\u00e9couvrez comment le port de Prince Rupert accro\u00eet ses avantages et renforce la r\u00e9silience nationale en combinant des investissements intelligents et durables avec une marge de man\u0153uvre pour se d\u00e9velopper.","og_url":"https:\/\/www.rupertport.com\/fr\/prince-rupert-la-solution-naturelle-du-canada\/","og_site_name":"Autorit\u00e9 portuaire de Prince Rupert","article_publisher":"https:\/\/www.facebook.com\/rupertport\/","article_modified_time":"2023-08-04T21:34:48+00:00","og_image":[{"width":2560,"height":490,"url":"https:\/\/www.rupertport.com\/wp-content\/uploads\/2021\/11\/MicrosoftTeams-image-48-1-scaled.jpg","type":"image\/jpeg"}],"twitter_card":"summary_large_image","twitter_site":"@rupertport","schema":{"@context":"https:\/\/schema.org","@graph":[{"@type":"WebPage","@id":"https:\/\/www.rupertport.com\/fr\/prince-rupert-la-solution-naturelle-du-canada\/","url":"https:\/\/www.rupertport.com\/fr\/prince-rupert-la-solution-naturelle-du-canada\/","name":"Renforcement de la r\u00e9silience, investissements intelligents et marge de progression | Autorit\u00e9 portuaire de Prince Rupert%.","isPartOf":{"@id":"https:\/\/www.rupertport.com\/fr\/#website"},"primaryImageOfPage":{"@id":"https:\/\/www.rupertport.com\/fr\/prince-rupert-la-solution-naturelle-du-canada\/#primaryimage"},"image":{"@id":"https:\/\/www.rupertport.com\/fr\/prince-rupert-la-solution-naturelle-du-canada\/#primaryimage"},"thumbnailUrl":"https:\/\/www.rupertport.com\/wp-content\/uploads\/2021\/11\/MicrosoftTeams-image-48-1-scaled.jpg","datePublished":"2022-05-09T21:56:24+00:00","dateModified":"2023-08-04T21:34:48+00:00","description":"D\u00e9couvrez comment le port de Prince Rupert accro\u00eet ses avantages et renforce la r\u00e9silience nationale en combinant des investissements intelligents et durables avec une marge de man\u0153uvre pour se d\u00e9velopper.","breadcrumb":{"@id":"https:\/\/www.rupertport.com\/fr\/prince-rupert-la-solution-naturelle-du-canada\/#breadcrumb"},"inLanguage":"fr-FR","potentialAction":[{"@type":"ReadAction","target":["https:\/\/www.rupertport.com\/fr\/prince-rupert-la-solution-naturelle-du-canada\/"]}]},{"@type":"ImageObject","inLanguage":"fr-FR","@id":"https:\/\/www.rupertport.com\/fr\/prince-rupert-la-solution-naturelle-du-canada\/#primaryimage","url":"https:\/\/www.rupertport.com\/wp-content\/uploads\/2021\/11\/MicrosoftTeams-image-48-1-scaled.jpg","contentUrl":"https:\/\/www.rupertport.com\/wp-content\/uploads\/2021\/11\/MicrosoftTeams-image-48-1-scaled.jpg","width":2560,"height":490},{"@type":"BreadcrumbList","@id":"https:\/\/www.rupertport.com\/fr\/prince-rupert-la-solution-naturelle-du-canada\/#breadcrumb","itemListElement":[{"@type":"ListItem","position":1,"name":"Home","item":"https:\/\/www.rupertport.com\/fr\/page-de-garde\/"},{"@type":"ListItem","position":2,"name":"PRINCE RUPERT | LA SOLUTION NATURELLE DU CANADA"}]},{"@type":"WebSite","@id":"https:\/\/www.rupertport.com\/fr\/#website","url":"https:\/\/www.rupertport.com\/fr\/","name":"Prince Rupert Port Authority","description":"L'avant-garde du Canada","publisher":{"@id":"https:\/\/www.rupertport.com\/fr\/#organization"},"alternateName":"PRPA","potentialAction":[{"@type":"SearchAction","target":{"@type":"EntryPoint","urlTemplate":"https:\/\/www.rupertport.com\/fr\/?s={search_term_string}"},"query-input":{"@type":"PropertyValueSpecification","valueRequired":true,"valueName":"search_term_string"}}],"inLanguage":"fr-FR"},{"@type":"Organization","@id":"https:\/\/www.rupertport.com\/fr\/#organization","name":"Prince Rupert Port Authority","alternateName":"PRPA","url":"https:\/\/www.rupertport.com\/fr\/","logo":{"@type":"ImageObject","inLanguage":"fr-FR","@id":"https:\/\/www.rupertport.com\/fr\/#\/schema\/logo\/image\/","url":"https:\/\/www.rupertport.com\/wp-content\/uploads\/2021\/04\/cropped-PRPA-logo-meta-1200x1200-1.jpg","contentUrl":"https:\/\/www.rupertport.com\/wp-content\/uploads\/2021\/04\/cropped-PRPA-logo-meta-1200x1200-1.jpg","width":512,"height":512,"caption":"Prince Rupert Port Authority"},"image":{"@id":"https:\/\/www.rupertport.com\/fr\/#\/schema\/logo\/image\/"},"sameAs":["https:\/\/www.facebook.com\/rupertport\/","https:\/\/x.com\/rupertport"]}]}},"_links":{"self":[{"href":"https:\/\/www.rupertport.com\/fr\/wp-json\/wp\/v2\/pages\/13779","targetHints":{"allow":["GET"]}}],"collection":[{"href":"https:\/\/www.rupertport.com\/fr\/wp-json\/wp\/v2\/pages"}],"about":[{"href":"https:\/\/www.rupertport.com\/fr\/wp-json\/wp\/v2\/types\/page"}],"author":[{"embeddable":true,"href":"https:\/\/www.rupertport.com\/fr\/wp-json\/wp\/v2\/users\/4"}],"replies":[{"embeddable":true,"href":"https:\/\/www.rupertport.com\/fr\/wp-json\/wp\/v2\/comments?post=13779"}],"version-history":[{"count":0,"href":"https:\/\/www.rupertport.com\/fr\/wp-json\/wp\/v2\/pages\/13779\/revisions"}],"wp:featuredmedia":[{"embeddable":true,"href":"https:\/\/www.rupertport.com\/fr\/wp-json\/wp\/v2\/media\/12325"}],"wp:attachment":[{"href":"https:\/\/www.rupertport.com\/fr\/wp-json\/wp\/v2\/media?parent=13779"}],"curies":[{"name":"wp","href":"https:\/\/api.w.org\/{rel}","templated":true}]}}