{"id":13773,"date":"2022-11-24T22:39:01","date_gmt":"2022-11-25T06:39:01","guid":{"rendered":"https:\/\/prpaprincerupertportauthor.kinsta.cloud\/programme-de-conformite-environnementale-et-daudit-environnemental-eap-de-lappr\/"},"modified":"2023-10-04T18:52:51","modified_gmt":"2023-10-04T18:52:51","slug":"programme-de-conformite-environnementale-et-daudit-environnemental-eap-de-lappr","status":"publish","type":"page","link":"https:\/\/www.rupertport.com\/fr\/programme-de-conformite-environnementale-et-daudit-environnemental-eap-de-lappr\/","title":{"rendered":"Programme de conformit\u00e9 environnementale et d&rsquo;audit environnemental de l&rsquo;APPR"},"content":{"rendered":"\n<div class=\"wp-block-columns is-layout-flex wp-container-core-columns-is-layout-9d6595d7 wp-block-columns-is-layout-flex\">\n<div class=\"wp-block-column is-layout-flow wp-block-column-is-layout-flow\" style=\"flex-basis:50%\">\n<h3 class=\"wp-block-heading\">Vision<\/h3>\n\n\n\n<p>L&rsquo;objectif est de mettre en place un programme complet d&rsquo;audit et d&rsquo;inspection des installations portuaires afin de contribuer \u00e0 l&rsquo;intendance et \u00e0 la gestion des terrains portuaires.<\/p>\n<\/div>\n\n\n\n<div class=\"wp-block-column is-layout-flow wp-block-column-is-layout-flow\" style=\"flex-basis:50%\">\n<figure class=\"wp-block-image size-large is-style-default\"><img loading=\"lazy\" decoding=\"async\" width=\"1024\" height=\"660\" src=\"https:\/\/www.rupertport.com\/wp-content\/uploads\/2022\/05\/Prince-Rupert-Scenic-Aerial-2-1024x660.jpg\" alt=\"\" class=\"wp-image-8363\" srcset=\"https:\/\/www.rupertport.com\/wp-content\/uploads\/2022\/05\/Prince-Rupert-Scenic-Aerial-2-1024x660.jpg 1024w, https:\/\/www.rupertport.com\/wp-content\/uploads\/2022\/05\/Prince-Rupert-Scenic-Aerial-2-300x193.jpg 300w, https:\/\/www.rupertport.com\/wp-content\/uploads\/2022\/05\/Prince-Rupert-Scenic-Aerial-2-768x495.jpg 768w, https:\/\/www.rupertport.com\/wp-content\/uploads\/2022\/05\/Prince-Rupert-Scenic-Aerial-2-1536x990.jpg 1536w, https:\/\/www.rupertport.com\/wp-content\/uploads\/2022\/05\/Prince-Rupert-Scenic-Aerial-2.jpg 2048w\" sizes=\"auto, (max-width: 1024px) 100vw, 1024px\" \/><\/figure>\n<\/div>\n<\/div>\n\n\n\n<div class=\"wp-block-columns is-layout-flex wp-container-core-columns-is-layout-9d6595d7 wp-block-columns-is-layout-flex\">\n<div class=\"wp-block-column is-layout-flow wp-block-column-is-layout-flow\" style=\"flex-basis:50%\">\n<figure class=\"wp-block-image size-large\"><img loading=\"lazy\" decoding=\"async\" width=\"1024\" height=\"639\" src=\"https:\/\/stage.rupertport.com\/wp-content\/uploads\/2022\/03\/PrinceRupert-Sept2018-DRONE-JanVozenilek-4-5-1024x639.jpg\" alt=\"\" class=\"wp-image-8080\" srcset=\"https:\/\/www.rupertport.com\/wp-content\/uploads\/2022\/03\/PrinceRupert-Sept2018-DRONE-JanVozenilek-4-5-1024x639.jpg 1024w, https:\/\/www.rupertport.com\/wp-content\/uploads\/2022\/03\/PrinceRupert-Sept2018-DRONE-JanVozenilek-4-5-300x187.jpg 300w, https:\/\/www.rupertport.com\/wp-content\/uploads\/2022\/03\/PrinceRupert-Sept2018-DRONE-JanVozenilek-4-5-768x479.jpg 768w, https:\/\/www.rupertport.com\/wp-content\/uploads\/2022\/03\/PrinceRupert-Sept2018-DRONE-JanVozenilek-4-5-1536x959.jpg 1536w, https:\/\/www.rupertport.com\/wp-content\/uploads\/2022\/03\/PrinceRupert-Sept2018-DRONE-JanVozenilek-4-5.jpg 2048w\" sizes=\"auto, (max-width: 1024px) 100vw, 1024px\" \/><\/figure>\n<\/div>\n\n\n\n<div class=\"wp-block-column is-layout-flow wp-block-column-is-layout-flow\" style=\"flex-basis:50%\">\n<h3 class=\"wp-block-heading\">Objectif<\/h3>\n\n\n\n<p>L&rsquo;APPR a la responsabilit\u00e9 de g\u00e9rer les risques environnementaux et de maintenir la valeur des biens qu&rsquo;elle administre. Ces responsabilit\u00e9s comprennent \u00e9galement le respect de la l\u00e9gislation environnementale et des politiques f\u00e9d\u00e9rales de gestion des terres. Ainsi, en septembre 2021, l&rsquo;APPR a mis en place le programme d&rsquo;audit environnemental afin de surveiller de mani\u00e8re proactive les installations, les actifs et les terrains lou\u00e9s du port et d&rsquo;\u00e9tablir des rapports \u00e0 ce sujet.<\/p>\n\n\n\n<p>Le PAE a pour but de favoriser et d&rsquo;entretenir les relations avec les locataires et les partenaires portuaires de mani\u00e8re \u00e0 contribuer \u00e0 la r\u00e9alisation des objectifs environnementaux collectifs.<\/p>\n<\/div>\n<\/div>\n\n\n\n<h3 class=\"wp-block-heading\">Composants<\/h3>\n\n\n\n<p>Le programme d&rsquo;audit environnemental comporte deux volets. Le premier est un examen du bureau. L&rsquo;examen de bureau est un examen complet de tous les documents n\u00e9cessaires associ\u00e9s aux dispositions des baux, aux termes des accords ou aux engagements en mati\u00e8re d&rsquo;\u00e9valuation environnementale. Il peut s&rsquo;agir de la gestion des eaux pluviales, de la surveillance des \u00e9missions atmosph\u00e9riques ou de la gestion des d\u00e9chets. La deuxi\u00e8me composante est une visite du site. La visite du site est organis\u00e9e entre le responsable de la conformit\u00e9 environnementale de l&rsquo;APPR et le locataire, \u00e0 un moment qui leur convient \u00e0 tous les deux, et toutes les observations sont enregistr\u00e9es, l&rsquo;APPR assurant le suivi de tout probl\u00e8me de non-conformit\u00e9 ou de toute pr\u00e9occupation.<\/p>\n\n\n\n<figure class=\"wp-block-image size-large\"><img decoding=\"async\" src=\"https:\/\/stage.rupertport.com\/wp-content\/uploads\/2023\/07\/Desktop-Review-EAP-FR-1024x373.png\" alt=\"\" class=\"wp-image-9357\"\/><\/figure>\n\n\n\n<div class=\"wp-block-columns is-layout-flex wp-container-core-columns-is-layout-9d6595d7 wp-block-columns-is-layout-flex\">\n<div class=\"wp-block-column is-layout-flow wp-block-column-is-layout-flow\" style=\"flex-basis:50%\">\n<div style=\"height:100px\" aria-hidden=\"true\" class=\"wp-block-spacer\"><\/div>\n\n\n\n<figure class=\"wp-block-image size-full\"><img decoding=\"async\" src=\"https:\/\/stage.rupertport.com\/wp-content\/uploads\/2023\/06\/prpa-visite-des-lieux-a-des-fins-daudit.png\" alt=\"\" class=\"wp-image-9358\"\/><figcaption class=\"wp-element-caption\"><em>Exemple de liste de contr\u00f4le pour la visite d&rsquo;un site<\/em><\/figcaption><\/figure>\n<\/div>\n\n\n\n<div class=\"wp-block-column is-layout-flow wp-block-column-is-layout-flow\" style=\"flex-basis:50%\">\n<h3 class=\"wp-block-heading\">Mise en \u0153uvre<\/h3>\n\n\n\n<p>La mise en \u0153uvre du processus d&rsquo;audit repose sur une base concr\u00e8te, mais elle est adapt\u00e9e aux besoins de chaque locataire, car les activit\u00e9s de ces derniers peuvent varier. Le processus comprend les \u00e9tapes suivantes :  <\/p>\n\n\n\n<ol class=\"wp-block-list\">\n<li>Identification des installations, des emplacements et des exigences sp\u00e9cifiques au site ; <\/li>\n\n\n\n<li>La fr\u00e9quence des audits et des visites sur site est d\u00e9termin\u00e9e par le locataire et l&rsquo;APPR (*pour les locataires ayant des obligations de reporting importantes, il peut s&rsquo;agir d&rsquo;un audit semestriel (ou plus), alors que les lots vacants feront l&rsquo;objet d&rsquo;un audit annuel ; **les nouvelles op\u00e9rations ou les locataires qui ne sont pas en conformit\u00e9 n\u00e9cessiteront une fr\u00e9quence plus \u00e9lev\u00e9e de visites sur site) ; <\/li>\n\n\n\n<li>Le PAE comprendra les \u00e9l\u00e9ments suivants : respect des baux\/OTA, EE ; contamination potentielle du site et mesures d&rsquo;att\u00e9nuation du confinement ; gestion des d\u00e9chets et bonnes pratiques environnementales ; \u00e9missions d&rsquo;air, de bruit et d&rsquo;odeurs ; toute autre pr\u00e9occupation environnementale pertinente ;<\/li>\n\n\n\n<li>Les comptes rendus des visites de sites seront pr\u00e9par\u00e9s, g\u00e9r\u00e9s et conserv\u00e9s par l&rsquo;APPR et seront partag\u00e9s avec les responsables des programmes concern\u00e9s et les parties responsables.<\/li>\n<\/ol>\n<\/div>\n<\/div>\n\n\n\n<h3 class=\"wp-block-heading\">Conformit\u00e9<\/h3>\n\n\n\n<p>Le triangle de la hi\u00e9rarchie de conformit\u00e9 (pr\u00e9sent\u00e9 ci-dessous) n&rsquo;est pas destin\u00e9 \u00e0 inqui\u00e9ter les locataires de l&rsquo;APPR, mais plut\u00f4t \u00e0 fournir un cadre de sensibilisation \u00e0 l&rsquo;autorit\u00e9 r\u00e9glementaire accord\u00e9e \u00e0 l&rsquo;APPR par le biais de la loi f\u00e9d\u00e9rale. \u00c0 ce titre, l&rsquo;APPR est habilit\u00e9e \u00e0 promouvoir et \u00e0 renforcer le respect de la l\u00e9gislation, si n\u00e9cessaire. Bien que l&rsquo;APPR dispose de l&rsquo;autorit\u00e9 n\u00e9cessaire pour remonter les \u00e9chelons, le programme d&rsquo;audit environnemental a pour but de favoriser et de maintenir les relations que l&rsquo;APPR a nou\u00e9es avec ses locataires et ses partenaires portuaires. En fin de compte, l&rsquo;objectif est de travailler en collaboration et de mani\u00e8re efficace avec tous nos locataires et partenaires portuaires afin d&rsquo;atteindre les objectifs de gestion environnementale, dans l&rsquo;int\u00e9r\u00eat de toutes les parties prenantes et des terres et eaux dans lesquelles nous op\u00e9rons.  <\/p>\n\n\n\n<figure class=\"wp-block-image size-large\"><img decoding=\"async\" src=\"https:\/\/stage.rupertport.com\/wp-content\/uploads\/2023\/07\/Compliance-Hierarchy-triangle-FR-1024x668.png\" alt=\"\" class=\"wp-image-9392\"\/><\/figure>\n\n\n\n<h2 class=\"wp-block-heading\">Rendement en mati\u00e8re d\u2019audits et de conformit\u00e9<\/h2>\n\n\n\n<p>Les graphiques ci-dessous seront r\u00e9guli\u00e8rement mis \u00e0 jour pour refl\u00e9ter le nombre d&rsquo;audits r\u00e9alis\u00e9s tout au long de l&rsquo;ann\u00e9e, ainsi que le nombre de probl\u00e8mes r\u00e9solus.<\/p>\n\n\n\n<h3 class=\"wp-block-heading\">Performance d&rsquo;audit d&rsquo;une ann\u00e9e \u00e0 l&rsquo;autre (strictement locataires et partenaires portuaires)<\/h3>\n\n\n\n<figure class=\"wp-block-image size-large\"><img decoding=\"async\" src=\"https:\/\/stage.rupertport.com\/wp-content\/uploads\/2023\/07\/Image-4-2048x1321-1-1024x661.jpg\" alt=\"\" class=\"wp-image-9360\"\/><\/figure>\n\n\n\n<h3 class=\"wp-block-heading\">Performance d&rsquo;une ann\u00e9e \u00e0 l&rsquo;autre (lots vacants)<\/h3>\n\n\n\n<figure class=\"wp-block-image size-large\"><img decoding=\"async\" src=\"https:\/\/stage.rupertport.com\/wp-content\/uploads\/2023\/07\/Year-over-Year_Performance_Vacant_Lots_-_FR-1024x697.png\" alt=\"\" class=\"wp-image-9361\"\/><figcaption class=\"wp-element-caption\">Il convient de noter qu&rsquo;aucune donn\u00e9e n&rsquo;est disponible pour 2021, le programme n&rsquo;ayant \u00e9t\u00e9 mis en place qu&rsquo;en septembre de cette ann\u00e9e-l\u00e0.  <\/figcaption><\/figure>\n\n\n\n<p>Si vous souhaitez obtenir plus d&rsquo;informations sur le programme d&rsquo;audit environnemental de l&rsquo;APPR ou si vous avez des questions concernant la participation de votre organisation au programme, veuillez contacter notre responsable de la conformit\u00e9 environnementale \u00e0 l&rsquo;adresse <a href=\"mailto:environment@rupertport.com\" target=\"_blank\" rel=\"noreferrer noopener\">environment@rupertport.com<\/a>.  <\/p>\n","protected":false},"excerpt":{"rendered":"<p>Vision L&rsquo;objectif est de mettre en place un programme complet d&rsquo;audit et d&rsquo;inspection des installations portuaires afin de contribuer \u00e0 l&rsquo;intendance et \u00e0 la gestion des terrains portuaires. Objectif L&rsquo;APPR a la responsabilit\u00e9 de g\u00e9rer les risques environnementaux et de maintenir la valeur des biens qu&rsquo;elle administre. Ces responsabilit\u00e9s comprennent \u00e9galement le respect de la [&hellip;]<\/p>\n","protected":false},"author":4,"featured_media":11306,"parent":0,"menu_order":0,"comment_status":"closed","ping_status":"closed","template":"","meta":{"_acf_changed":false,"footnotes":""},"class_list":["post-13773","page","type-page","status-publish","has-post-thumbnail","hentry"],"acf":[],"yoast_head":"<!-- This site is optimized with the Yoast SEO plugin v26.8 - https:\/\/yoast.com\/product\/yoast-seo-wordpress\/ -->\n<title>Programme d&#039;audit environnemental | Autorit\u00e9 portuaire de Prince Rupert %%.<\/title>\n<meta name=\"description\" content=\"D\u00e9couvrez notre programme complet d&#039;audit environnemental \u00e0 l&#039;L&#039;Administration portuaire de Prince Rupert. Garantir le respect de l&#039;environnement !\" \/>\n<meta name=\"robots\" content=\"index, follow, max-snippet:-1, max-image-preview:large, max-video-preview:-1\" \/>\n<link rel=\"canonical\" href=\"https:\/\/www.rupertport.com\/fr\/programme-de-conformite-environnementale-et-daudit-environnemental-eap-de-lappr\/\" \/>\n<meta property=\"og:locale\" content=\"fr_FR\" \/>\n<meta property=\"og:type\" content=\"article\" \/>\n<meta property=\"og:title\" content=\"Programme d&#039;audit environnemental | Autorit\u00e9 portuaire de Prince Rupert %%.\" \/>\n<meta property=\"og:description\" content=\"D\u00e9couvrez notre programme complet d&#039;audit environnemental \u00e0 l&#039;L&#039;Administration portuaire de Prince Rupert. Garantir le respect de l&#039;environnement !\" \/>\n<meta property=\"og:url\" content=\"https:\/\/www.rupertport.com\/fr\/programme-de-conformite-environnementale-et-daudit-environnemental-eap-de-lappr\/\" \/>\n<meta property=\"og:site_name\" content=\"Autorit\u00e9 portuaire de Prince Rupert\" \/>\n<meta property=\"article:publisher\" content=\"https:\/\/www.facebook.com\/rupertport\/\" \/>\n<meta property=\"article:modified_time\" content=\"2023-10-04T18:52:51+00:00\" \/>\n<meta property=\"og:image\" content=\"https:\/\/www.rupertport.com\/wp-content\/uploads\/2021\/01\/PortofPrinceRupert-drone-Aug2019-5-scaled.jpg\" \/>\n\t<meta property=\"og:image:width\" content=\"2560\" \/>\n\t<meta property=\"og:image:height\" content=\"859\" \/>\n\t<meta property=\"og:image:type\" content=\"image\/jpeg\" \/>\n<meta name=\"twitter:card\" content=\"summary_large_image\" \/>\n<meta name=\"twitter:site\" content=\"@rupertport\" \/>\n<script type=\"application\/ld+json\" class=\"yoast-schema-graph\">{\"@context\":\"https:\/\/schema.org\",\"@graph\":[{\"@type\":\"WebPage\",\"@id\":\"https:\/\/www.rupertport.com\/fr\/programme-de-conformite-environnementale-et-daudit-environnemental-eap-de-lappr\/\",\"url\":\"https:\/\/www.rupertport.com\/fr\/programme-de-conformite-environnementale-et-daudit-environnemental-eap-de-lappr\/\",\"name\":\"Programme d'audit environnemental | Autorit\u00e9 portuaire de Prince Rupert %%.\",\"isPartOf\":{\"@id\":\"https:\/\/www.rupertport.com\/fr\/#website\"},\"primaryImageOfPage\":{\"@id\":\"https:\/\/www.rupertport.com\/fr\/programme-de-conformite-environnementale-et-daudit-environnemental-eap-de-lappr\/#primaryimage\"},\"image\":{\"@id\":\"https:\/\/www.rupertport.com\/fr\/programme-de-conformite-environnementale-et-daudit-environnemental-eap-de-lappr\/#primaryimage\"},\"thumbnailUrl\":\"https:\/\/www.rupertport.com\/wp-content\/uploads\/2021\/01\/PortofPrinceRupert-drone-Aug2019-5-scaled.jpg\",\"datePublished\":\"2022-11-25T06:39:01+00:00\",\"dateModified\":\"2023-10-04T18:52:51+00:00\",\"description\":\"D\u00e9couvrez notre programme complet d'audit environnemental \u00e0 l'L'Administration portuaire de Prince Rupert. Garantir le respect de l'environnement !\",\"breadcrumb\":{\"@id\":\"https:\/\/www.rupertport.com\/fr\/programme-de-conformite-environnementale-et-daudit-environnemental-eap-de-lappr\/#breadcrumb\"},\"inLanguage\":\"fr-FR\",\"potentialAction\":[{\"@type\":\"ReadAction\",\"target\":[\"https:\/\/www.rupertport.com\/fr\/programme-de-conformite-environnementale-et-daudit-environnemental-eap-de-lappr\/\"]}]},{\"@type\":\"ImageObject\",\"inLanguage\":\"fr-FR\",\"@id\":\"https:\/\/www.rupertport.com\/fr\/programme-de-conformite-environnementale-et-daudit-environnemental-eap-de-lappr\/#primaryimage\",\"url\":\"https:\/\/www.rupertport.com\/wp-content\/uploads\/2021\/01\/PortofPrinceRupert-drone-Aug2019-5-scaled.jpg\",\"contentUrl\":\"https:\/\/www.rupertport.com\/wp-content\/uploads\/2021\/01\/PortofPrinceRupert-drone-Aug2019-5-scaled.jpg\",\"width\":2560,\"height\":859},{\"@type\":\"BreadcrumbList\",\"@id\":\"https:\/\/www.rupertport.com\/fr\/programme-de-conformite-environnementale-et-daudit-environnemental-eap-de-lappr\/#breadcrumb\",\"itemListElement\":[{\"@type\":\"ListItem\",\"position\":1,\"name\":\"Home\",\"item\":\"https:\/\/www.rupertport.com\/fr\/page-de-garde\/\"},{\"@type\":\"ListItem\",\"position\":2,\"name\":\"Programme de conformit\u00e9 environnementale et d&#8217;audit environnemental de l&#8217;APPR\"}]},{\"@type\":\"WebSite\",\"@id\":\"https:\/\/www.rupertport.com\/fr\/#website\",\"url\":\"https:\/\/www.rupertport.com\/fr\/\",\"name\":\"Prince Rupert Port Authority\",\"description\":\"L'avant-garde du Canada\",\"publisher\":{\"@id\":\"https:\/\/www.rupertport.com\/fr\/#organization\"},\"alternateName\":\"PRPA\",\"potentialAction\":[{\"@type\":\"SearchAction\",\"target\":{\"@type\":\"EntryPoint\",\"urlTemplate\":\"https:\/\/www.rupertport.com\/fr\/?s={search_term_string}\"},\"query-input\":{\"@type\":\"PropertyValueSpecification\",\"valueRequired\":true,\"valueName\":\"search_term_string\"}}],\"inLanguage\":\"fr-FR\"},{\"@type\":\"Organization\",\"@id\":\"https:\/\/www.rupertport.com\/fr\/#organization\",\"name\":\"Prince Rupert Port Authority\",\"alternateName\":\"PRPA\",\"url\":\"https:\/\/www.rupertport.com\/fr\/\",\"logo\":{\"@type\":\"ImageObject\",\"inLanguage\":\"fr-FR\",\"@id\":\"https:\/\/www.rupertport.com\/fr\/#\/schema\/logo\/image\/\",\"url\":\"https:\/\/www.rupertport.com\/wp-content\/uploads\/2021\/04\/cropped-PRPA-logo-meta-1200x1200-1.jpg\",\"contentUrl\":\"https:\/\/www.rupertport.com\/wp-content\/uploads\/2021\/04\/cropped-PRPA-logo-meta-1200x1200-1.jpg\",\"width\":512,\"height\":512,\"caption\":\"Prince Rupert Port Authority\"},\"image\":{\"@id\":\"https:\/\/www.rupertport.com\/fr\/#\/schema\/logo\/image\/\"},\"sameAs\":[\"https:\/\/www.facebook.com\/rupertport\/\",\"https:\/\/x.com\/rupertport\"]}]}<\/script>\n<!-- \/ Yoast SEO plugin. -->","yoast_head_json":{"title":"Programme d'audit environnemental | Autorit\u00e9 portuaire de Prince Rupert %%.","description":"D\u00e9couvrez notre programme complet d'audit environnemental \u00e0 l'L'Administration portuaire de Prince Rupert. Garantir le respect de l'environnement !","robots":{"index":"index","follow":"follow","max-snippet":"max-snippet:-1","max-image-preview":"max-image-preview:large","max-video-preview":"max-video-preview:-1"},"canonical":"https:\/\/www.rupertport.com\/fr\/programme-de-conformite-environnementale-et-daudit-environnemental-eap-de-lappr\/","og_locale":"fr_FR","og_type":"article","og_title":"Programme d'audit environnemental | Autorit\u00e9 portuaire de Prince Rupert %%.","og_description":"D\u00e9couvrez notre programme complet d'audit environnemental \u00e0 l'L'Administration portuaire de Prince Rupert. Garantir le respect de l'environnement !","og_url":"https:\/\/www.rupertport.com\/fr\/programme-de-conformite-environnementale-et-daudit-environnemental-eap-de-lappr\/","og_site_name":"Autorit\u00e9 portuaire de Prince Rupert","article_publisher":"https:\/\/www.facebook.com\/rupertport\/","article_modified_time":"2023-10-04T18:52:51+00:00","og_image":[{"width":2560,"height":859,"url":"https:\/\/www.rupertport.com\/wp-content\/uploads\/2021\/01\/PortofPrinceRupert-drone-Aug2019-5-scaled.jpg","type":"image\/jpeg"}],"twitter_card":"summary_large_image","twitter_site":"@rupertport","schema":{"@context":"https:\/\/schema.org","@graph":[{"@type":"WebPage","@id":"https:\/\/www.rupertport.com\/fr\/programme-de-conformite-environnementale-et-daudit-environnemental-eap-de-lappr\/","url":"https:\/\/www.rupertport.com\/fr\/programme-de-conformite-environnementale-et-daudit-environnemental-eap-de-lappr\/","name":"Programme d'audit environnemental | Autorit\u00e9 portuaire de Prince Rupert %%.","isPartOf":{"@id":"https:\/\/www.rupertport.com\/fr\/#website"},"primaryImageOfPage":{"@id":"https:\/\/www.rupertport.com\/fr\/programme-de-conformite-environnementale-et-daudit-environnemental-eap-de-lappr\/#primaryimage"},"image":{"@id":"https:\/\/www.rupertport.com\/fr\/programme-de-conformite-environnementale-et-daudit-environnemental-eap-de-lappr\/#primaryimage"},"thumbnailUrl":"https:\/\/www.rupertport.com\/wp-content\/uploads\/2021\/01\/PortofPrinceRupert-drone-Aug2019-5-scaled.jpg","datePublished":"2022-11-25T06:39:01+00:00","dateModified":"2023-10-04T18:52:51+00:00","description":"D\u00e9couvrez notre programme complet d'audit environnemental \u00e0 l'L'Administration portuaire de Prince Rupert. Garantir le respect de l'environnement !","breadcrumb":{"@id":"https:\/\/www.rupertport.com\/fr\/programme-de-conformite-environnementale-et-daudit-environnemental-eap-de-lappr\/#breadcrumb"},"inLanguage":"fr-FR","potentialAction":[{"@type":"ReadAction","target":["https:\/\/www.rupertport.com\/fr\/programme-de-conformite-environnementale-et-daudit-environnemental-eap-de-lappr\/"]}]},{"@type":"ImageObject","inLanguage":"fr-FR","@id":"https:\/\/www.rupertport.com\/fr\/programme-de-conformite-environnementale-et-daudit-environnemental-eap-de-lappr\/#primaryimage","url":"https:\/\/www.rupertport.com\/wp-content\/uploads\/2021\/01\/PortofPrinceRupert-drone-Aug2019-5-scaled.jpg","contentUrl":"https:\/\/www.rupertport.com\/wp-content\/uploads\/2021\/01\/PortofPrinceRupert-drone-Aug2019-5-scaled.jpg","width":2560,"height":859},{"@type":"BreadcrumbList","@id":"https:\/\/www.rupertport.com\/fr\/programme-de-conformite-environnementale-et-daudit-environnemental-eap-de-lappr\/#breadcrumb","itemListElement":[{"@type":"ListItem","position":1,"name":"Home","item":"https:\/\/www.rupertport.com\/fr\/page-de-garde\/"},{"@type":"ListItem","position":2,"name":"Programme de conformit\u00e9 environnementale et d&#8217;audit environnemental de l&#8217;APPR"}]},{"@type":"WebSite","@id":"https:\/\/www.rupertport.com\/fr\/#website","url":"https:\/\/www.rupertport.com\/fr\/","name":"Prince Rupert Port Authority","description":"L'avant-garde du Canada","publisher":{"@id":"https:\/\/www.rupertport.com\/fr\/#organization"},"alternateName":"PRPA","potentialAction":[{"@type":"SearchAction","target":{"@type":"EntryPoint","urlTemplate":"https:\/\/www.rupertport.com\/fr\/?s={search_term_string}"},"query-input":{"@type":"PropertyValueSpecification","valueRequired":true,"valueName":"search_term_string"}}],"inLanguage":"fr-FR"},{"@type":"Organization","@id":"https:\/\/www.rupertport.com\/fr\/#organization","name":"Prince Rupert Port Authority","alternateName":"PRPA","url":"https:\/\/www.rupertport.com\/fr\/","logo":{"@type":"ImageObject","inLanguage":"fr-FR","@id":"https:\/\/www.rupertport.com\/fr\/#\/schema\/logo\/image\/","url":"https:\/\/www.rupertport.com\/wp-content\/uploads\/2021\/04\/cropped-PRPA-logo-meta-1200x1200-1.jpg","contentUrl":"https:\/\/www.rupertport.com\/wp-content\/uploads\/2021\/04\/cropped-PRPA-logo-meta-1200x1200-1.jpg","width":512,"height":512,"caption":"Prince Rupert Port Authority"},"image":{"@id":"https:\/\/www.rupertport.com\/fr\/#\/schema\/logo\/image\/"},"sameAs":["https:\/\/www.facebook.com\/rupertport\/","https:\/\/x.com\/rupertport"]}]}},"_links":{"self":[{"href":"https:\/\/www.rupertport.com\/fr\/wp-json\/wp\/v2\/pages\/13773","targetHints":{"allow":["GET"]}}],"collection":[{"href":"https:\/\/www.rupertport.com\/fr\/wp-json\/wp\/v2\/pages"}],"about":[{"href":"https:\/\/www.rupertport.com\/fr\/wp-json\/wp\/v2\/types\/page"}],"author":[{"embeddable":true,"href":"https:\/\/www.rupertport.com\/fr\/wp-json\/wp\/v2\/users\/4"}],"replies":[{"embeddable":true,"href":"https:\/\/www.rupertport.com\/fr\/wp-json\/wp\/v2\/comments?post=13773"}],"version-history":[{"count":1,"href":"https:\/\/www.rupertport.com\/fr\/wp-json\/wp\/v2\/pages\/13773\/revisions"}],"predecessor-version":[{"id":16801,"href":"https:\/\/www.rupertport.com\/fr\/wp-json\/wp\/v2\/pages\/13773\/revisions\/16801"}],"wp:featuredmedia":[{"embeddable":true,"href":"https:\/\/www.rupertport.com\/fr\/wp-json\/wp\/v2\/media\/11306"}],"wp:attachment":[{"href":"https:\/\/www.rupertport.com\/fr\/wp-json\/wp\/v2\/media?parent=13773"}],"curies":[{"name":"wp","href":"https:\/\/api.w.org\/{rel}","templated":true}]}}