{"id":13771,"date":"2022-05-02T22:03:58","date_gmt":"2022-05-03T06:03:58","guid":{"rendered":"https:\/\/prpaprincerupertportauthor.kinsta.cloud\/programmes-pour-la-jeunesse-de-lappr\/"},"modified":"2024-03-25T10:51:12","modified_gmt":"2024-03-25T18:51:12","slug":"programmes-pour-la-jeunesse-de-lappr","status":"publish","type":"page","link":"https:\/\/www.rupertport.com\/fr\/programmes-pour-la-jeunesse-de-lappr\/","title":{"rendered":"Programmes pour la jeunesse de l&rsquo;APPR"},"content":{"rendered":"\n<h2 class=\"wp-block-heading\">Soutenir les jeunes pour qu&rsquo;ils puissent donner le meilleur d&rsquo;eux-m\u00eames chaque jour parce que des communaut\u00e9s fortes nous soutiennent<\/h2>\n\n\n\n<h4 class=\"wp-block-heading\">L&rsquo;Administration portuaire de Prince Rupert (APPR) s&rsquo;est engag\u00e9e \u00e0 aider les jeunes \u00e0 manger, jouer et apprendre de mani\u00e8re \u00e0 ce qu&rsquo;ils puissent grandir sainement et atteindre leur plein potentiel.  <\/h4>\n\n\n\n<div class=\"wp-block-columns is-layout-flex wp-container-core-columns-is-layout-9d6595d7 wp-block-columns-is-layout-flex\">\n<div class=\"wp-block-column is-layout-flow wp-block-column-is-layout-flow\">\n<h2 class=\"wp-block-heading\">MANGER<\/h2>\n\n\n\n<figure class=\"wp-block-image size-full\"><img loading=\"lazy\" decoding=\"async\" width=\"600\" height=\"400\" src=\"https:\/\/www.rupertport.com\/wp-content\/uploads\/2022\/05\/MicrosoftTeams-image-3.jpg\" alt=\"\" class=\"wp-image-8324\" srcset=\"https:\/\/www.rupertport.com\/wp-content\/uploads\/2022\/05\/MicrosoftTeams-image-3.jpg 600w, https:\/\/www.rupertport.com\/wp-content\/uploads\/2022\/05\/MicrosoftTeams-image-3-300x200.jpg 300w\" sizes=\"auto, (max-width: 600px) 100vw, 600px\" \/><\/figure>\n\n\n\n<p>Le Club des petits d\u00e9jeuners du Canada et l&rsquo;APPR se sont associ\u00e9s pour mieux aider le conseil scolaire 52 \u00e0 renforcer sa capacit\u00e9 \u00e0 offrir des programmes de petits d\u00e9jeuners dans les \u00e9coles de Prince Rupert.<\/p>\n\n\n\n<p><a href=\"https:\/\/www.rupertport.com\/fr\/partenariat-de-lappr-avec-le-club-des-petits-dejeuners-du-canada\/\">Pour en savoir plus sur le programme local, cliquez ici.<\/a><\/p>\n\n\n\n<p><a href=\"http:\/\/breakfastclubcanada.org\" target=\"_blank\" rel=\"noreferrer noopener\">breakfastclubcanada.org<\/a><\/p>\n<\/div>\n\n\n\n<div class=\"wp-block-column is-layout-flow wp-block-column-is-layout-flow\">\n<h2 class=\"wp-block-heading\">JOUER<\/h2>\n\n\n\n<figure class=\"wp-block-image size-full\"><img loading=\"lazy\" decoding=\"async\" width=\"600\" height=\"400\" src=\"https:\/\/www.rupertport.com\/wp-content\/uploads\/2022\/05\/MicrosoftTeams-image-4.jpg\" alt=\"\" class=\"wp-image-8325\" srcset=\"https:\/\/www.rupertport.com\/wp-content\/uploads\/2022\/05\/MicrosoftTeams-image-4.jpg 600w, https:\/\/www.rupertport.com\/wp-content\/uploads\/2022\/05\/MicrosoftTeams-image-4-300x200.jpg 300w\" sizes=\"auto, (max-width: 600px) 100vw, 600px\" \/><\/figure>\n\n\n\n<p>KidSport Prince Rupert et l&rsquo;APPR se sont associ\u00e9s pour aider les enfants \u00e0 sortir de la ligne de touche et \u00e0 faire du sport en leur accordant des subventions pour leur permettre de participer \u00e0 des activit\u00e9s sportives.<\/p>\n\n\n\n<p>Pour en savoir plus sur le programme local, cliquez ici.<\/p>\n\n\n\n<p><a href=\"http:\/\/kidsportcanada.ca\" target=\"_blank\" rel=\"noreferrer noopener\">kidsportcanada.ca<\/a><\/p>\n<\/div>\n\n\n\n<div class=\"wp-block-column is-layout-flow wp-block-column-is-layout-flow\">\n<h2 class=\"wp-block-heading\">APPRENDRE<\/h2>\n\n\n\n<figure class=\"wp-block-image size-full\"><img loading=\"lazy\" decoding=\"async\" width=\"600\" height=\"400\" src=\"https:\/\/www.rupertport.com\/wp-content\/uploads\/2022\/05\/MicrosoftTeams-image-5.jpg\" alt=\"\" class=\"wp-image-8326\" srcset=\"https:\/\/www.rupertport.com\/wp-content\/uploads\/2022\/05\/MicrosoftTeams-image-5.jpg 600w, https:\/\/www.rupertport.com\/wp-content\/uploads\/2022\/05\/MicrosoftTeams-image-5-300x200.jpg 300w\" sizes=\"auto, (max-width: 600px) 100vw, 600px\" \/><\/figure>\n\n\n\n<p>L&rsquo;APPR s&rsquo;est associ\u00e9e \u00e0 l&rsquo;Imagination Library de Dolly Parton, un programme gratuit de dons de livres de grande qualit\u00e9, pour \u00e9tendre sa pr\u00e9sence \u00e0 Prince Rupert. Inscrivez votre enfant d\u00e8s aujourd&rsquo;hui !<\/p>\n\n\n\n<p>Pour en savoir plus sur le programme local, cliquez ici.  <\/p>\n\n\n\n<p><a href=\"https:\/\/imaginationlibrary.com\/ca\/affiliate\/BCPRINCERUPERT\/?chkAvalAddressData=eyJjYWxsYmFjayI6dHJ1ZSwiYWRkcmVzcyI6eyJjb3VudHJ5IjoiQ0EiLCJ6aXAiOiJWOEogMVQ4Iiwic3RhdGUiOiJCQyIsImNpdHkiOiJQcmluY2UgUnVwZXJ0Iiwic3RyZWV0IjoiIn19\">imaginationlibrary.com<\/a><\/p>\n<\/div>\n<\/div>\n\n\n\n<p><\/p>\n","protected":false},"excerpt":{"rendered":"<p>Soutenir les jeunes pour qu&rsquo;ils puissent donner le meilleur d&rsquo;eux-m\u00eames chaque jour parce que des communaut\u00e9s fortes nous soutiennent L&rsquo;Administration portuaire de Prince Rupert (APPR) s&rsquo;est engag\u00e9e \u00e0 aider les jeunes \u00e0 manger, jouer et apprendre de mani\u00e8re \u00e0 ce qu&rsquo;ils puissent grandir sainement et atteindre leur plein potentiel. MANGER Le Club des petits d\u00e9jeuners [&hellip;]<\/p>\n","protected":false},"author":4,"featured_media":12868,"parent":0,"menu_order":0,"comment_status":"closed","ping_status":"closed","template":"","meta":{"_acf_changed":false,"footnotes":""},"class_list":["post-13771","page","type-page","status-publish","has-post-thumbnail","hentry"],"acf":[],"yoast_head":"<!-- This site is optimized with the Yoast SEO plugin v26.8 - https:\/\/yoast.com\/product\/yoast-seo-wordpress\/ -->\n<title>Jeunesse | Donner \u00e0 la prochaine g\u00e9n\u00e9ration les moyens de r\u00e9ussir dans les affaires maritimes | Autorit\u00e9 portuaire de Prince Rupert %.<\/title>\n<meta name=\"description\" content=\"D\u00e9couvrez les programmes \u00e9ducatifs et les opportunit\u00e9s pour les jeunes \u00e0 l&#039;L&#039;Administration portuaire de Prince Rupert. Inspirer la prochaine g\u00e9n\u00e9ration.\" \/>\n<meta name=\"robots\" content=\"index, follow, max-snippet:-1, max-image-preview:large, max-video-preview:-1\" \/>\n<link rel=\"canonical\" href=\"https:\/\/www.rupertport.com\/fr\/programmes-pour-la-jeunesse-de-lappr\/\" \/>\n<meta property=\"og:locale\" content=\"fr_FR\" \/>\n<meta property=\"og:type\" content=\"article\" \/>\n<meta property=\"og:title\" content=\"Jeunesse | Donner \u00e0 la prochaine g\u00e9n\u00e9ration les moyens de r\u00e9ussir dans les affaires maritimes | Autorit\u00e9 portuaire de Prince Rupert %.\" \/>\n<meta property=\"og:description\" content=\"D\u00e9couvrez les programmes \u00e9ducatifs et les opportunit\u00e9s pour les jeunes \u00e0 l&#039;L&#039;Administration portuaire de Prince Rupert. Inspirer la prochaine g\u00e9n\u00e9ration.\" \/>\n<meta property=\"og:url\" content=\"https:\/\/www.rupertport.com\/fr\/programmes-pour-la-jeunesse-de-lappr\/\" \/>\n<meta property=\"og:site_name\" content=\"Autorit\u00e9 portuaire de Prince Rupert\" \/>\n<meta property=\"article:publisher\" content=\"https:\/\/www.facebook.com\/rupertport\/\" \/>\n<meta property=\"article:modified_time\" content=\"2024-03-25T18:51:12+00:00\" \/>\n<meta property=\"og:image\" content=\"https:\/\/www.rupertport.com\/wp-content\/uploads\/2022\/05\/2014-PRPA-CIF-SD52-Roosevelt-Playground-Project-4-4.jpg\" \/>\n\t<meta property=\"og:image:width\" content=\"2048\" \/>\n\t<meta property=\"og:image:height\" content=\"528\" \/>\n\t<meta property=\"og:image:type\" content=\"image\/jpeg\" \/>\n<meta name=\"twitter:card\" content=\"summary_large_image\" \/>\n<meta name=\"twitter:site\" content=\"@rupertport\" \/>\n<script type=\"application\/ld+json\" class=\"yoast-schema-graph\">{\"@context\":\"https:\/\/schema.org\",\"@graph\":[{\"@type\":\"WebPage\",\"@id\":\"https:\/\/www.rupertport.com\/fr\/programmes-pour-la-jeunesse-de-lappr\/\",\"url\":\"https:\/\/www.rupertport.com\/fr\/programmes-pour-la-jeunesse-de-lappr\/\",\"name\":\"Jeunesse | Donner \u00e0 la prochaine g\u00e9n\u00e9ration les moyens de r\u00e9ussir dans les affaires maritimes | Autorit\u00e9 portuaire de Prince Rupert %.\",\"isPartOf\":{\"@id\":\"https:\/\/www.rupertport.com\/fr\/#website\"},\"primaryImageOfPage\":{\"@id\":\"https:\/\/www.rupertport.com\/fr\/programmes-pour-la-jeunesse-de-lappr\/#primaryimage\"},\"image\":{\"@id\":\"https:\/\/www.rupertport.com\/fr\/programmes-pour-la-jeunesse-de-lappr\/#primaryimage\"},\"thumbnailUrl\":\"https:\/\/www.rupertport.com\/wp-content\/uploads\/2022\/05\/2014-PRPA-CIF-SD52-Roosevelt-Playground-Project-4-4.jpg\",\"datePublished\":\"2022-05-03T06:03:58+00:00\",\"dateModified\":\"2024-03-25T18:51:12+00:00\",\"description\":\"D\u00e9couvrez les programmes \u00e9ducatifs et les opportunit\u00e9s pour les jeunes \u00e0 l'L'Administration portuaire de Prince Rupert. Inspirer la prochaine g\u00e9n\u00e9ration.\",\"breadcrumb\":{\"@id\":\"https:\/\/www.rupertport.com\/fr\/programmes-pour-la-jeunesse-de-lappr\/#breadcrumb\"},\"inLanguage\":\"fr-FR\",\"potentialAction\":[{\"@type\":\"ReadAction\",\"target\":[\"https:\/\/www.rupertport.com\/fr\/programmes-pour-la-jeunesse-de-lappr\/\"]}]},{\"@type\":\"ImageObject\",\"inLanguage\":\"fr-FR\",\"@id\":\"https:\/\/www.rupertport.com\/fr\/programmes-pour-la-jeunesse-de-lappr\/#primaryimage\",\"url\":\"https:\/\/www.rupertport.com\/wp-content\/uploads\/2022\/05\/2014-PRPA-CIF-SD52-Roosevelt-Playground-Project-4-4.jpg\",\"contentUrl\":\"https:\/\/www.rupertport.com\/wp-content\/uploads\/2022\/05\/2014-PRPA-CIF-SD52-Roosevelt-Playground-Project-4-4.jpg\",\"width\":2048,\"height\":528},{\"@type\":\"BreadcrumbList\",\"@id\":\"https:\/\/www.rupertport.com\/fr\/programmes-pour-la-jeunesse-de-lappr\/#breadcrumb\",\"itemListElement\":[{\"@type\":\"ListItem\",\"position\":1,\"name\":\"Home\",\"item\":\"https:\/\/www.rupertport.com\/fr\/page-de-garde\/\"},{\"@type\":\"ListItem\",\"position\":2,\"name\":\"Programmes pour la jeunesse de l&#8217;APPR\"}]},{\"@type\":\"WebSite\",\"@id\":\"https:\/\/www.rupertport.com\/fr\/#website\",\"url\":\"https:\/\/www.rupertport.com\/fr\/\",\"name\":\"Prince Rupert Port Authority\",\"description\":\"L'avant-garde du Canada\",\"publisher\":{\"@id\":\"https:\/\/www.rupertport.com\/fr\/#organization\"},\"alternateName\":\"PRPA\",\"potentialAction\":[{\"@type\":\"SearchAction\",\"target\":{\"@type\":\"EntryPoint\",\"urlTemplate\":\"https:\/\/www.rupertport.com\/fr\/?s={search_term_string}\"},\"query-input\":{\"@type\":\"PropertyValueSpecification\",\"valueRequired\":true,\"valueName\":\"search_term_string\"}}],\"inLanguage\":\"fr-FR\"},{\"@type\":\"Organization\",\"@id\":\"https:\/\/www.rupertport.com\/fr\/#organization\",\"name\":\"Prince Rupert Port Authority\",\"alternateName\":\"PRPA\",\"url\":\"https:\/\/www.rupertport.com\/fr\/\",\"logo\":{\"@type\":\"ImageObject\",\"inLanguage\":\"fr-FR\",\"@id\":\"https:\/\/www.rupertport.com\/fr\/#\/schema\/logo\/image\/\",\"url\":\"https:\/\/www.rupertport.com\/wp-content\/uploads\/2021\/04\/cropped-PRPA-logo-meta-1200x1200-1.jpg\",\"contentUrl\":\"https:\/\/www.rupertport.com\/wp-content\/uploads\/2021\/04\/cropped-PRPA-logo-meta-1200x1200-1.jpg\",\"width\":512,\"height\":512,\"caption\":\"Prince Rupert Port Authority\"},\"image\":{\"@id\":\"https:\/\/www.rupertport.com\/fr\/#\/schema\/logo\/image\/\"},\"sameAs\":[\"https:\/\/www.facebook.com\/rupertport\/\",\"https:\/\/x.com\/rupertport\"]}]}<\/script>\n<!-- \/ Yoast SEO plugin. -->","yoast_head_json":{"title":"Jeunesse | Donner \u00e0 la prochaine g\u00e9n\u00e9ration les moyens de r\u00e9ussir dans les affaires maritimes | Autorit\u00e9 portuaire de Prince Rupert %.","description":"D\u00e9couvrez les programmes \u00e9ducatifs et les opportunit\u00e9s pour les jeunes \u00e0 l'L'Administration portuaire de Prince Rupert. Inspirer la prochaine g\u00e9n\u00e9ration.","robots":{"index":"index","follow":"follow","max-snippet":"max-snippet:-1","max-image-preview":"max-image-preview:large","max-video-preview":"max-video-preview:-1"},"canonical":"https:\/\/www.rupertport.com\/fr\/programmes-pour-la-jeunesse-de-lappr\/","og_locale":"fr_FR","og_type":"article","og_title":"Jeunesse | Donner \u00e0 la prochaine g\u00e9n\u00e9ration les moyens de r\u00e9ussir dans les affaires maritimes | Autorit\u00e9 portuaire de Prince Rupert %.","og_description":"D\u00e9couvrez les programmes \u00e9ducatifs et les opportunit\u00e9s pour les jeunes \u00e0 l'L'Administration portuaire de Prince Rupert. Inspirer la prochaine g\u00e9n\u00e9ration.","og_url":"https:\/\/www.rupertport.com\/fr\/programmes-pour-la-jeunesse-de-lappr\/","og_site_name":"Autorit\u00e9 portuaire de Prince Rupert","article_publisher":"https:\/\/www.facebook.com\/rupertport\/","article_modified_time":"2024-03-25T18:51:12+00:00","og_image":[{"width":2048,"height":528,"url":"https:\/\/www.rupertport.com\/wp-content\/uploads\/2022\/05\/2014-PRPA-CIF-SD52-Roosevelt-Playground-Project-4-4.jpg","type":"image\/jpeg"}],"twitter_card":"summary_large_image","twitter_site":"@rupertport","schema":{"@context":"https:\/\/schema.org","@graph":[{"@type":"WebPage","@id":"https:\/\/www.rupertport.com\/fr\/programmes-pour-la-jeunesse-de-lappr\/","url":"https:\/\/www.rupertport.com\/fr\/programmes-pour-la-jeunesse-de-lappr\/","name":"Jeunesse | Donner \u00e0 la prochaine g\u00e9n\u00e9ration les moyens de r\u00e9ussir dans les affaires maritimes | Autorit\u00e9 portuaire de Prince Rupert %.","isPartOf":{"@id":"https:\/\/www.rupertport.com\/fr\/#website"},"primaryImageOfPage":{"@id":"https:\/\/www.rupertport.com\/fr\/programmes-pour-la-jeunesse-de-lappr\/#primaryimage"},"image":{"@id":"https:\/\/www.rupertport.com\/fr\/programmes-pour-la-jeunesse-de-lappr\/#primaryimage"},"thumbnailUrl":"https:\/\/www.rupertport.com\/wp-content\/uploads\/2022\/05\/2014-PRPA-CIF-SD52-Roosevelt-Playground-Project-4-4.jpg","datePublished":"2022-05-03T06:03:58+00:00","dateModified":"2024-03-25T18:51:12+00:00","description":"D\u00e9couvrez les programmes \u00e9ducatifs et les opportunit\u00e9s pour les jeunes \u00e0 l'L'Administration portuaire de Prince Rupert. Inspirer la prochaine g\u00e9n\u00e9ration.","breadcrumb":{"@id":"https:\/\/www.rupertport.com\/fr\/programmes-pour-la-jeunesse-de-lappr\/#breadcrumb"},"inLanguage":"fr-FR","potentialAction":[{"@type":"ReadAction","target":["https:\/\/www.rupertport.com\/fr\/programmes-pour-la-jeunesse-de-lappr\/"]}]},{"@type":"ImageObject","inLanguage":"fr-FR","@id":"https:\/\/www.rupertport.com\/fr\/programmes-pour-la-jeunesse-de-lappr\/#primaryimage","url":"https:\/\/www.rupertport.com\/wp-content\/uploads\/2022\/05\/2014-PRPA-CIF-SD52-Roosevelt-Playground-Project-4-4.jpg","contentUrl":"https:\/\/www.rupertport.com\/wp-content\/uploads\/2022\/05\/2014-PRPA-CIF-SD52-Roosevelt-Playground-Project-4-4.jpg","width":2048,"height":528},{"@type":"BreadcrumbList","@id":"https:\/\/www.rupertport.com\/fr\/programmes-pour-la-jeunesse-de-lappr\/#breadcrumb","itemListElement":[{"@type":"ListItem","position":1,"name":"Home","item":"https:\/\/www.rupertport.com\/fr\/page-de-garde\/"},{"@type":"ListItem","position":2,"name":"Programmes pour la jeunesse de l&#8217;APPR"}]},{"@type":"WebSite","@id":"https:\/\/www.rupertport.com\/fr\/#website","url":"https:\/\/www.rupertport.com\/fr\/","name":"Prince Rupert Port Authority","description":"L'avant-garde du Canada","publisher":{"@id":"https:\/\/www.rupertport.com\/fr\/#organization"},"alternateName":"PRPA","potentialAction":[{"@type":"SearchAction","target":{"@type":"EntryPoint","urlTemplate":"https:\/\/www.rupertport.com\/fr\/?s={search_term_string}"},"query-input":{"@type":"PropertyValueSpecification","valueRequired":true,"valueName":"search_term_string"}}],"inLanguage":"fr-FR"},{"@type":"Organization","@id":"https:\/\/www.rupertport.com\/fr\/#organization","name":"Prince Rupert Port Authority","alternateName":"PRPA","url":"https:\/\/www.rupertport.com\/fr\/","logo":{"@type":"ImageObject","inLanguage":"fr-FR","@id":"https:\/\/www.rupertport.com\/fr\/#\/schema\/logo\/image\/","url":"https:\/\/www.rupertport.com\/wp-content\/uploads\/2021\/04\/cropped-PRPA-logo-meta-1200x1200-1.jpg","contentUrl":"https:\/\/www.rupertport.com\/wp-content\/uploads\/2021\/04\/cropped-PRPA-logo-meta-1200x1200-1.jpg","width":512,"height":512,"caption":"Prince Rupert Port Authority"},"image":{"@id":"https:\/\/www.rupertport.com\/fr\/#\/schema\/logo\/image\/"},"sameAs":["https:\/\/www.facebook.com\/rupertport\/","https:\/\/x.com\/rupertport"]}]}},"_links":{"self":[{"href":"https:\/\/www.rupertport.com\/fr\/wp-json\/wp\/v2\/pages\/13771","targetHints":{"allow":["GET"]}}],"collection":[{"href":"https:\/\/www.rupertport.com\/fr\/wp-json\/wp\/v2\/pages"}],"about":[{"href":"https:\/\/www.rupertport.com\/fr\/wp-json\/wp\/v2\/types\/page"}],"author":[{"embeddable":true,"href":"https:\/\/www.rupertport.com\/fr\/wp-json\/wp\/v2\/users\/4"}],"replies":[{"embeddable":true,"href":"https:\/\/www.rupertport.com\/fr\/wp-json\/wp\/v2\/comments?post=13771"}],"version-history":[{"count":3,"href":"https:\/\/www.rupertport.com\/fr\/wp-json\/wp\/v2\/pages\/13771\/revisions"}],"predecessor-version":[{"id":18703,"href":"https:\/\/www.rupertport.com\/fr\/wp-json\/wp\/v2\/pages\/13771\/revisions\/18703"}],"wp:featuredmedia":[{"embeddable":true,"href":"https:\/\/www.rupertport.com\/fr\/wp-json\/wp\/v2\/media\/12868"}],"wp:attachment":[{"href":"https:\/\/www.rupertport.com\/fr\/wp-json\/wp\/v2\/media?parent=13771"}],"curies":[{"name":"wp","href":"https:\/\/api.w.org\/{rel}","templated":true}]}}