{"id":13768,"date":"2022-05-09T22:43:22","date_gmt":"2022-05-09T22:43:22","guid":{"rendered":"https:\/\/prpaprincerupertportauthor.kinsta.cloud\/espace-de-croissance\/"},"modified":"2023-08-04T21:34:40","modified_gmt":"2023-08-04T21:34:40","slug":"espace-de-croissance","status":"publish","type":"page","link":"https:\/\/www.rupertport.com\/fr\/espace-de-croissance\/","title":{"rendered":"ESPACE DE CROISSANCE"},"content":{"rendered":"\n<h1 class=\"wp-block-heading\">ESPACE DE CROISSANCE<\/h1>\n\n<p>Le port de Prince Rupert s&rsquo;enorgueillit d&rsquo;une main-d&rsquo;\u0153uvre qualifi\u00e9e qui refl\u00e8te la diversit\u00e9 de la communaut\u00e9 qui lui permet d&rsquo;exister, et il s&rsquo;est engag\u00e9 \u00e0 collaborer avec les communaut\u00e9s indig\u00e8nes locales pour partager les b\u00e9n\u00e9fices de la croissance du port.<\/p>\n\n<div class=\"wp-block-columns is-layout-flex wp-container-core-columns-is-layout-9d6595d7 wp-block-columns-is-layout-flex\">\n<div class=\"wp-block-column is-layout-flow wp-block-column-is-layout-flow\" style=\"flex-basis:33.33%\">\n<figure class=\"wp-block-image size-large\"><img loading=\"lazy\" decoding=\"async\" width=\"1024\" height=\"683\" src=\"https:\/\/stage.rupertport.com\/wp-content\/uploads\/2022\/05\/PRPO_423-Owen-2-1024x683.jpg\" alt=\"\" class=\"wp-image-8407\" srcset=\"https:\/\/www.rupertport.com\/wp-content\/uploads\/2022\/05\/PRPO_423-Owen-2-1024x683.jpg 1024w, https:\/\/www.rupertport.com\/wp-content\/uploads\/2022\/05\/PRPO_423-Owen-2-300x200.jpg 300w, https:\/\/www.rupertport.com\/wp-content\/uploads\/2022\/05\/PRPO_423-Owen-2-768x512.jpg 768w, https:\/\/www.rupertport.com\/wp-content\/uploads\/2022\/05\/PRPO_423-Owen-2-1536x1024.jpg 1536w, https:\/\/www.rupertport.com\/wp-content\/uploads\/2022\/05\/PRPO_423-Owen-2.jpg 2048w\" sizes=\"auto, (max-width: 1024px) 100vw, 1024px\" \/><\/figure>\n<\/div>\n\n\n\n<div class=\"wp-block-column is-layout-flow wp-block-column-is-layout-flow\" style=\"flex-basis:66.66%\">\n<h2 class=\"wp-block-heading\"><strong>Une main-d&rsquo;\u0153uvre diversifi\u00e9e<\/strong><\/h2>\n\n\n\n<p>Le port de Prince Rupert op\u00e8re sur le territoire traditionnel du peuple Ts&rsquo;msyen, o\u00f9 les r\u00e9sidents autochtones de plus de 15 ans repr\u00e9sentent actuellement 38 % de la population locale. Cette diversit\u00e9 se refl\u00e8te dans la main-d&rsquo;\u0153uvre de la porte d&rsquo;entr\u00e9e de Prince Rupert, o\u00f9 35 % des travailleurs s&rsquo;identifient comme autochtones. Pour continuer \u00e0 d\u00e9velopper cette main-d&rsquo;\u0153uvre et r\u00e9pondre aux besoins croissants de la porte d&rsquo;entr\u00e9e, l&rsquo;autorit\u00e9 portuaire de Prince Rupert soutient la prochaine g\u00e9n\u00e9ration de travailleurs indig\u00e8nes par le biais d&rsquo;une formation et d&rsquo;un enseignement locaux, ainsi que de bourses d&rsquo;\u00e9tudes destin\u00e9es aux \u00e9tudiants locaux qui envisagent de faire carri\u00e8re dans des domaines tels que le transport et la logistique, le commerce international et l&rsquo;ing\u00e9nierie.<\/p>\n<\/div>\n<\/div>\n\n<div style=\"height:20px\" aria-hidden=\"true\" class=\"wp-block-spacer\"><\/div>\n\n<div class=\"wp-block-columns is-layout-flex wp-container-core-columns-is-layout-9d6595d7 wp-block-columns-is-layout-flex\">\n<div class=\"wp-block-column is-layout-flow wp-block-column-is-layout-flow\" style=\"flex-basis:33.33%\">\n<figure class=\"wp-block-image size-large\"><img loading=\"lazy\" decoding=\"async\" width=\"1024\" height=\"683\" src=\"https:\/\/stage.rupertport.com\/wp-content\/uploads\/2022\/05\/PRPO_161-Ashley-2-1024x683.jpg\" alt=\"\" class=\"wp-image-8353\" srcset=\"https:\/\/www.rupertport.com\/wp-content\/uploads\/2022\/05\/PRPO_161-Ashley-2-1024x683.jpg 1024w, https:\/\/www.rupertport.com\/wp-content\/uploads\/2022\/05\/PRPO_161-Ashley-2-300x200.jpg 300w, https:\/\/www.rupertport.com\/wp-content\/uploads\/2022\/05\/PRPO_161-Ashley-2-768x512.jpg 768w, https:\/\/www.rupertport.com\/wp-content\/uploads\/2022\/05\/PRPO_161-Ashley-2-1536x1024.jpg 1536w, https:\/\/www.rupertport.com\/wp-content\/uploads\/2022\/05\/PRPO_161-Ashley-2.jpg 2048w\" sizes=\"auto, (max-width: 1024px) 100vw, 1024px\" \/><\/figure>\n<\/div>\n\n\n\n<div class=\"wp-block-column is-layout-flow wp-block-column-is-layout-flow\" style=\"flex-basis:66.66%\">\n<h2 class=\"wp-block-heading\"><strong>Partenariats avec les populations autochtones<\/strong><\/h2>\n\n\n\n<p>Le port de Prince Rupert s&rsquo;est engag\u00e9 \u00e0 partager les avantages financiers de l&rsquo;augmentation des volumes portuaires avec les r\u00e9sidents autochtones locaux, les gouvernements et les entreprises par le biais d&rsquo;accords sur les avantages, du partage des revenus, de l&#8217;emploi dans l&rsquo;industrie de la passerelle et de contrats d&rsquo;infrastructure privil\u00e9gi\u00e9s pour la construction, les op\u00e9rations et les opportunit\u00e9s d&rsquo;affaires entrepreneuriales. Depuis 2011, des contrats d&rsquo;une valeur totale de plus de 230 millions de dollars ont \u00e9t\u00e9 attribu\u00e9s \u00e0 des entreprises dirig\u00e9es par des autochtones. Le plus grand projet d&rsquo;infrastructure du port \u00e0 ce jour, le nouveau corridor de raccordement Fairview-Ridley et les travaux de compensation de l&rsquo;habitat qui en d\u00e9coulent, ont \u00e9t\u00e9 entrepris par la Coast Tsimshian Northern Contractors Alliance, une coentreprise des Premi\u00e8res nations.<\/p>\n\n\n\n<p>Les groupes indig\u00e8nes locaux investissent directement dans le d\u00e9veloppement du port. La Metlakatla Development Corporation et l&rsquo;autorit\u00e9 portuaire de Prince Rupert s&rsquo;associent pour construire des installations logistiques d&rsquo;importation sur l&rsquo;\u00eele de South Kaien. Il existe \u00e9galement de nombreuses entreprises autochtones qui fournissent des produits et des services essentiels \u00e0 la porte d&rsquo;entr\u00e9e et qui emploient des dizaines de travailleurs autochtones locaux, comme Gat Leedm Logistics et Coast 2000 Terminal.<\/p>\n\n\n\n<p>Le port de Prince Rupert collabore \u00e9galement directement avec les gouvernements et les organisations autochtones locales afin de promouvoir la gestion durable des initiatives en mati\u00e8re de surveillance et de capacit\u00e9 environnementales.<\/p>\n<\/div>\n<\/div>\n","protected":false},"excerpt":{"rendered":"<p>ESPACE DE CROISSANCE Le port de Prince Rupert s&rsquo;enorgueillit d&rsquo;une main-d&rsquo;\u0153uvre qualifi\u00e9e qui refl\u00e8te la diversit\u00e9 de la communaut\u00e9 qui lui permet d&rsquo;exister, et il s&rsquo;est engag\u00e9 \u00e0 collaborer avec les communaut\u00e9s indig\u00e8nes locales pour partager les b\u00e9n\u00e9fices de la croissance du port. Une main-d&rsquo;\u0153uvre diversifi\u00e9e Le port de Prince Rupert op\u00e8re sur le territoire [&hellip;]<\/p>\n","protected":false},"author":4,"featured_media":12899,"parent":0,"menu_order":0,"comment_status":"closed","ping_status":"closed","template":"","meta":{"_acf_changed":false,"footnotes":""},"class_list":["post-13768","page","type-page","status-publish","has-post-thumbnail","hentry"],"acf":[],"yoast_head":"<!-- This site is optimized with the Yoast SEO plugin v26.8 - https:\/\/yoast.com\/product\/yoast-seo-wordpress\/ -->\n<title>Main-d&#039;\u0153uvre qualifi\u00e9e \u00e0 l&#039;Administration portuaire de Prince Rupert | Room to Grow | Autorit\u00e9 portuaire de Prince Rupert<\/title>\n<meta name=\"description\" content=\"L&#039;APPR s&#039;enorgueillit d&#039;une main-d&#039;\u0153uvre qualifi\u00e9e qui refl\u00e8te la diversit\u00e9 de la communaut\u00e9 qui lui permet d&#039;exister, et elle s&#039;engage \u00e0 collaborer avec les communaut\u00e9s indig\u00e8nes locales. En savoir plus d\u00e8s aujourd&#039;hui !\" \/>\n<meta name=\"robots\" content=\"index, follow, max-snippet:-1, max-image-preview:large, max-video-preview:-1\" \/>\n<link rel=\"canonical\" href=\"https:\/\/www.rupertport.com\/fr\/espace-de-croissance\/\" \/>\n<meta property=\"og:locale\" content=\"fr_FR\" \/>\n<meta property=\"og:type\" content=\"article\" \/>\n<meta property=\"og:title\" content=\"Main-d&#039;\u0153uvre qualifi\u00e9e \u00e0 l&#039;Administration portuaire de Prince Rupert | Room to Grow | Autorit\u00e9 portuaire de Prince Rupert\" \/>\n<meta property=\"og:description\" content=\"L&#039;APPR s&#039;enorgueillit d&#039;une main-d&#039;\u0153uvre qualifi\u00e9e qui refl\u00e8te la diversit\u00e9 de la communaut\u00e9 qui lui permet d&#039;exister, et elle s&#039;engage \u00e0 collaborer avec les communaut\u00e9s indig\u00e8nes locales. En savoir plus d\u00e8s aujourd&#039;hui !\" \/>\n<meta property=\"og:url\" content=\"https:\/\/www.rupertport.com\/fr\/espace-de-croissance\/\" \/>\n<meta property=\"og:site_name\" content=\"Autorit\u00e9 portuaire de Prince Rupert\" \/>\n<meta property=\"article:publisher\" content=\"https:\/\/www.facebook.com\/rupertport\/\" \/>\n<meta property=\"article:modified_time\" content=\"2023-08-04T21:34:40+00:00\" \/>\n<meta property=\"og:image\" content=\"https:\/\/www.rupertport.com\/wp-content\/uploads\/2022\/05\/PRPO_471-Jae-Crosby-Ratte-3.jpg\" \/>\n\t<meta property=\"og:image:width\" content=\"2048\" \/>\n\t<meta property=\"og:image:height\" content=\"447\" \/>\n\t<meta property=\"og:image:type\" content=\"image\/jpeg\" \/>\n<meta name=\"twitter:card\" content=\"summary_large_image\" \/>\n<meta name=\"twitter:site\" content=\"@rupertport\" \/>\n<script type=\"application\/ld+json\" class=\"yoast-schema-graph\">{\"@context\":\"https:\/\/schema.org\",\"@graph\":[{\"@type\":\"WebPage\",\"@id\":\"https:\/\/www.rupertport.com\/fr\/espace-de-croissance\/\",\"url\":\"https:\/\/www.rupertport.com\/fr\/espace-de-croissance\/\",\"name\":\"Main-d'\u0153uvre qualifi\u00e9e \u00e0 l'Administration portuaire de Prince Rupert | Room to Grow | Autorit\u00e9 portuaire de Prince Rupert\",\"isPartOf\":{\"@id\":\"https:\/\/www.rupertport.com\/fr\/#website\"},\"primaryImageOfPage\":{\"@id\":\"https:\/\/www.rupertport.com\/fr\/espace-de-croissance\/#primaryimage\"},\"image\":{\"@id\":\"https:\/\/www.rupertport.com\/fr\/espace-de-croissance\/#primaryimage\"},\"thumbnailUrl\":\"https:\/\/www.rupertport.com\/wp-content\/uploads\/2022\/05\/PRPO_471-Jae-Crosby-Ratte-3.jpg\",\"datePublished\":\"2022-05-09T22:43:22+00:00\",\"dateModified\":\"2023-08-04T21:34:40+00:00\",\"description\":\"L'APPR s'enorgueillit d'une main-d'\u0153uvre qualifi\u00e9e qui refl\u00e8te la diversit\u00e9 de la communaut\u00e9 qui lui permet d'exister, et elle s'engage \u00e0 collaborer avec les communaut\u00e9s indig\u00e8nes locales. En savoir plus d\u00e8s aujourd'hui !\",\"breadcrumb\":{\"@id\":\"https:\/\/www.rupertport.com\/fr\/espace-de-croissance\/#breadcrumb\"},\"inLanguage\":\"fr-FR\",\"potentialAction\":[{\"@type\":\"ReadAction\",\"target\":[\"https:\/\/www.rupertport.com\/fr\/espace-de-croissance\/\"]}]},{\"@type\":\"ImageObject\",\"inLanguage\":\"fr-FR\",\"@id\":\"https:\/\/www.rupertport.com\/fr\/espace-de-croissance\/#primaryimage\",\"url\":\"https:\/\/www.rupertport.com\/wp-content\/uploads\/2022\/05\/PRPO_471-Jae-Crosby-Ratte-3.jpg\",\"contentUrl\":\"https:\/\/www.rupertport.com\/wp-content\/uploads\/2022\/05\/PRPO_471-Jae-Crosby-Ratte-3.jpg\",\"width\":2048,\"height\":447},{\"@type\":\"BreadcrumbList\",\"@id\":\"https:\/\/www.rupertport.com\/fr\/espace-de-croissance\/#breadcrumb\",\"itemListElement\":[{\"@type\":\"ListItem\",\"position\":1,\"name\":\"Home\",\"item\":\"https:\/\/www.rupertport.com\/fr\/page-de-garde\/\"},{\"@type\":\"ListItem\",\"position\":2,\"name\":\"ESPACE DE CROISSANCE\"}]},{\"@type\":\"WebSite\",\"@id\":\"https:\/\/www.rupertport.com\/fr\/#website\",\"url\":\"https:\/\/www.rupertport.com\/fr\/\",\"name\":\"Prince Rupert Port Authority\",\"description\":\"L'avant-garde du Canada\",\"publisher\":{\"@id\":\"https:\/\/www.rupertport.com\/fr\/#organization\"},\"alternateName\":\"PRPA\",\"potentialAction\":[{\"@type\":\"SearchAction\",\"target\":{\"@type\":\"EntryPoint\",\"urlTemplate\":\"https:\/\/www.rupertport.com\/fr\/?s={search_term_string}\"},\"query-input\":{\"@type\":\"PropertyValueSpecification\",\"valueRequired\":true,\"valueName\":\"search_term_string\"}}],\"inLanguage\":\"fr-FR\"},{\"@type\":\"Organization\",\"@id\":\"https:\/\/www.rupertport.com\/fr\/#organization\",\"name\":\"Prince Rupert Port Authority\",\"alternateName\":\"PRPA\",\"url\":\"https:\/\/www.rupertport.com\/fr\/\",\"logo\":{\"@type\":\"ImageObject\",\"inLanguage\":\"fr-FR\",\"@id\":\"https:\/\/www.rupertport.com\/fr\/#\/schema\/logo\/image\/\",\"url\":\"https:\/\/www.rupertport.com\/wp-content\/uploads\/2021\/04\/cropped-PRPA-logo-meta-1200x1200-1.jpg\",\"contentUrl\":\"https:\/\/www.rupertport.com\/wp-content\/uploads\/2021\/04\/cropped-PRPA-logo-meta-1200x1200-1.jpg\",\"width\":512,\"height\":512,\"caption\":\"Prince Rupert Port Authority\"},\"image\":{\"@id\":\"https:\/\/www.rupertport.com\/fr\/#\/schema\/logo\/image\/\"},\"sameAs\":[\"https:\/\/www.facebook.com\/rupertport\/\",\"https:\/\/x.com\/rupertport\"]}]}<\/script>\n<!-- \/ Yoast SEO plugin. -->","yoast_head_json":{"title":"Main-d'\u0153uvre qualifi\u00e9e \u00e0 l'Administration portuaire de Prince Rupert | Room to Grow | Autorit\u00e9 portuaire de Prince Rupert","description":"L'APPR s'enorgueillit d'une main-d'\u0153uvre qualifi\u00e9e qui refl\u00e8te la diversit\u00e9 de la communaut\u00e9 qui lui permet d'exister, et elle s'engage \u00e0 collaborer avec les communaut\u00e9s indig\u00e8nes locales. En savoir plus d\u00e8s aujourd'hui !","robots":{"index":"index","follow":"follow","max-snippet":"max-snippet:-1","max-image-preview":"max-image-preview:large","max-video-preview":"max-video-preview:-1"},"canonical":"https:\/\/www.rupertport.com\/fr\/espace-de-croissance\/","og_locale":"fr_FR","og_type":"article","og_title":"Main-d'\u0153uvre qualifi\u00e9e \u00e0 l'Administration portuaire de Prince Rupert | Room to Grow | Autorit\u00e9 portuaire de Prince Rupert","og_description":"L'APPR s'enorgueillit d'une main-d'\u0153uvre qualifi\u00e9e qui refl\u00e8te la diversit\u00e9 de la communaut\u00e9 qui lui permet d'exister, et elle s'engage \u00e0 collaborer avec les communaut\u00e9s indig\u00e8nes locales. En savoir plus d\u00e8s aujourd'hui !","og_url":"https:\/\/www.rupertport.com\/fr\/espace-de-croissance\/","og_site_name":"Autorit\u00e9 portuaire de Prince Rupert","article_publisher":"https:\/\/www.facebook.com\/rupertport\/","article_modified_time":"2023-08-04T21:34:40+00:00","og_image":[{"width":2048,"height":447,"url":"https:\/\/www.rupertport.com\/wp-content\/uploads\/2022\/05\/PRPO_471-Jae-Crosby-Ratte-3.jpg","type":"image\/jpeg"}],"twitter_card":"summary_large_image","twitter_site":"@rupertport","schema":{"@context":"https:\/\/schema.org","@graph":[{"@type":"WebPage","@id":"https:\/\/www.rupertport.com\/fr\/espace-de-croissance\/","url":"https:\/\/www.rupertport.com\/fr\/espace-de-croissance\/","name":"Main-d'\u0153uvre qualifi\u00e9e \u00e0 l'Administration portuaire de Prince Rupert | Room to Grow | Autorit\u00e9 portuaire de Prince Rupert","isPartOf":{"@id":"https:\/\/www.rupertport.com\/fr\/#website"},"primaryImageOfPage":{"@id":"https:\/\/www.rupertport.com\/fr\/espace-de-croissance\/#primaryimage"},"image":{"@id":"https:\/\/www.rupertport.com\/fr\/espace-de-croissance\/#primaryimage"},"thumbnailUrl":"https:\/\/www.rupertport.com\/wp-content\/uploads\/2022\/05\/PRPO_471-Jae-Crosby-Ratte-3.jpg","datePublished":"2022-05-09T22:43:22+00:00","dateModified":"2023-08-04T21:34:40+00:00","description":"L'APPR s'enorgueillit d'une main-d'\u0153uvre qualifi\u00e9e qui refl\u00e8te la diversit\u00e9 de la communaut\u00e9 qui lui permet d'exister, et elle s'engage \u00e0 collaborer avec les communaut\u00e9s indig\u00e8nes locales. En savoir plus d\u00e8s aujourd'hui !","breadcrumb":{"@id":"https:\/\/www.rupertport.com\/fr\/espace-de-croissance\/#breadcrumb"},"inLanguage":"fr-FR","potentialAction":[{"@type":"ReadAction","target":["https:\/\/www.rupertport.com\/fr\/espace-de-croissance\/"]}]},{"@type":"ImageObject","inLanguage":"fr-FR","@id":"https:\/\/www.rupertport.com\/fr\/espace-de-croissance\/#primaryimage","url":"https:\/\/www.rupertport.com\/wp-content\/uploads\/2022\/05\/PRPO_471-Jae-Crosby-Ratte-3.jpg","contentUrl":"https:\/\/www.rupertport.com\/wp-content\/uploads\/2022\/05\/PRPO_471-Jae-Crosby-Ratte-3.jpg","width":2048,"height":447},{"@type":"BreadcrumbList","@id":"https:\/\/www.rupertport.com\/fr\/espace-de-croissance\/#breadcrumb","itemListElement":[{"@type":"ListItem","position":1,"name":"Home","item":"https:\/\/www.rupertport.com\/fr\/page-de-garde\/"},{"@type":"ListItem","position":2,"name":"ESPACE DE CROISSANCE"}]},{"@type":"WebSite","@id":"https:\/\/www.rupertport.com\/fr\/#website","url":"https:\/\/www.rupertport.com\/fr\/","name":"Prince Rupert Port Authority","description":"L'avant-garde du Canada","publisher":{"@id":"https:\/\/www.rupertport.com\/fr\/#organization"},"alternateName":"PRPA","potentialAction":[{"@type":"SearchAction","target":{"@type":"EntryPoint","urlTemplate":"https:\/\/www.rupertport.com\/fr\/?s={search_term_string}"},"query-input":{"@type":"PropertyValueSpecification","valueRequired":true,"valueName":"search_term_string"}}],"inLanguage":"fr-FR"},{"@type":"Organization","@id":"https:\/\/www.rupertport.com\/fr\/#organization","name":"Prince Rupert Port Authority","alternateName":"PRPA","url":"https:\/\/www.rupertport.com\/fr\/","logo":{"@type":"ImageObject","inLanguage":"fr-FR","@id":"https:\/\/www.rupertport.com\/fr\/#\/schema\/logo\/image\/","url":"https:\/\/www.rupertport.com\/wp-content\/uploads\/2021\/04\/cropped-PRPA-logo-meta-1200x1200-1.jpg","contentUrl":"https:\/\/www.rupertport.com\/wp-content\/uploads\/2021\/04\/cropped-PRPA-logo-meta-1200x1200-1.jpg","width":512,"height":512,"caption":"Prince Rupert Port Authority"},"image":{"@id":"https:\/\/www.rupertport.com\/fr\/#\/schema\/logo\/image\/"},"sameAs":["https:\/\/www.facebook.com\/rupertport\/","https:\/\/x.com\/rupertport"]}]}},"_links":{"self":[{"href":"https:\/\/www.rupertport.com\/fr\/wp-json\/wp\/v2\/pages\/13768","targetHints":{"allow":["GET"]}}],"collection":[{"href":"https:\/\/www.rupertport.com\/fr\/wp-json\/wp\/v2\/pages"}],"about":[{"href":"https:\/\/www.rupertport.com\/fr\/wp-json\/wp\/v2\/types\/page"}],"author":[{"embeddable":true,"href":"https:\/\/www.rupertport.com\/fr\/wp-json\/wp\/v2\/users\/4"}],"replies":[{"embeddable":true,"href":"https:\/\/www.rupertport.com\/fr\/wp-json\/wp\/v2\/comments?post=13768"}],"version-history":[{"count":0,"href":"https:\/\/www.rupertport.com\/fr\/wp-json\/wp\/v2\/pages\/13768\/revisions"}],"wp:featuredmedia":[{"embeddable":true,"href":"https:\/\/www.rupertport.com\/fr\/wp-json\/wp\/v2\/media\/12899"}],"wp:attachment":[{"href":"https:\/\/www.rupertport.com\/fr\/wp-json\/wp\/v2\/media?parent=13768"}],"curies":[{"name":"wp","href":"https:\/\/api.w.org\/{rel}","templated":true}]}}