{"id":13767,"date":"2022-05-09T22:12:44","date_gmt":"2022-05-09T22:12:44","guid":{"rendered":"https:\/\/prpaprincerupertportauthor.kinsta.cloud\/renforcer-la-resilience-nationale\/"},"modified":"2023-08-04T21:34:40","modified_gmt":"2023-08-04T21:34:40","slug":"renforcer-la-resilience-nationale","status":"publish","type":"page","link":"https:\/\/www.rupertport.com\/fr\/renforcer-la-resilience-nationale\/","title":{"rendered":"RENFORCER LA R\u00c9SILIENCE NATIONALE"},"content":{"rendered":"\n<h1 class=\"wp-block-heading\">RENFORCER LA R\u00c9SILIENCE NATIONALE<\/h1>\n\n<p>Le port de Prince Rupert cr\u00e9e des capacit\u00e9s suppl\u00e9mentaires \u00e0 court et \u00e0 long terme pour soutenir la diversification des cha\u00eenes d&rsquo;approvisionnement de la c\u00f4te ouest et r\u00e9pondre \u00e0 la demande croissante de commerce intermodal transpacifique.<\/p>\n\n<div class=\"wp-block-columns is-layout-flex wp-container-core-columns-is-layout-9d6595d7 wp-block-columns-is-layout-flex\">\n<div class=\"wp-block-column is-layout-flow wp-block-column-is-layout-flow\" style=\"flex-basis:33.33%\">\n<figure class=\"wp-block-image size-large\"><img loading=\"lazy\" decoding=\"async\" width=\"1024\" height=\"768\" src=\"https:\/\/stage.rupertport.com\/wp-content\/uploads\/2022\/02\/prpa-fairview-southern-expansion-north-facing-01-1024x768.png\" alt=\"\" class=\"wp-image-7716\" srcset=\"https:\/\/www.rupertport.com\/wp-content\/uploads\/2022\/02\/prpa-fairview-southern-expansion-north-facing-01-1024x768.png 1024w, https:\/\/www.rupertport.com\/wp-content\/uploads\/2022\/02\/prpa-fairview-southern-expansion-north-facing-01-300x225.png 300w, https:\/\/www.rupertport.com\/wp-content\/uploads\/2022\/02\/prpa-fairview-southern-expansion-north-facing-01-768x576.png 768w, https:\/\/www.rupertport.com\/wp-content\/uploads\/2022\/02\/prpa-fairview-southern-expansion-north-facing-01-1536x1151.png 1536w, https:\/\/www.rupertport.com\/wp-content\/uploads\/2022\/02\/prpa-fairview-southern-expansion-north-facing-01-2048x1535.png 2048w\" sizes=\"auto, (max-width: 1024px) 100vw, 1024px\" \/><\/figure>\n<\/div>\n\n\n\n<div class=\"wp-block-column is-layout-flow wp-block-column-is-layout-flow\" style=\"flex-basis:66.66%\">\n<h2 class=\"wp-block-heading\">Nouvelle capacit\u00e9<\/h2>\n\n\n\n<p>La construction de l&rsquo;extension sud du terminal \u00e0 conteneurs Fairview de DP World-Prince Rupert est en cours. La capacit\u00e9 de l&rsquo;installation passera de 1,35 million \u00e0 1,6 million d&rsquo;EVP. Dans le cadre de cette phase d&rsquo;expansion, la porte des camions du terminal est d\u00e9plac\u00e9e pour \u00eatre reli\u00e9e au nouveau corridor de raccordement Fairview-Ridley, une route priv\u00e9e appartenant au port et comportant deux embranchements ferroviaires suppl\u00e9mentaires. La nouvelle porte, l&rsquo;agrandissement du chantier et la route de liaison devraient \u00eatre op\u00e9rationnels au troisi\u00e8me trimestre 2022.<\/p>\n\n\n\n<p>Une deuxi\u00e8me phase d&rsquo;expansion permettra d&rsquo;\u00e9tendre le terminal \u00e0 conteneurs Fairview vers le nord et de reconfigurer le parc \u00e0 conteneurs et la ligne principale du CN, ce qui portera la capacit\u00e9 de l&rsquo;installation \u00e0 1,8 million d&rsquo;EVP d&rsquo;ici le deuxi\u00e8me trimestre 2024. Gr\u00e2ce \u00e0 ces am\u00e9liorations, le terminal \u00e0 conteneurs de Fairview deviendra le deuxi\u00e8me plus grand terminal \u00e0 conteneurs du Canada.<\/p>\n<\/div>\n<\/div>\n\n<div style=\"height:40px\" aria-hidden=\"true\" class=\"wp-block-spacer\"><\/div>\n\n<div class=\"wp-block-columns is-layout-flex wp-container-core-columns-is-layout-9d6595d7 wp-block-columns-is-layout-flex\">\n<div class=\"wp-block-column is-layout-flow wp-block-column-is-layout-flow\" style=\"flex-basis:33.33%\">\n<figure class=\"wp-block-image size-large\"><img loading=\"lazy\" decoding=\"async\" width=\"1024\" height=\"576\" src=\"https:\/\/stage.rupertport.com\/wp-content\/uploads\/2022\/02\/Second-Terminal-Site-1024x576.jpg\" alt=\"\" class=\"wp-image-7936\" srcset=\"https:\/\/www.rupertport.com\/wp-content\/uploads\/2022\/02\/Second-Terminal-Site-1024x576.jpg 1024w, https:\/\/www.rupertport.com\/wp-content\/uploads\/2022\/02\/Second-Terminal-Site-300x169.jpg 300w, https:\/\/www.rupertport.com\/wp-content\/uploads\/2022\/02\/Second-Terminal-Site-768x432.jpg 768w, https:\/\/www.rupertport.com\/wp-content\/uploads\/2022\/02\/Second-Terminal-Site-1536x864.jpg 1536w, https:\/\/www.rupertport.com\/wp-content\/uploads\/2022\/02\/Second-Terminal-Site.jpg 1920w\" sizes=\"auto, (max-width: 1024px) 100vw, 1024px\" \/><\/figure>\n<\/div>\n\n\n\n<div class=\"wp-block-column is-layout-flow wp-block-column-is-layout-flow\" style=\"flex-basis:66.66%\">\n<h2 class=\"wp-block-heading\"><strong>Expansion future<\/strong><\/h2>\n\n\n\n<p>Le Canada ayant besoin d&rsquo;une capacit\u00e9 suppl\u00e9mentaire de terminaux \u00e0 conteneurs au cours de la d\u00e9cennie, le port de Prince Rupert cherche \u00e0 doubler la capacit\u00e9 intermodale de la porte d&rsquo;entr\u00e9e en ajoutant un deuxi\u00e8me terminal \u00e0 conteneurs. L&rsquo;APPR et DP World ont conclu un accord de deux ans pour \u00e9valuer la faisabilit\u00e9 d&rsquo;une nouvelle installation innovante et durable. Le projet potentiel serait situ\u00e9 au sud de l&rsquo;actuel terminal \u00e0 conteneurs de Fairview et pourrait accueillir 2 millions d&rsquo;EVP suppl\u00e9mentaires. DP World et l&rsquo;APPR vont entamer diverses \u00e9tudes sur le site propos\u00e9, en s&rsquo;attachant \u00e0 minimiser l&rsquo;impact sur l&rsquo;environnement et la communaut\u00e9 et \u00e0 garantir la pleine int\u00e9gration du projet dans l&rsquo;\u00e9cosyst\u00e8me intermodal du port.<\/p>\n<\/div>\n<\/div>\n","protected":false},"excerpt":{"rendered":"<p>RENFORCER LA R\u00c9SILIENCE NATIONALE Le port de Prince Rupert cr\u00e9e des capacit\u00e9s suppl\u00e9mentaires \u00e0 court et \u00e0 long terme pour soutenir la diversification des cha\u00eenes d&rsquo;approvisionnement de la c\u00f4te ouest et r\u00e9pondre \u00e0 la demande croissante de commerce intermodal transpacifique. Nouvelle capacit\u00e9 La construction de l&rsquo;extension sud du terminal \u00e0 conteneurs Fairview de DP World-Prince [&hellip;]<\/p>\n","protected":false},"author":4,"featured_media":12892,"parent":0,"menu_order":0,"comment_status":"closed","ping_status":"closed","template":"","meta":{"_acf_changed":false,"footnotes":""},"class_list":["post-13767","page","type-page","status-publish","has-post-thumbnail","hentry"],"acf":[],"yoast_head":"<!-- This site is optimized with the Yoast SEO plugin v26.8 - https:\/\/yoast.com\/product\/yoast-seo-wordpress\/ -->\n<title>Renforcer la r\u00e9silience nationale | Autorit\u00e9 portuaire de Prince Rupert<\/title>\n<meta name=\"description\" content=\"Le port de Prince Rupert cr\u00e9e des capacit\u00e9s suppl\u00e9mentaires \u00e0 court et \u00e0 long terme pour soutenir la diversification des cha\u00eenes d&#039;approvisionnement de la c\u00f4te Ouest. D\u00e9couvrez notre processus d\u00e8s aujourd&#039;hui.\" \/>\n<meta name=\"robots\" content=\"index, follow, max-snippet:-1, max-image-preview:large, max-video-preview:-1\" \/>\n<link rel=\"canonical\" href=\"https:\/\/www.rupertport.com\/fr\/renforcer-la-resilience-nationale\/\" \/>\n<meta property=\"og:locale\" content=\"fr_FR\" \/>\n<meta property=\"og:type\" content=\"article\" \/>\n<meta property=\"og:title\" content=\"Renforcer la r\u00e9silience nationale | Autorit\u00e9 portuaire de Prince Rupert\" \/>\n<meta property=\"og:description\" content=\"Le port de Prince Rupert cr\u00e9e des capacit\u00e9s suppl\u00e9mentaires \u00e0 court et \u00e0 long terme pour soutenir la diversification des cha\u00eenes d&#039;approvisionnement de la c\u00f4te Ouest. D\u00e9couvrez notre processus d\u00e8s aujourd&#039;hui.\" \/>\n<meta property=\"og:url\" content=\"https:\/\/www.rupertport.com\/fr\/renforcer-la-resilience-nationale\/\" \/>\n<meta property=\"og:site_name\" content=\"Autorit\u00e9 portuaire de Prince Rupert\" \/>\n<meta property=\"article:publisher\" content=\"https:\/\/www.facebook.com\/rupertport\/\" \/>\n<meta property=\"article:modified_time\" content=\"2023-08-04T21:34:40+00:00\" \/>\n<meta property=\"og:image\" content=\"https:\/\/www.rupertport.com\/wp-content\/uploads\/2022\/05\/20190814-Hero-Shots-Fairview-Terminal-CANDACE-by-Larry-Goldstein-3.jpg\" \/>\n\t<meta property=\"og:image:width\" content=\"2048\" \/>\n\t<meta property=\"og:image:height\" content=\"603\" \/>\n\t<meta property=\"og:image:type\" content=\"image\/jpeg\" \/>\n<meta name=\"twitter:card\" content=\"summary_large_image\" \/>\n<meta name=\"twitter:site\" content=\"@rupertport\" \/>\n<script type=\"application\/ld+json\" class=\"yoast-schema-graph\">{\"@context\":\"https:\/\/schema.org\",\"@graph\":[{\"@type\":\"WebPage\",\"@id\":\"https:\/\/www.rupertport.com\/fr\/renforcer-la-resilience-nationale\/\",\"url\":\"https:\/\/www.rupertport.com\/fr\/renforcer-la-resilience-nationale\/\",\"name\":\"Renforcer la r\u00e9silience nationale | Autorit\u00e9 portuaire de Prince Rupert\",\"isPartOf\":{\"@id\":\"https:\/\/www.rupertport.com\/fr\/#website\"},\"primaryImageOfPage\":{\"@id\":\"https:\/\/www.rupertport.com\/fr\/renforcer-la-resilience-nationale\/#primaryimage\"},\"image\":{\"@id\":\"https:\/\/www.rupertport.com\/fr\/renforcer-la-resilience-nationale\/#primaryimage\"},\"thumbnailUrl\":\"https:\/\/www.rupertport.com\/wp-content\/uploads\/2022\/05\/20190814-Hero-Shots-Fairview-Terminal-CANDACE-by-Larry-Goldstein-3.jpg\",\"datePublished\":\"2022-05-09T22:12:44+00:00\",\"dateModified\":\"2023-08-04T21:34:40+00:00\",\"description\":\"Le port de Prince Rupert cr\u00e9e des capacit\u00e9s suppl\u00e9mentaires \u00e0 court et \u00e0 long terme pour soutenir la diversification des cha\u00eenes d'approvisionnement de la c\u00f4te Ouest. D\u00e9couvrez notre processus d\u00e8s aujourd'hui.\",\"breadcrumb\":{\"@id\":\"https:\/\/www.rupertport.com\/fr\/renforcer-la-resilience-nationale\/#breadcrumb\"},\"inLanguage\":\"fr-FR\",\"potentialAction\":[{\"@type\":\"ReadAction\",\"target\":[\"https:\/\/www.rupertport.com\/fr\/renforcer-la-resilience-nationale\/\"]}]},{\"@type\":\"ImageObject\",\"inLanguage\":\"fr-FR\",\"@id\":\"https:\/\/www.rupertport.com\/fr\/renforcer-la-resilience-nationale\/#primaryimage\",\"url\":\"https:\/\/www.rupertport.com\/wp-content\/uploads\/2022\/05\/20190814-Hero-Shots-Fairview-Terminal-CANDACE-by-Larry-Goldstein-3.jpg\",\"contentUrl\":\"https:\/\/www.rupertport.com\/wp-content\/uploads\/2022\/05\/20190814-Hero-Shots-Fairview-Terminal-CANDACE-by-Larry-Goldstein-3.jpg\",\"width\":2048,\"height\":603},{\"@type\":\"BreadcrumbList\",\"@id\":\"https:\/\/www.rupertport.com\/fr\/renforcer-la-resilience-nationale\/#breadcrumb\",\"itemListElement\":[{\"@type\":\"ListItem\",\"position\":1,\"name\":\"Home\",\"item\":\"https:\/\/www.rupertport.com\/fr\/page-de-garde\/\"},{\"@type\":\"ListItem\",\"position\":2,\"name\":\"RENFORCER LA R\u00c9SILIENCE NATIONALE\"}]},{\"@type\":\"WebSite\",\"@id\":\"https:\/\/www.rupertport.com\/fr\/#website\",\"url\":\"https:\/\/www.rupertport.com\/fr\/\",\"name\":\"Prince Rupert Port Authority\",\"description\":\"L'avant-garde du Canada\",\"publisher\":{\"@id\":\"https:\/\/www.rupertport.com\/fr\/#organization\"},\"alternateName\":\"PRPA\",\"potentialAction\":[{\"@type\":\"SearchAction\",\"target\":{\"@type\":\"EntryPoint\",\"urlTemplate\":\"https:\/\/www.rupertport.com\/fr\/?s={search_term_string}\"},\"query-input\":{\"@type\":\"PropertyValueSpecification\",\"valueRequired\":true,\"valueName\":\"search_term_string\"}}],\"inLanguage\":\"fr-FR\"},{\"@type\":\"Organization\",\"@id\":\"https:\/\/www.rupertport.com\/fr\/#organization\",\"name\":\"Prince Rupert Port Authority\",\"alternateName\":\"PRPA\",\"url\":\"https:\/\/www.rupertport.com\/fr\/\",\"logo\":{\"@type\":\"ImageObject\",\"inLanguage\":\"fr-FR\",\"@id\":\"https:\/\/www.rupertport.com\/fr\/#\/schema\/logo\/image\/\",\"url\":\"https:\/\/www.rupertport.com\/wp-content\/uploads\/2021\/04\/cropped-PRPA-logo-meta-1200x1200-1.jpg\",\"contentUrl\":\"https:\/\/www.rupertport.com\/wp-content\/uploads\/2021\/04\/cropped-PRPA-logo-meta-1200x1200-1.jpg\",\"width\":512,\"height\":512,\"caption\":\"Prince Rupert Port Authority\"},\"image\":{\"@id\":\"https:\/\/www.rupertport.com\/fr\/#\/schema\/logo\/image\/\"},\"sameAs\":[\"https:\/\/www.facebook.com\/rupertport\/\",\"https:\/\/x.com\/rupertport\"]}]}<\/script>\n<!-- \/ Yoast SEO plugin. -->","yoast_head_json":{"title":"Renforcer la r\u00e9silience nationale | Autorit\u00e9 portuaire de Prince Rupert","description":"Le port de Prince Rupert cr\u00e9e des capacit\u00e9s suppl\u00e9mentaires \u00e0 court et \u00e0 long terme pour soutenir la diversification des cha\u00eenes d'approvisionnement de la c\u00f4te Ouest. D\u00e9couvrez notre processus d\u00e8s aujourd'hui.","robots":{"index":"index","follow":"follow","max-snippet":"max-snippet:-1","max-image-preview":"max-image-preview:large","max-video-preview":"max-video-preview:-1"},"canonical":"https:\/\/www.rupertport.com\/fr\/renforcer-la-resilience-nationale\/","og_locale":"fr_FR","og_type":"article","og_title":"Renforcer la r\u00e9silience nationale | Autorit\u00e9 portuaire de Prince Rupert","og_description":"Le port de Prince Rupert cr\u00e9e des capacit\u00e9s suppl\u00e9mentaires \u00e0 court et \u00e0 long terme pour soutenir la diversification des cha\u00eenes d'approvisionnement de la c\u00f4te Ouest. D\u00e9couvrez notre processus d\u00e8s aujourd'hui.","og_url":"https:\/\/www.rupertport.com\/fr\/renforcer-la-resilience-nationale\/","og_site_name":"Autorit\u00e9 portuaire de Prince Rupert","article_publisher":"https:\/\/www.facebook.com\/rupertport\/","article_modified_time":"2023-08-04T21:34:40+00:00","og_image":[{"width":2048,"height":603,"url":"https:\/\/www.rupertport.com\/wp-content\/uploads\/2022\/05\/20190814-Hero-Shots-Fairview-Terminal-CANDACE-by-Larry-Goldstein-3.jpg","type":"image\/jpeg"}],"twitter_card":"summary_large_image","twitter_site":"@rupertport","schema":{"@context":"https:\/\/schema.org","@graph":[{"@type":"WebPage","@id":"https:\/\/www.rupertport.com\/fr\/renforcer-la-resilience-nationale\/","url":"https:\/\/www.rupertport.com\/fr\/renforcer-la-resilience-nationale\/","name":"Renforcer la r\u00e9silience nationale | Autorit\u00e9 portuaire de Prince Rupert","isPartOf":{"@id":"https:\/\/www.rupertport.com\/fr\/#website"},"primaryImageOfPage":{"@id":"https:\/\/www.rupertport.com\/fr\/renforcer-la-resilience-nationale\/#primaryimage"},"image":{"@id":"https:\/\/www.rupertport.com\/fr\/renforcer-la-resilience-nationale\/#primaryimage"},"thumbnailUrl":"https:\/\/www.rupertport.com\/wp-content\/uploads\/2022\/05\/20190814-Hero-Shots-Fairview-Terminal-CANDACE-by-Larry-Goldstein-3.jpg","datePublished":"2022-05-09T22:12:44+00:00","dateModified":"2023-08-04T21:34:40+00:00","description":"Le port de Prince Rupert cr\u00e9e des capacit\u00e9s suppl\u00e9mentaires \u00e0 court et \u00e0 long terme pour soutenir la diversification des cha\u00eenes d'approvisionnement de la c\u00f4te Ouest. D\u00e9couvrez notre processus d\u00e8s aujourd'hui.","breadcrumb":{"@id":"https:\/\/www.rupertport.com\/fr\/renforcer-la-resilience-nationale\/#breadcrumb"},"inLanguage":"fr-FR","potentialAction":[{"@type":"ReadAction","target":["https:\/\/www.rupertport.com\/fr\/renforcer-la-resilience-nationale\/"]}]},{"@type":"ImageObject","inLanguage":"fr-FR","@id":"https:\/\/www.rupertport.com\/fr\/renforcer-la-resilience-nationale\/#primaryimage","url":"https:\/\/www.rupertport.com\/wp-content\/uploads\/2022\/05\/20190814-Hero-Shots-Fairview-Terminal-CANDACE-by-Larry-Goldstein-3.jpg","contentUrl":"https:\/\/www.rupertport.com\/wp-content\/uploads\/2022\/05\/20190814-Hero-Shots-Fairview-Terminal-CANDACE-by-Larry-Goldstein-3.jpg","width":2048,"height":603},{"@type":"BreadcrumbList","@id":"https:\/\/www.rupertport.com\/fr\/renforcer-la-resilience-nationale\/#breadcrumb","itemListElement":[{"@type":"ListItem","position":1,"name":"Home","item":"https:\/\/www.rupertport.com\/fr\/page-de-garde\/"},{"@type":"ListItem","position":2,"name":"RENFORCER LA R\u00c9SILIENCE NATIONALE"}]},{"@type":"WebSite","@id":"https:\/\/www.rupertport.com\/fr\/#website","url":"https:\/\/www.rupertport.com\/fr\/","name":"Prince Rupert Port Authority","description":"L'avant-garde du Canada","publisher":{"@id":"https:\/\/www.rupertport.com\/fr\/#organization"},"alternateName":"PRPA","potentialAction":[{"@type":"SearchAction","target":{"@type":"EntryPoint","urlTemplate":"https:\/\/www.rupertport.com\/fr\/?s={search_term_string}"},"query-input":{"@type":"PropertyValueSpecification","valueRequired":true,"valueName":"search_term_string"}}],"inLanguage":"fr-FR"},{"@type":"Organization","@id":"https:\/\/www.rupertport.com\/fr\/#organization","name":"Prince Rupert Port Authority","alternateName":"PRPA","url":"https:\/\/www.rupertport.com\/fr\/","logo":{"@type":"ImageObject","inLanguage":"fr-FR","@id":"https:\/\/www.rupertport.com\/fr\/#\/schema\/logo\/image\/","url":"https:\/\/www.rupertport.com\/wp-content\/uploads\/2021\/04\/cropped-PRPA-logo-meta-1200x1200-1.jpg","contentUrl":"https:\/\/www.rupertport.com\/wp-content\/uploads\/2021\/04\/cropped-PRPA-logo-meta-1200x1200-1.jpg","width":512,"height":512,"caption":"Prince Rupert Port Authority"},"image":{"@id":"https:\/\/www.rupertport.com\/fr\/#\/schema\/logo\/image\/"},"sameAs":["https:\/\/www.facebook.com\/rupertport\/","https:\/\/x.com\/rupertport"]}]}},"_links":{"self":[{"href":"https:\/\/www.rupertport.com\/fr\/wp-json\/wp\/v2\/pages\/13767","targetHints":{"allow":["GET"]}}],"collection":[{"href":"https:\/\/www.rupertport.com\/fr\/wp-json\/wp\/v2\/pages"}],"about":[{"href":"https:\/\/www.rupertport.com\/fr\/wp-json\/wp\/v2\/types\/page"}],"author":[{"embeddable":true,"href":"https:\/\/www.rupertport.com\/fr\/wp-json\/wp\/v2\/users\/4"}],"replies":[{"embeddable":true,"href":"https:\/\/www.rupertport.com\/fr\/wp-json\/wp\/v2\/comments?post=13767"}],"version-history":[{"count":0,"href":"https:\/\/www.rupertport.com\/fr\/wp-json\/wp\/v2\/pages\/13767\/revisions"}],"wp:featuredmedia":[{"embeddable":true,"href":"https:\/\/www.rupertport.com\/fr\/wp-json\/wp\/v2\/media\/12892"}],"wp:attachment":[{"href":"https:\/\/www.rupertport.com\/fr\/wp-json\/wp\/v2\/media?parent=13767"}],"curies":[{"name":"wp","href":"https:\/\/api.w.org\/{rel}","templated":true}]}}