{"id":13762,"date":"2021-11-12T18:49:37","date_gmt":"2021-11-12T18:49:37","guid":{"rendered":"https:\/\/prpaprincerupertportauthor.kinsta.cloud\/marais-a-maree\/"},"modified":"2023-08-04T21:34:28","modified_gmt":"2023-08-04T21:34:28","slug":"marais-a-maree","status":"publish","type":"page","link":"https:\/\/www.rupertport.com\/fr\/marais-a-maree\/","title":{"rendered":"Marais \u00e0 mar\u00e9e"},"content":{"rendered":"\n<p>Composante environnementale<\/p>\n\n<figure class=\"wp-block-image\"><img decoding=\"async\" src=\"blob:https:\/\/www.rupertport.com\/ac0cb239-93b2-4974-83ed-039cd39af4a1\" alt=\"\"\/><\/figure>\n\n<p>Les marais intertidaux sont des \u00e9l\u00e9ments importants de l&rsquo;\u00e9cosyst\u00e8me car ils fournissent un habitat de croissance et d&rsquo;alimentation pour les poissons migrateurs et contribuent au cycle local des nutriments gr\u00e2ce aux apports de mati\u00e8re d\u00e9tritique (organique). Une fois les plantes de marais ajout\u00e9es, il faudra trois \u00e0 cinq ans pour que le marais s&rsquo;\u00e9tablisse et devienne productif, en tenant compte de deux \u00e9l\u00e9ments : un espace suffisant pour toutes les esp\u00e8ces et un drainage ad\u00e9quat pour l&rsquo;\u00e9tablissement des syst\u00e8mes racinaires.<\/p>\n\n<figure class=\"wp-block-image size-large\"><img loading=\"lazy\" decoding=\"async\" width=\"1024\" height=\"1024\" src=\"https:\/\/stage.rupertport.com\/wp-content\/uploads\/2021\/11\/prpa-seal-cove-salt-marsh-INTERPRETIVE-SIGNAGE-TIDAL-MARSH-01-1024x1024.jpg\" alt=\"\" class=\"wp-image-7228\" srcset=\"https:\/\/www.rupertport.com\/wp-content\/uploads\/2021\/11\/prpa-seal-cove-salt-marsh-INTERPRETIVE-SIGNAGE-TIDAL-MARSH-01-1024x1024.jpg 1024w, https:\/\/www.rupertport.com\/wp-content\/uploads\/2021\/11\/prpa-seal-cove-salt-marsh-INTERPRETIVE-SIGNAGE-TIDAL-MARSH-01-300x300.jpg 300w, https:\/\/www.rupertport.com\/wp-content\/uploads\/2021\/11\/prpa-seal-cove-salt-marsh-INTERPRETIVE-SIGNAGE-TIDAL-MARSH-01-150x150.jpg 150w, https:\/\/www.rupertport.com\/wp-content\/uploads\/2021\/11\/prpa-seal-cove-salt-marsh-INTERPRETIVE-SIGNAGE-TIDAL-MARSH-01-768x768.jpg 768w, https:\/\/www.rupertport.com\/wp-content\/uploads\/2021\/11\/prpa-seal-cove-salt-marsh-INTERPRETIVE-SIGNAGE-TIDAL-MARSH-01.jpg 1111w\" sizes=\"auto, (max-width: 1024px) 100vw, 1024px\" \/><\/figure>\n","protected":false},"excerpt":{"rendered":"<p>Composante environnementale Les marais intertidaux sont des \u00e9l\u00e9ments importants de l&rsquo;\u00e9cosyst\u00e8me car ils fournissent un habitat de croissance et d&rsquo;alimentation pour les poissons migrateurs et contribuent au cycle local des nutriments gr\u00e2ce aux apports de mati\u00e8re d\u00e9tritique (organique). Une fois les plantes de marais ajout\u00e9es, il faudra trois \u00e0 cinq ans pour que le marais [&hellip;]<\/p>\n","protected":false},"author":7,"featured_media":12312,"parent":0,"menu_order":0,"comment_status":"closed","ping_status":"closed","template":"","meta":{"_acf_changed":false,"footnotes":""},"class_list":["post-13762","page","type-page","status-publish","has-post-thumbnail","hentry"],"acf":[],"yoast_head":"<!-- This site is optimized with the Yoast SEO plugin v26.8 - https:\/\/yoast.com\/product\/yoast-seo-wordpress\/ -->\n<title>Marais \u00e0 mar\u00e9e | Composantes environnementales | Autorit\u00e9 portuaire de Prince Rupert%.<\/title>\n<meta name=\"description\" content=\"Les marais intertidaux sont des \u00e9l\u00e9ments importants de l&#039;\u00e9cosyst\u00e8me, car ils constituent un habitat de croissance et d&#039;alimentation pour les poissons migrateurs. En savoir plus sur leur valeur \u00e0 l&#039;APPR.\" \/>\n<meta name=\"robots\" content=\"index, follow, max-snippet:-1, max-image-preview:large, max-video-preview:-1\" \/>\n<link rel=\"canonical\" href=\"https:\/\/www.rupertport.com\/fr\/marais-a-maree\/\" \/>\n<meta property=\"og:locale\" content=\"fr_FR\" \/>\n<meta property=\"og:type\" content=\"article\" \/>\n<meta property=\"og:title\" content=\"Marais \u00e0 mar\u00e9e | Composantes environnementales | Autorit\u00e9 portuaire de Prince Rupert%.\" \/>\n<meta property=\"og:description\" content=\"Les marais intertidaux sont des \u00e9l\u00e9ments importants de l&#039;\u00e9cosyst\u00e8me, car ils constituent un habitat de croissance et d&#039;alimentation pour les poissons migrateurs. En savoir plus sur leur valeur \u00e0 l&#039;APPR.\" \/>\n<meta property=\"og:url\" content=\"https:\/\/www.rupertport.com\/fr\/marais-a-maree\/\" \/>\n<meta property=\"og:site_name\" content=\"Autorit\u00e9 portuaire de Prince Rupert\" \/>\n<meta property=\"article:publisher\" content=\"https:\/\/www.facebook.com\/rupertport\/\" \/>\n<meta property=\"article:modified_time\" content=\"2023-08-04T21:34:28+00:00\" \/>\n<meta property=\"og:image\" content=\"https:\/\/www.rupertport.com\/wp-content\/uploads\/2021\/11\/prpa-seal-cove-salt-marsh-INTERPRETIVE-SIGNAGE-TIDAL-MARSH-01.jpg\" \/>\n\t<meta property=\"og:image:width\" content=\"1111\" \/>\n\t<meta property=\"og:image:height\" content=\"1111\" \/>\n\t<meta property=\"og:image:type\" content=\"image\/jpeg\" \/>\n<meta name=\"twitter:card\" content=\"summary_large_image\" \/>\n<meta name=\"twitter:site\" content=\"@rupertport\" \/>\n<script type=\"application\/ld+json\" class=\"yoast-schema-graph\">{\"@context\":\"https:\/\/schema.org\",\"@graph\":[{\"@type\":\"WebPage\",\"@id\":\"https:\/\/www.rupertport.com\/fr\/marais-a-maree\/\",\"url\":\"https:\/\/www.rupertport.com\/fr\/marais-a-maree\/\",\"name\":\"Marais \u00e0 mar\u00e9e | Composantes environnementales | Autorit\u00e9 portuaire de Prince Rupert%.\",\"isPartOf\":{\"@id\":\"https:\/\/www.rupertport.com\/fr\/#website\"},\"primaryImageOfPage\":{\"@id\":\"https:\/\/www.rupertport.com\/fr\/marais-a-maree\/#primaryimage\"},\"image\":{\"@id\":\"https:\/\/www.rupertport.com\/fr\/marais-a-maree\/#primaryimage\"},\"thumbnailUrl\":\"https:\/\/www.rupertport.com\/wp-content\/uploads\/2021\/11\/prpa-seal-cove-salt-marsh-INTERPRETIVE-SIGNAGE-TIDAL-MARSH-01.jpg\",\"datePublished\":\"2021-11-12T18:49:37+00:00\",\"dateModified\":\"2023-08-04T21:34:28+00:00\",\"description\":\"Les marais intertidaux sont des \u00e9l\u00e9ments importants de l'\u00e9cosyst\u00e8me, car ils constituent un habitat de croissance et d'alimentation pour les poissons migrateurs. En savoir plus sur leur valeur \u00e0 l'APPR.\",\"breadcrumb\":{\"@id\":\"https:\/\/www.rupertport.com\/fr\/marais-a-maree\/#breadcrumb\"},\"inLanguage\":\"fr-FR\",\"potentialAction\":[{\"@type\":\"ReadAction\",\"target\":[\"https:\/\/www.rupertport.com\/fr\/marais-a-maree\/\"]}]},{\"@type\":\"ImageObject\",\"inLanguage\":\"fr-FR\",\"@id\":\"https:\/\/www.rupertport.com\/fr\/marais-a-maree\/#primaryimage\",\"url\":\"https:\/\/www.rupertport.com\/wp-content\/uploads\/2021\/11\/prpa-seal-cove-salt-marsh-INTERPRETIVE-SIGNAGE-TIDAL-MARSH-01.jpg\",\"contentUrl\":\"https:\/\/www.rupertport.com\/wp-content\/uploads\/2021\/11\/prpa-seal-cove-salt-marsh-INTERPRETIVE-SIGNAGE-TIDAL-MARSH-01.jpg\",\"width\":1111,\"height\":1111},{\"@type\":\"BreadcrumbList\",\"@id\":\"https:\/\/www.rupertport.com\/fr\/marais-a-maree\/#breadcrumb\",\"itemListElement\":[{\"@type\":\"ListItem\",\"position\":1,\"name\":\"Home\",\"item\":\"https:\/\/www.rupertport.com\/fr\/page-de-garde\/\"},{\"@type\":\"ListItem\",\"position\":2,\"name\":\"Marais \u00e0 mar\u00e9e\"}]},{\"@type\":\"WebSite\",\"@id\":\"https:\/\/www.rupertport.com\/fr\/#website\",\"url\":\"https:\/\/www.rupertport.com\/fr\/\",\"name\":\"Prince Rupert Port Authority\",\"description\":\"L'avant-garde du Canada\",\"publisher\":{\"@id\":\"https:\/\/www.rupertport.com\/fr\/#organization\"},\"alternateName\":\"PRPA\",\"potentialAction\":[{\"@type\":\"SearchAction\",\"target\":{\"@type\":\"EntryPoint\",\"urlTemplate\":\"https:\/\/www.rupertport.com\/fr\/?s={search_term_string}\"},\"query-input\":{\"@type\":\"PropertyValueSpecification\",\"valueRequired\":true,\"valueName\":\"search_term_string\"}}],\"inLanguage\":\"fr-FR\"},{\"@type\":\"Organization\",\"@id\":\"https:\/\/www.rupertport.com\/fr\/#organization\",\"name\":\"Prince Rupert Port Authority\",\"alternateName\":\"PRPA\",\"url\":\"https:\/\/www.rupertport.com\/fr\/\",\"logo\":{\"@type\":\"ImageObject\",\"inLanguage\":\"fr-FR\",\"@id\":\"https:\/\/www.rupertport.com\/fr\/#\/schema\/logo\/image\/\",\"url\":\"https:\/\/www.rupertport.com\/wp-content\/uploads\/2021\/04\/cropped-PRPA-logo-meta-1200x1200-1.jpg\",\"contentUrl\":\"https:\/\/www.rupertport.com\/wp-content\/uploads\/2021\/04\/cropped-PRPA-logo-meta-1200x1200-1.jpg\",\"width\":512,\"height\":512,\"caption\":\"Prince Rupert Port Authority\"},\"image\":{\"@id\":\"https:\/\/www.rupertport.com\/fr\/#\/schema\/logo\/image\/\"},\"sameAs\":[\"https:\/\/www.facebook.com\/rupertport\/\",\"https:\/\/x.com\/rupertport\"]}]}<\/script>\n<!-- \/ Yoast SEO plugin. -->","yoast_head_json":{"title":"Marais \u00e0 mar\u00e9e | Composantes environnementales | Autorit\u00e9 portuaire de Prince Rupert%.","description":"Les marais intertidaux sont des \u00e9l\u00e9ments importants de l'\u00e9cosyst\u00e8me, car ils constituent un habitat de croissance et d'alimentation pour les poissons migrateurs. En savoir plus sur leur valeur \u00e0 l'APPR.","robots":{"index":"index","follow":"follow","max-snippet":"max-snippet:-1","max-image-preview":"max-image-preview:large","max-video-preview":"max-video-preview:-1"},"canonical":"https:\/\/www.rupertport.com\/fr\/marais-a-maree\/","og_locale":"fr_FR","og_type":"article","og_title":"Marais \u00e0 mar\u00e9e | Composantes environnementales | Autorit\u00e9 portuaire de Prince Rupert%.","og_description":"Les marais intertidaux sont des \u00e9l\u00e9ments importants de l'\u00e9cosyst\u00e8me, car ils constituent un habitat de croissance et d'alimentation pour les poissons migrateurs. En savoir plus sur leur valeur \u00e0 l'APPR.","og_url":"https:\/\/www.rupertport.com\/fr\/marais-a-maree\/","og_site_name":"Autorit\u00e9 portuaire de Prince Rupert","article_publisher":"https:\/\/www.facebook.com\/rupertport\/","article_modified_time":"2023-08-04T21:34:28+00:00","og_image":[{"width":1111,"height":1111,"url":"https:\/\/www.rupertport.com\/wp-content\/uploads\/2021\/11\/prpa-seal-cove-salt-marsh-INTERPRETIVE-SIGNAGE-TIDAL-MARSH-01.jpg","type":"image\/jpeg"}],"twitter_card":"summary_large_image","twitter_site":"@rupertport","schema":{"@context":"https:\/\/schema.org","@graph":[{"@type":"WebPage","@id":"https:\/\/www.rupertport.com\/fr\/marais-a-maree\/","url":"https:\/\/www.rupertport.com\/fr\/marais-a-maree\/","name":"Marais \u00e0 mar\u00e9e | Composantes environnementales | Autorit\u00e9 portuaire de Prince Rupert%.","isPartOf":{"@id":"https:\/\/www.rupertport.com\/fr\/#website"},"primaryImageOfPage":{"@id":"https:\/\/www.rupertport.com\/fr\/marais-a-maree\/#primaryimage"},"image":{"@id":"https:\/\/www.rupertport.com\/fr\/marais-a-maree\/#primaryimage"},"thumbnailUrl":"https:\/\/www.rupertport.com\/wp-content\/uploads\/2021\/11\/prpa-seal-cove-salt-marsh-INTERPRETIVE-SIGNAGE-TIDAL-MARSH-01.jpg","datePublished":"2021-11-12T18:49:37+00:00","dateModified":"2023-08-04T21:34:28+00:00","description":"Les marais intertidaux sont des \u00e9l\u00e9ments importants de l'\u00e9cosyst\u00e8me, car ils constituent un habitat de croissance et d'alimentation pour les poissons migrateurs. En savoir plus sur leur valeur \u00e0 l'APPR.","breadcrumb":{"@id":"https:\/\/www.rupertport.com\/fr\/marais-a-maree\/#breadcrumb"},"inLanguage":"fr-FR","potentialAction":[{"@type":"ReadAction","target":["https:\/\/www.rupertport.com\/fr\/marais-a-maree\/"]}]},{"@type":"ImageObject","inLanguage":"fr-FR","@id":"https:\/\/www.rupertport.com\/fr\/marais-a-maree\/#primaryimage","url":"https:\/\/www.rupertport.com\/wp-content\/uploads\/2021\/11\/prpa-seal-cove-salt-marsh-INTERPRETIVE-SIGNAGE-TIDAL-MARSH-01.jpg","contentUrl":"https:\/\/www.rupertport.com\/wp-content\/uploads\/2021\/11\/prpa-seal-cove-salt-marsh-INTERPRETIVE-SIGNAGE-TIDAL-MARSH-01.jpg","width":1111,"height":1111},{"@type":"BreadcrumbList","@id":"https:\/\/www.rupertport.com\/fr\/marais-a-maree\/#breadcrumb","itemListElement":[{"@type":"ListItem","position":1,"name":"Home","item":"https:\/\/www.rupertport.com\/fr\/page-de-garde\/"},{"@type":"ListItem","position":2,"name":"Marais \u00e0 mar\u00e9e"}]},{"@type":"WebSite","@id":"https:\/\/www.rupertport.com\/fr\/#website","url":"https:\/\/www.rupertport.com\/fr\/","name":"Prince Rupert Port Authority","description":"L'avant-garde du Canada","publisher":{"@id":"https:\/\/www.rupertport.com\/fr\/#organization"},"alternateName":"PRPA","potentialAction":[{"@type":"SearchAction","target":{"@type":"EntryPoint","urlTemplate":"https:\/\/www.rupertport.com\/fr\/?s={search_term_string}"},"query-input":{"@type":"PropertyValueSpecification","valueRequired":true,"valueName":"search_term_string"}}],"inLanguage":"fr-FR"},{"@type":"Organization","@id":"https:\/\/www.rupertport.com\/fr\/#organization","name":"Prince Rupert Port Authority","alternateName":"PRPA","url":"https:\/\/www.rupertport.com\/fr\/","logo":{"@type":"ImageObject","inLanguage":"fr-FR","@id":"https:\/\/www.rupertport.com\/fr\/#\/schema\/logo\/image\/","url":"https:\/\/www.rupertport.com\/wp-content\/uploads\/2021\/04\/cropped-PRPA-logo-meta-1200x1200-1.jpg","contentUrl":"https:\/\/www.rupertport.com\/wp-content\/uploads\/2021\/04\/cropped-PRPA-logo-meta-1200x1200-1.jpg","width":512,"height":512,"caption":"Prince Rupert Port Authority"},"image":{"@id":"https:\/\/www.rupertport.com\/fr\/#\/schema\/logo\/image\/"},"sameAs":["https:\/\/www.facebook.com\/rupertport\/","https:\/\/x.com\/rupertport"]}]}},"_links":{"self":[{"href":"https:\/\/www.rupertport.com\/fr\/wp-json\/wp\/v2\/pages\/13762","targetHints":{"allow":["GET"]}}],"collection":[{"href":"https:\/\/www.rupertport.com\/fr\/wp-json\/wp\/v2\/pages"}],"about":[{"href":"https:\/\/www.rupertport.com\/fr\/wp-json\/wp\/v2\/types\/page"}],"author":[{"embeddable":true,"href":"https:\/\/www.rupertport.com\/fr\/wp-json\/wp\/v2\/users\/7"}],"replies":[{"embeddable":true,"href":"https:\/\/www.rupertport.com\/fr\/wp-json\/wp\/v2\/comments?post=13762"}],"version-history":[{"count":0,"href":"https:\/\/www.rupertport.com\/fr\/wp-json\/wp\/v2\/pages\/13762\/revisions"}],"wp:featuredmedia":[{"embeddable":true,"href":"https:\/\/www.rupertport.com\/fr\/wp-json\/wp\/v2\/media\/12312"}],"wp:attachment":[{"href":"https:\/\/www.rupertport.com\/fr\/wp-json\/wp\/v2\/media?parent=13762"}],"curies":[{"name":"wp","href":"https:\/\/api.w.org\/{rel}","templated":true}]}}